{"id":8702,"date":"2019-07-26T16:15:59","date_gmt":"2019-07-26T14:15:59","guid":{"rendered":"https:\/\/barcelonatours.net\/product\/barcelona-party-bus"},"modified":"2026-02-13T11:07:03","modified_gmt":"2026-02-13T10:07:03","slug":"disco-bus","status":"publish","type":"product","link":"https:\/\/barcelonatours.net\/es\/actividades\/disco-bus","title":{"rendered":"Barcelona Party Bus: Celebraci\u00f3n en Movimiento para Grupos"},"content":{"rendered":"<div class=\"wpb-content-wrapper\">[vc_row][vc_column][vc_column_text css=\u00bb\u00bb]<span style=\"font-weight: 400;\">El servicio de <\/span><b>Disco Bus de Barcelona<\/b><span style=\"font-weight: 400;\"> ofrece una soluci\u00f3n de <\/span><a href=\"https:\/\/barcelonatours.net\/es\/excursiones\/tour-privado-con-transporte\"><span style=\"font-weight: 400;\">transporte privado<\/span><\/a><span style=\"font-weight: 400;\"> dise\u00f1ada para grupos grandes, con una capacidad m\u00e1xima de <\/span><b>80 pasajeros por unidad<\/b><span style=\"font-weight: 400;\"> (disponiendo de dos unidades para un total de 160).<\/span>\n<p><span style=\"font-weight: 400;\">La experiencia transforma el desplazamiento en una actividad social y panor\u00e1mica: el interior del autob\u00fas est\u00e1 equipado con una <\/span><b>barra y un camarero<\/b><span style=\"font-weight: 400;\"> profesional para el servicio de bebidas y c\u00f3cteles, junto con un sistema de sonido personalizable y espacio habilitado para el baile. El recorrido permite disfrutar de las vistas de la ciudad, con la posibilidad de solicitar paradas breves para tomar fotograf\u00edas.<\/span><\/p>\n<p><span style=\"font-weight: 400;\">Este autob\u00fas se alquila por tramos de <\/span><b>1 o 2 horas<\/b><span style=\"font-weight: 400;\">, y es una opci\u00f3n habitual para grupos privados, celebraciones, una experiencia de <a href=\"https:\/\/barcelonatours.net\/es\/team-building-en-barcelona\">team building<\/a> o para la log\u00edstica de eventos corporativos en horarios de tarde o noche.<\/span><\/p>\n<p><span style=\"font-weight: 400;\">Desde la comodidad y el ambiente festivo del Disco Bus, el grupo puede iniciar un recorrido panor\u00e1mico inigualable por el coraz\u00f3n arquitect\u00f3nico de Barcelona.<\/span><\/p>\n<p><span style=\"font-weight: 400;\">La ruta puede deslizarse majestuosamente por el <\/span><b>Passeig de Gr\u00e0cia<\/b><span style=\"font-weight: 400;\">, la amplia arteria comercial, donde las ventanas del autob\u00fas permiten admirar, sin las aglomeraciones del peat\u00f3n, las emblem\u00e1ticas obras de <\/span><a href=\"https:\/\/docs.google.com\/document\/u\/0\/d\/1-14I9HmJdEYVANF4B5EyZKHPrGTKGxGNh1O_HR7K3Lc\/edit\"><b>Antoni Gaud\u00ed<\/b><\/a><span style=\"font-weight: 400;\">: la sinuosa fachada de piedra de <\/span><b>La Pedrera<\/b><span style=\"font-weight: 400;\"> y la fantas\u00eda inspirada en un drag\u00f3n de la <\/span><b>Casa Batll\u00f3<\/b><span style=\"font-weight: 400;\">. Al mismo tiempo, el recorrido ofrece una apreciaci\u00f3n \u00fanica de la apasionante <\/span><b>arquitectura del siglo XX<\/b><span style=\"font-weight: 400;\"> que define el Eixample.<\/span><\/p>\n<p><span style=\"font-weight: 400;\">El viaje puede ascender luego para contemplar la silueta imponente y la asombrosa creaci\u00f3n inacabada de Gaud\u00ed, la <\/span><b>Bas\u00edlica de la Sagrada Familia<\/b><span style=\"font-weight: 400;\">, disfrutando de una vista completa desde la calidez de su asiento. Para una perspectiva total del <\/span><i><span style=\"font-weight: 400;\">skyline<\/span><\/i><span style=\"font-weight: 400;\"> de Barcelona, se sugiere un <\/span><b>tour por Montju\u00efc<\/b><span style=\"font-weight: 400;\">, la colina junto al mar, donde se encuentran el hermoso <\/span><b>Museo Nacional de Arte de Catalu\u00f1a (MNAC)<\/b><span style=\"font-weight: 400;\"> y encantadoras fuentes, ideales para capturar fotograf\u00edas de equipo.<\/span><\/p>\n<p><span style=\"font-weight: 400;\">En cuanto a la log\u00edstica, la opci\u00f3n cl\u00e1sica y conveniente es que el Party Bus les recoja directamente en su alojamiento, disfruten de las vistas con unas copas y m\u00fasica, y les deje en la puerta del restaurante elegido para la cena.<\/span>[\/vc_column_text][\/vc_column][\/vc_row][vc_row][vc_column][vc_column_text css=\u00bb\u00bb]\n<h2><strong class=\"Yjhzub\" data-complete=\"true\" aria-owns=\"action-menu-parent-container\">Bus Premium para eventos en grupo <\/strong>\ud83d\ude8c<\/h2>\n<\/p><p><!--more--><\/p>\n<table class=\"table table-bordered tours-tabs__table\" style=\"width: 98.6374%; height: 162px;\" width=\"99.2947%\">\n<tbody>\n<tr style=\"height: 24px;\">\n<td style=\"width: 21.0088%; height: 24px;\"><strong>PRECIO<\/strong><\/td>\n<td style=\"width: 78.0108%; height: 24px;\"><i class=\"fa fa-check icon-tick icon-tick--on\"><\/i><span style=\"font-weight: 400;\">32 \u20ac por persona<\/span><\/td>\n<\/tr>\n<tr style=\"height: 24px;\">\n<td style=\"width: 21.0088%; height: 24px;\"><strong>UBICACI\u00d3N<\/strong><\/td>\n<td style=\"width: 78.0108%; height: 24px;\"><i class=\"fa fa-check icon-tick icon-tick--on\"><\/i>el party bus! \ud83d\ude09<\/td>\n<\/tr>\n<tr style=\"height: 80px;\">\n<td style=\"width: 21.0088%; height: 80px;\"><strong>INCLUYE<\/strong><\/td>\n<td style=\"width: 78.0108%; height: 80px;\"><i class=\"fa fa-check icon-tick icon-tick--on\"><\/i><span style=\"font-weight: 400;\">Tour de una hora<\/span>\n<i class=\"fa fa-check icon-tick icon-tick--on\"><\/i><span style=\"font-weight: 400;\">Copa de cava<\/span><\/td>\n<\/tr>\n<tr style=\"height: 24px;\">\n<td style=\"width: 21.0088%; height: 24px;\"><strong><b>N\u00ba\u00a0 DE PERSONAS<\/b><\/strong><\/td>\n<td style=\"width: 78.0108%; height: 24px;\"><i class=\"fa fa-check icon-tick icon-tick--on\"><\/i> <a href=\"https:\/\/barcelonatours.net\/es\/contacto\">Cont\u00e1ctanos<\/a> y cu\u00e9ntanos cu\u00e1ntos sois<\/td>\n<\/tr>\n<tr style=\"height: 82px;\">\n<td style=\"width: 21.0088%; height: 10px;\"><b>BENEFICIOS<\/b><\/td>\n<td style=\"width: 78.0108%; height: 10px;\">1\ufe0f\u20e3 <b>Log\u00edstica Sin Estr\u00e9s:<\/b><span style=\"font-weight: 400;\"> Transporte privado directo que simplifica la log\u00edstica de recogida y entrega para grupos grandes.<\/span>\n<p>2\ufe0f\u20e3 <b>Fiesta y Tour M\u00f3vil:<\/b><span style=\"font-weight: 400;\"> Combina un recorrido panor\u00e1mico por la ciudad con barra, m\u00fasica y espacio para bailar a bordo.<\/span><\/p>\n<p>3\ufe0f\u20e3 <b>Vistas Panor\u00e1micas Exclusivas:<\/b><span style=\"font-weight: 400;\"> Disfruta de los monumentos ic\u00f3nicos (Gaud\u00ed, Montju\u00efc) desde la comodidad de un espacio privado.<\/span><\/p>\n<p><b>4\ufe0f\u20e3Entorno de networking informal:<\/b>Un ambiente relajado que rompe las jerarqu\u00edas y fomenta la cohesi\u00f3n natural del equipo fuera de la oficina.<\/p><\/td>\n<\/tr>\n<\/tbody>\n<\/table>\n[\/vc_column_text][\/vc_column][\/vc_row][vc_row][vc_column][vc_column_text css=\u00bb\u00bb]\n<h2>\u2753C\u00d3MO FUNCIONA Y PREGUNTAS FRECUENTES<\/h2>\n<p><!--more--><\/p>\n<table class=\"table table-bordered tours-tabs__table\" style=\"width: 98.6374%; height: 138px;\" width=\"99.2947%\">\n<tbody>\n<tr style=\"height: 82px;\">\n<td style=\"width: 21.0088%; height: 10px;\"><b>C\u00d3MO FUNCIONA<\/b><\/td>\n<td style=\"width: 78.0108%; height: 24px;\">1\ufe0f\u20e3 Despu\u00e9s de recibir tu consulta, te enviaremos una propuesta con las mejores soluciones para tu evento y m\u00e1s ideas a considerar.\n<p>2\ufe0f\u20e3 T\u00fa eliges la mejor solucion y responderemos a todas tus preguntas por correo electr\u00f3nico (o tel\u00e9fono) hasta que est\u00e9s completamente satisfecho y listo para reservar.<\/p>\n<p>3\ufe0f\u20e3 Una vez establecidos todos los detalles, te facilitaremos el presupuesto final y solo solicitaremos un dep\u00f3sito del 20% para asegurar la fecha de tu evento.<\/p><\/td>\n<\/tr>\n<tr>\n<td style=\"width: 21.0088%;\"><b>COMMON FAQ<\/b><\/td>\n<td style=\"width: 78.0108%;\">1\ufe0f\u20e3 <strong>Condiciones de pago:<\/strong>\u00a0Para confirmar el evento, necesitamos un dep\u00f3sito del 20% y el importe total una semana antes. Puedes pagar mediante transferencia bancaria o con tarjeta de d\u00e9bito\/cr\u00e9dito a trav\u00e9s de un enlace de pago.\n<p>2\ufe0f\u20e3 <strong>N\u00fameros finales:<\/strong>\u00a0tienes la libertad de ajustar el n\u00famero de participantes para el evento hasta una semana antes, y no habr\u00e1 penalizaciones ni cargos adicionales. Sin embargo, hay que tener en cuenta que algunas actividades pueden tener precios variables seg\u00fan el tama\u00f1o del grupo.<span style=\"font-weight: 400;\"><br \/>\n<\/span><\/p>\n<p>3\ufe0f\u20e3 <strong>Itinerario final:<\/strong>\u00a0una semana antes del evento, recibir\u00e1s un resumen detallado con toda la informaci\u00f3n \u00fatil.<\/p><\/td>\n<\/tr>\n<\/tbody>\n<\/table>\n[\/vc_column_text][\/vc_column][\/vc_row][vc_row][vc_column][vc_column_text css=\u00bb\u00bb]<em><span style=\"font-size: 18pt;\"><strong>\u23ed\ufe0f \u00bfPasamos ya a la siguiente fase?<\/strong><\/span><\/em>\n<p>&nbsp;<\/p>\n<p style=\"text-align: left;\"><em><span style=\"font-size: 14pt;\"><strong>Pide un presupuesto r\u00e1pido:\u00a0 \u00a0<\/strong><\/span><\/em><\/p>\n<ul>\n<li style=\"text-align: left;\"><em><span style=\"font-size: 14pt;\"><strong>Email <a href=\"mailto:info@barcelonatours.net\" data-cke-saved-href=\"mailto:enquiry@barcelonatours.net\">info@barcelonatours.net<\/a>\u00a0\u00a0<\/strong><\/span><\/em><\/li>\n<li><em><span style=\"font-size: 14pt;\"><strong>Tel\/W&#8217;App\u00a0 <a href=\"tel: +34658768333\">+34 658 768 333<\/a><\/strong><\/span><\/em><\/li>\n<\/ul>\n<p>&nbsp;<\/p>\n<p style=\"text-align: left;\"><em><span style=\"font-size: 14pt;\"><strong>Clientes satisfechos, lo que dicen de nosotros:\u00a0 \u2b50\ufe0f\u2b50\ufe0f\u2b50\ufe0f\u2b50\ufe0f\u2b50\ufe0f <a href=\"https:\/\/www.google.com\/maps\/place\/BarcelonaTours.net\/@41.406933,2.1567085,17z\/data=!3m1!5s0x12a4a2e9f0c7847d:0xe1ddc3cf1f5a665f!4m8!3m7!1s0x12a4a2a5c1e2257d:0xcab7dbbfc67e084a!8m2!3d41.406933!4d2.1567085!9m1!1b1!16s%2Fg%2F12lk5ddc3?hl=en-US&amp;entry=ttu&amp;g_ep=EgoyMDI1MDExNS4wIKXMDSoASAFQAw%3D%3D\">Google reviews<\/a><\/strong><\/span><\/em><\/p>\n<p style=\"text-align: left;\"><em><span style=\"font-size: 14pt;\"><strong>Alg\u00fan reportaje de los eventos hechos:<\/strong><\/span><\/em><span style=\"box-sizing: border-box; margin: 0px; padding: 0px;\"><em><strong><span style=\"font-size: 14pt;\"> <a href=\"https:\/\/www.linkedin.com\/company\/1708408\/admin\/page-posts\/published\/\">publicaciones en LinkedIn<\/a><\/span><\/strong><\/em><\/span><\/p>\n[\/vc_column_text][\/vc_column][\/vc_row]\n<\/div>","protected":false},"excerpt":{"rendered":"<p>A one-hour Party Bus tour is a great way to see the sights of Barcelona in a lively atmosphere.<\/p>\n","protected":false},"featured_media":4805,"comment_status":"closed","ping_status":"closed","template":"","meta":{"footnotes":""},"product_brand":[],"product_cat":[3462,3463,3766],"product_tag":[],"class_list":{"0":"post-8702","1":"product","2":"type-product","3":"status-publish","4":"has-post-thumbnail","6":"product_cat-night-activities-es","7":"product_cat-team-building-es","8":"product_cat-transport-es","9":"tour_category-activities-es","10":"tour_category-night-activity-es","11":"tour_category-team-building-en-barcelona","12":"tour_category-transport-es","14":"first","15":"instock","16":"virtual","17":"taxable","18":"purchasable","19":"product-type-tour"},"yoast_head":"<!-- This site is optimized with the Yoast SEO plugin v27.4 - https:\/\/yoast.com\/product\/yoast-seo-wordpress\/ -->\n<title>Barcelona Party Bus: evento privado sobre ruedas para grupos - BarcelonaTours.net<\/title>\n<meta name=\"description\" content=\"\u00a1Haz un recorrido por Barcelona en el Party Bus! A tu grupo le encantar\u00e1 el ambiente que se respira a bordo y las vistas que podr\u00e1n contemplar.\" \/>\n<meta name=\"robots\" content=\"index, follow, max-snippet:-1, max-image-preview:large, max-video-preview:-1\" \/>\n<link rel=\"canonical\" href=\"https:\/\/barcelonatours.net\/es\/actividades\/disco-bus\" \/>\n<meta property=\"og:locale\" content=\"es_ES\" \/>\n<meta property=\"og:type\" content=\"article\" \/>\n<meta property=\"og:title\" content=\"Barcelona Party Bus: evento privado sobre ruedas para grupos - BarcelonaTours.net\" \/>\n<meta property=\"og:description\" content=\"\u00a1Haz un recorrido por Barcelona en el Party Bus! A tu grupo le encantar\u00e1 el ambiente que se respira a bordo y las vistas que podr\u00e1n contemplar.\" \/>\n<meta property=\"og:url\" content=\"https:\/\/barcelonatours.net\/es\/actividades\/disco-bus\" \/>\n<meta property=\"og:site_name\" content=\"BarcelonaTours.net\" \/>\n<meta property=\"article:publisher\" content=\"https:\/\/www.facebook.com\/BarcelonaTours.net\/\" \/>\n<meta property=\"article:modified_time\" content=\"2026-02-13T10:07:03+00:00\" \/>\n<meta property=\"og:image\" content=\"https:\/\/barcelonatours.net\/wp-content\/uploads\/2019\/07\/party-bus-1.jpg\" \/>\n\t<meta property=\"og:image:width\" content=\"2048\" \/>\n\t<meta property=\"og:image:height\" content=\"1044\" \/>\n\t<meta property=\"og:image:type\" content=\"image\/jpeg\" \/>\n<meta name=\"twitter:card\" content=\"summary_large_image\" \/>\n<meta name=\"twitter:site\" content=\"@BarcelonaTours1\" \/>\n<meta name=\"twitter:label1\" content=\"Tiempo de lectura\" \/>\n\t<meta name=\"twitter:data1\" content=\"5 minutos\" \/>\n<script type=\"application\/ld+json\" class=\"yoast-schema-graph\">{\"@context\":\"https:\\\/\\\/schema.org\",\"@graph\":[{\"@type\":\"WebPage\",\"@id\":\"https:\\\/\\\/barcelonatours.net\\\/es\\\/actividades\\\/disco-bus\",\"url\":\"https:\\\/\\\/barcelonatours.net\\\/es\\\/actividades\\\/disco-bus\",\"name\":\"Barcelona Party Bus: evento privado sobre ruedas para grupos - BarcelonaTours.net\",\"isPartOf\":{\"@id\":\"https:\\\/\\\/barcelonatours.net\\\/es#website\"},\"primaryImageOfPage\":{\"@id\":\"https:\\\/\\\/barcelonatours.net\\\/es\\\/actividades\\\/disco-bus#primaryimage\"},\"image\":{\"@id\":\"https:\\\/\\\/barcelonatours.net\\\/es\\\/actividades\\\/disco-bus#primaryimage\"},\"thumbnailUrl\":\"https:\\\/\\\/barcelonatours.net\\\/wp-content\\\/uploads\\\/2019\\\/07\\\/party-bus-1.jpg\",\"datePublished\":\"2019-07-26T14:15:59+00:00\",\"dateModified\":\"2026-02-13T10:07:03+00:00\",\"description\":\"\u00a1Haz un recorrido por Barcelona en el Party Bus! A tu grupo le encantar\u00e1 el ambiente que se respira a bordo y las vistas que podr\u00e1n contemplar.\",\"breadcrumb\":{\"@id\":\"https:\\\/\\\/barcelonatours.net\\\/es\\\/actividades\\\/disco-bus#breadcrumb\"},\"inLanguage\":\"es\",\"potentialAction\":[{\"@type\":\"ReadAction\",\"target\":[\"https:\\\/\\\/barcelonatours.net\\\/es\\\/actividades\\\/disco-bus\"]}]},{\"@type\":\"ImageObject\",\"inLanguage\":\"es\",\"@id\":\"https:\\\/\\\/barcelonatours.net\\\/es\\\/actividades\\\/disco-bus#primaryimage\",\"url\":\"https:\\\/\\\/barcelonatours.net\\\/wp-content\\\/uploads\\\/2019\\\/07\\\/party-bus-1.jpg\",\"contentUrl\":\"https:\\\/\\\/barcelonatours.net\\\/wp-content\\\/uploads\\\/2019\\\/07\\\/party-bus-1.jpg\",\"width\":2048,\"height\":1044},{\"@type\":\"BreadcrumbList\",\"@id\":\"https:\\\/\\\/barcelonatours.net\\\/es\\\/actividades\\\/disco-bus#breadcrumb\",\"itemListElement\":[{\"@type\":\"ListItem\",\"position\":1,\"name\":\"Home\",\"item\":\"https:\\\/\\\/barcelonatours.net\\\/es\"},{\"@type\":\"ListItem\",\"position\":2,\"name\":\"Shop\",\"item\":\"https:\\\/\\\/barcelonatours.net\\\/shop\"},{\"@type\":\"ListItem\",\"position\":3,\"name\":\"Barcelona Party Bus: Celebraci\u00f3n en Movimiento para Grupos\"}]},{\"@type\":\"WebSite\",\"@id\":\"https:\\\/\\\/barcelonatours.net\\\/es#website\",\"url\":\"https:\\\/\\\/barcelonatours.net\\\/es\",\"name\":\"BarcelonaTours.net\",\"description\":\"The best tours and team building activities of Barcelona\",\"publisher\":{\"@id\":\"https:\\\/\\\/barcelonatours.net\\\/es#organization\"},\"alternateName\":\"Corporate event agency based in Barcelona\",\"potentialAction\":[{\"@type\":\"SearchAction\",\"target\":{\"@type\":\"EntryPoint\",\"urlTemplate\":\"https:\\\/\\\/barcelonatours.net\\\/es?s={search_term_string}\"},\"query-input\":{\"@type\":\"PropertyValueSpecification\",\"valueRequired\":true,\"valueName\":\"search_term_string\"}}],\"inLanguage\":\"es\"},{\"@type\":\"Organization\",\"@id\":\"https:\\\/\\\/barcelonatours.net\\\/es#organization\",\"name\":\"Barcelona Tours\",\"url\":\"https:\\\/\\\/barcelonatours.net\\\/es\",\"logo\":{\"@type\":\"ImageObject\",\"inLanguage\":\"es\",\"@id\":\"https:\\\/\\\/barcelonatours.net\\\/es#\\\/schema\\\/logo\\\/image\\\/\",\"url\":\"https:\\\/\\\/barcelonatours.net\\\/wp-content\\\/uploads\\\/2019\\\/04\\\/bcn_tours_logo-e1556215659835.png\",\"contentUrl\":\"https:\\\/\\\/barcelonatours.net\\\/wp-content\\\/uploads\\\/2019\\\/04\\\/bcn_tours_logo-e1556215659835.png\",\"width\":250,\"height\":89,\"caption\":\"Barcelona Tours\"},\"image\":{\"@id\":\"https:\\\/\\\/barcelonatours.net\\\/es#\\\/schema\\\/logo\\\/image\\\/\"},\"sameAs\":[\"https:\\\/\\\/www.facebook.com\\\/BarcelonaTours.net\\\/\",\"https:\\\/\\\/x.com\\\/BarcelonaTours1\",\"https:\\\/\\\/www.instagram.com\\\/barcelonatours\\\/\"]}]}<\/script>\n<!-- \/ Yoast SEO plugin. -->","yoast_head_json":{"title":"Barcelona Party Bus: evento privado sobre ruedas para grupos - BarcelonaTours.net","description":"\u00a1Haz un recorrido por Barcelona en el Party Bus! A tu grupo le encantar\u00e1 el ambiente que se respira a bordo y las vistas que podr\u00e1n contemplar.","robots":{"index":"index","follow":"follow","max-snippet":"max-snippet:-1","max-image-preview":"max-image-preview:large","max-video-preview":"max-video-preview:-1"},"canonical":"https:\/\/barcelonatours.net\/es\/actividades\/disco-bus","og_locale":"es_ES","og_type":"article","og_title":"Barcelona Party Bus: evento privado sobre ruedas para grupos - BarcelonaTours.net","og_description":"\u00a1Haz un recorrido por Barcelona en el Party Bus! A tu grupo le encantar\u00e1 el ambiente que se respira a bordo y las vistas que podr\u00e1n contemplar.","og_url":"https:\/\/barcelonatours.net\/es\/actividades\/disco-bus","og_site_name":"BarcelonaTours.net","article_publisher":"https:\/\/www.facebook.com\/BarcelonaTours.net\/","article_modified_time":"2026-02-13T10:07:03+00:00","og_image":[{"width":2048,"height":1044,"url":"https:\/\/barcelonatours.net\/wp-content\/uploads\/2019\/07\/party-bus-1.jpg","type":"image\/jpeg"}],"twitter_card":"summary_large_image","twitter_site":"@BarcelonaTours1","twitter_misc":{"Tiempo de lectura":"5 minutos"},"schema":{"@context":"https:\/\/schema.org","@graph":[{"@type":"WebPage","@id":"https:\/\/barcelonatours.net\/es\/actividades\/disco-bus","url":"https:\/\/barcelonatours.net\/es\/actividades\/disco-bus","name":"Barcelona Party Bus: evento privado sobre ruedas para grupos - BarcelonaTours.net","isPartOf":{"@id":"https:\/\/barcelonatours.net\/es#website"},"primaryImageOfPage":{"@id":"https:\/\/barcelonatours.net\/es\/actividades\/disco-bus#primaryimage"},"image":{"@id":"https:\/\/barcelonatours.net\/es\/actividades\/disco-bus#primaryimage"},"thumbnailUrl":"https:\/\/barcelonatours.net\/wp-content\/uploads\/2019\/07\/party-bus-1.jpg","datePublished":"2019-07-26T14:15:59+00:00","dateModified":"2026-02-13T10:07:03+00:00","description":"\u00a1Haz un recorrido por Barcelona en el Party Bus! A tu grupo le encantar\u00e1 el ambiente que se respira a bordo y las vistas que podr\u00e1n contemplar.","breadcrumb":{"@id":"https:\/\/barcelonatours.net\/es\/actividades\/disco-bus#breadcrumb"},"inLanguage":"es","potentialAction":[{"@type":"ReadAction","target":["https:\/\/barcelonatours.net\/es\/actividades\/disco-bus"]}]},{"@type":"ImageObject","inLanguage":"es","@id":"https:\/\/barcelonatours.net\/es\/actividades\/disco-bus#primaryimage","url":"https:\/\/barcelonatours.net\/wp-content\/uploads\/2019\/07\/party-bus-1.jpg","contentUrl":"https:\/\/barcelonatours.net\/wp-content\/uploads\/2019\/07\/party-bus-1.jpg","width":2048,"height":1044},{"@type":"BreadcrumbList","@id":"https:\/\/barcelonatours.net\/es\/actividades\/disco-bus#breadcrumb","itemListElement":[{"@type":"ListItem","position":1,"name":"Home","item":"https:\/\/barcelonatours.net\/es"},{"@type":"ListItem","position":2,"name":"Shop","item":"https:\/\/barcelonatours.net\/shop"},{"@type":"ListItem","position":3,"name":"Barcelona Party Bus: Celebraci\u00f3n en Movimiento para Grupos"}]},{"@type":"WebSite","@id":"https:\/\/barcelonatours.net\/es#website","url":"https:\/\/barcelonatours.net\/es","name":"BarcelonaTours.net","description":"The best tours and team building activities of Barcelona","publisher":{"@id":"https:\/\/barcelonatours.net\/es#organization"},"alternateName":"Corporate event agency based in Barcelona","potentialAction":[{"@type":"SearchAction","target":{"@type":"EntryPoint","urlTemplate":"https:\/\/barcelonatours.net\/es?s={search_term_string}"},"query-input":{"@type":"PropertyValueSpecification","valueRequired":true,"valueName":"search_term_string"}}],"inLanguage":"es"},{"@type":"Organization","@id":"https:\/\/barcelonatours.net\/es#organization","name":"Barcelona Tours","url":"https:\/\/barcelonatours.net\/es","logo":{"@type":"ImageObject","inLanguage":"es","@id":"https:\/\/barcelonatours.net\/es#\/schema\/logo\/image\/","url":"https:\/\/barcelonatours.net\/wp-content\/uploads\/2019\/04\/bcn_tours_logo-e1556215659835.png","contentUrl":"https:\/\/barcelonatours.net\/wp-content\/uploads\/2019\/04\/bcn_tours_logo-e1556215659835.png","width":250,"height":89,"caption":"Barcelona Tours"},"image":{"@id":"https:\/\/barcelonatours.net\/es#\/schema\/logo\/image\/"},"sameAs":["https:\/\/www.facebook.com\/BarcelonaTours.net\/","https:\/\/x.com\/BarcelonaTours1","https:\/\/www.instagram.com\/barcelonatours\/"]}]}},"_links":{"self":[{"href":"https:\/\/barcelonatours.net\/es\/wp-json\/wp\/v2\/product\/8702","targetHints":{"allow":["GET"]}}],"collection":[{"href":"https:\/\/barcelonatours.net\/es\/wp-json\/wp\/v2\/product"}],"about":[{"href":"https:\/\/barcelonatours.net\/es\/wp-json\/wp\/v2\/types\/product"}],"replies":[{"embeddable":true,"href":"https:\/\/barcelonatours.net\/es\/wp-json\/wp\/v2\/comments?post=8702"}],"version-history":[{"count":2,"href":"https:\/\/barcelonatours.net\/es\/wp-json\/wp\/v2\/product\/8702\/revisions"}],"predecessor-version":[{"id":15959,"href":"https:\/\/barcelonatours.net\/es\/wp-json\/wp\/v2\/product\/8702\/revisions\/15959"}],"wp:featuredmedia":[{"embeddable":true,"href":"https:\/\/barcelonatours.net\/es\/wp-json\/wp\/v2\/media\/4805"}],"wp:attachment":[{"href":"https:\/\/barcelonatours.net\/es\/wp-json\/wp\/v2\/media?parent=8702"}],"wp:term":[{"taxonomy":"product_brand","embeddable":true,"href":"https:\/\/barcelonatours.net\/es\/wp-json\/wp\/v2\/product_brand?post=8702"},{"taxonomy":"product_cat","embeddable":true,"href":"https:\/\/barcelonatours.net\/es\/wp-json\/wp\/v2\/product_cat?post=8702"},{"taxonomy":"product_tag","embeddable":true,"href":"https:\/\/barcelonatours.net\/es\/wp-json\/wp\/v2\/product_tag?post=8702"}],"curies":[{"name":"wp","href":"https:\/\/api.w.org\/{rel}","templated":true}]}}