{"id":8566,"date":"2019-07-18T15:25:27","date_gmt":"2019-07-18T13:25:27","guid":{"rendered":"https:\/\/barcelonatours.net\/product\/costa-brava-tour"},"modified":"2026-03-06T15:51:02","modified_gmt":"2026-03-06T14:51:02","slug":"costa-brava-tour","status":"publish","type":"product","link":"https:\/\/barcelonatours.net\/es\/excursiones\/costa-brava-tour","title":{"rendered":"Excursi\u00f3n en kayak para grupos en Tossa de Mar, Costa Brava"},"content":{"rendered":"<div class=\"wpb-content-wrapper\">[vc_row][vc_column][vc_column_text css=\u00bb\u00bb]<span style=\"font-weight: 400;\">Esta excursi\u00f3n de d\u00eda completo comienza con un viaje desde Barcelona hacia la <\/span><b>impresionante y escarpada costa de la Costa Brava<\/b><span style=\"font-weight: 400;\">, una regi\u00f3n cuyo nombre describe acertadamente su belleza \u00absalvaje\u00bb. El d\u00eda est\u00e1 dise\u00f1ado para explorar a fondo esta zona \u00fanica, combinando actividades acu\u00e1ticas con el descubrimiento cultural.<\/span>\n<h3><b>La Experiencia del D\u00eda<\/b><\/h3>\n<p><span style=\"font-weight: 400;\">La experiencia implica sumergirse en el paisaje natural, descubriendo playas v\u00edrgenes, acantilados imponentes y <\/span><b>calas escondidas accesibles solo desde el agua.<\/b><\/p>\n<ul>\n<li style=\"font-weight: 400;\" aria-level=\"1\"><b>Exploraci\u00f3n en Kayak:<\/b><span style=\"font-weight: 400;\"> Los participantes reman a lo largo de la costa, navegando cerca de formaciones rocosas accidentadas y llegando a lugares aislados. La actividad ofrece una perspectiva cercana del mar y la geolog\u00eda costera.<\/span><\/li>\n<li style=\"font-weight: 400;\" aria-level=\"1\"><b>Inmersi\u00f3n de Esn\u00f3rquel (Snorkeling):<\/b><span style=\"font-weight: 400;\"> Un segmento del d\u00eda est\u00e1 dedicado al esn\u00f3rquel en las <\/span><b>aguas tranquilas y cristalinas<\/b><span style=\"font-weight: 400;\">, lo que permite la observaci\u00f3n de la vida marina local, los peces y los entornos de fondos marinos rocosos.<\/span><\/li>\n<\/ul>\n<h3><b>Elemento Cultural en Tossa de Mar<\/b><\/h3>\n<p><span style=\"font-weight: 400;\">Despu\u00e9s de las actividades acu\u00e1ticas, el enfoque cambia hacia la cultura local:<\/span><\/p>\n<ul>\n<li style=\"font-weight: 400;\" aria-level=\"1\"><b>Almuerzo Tradicional:<\/b><span style=\"font-weight: 400;\"> Se hace una pausa para un almuerzo tradicional en un <\/span><a href=\"https:\/\/barcelonatours.net\/es\/team-building-en-barcelona\/restaurantes-para-grupos\"><span style=\"font-weight: 400;\">restaurante<\/span><\/a><span style=\"font-weight: 400;\"> local.<\/span><\/li>\n<li style=\"font-weight: 400;\" aria-level=\"1\"><b>Recorrido por el Casco Antiguo:<\/b><span style=\"font-weight: 400;\"> A esto le sigue un recorrido privado por el casco antiguo de <\/span><b>Tossa de Mar<\/b><span style=\"font-weight: 400;\">, que cuenta con una estructura medieval fortificada. Esta parte del d\u00eda conecta el elemento de aventura con una exploraci\u00f3n de la historia y arquitectura local.<\/span><\/li>\n<\/ul>\n<p><span style=\"font-weight: 400;\">La jornada es facilitada por un equipo experimentado que gu\u00eda al grupo a trav\u00e9s de lugares \u00fanicos fuera de las rutas tur\u00edsticas est\u00e1ndar, proporcionando una experiencia al aire libre de exploraci\u00f3n, nataci\u00f3n y descubrimiento.<\/span><\/p>\n<p><span style=\"font-weight: 400;\">Tambi\u00e9n ofrecemos<\/span><span style=\"font-weight: 400;\">\u00a0<\/span><a href=\"https:\/\/barcelonatours.net\/es\/alquilar-velero\">yacht charters <\/a>y\u00a0<a href=\"https:\/\/barcelonatours.net\/es\/salida-barco\/catamaran-tour\"> alquiler de catamaranes privados <\/a><span style=\"font-weight: 400;\">desde Barcelona a los lugares que elijas.\u00a0<\/span><a href=\"https:\/\/barcelonatours.net\/private-tours\/\">Ver m\u00e1s Tours privados de un d\u00eda en Barcelona.<\/a>[\/vc_column_text][\/vc_column][\/vc_row][vc_row][vc_column][vc_column_text css=\u00bb\u00bb]\n<h2>\ud83d\udea3\ud83c\udffd\u200d\u2642\ufe0f Una emocionante experiencia en grupo a lo largo de una de las costas m\u00e1s impresionantes de Espa\u00f1a\u00a0\u2600\ufe0f<\/h2>\n<table class=\"table table-bordered tours-tabs__table\" style=\"width: 98.6374%; height: 162px;\" width=\"99.2947%\">\n<tbody>\n<tr style=\"height: 24px;\">\n<td style=\"width: 21.0088%; height: 24px;\"><strong>PRECIO<\/strong><\/td>\n<td style=\"width: 78.0108%; height: 24px;\"><i class=\"fa fa-check icon-tick icon-tick--on\"><\/i> <span style=\"font-weight: 400;\">Desde<b>\u00a085 euros <\/b><\/span><\/td>\n<\/tr>\n<tr style=\"height: 24px;\">\n<td style=\"width: 21.0088%; height: 24px;\"><strong>UBICACI\u00d3N<\/strong><\/td>\n<td style=\"width: 78.0108%; height: 24px;\"><i class=\"fa fa-check icon-tick icon-tick--on\"><\/i> <span style=\"font-weight: 400;\">Tossa de Mar<\/span><\/td>\n<\/tr>\n<tr style=\"height: 80px;\">\n<td style=\"width: 21.0088%; height: 80px;\"><strong>INCLUYE<\/strong><\/td>\n<td style=\"width: 78.0108%; height: 80px;\"><i class=\"fa fa-check icon-tick icon-tick--on\"><\/i> <span style=\"font-weight: 400;\">Excursi\u00f3n de ida y vuelta de <\/span><b>8 horas<\/b><span style=\"font-weight: 400;\"> desde Barcelona.<\/span><\/td><\/tr><\/tbody><\/table><\/p>\n<i class=\"fa fa-check icon-tick icon-tick--on\"><\/i> <span style=\"font-weight: 400;\">Gu\u00eda experto de kayak y snorkel.<\/span>\n<i class=\"fa fa-check icon-tick icon-tick--on\"><\/i><b> <span style=\"font-weight: 400;\">Todo el equipo necesario (kayak, traje de neopreno y equipo de snorkel).<\/span><\/b>\n<i class=\"fa fa-check icon-tick icon-tick--on\"><\/i> T<span style=\"font-weight: 400;\">raslados <\/span><b><span style=\"font-weight: 400;\">de ida y vuelta desde Barcelona<\/span><span style=\"font-weight: 400;\">.<\/span><\/b>\n<i class=\"fa fa-check icon-tick icon-tick--on\"><\/i><b> <span style=\"font-weight: 400;\">Almuerzo tradicional en un restaurante local en Tossa.<\/span><\/b>\n<i class=\"fa fa-check icon-tick icon-tick--on\"><\/i><b> <span style=\"font-weight: 400;\">Uso de vestuarios, aseos y taquillas en el centro de kayak.<\/span><\/b>\n<i class=\"fa fa-check icon-tick icon-tick--on\"><\/i><b> <span style=\"font-weight: 400;\">Toallas.<\/span><\/b>\n\n<tr style=\"height: 24px;\">\n<td style=\"width: 21.0088%; height: 24px;\"><strong><b>N\u00ba\u00a0 DE PERSONAS<\/b><\/strong><\/td>\n<td style=\"width: 78.0108%; height: 24px;\"><i class=\"fa fa-check icon-tick icon-tick--on\"><\/i> <span style=\"font-weight: 400;\">desde 20 hasta 100 personas<\/span><\/td>\n<\/tr>\n<tr style=\"height: 82px;\">\n<td style=\"width: 21.0088%; height: 10px;\"><b>BENEFICIOS<\/b><\/td>\n<td style=\"width: 78.0108%; height: 10px;\"><span style=\"font-weight: 400;\">1\ufe0f\u20e3 <\/span><b>Exploraci\u00f3n de la Costa Salvaje:<\/b><span style=\"font-weight: 400;\"> Rema y practica snorkel en calas escondidas y formaciones rocosas, proporcionando un aut\u00e9ntico escape de las multitudes de la ciudad.<\/span>\n<p><span style=\"font-weight: 400;\">2\ufe0f\u20e3 <\/span><b>Conveniencia Todo Incluido:<\/b><span style=\"font-weight: 400;\"> Viaje de 8 horas totalmente asistido que incluye todo el equipo, almuerzo local y c\u00f3modo transporte de regreso desde Barcelona.<\/span><\/p>\n<p><span style=\"font-weight: 400;\">3\ufe0f\u20e3 <\/span><b>Aventura y Cultura:<\/b><span style=\"font-weight: 400;\"> Combina perfectamente la exploraci\u00f3n activa junto al mar con un almuerzo tradicional y un tour privado por el hist\u00f3rico casco antiguo de Tossa de Mar.<\/span><\/p><\/td>\n<\/tr>\n\n\n[\/vc_column_text][\/vc_column][\/vc_row][vc_row][vc_column][vc_column_text css=\u00bb\u00bb]\n<h2>\u2753C\u00d3MO FUNCIONA Y PREGUNTAS FRECUENTES<\/h2>\n<table class=\"table table-bordered tours-tabs__table\" style=\"width: 98.6374%; height: 138px;\" width=\"99.2947%\">\n<tbody>\n<tr style=\"height: 82px;\">\n<td style=\"width: 21.0088%; height: 10px;\"><b>C\u00d3MO FUNCIONA<\/b><\/td>\n<td style=\"width: 78.0108%; height: 24px;\">1\ufe0f\u20e3 Despu\u00e9s de recibir tu consulta, te enviaremos una propuesta con las mejores soluciones para tu evento y m\u00e1s ideas a considerar.\n<p>2\ufe0f\u20e3 T\u00fa eliges la mejor solucion y responderemos a todas tus preguntas por correo electr\u00f3nico (o tel\u00e9fono) hasta que est\u00e9s completamente satisfecho y listo para reservar.<\/p>\n<p>3\ufe0f\u20e3 Una vez establecidos todos los detalles, te facilitaremos el presupuesto final y solo solicitaremos un dep\u00f3sito del 20% para asegurar la fecha de tu evento.<\/p><\/td>\n<\/tr>\n<tr>\n<td style=\"width: 21.0088%;\"><b>COMMON FAQ<\/b><\/td>\n<td style=\"width: 78.0108%;\">1\ufe0f\u20e3 <strong>Condiciones de pago:<\/strong>\u00a0Para confirmar el evento, necesitamos un dep\u00f3sito del 20% y el importe total una semana antes. Puedes pagar mediante transferencia bancaria o con tarjeta de d\u00e9bito\/cr\u00e9dito a trav\u00e9s de un enlace de pago.\n<p>2\ufe0f\u20e3 <strong>N\u00fameros finales:<\/strong>\u00a0tienes la libertad de ajustar el n\u00famero de participantes para el evento hasta una semana antes, y no habr\u00e1 penalizaciones ni cargos adicionales. Sin embargo, hay que tener en cuenta que algunas actividades pueden tener precios variables seg\u00fan el tama\u00f1o del grupo.<span style=\"font-weight: 400;\"><br \/>\n<\/span><\/p>\n<p>3\ufe0f\u20e3 <strong>Itinerario final:<\/strong>\u00a0una semana antes del evento, recibir\u00e1s un resumen detallado con toda la informaci\u00f3n \u00fatil.<\/p><\/td>\n<\/tr>\n<\/tbody>\n<\/table>\n[\/vc_column_text][\/vc_column][\/vc_row][vc_row][vc_column][vc_column_text css=\u00bb\u00bb]<em><span style=\"font-size: 18pt;\"><strong>\u23ed\ufe0f \u00bfPasamos ya a la siguiente fase?<\/strong><\/span><\/em>\n<p>&nbsp;<\/p>\n<p style=\"text-align: left;\"><em><span style=\"font-size: 14pt;\"><strong>Pide un presupuesto r\u00e1pido:\u00a0 \u00a0<\/strong><\/span><\/em><\/p>\n<ul>\n<li style=\"text-align: left;\"><em><span style=\"font-size: 14pt;\"><strong>Email <a href=\"mailto:info@barcelonatours.net\" data-cke-saved-href=\"mailto:enquiry@barcelonatours.net\">info@barcelonatours.net<\/a>\u00a0\u00a0<\/strong><\/span><\/em><\/li>\n<li><em><span style=\"font-size: 14pt;\"><strong>Tel\/W&#8217;App\u00a0 <a href=\"tel: +34658768333\">+34 658 768 333<\/a><\/strong><\/span><\/em><\/li>\n<\/ul>\n<p>&nbsp;<\/p>\n<p style=\"text-align: left;\"><em><span style=\"font-size: 14pt;\"><strong>Clientes satisfechos, lo que dicen de nosotros:\u00a0 \u2b50\ufe0f\u2b50\ufe0f\u2b50\ufe0f\u2b50\ufe0f\u2b50\ufe0f <a href=\"https:\/\/www.google.com\/maps\/place\/BarcelonaTours.net\/@41.406933,2.1567085,17z\/data=!3m1!5s0x12a4a2e9f0c7847d:0xe1ddc3cf1f5a665f!4m8!3m7!1s0x12a4a2a5c1e2257d:0xcab7dbbfc67e084a!8m2!3d41.406933!4d2.1567085!9m1!1b1!16s%2Fg%2F12lk5ddc3?hl=en-US&amp;entry=ttu&amp;g_ep=EgoyMDI1MDExNS4wIKXMDSoASAFQAw%3D%3D\">Google reviews<\/a><\/strong><\/span><\/em><\/p>\n<p style=\"text-align: left;\"><em><span style=\"font-size: 14pt;\"><strong>Alg\u00fan reportaje de los eventos hechos:<\/strong><\/span><\/em><span style=\"box-sizing: border-box; margin: 0px; padding: 0px;\"><em><strong><span style=\"font-size: 14pt;\"> <a href=\"https:\/\/www.linkedin.com\/company\/1708408\/admin\/page-posts\/published\/\">publicaciones en LinkedIn<\/a><\/span><\/strong><\/em><\/span><\/p>\n[\/vc_column_text][\/vc_column][\/vc_row]\n<\/div>","protected":false},"excerpt":{"rendered":"<p>The tour includes the Sant Pere de Rodes monastery, Cadequ\u00e9s, Port Lligat and the Cap de Creus Natural Park &#8211; all jewels of the Costa Brava!<\/p>\n","protected":false},"featured_media":4705,"comment_status":"closed","ping_status":"closed","template":"","meta":{"footnotes":""},"product_brand":[],"product_cat":[3770,3676],"product_tag":[],"class_list":{"0":"post-8566","1":"product","2":"type-product","3":"status-publish","4":"has-post-thumbnail","6":"product_cat-private-tours-es","7":"product_cat-sightseeing-private-tours","8":"tour_category-es-rutas-desde-barcelona","10":"first","11":"instock","12":"virtual","13":"taxable","14":"purchasable","15":"product-type-tour"},"yoast_head":"<!-- This site is optimized with the Yoast SEO plugin v27.4 - https:\/\/yoast.com\/product\/yoast-seo-wordpress\/ -->\n<title>Excursi\u00f3n en kayak para grupos en Tossa de Mar - BarcelonaTours.net<\/title>\n<meta name=\"description\" content=\"Una experiencia privada de kayak en Tossa de Mar, con snorkel, transporte, comida y vistas incre\u00edbles, ideal para grupos grandes. \u00a1Reserva ahora!\" \/>\n<meta name=\"robots\" content=\"index, follow, max-snippet:-1, max-image-preview:large, max-video-preview:-1\" \/>\n<link rel=\"canonical\" href=\"https:\/\/barcelonatours.net\/es\/excursiones\/costa-brava-tour\" \/>\n<meta property=\"og:locale\" content=\"es_ES\" \/>\n<meta property=\"og:type\" content=\"article\" \/>\n<meta property=\"og:title\" content=\"Excursi\u00f3n en kayak para grupos en Tossa de Mar - BarcelonaTours.net\" \/>\n<meta property=\"og:description\" content=\"Una experiencia privada de kayak en Tossa de Mar, con snorkel, transporte, comida y vistas incre\u00edbles, ideal para grupos grandes. \u00a1Reserva ahora!\" \/>\n<meta property=\"og:url\" content=\"https:\/\/barcelonatours.net\/es\/excursiones\/costa-brava-tour\" \/>\n<meta property=\"og:site_name\" content=\"BarcelonaTours.net\" \/>\n<meta property=\"article:publisher\" content=\"https:\/\/www.facebook.com\/BarcelonaTours.net\/\" \/>\n<meta property=\"article:modified_time\" content=\"2026-03-06T14:51:02+00:00\" \/>\n<meta property=\"og:image\" content=\"https:\/\/barcelonatours.net\/wp-content\/uploads\/2019\/07\/niklas-weiss-S12w8AZ1jrQ-unsplash-e1563457805802.jpg\" \/>\n\t<meta property=\"og:image:width\" content=\"2048\" \/>\n\t<meta property=\"og:image:height\" content=\"1366\" \/>\n\t<meta property=\"og:image:type\" content=\"image\/jpeg\" \/>\n<meta name=\"twitter:card\" content=\"summary_large_image\" \/>\n<meta name=\"twitter:site\" content=\"@BarcelonaTours1\" \/>\n<meta name=\"twitter:label1\" content=\"Tiempo de lectura\" \/>\n\t<meta name=\"twitter:data1\" content=\"3 minutos\" \/>\n<script type=\"application\/ld+json\" class=\"yoast-schema-graph\">{\"@context\":\"https:\\\/\\\/schema.org\",\"@graph\":[{\"@type\":\"WebPage\",\"@id\":\"https:\\\/\\\/barcelonatours.net\\\/es\\\/excursiones\\\/costa-brava-tour\",\"url\":\"https:\\\/\\\/barcelonatours.net\\\/es\\\/excursiones\\\/costa-brava-tour\",\"name\":\"Excursi\u00f3n en kayak para grupos en Tossa de Mar - BarcelonaTours.net\",\"isPartOf\":{\"@id\":\"https:\\\/\\\/barcelonatours.net\\\/es#website\"},\"primaryImageOfPage\":{\"@id\":\"https:\\\/\\\/barcelonatours.net\\\/es\\\/excursiones\\\/costa-brava-tour#primaryimage\"},\"image\":{\"@id\":\"https:\\\/\\\/barcelonatours.net\\\/es\\\/excursiones\\\/costa-brava-tour#primaryimage\"},\"thumbnailUrl\":\"https:\\\/\\\/barcelonatours.net\\\/wp-content\\\/uploads\\\/2019\\\/07\\\/niklas-weiss-S12w8AZ1jrQ-unsplash-e1563457805802.jpg\",\"datePublished\":\"2019-07-18T13:25:27+00:00\",\"dateModified\":\"2026-03-06T14:51:02+00:00\",\"description\":\"Una experiencia privada de kayak en Tossa de Mar, con snorkel, transporte, comida y vistas incre\u00edbles, ideal para grupos grandes. \u00a1Reserva ahora!\",\"breadcrumb\":{\"@id\":\"https:\\\/\\\/barcelonatours.net\\\/es\\\/excursiones\\\/costa-brava-tour#breadcrumb\"},\"inLanguage\":\"es\",\"potentialAction\":[{\"@type\":\"ReadAction\",\"target\":[\"https:\\\/\\\/barcelonatours.net\\\/es\\\/excursiones\\\/costa-brava-tour\"]}]},{\"@type\":\"ImageObject\",\"inLanguage\":\"es\",\"@id\":\"https:\\\/\\\/barcelonatours.net\\\/es\\\/excursiones\\\/costa-brava-tour#primaryimage\",\"url\":\"https:\\\/\\\/barcelonatours.net\\\/wp-content\\\/uploads\\\/2019\\\/07\\\/niklas-weiss-S12w8AZ1jrQ-unsplash-e1563457805802.jpg\",\"contentUrl\":\"https:\\\/\\\/barcelonatours.net\\\/wp-content\\\/uploads\\\/2019\\\/07\\\/niklas-weiss-S12w8AZ1jrQ-unsplash-e1563457805802.jpg\",\"width\":2048,\"height\":1366},{\"@type\":\"BreadcrumbList\",\"@id\":\"https:\\\/\\\/barcelonatours.net\\\/es\\\/excursiones\\\/costa-brava-tour#breadcrumb\",\"itemListElement\":[{\"@type\":\"ListItem\",\"position\":1,\"name\":\"Home\",\"item\":\"https:\\\/\\\/barcelonatours.net\\\/es\"},{\"@type\":\"ListItem\",\"position\":2,\"name\":\"Shop\",\"item\":\"https:\\\/\\\/barcelonatours.net\\\/shop\"},{\"@type\":\"ListItem\",\"position\":3,\"name\":\"Excursi\u00f3n en kayak para grupos en Tossa de Mar, Costa Brava\"}]},{\"@type\":\"WebSite\",\"@id\":\"https:\\\/\\\/barcelonatours.net\\\/es#website\",\"url\":\"https:\\\/\\\/barcelonatours.net\\\/es\",\"name\":\"BarcelonaTours.net\",\"description\":\"The best tours and team building activities of Barcelona\",\"publisher\":{\"@id\":\"https:\\\/\\\/barcelonatours.net\\\/es#organization\"},\"alternateName\":\"Corporate event agency based in Barcelona\",\"potentialAction\":[{\"@type\":\"SearchAction\",\"target\":{\"@type\":\"EntryPoint\",\"urlTemplate\":\"https:\\\/\\\/barcelonatours.net\\\/es?s={search_term_string}\"},\"query-input\":{\"@type\":\"PropertyValueSpecification\",\"valueRequired\":true,\"valueName\":\"search_term_string\"}}],\"inLanguage\":\"es\"},{\"@type\":\"Organization\",\"@id\":\"https:\\\/\\\/barcelonatours.net\\\/es#organization\",\"name\":\"Barcelona Tours\",\"url\":\"https:\\\/\\\/barcelonatours.net\\\/es\",\"logo\":{\"@type\":\"ImageObject\",\"inLanguage\":\"es\",\"@id\":\"https:\\\/\\\/barcelonatours.net\\\/es#\\\/schema\\\/logo\\\/image\\\/\",\"url\":\"https:\\\/\\\/barcelonatours.net\\\/wp-content\\\/uploads\\\/2019\\\/04\\\/bcn_tours_logo-e1556215659835.png\",\"contentUrl\":\"https:\\\/\\\/barcelonatours.net\\\/wp-content\\\/uploads\\\/2019\\\/04\\\/bcn_tours_logo-e1556215659835.png\",\"width\":250,\"height\":89,\"caption\":\"Barcelona Tours\"},\"image\":{\"@id\":\"https:\\\/\\\/barcelonatours.net\\\/es#\\\/schema\\\/logo\\\/image\\\/\"},\"sameAs\":[\"https:\\\/\\\/www.facebook.com\\\/BarcelonaTours.net\\\/\",\"https:\\\/\\\/x.com\\\/BarcelonaTours1\",\"https:\\\/\\\/www.instagram.com\\\/barcelonatours\\\/\"]}]}<\/script>\n<!-- \/ Yoast SEO plugin. -->","yoast_head_json":{"title":"Excursi\u00f3n en kayak para grupos en Tossa de Mar - BarcelonaTours.net","description":"Una experiencia privada de kayak en Tossa de Mar, con snorkel, transporte, comida y vistas incre\u00edbles, ideal para grupos grandes. \u00a1Reserva ahora!","robots":{"index":"index","follow":"follow","max-snippet":"max-snippet:-1","max-image-preview":"max-image-preview:large","max-video-preview":"max-video-preview:-1"},"canonical":"https:\/\/barcelonatours.net\/es\/excursiones\/costa-brava-tour","og_locale":"es_ES","og_type":"article","og_title":"Excursi\u00f3n en kayak para grupos en Tossa de Mar - BarcelonaTours.net","og_description":"Una experiencia privada de kayak en Tossa de Mar, con snorkel, transporte, comida y vistas incre\u00edbles, ideal para grupos grandes. \u00a1Reserva ahora!","og_url":"https:\/\/barcelonatours.net\/es\/excursiones\/costa-brava-tour","og_site_name":"BarcelonaTours.net","article_publisher":"https:\/\/www.facebook.com\/BarcelonaTours.net\/","article_modified_time":"2026-03-06T14:51:02+00:00","og_image":[{"width":2048,"height":1366,"url":"https:\/\/barcelonatours.net\/wp-content\/uploads\/2019\/07\/niklas-weiss-S12w8AZ1jrQ-unsplash-e1563457805802.jpg","type":"image\/jpeg"}],"twitter_card":"summary_large_image","twitter_site":"@BarcelonaTours1","twitter_misc":{"Tiempo de lectura":"3 minutos"},"schema":{"@context":"https:\/\/schema.org","@graph":[{"@type":"WebPage","@id":"https:\/\/barcelonatours.net\/es\/excursiones\/costa-brava-tour","url":"https:\/\/barcelonatours.net\/es\/excursiones\/costa-brava-tour","name":"Excursi\u00f3n en kayak para grupos en Tossa de Mar - BarcelonaTours.net","isPartOf":{"@id":"https:\/\/barcelonatours.net\/es#website"},"primaryImageOfPage":{"@id":"https:\/\/barcelonatours.net\/es\/excursiones\/costa-brava-tour#primaryimage"},"image":{"@id":"https:\/\/barcelonatours.net\/es\/excursiones\/costa-brava-tour#primaryimage"},"thumbnailUrl":"https:\/\/barcelonatours.net\/wp-content\/uploads\/2019\/07\/niklas-weiss-S12w8AZ1jrQ-unsplash-e1563457805802.jpg","datePublished":"2019-07-18T13:25:27+00:00","dateModified":"2026-03-06T14:51:02+00:00","description":"Una experiencia privada de kayak en Tossa de Mar, con snorkel, transporte, comida y vistas incre\u00edbles, ideal para grupos grandes. \u00a1Reserva ahora!","breadcrumb":{"@id":"https:\/\/barcelonatours.net\/es\/excursiones\/costa-brava-tour#breadcrumb"},"inLanguage":"es","potentialAction":[{"@type":"ReadAction","target":["https:\/\/barcelonatours.net\/es\/excursiones\/costa-brava-tour"]}]},{"@type":"ImageObject","inLanguage":"es","@id":"https:\/\/barcelonatours.net\/es\/excursiones\/costa-brava-tour#primaryimage","url":"https:\/\/barcelonatours.net\/wp-content\/uploads\/2019\/07\/niklas-weiss-S12w8AZ1jrQ-unsplash-e1563457805802.jpg","contentUrl":"https:\/\/barcelonatours.net\/wp-content\/uploads\/2019\/07\/niklas-weiss-S12w8AZ1jrQ-unsplash-e1563457805802.jpg","width":2048,"height":1366},{"@type":"BreadcrumbList","@id":"https:\/\/barcelonatours.net\/es\/excursiones\/costa-brava-tour#breadcrumb","itemListElement":[{"@type":"ListItem","position":1,"name":"Home","item":"https:\/\/barcelonatours.net\/es"},{"@type":"ListItem","position":2,"name":"Shop","item":"https:\/\/barcelonatours.net\/shop"},{"@type":"ListItem","position":3,"name":"Excursi\u00f3n en kayak para grupos en Tossa de Mar, Costa Brava"}]},{"@type":"WebSite","@id":"https:\/\/barcelonatours.net\/es#website","url":"https:\/\/barcelonatours.net\/es","name":"BarcelonaTours.net","description":"The best tours and team building activities of Barcelona","publisher":{"@id":"https:\/\/barcelonatours.net\/es#organization"},"alternateName":"Corporate event agency based in Barcelona","potentialAction":[{"@type":"SearchAction","target":{"@type":"EntryPoint","urlTemplate":"https:\/\/barcelonatours.net\/es?s={search_term_string}"},"query-input":{"@type":"PropertyValueSpecification","valueRequired":true,"valueName":"search_term_string"}}],"inLanguage":"es"},{"@type":"Organization","@id":"https:\/\/barcelonatours.net\/es#organization","name":"Barcelona Tours","url":"https:\/\/barcelonatours.net\/es","logo":{"@type":"ImageObject","inLanguage":"es","@id":"https:\/\/barcelonatours.net\/es#\/schema\/logo\/image\/","url":"https:\/\/barcelonatours.net\/wp-content\/uploads\/2019\/04\/bcn_tours_logo-e1556215659835.png","contentUrl":"https:\/\/barcelonatours.net\/wp-content\/uploads\/2019\/04\/bcn_tours_logo-e1556215659835.png","width":250,"height":89,"caption":"Barcelona Tours"},"image":{"@id":"https:\/\/barcelonatours.net\/es#\/schema\/logo\/image\/"},"sameAs":["https:\/\/www.facebook.com\/BarcelonaTours.net\/","https:\/\/x.com\/BarcelonaTours1","https:\/\/www.instagram.com\/barcelonatours\/"]}]}},"_links":{"self":[{"href":"https:\/\/barcelonatours.net\/es\/wp-json\/wp\/v2\/product\/8566","targetHints":{"allow":["GET"]}}],"collection":[{"href":"https:\/\/barcelonatours.net\/es\/wp-json\/wp\/v2\/product"}],"about":[{"href":"https:\/\/barcelonatours.net\/es\/wp-json\/wp\/v2\/types\/product"}],"replies":[{"embeddable":true,"href":"https:\/\/barcelonatours.net\/es\/wp-json\/wp\/v2\/comments?post=8566"}],"version-history":[{"count":3,"href":"https:\/\/barcelonatours.net\/es\/wp-json\/wp\/v2\/product\/8566\/revisions"}],"predecessor-version":[{"id":16108,"href":"https:\/\/barcelonatours.net\/es\/wp-json\/wp\/v2\/product\/8566\/revisions\/16108"}],"wp:featuredmedia":[{"embeddable":true,"href":"https:\/\/barcelonatours.net\/es\/wp-json\/wp\/v2\/media\/4705"}],"wp:attachment":[{"href":"https:\/\/barcelonatours.net\/es\/wp-json\/wp\/v2\/media?parent=8566"}],"wp:term":[{"taxonomy":"product_brand","embeddable":true,"href":"https:\/\/barcelonatours.net\/es\/wp-json\/wp\/v2\/product_brand?post=8566"},{"taxonomy":"product_cat","embeddable":true,"href":"https:\/\/barcelonatours.net\/es\/wp-json\/wp\/v2\/product_cat?post=8566"},{"taxonomy":"product_tag","embeddable":true,"href":"https:\/\/barcelonatours.net\/es\/wp-json\/wp\/v2\/product_tag?post=8566"}],"curies":[{"name":"wp","href":"https:\/\/api.w.org\/{rel}","templated":true}]}}