{"id":8557,"date":"2025-03-15T16:58:53","date_gmt":"2025-03-15T15:58:53","guid":{"rendered":"https:\/\/barcelonatours.net\/product\/barcelona-private-guided-city-tour-with-transport"},"modified":"2025-09-22T12:51:27","modified_gmt":"2025-09-22T10:51:27","slug":"barcelona-visita-guiada-con-transporte","status":"publish","type":"product","link":"https:\/\/barcelonatours.net\/es\/excursiones\/tour-privado-con-transporte","title":{"rendered":"Tour privado con gu\u00eda y transporte de Barcelona"},"content":{"rendered":"<div class=\"wpb-content-wrapper\">[vc_row][vc_column]<div class=\"title title--big title--center title--underline title--decoration-bottom-center\">\n\t\t\t<div class=\"title__subtitle\">Actividades Team Building--Tours Privados--Salidas en Barco--Cenas de Empresa--Traslados para grupos<\/div>\n\t\t<h3 class=\"title__primary\"><\/h3>\n<\/div>\n[vc_column_text css=&#8221;&#8221;]\u00a1Haz un city tour privado en Barcelona con transporte incluido!\u00a0Un tour privado\u00a0por la ciudad de Barcelona hecho a medida es una manera perfecta de cubrir la mayor cantidad de terreno posible durante la visita.\n<p>Esta m\u00e1gica ciudad mediterr\u00e1nea puede parecer peque\u00f1a, pero hay tanto que ver y hacer que necesitar\u00e1s ayuda para desplazarte. Aseg\u00farate de poder aprovechar al m\u00e1ximo todo lo que la ciudad tiene para ofrecer organizando tu tour privado con transporte a trav\u00e9s de BarcelonaTours.<\/p>\n<h2><strong>Gu\u00eda profesional de la ciudad de Barcelona<\/strong><\/h2>\n<p>Solo utilizamos gu\u00edas profesionales de la ciudad, para tu visita guiada. Tienen d\u00e9cadas de experiencia en la industria y conocen las calles de la ciudad como la palma de su mano.\u00a0Y, en lo que se refiere al transporte, utilizamos \u00fanicamente veh\u00edculos privados de alta calidad, desde coches de lujo, perfectos para una pareja o una familia peque\u00f1a.<\/p>\n<p>Este tour privado de medio d\u00eda te brinda una excelente visi\u00f3n general de la ciudad, \u00a1recorriendo los principales lugares de inter\u00e9s!\u00a0El d\u00eda comenzar\u00e1 con una recogida personalizada, desde tu alojamiento u hotel. Su gu\u00eda te explicar\u00e1 c\u00f3mo se planificar\u00e1 el recorrido y si deseas solicitar cambios o adiciones al recorrido, este ser\u00eda el momento para discutirlos.<\/p>\n<h2><strong>Tour por Barcelona: \u00bfQu\u00e9 lugares ver\u00e1s?<\/strong><\/h2>\n<p><span style=\"font-weight: 400;\">Hay varias opciones de Tour, si quer\u00e9is un tour cl\u00e1sico\u00a0 el itinerario de las paradas aqu\u00ed se puede hacer completamente a medida. Al tour tambi\u00e9n se les puede a\u00f1adir entradas a atracciones (Park guell, Sagrada, ecc)<\/span><\/p>\n<p><span style=\"font-weight: 400;\">Aqu\u00ed abajo un itinerario que solemos hacer para los tours de 4 horas:<\/span><\/p>\n<ul>\n<li style=\"font-weight: 400;\" aria-level=\"1\"><span style=\"font-weight: 400;\">Recogida desde el\u00a0 hotel<\/span><\/li>\n<li style=\"font-weight: 400;\" aria-level=\"1\"><span style=\"font-weight: 400;\">Passeig de Gracia, Casa Batll\u00f3 y Casa Mila(La Pedrera) desde fuera<\/span><\/li>\n<li style=\"font-weight: 400;\" aria-level=\"1\"><span style=\"font-weight: 400;\">Sagrada Familia desde Fuera<\/span><\/li>\n<li style=\"font-weight: 400;\" aria-level=\"1\"><span style=\"font-weight: 400;\">Mnac mirador en montjuic(O entrada al Park G\u00fcell 18\u20ac)<\/span><\/li>\n<li style=\"font-weight: 400;\" aria-level=\"1\"><span style=\"font-weight: 400;\">Catedral (Si queda tiempo)<\/span><\/li>\n<li style=\"font-weight: 400;\" aria-level=\"1\"><span style=\"font-weight: 400;\">Regreso al Holtel<\/span><\/li>\n<\/ul>\n[\/vc_column_text][\/vc_column][\/vc_row][vc_row][vc_column][vc_column_text css=&#8221;&#8221;]\n<h2>\ud83d\ude8d Tour Privado de la Ciudad con Guia y Transporte privado<\/h2>\n<p><!--more--><\/p>\n<table class=\"table table-bordered tours-tabs__table\" style=\"width: 98.6374%; height: 138px;\" width=\"99.2947%\">\n<tbody>\n<tr>\n<td style=\"width: 21.0088%;\"><strong>PRECIO<\/strong><\/td>\n<td style=\"width: 78.0108%;\"><i class=\"fa fa-check icon-tick icon-tick--on\"><\/i>Desde 42\u20ac por persona<\/td>\n<\/tr>\n<tr style=\"height: 24px;\">\n<td style=\"width: 21.0088%; height: 24px;\"><strong>UBICACI\u00d3N<\/strong><\/td>\n<td style=\"width: 78.0108%; height: 24px;\"><i class=\"fa fa-check icon-tick icon-tick--on\"><\/i> Recogida en su hotel o la puerta de su oficina; podemos recogerlo en cualquier lugar de la ciudad.<\/td>\n<\/tr>\n<tr style=\"height: 80px;\">\n<td style=\"width: 21.0088%; height: 80px;\"><strong>INCLUIDO<\/strong><\/td>\n<td style=\"width: 78.0108%; height: 80px;\"><i class=\"fa fa-check icon-tick icon-tick--on\"><\/i>Gu\u00eda tur\u00edstico oficial cada 20 personas en espa\u00f1ol, ingl\u00e9s, franc\u00e9s, italiano y alem\u00e1n.\n<i class=\"fa fa-check icon-tick icon-tick--on\"><\/i> Itinerario inicial: Casa Batll\u00f3, La Pedrera, Sagrada Familia, MNAC (Vista panor\u00e1mica de la ciudad)\n<i class=\"fa fa-check icon-tick icon-tick--on\"><\/i>Duracion: hasta 4 horas\n<i class=\"fa fa-check icon-tick icon-tick--on\"><\/i>Transporte privado<\/td>\n<\/tr>\n<tr>\n<td style=\"width: 21.0088%;\"><strong><b>N. DE PERSONAS<\/b><\/strong><\/td>\n<td style=\"width: 78.0108%;\"><i class=\"fa fa-check icon-tick icon-tick--on\"><\/i>Desde 4 hasta 300 personas<\/td>\n<\/tr>\n<tr style=\"height: 82px;\">\n<td style=\"width: 21.0088%; height: 10px;\"><b>BENEFICIOS<\/b><\/td>\n<td style=\"width: 78.0108%; height: 24px;\">1\ufe0f\u20e3 Puedes ver lo mejor de la ciudad en 4 horas\n<p>2\ufe0f\u20e3 Es una buena idea para fortalecer el esp\u00edritu de equipo, ya que todos estar\u00e1n juntos en el autob\u00fas durante unas horas<\/p>\n<p>3\ufe0f\u20e3 Tour Privado solo para tu grupo, teneis la libertad de cambiar el itinerario incluso<\/p><\/td>\n<\/tr>\n<\/tbody>\n<\/table>\n[\/vc_column_text][\/vc_column][\/vc_row][vc_row][vc_column][vc_video link=&#8221;https:\/\/www.youtube.com\/watch?v=FMf_riyEVlQ&#8221; el_width=&#8221;90&#8243; align=&#8221;center&#8221; css_animation=&#8221;none&#8221; css=&#8221;&#8221; title=&#8221;TOUR PRIVADO EN BARCELONA&#8221;][\/vc_column][\/vc_row][vc_row][vc_column][vc_column_text css=&#8221;&#8221;]\n<h2>\u00a0 \u2753C\u00d3MO FUNCIONA Y PREGUNTAS FRECUENTES<\/h2>\n<p><!--more--><\/p>\n<table class=\"table table-bordered tours-tabs__table\" style=\"width: 98.6374%; height: 138px;\" width=\"99.2947%\">\n<tbody>\n<tr style=\"height: 82px;\">\n<td style=\"width: 21.0088%; height: 10px;\"><b>C\u00d3MO FUNCIONA<\/b><\/td>\n<td style=\"width: 78.0108%; height: 24px;\">1\ufe0f\u20e3 Despu\u00e9s de recibir tu consulta, te enviaremos una propuesta con las mejores soluciones para tu evento y m\u00e1s ideas a considerar.\n<p>2\ufe0f\u20e3 T\u00fa eliges la mejor solucion y responderemos a todas tus preguntas por correo electr\u00f3nico (o tel\u00e9fono) hasta que est\u00e9s completamente satisfecho y listo para reservar.<\/p>\n<p>3\ufe0f\u20e3 Una vez establecidos todos los detalles, te facilitaremos el presupuesto final y solo solicitaremos un dep\u00f3sito del 20% para asegurar la fecha de tu evento<\/p><\/td>\n<\/tr>\n<tr>\n<td style=\"width: 21.0088%;\"><strong>PREGUNTAS FRECUENTES<\/strong><\/td>\n<td style=\"width: 78.0108%;\">1\ufe0f\u20e3 <strong>Condiciones de pago:<\/strong> Para confirmar el evento, necesitamos un dep\u00f3sito del 20% y el importe total una semana antes. Puedes pagar mediante transferencia bancaria o con tarjeta de d\u00e9bito\/cr\u00e9dito a trav\u00e9s de un enlace de pago.\n<p>2\ufe0f\u20e3<strong>N\u00fameros finales:<\/strong> tienes la libertad de ajustar el n\u00famero de participantes para el evento hasta una semana antes, y no habr\u00e1 penalizaciones ni cargos adicionales. Sin embargo, hay que tener en cuenta que algunas actividades pueden tener precios variables seg\u00fan el tama\u00f1o del grupo.<span style=\"font-weight: 400;\"><br \/>\n<\/span><\/p>\n<p>3\ufe0f\u20e3 <strong>Itinerario final:<\/strong> una semana antes del evento, recibir\u00e1s un resumen detallado con toda la informaci\u00f3n \u00fatil.<\/p><\/td>\n<\/tr>\n<\/tbody>\n<\/table>\n[\/vc_column_text][\/vc_column][\/vc_row][vc_row][vc_column][vc_column_text css=&#8221;&#8221;]<em><span style=\"font-size: 18pt;\"><strong>\u23ed\ufe0f \u00bfPasamos ya a la siguiente fase?<\/strong><\/span><\/em>\n<p>&nbsp;<\/p>\n<p style=\"text-align: left;\"><em><span style=\"font-size: 14pt;\"><strong>Pide un presupuesto r\u00e1pido:\u00a0 \u00a0\u00a0<\/strong><\/span><\/em><\/p>\n<ul>\n<li style=\"text-align: left;\"><em><span style=\"font-size: 14pt;\"><strong>Email <a href=\"mailto: info@barcelonatours.net\" data-cke-saved-href=\"mailto:enquiry@barcelonatours.net\">info@barcelonatours.net<\/a>\u00a0\u00a0<\/strong><\/span><\/em><\/li>\n<li><em><span style=\"font-size: 14pt;\"><strong>Tel\/W&#8217;App\u00a0 <a href=\"tel: +34658768333\">+34 658 768 333<\/a><\/strong><\/span><\/em><\/li>\n<\/ul>\n<p>&nbsp;<\/p>\n<p style=\"text-align: left;\"><em><span style=\"font-size: 14pt;\"><strong>Clientes satisfechos, lo que dicen de nosotros:\u00a0 \u2b50\ufe0f\u2b50\ufe0f\u2b50\ufe0f\u2b50\ufe0f\u2b50\ufe0f <a href=\"https:\/\/www.google.com\/maps\/place\/BarcelonaTours.net\/@41.406933,2.1567085,17z\/data=!3m1!5s0x12a4a2e9f0c7847d:0xe1ddc3cf1f5a665f!4m8!3m7!1s0x12a4a2a5c1e2257d:0xcab7dbbfc67e084a!8m2!3d41.406933!4d2.1567085!9m1!1b1!16s%2Fg%2F12lk5ddc3?hl=en-US&amp;entry=ttu&amp;g_ep=EgoyMDI1MDExNS4wIKXMDSoASAFQAw%3D%3D\">rese\u00f1as en Google<\/a><\/strong><\/span><\/em><\/p>\n<p style=\"text-align: left;\"><em><span style=\"font-size: 14pt;\"><strong>Alg\u00fan reportaje de los eventos hechos:\u00a0 <a href=\"https:\/\/www.linkedin.com\/company\/1708408\/admin\/page-posts\/published\/\">publicaciones en LinkedIn<\/a><\/strong><\/span><\/em><\/p>\n[\/vc_column_text][\/vc_column][\/vc_row]\n<\/div>","protected":false},"excerpt":{"rendered":"<p>Un tour privado con transporte es una forma estupenda de ver la mayor parte posible de Barcelona.<\/p>\n","protected":false},"featured_media":15092,"comment_status":"closed","ping_status":"closed","template":"","meta":{"footnotes":""},"product_brand":[],"product_cat":[3498,3676],"product_tag":[],"class_list":{"0":"post-8557","1":"product","2":"type-product","3":"status-publish","4":"has-post-thumbnail","6":"product_cat-group-travel","7":"product_cat-sightseeing-private-tours","8":"tour_category-group-travel","9":"tour_category-sightseeing-tours-es","10":"tour_category-private-tours-es","12":"first","13":"instock","14":"virtual","15":"taxable","16":"purchasable","17":"product-type-tour"},"yoast_head":"<!-- This site is optimized with the Yoast SEO plugin v27.3 - https:\/\/yoast.com\/product\/yoast-seo-wordpress\/ -->\n<title>Tour privado en Barcelona con Transporte | BarcelonaTours<\/title>\n<meta name=\"description\" content=\"Un tour privado en Barcelona con transporte es una excelente manera de ver la ciudad. Cambie los paseos callejeros por asientos en primera fila.\" \/>\n<meta name=\"robots\" content=\"index, follow, max-snippet:-1, max-image-preview:large, max-video-preview:-1\" \/>\n<link rel=\"canonical\" href=\"https:\/\/barcelonatours.net\/es\/excursiones\/tour-privado-con-transporte\" \/>\n<meta property=\"og:locale\" content=\"es_ES\" \/>\n<meta property=\"og:type\" content=\"article\" \/>\n<meta property=\"og:title\" content=\"Tour privado en Barcelona con Transporte | BarcelonaTours\" \/>\n<meta property=\"og:description\" content=\"Un tour privado en Barcelona con transporte es una excelente manera de ver la ciudad. Cambie los paseos callejeros por asientos en primera fila.\" \/>\n<meta property=\"og:url\" content=\"https:\/\/barcelonatours.net\/es\/excursiones\/tour-privado-con-transporte\" \/>\n<meta property=\"og:site_name\" content=\"BarcelonaTours.net\" \/>\n<meta property=\"article:publisher\" content=\"https:\/\/www.facebook.com\/BarcelonaTours.net\/\" \/>\n<meta property=\"article:modified_time\" content=\"2025-09-22T10:51:27+00:00\" \/>\n<meta property=\"og:image\" content=\"https:\/\/barcelonatours.net\/wp-content\/uploads\/2025\/07\/Tours-privados-para-empresas-en-Barcelona-scaled.jpg\" \/>\n\t<meta property=\"og:image:width\" content=\"2048\" \/>\n\t<meta property=\"og:image:height\" content=\"1366\" \/>\n\t<meta property=\"og:image:type\" content=\"image\/jpeg\" \/>\n<meta name=\"twitter:card\" content=\"summary_large_image\" \/>\n<meta name=\"twitter:site\" content=\"@BarcelonaTours1\" \/>\n<meta name=\"twitter:label1\" content=\"Tiempo de lectura\" \/>\n\t<meta name=\"twitter:data1\" content=\"3 minutos\" \/>\n<script type=\"application\/ld+json\" class=\"yoast-schema-graph\">{\"@context\":\"https:\\\/\\\/schema.org\",\"@graph\":[{\"@type\":\"WebPage\",\"@id\":\"https:\\\/\\\/barcelonatours.net\\\/es\\\/excursiones\\\/tour-privado-con-transporte\",\"url\":\"https:\\\/\\\/barcelonatours.net\\\/es\\\/excursiones\\\/tour-privado-con-transporte\",\"name\":\"Tour privado en Barcelona con Transporte | BarcelonaTours\",\"isPartOf\":{\"@id\":\"https:\\\/\\\/barcelonatours.net\\\/es#website\"},\"primaryImageOfPage\":{\"@id\":\"https:\\\/\\\/barcelonatours.net\\\/es\\\/excursiones\\\/tour-privado-con-transporte#primaryimage\"},\"image\":{\"@id\":\"https:\\\/\\\/barcelonatours.net\\\/es\\\/excursiones\\\/tour-privado-con-transporte#primaryimage\"},\"thumbnailUrl\":\"https:\\\/\\\/barcelonatours.net\\\/wp-content\\\/uploads\\\/2025\\\/07\\\/Tours-privados-para-empresas-en-Barcelona-scaled.jpg\",\"datePublished\":\"2025-03-15T15:58:53+00:00\",\"dateModified\":\"2025-09-22T10:51:27+00:00\",\"description\":\"Un tour privado en Barcelona con transporte es una excelente manera de ver la ciudad. Cambie los paseos callejeros por asientos en primera fila.\",\"breadcrumb\":{\"@id\":\"https:\\\/\\\/barcelonatours.net\\\/es\\\/excursiones\\\/tour-privado-con-transporte#breadcrumb\"},\"inLanguage\":\"es\",\"potentialAction\":[{\"@type\":\"ReadAction\",\"target\":[\"https:\\\/\\\/barcelonatours.net\\\/es\\\/excursiones\\\/tour-privado-con-transporte\"]}]},{\"@type\":\"ImageObject\",\"inLanguage\":\"es\",\"@id\":\"https:\\\/\\\/barcelonatours.net\\\/es\\\/excursiones\\\/tour-privado-con-transporte#primaryimage\",\"url\":\"https:\\\/\\\/barcelonatours.net\\\/wp-content\\\/uploads\\\/2025\\\/07\\\/Tours-privados-para-empresas-en-Barcelona-scaled.jpg\",\"contentUrl\":\"https:\\\/\\\/barcelonatours.net\\\/wp-content\\\/uploads\\\/2025\\\/07\\\/Tours-privados-para-empresas-en-Barcelona-scaled.jpg\",\"width\":2048,\"height\":1366,\"caption\":\"Tours privados para empresas en Barcelona\"},{\"@type\":\"BreadcrumbList\",\"@id\":\"https:\\\/\\\/barcelonatours.net\\\/es\\\/excursiones\\\/tour-privado-con-transporte#breadcrumb\",\"itemListElement\":[{\"@type\":\"ListItem\",\"position\":1,\"name\":\"Home\",\"item\":\"https:\\\/\\\/barcelonatours.net\\\/es\"},{\"@type\":\"ListItem\",\"position\":2,\"name\":\"Shop\",\"item\":\"https:\\\/\\\/barcelonatours.net\\\/shop\"},{\"@type\":\"ListItem\",\"position\":3,\"name\":\"Tour privado con gu\u00eda y transporte de Barcelona\"}]},{\"@type\":\"WebSite\",\"@id\":\"https:\\\/\\\/barcelonatours.net\\\/es#website\",\"url\":\"https:\\\/\\\/barcelonatours.net\\\/es\",\"name\":\"BarcelonaTours.net\",\"description\":\"The best tours and team building activities of Barcelona\",\"publisher\":{\"@id\":\"https:\\\/\\\/barcelonatours.net\\\/es#organization\"},\"potentialAction\":[{\"@type\":\"SearchAction\",\"target\":{\"@type\":\"EntryPoint\",\"urlTemplate\":\"https:\\\/\\\/barcelonatours.net\\\/es?s={search_term_string}\"},\"query-input\":{\"@type\":\"PropertyValueSpecification\",\"valueRequired\":true,\"valueName\":\"search_term_string\"}}],\"inLanguage\":\"es\"},{\"@type\":\"Organization\",\"@id\":\"https:\\\/\\\/barcelonatours.net\\\/es#organization\",\"name\":\"Barcelona Tours\",\"url\":\"https:\\\/\\\/barcelonatours.net\\\/es\",\"logo\":{\"@type\":\"ImageObject\",\"inLanguage\":\"es\",\"@id\":\"https:\\\/\\\/barcelonatours.net\\\/es#\\\/schema\\\/logo\\\/image\\\/\",\"url\":\"https:\\\/\\\/barcelonatours.net\\\/wp-content\\\/uploads\\\/2019\\\/04\\\/bcn_tours_logo-e1556215659835.png\",\"contentUrl\":\"https:\\\/\\\/barcelonatours.net\\\/wp-content\\\/uploads\\\/2019\\\/04\\\/bcn_tours_logo-e1556215659835.png\",\"width\":250,\"height\":89,\"caption\":\"Barcelona Tours\"},\"image\":{\"@id\":\"https:\\\/\\\/barcelonatours.net\\\/es#\\\/schema\\\/logo\\\/image\\\/\"},\"sameAs\":[\"https:\\\/\\\/www.facebook.com\\\/BarcelonaTours.net\\\/\",\"https:\\\/\\\/x.com\\\/BarcelonaTours1\",\"https:\\\/\\\/www.instagram.com\\\/barcelonatours\\\/\"]}]}<\/script>\n<!-- \/ Yoast SEO plugin. -->","yoast_head_json":{"title":"Tour privado en Barcelona con Transporte | BarcelonaTours","description":"Un tour privado en Barcelona con transporte es una excelente manera de ver la ciudad. Cambie los paseos callejeros por asientos en primera fila.","robots":{"index":"index","follow":"follow","max-snippet":"max-snippet:-1","max-image-preview":"max-image-preview:large","max-video-preview":"max-video-preview:-1"},"canonical":"https:\/\/barcelonatours.net\/es\/excursiones\/tour-privado-con-transporte","og_locale":"es_ES","og_type":"article","og_title":"Tour privado en Barcelona con Transporte | BarcelonaTours","og_description":"Un tour privado en Barcelona con transporte es una excelente manera de ver la ciudad. Cambie los paseos callejeros por asientos en primera fila.","og_url":"https:\/\/barcelonatours.net\/es\/excursiones\/tour-privado-con-transporte","og_site_name":"BarcelonaTours.net","article_publisher":"https:\/\/www.facebook.com\/BarcelonaTours.net\/","article_modified_time":"2025-09-22T10:51:27+00:00","og_image":[{"width":2048,"height":1366,"url":"https:\/\/barcelonatours.net\/wp-content\/uploads\/2025\/07\/Tours-privados-para-empresas-en-Barcelona-scaled.jpg","type":"image\/jpeg"}],"twitter_card":"summary_large_image","twitter_site":"@BarcelonaTours1","twitter_misc":{"Tiempo de lectura":"3 minutos"},"schema":{"@context":"https:\/\/schema.org","@graph":[{"@type":"WebPage","@id":"https:\/\/barcelonatours.net\/es\/excursiones\/tour-privado-con-transporte","url":"https:\/\/barcelonatours.net\/es\/excursiones\/tour-privado-con-transporte","name":"Tour privado en Barcelona con Transporte | BarcelonaTours","isPartOf":{"@id":"https:\/\/barcelonatours.net\/es#website"},"primaryImageOfPage":{"@id":"https:\/\/barcelonatours.net\/es\/excursiones\/tour-privado-con-transporte#primaryimage"},"image":{"@id":"https:\/\/barcelonatours.net\/es\/excursiones\/tour-privado-con-transporte#primaryimage"},"thumbnailUrl":"https:\/\/barcelonatours.net\/wp-content\/uploads\/2025\/07\/Tours-privados-para-empresas-en-Barcelona-scaled.jpg","datePublished":"2025-03-15T15:58:53+00:00","dateModified":"2025-09-22T10:51:27+00:00","description":"Un tour privado en Barcelona con transporte es una excelente manera de ver la ciudad. Cambie los paseos callejeros por asientos en primera fila.","breadcrumb":{"@id":"https:\/\/barcelonatours.net\/es\/excursiones\/tour-privado-con-transporte#breadcrumb"},"inLanguage":"es","potentialAction":[{"@type":"ReadAction","target":["https:\/\/barcelonatours.net\/es\/excursiones\/tour-privado-con-transporte"]}]},{"@type":"ImageObject","inLanguage":"es","@id":"https:\/\/barcelonatours.net\/es\/excursiones\/tour-privado-con-transporte#primaryimage","url":"https:\/\/barcelonatours.net\/wp-content\/uploads\/2025\/07\/Tours-privados-para-empresas-en-Barcelona-scaled.jpg","contentUrl":"https:\/\/barcelonatours.net\/wp-content\/uploads\/2025\/07\/Tours-privados-para-empresas-en-Barcelona-scaled.jpg","width":2048,"height":1366,"caption":"Tours privados para empresas en Barcelona"},{"@type":"BreadcrumbList","@id":"https:\/\/barcelonatours.net\/es\/excursiones\/tour-privado-con-transporte#breadcrumb","itemListElement":[{"@type":"ListItem","position":1,"name":"Home","item":"https:\/\/barcelonatours.net\/es"},{"@type":"ListItem","position":2,"name":"Shop","item":"https:\/\/barcelonatours.net\/shop"},{"@type":"ListItem","position":3,"name":"Tour privado con gu\u00eda y transporte de Barcelona"}]},{"@type":"WebSite","@id":"https:\/\/barcelonatours.net\/es#website","url":"https:\/\/barcelonatours.net\/es","name":"BarcelonaTours.net","description":"The best tours and team building activities of Barcelona","publisher":{"@id":"https:\/\/barcelonatours.net\/es#organization"},"potentialAction":[{"@type":"SearchAction","target":{"@type":"EntryPoint","urlTemplate":"https:\/\/barcelonatours.net\/es?s={search_term_string}"},"query-input":{"@type":"PropertyValueSpecification","valueRequired":true,"valueName":"search_term_string"}}],"inLanguage":"es"},{"@type":"Organization","@id":"https:\/\/barcelonatours.net\/es#organization","name":"Barcelona Tours","url":"https:\/\/barcelonatours.net\/es","logo":{"@type":"ImageObject","inLanguage":"es","@id":"https:\/\/barcelonatours.net\/es#\/schema\/logo\/image\/","url":"https:\/\/barcelonatours.net\/wp-content\/uploads\/2019\/04\/bcn_tours_logo-e1556215659835.png","contentUrl":"https:\/\/barcelonatours.net\/wp-content\/uploads\/2019\/04\/bcn_tours_logo-e1556215659835.png","width":250,"height":89,"caption":"Barcelona Tours"},"image":{"@id":"https:\/\/barcelonatours.net\/es#\/schema\/logo\/image\/"},"sameAs":["https:\/\/www.facebook.com\/BarcelonaTours.net\/","https:\/\/x.com\/BarcelonaTours1","https:\/\/www.instagram.com\/barcelonatours\/"]}]}},"_links":{"self":[{"href":"https:\/\/barcelonatours.net\/es\/wp-json\/wp\/v2\/product\/8557","targetHints":{"allow":["GET"]}}],"collection":[{"href":"https:\/\/barcelonatours.net\/es\/wp-json\/wp\/v2\/product"}],"about":[{"href":"https:\/\/barcelonatours.net\/es\/wp-json\/wp\/v2\/types\/product"}],"replies":[{"embeddable":true,"href":"https:\/\/barcelonatours.net\/es\/wp-json\/wp\/v2\/comments?post=8557"}],"version-history":[{"count":0,"href":"https:\/\/barcelonatours.net\/es\/wp-json\/wp\/v2\/product\/8557\/revisions"}],"wp:featuredmedia":[{"embeddable":true,"href":"https:\/\/barcelonatours.net\/es\/wp-json\/wp\/v2\/media\/15092"}],"wp:attachment":[{"href":"https:\/\/barcelonatours.net\/es\/wp-json\/wp\/v2\/media?parent=8557"}],"wp:term":[{"taxonomy":"product_brand","embeddable":true,"href":"https:\/\/barcelonatours.net\/es\/wp-json\/wp\/v2\/product_brand?post=8557"},{"taxonomy":"product_cat","embeddable":true,"href":"https:\/\/barcelonatours.net\/es\/wp-json\/wp\/v2\/product_cat?post=8557"},{"taxonomy":"product_tag","embeddable":true,"href":"https:\/\/barcelonatours.net\/es\/wp-json\/wp\/v2\/product_tag?post=8557"}],"curies":[{"name":"wp","href":"https:\/\/api.w.org\/{rel}","templated":true}]}}