{"id":8548,"date":"2025-03-11T09:40:48","date_gmt":"2025-03-11T08:40:48","guid":{"rendered":"https:\/\/barcelonatours.net\/product\/gothic-quarter-walking-tour-barcelona"},"modified":"2025-03-24T17:29:40","modified_gmt":"2025-03-24T16:29:40","slug":"visita-guiada-por-el-barrio-gotico","status":"publish","type":"product","link":"https:\/\/barcelonatours.net\/es\/excursiones\/tour-barrio-gotico","title":{"rendered":"Tour a pie por Barcelona&#8211;Casco antiguo"},"content":{"rendered":"<div class=\"wpb-content-wrapper\">[vc_row][vc_column][vc_column_text][\/vc_column_text][\/vc_column][\/vc_row][vc_row][vc_column]<div class=\"title title--big title--center title--underline title--decoration-bottom-center\">\n\t\t\t<div class=\"title__subtitle\">Actividades Team Building--Tours Privados--Salidas en Barco--Cenas de Empresa--Traslados para grupos<\/div>\n\t\t<h3 class=\"title__primary\"><\/h3>\n<\/div>\n[vc_column_text css=\u00bb\u00bb]\n<p>Disfruta de un recorrido privado a pie por el casco antiguo y el Barrio G\u00f3tico de Barcelona con un gu\u00eda experto. Aprende sobre el vibrante pasado de la ciudad, incluyendo c\u00f3mo ha sido influenciada por los fenicios, griegos, romanos y moros. Retrocede en el tiempo mientras exploras sus calles y plazas medievales y admiras su magn\u00edfica arquitectura, como la Casa Mil\u00e0 y la Sagrada Familia de Gaud\u00ed.<br \/>\nEn este recorrido de 2,5 horas, tu gu\u00eda te contar\u00e1 historias de Barcelona, desde las legendarias historias de c\u00f3mo Barcelona obtuvo su nombre hasta la arquitectura de algunos de sus edificios m\u00e1s emblem\u00e1ticos.<\/p>\n<p>Escucha c\u00f3mo ha sido influenciada por innumerables civilizaciones a lo largo de los siglos y por qu\u00e9 es tan querida hoy en d\u00eda. Pasea por La Boquer\u00eda, uno de los mercados de alimentos m\u00e1s grandes y animados de Europa, repleto de exquisitos aromas que desprenden cientos de vendedores de fruta fresca, marisco y especialidades locales como la paella y el chorizo. Quedar\u00e1s cautivado mientras su gu\u00eda te conduce por el laberinto de callejuelas del Barrio G\u00f3tico de Barcelona, el barrio m\u00e1s antiguo de la ciudad, que se remonta a la \u00e9poca de los antiguos romanos. Descubre secretos ocultos llenos de encanto y ambiente mientras paseas por pasajes llenos de arte callejero y exploras plazas donde la gente se ha reunido durante siglos para escuchar m\u00fasica o jugar a las cartas.<\/p>\n<p>Tambien ofrecemos<a href=\"https:\/\/barcelonatours.net\/private-tours\/bike-tour\/\">\u00a0tours en bici para grupos<\/a> y <a href=\"https:\/\/barcelonatours.net\/private-tours\/tour-with-transport\/\">tours privados con transporte<\/a> en Barcelona.<\/p>\n<h2><strong>\u00bfPor qu\u00e9 un recorrido a pie por el Barrio G\u00f3tico de Barcelona?<\/strong><\/h2>\n<p>Algunos de los sitios m\u00e1s antiguos e hist\u00f3ricamente m\u00e1s importantes de Barcelona se encuentran a poca distancia unos de otros. Los barrios m\u00e1s antiguos de la ciudad, el barrio G\u00f3tico y el barrio del Born Medieval, son hermosas calles estrechas; tambi\u00e9n son notoriamente dif\u00edciles de navegar. Estos pasajes sinuosos se han tragado a muchos turistas que no saben d\u00f3nde mirar, con detalles que se pueden perder si se parpadea y fabulosas sorpresas en cada esquina.<\/p>\n<p>En lugar de perder el tiempo con mapas y traducciones, deje que nuestro gu\u00eda profesional y experimentado haga el trabajo duro.[\/vc_column_text][\/vc_column][\/vc_row][vc_row][vc_column][vc_column_text css=\u00bb\u00bb]\n<h2>\ud83d\udeb6 Tour a pie del Barrio G\u00f3tico<\/h2>\n<\/p><p><!--more--><\/p>\n<table class=\"table table-bordered tours-tabs__table\" style=\"width: 98.6374%; height: 138px;\" width=\"99.2947%\">\n<tbody>\n<tr>\n<td style=\"width: 21.0088%;\"><strong>PRECIO<\/strong><\/td>\n<td style=\"width: 78.0108%;\"><i class=\"fa fa-check icon-tick icon-tick--on\"><\/i>Desde 29\u20ac por persona<\/td>\n<\/tr>\n<tr style=\"height: 24px;\">\n<td style=\"width: 21.0088%; height: 24px;\"><strong>UBICACI\u00d3N<\/strong><\/td>\n<td style=\"width: 78.0108%; height: 24px;\"><i class=\"fa fa-check icon-tick icon-tick--on\"><\/i>Recogida y Regreso desde Plaza Catalunya o Plaza Reial<\/td>\n<\/tr>\n<tr style=\"height: 80px;\">\n<td style=\"width: 21.0088%; height: 80px;\"><strong>INCLUIDO<\/strong><\/td>\n<td style=\"width: 78.0108%; height: 80px;\"><i class=\"fa fa-check icon-tick icon-tick--on\"><\/i>Ruta tur\u00edstica privada\n<i class=\"fa fa-check icon-tick icon-tick--on\"><\/i>Tour privado de 4 horas\n<i class=\"fa fa-check icon-tick icon-tick--on\"><\/i>Atenci\u00f3n personalizada de gu\u00edas en espa\u00f1ol, ingl\u00e9s y m\u00e1s idiomas bajo petici\u00f3n\n<i class=\"fa fa-check icon-tick icon-tick--on\"><\/i>Veh\u00edculos con techo corredizo en caso de lluvia<\/td>\n<\/tr>\n<tr>\n<td style=\"width: 21.0088%;\"><strong><b>N. DE PERSONAS<\/b><\/strong><\/td>\n<td style=\"width: 78.0108%;\"><i class=\"fa fa-check icon-tick icon-tick--on\"><\/i>Un gu\u00eda turistico oficial cada 20 personas<\/td>\n<\/tr>\n<tr style=\"height: 82px;\">\n<td style=\"width: 21.0088%; height: 10px;\"><b>BENEFICIOS<\/b><\/td>\n<td style=\"width: 78.0108%; height: 24px;\">1\ufe0f\u20e3 Ver\u00e1s lo mejor del casco antiguo en 3-4 horas.\n<p>2\ufe0f\u20e3 Tu cliente experimentar\u00e1 un paseo guiado por calles estrechas e hist\u00f3ricas dirigido por un experto.<\/p>\n<p>3\ufe0f\u20e3 Descubrir\u00e9is en equipo la historia antigua de esta ciudad.<\/p><\/td>\n<\/tr>\n<\/tbody>\n<\/table>\n[\/vc_column_text][\/vc_column][\/vc_row][vc_row][vc_column][vc_column_text css=\u00bb\u00bb]\n<h2>\u00a0 \u2753C\u00d3MO FUNCIONA Y PREGUNTAS FRECUENTES<\/h2>\n<p><!--more--><\/p>\n<table class=\"table table-bordered tours-tabs__table\" style=\"width: 98.6374%; height: 138px;\" width=\"99.2947%\">\n<tbody>\n<tr style=\"height: 82px;\">\n<td style=\"width: 21.0088%; height: 10px;\"><b>C\u00d3MO FUNCIONA<\/b><\/td>\n<td style=\"width: 78.0108%; height: 24px;\">1\ufe0f\u20e3 Despu\u00e9s de recibir tu consulta, te enviaremos una propuesta con las mejores soluciones para tu evento y m\u00e1s ideas a considerar.\n<p>2\ufe0f\u20e3 T\u00fa eliges la mejor solucion y responderemos a todas tus preguntas por correo electr\u00f3nico (o tel\u00e9fono) hasta que est\u00e9s completamente satisfecho y listo para reservar.<\/p>\n<p>3\ufe0f\u20e3 Una vez establecidos todos los detalles, te facilitaremos el presupuesto final y solo solicitaremos un dep\u00f3sito del 20% para asegurar la fecha de tu evento<\/p><\/td>\n<\/tr>\n<tr>\n<td style=\"width: 21.0088%;\"><strong>PREGUNTAS FRECUENTES<\/strong><\/td>\n<td style=\"width: 78.0108%;\">1\ufe0f\u20e3 <strong>Condiciones de pago:<\/strong> Para confirmar el evento, necesitamos un dep\u00f3sito del 20% y el importe total una semana antes. Puedes pagar mediante transferencia bancaria o con tarjeta de d\u00e9bito\/cr\u00e9dito a trav\u00e9s de un enlace de pago.\n<p>2\ufe0f\u20e3<strong>N\u00fameros finales:<\/strong> tienes la libertad de ajustar el n\u00famero de participantes para el evento hasta una semana antes, y no habr\u00e1 penalizaciones ni cargos adicionales. Sin embargo, hay que tener en cuenta que algunas actividades pueden tener precios variables seg\u00fan el tama\u00f1o del grupo.<span style=\"font-weight: 400;\"><br \/>\n<\/span><\/p>\n<p>3\ufe0f\u20e3 <strong>Itinerario final:<\/strong> una semana antes del evento, recibir\u00e1s un resumen detallado con toda la informaci\u00f3n \u00fatil.<\/p><\/td>\n<\/tr>\n<\/tbody>\n<\/table>\n[\/vc_column_text][\/vc_column][\/vc_row][vc_row][vc_column][vc_column_text css=\u00bb\u00bb]<em><span style=\"font-size: 18pt;\"><strong>\u23ed\ufe0f \u00bfPasamos ya a la siguiente fase?<\/strong><\/span><\/em>\n<p>&nbsp;<\/p>\n<p style=\"text-align: left;\"><em><span style=\"font-size: 14pt;\"><strong>Pide un presupuesto r\u00e1pido:\u00a0 \u00a0\u00a0<\/strong><\/span><\/em><\/p>\n<ul>\n<li style=\"text-align: left;\"><em><span style=\"font-size: 14pt;\"><strong>Email <a href=\"mailto: info@barcelonatours.net\" data-cke-saved-href=\"mailto:enquiry@barcelonatours.net\">info@barcelonatours.net<\/a>\u00a0\u00a0<\/strong><\/span><\/em><\/li>\n<li><em><span style=\"font-size: 14pt;\"><strong>Tel\/W&#8217;App\u00a0 <a href=\"tel: +34658768333\">+34 658 768 333<\/a><\/strong><\/span><\/em><\/li>\n<\/ul>\n<p>&nbsp;<\/p>\n<p style=\"text-align: left;\"><em><span style=\"font-size: 14pt;\"><strong>Clientes satisfechos, lo que dicen de nosotros:\u00a0 \u2b50\ufe0f\u2b50\ufe0f\u2b50\ufe0f\u2b50\ufe0f\u2b50\ufe0f <a href=\"https:\/\/www.google.com\/maps\/place\/BarcelonaTours.net\/@41.406933,2.1567085,17z\/data=!3m1!5s0x12a4a2e9f0c7847d:0xe1ddc3cf1f5a665f!4m8!3m7!1s0x12a4a2a5c1e2257d:0xcab7dbbfc67e084a!8m2!3d41.406933!4d2.1567085!9m1!1b1!16s%2Fg%2F12lk5ddc3?hl=en-US&amp;entry=ttu&amp;g_ep=EgoyMDI1MDExNS4wIKXMDSoASAFQAw%3D%3D\">rese\u00f1as en Google<\/a><\/strong><\/span><\/em><\/p>\n<p style=\"text-align: left;\"><em><span style=\"font-size: 14pt;\"><strong>Alg\u00fan reportaje de los eventos hechos:\u00a0 <a href=\"https:\/\/www.linkedin.com\/company\/1708408\/admin\/page-posts\/published\/\">publicaciones en LinkedIn<\/a><\/strong><\/span><\/em><\/p>\n[\/vc_column_text][\/vc_column][\/vc_row]\n<\/div>","protected":false},"excerpt":{"rendered":"<p>Visita algunos de los lugares de inter\u00e9s m\u00e1s antiguos y famosos de Barcelona en este recorrido a pie.<\/p>\n","protected":false},"featured_media":6831,"comment_status":"closed","ping_status":"closed","template":"","meta":{"footnotes":""},"product_brand":[],"product_cat":[3770,3676],"product_tag":[],"class_list":{"0":"post-8548","1":"product","2":"type-product","3":"status-publish","4":"has-post-thumbnail","6":"product_cat-private-tours-es","7":"product_cat-sightseeing-private-tours","8":"tour_category-sightseeing-tours-es","9":"tour_category-private-tours-es","11":"first","12":"instock","13":"virtual","14":"taxable","15":"purchasable","16":"product-type-tour"},"yoast_head":"<!-- This site is optimized with the Yoast SEO plugin v27.4 - https:\/\/yoast.com\/product\/yoast-seo-wordpress\/ -->\n<title>Visita guiada por el Barrio G\u00f3tico en Barcelona<\/title>\n<meta name=\"description\" content=\"Explora las maravillas de la ciudad con una visita guiada por el Barrio G\u00f3tico de Barcelona. \u00a1Nuestro gu\u00eda profesional te mostrar\u00e1 los lugares de inter\u00e9s!\" \/>\n<meta name=\"robots\" content=\"index, follow, max-snippet:-1, max-image-preview:large, max-video-preview:-1\" \/>\n<link rel=\"canonical\" href=\"https:\/\/barcelonatours.net\/es\/excursiones\/tour-barrio-gotico\" \/>\n<meta property=\"og:locale\" content=\"es_ES\" \/>\n<meta property=\"og:type\" content=\"article\" \/>\n<meta property=\"og:title\" content=\"Visita guiada por el Barrio G\u00f3tico en Barcelona\" \/>\n<meta property=\"og:description\" content=\"Explora las maravillas de la ciudad con una visita guiada por el Barrio G\u00f3tico de Barcelona. \u00a1Nuestro gu\u00eda profesional te mostrar\u00e1 los lugares de inter\u00e9s!\" \/>\n<meta property=\"og:url\" content=\"https:\/\/barcelonatours.net\/es\/excursiones\/tour-barrio-gotico\" \/>\n<meta property=\"og:site_name\" content=\"BarcelonaTours.net\" \/>\n<meta property=\"article:publisher\" content=\"https:\/\/www.facebook.com\/BarcelonaTours.net\/\" \/>\n<meta property=\"article:modified_time\" content=\"2025-03-24T16:29:40+00:00\" \/>\n<meta property=\"og:image\" content=\"https:\/\/barcelonatours.net\/wp-content\/uploads\/2021\/10\/cathedral-rsz-e1561131745548.jpg\" \/>\n\t<meta property=\"og:image:width\" content=\"2000\" \/>\n\t<meta property=\"og:image:height\" content=\"800\" \/>\n\t<meta property=\"og:image:type\" content=\"image\/jpeg\" \/>\n<meta name=\"twitter:card\" content=\"summary_large_image\" \/>\n<meta name=\"twitter:site\" content=\"@BarcelonaTours1\" \/>\n<meta name=\"twitter:label1\" content=\"Tiempo de lectura\" \/>\n\t<meta name=\"twitter:data1\" content=\"2 minutos\" \/>\n<script type=\"application\/ld+json\" class=\"yoast-schema-graph\">{\"@context\":\"https:\\\/\\\/schema.org\",\"@graph\":[{\"@type\":\"WebPage\",\"@id\":\"https:\\\/\\\/barcelonatours.net\\\/es\\\/excursiones\\\/tour-barrio-gotico\",\"url\":\"https:\\\/\\\/barcelonatours.net\\\/es\\\/excursiones\\\/tour-barrio-gotico\",\"name\":\"Visita guiada por el Barrio G\u00f3tico en Barcelona\",\"isPartOf\":{\"@id\":\"https:\\\/\\\/barcelonatours.net\\\/es#website\"},\"primaryImageOfPage\":{\"@id\":\"https:\\\/\\\/barcelonatours.net\\\/es\\\/excursiones\\\/tour-barrio-gotico#primaryimage\"},\"image\":{\"@id\":\"https:\\\/\\\/barcelonatours.net\\\/es\\\/excursiones\\\/tour-barrio-gotico#primaryimage\"},\"thumbnailUrl\":\"https:\\\/\\\/barcelonatours.net\\\/wp-content\\\/uploads\\\/2021\\\/10\\\/cathedral-rsz-e1561131745548.jpg\",\"datePublished\":\"2025-03-11T08:40:48+00:00\",\"dateModified\":\"2025-03-24T16:29:40+00:00\",\"description\":\"Explora las maravillas de la ciudad con una visita guiada por el Barrio G\u00f3tico de Barcelona. \u00a1Nuestro gu\u00eda profesional te mostrar\u00e1 los lugares de inter\u00e9s!\",\"breadcrumb\":{\"@id\":\"https:\\\/\\\/barcelonatours.net\\\/es\\\/excursiones\\\/tour-barrio-gotico#breadcrumb\"},\"inLanguage\":\"es\",\"potentialAction\":[{\"@type\":\"ReadAction\",\"target\":[\"https:\\\/\\\/barcelonatours.net\\\/es\\\/excursiones\\\/tour-barrio-gotico\"]}]},{\"@type\":\"ImageObject\",\"inLanguage\":\"es\",\"@id\":\"https:\\\/\\\/barcelonatours.net\\\/es\\\/excursiones\\\/tour-barrio-gotico#primaryimage\",\"url\":\"https:\\\/\\\/barcelonatours.net\\\/wp-content\\\/uploads\\\/2021\\\/10\\\/cathedral-rsz-e1561131745548.jpg\",\"contentUrl\":\"https:\\\/\\\/barcelonatours.net\\\/wp-content\\\/uploads\\\/2021\\\/10\\\/cathedral-rsz-e1561131745548.jpg\",\"width\":2000,\"height\":800,\"caption\":\"Barcelona Cathedral Gothic Quarter\"},{\"@type\":\"BreadcrumbList\",\"@id\":\"https:\\\/\\\/barcelonatours.net\\\/es\\\/excursiones\\\/tour-barrio-gotico#breadcrumb\",\"itemListElement\":[{\"@type\":\"ListItem\",\"position\":1,\"name\":\"Home\",\"item\":\"https:\\\/\\\/barcelonatours.net\\\/es\"},{\"@type\":\"ListItem\",\"position\":2,\"name\":\"Shop\",\"item\":\"https:\\\/\\\/barcelonatours.net\\\/shop\"},{\"@type\":\"ListItem\",\"position\":3,\"name\":\"Tour a pie por Barcelona&#8211;Casco antiguo\"}]},{\"@type\":\"WebSite\",\"@id\":\"https:\\\/\\\/barcelonatours.net\\\/es#website\",\"url\":\"https:\\\/\\\/barcelonatours.net\\\/es\",\"name\":\"BarcelonaTours.net\",\"description\":\"The best tours and team building activities of Barcelona\",\"publisher\":{\"@id\":\"https:\\\/\\\/barcelonatours.net\\\/es#organization\"},\"alternateName\":\"Corporate event agency based in Barcelona\",\"potentialAction\":[{\"@type\":\"SearchAction\",\"target\":{\"@type\":\"EntryPoint\",\"urlTemplate\":\"https:\\\/\\\/barcelonatours.net\\\/es?s={search_term_string}\"},\"query-input\":{\"@type\":\"PropertyValueSpecification\",\"valueRequired\":true,\"valueName\":\"search_term_string\"}}],\"inLanguage\":\"es\"},{\"@type\":\"Organization\",\"@id\":\"https:\\\/\\\/barcelonatours.net\\\/es#organization\",\"name\":\"Barcelona Tours\",\"url\":\"https:\\\/\\\/barcelonatours.net\\\/es\",\"logo\":{\"@type\":\"ImageObject\",\"inLanguage\":\"es\",\"@id\":\"https:\\\/\\\/barcelonatours.net\\\/es#\\\/schema\\\/logo\\\/image\\\/\",\"url\":\"https:\\\/\\\/barcelonatours.net\\\/wp-content\\\/uploads\\\/2019\\\/04\\\/bcn_tours_logo-e1556215659835.png\",\"contentUrl\":\"https:\\\/\\\/barcelonatours.net\\\/wp-content\\\/uploads\\\/2019\\\/04\\\/bcn_tours_logo-e1556215659835.png\",\"width\":250,\"height\":89,\"caption\":\"Barcelona Tours\"},\"image\":{\"@id\":\"https:\\\/\\\/barcelonatours.net\\\/es#\\\/schema\\\/logo\\\/image\\\/\"},\"sameAs\":[\"https:\\\/\\\/www.facebook.com\\\/BarcelonaTours.net\\\/\",\"https:\\\/\\\/x.com\\\/BarcelonaTours1\",\"https:\\\/\\\/www.instagram.com\\\/barcelonatours\\\/\"]}]}<\/script>\n<!-- \/ Yoast SEO plugin. -->","yoast_head_json":{"title":"Visita guiada por el Barrio G\u00f3tico en Barcelona","description":"Explora las maravillas de la ciudad con una visita guiada por el Barrio G\u00f3tico de Barcelona. \u00a1Nuestro gu\u00eda profesional te mostrar\u00e1 los lugares de inter\u00e9s!","robots":{"index":"index","follow":"follow","max-snippet":"max-snippet:-1","max-image-preview":"max-image-preview:large","max-video-preview":"max-video-preview:-1"},"canonical":"https:\/\/barcelonatours.net\/es\/excursiones\/tour-barrio-gotico","og_locale":"es_ES","og_type":"article","og_title":"Visita guiada por el Barrio G\u00f3tico en Barcelona","og_description":"Explora las maravillas de la ciudad con una visita guiada por el Barrio G\u00f3tico de Barcelona. \u00a1Nuestro gu\u00eda profesional te mostrar\u00e1 los lugares de inter\u00e9s!","og_url":"https:\/\/barcelonatours.net\/es\/excursiones\/tour-barrio-gotico","og_site_name":"BarcelonaTours.net","article_publisher":"https:\/\/www.facebook.com\/BarcelonaTours.net\/","article_modified_time":"2025-03-24T16:29:40+00:00","og_image":[{"width":2000,"height":800,"url":"https:\/\/barcelonatours.net\/wp-content\/uploads\/2021\/10\/cathedral-rsz-e1561131745548.jpg","type":"image\/jpeg"}],"twitter_card":"summary_large_image","twitter_site":"@BarcelonaTours1","twitter_misc":{"Tiempo de lectura":"2 minutos"},"schema":{"@context":"https:\/\/schema.org","@graph":[{"@type":"WebPage","@id":"https:\/\/barcelonatours.net\/es\/excursiones\/tour-barrio-gotico","url":"https:\/\/barcelonatours.net\/es\/excursiones\/tour-barrio-gotico","name":"Visita guiada por el Barrio G\u00f3tico en Barcelona","isPartOf":{"@id":"https:\/\/barcelonatours.net\/es#website"},"primaryImageOfPage":{"@id":"https:\/\/barcelonatours.net\/es\/excursiones\/tour-barrio-gotico#primaryimage"},"image":{"@id":"https:\/\/barcelonatours.net\/es\/excursiones\/tour-barrio-gotico#primaryimage"},"thumbnailUrl":"https:\/\/barcelonatours.net\/wp-content\/uploads\/2021\/10\/cathedral-rsz-e1561131745548.jpg","datePublished":"2025-03-11T08:40:48+00:00","dateModified":"2025-03-24T16:29:40+00:00","description":"Explora las maravillas de la ciudad con una visita guiada por el Barrio G\u00f3tico de Barcelona. \u00a1Nuestro gu\u00eda profesional te mostrar\u00e1 los lugares de inter\u00e9s!","breadcrumb":{"@id":"https:\/\/barcelonatours.net\/es\/excursiones\/tour-barrio-gotico#breadcrumb"},"inLanguage":"es","potentialAction":[{"@type":"ReadAction","target":["https:\/\/barcelonatours.net\/es\/excursiones\/tour-barrio-gotico"]}]},{"@type":"ImageObject","inLanguage":"es","@id":"https:\/\/barcelonatours.net\/es\/excursiones\/tour-barrio-gotico#primaryimage","url":"https:\/\/barcelonatours.net\/wp-content\/uploads\/2021\/10\/cathedral-rsz-e1561131745548.jpg","contentUrl":"https:\/\/barcelonatours.net\/wp-content\/uploads\/2021\/10\/cathedral-rsz-e1561131745548.jpg","width":2000,"height":800,"caption":"Barcelona Cathedral Gothic Quarter"},{"@type":"BreadcrumbList","@id":"https:\/\/barcelonatours.net\/es\/excursiones\/tour-barrio-gotico#breadcrumb","itemListElement":[{"@type":"ListItem","position":1,"name":"Home","item":"https:\/\/barcelonatours.net\/es"},{"@type":"ListItem","position":2,"name":"Shop","item":"https:\/\/barcelonatours.net\/shop"},{"@type":"ListItem","position":3,"name":"Tour a pie por Barcelona&#8211;Casco antiguo"}]},{"@type":"WebSite","@id":"https:\/\/barcelonatours.net\/es#website","url":"https:\/\/barcelonatours.net\/es","name":"BarcelonaTours.net","description":"The best tours and team building activities of Barcelona","publisher":{"@id":"https:\/\/barcelonatours.net\/es#organization"},"alternateName":"Corporate event agency based in Barcelona","potentialAction":[{"@type":"SearchAction","target":{"@type":"EntryPoint","urlTemplate":"https:\/\/barcelonatours.net\/es?s={search_term_string}"},"query-input":{"@type":"PropertyValueSpecification","valueRequired":true,"valueName":"search_term_string"}}],"inLanguage":"es"},{"@type":"Organization","@id":"https:\/\/barcelonatours.net\/es#organization","name":"Barcelona Tours","url":"https:\/\/barcelonatours.net\/es","logo":{"@type":"ImageObject","inLanguage":"es","@id":"https:\/\/barcelonatours.net\/es#\/schema\/logo\/image\/","url":"https:\/\/barcelonatours.net\/wp-content\/uploads\/2019\/04\/bcn_tours_logo-e1556215659835.png","contentUrl":"https:\/\/barcelonatours.net\/wp-content\/uploads\/2019\/04\/bcn_tours_logo-e1556215659835.png","width":250,"height":89,"caption":"Barcelona Tours"},"image":{"@id":"https:\/\/barcelonatours.net\/es#\/schema\/logo\/image\/"},"sameAs":["https:\/\/www.facebook.com\/BarcelonaTours.net\/","https:\/\/x.com\/BarcelonaTours1","https:\/\/www.instagram.com\/barcelonatours\/"]}]}},"_links":{"self":[{"href":"https:\/\/barcelonatours.net\/es\/wp-json\/wp\/v2\/product\/8548","targetHints":{"allow":["GET"]}}],"collection":[{"href":"https:\/\/barcelonatours.net\/es\/wp-json\/wp\/v2\/product"}],"about":[{"href":"https:\/\/barcelonatours.net\/es\/wp-json\/wp\/v2\/types\/product"}],"replies":[{"embeddable":true,"href":"https:\/\/barcelonatours.net\/es\/wp-json\/wp\/v2\/comments?post=8548"}],"version-history":[{"count":0,"href":"https:\/\/barcelonatours.net\/es\/wp-json\/wp\/v2\/product\/8548\/revisions"}],"wp:featuredmedia":[{"embeddable":true,"href":"https:\/\/barcelonatours.net\/es\/wp-json\/wp\/v2\/media\/6831"}],"wp:attachment":[{"href":"https:\/\/barcelonatours.net\/es\/wp-json\/wp\/v2\/media?parent=8548"}],"wp:term":[{"taxonomy":"product_brand","embeddable":true,"href":"https:\/\/barcelonatours.net\/es\/wp-json\/wp\/v2\/product_brand?post=8548"},{"taxonomy":"product_cat","embeddable":true,"href":"https:\/\/barcelonatours.net\/es\/wp-json\/wp\/v2\/product_cat?post=8548"},{"taxonomy":"product_tag","embeddable":true,"href":"https:\/\/barcelonatours.net\/es\/wp-json\/wp\/v2\/product_tag?post=8548"}],"curies":[{"name":"wp","href":"https:\/\/api.w.org\/{rel}","templated":true}]}}