{"id":8086,"date":"2019-07-17T13:00:34","date_gmt":"2019-07-17T11:00:34","guid":{"rendered":"https:\/\/barcelonatours.net\/product\/dali-museum-girona-tour"},"modified":"2026-02-13T15:41:30","modified_gmt":"2026-02-13T14:41:30","slug":"dali-museo-girona-tour","status":"publish","type":"product","link":"https:\/\/barcelonatours.net\/es\/excursiones\/museo-dali-y-girona","title":{"rendered":"Tour en grupo a Girona y Museo Dal\u00ed desde Barcelona"},"content":{"rendered":"<div class=\"wpb-content-wrapper\">[vc_column][\/vc_column][vc_row][vc_column][vc_column_text css=&#8221;&#8221;]\n<h2>La Gran Combinaci\u00f3n Cultural: Dal\u00ed y Girona<\/h2>\n<p><span style=\"font-weight: 400;\">Ning\u00fan viaje a Catalu\u00f1a est\u00e1 verdaderamente completo sin experimentar su doble herencia de historia medieval y surrealismo moderno. <\/span><b>BarcelonaTours<\/b><span style=\"font-weight: 400;\"> ha organizado esta brillante excursi\u00f3n de d\u00eda completo que combina a la perfecci\u00f3n una visita a la hist\u00f3rica ciudad de <\/span><b>Gerona<\/b><span style=\"font-weight: 400;\"> con el incomparable <\/span><b>Museo Dal\u00ed<\/b><span style=\"font-weight: 400;\"> en Figueres, la ciudad natal del artista.<\/span><\/p>\n<p><span style=\"font-weight: 400;\">Comienza retrocediendo en el tiempo en Gerona, una maravilla arquitect\u00f3nica conocida por sus ruinas romanas y sus serpenteantes calles empedradas. Explorar\u00e1s su notablemente conservado <\/span><b>Barrio Jud\u00edo<\/b><span style=\"font-weight: 400;\">, admirar\u00e1s la imponente Catedral G\u00f3tica (que cuenta con la nave m\u00e1s ancha del mundo) y capturar\u00e1s vistas pintorescas de las coloridas casas que bordean el R\u00edo Onyar desde lo alto de las murallas medievales.<\/span><\/p>\n<p><span style=\"font-weight: 400;\">El viaje culmina en <\/span><b>Figueres<\/b><span style=\"font-weight: 400;\">, el coraz\u00f3n del &#8220;Tri\u00e1ngulo Dal\u00ed&#8221;. Aqu\u00ed, te sumergir\u00e1s en la mente surrealista de un genio en el <\/span><b>Teatro-Museo Dal\u00ed<\/b><span style=\"font-weight: 400;\">. Dise\u00f1ado por el propio Salvador Dal\u00ed y ubicado dram\u00e1ticamente dentro de las ruinas de un antiguo teatro, el museo es una obra maestra influyente que exhibe algunas de sus obras de arte m\u00e1s extra\u00f1as y queridas. Este <\/span><a href=\"https:\/\/barcelonatours.net\/es\/excursiones\/tour-privado-con-transporte\"><span style=\"font-weight: 400;\">tour<\/span><\/a><span style=\"font-weight: 400;\"> completo garantiza que experimentar\u00e1s plenamente estos lugares \u00fanicos en un solo d\u00eda inolvidable.<\/span>[\/vc_column_text][\/vc_column][\/vc_row][vc_row][vc_column][vc_column_text css=&#8221;&#8221;]\n<h2>Tour a pie por Girona y Figueres con entradas al Museo Dal\u00ed<\/h2>\n<\/p><p><!--more--><\/p>\n<table class=\"table table-bordered tours-tabs__table\" style=\"width: 98.6374%; height: 162px;\" width=\"99.2947%\">\n<tbody>\n<tr style=\"height: 24px;\">\n<td style=\"width: 21.0088%; height: 24px;\"><strong>PRECIO<\/strong><\/td>\n<td style=\"width: 78.0108%; height: 24px;\"><i class=\"fa fa-check icon-tick icon-tick--on\"><\/i> 95 \u20ac<\/td>\n<\/tr>\n<tr style=\"height: 24px;\">\n<td style=\"width: 21.0088%; height: 24px;\"><strong>UBICACI\u00d3N<\/strong><\/td>\n<td style=\"width: 78.0108%; height: 24px;\"><i class=\"fa fa-check icon-tick icon-tick--on\"><\/i><span style=\"font-weight: 400;\">Girona y Figueres<\/span><\/td>\n<\/tr>\n<tr style=\"height: 80px;\">\n<td style=\"width: 21.0088%; height: 80px;\"><strong>INCLUYE<\/strong><\/td>\n<td style=\"width: 78.0108%; height: 80px;\"><i class=\"fa fa-check icon-tick icon-tick--on\"><\/i><a href=\"https:\/\/barcelonatours.net\/es\/excursiones\"><b>Tours a pie<\/b><\/a><span style=\"font-weight: 400;\"> por Gerona y Figueres<\/span>\n<i class=\"fa fa-check icon-tick icon-tick--on\"><\/i><b>Gu\u00eda<\/b>\n<i class=\"fa fa-check icon-tick icon-tick--on\"><\/i><b>Entrada al Teatro-Museo Dal\u00ed<\/b>\n<i class=\"fa fa-check icon-tick icon-tick--on\"><\/i><b>Traslados<\/b><span style=\"font-weight: 400;\"> de ida y vuelta desde Barcelona<\/span><\/td>\n<\/tr>\n<tr style=\"height: 24px;\">\n<td style=\"width: 21.0088%; height: 24px;\"><strong><b>N\u00ba\u00a0 DE PERSONAS<\/b><\/strong><\/td>\n<td style=\"width: 78.0108%; height: 24px;\"><i class=\"fa fa-check icon-tick icon-tick--on\"><\/i> <span style=\"font-weight: 400;\">de <\/span><b>20 a 100 personas<\/b><\/td>\n<\/tr>\n<tr style=\"height: 82px;\">\n<td style=\"width: 21.0088%; height: 10px;\"><b>BENEFICIOS<\/b><\/td>\n<td style=\"width: 78.0108%; height: 10px;\">1\ufe0f\u20e3 <b>Combinaci\u00f3n Cultural Definitiva:<\/b><span style=\"font-weight: 400;\"> Experimenta sin fisuras dos destinos \u00fanicos \u2014Historia Medieval (Gerona) y Surrealismo Moderno (Dal\u00ed)\u2014 en una excursi\u00f3n de un d\u00eda eficiente.<\/span>\n<p>2\ufe0f\u20e3<span style=\"font-weight: 400;\">\u00a0<\/span><b>Inmersi\u00f3n Arquitect\u00f3nica:<\/b><span style=\"font-weight: 400;\"> Explora el Barrio Jud\u00edo mejor conservado de Gerona, sus murallas medievales y sus impresionantes joyas de la arquitectura g\u00f3tica.<\/span><\/p>\n<p>3\ufe0f\u20e3 <b>Viaje al Surrealismo:<\/b><span style=\"font-weight: 400;\"> Obt\u00e9n una perspectiva \u00fanica sobre el genio de Salvador Dal\u00ed visitando el ic\u00f3nico museo que \u00e9l mismo dise\u00f1\u00f3 en su ciudad natal, Figueres.<\/span><\/p><\/td>\n<\/tr>\n<\/tbody>\n<\/table>\n[\/vc_column_text][\/vc_column][\/vc_row][vc_row][vc_column][vc_column_text css=&#8221;&#8221;]\n<h2>\u2753C\u00d3MO FUNCIONA Y PREGUNTAS FRECUENTES<\/h2>\n<p><!--more--><\/p>\n<table class=\"table table-bordered tours-tabs__table\" style=\"width: 98.6374%; height: 138px;\" width=\"99.2947%\">\n<tbody>\n<tr style=\"height: 82px;\">\n<td style=\"width: 21.0088%; height: 10px;\"><b>C\u00d3MO FUNCIONA<\/b><\/td>\n<td style=\"width: 78.0108%; height: 24px;\">1\ufe0f\u20e3 Despu\u00e9s de recibir tu consulta, te enviaremos una propuesta con las mejores soluciones para tu evento y m\u00e1s ideas a considerar.\n<p>2\ufe0f\u20e3 T\u00fa eliges la mejor solucion y responderemos a todas tus preguntas por correo electr\u00f3nico (o tel\u00e9fono) hasta que est\u00e9s completamente satisfecho y listo para reservar.<\/p>\n<p>3\ufe0f\u20e3 Una vez establecidos todos los detalles, te facilitaremos el presupuesto final y solo solicitaremos un dep\u00f3sito del 20% para asegurar la fecha de tu evento.<\/p><\/td>\n<\/tr>\n<tr>\n<td style=\"width: 21.0088%;\"><b>COMMON FAQ<\/b><\/td>\n<td style=\"width: 78.0108%;\">1\ufe0f\u20e3 <strong>Condiciones de pago:<\/strong>\u00a0Para confirmar el evento, necesitamos un dep\u00f3sito del 20% y el importe total una semana antes. Puedes pagar mediante transferencia bancaria o con tarjeta de d\u00e9bito\/cr\u00e9dito a trav\u00e9s de un enlace de pago.\n<p>2\ufe0f\u20e3 <strong>N\u00fameros finales:<\/strong>\u00a0tienes la libertad de ajustar el n\u00famero de participantes para el evento hasta una semana antes, y no habr\u00e1 penalizaciones ni cargos adicionales. Sin embargo, hay que tener en cuenta que algunas actividades pueden tener precios variables seg\u00fan el tama\u00f1o del grupo.<span style=\"font-weight: 400;\"><br \/>\n<\/span><\/p>\n<p>3\ufe0f\u20e3 <strong>Itinerario final:<\/strong>\u00a0una semana antes del evento, recibir\u00e1s un resumen detallado con toda la informaci\u00f3n \u00fatil.<\/p><\/td>\n<\/tr>\n<\/tbody>\n<\/table>\n[\/vc_column_text][\/vc_column][\/vc_row][vc_row][vc_column][vc_column_text css=&#8221;&#8221;]<em><span style=\"font-size: 18pt;\"><strong>\u23ed\ufe0f \u00bfPasamos ya a la siguiente fase?<\/strong><\/span><\/em>\n<p>&nbsp;<\/p>\n<p style=\"text-align: left;\"><em><span style=\"font-size: 14pt;\"><strong>Pide un presupuesto r\u00e1pido:\u00a0 \u00a0<\/strong><\/span><\/em><\/p>\n<ul>\n<li style=\"text-align: left;\"><em><span style=\"font-size: 14pt;\"><strong>Email <a href=\"mailto:info@barcelonatours.net\" data-cke-saved-href=\"mailto:enquiry@barcelonatours.net\">info@barcelonatours.net<\/a>\u00a0\u00a0<\/strong><\/span><\/em><\/li>\n<li><em><span style=\"font-size: 14pt;\"><strong>Tel\/W&#8217;App\u00a0 <a href=\"tel: +34658768333\">+34 658 768 333<\/a><\/strong><\/span><\/em><\/li>\n<\/ul>\n<p>&nbsp;<\/p>\n<p style=\"text-align: left;\"><em><span style=\"font-size: 14pt;\"><strong>Clientes satisfechos, lo que dicen de nosotros:\u00a0 \u2b50\ufe0f\u2b50\ufe0f\u2b50\ufe0f\u2b50\ufe0f\u2b50\ufe0f <a href=\"https:\/\/www.google.com\/maps\/place\/BarcelonaTours.net\/@41.406933,2.1567085,17z\/data=!3m1!5s0x12a4a2e9f0c7847d:0xe1ddc3cf1f5a665f!4m8!3m7!1s0x12a4a2a5c1e2257d:0xcab7dbbfc67e084a!8m2!3d41.406933!4d2.1567085!9m1!1b1!16s%2Fg%2F12lk5ddc3?hl=en-US&amp;entry=ttu&amp;g_ep=EgoyMDI1MDExNS4wIKXMDSoASAFQAw%3D%3D\">Google reviews<\/a><\/strong><\/span><\/em><\/p>\n<p style=\"text-align: left;\"><em><span style=\"font-size: 14pt;\"><strong>Alg\u00fan reportaje de los eventos hechos:<\/strong><\/span><\/em><span style=\"box-sizing: border-box; margin: 0px; padding: 0px;\"><em><strong><span style=\"font-size: 14pt;\"> <a href=\"https:\/\/www.linkedin.com\/company\/1708408\/admin\/page-posts\/published\/\">publicaciones en LinkedIn<\/a><\/span><\/strong><\/em><\/span><\/p>\n[\/vc_column_text][\/vc_column][\/vc_row]\n<\/div>","protected":false},"excerpt":{"rendered":"<p>Viaja durante un d\u00eda a la mente de Dal\u00ed y visita la preciosa ciudad medieval de Girona. Tour grupal.<\/p>\n","protected":false},"featured_media":4691,"comment_status":"closed","ping_status":"closed","template":"","meta":{"footnotes":""},"product_brand":[],"product_cat":[3676],"product_tag":[],"class_list":{"0":"post-8086","1":"product","2":"type-product","3":"status-publish","4":"has-post-thumbnail","6":"product_cat-sightseeing-private-tours","7":"tour_category-es-rutas-desde-barcelona","9":"first","10":"instock","11":"virtual","12":"taxable","13":"purchasable","14":"product-type-tour"},"yoast_head":"<!-- This site is optimized with the Yoast SEO plugin v27.3 - https:\/\/yoast.com\/product\/yoast-seo-wordpress\/ -->\n<title>Tour en grupo de un d\u00eda al Museo Dal\u00ed y Girona - BarcelonaTours.net<\/title>\n<meta name=\"description\" content=\"Reserva tu excursi\u00f3n de un d\u00eda a dos lugares \u00fanicos de Catalunya, la ciudad de Girona y el Museo Dal\u00ed en Figueres. \u00a1Escr\u00edbenos hoy mismo!\" \/>\n<meta name=\"robots\" content=\"index, follow, max-snippet:-1, max-image-preview:large, max-video-preview:-1\" \/>\n<link rel=\"canonical\" href=\"https:\/\/barcelonatours.net\/es\/excursiones\/museo-dali-y-girona\" \/>\n<meta property=\"og:locale\" content=\"es_ES\" \/>\n<meta property=\"og:type\" content=\"article\" \/>\n<meta property=\"og:title\" content=\"Tour en grupo de un d\u00eda al Museo Dal\u00ed y Girona - BarcelonaTours.net\" \/>\n<meta property=\"og:description\" content=\"Reserva tu excursi\u00f3n de un d\u00eda a dos lugares \u00fanicos de Catalunya, la ciudad de Girona y el Museo Dal\u00ed en Figueres. \u00a1Escr\u00edbenos hoy mismo!\" \/>\n<meta property=\"og:url\" content=\"https:\/\/barcelonatours.net\/es\/excursiones\/museo-dali-y-girona\" \/>\n<meta property=\"og:site_name\" content=\"BarcelonaTours.net\" \/>\n<meta property=\"article:publisher\" content=\"https:\/\/www.facebook.com\/BarcelonaTours.net\/\" \/>\n<meta property=\"article:modified_time\" content=\"2026-02-13T14:41:30+00:00\" \/>\n<meta property=\"og:image\" content=\"https:\/\/barcelonatours.net\/wp-content\/uploads\/2019\/07\/igor-ferreira-aS66khl-rtE-unsplash-e1563362636872.jpg\" \/>\n\t<meta property=\"og:image:width\" content=\"2000\" \/>\n\t<meta property=\"og:image:height\" content=\"1125\" \/>\n\t<meta property=\"og:image:type\" content=\"image\/jpeg\" \/>\n<meta name=\"twitter:card\" content=\"summary_large_image\" \/>\n<meta name=\"twitter:site\" content=\"@BarcelonaTours1\" \/>\n<meta name=\"twitter:label1\" content=\"Tiempo de lectura\" \/>\n\t<meta name=\"twitter:data1\" content=\"3 minutos\" \/>\n<script type=\"application\/ld+json\" class=\"yoast-schema-graph\">{\"@context\":\"https:\\\/\\\/schema.org\",\"@graph\":[{\"@type\":\"WebPage\",\"@id\":\"https:\\\/\\\/barcelonatours.net\\\/es\\\/excursiones\\\/museo-dali-y-girona\",\"url\":\"https:\\\/\\\/barcelonatours.net\\\/es\\\/excursiones\\\/museo-dali-y-girona\",\"name\":\"Tour en grupo de un d\u00eda al Museo Dal\u00ed y Girona - BarcelonaTours.net\",\"isPartOf\":{\"@id\":\"https:\\\/\\\/barcelonatours.net\\\/es#website\"},\"primaryImageOfPage\":{\"@id\":\"https:\\\/\\\/barcelonatours.net\\\/es\\\/excursiones\\\/museo-dali-y-girona#primaryimage\"},\"image\":{\"@id\":\"https:\\\/\\\/barcelonatours.net\\\/es\\\/excursiones\\\/museo-dali-y-girona#primaryimage\"},\"thumbnailUrl\":\"https:\\\/\\\/barcelonatours.net\\\/wp-content\\\/uploads\\\/2019\\\/07\\\/igor-ferreira-aS66khl-rtE-unsplash-e1563362636872.jpg\",\"datePublished\":\"2019-07-17T11:00:34+00:00\",\"dateModified\":\"2026-02-13T14:41:30+00:00\",\"description\":\"Reserva tu excursi\u00f3n de un d\u00eda a dos lugares \u00fanicos de Catalunya, la ciudad de Girona y el Museo Dal\u00ed en Figueres. \u00a1Escr\u00edbenos hoy mismo!\",\"breadcrumb\":{\"@id\":\"https:\\\/\\\/barcelonatours.net\\\/es\\\/excursiones\\\/museo-dali-y-girona#breadcrumb\"},\"inLanguage\":\"es\",\"potentialAction\":[{\"@type\":\"ReadAction\",\"target\":[\"https:\\\/\\\/barcelonatours.net\\\/es\\\/excursiones\\\/museo-dali-y-girona\"]}]},{\"@type\":\"ImageObject\",\"inLanguage\":\"es\",\"@id\":\"https:\\\/\\\/barcelonatours.net\\\/es\\\/excursiones\\\/museo-dali-y-girona#primaryimage\",\"url\":\"https:\\\/\\\/barcelonatours.net\\\/wp-content\\\/uploads\\\/2019\\\/07\\\/igor-ferreira-aS66khl-rtE-unsplash-e1563362636872.jpg\",\"contentUrl\":\"https:\\\/\\\/barcelonatours.net\\\/wp-content\\\/uploads\\\/2019\\\/07\\\/igor-ferreira-aS66khl-rtE-unsplash-e1563362636872.jpg\",\"width\":2000,\"height\":1125},{\"@type\":\"BreadcrumbList\",\"@id\":\"https:\\\/\\\/barcelonatours.net\\\/es\\\/excursiones\\\/museo-dali-y-girona#breadcrumb\",\"itemListElement\":[{\"@type\":\"ListItem\",\"position\":1,\"name\":\"Home\",\"item\":\"https:\\\/\\\/barcelonatours.net\\\/es\"},{\"@type\":\"ListItem\",\"position\":2,\"name\":\"Shop\",\"item\":\"https:\\\/\\\/barcelonatours.net\\\/shop\"},{\"@type\":\"ListItem\",\"position\":3,\"name\":\"Tour en grupo a Girona y Museo Dal\u00ed desde Barcelona\"}]},{\"@type\":\"WebSite\",\"@id\":\"https:\\\/\\\/barcelonatours.net\\\/es#website\",\"url\":\"https:\\\/\\\/barcelonatours.net\\\/es\",\"name\":\"BarcelonaTours.net\",\"description\":\"The best tours and team building activities of Barcelona\",\"publisher\":{\"@id\":\"https:\\\/\\\/barcelonatours.net\\\/es#organization\"},\"potentialAction\":[{\"@type\":\"SearchAction\",\"target\":{\"@type\":\"EntryPoint\",\"urlTemplate\":\"https:\\\/\\\/barcelonatours.net\\\/es?s={search_term_string}\"},\"query-input\":{\"@type\":\"PropertyValueSpecification\",\"valueRequired\":true,\"valueName\":\"search_term_string\"}}],\"inLanguage\":\"es\"},{\"@type\":\"Organization\",\"@id\":\"https:\\\/\\\/barcelonatours.net\\\/es#organization\",\"name\":\"Barcelona Tours\",\"url\":\"https:\\\/\\\/barcelonatours.net\\\/es\",\"logo\":{\"@type\":\"ImageObject\",\"inLanguage\":\"es\",\"@id\":\"https:\\\/\\\/barcelonatours.net\\\/es#\\\/schema\\\/logo\\\/image\\\/\",\"url\":\"https:\\\/\\\/barcelonatours.net\\\/wp-content\\\/uploads\\\/2019\\\/04\\\/bcn_tours_logo-e1556215659835.png\",\"contentUrl\":\"https:\\\/\\\/barcelonatours.net\\\/wp-content\\\/uploads\\\/2019\\\/04\\\/bcn_tours_logo-e1556215659835.png\",\"width\":250,\"height\":89,\"caption\":\"Barcelona Tours\"},\"image\":{\"@id\":\"https:\\\/\\\/barcelonatours.net\\\/es#\\\/schema\\\/logo\\\/image\\\/\"},\"sameAs\":[\"https:\\\/\\\/www.facebook.com\\\/BarcelonaTours.net\\\/\",\"https:\\\/\\\/x.com\\\/BarcelonaTours1\",\"https:\\\/\\\/www.instagram.com\\\/barcelonatours\\\/\"]}]}<\/script>\n<!-- \/ Yoast SEO plugin. -->","yoast_head_json":{"title":"Tour en grupo de un d\u00eda al Museo Dal\u00ed y Girona - BarcelonaTours.net","description":"Reserva tu excursi\u00f3n de un d\u00eda a dos lugares \u00fanicos de Catalunya, la ciudad de Girona y el Museo Dal\u00ed en Figueres. \u00a1Escr\u00edbenos hoy mismo!","robots":{"index":"index","follow":"follow","max-snippet":"max-snippet:-1","max-image-preview":"max-image-preview:large","max-video-preview":"max-video-preview:-1"},"canonical":"https:\/\/barcelonatours.net\/es\/excursiones\/museo-dali-y-girona","og_locale":"es_ES","og_type":"article","og_title":"Tour en grupo de un d\u00eda al Museo Dal\u00ed y Girona - BarcelonaTours.net","og_description":"Reserva tu excursi\u00f3n de un d\u00eda a dos lugares \u00fanicos de Catalunya, la ciudad de Girona y el Museo Dal\u00ed en Figueres. \u00a1Escr\u00edbenos hoy mismo!","og_url":"https:\/\/barcelonatours.net\/es\/excursiones\/museo-dali-y-girona","og_site_name":"BarcelonaTours.net","article_publisher":"https:\/\/www.facebook.com\/BarcelonaTours.net\/","article_modified_time":"2026-02-13T14:41:30+00:00","og_image":[{"width":2000,"height":1125,"url":"https:\/\/barcelonatours.net\/wp-content\/uploads\/2019\/07\/igor-ferreira-aS66khl-rtE-unsplash-e1563362636872.jpg","type":"image\/jpeg"}],"twitter_card":"summary_large_image","twitter_site":"@BarcelonaTours1","twitter_misc":{"Tiempo de lectura":"3 minutos"},"schema":{"@context":"https:\/\/schema.org","@graph":[{"@type":"WebPage","@id":"https:\/\/barcelonatours.net\/es\/excursiones\/museo-dali-y-girona","url":"https:\/\/barcelonatours.net\/es\/excursiones\/museo-dali-y-girona","name":"Tour en grupo de un d\u00eda al Museo Dal\u00ed y Girona - BarcelonaTours.net","isPartOf":{"@id":"https:\/\/barcelonatours.net\/es#website"},"primaryImageOfPage":{"@id":"https:\/\/barcelonatours.net\/es\/excursiones\/museo-dali-y-girona#primaryimage"},"image":{"@id":"https:\/\/barcelonatours.net\/es\/excursiones\/museo-dali-y-girona#primaryimage"},"thumbnailUrl":"https:\/\/barcelonatours.net\/wp-content\/uploads\/2019\/07\/igor-ferreira-aS66khl-rtE-unsplash-e1563362636872.jpg","datePublished":"2019-07-17T11:00:34+00:00","dateModified":"2026-02-13T14:41:30+00:00","description":"Reserva tu excursi\u00f3n de un d\u00eda a dos lugares \u00fanicos de Catalunya, la ciudad de Girona y el Museo Dal\u00ed en Figueres. \u00a1Escr\u00edbenos hoy mismo!","breadcrumb":{"@id":"https:\/\/barcelonatours.net\/es\/excursiones\/museo-dali-y-girona#breadcrumb"},"inLanguage":"es","potentialAction":[{"@type":"ReadAction","target":["https:\/\/barcelonatours.net\/es\/excursiones\/museo-dali-y-girona"]}]},{"@type":"ImageObject","inLanguage":"es","@id":"https:\/\/barcelonatours.net\/es\/excursiones\/museo-dali-y-girona#primaryimage","url":"https:\/\/barcelonatours.net\/wp-content\/uploads\/2019\/07\/igor-ferreira-aS66khl-rtE-unsplash-e1563362636872.jpg","contentUrl":"https:\/\/barcelonatours.net\/wp-content\/uploads\/2019\/07\/igor-ferreira-aS66khl-rtE-unsplash-e1563362636872.jpg","width":2000,"height":1125},{"@type":"BreadcrumbList","@id":"https:\/\/barcelonatours.net\/es\/excursiones\/museo-dali-y-girona#breadcrumb","itemListElement":[{"@type":"ListItem","position":1,"name":"Home","item":"https:\/\/barcelonatours.net\/es"},{"@type":"ListItem","position":2,"name":"Shop","item":"https:\/\/barcelonatours.net\/shop"},{"@type":"ListItem","position":3,"name":"Tour en grupo a Girona y Museo Dal\u00ed desde Barcelona"}]},{"@type":"WebSite","@id":"https:\/\/barcelonatours.net\/es#website","url":"https:\/\/barcelonatours.net\/es","name":"BarcelonaTours.net","description":"The best tours and team building activities of Barcelona","publisher":{"@id":"https:\/\/barcelonatours.net\/es#organization"},"potentialAction":[{"@type":"SearchAction","target":{"@type":"EntryPoint","urlTemplate":"https:\/\/barcelonatours.net\/es?s={search_term_string}"},"query-input":{"@type":"PropertyValueSpecification","valueRequired":true,"valueName":"search_term_string"}}],"inLanguage":"es"},{"@type":"Organization","@id":"https:\/\/barcelonatours.net\/es#organization","name":"Barcelona Tours","url":"https:\/\/barcelonatours.net\/es","logo":{"@type":"ImageObject","inLanguage":"es","@id":"https:\/\/barcelonatours.net\/es#\/schema\/logo\/image\/","url":"https:\/\/barcelonatours.net\/wp-content\/uploads\/2019\/04\/bcn_tours_logo-e1556215659835.png","contentUrl":"https:\/\/barcelonatours.net\/wp-content\/uploads\/2019\/04\/bcn_tours_logo-e1556215659835.png","width":250,"height":89,"caption":"Barcelona Tours"},"image":{"@id":"https:\/\/barcelonatours.net\/es#\/schema\/logo\/image\/"},"sameAs":["https:\/\/www.facebook.com\/BarcelonaTours.net\/","https:\/\/x.com\/BarcelonaTours1","https:\/\/www.instagram.com\/barcelonatours\/"]}]}},"_links":{"self":[{"href":"https:\/\/barcelonatours.net\/es\/wp-json\/wp\/v2\/product\/8086","targetHints":{"allow":["GET"]}}],"collection":[{"href":"https:\/\/barcelonatours.net\/es\/wp-json\/wp\/v2\/product"}],"about":[{"href":"https:\/\/barcelonatours.net\/es\/wp-json\/wp\/v2\/types\/product"}],"replies":[{"embeddable":true,"href":"https:\/\/barcelonatours.net\/es\/wp-json\/wp\/v2\/comments?post=8086"}],"version-history":[{"count":2,"href":"https:\/\/barcelonatours.net\/es\/wp-json\/wp\/v2\/product\/8086\/revisions"}],"predecessor-version":[{"id":15964,"href":"https:\/\/barcelonatours.net\/es\/wp-json\/wp\/v2\/product\/8086\/revisions\/15964"}],"wp:featuredmedia":[{"embeddable":true,"href":"https:\/\/barcelonatours.net\/es\/wp-json\/wp\/v2\/media\/4691"}],"wp:attachment":[{"href":"https:\/\/barcelonatours.net\/es\/wp-json\/wp\/v2\/media?parent=8086"}],"wp:term":[{"taxonomy":"product_brand","embeddable":true,"href":"https:\/\/barcelonatours.net\/es\/wp-json\/wp\/v2\/product_brand?post=8086"},{"taxonomy":"product_cat","embeddable":true,"href":"https:\/\/barcelonatours.net\/es\/wp-json\/wp\/v2\/product_cat?post=8086"},{"taxonomy":"product_tag","embeddable":true,"href":"https:\/\/barcelonatours.net\/es\/wp-json\/wp\/v2\/product_tag?post=8086"}],"curies":[{"name":"wp","href":"https:\/\/api.w.org\/{rel}","templated":true}]}}