{"id":8084,"date":"2019-07-16T16:16:21","date_gmt":"2019-07-16T14:16:21","guid":{"rendered":"https:\/\/barcelonatours.net\/product\/gaudi-tour-of-barcelona"},"modified":"2024-12-11T18:31:37","modified_gmt":"2024-12-11T17:31:37","slug":"ruta-gaudi-barcelona","status":"publish","type":"product","link":"https:\/\/barcelonatours.net\/es\/excursiones\/ruta-gaudi-barcelona","title":{"rendered":"Ruta Gaud\u00ed en Barcelona"},"content":{"rendered":"<p>La <strong>Ruta Gaud\u00ed en Barcelona<\/strong> es una actividad que te lleva a las mejores obras que ha creado el arquitecto <a href=\"https:\/\/en.wikipedia.org\/wiki\/Antoni_Gaud%C3%AD\" target=\"_blank\" rel=\"noopener\">Antoni Gaudi<\/a>. Visitar\u00e1s <strong>Casa Batll\u00f3<\/strong>, <strong>La Pedrera<\/strong>, <strong>La Sagrada Familia<\/strong> y el <strong>Park G\u00fcell<\/strong>. Todas estas obras se podr\u00e1n ver desde el exterior, excepto el <strong>Park G\u00fcell, donde la entrada est\u00e1 incluida<\/strong>.<\/p>\n<p>Descubre el maravilloso mundo de este genio, que dej\u00f3 su huella en el perfil arquitect\u00f3nico de Barcelona. Gaud\u00ed supuso una influencia importante para el movimiento modernista, que ofreci\u00f3 a Barcelona algunos de los edificios m\u00e1s fascinantes.<\/p>\n<p>Deja que nuestro gu\u00eda te muestre las obras arquitect\u00f3nicas que Gaud\u00ed dise\u00f1\u00f3 con gran audacia y descubre las dos caras (est\u00e9tica y t\u00e9cnica) de <strong>este genio y de su extraordinaria imaginaci\u00f3n<\/strong>. No finalices tu viaje por Barcelona sin antes haber entendido algunas de sus obras m\u00e1s excepcionales.<\/p>\n<p>Para visitar el <strong>Barrio G\u00f3tico de Barcelona<\/strong>, reserva tu <a href=\"https:\/\/barcelonatours.net\/es\/excursiones\/tour-barrio-gotico\" target=\"_blank\" rel=\"noopener\">ruta privada a pie por Barcelona<\/a>. \u00bfQuieres ver m\u00e1s cosas? <strong>Pide un presupuesto en el que se incluyan entradas a lugares de inter\u00e9s<\/strong> o busca la <a href=\"https:\/\/barcelonatours.net\/es\/excursiones-turisticas\" target=\"_blank\" rel=\"noopener\">excursi\u00f3n de d\u00eda por Barcelona<\/a> que m\u00e1s te guste.<\/p>\n<table class=\"table table-bordered tours-tabs__table\" style=\"width: 100%;\">\n<tbody>\n<tr style=\"height: 24px;\">\n<td style=\"width: 18.0343%; height: 24px;\"><strong>INFORMACI\u00d3N GENERAL<\/strong><\/td>\n<td style=\"width: 80.9853%; height: 24px;\"><span class=\"activity-inclusions__test activity-inclusions__test--include\" data-v-7f050b3d=\"\"><i class=\"fa fa-check icon-tick icon-tick--on\"><\/i><\/span>Duraci\u00f3n: 3-4 horas (consulta disponibilidad y horarios)\n<p><span class=\"activity-inclusions__test activity-inclusions__test--include\" data-v-7f050b3d=\"\"><i class=\"fa fa-check icon-tick icon-tick--on\"><\/i> <\/span>Lugar de encuentro: tu alojamiento u otro sitio<\/p>\n<p><span class=\"activity-inclusions__test activity-inclusions__test--include\" data-v-7f050b3d=\"\"><i class=\"fa fa-check icon-tick icon-tick--on\"><\/i>Entrada directa al Park G\u00fcell<\/span><\/p><\/td>\n<\/tr>\n<tr style=\"height: 80px;\">\n<td style=\"width: 18.0343%; height: 80px;\"><strong>INCLUYE<\/strong><\/td>\n<td style=\"width: 80.9853%; height: 80px;\"><span class=\"activity-inclusions__test activity-inclusions__test--include\" data-v-7f050b3d=\"\"><i class=\"fa fa-check icon-tick icon-tick--on\"><\/i>Gu\u00eda Oficial (espa\u00f1ol, ingl\u00e9s, franc\u00e9s, italiano, alem\u00e1n)<\/span>\n<p><span class=\"activity-inclusions__test activity-inclusions__test--include\" data-v-7f050b3d=\"\"><i class=\"fa fa-check icon-tick icon-tick--on\"><\/i>Entra directamente al Parc G\u00fcell sin necesidad de hacer cola<br \/>\n<\/span><\/p>\n<p><span class=\"activity-inclusions__test activity-inclusions__test--include\" data-v-7f050b3d=\"\"><i class=\"fa fa-check icon-tick icon-tick--on\"><\/i>Itinerario: Casa Batll\u00f3 (desde fuera), La Pedrera (desde fuera), Sagrada Familia (desde fuera), Park G\u00fcell (entrada incluida)<br \/>\n<\/span><\/p>\n<p><span class=\"activity-inclusions__test activity-inclusions__test--include\" data-v-7f050b3d=\"\"><i class=\"fa fa-check icon-tick icon-tick--on\"><\/i>Tour guiada de Park G\u00fcell<\/span><\/p>\n<p><span class=\"activity-inclusions__test activity-inclusions__test--include\" data-v-7f050b3d=\"\"><i class=\"fa fa-check icon-tick icon-tick--on\"><\/i>Transporte Privado<br \/>\n<\/span><\/p>\n<p><span class=\"activity-inclusions__test activity-inclusions__test--include\" data-v-7f050b3d=\"\"><i class=\"fa fa-times icon-tick icon-tick--off\"><\/i>Comida y bebidas<\/span><\/p><\/td>\n<\/tr>\n<\/tbody>\n<\/table>\n<p><strong>C<b>ont\u00e1ctanos<\/b>\u00a0Email:<\/strong>\u00a0<a href=\"mailto:enquiry@barcelonatours.net\" data-cke-saved-href=\"mailto:enquiry@barcelonatours.net\">info@barcelonatours.net<\/a>\u00a0\u00a0<strong>\u00a0Tel\/<\/strong><strong>W\u2019App:<\/strong>\u00a0\u00a0<a href=\"tel: +34658768333\">+34 658 768 333<\/a><\/p>\n<h2>Ruta Gaud\u00ed: Una clase magistral sobre modernismo y mosaicos.<\/h2>\n<h3><strong>La Sagrada Fam\u00edlia<\/strong><\/h3>\n<p><img decoding=\"async\" class=\"alignright wp-image-4686 lazyload\" data-src=\"https:\/\/barcelonatours.net\/wp-content\/uploads\/2019\/07\/isaac-d-k9-cMej273U-unsplash-e1571836511526.jpg\" alt=\"La Sagrada Familia; stained glass windows\" width=\"421\" height=\"280\" data-srcset=\"https:\/\/barcelonatours.net\/wp-content\/uploads\/2019\/07\/isaac-d-k9-cMej273U-unsplash-e1571836511526.jpg 1600w, https:\/\/barcelonatours.net\/wp-content\/uploads\/2019\/07\/isaac-d-k9-cMej273U-unsplash-e1571836511526-531x354.jpg 531w, https:\/\/barcelonatours.net\/wp-content\/uploads\/2019\/07\/isaac-d-k9-cMej273U-unsplash-e1571836511526-180x120.jpg 180w, https:\/\/barcelonatours.net\/wp-content\/uploads\/2019\/07\/isaac-d-k9-cMej273U-unsplash-e1571836511526-600x400.jpg 600w, https:\/\/barcelonatours.net\/wp-content\/uploads\/2019\/07\/isaac-d-k9-cMej273U-unsplash-e1571836511526-360x240.jpg 360w\" data-sizes=\"(max-width: 421px) 100vw, 421px\" src=\"data:image\/svg+xml;base64,PHN2ZyB3aWR0aD0iMSIgaGVpZ2h0PSIxIiB4bWxucz0iaHR0cDovL3d3dy53My5vcmcvMjAwMC9zdmciPjwvc3ZnPg==\" style=\"--smush-placeholder-width: 421px; --smush-placeholder-aspect-ratio: 421\/280;\" \/>La Sagrada Fam\u00edlia es quiz\u00e1 uno de los iconos m\u00e1s famosos de Barcelona. <strong>El edificio ha sido declarado Patrimonio de la Humanidad por la UNESCO<\/strong>. Este templo, ideado por el genio y arquitecto Antoni Gaud\u00ed, sigue en construcci\u00f3n dada la complejidad de su estructura y dise\u00f1o.<\/p>\n<p>Gaud\u00ed dedic\u00f3 los \u00faltimos a\u00f1os de su vida a esta obra: una s\u00edntesis de su conocimiento arquitect\u00f3nico. Desafortunadamente, muri\u00f3 antes de que se cumpliera su sue\u00f1o. <strong>Se prev\u00e9e que las obras finalizen en 2026<\/strong>, coincidiendo con el centenario de la muerte de Gaud\u00ed. Semana tras semana, a\u00f1o tras a\u00f1o, los residentes de Barcelona observan con asombro c\u00f3mo la bas\u00edlica se va completando.<\/p>\n<h3>Ruta guiada:<\/h3>\n<p>Vuestro gu\u00eda os ayudar\u00e1 a apreciar la riqueza de este edificio. Podr\u00e9is identificar el simbolismo escondido tras cada esquina, y descubrir las historias que se esconden en cada una de las tres fachadas. Al este, encontramos el <strong>Nacimiento<\/strong> al oeste la <strong>Pasi\u00f3n<\/strong> y, al rodear el templo, la <strong>Gloria<\/strong>. El gu\u00eda os mostrar\u00e1 d\u00f3nde se sit\u00faa cada detalle.<\/p>\n<p>Una vez completada, el edificio tendr\u00e1 <strong>18 chapiteles<\/strong>, de los cuales el central medir\u00e1 <strong>172 metros,<\/strong> lo que convertir\u00e1 la Sagrada Fam\u00edlia en la iglesia m\u00e1s alta del mundo. De este modo, lograr\u00e1 superar a la actual iglesia que ostenta este t\u00edtulo, la iglesia de Ulm, en <a href=\"https:\/\/thetowerinfo.com\/tallest-churches-in-the-world\/\" target=\"_blank\" rel=\"noopener\">Alemania<\/a>.<\/p>\n<p>Gaud\u00ed reconoci\u00f3 haberse inspirado muchas veces en la naturaleza. Las columnas interiores parecen \u00e1rboles cuyas ramas crecen hasta llegar al techo. Las vidrieras permiten que la luz del sol ba\u00f1e la iglesia con colores como el naranja, verde, azul y rojo.<\/p>\n<hr \/>\n<h3>Park G\u00fcell<\/h3>\n<p><img decoding=\"async\" class=\"wp-image-5521 alignright lazyload\" data-src=\"https:\/\/barcelonatours.net\/wp-content\/uploads\/2019\/11\/tania-mousinho-eMoibijaLu8-unsplash.jpg\" alt=\"Gaudi Tour - Park Guell \" width=\"319\" height=\"478\" data-srcset=\"https:\/\/barcelonatours.net\/wp-content\/uploads\/2019\/11\/tania-mousinho-eMoibijaLu8-unsplash.jpg 1367w, https:\/\/barcelonatours.net\/wp-content\/uploads\/2019\/11\/tania-mousinho-eMoibijaLu8-unsplash-600x899.jpg 600w\" data-sizes=\"(max-width: 319px) 100vw, 319px\" src=\"data:image\/svg+xml;base64,PHN2ZyB3aWR0aD0iMSIgaGVpZ2h0PSIxIiB4bWxucz0iaHR0cDovL3d3dy53My5vcmcvMjAwMC9zdmciPjwvc3ZnPg==\" style=\"--smush-placeholder-width: 319px; --smush-placeholder-aspect-ratio: 319\/478;\" \/>Durante la Ruta Gaud\u00ed, tambi\u00e9n podr\u00e1s acceder a otro de los tesoros de este arquitecto: el <strong>Park G\u00fcell<\/strong>. Este vasto parque est\u00e1 situado al norte de la ciudad y en \u00e9l residen varios ejemplos del estilo <strong>trencad\u00eds<\/strong> que caracteriza las obras de Gaud\u00ed. Si no has o\u00eddo hablar de este estilo antes, a continuaci\u00f3n te explicamos de qu\u00e9 se trata. El estilo trencad\u00eds es un tipo de <strong>dise\u00f1o mosaico<\/strong> en el que se usan trozos de azulejos rotos para crear patrones decorativos.<\/p>\n<p>En el centro del parque encontrar\u00e1s una terraza delimitada por balcones con paredes y bancos curvil\u00edneos. Se dice que simboliza un <strong>mar serpenteante<\/strong>. Desde all\u00ed, puedes observar el estilo trencad\u00eds de las paredes y disfrutar de las espectaculares vistas de la ciudad.<\/p>\n<p>Bajo esta terraza, hay un patio lleno de columnas. En el techo, podr\u00e1s identificar platos rotos, junto con otras piezas cer\u00e1micas, que se han usado para crear im\u00e1genes abstractas.<\/p>\n<p>Una de las oportunidades fotogr\u00e1ficas que ofrece el parque es la del famoso drag\u00f3n. La escalinata del drag\u00f3n aparece en much\u00edsimas gu\u00edas y postales de Barcelona.<\/p>\n<h3>Datos curiosos<\/h3>\n<p>El gu\u00eda que acompa\u00f1ar\u00e1 al grupo compartir\u00e1 con vosotros aspectos hist\u00f3ricos y curiosos del parque. Por ejemplo, este parque recibe su nombre en honor al <strong>Conde Eusebi G\u00fcell<\/strong>, que quer\u00eda crear una urbanizaci\u00f3n inspirada en el <strong>movimiento urban\u00edstico de la ciudad jard\u00edn<\/strong>.<\/p>\n<p>Finalmente, este proyecto no se llev\u00f3 a cabo pero permiti\u00f3 a Gaud\u00ed practicar soluciones estructurales novedosas, que dieron como resultado el estilo org\u00e1nico que lo caracteriza. M\u00e1s tarde, gracias a esas pruebas, desarroll\u00f3 el dise\u00f1o de la Sagrada Fam\u00edlia.<\/p>\n<blockquote><p><strong>Esta Ruta Gaud\u00ed incluye la entrada directa al Parc G\u00fcell<\/strong><\/p><\/blockquote>\n<p>\u00bfQuieres ver m\u00e1s cosas? Pide un presupuesto en el que se incluyan entradas a lugares de inter\u00e9s o busca la <a href=\"https:\/\/barcelonatours.net\/es\/excursiones-turisticas\" target=\"_blank\" rel=\"noopener\">excursi\u00f3n de d\u00eda por Barcelona\u00a0<\/a>que m\u00e1s te guste.<\/p>\n","protected":false},"excerpt":{"rendered":"<p>Disfruta de Barcelona a trav\u00e9s de los ojos del conocido arquitecto Antoni Gaud\u00ed. \u00a1Ver\u00e1s edificios que te dejar\u00e1n sin palabras!<\/p>\n","protected":false},"featured_media":4686,"comment_status":"closed","ping_status":"closed","template":"","meta":{"footnotes":""},"product_brand":[],"product_cat":[3770,3676],"product_tag":[],"class_list":{"0":"post-8084","1":"product","2":"type-product","3":"status-publish","4":"has-post-thumbnail","6":"product_cat-private-tours-es","7":"product_cat-sightseeing-private-tours","8":"tour_category-sightseeing-tours-es","9":"tour_category-private-tours-es","11":"first","12":"instock","13":"virtual","14":"taxable","15":"purchasable","16":"product-type-tour"},"yoast_head":"<!-- This site is optimized with the Yoast SEO plugin v27.4 - https:\/\/yoast.com\/product\/yoast-seo-wordpress\/ -->\n<title>Ruta Privada Gaud\u00ed: Sagrada Familia, Park G\u00fcell y m\u00e1s, Barcelona<\/title>\n<meta name=\"description\" content=\"Visita lo mejor de Gaud\u00ed en una ruta muy especial con espacios arquitect\u00f3nicos emblem\u00e1ticos de Barcelona dise\u00f1ados por por el famoso arquitecto\" \/>\n<meta name=\"robots\" content=\"index, follow, max-snippet:-1, max-image-preview:large, max-video-preview:-1\" \/>\n<link rel=\"canonical\" href=\"https:\/\/barcelonatours.net\/es\/excursiones\/ruta-gaudi-barcelona\" \/>\n<meta property=\"og:locale\" content=\"es_ES\" \/>\n<meta property=\"og:type\" content=\"article\" \/>\n<meta property=\"og:title\" content=\"Ruta Privada Gaud\u00ed: Sagrada Familia, Park G\u00fcell y m\u00e1s, Barcelona\" \/>\n<meta property=\"og:description\" content=\"Visita lo mejor de Gaud\u00ed en una ruta muy especial con espacios arquitect\u00f3nicos emblem\u00e1ticos de Barcelona dise\u00f1ados por por el famoso arquitecto\" \/>\n<meta property=\"og:url\" content=\"https:\/\/barcelonatours.net\/es\/excursiones\/ruta-gaudi-barcelona\" \/>\n<meta property=\"og:site_name\" content=\"BarcelonaTours.net\" \/>\n<meta property=\"article:publisher\" content=\"https:\/\/www.facebook.com\/BarcelonaTours.net\/\" \/>\n<meta property=\"article:modified_time\" content=\"2024-12-11T17:31:37+00:00\" \/>\n<meta property=\"og:image\" content=\"https:\/\/barcelonatours.net\/wp-content\/uploads\/2019\/07\/isaac-d-k9-cMej273U-unsplash-e1571836511526.jpg\" \/>\n\t<meta property=\"og:image:width\" content=\"1600\" \/>\n\t<meta property=\"og:image:height\" content=\"1067\" \/>\n\t<meta property=\"og:image:type\" content=\"image\/jpeg\" \/>\n<meta name=\"twitter:card\" content=\"summary_large_image\" \/>\n<meta name=\"twitter:site\" content=\"@BarcelonaTours1\" \/>\n<meta name=\"twitter:label1\" content=\"Tiempo de lectura\" \/>\n\t<meta name=\"twitter:data1\" content=\"4 minutos\" \/>\n<script type=\"application\/ld+json\" class=\"yoast-schema-graph\">{\"@context\":\"https:\\\/\\\/schema.org\",\"@graph\":[{\"@type\":\"WebPage\",\"@id\":\"https:\\\/\\\/barcelonatours.net\\\/es\\\/excursiones\\\/ruta-gaudi-barcelona\",\"url\":\"https:\\\/\\\/barcelonatours.net\\\/es\\\/excursiones\\\/ruta-gaudi-barcelona\",\"name\":\"Ruta Privada Gaud\u00ed: Sagrada Familia, Park G\u00fcell y m\u00e1s, Barcelona\",\"isPartOf\":{\"@id\":\"https:\\\/\\\/barcelonatours.net\\\/es#website\"},\"primaryImageOfPage\":{\"@id\":\"https:\\\/\\\/barcelonatours.net\\\/es\\\/excursiones\\\/ruta-gaudi-barcelona#primaryimage\"},\"image\":{\"@id\":\"https:\\\/\\\/barcelonatours.net\\\/es\\\/excursiones\\\/ruta-gaudi-barcelona#primaryimage\"},\"thumbnailUrl\":\"https:\\\/\\\/barcelonatours.net\\\/wp-content\\\/uploads\\\/2019\\\/07\\\/isaac-d-k9-cMej273U-unsplash-e1571836511526.jpg\",\"datePublished\":\"2019-07-16T14:16:21+00:00\",\"dateModified\":\"2024-12-11T17:31:37+00:00\",\"description\":\"Visita lo mejor de Gaud\u00ed en una ruta muy especial con espacios arquitect\u00f3nicos emblem\u00e1ticos de Barcelona dise\u00f1ados por por el famoso arquitecto\",\"breadcrumb\":{\"@id\":\"https:\\\/\\\/barcelonatours.net\\\/es\\\/excursiones\\\/ruta-gaudi-barcelona#breadcrumb\"},\"inLanguage\":\"es\",\"potentialAction\":[{\"@type\":\"ReadAction\",\"target\":[\"https:\\\/\\\/barcelonatours.net\\\/es\\\/excursiones\\\/ruta-gaudi-barcelona\"]}]},{\"@type\":\"ImageObject\",\"inLanguage\":\"es\",\"@id\":\"https:\\\/\\\/barcelonatours.net\\\/es\\\/excursiones\\\/ruta-gaudi-barcelona#primaryimage\",\"url\":\"https:\\\/\\\/barcelonatours.net\\\/wp-content\\\/uploads\\\/2019\\\/07\\\/isaac-d-k9-cMej273U-unsplash-e1571836511526.jpg\",\"contentUrl\":\"https:\\\/\\\/barcelonatours.net\\\/wp-content\\\/uploads\\\/2019\\\/07\\\/isaac-d-k9-cMej273U-unsplash-e1571836511526.jpg\",\"width\":1600,\"height\":1067,\"caption\":\"La Sagrada Familia; stained glass windows\"},{\"@type\":\"BreadcrumbList\",\"@id\":\"https:\\\/\\\/barcelonatours.net\\\/es\\\/excursiones\\\/ruta-gaudi-barcelona#breadcrumb\",\"itemListElement\":[{\"@type\":\"ListItem\",\"position\":1,\"name\":\"Home\",\"item\":\"https:\\\/\\\/barcelonatours.net\\\/es\"},{\"@type\":\"ListItem\",\"position\":2,\"name\":\"Shop\",\"item\":\"https:\\\/\\\/barcelonatours.net\\\/shop\"},{\"@type\":\"ListItem\",\"position\":3,\"name\":\"Ruta Gaud\u00ed en Barcelona\"}]},{\"@type\":\"WebSite\",\"@id\":\"https:\\\/\\\/barcelonatours.net\\\/es#website\",\"url\":\"https:\\\/\\\/barcelonatours.net\\\/es\",\"name\":\"BarcelonaTours.net\",\"description\":\"The best tours and team building activities of Barcelona\",\"publisher\":{\"@id\":\"https:\\\/\\\/barcelonatours.net\\\/es#organization\"},\"alternateName\":\"Corporate event agency based in Barcelona\",\"potentialAction\":[{\"@type\":\"SearchAction\",\"target\":{\"@type\":\"EntryPoint\",\"urlTemplate\":\"https:\\\/\\\/barcelonatours.net\\\/es?s={search_term_string}\"},\"query-input\":{\"@type\":\"PropertyValueSpecification\",\"valueRequired\":true,\"valueName\":\"search_term_string\"}}],\"inLanguage\":\"es\"},{\"@type\":\"Organization\",\"@id\":\"https:\\\/\\\/barcelonatours.net\\\/es#organization\",\"name\":\"Barcelona Tours\",\"url\":\"https:\\\/\\\/barcelonatours.net\\\/es\",\"logo\":{\"@type\":\"ImageObject\",\"inLanguage\":\"es\",\"@id\":\"https:\\\/\\\/barcelonatours.net\\\/es#\\\/schema\\\/logo\\\/image\\\/\",\"url\":\"https:\\\/\\\/barcelonatours.net\\\/wp-content\\\/uploads\\\/2019\\\/04\\\/bcn_tours_logo-e1556215659835.png\",\"contentUrl\":\"https:\\\/\\\/barcelonatours.net\\\/wp-content\\\/uploads\\\/2019\\\/04\\\/bcn_tours_logo-e1556215659835.png\",\"width\":250,\"height\":89,\"caption\":\"Barcelona Tours\"},\"image\":{\"@id\":\"https:\\\/\\\/barcelonatours.net\\\/es#\\\/schema\\\/logo\\\/image\\\/\"},\"sameAs\":[\"https:\\\/\\\/www.facebook.com\\\/BarcelonaTours.net\\\/\",\"https:\\\/\\\/x.com\\\/BarcelonaTours1\",\"https:\\\/\\\/www.instagram.com\\\/barcelonatours\\\/\"]}]}<\/script>\n<!-- \/ Yoast SEO plugin. -->","yoast_head_json":{"title":"Ruta Privada Gaud\u00ed: Sagrada Familia, Park G\u00fcell y m\u00e1s, Barcelona","description":"Visita lo mejor de Gaud\u00ed en una ruta muy especial con espacios arquitect\u00f3nicos emblem\u00e1ticos de Barcelona dise\u00f1ados por por el famoso arquitecto","robots":{"index":"index","follow":"follow","max-snippet":"max-snippet:-1","max-image-preview":"max-image-preview:large","max-video-preview":"max-video-preview:-1"},"canonical":"https:\/\/barcelonatours.net\/es\/excursiones\/ruta-gaudi-barcelona","og_locale":"es_ES","og_type":"article","og_title":"Ruta Privada Gaud\u00ed: Sagrada Familia, Park G\u00fcell y m\u00e1s, Barcelona","og_description":"Visita lo mejor de Gaud\u00ed en una ruta muy especial con espacios arquitect\u00f3nicos emblem\u00e1ticos de Barcelona dise\u00f1ados por por el famoso arquitecto","og_url":"https:\/\/barcelonatours.net\/es\/excursiones\/ruta-gaudi-barcelona","og_site_name":"BarcelonaTours.net","article_publisher":"https:\/\/www.facebook.com\/BarcelonaTours.net\/","article_modified_time":"2024-12-11T17:31:37+00:00","og_image":[{"width":1600,"height":1067,"url":"https:\/\/barcelonatours.net\/wp-content\/uploads\/2019\/07\/isaac-d-k9-cMej273U-unsplash-e1571836511526.jpg","type":"image\/jpeg"}],"twitter_card":"summary_large_image","twitter_site":"@BarcelonaTours1","twitter_misc":{"Tiempo de lectura":"4 minutos"},"schema":{"@context":"https:\/\/schema.org","@graph":[{"@type":"WebPage","@id":"https:\/\/barcelonatours.net\/es\/excursiones\/ruta-gaudi-barcelona","url":"https:\/\/barcelonatours.net\/es\/excursiones\/ruta-gaudi-barcelona","name":"Ruta Privada Gaud\u00ed: Sagrada Familia, Park G\u00fcell y m\u00e1s, Barcelona","isPartOf":{"@id":"https:\/\/barcelonatours.net\/es#website"},"primaryImageOfPage":{"@id":"https:\/\/barcelonatours.net\/es\/excursiones\/ruta-gaudi-barcelona#primaryimage"},"image":{"@id":"https:\/\/barcelonatours.net\/es\/excursiones\/ruta-gaudi-barcelona#primaryimage"},"thumbnailUrl":"https:\/\/barcelonatours.net\/wp-content\/uploads\/2019\/07\/isaac-d-k9-cMej273U-unsplash-e1571836511526.jpg","datePublished":"2019-07-16T14:16:21+00:00","dateModified":"2024-12-11T17:31:37+00:00","description":"Visita lo mejor de Gaud\u00ed en una ruta muy especial con espacios arquitect\u00f3nicos emblem\u00e1ticos de Barcelona dise\u00f1ados por por el famoso arquitecto","breadcrumb":{"@id":"https:\/\/barcelonatours.net\/es\/excursiones\/ruta-gaudi-barcelona#breadcrumb"},"inLanguage":"es","potentialAction":[{"@type":"ReadAction","target":["https:\/\/barcelonatours.net\/es\/excursiones\/ruta-gaudi-barcelona"]}]},{"@type":"ImageObject","inLanguage":"es","@id":"https:\/\/barcelonatours.net\/es\/excursiones\/ruta-gaudi-barcelona#primaryimage","url":"https:\/\/barcelonatours.net\/wp-content\/uploads\/2019\/07\/isaac-d-k9-cMej273U-unsplash-e1571836511526.jpg","contentUrl":"https:\/\/barcelonatours.net\/wp-content\/uploads\/2019\/07\/isaac-d-k9-cMej273U-unsplash-e1571836511526.jpg","width":1600,"height":1067,"caption":"La Sagrada Familia; stained glass windows"},{"@type":"BreadcrumbList","@id":"https:\/\/barcelonatours.net\/es\/excursiones\/ruta-gaudi-barcelona#breadcrumb","itemListElement":[{"@type":"ListItem","position":1,"name":"Home","item":"https:\/\/barcelonatours.net\/es"},{"@type":"ListItem","position":2,"name":"Shop","item":"https:\/\/barcelonatours.net\/shop"},{"@type":"ListItem","position":3,"name":"Ruta Gaud\u00ed en Barcelona"}]},{"@type":"WebSite","@id":"https:\/\/barcelonatours.net\/es#website","url":"https:\/\/barcelonatours.net\/es","name":"BarcelonaTours.net","description":"The best tours and team building activities of Barcelona","publisher":{"@id":"https:\/\/barcelonatours.net\/es#organization"},"alternateName":"Corporate event agency based in Barcelona","potentialAction":[{"@type":"SearchAction","target":{"@type":"EntryPoint","urlTemplate":"https:\/\/barcelonatours.net\/es?s={search_term_string}"},"query-input":{"@type":"PropertyValueSpecification","valueRequired":true,"valueName":"search_term_string"}}],"inLanguage":"es"},{"@type":"Organization","@id":"https:\/\/barcelonatours.net\/es#organization","name":"Barcelona Tours","url":"https:\/\/barcelonatours.net\/es","logo":{"@type":"ImageObject","inLanguage":"es","@id":"https:\/\/barcelonatours.net\/es#\/schema\/logo\/image\/","url":"https:\/\/barcelonatours.net\/wp-content\/uploads\/2019\/04\/bcn_tours_logo-e1556215659835.png","contentUrl":"https:\/\/barcelonatours.net\/wp-content\/uploads\/2019\/04\/bcn_tours_logo-e1556215659835.png","width":250,"height":89,"caption":"Barcelona Tours"},"image":{"@id":"https:\/\/barcelonatours.net\/es#\/schema\/logo\/image\/"},"sameAs":["https:\/\/www.facebook.com\/BarcelonaTours.net\/","https:\/\/x.com\/BarcelonaTours1","https:\/\/www.instagram.com\/barcelonatours\/"]}]}},"_links":{"self":[{"href":"https:\/\/barcelonatours.net\/es\/wp-json\/wp\/v2\/product\/8084","targetHints":{"allow":["GET"]}}],"collection":[{"href":"https:\/\/barcelonatours.net\/es\/wp-json\/wp\/v2\/product"}],"about":[{"href":"https:\/\/barcelonatours.net\/es\/wp-json\/wp\/v2\/types\/product"}],"replies":[{"embeddable":true,"href":"https:\/\/barcelonatours.net\/es\/wp-json\/wp\/v2\/comments?post=8084"}],"version-history":[{"count":0,"href":"https:\/\/barcelonatours.net\/es\/wp-json\/wp\/v2\/product\/8084\/revisions"}],"wp:featuredmedia":[{"embeddable":true,"href":"https:\/\/barcelonatours.net\/es\/wp-json\/wp\/v2\/media\/4686"}],"wp:attachment":[{"href":"https:\/\/barcelonatours.net\/es\/wp-json\/wp\/v2\/media?parent=8084"}],"wp:term":[{"taxonomy":"product_brand","embeddable":true,"href":"https:\/\/barcelonatours.net\/es\/wp-json\/wp\/v2\/product_brand?post=8084"},{"taxonomy":"product_cat","embeddable":true,"href":"https:\/\/barcelonatours.net\/es\/wp-json\/wp\/v2\/product_cat?post=8084"},{"taxonomy":"product_tag","embeddable":true,"href":"https:\/\/barcelonatours.net\/es\/wp-json\/wp\/v2\/product_tag?post=8084"}],"curies":[{"name":"wp","href":"https:\/\/api.w.org\/{rel}","templated":true}]}}