{"id":8082,"date":"2019-07-16T13:10:48","date_gmt":"2019-07-16T11:10:48","guid":{"rendered":"https:\/\/barcelonatours.net\/product\/barcelona-excursion-half-day-trip-to-montserrat"},"modified":"2025-04-22T12:43:20","modified_gmt":"2025-04-22T10:43:20","slug":"excursion-barcelona-medio-dia-en-montserrat","status":"publish","type":"product","link":"https:\/\/barcelonatours.net\/es\/excursiones\/montserrat-en-medio-dia","title":{"rendered":"Excursi\u00f3n por Barcelona: Montserrat en medio d\u00eda"},"content":{"rendered":"<div class=\"wpb-content-wrapper\">[vc_row][vc_column][vc_column_text]\n<h2>Excursi\u00f3n por Barcelona: visita Montserrat en medio d\u00eda (incluye una peque\u00f1a caminata)<\/h2>\n<p>La monta\u00f1a de Montserrat es un Parque Natural \u00fanico formado por rocas que se elevan hasta 1236 metros por encima del nivel del mar. Montserrat significa \u00abmonte serrado\u00bb; una vez all\u00ed, entender\u00e1s por qu\u00e9 recibe este nombre. Se distingue a kil\u00f3metros de distancia por la particular forma de sus redondeados picos (de ah\u00ed que reciba el nombre de \u00abmonte serrado\u00bb). Una vez all\u00ed, encontraremos caminos, escaleras, cuevas, capillas y ermitas por todo el macizo. Adem\u00e1s, presenta unas vistas extraordinarias de sus alrededores.<\/p>\n<p>El trayecto desde Barcelona hasta la monta\u00f1a de Montserrat ofrece un paisaje pintoresco, ya que bordeamos el r\u00edo Llobregat, llegamos hasta las mismas faldas de la monta\u00f1a, entramos en el parque natural y terminamos en el Monasterio de Santa Mar\u00eda de Montserrat, situado a 725 metros de altitud. Nuestro gu\u00eda profesional explicar\u00e1 las leyendas e historias que se cuentan sobre la monta\u00f1a, el monasterio y el santuario. [\/vc_column_text][\/vc_column][\/vc_row][vc_row][vc_column][vc_column_text]\n<h3>Excursi\u00f3n por Barcelona: Excursi\u00f3n por Montserrat en medio d\u00eda &#8211; descubre la abad\u00eda<\/h3>\n<\/p><p>Una vez llegu\u00e9is a Montserrat, vuestro gu\u00eda os mostrar\u00e1 la abad\u00eda benedictina y os explicar\u00e1 la riqueza hist\u00f3rica del lugar.<\/p>\n<p>M\u00e1s tarde, har\u00e9is una peque\u00f1a excursi\u00f3n y pasar\u00e9is por puntos claves de la monta\u00f1a. Se trata de un camino que ya est\u00e1 marcado y que ofrece vistas espectaculares de la abad\u00eda y sus alrededores. Finalizar\u00e9is la caminata en la cima de una de las agujas de Montserrat, donde tendr\u00e9is la oportunidad de fotografiar el paisaje y probar tentempi\u00e9s t\u00edpicos de Catalu\u00f1a.<\/p>\n<p>A la vuelta, pasar\u00e9is por bosques frondosos que os conducir\u00e1n hasta la abad\u00eda de nuevo. En ese momento, tendr\u00e9is tiempo libre para visitar la zona.<\/p>\n<p>Algunos de los lugares m\u00e1s visitados son la bas\u00edlica, el museo (con una maravillosa colecci\u00f3n de obras de arte) y el Via Crucis, as\u00ed como restaurantes, tiendas y mercado de productos artesanales.<\/p>\n<p>Quiz\u00e1 ten\u00e9is la suerte de escuchar al coro de chicos que forman la famosa Escolania de Montserrat.<\/p>\n<h3>Barcelona: 2000 a\u00f1os por descubrir<\/h3>\n<p>Si te has quedado con ganas de saber m\u00e1s sobre Barcelona, puedes reservar un <a href=\"https:\/\/barcelonatours.net\/private-tours\/tour-with-transport\/\">Tour con transporte privado<\/a> o un <a href=\"https:\/\/barcelonatours.net\/private-tours\/walking-tour\/\">Tour privado a pie<\/a> por el Caso Antiguo de la ciudad.[\/vc_column_text][vc_column_text]\n<\/p><p><strong>C<b>ont\u00e1ctanos<\/b>\u00a0Email:<\/strong>\u00a0<a href=\"mailto:enquiry@barcelonatours.net\" data-cke-saved-href=\"mailto:enquiry@barcelonatours.net\">info@barcelonatours.net<\/a>\u00a0\u00a0<strong>\u00a0Tel\/<\/strong><strong>W\u2019App:<\/strong>\u00a0\u00a0<a href=\"tel: +34658768333\">+34 658 768 333<\/a><\/p>\n<table class=\"table table-bordered tours-tabs__table\" style=\"width: 100%;\">\n<tbody>\n<tr style=\"height: 24px;\">\n<td style=\"width: 19.4853%; height: 24px;\"><strong>INFORMACI\u00d3N GENERAL<\/strong><\/td>\n<td style=\"width: 79.5343%; height: 24px;\">\n<ul>\n<li>Grupos reducidos (m\u00ednimo 8 personas).<\/li>\n<li>Duraci\u00f3n: 6h (hora de inicio: a las 8.00 de la ma\u00f1ana).<\/li>\n<li>Lugar de encuentro: cualquier punto en la ciudad.<\/li>\n<\/ul>\n<\/td>\n<\/tr>\n<tr style=\"height: 80px;\">\n<td style=\"width: 19.4853%; height: 80px;\"><strong>INCLUYE<\/strong><\/td>\n<td style=\"width: 79.5343%; height: 80px;\"><span class=\"activity-inclusions__test activity-inclusions__test--include\" data-v-7f050b3d=\"\"><i class=\"fa fa-check icon-tick icon-tick--on\"><\/i>Transporte en miniv\u00e1n con aire acondicionado.<\/span>\n<p><span class=\"activity-inclusions__test activity-inclusions__test--include\" data-v-7f050b3d=\"\"><i class=\"fa fa-check icon-tick icon-tick--on\"><\/i>Gu\u00eda profesional nativo.<br \/>\n<\/span><\/p>\n<p><span class=\"activity-inclusions__test activity-inclusions__test--include\" data-v-7f050b3d=\"\"><i class=\"fa fa-check icon-tick icon-tick--on\"><\/i>Botella de agua.<br \/>\n<\/span><\/p>\n<p><span class=\"activity-inclusions__test activity-inclusions__test--include\" data-v-7f050b3d=\"\"><i class=\"fa fa-check icon-tick icon-tick--on\"><\/i>Tentempi\u00e9s t\u00edpicos de Catalu\u00f1a.<br \/>\n<\/span><\/p>\n<p><span class=\"activity-inclusions__test activity-inclusions__test--include\" data-v-7f050b3d=\"\"><i class=\"fa fa-check icon-tick icon-tick--on\"><\/i>Seguro de responsabilidad civil.<\/span><\/p><\/td>\n<\/tr>\n<tr>\n<td style=\"width: 19.4853%;\"><strong>NO INCLUYE<\/strong><\/td>\n<td style=\"width: 79.5343%;\"><span class=\"activity-inclusions__test activity-inclusions__test--include\" data-v-7f050b3d=\"\"><i class=\"fa fa-times icon-tick icon-tick--off\"><\/i>Propina para el gu\u00eda (opcional).<\/span><\/td>\n<\/tr>\n<tr>\n<td style=\"width: 19.4853%;\"><strong>INFORMACI\u00d3N IMPORTANTE\u00a0<\/strong><\/td>\n<td style=\"width: 79.5343%;\"><span class=\"activity-inclusions__test activity-inclusions__test--include\" data-v-7f050b3d=\"\">Llevar zapatos c\u00f3modos y cerrados, ropa adecuada a la temperatura y tiempo del momento.<\/span>\n<p>Es importante tener en cuenta que el coro solo se puede ver los lunes y los viernes.<\/p>\n<p>Esta visita incluye una caminata moderada por la monta\u00f1a.<\/p><\/td>\n<\/tr>\n<\/tbody>\n<\/table>\n<p>&nbsp;<\/p>\n<\/div>","protected":false},"excerpt":{"rendered":"<p>Get out of the city for a few hours and take a guided tour of Barcelona&#8217;s iconic Montserrat Mountain.<\/p>\n","protected":false},"featured_media":4682,"comment_status":"closed","ping_status":"closed","template":"","meta":{"footnotes":""},"product_brand":[],"product_cat":[3770,16,3744],"product_tag":[],"class_list":{"0":"post-8082","1":"product","2":"type-product","3":"status-publish","4":"has-post-thumbnail","6":"product_cat-private-tours-es","7":"product_cat-uncategorized","8":"product_cat-uncategorized-es","9":"tour_category-es-rutas-desde-barcelona","11":"first","12":"instock","13":"virtual","14":"taxable","15":"purchasable","16":"product-type-tour"},"yoast_head":"<!-- This site is optimized with the Yoast SEO plugin v27.4 - https:\/\/yoast.com\/product\/yoast-seo-wordpress\/ -->\n<title>Excursi\u00f3n por Barcelona: Visita a Montserrat en medio d\u00eda<\/title>\n<meta name=\"description\" content=\"Excursi\u00f3n de Barcelona hasta Montserrat en medio d\u00eda. Catalu\u00f1a cuenta con este asombroso lugar, cuyos parajes y vistas no te dejan indiferente. \u00a1Reserva hoy mismo!\" \/>\n<meta name=\"robots\" content=\"index, follow, max-snippet:-1, max-image-preview:large, max-video-preview:-1\" \/>\n<link rel=\"canonical\" href=\"https:\/\/barcelonatours.net\/es\/excursiones\/montserrat-en-medio-dia\" \/>\n<meta property=\"og:locale\" content=\"es_ES\" \/>\n<meta property=\"og:type\" content=\"article\" \/>\n<meta property=\"og:title\" content=\"Excursi\u00f3n por Barcelona: Visita a Montserrat en medio d\u00eda\" \/>\n<meta property=\"og:description\" content=\"Excursi\u00f3n de Barcelona hasta Montserrat en medio d\u00eda. Catalu\u00f1a cuenta con este asombroso lugar, cuyos parajes y vistas no te dejan indiferente. \u00a1Reserva hoy mismo!\" \/>\n<meta property=\"og:url\" content=\"https:\/\/barcelonatours.net\/es\/excursiones\/montserrat-en-medio-dia\" \/>\n<meta property=\"og:site_name\" content=\"BarcelonaTours.net\" \/>\n<meta property=\"article:publisher\" content=\"https:\/\/www.facebook.com\/BarcelonaTours.net\/\" \/>\n<meta property=\"article:modified_time\" content=\"2025-04-22T10:43:20+00:00\" \/>\n<meta property=\"og:image\" content=\"https:\/\/barcelonatours.net\/wp-content\/uploads\/2019\/07\/alex-williams-MrjRPfyKxnM-unsplash-e1571836387158.jpg\" \/>\n\t<meta property=\"og:image:width\" content=\"1600\" \/>\n\t<meta property=\"og:image:height\" content=\"855\" \/>\n\t<meta property=\"og:image:type\" content=\"image\/jpeg\" \/>\n<meta name=\"twitter:card\" content=\"summary_large_image\" \/>\n<meta name=\"twitter:site\" content=\"@BarcelonaTours1\" \/>\n<meta name=\"twitter:label1\" content=\"Tiempo de lectura\" \/>\n\t<meta name=\"twitter:data1\" content=\"3 minutos\" \/>\n<script type=\"application\/ld+json\" class=\"yoast-schema-graph\">{\"@context\":\"https:\\\/\\\/schema.org\",\"@graph\":[{\"@type\":\"WebPage\",\"@id\":\"https:\\\/\\\/barcelonatours.net\\\/es\\\/excursiones\\\/montserrat-en-medio-dia\",\"url\":\"https:\\\/\\\/barcelonatours.net\\\/es\\\/excursiones\\\/montserrat-en-medio-dia\",\"name\":\"Excursi\u00f3n por Barcelona: Visita a Montserrat en medio d\u00eda\",\"isPartOf\":{\"@id\":\"https:\\\/\\\/barcelonatours.net\\\/es#website\"},\"primaryImageOfPage\":{\"@id\":\"https:\\\/\\\/barcelonatours.net\\\/es\\\/excursiones\\\/montserrat-en-medio-dia#primaryimage\"},\"image\":{\"@id\":\"https:\\\/\\\/barcelonatours.net\\\/es\\\/excursiones\\\/montserrat-en-medio-dia#primaryimage\"},\"thumbnailUrl\":\"https:\\\/\\\/barcelonatours.net\\\/wp-content\\\/uploads\\\/2019\\\/07\\\/alex-williams-MrjRPfyKxnM-unsplash-e1571836387158.jpg\",\"datePublished\":\"2019-07-16T11:10:48+00:00\",\"dateModified\":\"2025-04-22T10:43:20+00:00\",\"description\":\"Excursi\u00f3n de Barcelona hasta Montserrat en medio d\u00eda. Catalu\u00f1a cuenta con este asombroso lugar, cuyos parajes y vistas no te dejan indiferente. \u00a1Reserva hoy mismo!\",\"breadcrumb\":{\"@id\":\"https:\\\/\\\/barcelonatours.net\\\/es\\\/excursiones\\\/montserrat-en-medio-dia#breadcrumb\"},\"inLanguage\":\"es\",\"potentialAction\":[{\"@type\":\"ReadAction\",\"target\":[\"https:\\\/\\\/barcelonatours.net\\\/es\\\/excursiones\\\/montserrat-en-medio-dia\"]}]},{\"@type\":\"ImageObject\",\"inLanguage\":\"es\",\"@id\":\"https:\\\/\\\/barcelonatours.net\\\/es\\\/excursiones\\\/montserrat-en-medio-dia#primaryimage\",\"url\":\"https:\\\/\\\/barcelonatours.net\\\/wp-content\\\/uploads\\\/2019\\\/07\\\/alex-williams-MrjRPfyKxnM-unsplash-e1571836387158.jpg\",\"contentUrl\":\"https:\\\/\\\/barcelonatours.net\\\/wp-content\\\/uploads\\\/2019\\\/07\\\/alex-williams-MrjRPfyKxnM-unsplash-e1571836387158.jpg\",\"width\":1600,\"height\":855,\"caption\":\"Excursi\u00f3n por Barcelona: Visita a Montserrat en medio d\u00eda\"},{\"@type\":\"BreadcrumbList\",\"@id\":\"https:\\\/\\\/barcelonatours.net\\\/es\\\/excursiones\\\/montserrat-en-medio-dia#breadcrumb\",\"itemListElement\":[{\"@type\":\"ListItem\",\"position\":1,\"name\":\"Home\",\"item\":\"https:\\\/\\\/barcelonatours.net\\\/es\"},{\"@type\":\"ListItem\",\"position\":2,\"name\":\"Shop\",\"item\":\"https:\\\/\\\/barcelonatours.net\\\/shop\"},{\"@type\":\"ListItem\",\"position\":3,\"name\":\"Excursi\u00f3n por Barcelona: Montserrat en medio d\u00eda\"}]},{\"@type\":\"WebSite\",\"@id\":\"https:\\\/\\\/barcelonatours.net\\\/es#website\",\"url\":\"https:\\\/\\\/barcelonatours.net\\\/es\",\"name\":\"BarcelonaTours.net\",\"description\":\"The best tours and team building activities of Barcelona\",\"publisher\":{\"@id\":\"https:\\\/\\\/barcelonatours.net\\\/es#organization\"},\"alternateName\":\"Corporate event agency based in Barcelona\",\"potentialAction\":[{\"@type\":\"SearchAction\",\"target\":{\"@type\":\"EntryPoint\",\"urlTemplate\":\"https:\\\/\\\/barcelonatours.net\\\/es?s={search_term_string}\"},\"query-input\":{\"@type\":\"PropertyValueSpecification\",\"valueRequired\":true,\"valueName\":\"search_term_string\"}}],\"inLanguage\":\"es\"},{\"@type\":\"Organization\",\"@id\":\"https:\\\/\\\/barcelonatours.net\\\/es#organization\",\"name\":\"Barcelona Tours\",\"url\":\"https:\\\/\\\/barcelonatours.net\\\/es\",\"logo\":{\"@type\":\"ImageObject\",\"inLanguage\":\"es\",\"@id\":\"https:\\\/\\\/barcelonatours.net\\\/es#\\\/schema\\\/logo\\\/image\\\/\",\"url\":\"https:\\\/\\\/barcelonatours.net\\\/wp-content\\\/uploads\\\/2019\\\/04\\\/bcn_tours_logo-e1556215659835.png\",\"contentUrl\":\"https:\\\/\\\/barcelonatours.net\\\/wp-content\\\/uploads\\\/2019\\\/04\\\/bcn_tours_logo-e1556215659835.png\",\"width\":250,\"height\":89,\"caption\":\"Barcelona Tours\"},\"image\":{\"@id\":\"https:\\\/\\\/barcelonatours.net\\\/es#\\\/schema\\\/logo\\\/image\\\/\"},\"sameAs\":[\"https:\\\/\\\/www.facebook.com\\\/BarcelonaTours.net\\\/\",\"https:\\\/\\\/x.com\\\/BarcelonaTours1\",\"https:\\\/\\\/www.instagram.com\\\/barcelonatours\\\/\"]}]}<\/script>\n<!-- \/ Yoast SEO plugin. -->","yoast_head_json":{"title":"Excursi\u00f3n por Barcelona: Visita a Montserrat en medio d\u00eda","description":"Excursi\u00f3n de Barcelona hasta Montserrat en medio d\u00eda. Catalu\u00f1a cuenta con este asombroso lugar, cuyos parajes y vistas no te dejan indiferente. \u00a1Reserva hoy mismo!","robots":{"index":"index","follow":"follow","max-snippet":"max-snippet:-1","max-image-preview":"max-image-preview:large","max-video-preview":"max-video-preview:-1"},"canonical":"https:\/\/barcelonatours.net\/es\/excursiones\/montserrat-en-medio-dia","og_locale":"es_ES","og_type":"article","og_title":"Excursi\u00f3n por Barcelona: Visita a Montserrat en medio d\u00eda","og_description":"Excursi\u00f3n de Barcelona hasta Montserrat en medio d\u00eda. Catalu\u00f1a cuenta con este asombroso lugar, cuyos parajes y vistas no te dejan indiferente. \u00a1Reserva hoy mismo!","og_url":"https:\/\/barcelonatours.net\/es\/excursiones\/montserrat-en-medio-dia","og_site_name":"BarcelonaTours.net","article_publisher":"https:\/\/www.facebook.com\/BarcelonaTours.net\/","article_modified_time":"2025-04-22T10:43:20+00:00","og_image":[{"width":1600,"height":855,"url":"https:\/\/barcelonatours.net\/wp-content\/uploads\/2019\/07\/alex-williams-MrjRPfyKxnM-unsplash-e1571836387158.jpg","type":"image\/jpeg"}],"twitter_card":"summary_large_image","twitter_site":"@BarcelonaTours1","twitter_misc":{"Tiempo de lectura":"3 minutos"},"schema":{"@context":"https:\/\/schema.org","@graph":[{"@type":"WebPage","@id":"https:\/\/barcelonatours.net\/es\/excursiones\/montserrat-en-medio-dia","url":"https:\/\/barcelonatours.net\/es\/excursiones\/montserrat-en-medio-dia","name":"Excursi\u00f3n por Barcelona: Visita a Montserrat en medio d\u00eda","isPartOf":{"@id":"https:\/\/barcelonatours.net\/es#website"},"primaryImageOfPage":{"@id":"https:\/\/barcelonatours.net\/es\/excursiones\/montserrat-en-medio-dia#primaryimage"},"image":{"@id":"https:\/\/barcelonatours.net\/es\/excursiones\/montserrat-en-medio-dia#primaryimage"},"thumbnailUrl":"https:\/\/barcelonatours.net\/wp-content\/uploads\/2019\/07\/alex-williams-MrjRPfyKxnM-unsplash-e1571836387158.jpg","datePublished":"2019-07-16T11:10:48+00:00","dateModified":"2025-04-22T10:43:20+00:00","description":"Excursi\u00f3n de Barcelona hasta Montserrat en medio d\u00eda. Catalu\u00f1a cuenta con este asombroso lugar, cuyos parajes y vistas no te dejan indiferente. \u00a1Reserva hoy mismo!","breadcrumb":{"@id":"https:\/\/barcelonatours.net\/es\/excursiones\/montserrat-en-medio-dia#breadcrumb"},"inLanguage":"es","potentialAction":[{"@type":"ReadAction","target":["https:\/\/barcelonatours.net\/es\/excursiones\/montserrat-en-medio-dia"]}]},{"@type":"ImageObject","inLanguage":"es","@id":"https:\/\/barcelonatours.net\/es\/excursiones\/montserrat-en-medio-dia#primaryimage","url":"https:\/\/barcelonatours.net\/wp-content\/uploads\/2019\/07\/alex-williams-MrjRPfyKxnM-unsplash-e1571836387158.jpg","contentUrl":"https:\/\/barcelonatours.net\/wp-content\/uploads\/2019\/07\/alex-williams-MrjRPfyKxnM-unsplash-e1571836387158.jpg","width":1600,"height":855,"caption":"Excursi\u00f3n por Barcelona: Visita a Montserrat en medio d\u00eda"},{"@type":"BreadcrumbList","@id":"https:\/\/barcelonatours.net\/es\/excursiones\/montserrat-en-medio-dia#breadcrumb","itemListElement":[{"@type":"ListItem","position":1,"name":"Home","item":"https:\/\/barcelonatours.net\/es"},{"@type":"ListItem","position":2,"name":"Shop","item":"https:\/\/barcelonatours.net\/shop"},{"@type":"ListItem","position":3,"name":"Excursi\u00f3n por Barcelona: Montserrat en medio d\u00eda"}]},{"@type":"WebSite","@id":"https:\/\/barcelonatours.net\/es#website","url":"https:\/\/barcelonatours.net\/es","name":"BarcelonaTours.net","description":"The best tours and team building activities of Barcelona","publisher":{"@id":"https:\/\/barcelonatours.net\/es#organization"},"alternateName":"Corporate event agency based in Barcelona","potentialAction":[{"@type":"SearchAction","target":{"@type":"EntryPoint","urlTemplate":"https:\/\/barcelonatours.net\/es?s={search_term_string}"},"query-input":{"@type":"PropertyValueSpecification","valueRequired":true,"valueName":"search_term_string"}}],"inLanguage":"es"},{"@type":"Organization","@id":"https:\/\/barcelonatours.net\/es#organization","name":"Barcelona Tours","url":"https:\/\/barcelonatours.net\/es","logo":{"@type":"ImageObject","inLanguage":"es","@id":"https:\/\/barcelonatours.net\/es#\/schema\/logo\/image\/","url":"https:\/\/barcelonatours.net\/wp-content\/uploads\/2019\/04\/bcn_tours_logo-e1556215659835.png","contentUrl":"https:\/\/barcelonatours.net\/wp-content\/uploads\/2019\/04\/bcn_tours_logo-e1556215659835.png","width":250,"height":89,"caption":"Barcelona Tours"},"image":{"@id":"https:\/\/barcelonatours.net\/es#\/schema\/logo\/image\/"},"sameAs":["https:\/\/www.facebook.com\/BarcelonaTours.net\/","https:\/\/x.com\/BarcelonaTours1","https:\/\/www.instagram.com\/barcelonatours\/"]}]}},"_links":{"self":[{"href":"https:\/\/barcelonatours.net\/es\/wp-json\/wp\/v2\/product\/8082","targetHints":{"allow":["GET"]}}],"collection":[{"href":"https:\/\/barcelonatours.net\/es\/wp-json\/wp\/v2\/product"}],"about":[{"href":"https:\/\/barcelonatours.net\/es\/wp-json\/wp\/v2\/types\/product"}],"replies":[{"embeddable":true,"href":"https:\/\/barcelonatours.net\/es\/wp-json\/wp\/v2\/comments?post=8082"}],"version-history":[{"count":0,"href":"https:\/\/barcelonatours.net\/es\/wp-json\/wp\/v2\/product\/8082\/revisions"}],"wp:featuredmedia":[{"embeddable":true,"href":"https:\/\/barcelonatours.net\/es\/wp-json\/wp\/v2\/media\/4682"}],"wp:attachment":[{"href":"https:\/\/barcelonatours.net\/es\/wp-json\/wp\/v2\/media?parent=8082"}],"wp:term":[{"taxonomy":"product_brand","embeddable":true,"href":"https:\/\/barcelonatours.net\/es\/wp-json\/wp\/v2\/product_brand?post=8082"},{"taxonomy":"product_cat","embeddable":true,"href":"https:\/\/barcelonatours.net\/es\/wp-json\/wp\/v2\/product_cat?post=8082"},{"taxonomy":"product_tag","embeddable":true,"href":"https:\/\/barcelonatours.net\/es\/wp-json\/wp\/v2\/product_tag?post=8082"}],"curies":[{"name":"wp","href":"https:\/\/api.w.org\/{rel}","templated":true}]}}