{"id":7734,"date":"2019-07-30T19:01:03","date_gmt":"2019-07-30T17:01:03","guid":{"rendered":"https:\/\/barcelonatours.net\/product\/horse-riding-in-montserrat"},"modified":"2026-02-20T17:59:58","modified_gmt":"2026-02-20T16:59:58","slug":"break-de-equipo-paseo-a-caballo-cerca-de-barcelona","status":"publish","type":"product","link":"https:\/\/barcelonatours.net\/es\/excursiones\/break-de-equipo-paseo-a-caballo-cerca-de-barcelona","title":{"rendered":"Break de equipo: paseo a caballo cerca de Barcelona"},"content":{"rendered":"<div class=\"wpb-content-wrapper\">[vc_row][vc_column][vc_column_text css=\u00bb\u00bb]\n<h2>Paseo a caballo en la naturaleza \ud83d\udc34<\/h2>\n<p>Barcelona es un destino ideal para quienes disfrutan de la playa y la vida urbana. Pero m\u00e1s all\u00e1 de su ambiente cosmopolita, la ciudad est\u00e1 rodeada de un entorno rural perfecto para actividades en grupo, como equipos de empresa o grupos corporativos que buscan algo diferente. Una de las opciones m\u00e1s especiales es, sin duda, un paseo a caballo.<\/p>\n<p>Esta actividad es ideal para equipos que quieren combinar la energ\u00eda de la ciudad con una experiencia en plena naturaleza, disfrutando del contacto con los animales y compartiendo un plan distinto que fomenta la conexi\u00f3n entre compa\u00f1eros.<\/p>\n<p>Muchos visitantes \u2014y tambi\u00e9n muchas empresas que organizan actividades de equipo\u2014 desconocen que la ciudad est\u00e1 rodeada de varios parques naturales. En menos de una hora en tren o en coche, cualquier grupo puede dejar atr\u00e1s el ritmo urbano y adentrarse en un entorno verde, tranquilo y lleno de aire fresco.<\/p>\n<h2>Un paseo tranquilo<\/h2>\n<p>Puede que no relaciones Barcelona con montar a caballo, pero es una actividad magn\u00edfica que te permite abandonar las ajetreadas calles durante unas horas. Puedes salir de la ciudad y disfrutar de un paseo por la naturaleza a lomos de un caballo mientras visitas\u00a0<a href=\"https:\/\/barcelonatours.net\/es\/excursiones\/montserrat-en-medio-dia\">Montserrat<\/a>.<\/p>\n<p>Parece que el movimiento natural del caballo al caminar relaja al jinete y favorece la circulaci\u00f3n. Pasear a caballo tambi\u00e9n aporta m\u00faltiples beneficios para la salud, tanto mental como f\u00edsica.\u00a0<a href=\"https:\/\/www.thepinehillranch.com\/benefits-of-horseback-riding\/\" target=\"_blank\" rel=\"noopener noreferrer\">Aqu\u00ed<\/a>\u00a0puedes leer m\u00e1s sobre estos beneficios.<\/p>\n<p>Si has crecido cerca del campo y has tenido caballos a tu alrededor, puedes seguir haci\u00e9ndolo en Barcelona. Si no es tu caso pero quieres vivir una experiencia con animales al aire libre, esta actividad en Barcelona te cautivar\u00e1 porque pasear a caballo es una forma muy especial de pasar el d\u00eda.<\/p>\n<h4>\u00bfInteresado en saber m\u00e1s?<\/h4>\n<p>Podemos organizar todo tu evento en Barcelona: traslados privados al aeropuerto, reserva en hoteles y restaurantes, visitas guiadas personalizadas y acceso a discotecas VIP: Barcelona Tours est\u00e1 listo para ayudarte.\u00a0Visita nuestra p\u00e1gina de <a href=\"https:\/\/barcelonatours.net\/es\/organizacion-de-eventos-empresas\">Servicios corporativos<\/a> para obtener m\u00e1s informaci\u00f3n. \u00a1Echa un vistazo tambi\u00e9n a nuestros <a href=\"https:\/\/barcelonatours.net\/es\/excursiones\">tours privados<\/a> en Barcelona![\/vc_column_text][\/vc_column][\/vc_row][vc_row][vc_column][vc_column_text css=\u00bb\u00bb]\n<table class=\"table table-bordered tours-tabs__table\" style=\"width: 98.6374%; height: 114px;\" width=\"99.2947%\">\n<tbody>\n<tr style=\"height: 24px;\">\n<td style=\"width: 21.0088%; height: 24px;\"><strong>INFORMACI\u00d3N GENERAL<\/strong><\/td>\n<td style=\"width: 78.0108%; height: 24px;\"><span data-v-31468a1c=\"\"><i class=\"fa fa-check icon-tick icon-tick--on\"><\/i>Cancelaci\u00f3n gratuita.\u00a0<\/span>Si cancelas hasta 24 horas antes de la actividad te devolvemos todo el dinero.<\/td><\/tr><\/tbody><\/table><\/p>\n<p><i class=\"fa fa-check icon-tick icon-tick--on\"><\/i>Duraci\u00f3n 5h30min.<\/p>\n<p><i class=\"fa fa-check icon-tick icon-tick--on\"><\/i>Lugar de encuentro: Oficina de Turismo de Barcelona (Passatge de la Concepci\u00f3, 7).<\/p>\n<p><span data-v-31468a1c=\"\"><span class=\"activity-inclusions__test activity-inclusions__test--include\" data-v-7f050b3d=\"\"><i class=\"fa fa-check icon-tick icon-tick--on\"><\/i>\u00a0Confirmaci\u00f3n al instante.<\/span><\/span>\n\n<tr style=\"height: 80px;\">\n<td style=\"width: 21.0088%; height: 80px;\"><strong>INCLUYE<\/strong><\/td>\n<td style=\"width: 78.0108%; height: 80px;\">&nbsp;<\/td><\/tr><\/p>\n<table class=\"table table-bordered alignleft\" style=\"width: 0%; height: 231px;\" width=\"0%\">\n<tbody>\n<tr style=\"height: 24px;\">\n<td style=\"height: 10px; width: 100%;\"><i class=\"fa fa-check icon-tick icon-tick--on\"><\/i>Salida guiada de medio d\u00eda.<\/td>\n<\/tr>\n<tr style=\"height: 24px;\">\n<td style=\"width: 100%; height: 24px;\"><i class=\"fa fa-check icon-tick icon-tick--on\"><\/i>Paseo a caballo con gu\u00eda experto.<\/td>\n<\/tr>\n<tr style=\"height: 24px;\">\n<td style=\"width: 100%; height: 17px;\"><i class=\"fa fa-check icon-tick icon-tick--on\"><\/i>Visita a la Abad\u00eda de Montserrat.<\/td>\n<\/tr>\n<tr style=\"height: 24px;\">\n<td style=\"width: 100%; height: 24px;\"><i class=\"fa fa-check icon-tick icon-tick--on\"><\/i>Traslados de ida y vuelta desde Barcelona.<\/td>\n<\/tr>\n<\/tbody>\n<\/table>\n\n\n<tr style=\"height: 82px;\">\n<td style=\"width: 21.0088%; height: 10px;\"><b>NO INCLUYE<\/b><\/td>\n<td style=\"width: 78.0108%; height: 10px;\">\n<table class=\"table table-bordered\" style=\"height: 10px; width: 0%;\" width=\"300\">\n<tbody>\n<tr style=\"height: 34px;\">\n<td style=\"width: 98.8048%; height: 10px;\">\n<table class=\"table table-bordered\" style=\"height: 36px; width: 0%;\" width=\"300\">\n<tbody>\n<tr style=\"height: 24px;\">\n<td style=\"width: 50%; height: 12px;\"><i class=\"fa fa-times icon-tick icon-tick--off\"><\/i>Propina para el gu\u00eda (opcional).<\/td>\n<\/tr>\n<tr style=\"height: 24px;\">\n<td style=\"width: 50%; height: 24px;\"><i class=\"fa fa-times icon-tick icon-tick--off\"><\/i>Comida y refrescos.<\/td>\n<\/tr>\n<tr style=\"height: 24px;\">\n<td style=\"width: 50%; height: 24px;\"><i class=\"fa fa-times icon-tick icon-tick--off\"><\/i>Recogida en el hotel.<\/td>\n<\/tr>\n<\/tbody>\n<\/table>\n<\/td>\n<\/tr>\n<\/tbody>\n<\/table>\n<\/td>\n<\/tr>\n\n\n<p>&nbsp;<\/p>\n<table class=\"table table-bordered tours-tabs__table\" style=\"width: 100%;\">\n<tbody>\n<tr>\n<td style=\"width: 19.4853%;\"><strong>INFORMACI\u00d3N IMPORTANTE\u00a0<\/strong><\/td>\n<td style=\"width: 79.5343%;\"><span class=\"activity-inclusions__test activity-inclusions__test--include\" data-v-7f050b3d=\"\">\u00b7 Se recomienda usar calzado de senderismo y ropa apropiada a la temporada.<\/span>\n<p>\u00b7 Antes del tour informa a todos los responsables si alguien en el grupo tiene intolerancias alimenticias.<\/p>\n<p>\u00b7 No est\u00e1 de m\u00e1s traer una una mascarilla para visitar atraciones o lugares de inter\u00e9s en espacios cerrados.<\/p><\/td>\n<\/tr>\n<\/tbody>\n<\/table>\n[\/vc_column_text][\/vc_column][\/vc_row][vc_row][vc_column][vc_column_text css=\u00bb\u00bb]\n<h2>\u00a0 \u2753C\u00d3MO FUNCIONA Y PREGUNTAS FRECUENTES<\/h2>\n<p><!--more--><\/p>\n<table class=\"table table-bordered tours-tabs__table\" style=\"width: 98.6374%; height: 138px;\" width=\"99.2947%\">\n<tbody>\n<tr style=\"height: 82px;\">\n<td style=\"width: 21.0088%; height: 10px;\"><b>C\u00d3MO FUNCIONA<\/b><\/td>\n<td style=\"width: 78.0108%; height: 24px;\">1\ufe0f\u20e3 Despu\u00e9s de recibir tu consulta, te enviaremos una propuesta con las mejores soluciones para tu evento y m\u00e1s ideas a considerar.\n<p>2\ufe0f\u20e3 T\u00fa eliges la mejor solucion y responderemos a todas tus preguntas por correo electr\u00f3nico (o tel\u00e9fono) hasta que est\u00e9s completamente satisfecho y listo para reservar.<\/p>\n<p>3\ufe0f\u20e3 Una vez establecidos todos los detalles, te facilitaremos el presupuesto final y solo solicitaremos un dep\u00f3sito del 20% para asegurar la fecha de tu evento.<\/p><\/td>\n<\/tr>\n<tr>\n<td style=\"width: 21.0088%;\"><strong>PREGUNTAS FRECUENTES<\/strong><\/td>\n<td style=\"width: 78.0108%;\">1\ufe0f\u20e3 <strong>N\u00fameros finales:<\/strong>\u00a0tienes la libertad de ajustar el n\u00famero de participantes para el evento hasta una semana antes, y no habr\u00e1 penalizaciones ni cargos adicionales. Sin embargo, hay que tener en cuenta que algunas actividades pueden tener precios variables seg\u00fan el tama\u00f1o del grupo.\n<p>2\ufe0f\u20e3 <strong>Condiciones de pago:<\/strong>\u00a0Para confirmar el evento, necesitamos un dep\u00f3sito del 20% y el importe total una semana antes. Puedes pagar mediante transferencia bancaria o con tarjeta de d\u00e9bito\/cr\u00e9dito a trav\u00e9s de un enlace de pago.<span style=\"font-weight: 400;\"><br \/>\n<\/span><\/p>\n<p>3\ufe0f\u20e3 <strong>Itinerario final:<\/strong>\u00a0una semana antes del evento, recibir\u00e1s un resumen detallado con toda la informaci\u00f3n \u00fatil.<\/p><\/td>\n<\/tr>\n<\/tbody>\n<\/table>\n[\/vc_column_text][\/vc_column][\/vc_row][vc_row][vc_column][vc_column_text css=\u00bb\u00bb]<em><span style=\"font-size: 18pt;\"><strong>\u23ed\ufe0f \u00bfPasamos ya a la siguiente fase?<\/strong><\/span><\/em>\n<p>&nbsp;<\/p>\n<p style=\"text-align: left;\"><em><span style=\"font-size: 14pt;\"><strong>Pide un presupuesto r\u00e1pido:\u00a0 \u00a0<\/strong><\/span><\/em><\/p>\n<ul>\n<li style=\"text-align: left;\"><em><span style=\"font-size: 14pt;\"><strong>Email <a href=\"mailto:info@barcelonatours.net\" data-cke-saved-href=\"mailto:enquiry@barcelonatours.net\">info@barcelonatours.net<\/a>\u00a0\u00a0<\/strong><\/span><\/em><\/li>\n<li><em><span style=\"font-size: 14pt;\"><strong>Tel\/W&#8217;App\u00a0 <a href=\"tel: +34658768333\">+34 658 768 333<\/a><\/strong><\/span><\/em><\/li>\n<\/ul>\n<p>&nbsp;<\/p>\n<p style=\"text-align: left;\"><em><span style=\"font-size: 14pt;\"><strong>Clientes satisfechos, lo que dicen de nosotros: \u2b50\ufe0f\u2b50\ufe0f\u2b50\ufe0f\u2b50\ufe0f\u2b50\ufe0f <a href=\"https:\/\/www.google.com\/maps\/place\/BarcelonaTours.net\/@41.406933,2.1567085,17z\/data=!3m1!5s0x12a4a2e9f0c7847d:0xe1ddc3cf1f5a665f!4m8!3m7!1s0x12a4a2a5c1e2257d:0xcab7dbbfc67e084a!8m2!3d41.406933!4d2.1567085!9m1!1b1!16s%2Fg%2F12lk5ddc3?hl=en-US&amp;entry=ttu&amp;g_ep=EgoyMDI1MDExNS4wIKXMDSoASAFQAw%3D%3D\">rese\u00f1as en Google<\/a><\/strong><\/span><\/em><\/p>\n<p style=\"text-align: left;\"><span style=\"box-sizing: border-box; margin: 0px; padding: 0px;\"><em><strong><span style=\"font-size: 14pt;\">Alg\u00fan reportaje de los eventos hechos:\u00a0 <a href=\"https:\/\/www.linkedin.com\/company\/1708408\/admin\/page-posts\/published\/\">publicaciones en LinkedIn<\/a><\/span><\/strong><\/em><\/span><\/p>\n[\/vc_column_text][\/vc_column][\/vc_row]\n<\/div>","protected":false},"excerpt":{"rendered":"<p>Paseo a caballo en la naturaleza: una actividad divertida y relajante.<\/p>\n","protected":false},"featured_media":4870,"comment_status":"closed","ping_status":"closed","template":"","meta":{"footnotes":""},"product_brand":[],"product_cat":[3757,3770],"product_tag":[],"class_list":{"0":"post-7734","1":"product","2":"type-product","3":"status-publish","4":"has-post-thumbnail","6":"product_cat-day-activities-es","7":"product_cat-private-tours-es","8":"tour_category-day-activity-es","9":"tour_category-es-rutas-desde-barcelona","11":"first","12":"instock","13":"virtual","14":"taxable","15":"purchasable","16":"product-type-tour"},"yoast_head":"<!-- This site is optimized with the Yoast SEO plugin v27.4 - https:\/\/yoast.com\/product\/yoast-seo-wordpress\/ -->\n<title>Break de equipo: paseo a caballo cerca de Barcelona - BarcelonaTours.net<\/title>\n<meta name=\"description\" content=\"En esta actividad para grupos combinar\u00e9is un agradable paseo a caballo mientras disfrut\u00e1is del paisaje y la historia de Montserrat. \u00a1Reserva hoy mismo!\" \/>\n<meta name=\"robots\" content=\"index, follow, max-snippet:-1, max-image-preview:large, max-video-preview:-1\" \/>\n<link rel=\"canonical\" href=\"https:\/\/barcelonatours.net\/es\/excursiones\/break-de-equipo-paseo-a-caballo-cerca-de-barcelona\" \/>\n<meta property=\"og:locale\" content=\"es_ES\" \/>\n<meta property=\"og:type\" content=\"article\" \/>\n<meta property=\"og:title\" content=\"Break de equipo: paseo a caballo cerca de Barcelona - BarcelonaTours.net\" \/>\n<meta property=\"og:description\" content=\"En esta actividad para grupos combinar\u00e9is un agradable paseo a caballo mientras disfrut\u00e1is del paisaje y la historia de Montserrat. \u00a1Reserva hoy mismo!\" \/>\n<meta property=\"og:url\" content=\"https:\/\/barcelonatours.net\/es\/excursiones\/break-de-equipo-paseo-a-caballo-cerca-de-barcelona\" \/>\n<meta property=\"og:site_name\" content=\"BarcelonaTours.net\" \/>\n<meta property=\"article:publisher\" content=\"https:\/\/www.facebook.com\/BarcelonaTours.net\/\" \/>\n<meta property=\"article:modified_time\" content=\"2026-02-20T16:59:58+00:00\" \/>\n<meta property=\"og:image\" content=\"https:\/\/barcelonatours.net\/wp-content\/uploads\/2019\/07\/bigstock-Young-woman-riding-a-horse-77472296.jpg\" \/>\n\t<meta property=\"og:image:width\" content=\"2048\" \/>\n\t<meta property=\"og:image:height\" content=\"1365\" \/>\n\t<meta property=\"og:image:type\" content=\"image\/jpeg\" \/>\n<meta name=\"twitter:card\" content=\"summary_large_image\" \/>\n<meta name=\"twitter:site\" content=\"@BarcelonaTours1\" \/>\n<meta name=\"twitter:label1\" content=\"Tiempo de lectura\" \/>\n\t<meta name=\"twitter:data1\" content=\"3 minutos\" \/>\n<script type=\"application\/ld+json\" class=\"yoast-schema-graph\">{\"@context\":\"https:\\\/\\\/schema.org\",\"@graph\":[{\"@type\":\"WebPage\",\"@id\":\"https:\\\/\\\/barcelonatours.net\\\/es\\\/excursiones\\\/break-de-equipo-paseo-a-caballo-cerca-de-barcelona\",\"url\":\"https:\\\/\\\/barcelonatours.net\\\/es\\\/excursiones\\\/break-de-equipo-paseo-a-caballo-cerca-de-barcelona\",\"name\":\"Break de equipo: paseo a caballo cerca de Barcelona - BarcelonaTours.net\",\"isPartOf\":{\"@id\":\"https:\\\/\\\/barcelonatours.net\\\/es#website\"},\"primaryImageOfPage\":{\"@id\":\"https:\\\/\\\/barcelonatours.net\\\/es\\\/excursiones\\\/break-de-equipo-paseo-a-caballo-cerca-de-barcelona#primaryimage\"},\"image\":{\"@id\":\"https:\\\/\\\/barcelonatours.net\\\/es\\\/excursiones\\\/break-de-equipo-paseo-a-caballo-cerca-de-barcelona#primaryimage\"},\"thumbnailUrl\":\"https:\\\/\\\/barcelonatours.net\\\/wp-content\\\/uploads\\\/2019\\\/07\\\/bigstock-Young-woman-riding-a-horse-77472296.jpg\",\"datePublished\":\"2019-07-30T17:01:03+00:00\",\"dateModified\":\"2026-02-20T16:59:58+00:00\",\"description\":\"En esta actividad para grupos combinar\u00e9is un agradable paseo a caballo mientras disfrut\u00e1is del paisaje y la historia de Montserrat. \u00a1Reserva hoy mismo!\",\"breadcrumb\":{\"@id\":\"https:\\\/\\\/barcelonatours.net\\\/es\\\/excursiones\\\/break-de-equipo-paseo-a-caballo-cerca-de-barcelona#breadcrumb\"},\"inLanguage\":\"es\",\"potentialAction\":[{\"@type\":\"ReadAction\",\"target\":[\"https:\\\/\\\/barcelonatours.net\\\/es\\\/excursiones\\\/break-de-equipo-paseo-a-caballo-cerca-de-barcelona\"]}]},{\"@type\":\"ImageObject\",\"inLanguage\":\"es\",\"@id\":\"https:\\\/\\\/barcelonatours.net\\\/es\\\/excursiones\\\/break-de-equipo-paseo-a-caballo-cerca-de-barcelona#primaryimage\",\"url\":\"https:\\\/\\\/barcelonatours.net\\\/wp-content\\\/uploads\\\/2019\\\/07\\\/bigstock-Young-woman-riding-a-horse-77472296.jpg\",\"contentUrl\":\"https:\\\/\\\/barcelonatours.net\\\/wp-content\\\/uploads\\\/2019\\\/07\\\/bigstock-Young-woman-riding-a-horse-77472296.jpg\",\"width\":2048,\"height\":1365},{\"@type\":\"BreadcrumbList\",\"@id\":\"https:\\\/\\\/barcelonatours.net\\\/es\\\/excursiones\\\/break-de-equipo-paseo-a-caballo-cerca-de-barcelona#breadcrumb\",\"itemListElement\":[{\"@type\":\"ListItem\",\"position\":1,\"name\":\"Home\",\"item\":\"https:\\\/\\\/barcelonatours.net\\\/es\"},{\"@type\":\"ListItem\",\"position\":2,\"name\":\"Shop\",\"item\":\"https:\\\/\\\/barcelonatours.net\\\/shop\"},{\"@type\":\"ListItem\",\"position\":3,\"name\":\"Break de equipo: paseo a caballo cerca de Barcelona\"}]},{\"@type\":\"WebSite\",\"@id\":\"https:\\\/\\\/barcelonatours.net\\\/es#website\",\"url\":\"https:\\\/\\\/barcelonatours.net\\\/es\",\"name\":\"BarcelonaTours.net\",\"description\":\"The best tours and team building activities of Barcelona\",\"publisher\":{\"@id\":\"https:\\\/\\\/barcelonatours.net\\\/es#organization\"},\"alternateName\":\"Corporate event agency based in Barcelona\",\"potentialAction\":[{\"@type\":\"SearchAction\",\"target\":{\"@type\":\"EntryPoint\",\"urlTemplate\":\"https:\\\/\\\/barcelonatours.net\\\/es?s={search_term_string}\"},\"query-input\":{\"@type\":\"PropertyValueSpecification\",\"valueRequired\":true,\"valueName\":\"search_term_string\"}}],\"inLanguage\":\"es\"},{\"@type\":\"Organization\",\"@id\":\"https:\\\/\\\/barcelonatours.net\\\/es#organization\",\"name\":\"Barcelona Tours\",\"url\":\"https:\\\/\\\/barcelonatours.net\\\/es\",\"logo\":{\"@type\":\"ImageObject\",\"inLanguage\":\"es\",\"@id\":\"https:\\\/\\\/barcelonatours.net\\\/es#\\\/schema\\\/logo\\\/image\\\/\",\"url\":\"https:\\\/\\\/barcelonatours.net\\\/wp-content\\\/uploads\\\/2019\\\/04\\\/bcn_tours_logo-e1556215659835.png\",\"contentUrl\":\"https:\\\/\\\/barcelonatours.net\\\/wp-content\\\/uploads\\\/2019\\\/04\\\/bcn_tours_logo-e1556215659835.png\",\"width\":250,\"height\":89,\"caption\":\"Barcelona Tours\"},\"image\":{\"@id\":\"https:\\\/\\\/barcelonatours.net\\\/es#\\\/schema\\\/logo\\\/image\\\/\"},\"sameAs\":[\"https:\\\/\\\/www.facebook.com\\\/BarcelonaTours.net\\\/\",\"https:\\\/\\\/x.com\\\/BarcelonaTours1\",\"https:\\\/\\\/www.instagram.com\\\/barcelonatours\\\/\"]}]}<\/script>\n<!-- \/ Yoast SEO plugin. -->","yoast_head_json":{"title":"Break de equipo: paseo a caballo cerca de Barcelona - BarcelonaTours.net","description":"En esta actividad para grupos combinar\u00e9is un agradable paseo a caballo mientras disfrut\u00e1is del paisaje y la historia de Montserrat. \u00a1Reserva hoy mismo!","robots":{"index":"index","follow":"follow","max-snippet":"max-snippet:-1","max-image-preview":"max-image-preview:large","max-video-preview":"max-video-preview:-1"},"canonical":"https:\/\/barcelonatours.net\/es\/excursiones\/break-de-equipo-paseo-a-caballo-cerca-de-barcelona","og_locale":"es_ES","og_type":"article","og_title":"Break de equipo: paseo a caballo cerca de Barcelona - BarcelonaTours.net","og_description":"En esta actividad para grupos combinar\u00e9is un agradable paseo a caballo mientras disfrut\u00e1is del paisaje y la historia de Montserrat. \u00a1Reserva hoy mismo!","og_url":"https:\/\/barcelonatours.net\/es\/excursiones\/break-de-equipo-paseo-a-caballo-cerca-de-barcelona","og_site_name":"BarcelonaTours.net","article_publisher":"https:\/\/www.facebook.com\/BarcelonaTours.net\/","article_modified_time":"2026-02-20T16:59:58+00:00","og_image":[{"width":2048,"height":1365,"url":"https:\/\/barcelonatours.net\/wp-content\/uploads\/2019\/07\/bigstock-Young-woman-riding-a-horse-77472296.jpg","type":"image\/jpeg"}],"twitter_card":"summary_large_image","twitter_site":"@BarcelonaTours1","twitter_misc":{"Tiempo de lectura":"3 minutos"},"schema":{"@context":"https:\/\/schema.org","@graph":[{"@type":"WebPage","@id":"https:\/\/barcelonatours.net\/es\/excursiones\/break-de-equipo-paseo-a-caballo-cerca-de-barcelona","url":"https:\/\/barcelonatours.net\/es\/excursiones\/break-de-equipo-paseo-a-caballo-cerca-de-barcelona","name":"Break de equipo: paseo a caballo cerca de Barcelona - BarcelonaTours.net","isPartOf":{"@id":"https:\/\/barcelonatours.net\/es#website"},"primaryImageOfPage":{"@id":"https:\/\/barcelonatours.net\/es\/excursiones\/break-de-equipo-paseo-a-caballo-cerca-de-barcelona#primaryimage"},"image":{"@id":"https:\/\/barcelonatours.net\/es\/excursiones\/break-de-equipo-paseo-a-caballo-cerca-de-barcelona#primaryimage"},"thumbnailUrl":"https:\/\/barcelonatours.net\/wp-content\/uploads\/2019\/07\/bigstock-Young-woman-riding-a-horse-77472296.jpg","datePublished":"2019-07-30T17:01:03+00:00","dateModified":"2026-02-20T16:59:58+00:00","description":"En esta actividad para grupos combinar\u00e9is un agradable paseo a caballo mientras disfrut\u00e1is del paisaje y la historia de Montserrat. \u00a1Reserva hoy mismo!","breadcrumb":{"@id":"https:\/\/barcelonatours.net\/es\/excursiones\/break-de-equipo-paseo-a-caballo-cerca-de-barcelona#breadcrumb"},"inLanguage":"es","potentialAction":[{"@type":"ReadAction","target":["https:\/\/barcelonatours.net\/es\/excursiones\/break-de-equipo-paseo-a-caballo-cerca-de-barcelona"]}]},{"@type":"ImageObject","inLanguage":"es","@id":"https:\/\/barcelonatours.net\/es\/excursiones\/break-de-equipo-paseo-a-caballo-cerca-de-barcelona#primaryimage","url":"https:\/\/barcelonatours.net\/wp-content\/uploads\/2019\/07\/bigstock-Young-woman-riding-a-horse-77472296.jpg","contentUrl":"https:\/\/barcelonatours.net\/wp-content\/uploads\/2019\/07\/bigstock-Young-woman-riding-a-horse-77472296.jpg","width":2048,"height":1365},{"@type":"BreadcrumbList","@id":"https:\/\/barcelonatours.net\/es\/excursiones\/break-de-equipo-paseo-a-caballo-cerca-de-barcelona#breadcrumb","itemListElement":[{"@type":"ListItem","position":1,"name":"Home","item":"https:\/\/barcelonatours.net\/es"},{"@type":"ListItem","position":2,"name":"Shop","item":"https:\/\/barcelonatours.net\/shop"},{"@type":"ListItem","position":3,"name":"Break de equipo: paseo a caballo cerca de Barcelona"}]},{"@type":"WebSite","@id":"https:\/\/barcelonatours.net\/es#website","url":"https:\/\/barcelonatours.net\/es","name":"BarcelonaTours.net","description":"The best tours and team building activities of Barcelona","publisher":{"@id":"https:\/\/barcelonatours.net\/es#organization"},"alternateName":"Corporate event agency based in Barcelona","potentialAction":[{"@type":"SearchAction","target":{"@type":"EntryPoint","urlTemplate":"https:\/\/barcelonatours.net\/es?s={search_term_string}"},"query-input":{"@type":"PropertyValueSpecification","valueRequired":true,"valueName":"search_term_string"}}],"inLanguage":"es"},{"@type":"Organization","@id":"https:\/\/barcelonatours.net\/es#organization","name":"Barcelona Tours","url":"https:\/\/barcelonatours.net\/es","logo":{"@type":"ImageObject","inLanguage":"es","@id":"https:\/\/barcelonatours.net\/es#\/schema\/logo\/image\/","url":"https:\/\/barcelonatours.net\/wp-content\/uploads\/2019\/04\/bcn_tours_logo-e1556215659835.png","contentUrl":"https:\/\/barcelonatours.net\/wp-content\/uploads\/2019\/04\/bcn_tours_logo-e1556215659835.png","width":250,"height":89,"caption":"Barcelona Tours"},"image":{"@id":"https:\/\/barcelonatours.net\/es#\/schema\/logo\/image\/"},"sameAs":["https:\/\/www.facebook.com\/BarcelonaTours.net\/","https:\/\/x.com\/BarcelonaTours1","https:\/\/www.instagram.com\/barcelonatours\/"]}]}},"_links":{"self":[{"href":"https:\/\/barcelonatours.net\/es\/wp-json\/wp\/v2\/product\/7734","targetHints":{"allow":["GET"]}}],"collection":[{"href":"https:\/\/barcelonatours.net\/es\/wp-json\/wp\/v2\/product"}],"about":[{"href":"https:\/\/barcelonatours.net\/es\/wp-json\/wp\/v2\/types\/product"}],"replies":[{"embeddable":true,"href":"https:\/\/barcelonatours.net\/es\/wp-json\/wp\/v2\/comments?post=7734"}],"version-history":[{"count":12,"href":"https:\/\/barcelonatours.net\/es\/wp-json\/wp\/v2\/product\/7734\/revisions"}],"predecessor-version":[{"id":15859,"href":"https:\/\/barcelonatours.net\/es\/wp-json\/wp\/v2\/product\/7734\/revisions\/15859"}],"wp:featuredmedia":[{"embeddable":true,"href":"https:\/\/barcelonatours.net\/es\/wp-json\/wp\/v2\/media\/4870"}],"wp:attachment":[{"href":"https:\/\/barcelonatours.net\/es\/wp-json\/wp\/v2\/media?parent=7734"}],"wp:term":[{"taxonomy":"product_brand","embeddable":true,"href":"https:\/\/barcelonatours.net\/es\/wp-json\/wp\/v2\/product_brand?post=7734"},{"taxonomy":"product_cat","embeddable":true,"href":"https:\/\/barcelonatours.net\/es\/wp-json\/wp\/v2\/product_cat?post=7734"},{"taxonomy":"product_tag","embeddable":true,"href":"https:\/\/barcelonatours.net\/es\/wp-json\/wp\/v2\/product_tag?post=7734"}],"curies":[{"name":"wp","href":"https:\/\/api.w.org\/{rel}","templated":true}]}}