{"id":7302,"date":"2019-07-31T12:55:55","date_gmt":"2019-07-31T10:55:55","guid":{"rendered":"https:\/\/barcelonatours.net\/product\/karting-outdoor-grupo"},"modified":"2026-02-24T16:48:47","modified_gmt":"2026-02-24T15:48:47","slug":"go-karting","status":"publish","type":"product","link":"https:\/\/barcelonatours.net\/es\/actividades\/go-karting","title":{"rendered":"Karting Outdoor para grupos cerca de Barcelona"},"content":{"rendered":"<div class=\"wpb-content-wrapper\">[vc_row][vc_column][vc_column_text css=&#8221;&#8221;]\n<h2>Go-Karting para grupos cerca de Barcelona<\/h2>\n<p>\u00a1Siente la adrenalina con una emocionante experiencia de karting al aire libre a las afueras de Barcelona! Compite contra tus amigos o en grupo en nuestro circuito al aire libre, a solo 40 minutos de Barcelona.<\/p>\n<p data-sourcepos=\"5:1-5:25\">Esto es lo que os espera:<\/p>\n<ul data-sourcepos=\"7:1-7:13\">\n<li data-sourcepos=\"7:1-7:13\"><strong>Diversi\u00f3n a toda velocidad:<\/strong> Siente el viento en tu cabello mientras recorres la pista en poderosos karts.<\/li>\n<li data-sourcepos=\"8:1-8:43\"><strong>Aventura al aire libre:<\/strong> Disfruta del aire fresco y el sol mientras pones a prueba tus habilidades de conducci\u00f3n.<\/li>\n<li data-sourcepos=\"9:1-9:73\"><strong>Perfecto para todas las edades:<\/strong> Las pistas y los karts se adaptan tanto a adultos como a ni\u00f1os (que cumplan con los requisitos de altura).<\/li>\n<li data-sourcepos=\"10:1-10:107\"><strong>Experiencia memorable:<\/strong> Crea recuerdos duraderos con una actividad llena de diversi\u00f3n para todo el grupo.<\/li>\n<\/ul>\n<p>&nbsp;<\/p>\n<h4>Opci\u00f3n 1 \u2013 Carrera Sprint<\/h4>\n<ul>\n<li>Tanda de clasificaci\u00f3n: 10 minutos<\/li>\n<li>Carrera final: 10 minutos<\/li>\n<li>Podio para los ganadores<\/li>\n<li>Precio fijo para grupos de 10 a 30 personas:<strong> 79,00 \u20ac<\/strong><\/li>\n<\/ul>\n<p>&nbsp;<\/p>\n<h4><strong>Opci\u00f3n 2 &#8211; Grand Prix<\/strong><\/h4>\n<ul>\n<li>Pr\u00e1ctica libre: 10 minutos<\/li>\n<li>Tanda de clasificaci\u00f3n: 10 minutos<\/li>\n<li>Carrera final: 10 minutos<\/li>\n<li>Podio para los ganadores<\/li>\n<li>Precio fijo para grupos de 10 a 30 personas: <strong>97,00\u20ac<\/strong><\/li>\n<\/ul>\n<p>&nbsp;<\/p>\n<h4><strong>Incluido en el precio:<\/strong><\/h4>\n<ul>\n<li>Un gu\u00eda biling\u00fce<\/li>\n<li>Traslados privados de ida y vuelta (el circuito est\u00e1 a 40 minutos del centro)<\/li>\n<li>10 minutos de sesi\u00f3n de clasificaci\u00f3n<\/li>\n<li>10 minutos de carrera final<\/li>\n<li>Podio para los ganadores.<\/li>\n<\/ul>\n<p><strong>Solicitamos un dep\u00f3sito del 20% para guardar la plaza (no es reembolsable) y el resto del pago se efectuar\u00e1 una semana antes de la actividad.<\/strong><\/p>\n<p>El circuito de carreras outdoor para karting est\u00e1 muy cerca de Barcelona y<strong> la pista es una de las m\u00e1s r\u00e1pidas de Espa\u00f1a.\u00a0 <\/strong>La instalaci\u00f3n tambi\u00e9n dispone de una zona al aire libre espectacular para disfrutar del sol y unos refrescos despu\u00e9s de la carrera.<\/p>\n<p>Organizamos transporte privado para tu grupo desde el alojamiento hasta el circuito. El servicio incluye un gu\u00eda biling\u00fce y dos carreras por el circuito llenas de adrenalina. El circuito de carreras en karts es una experiencia llena de emoci\u00f3n que no te puedes perder.[\/vc_column_text][\/vc_column][\/vc_row][vc_row][vc_column][vc_column_text css=&#8221;&#8221;]\n<h2>\ud83c\udfce\ufe0fGo-Karting con tu grupo o equipo<\/h2>\n<table class=\"table table-bordered tours-tabs__table\" style=\"width: 98.6374%; height: 162px;\" width=\"99.2947%\">\n<tbody>\n<tr style=\"height: 24px;\">\n<td style=\"width: 21.0088%; height: 24px;\"><strong>PRECIO<\/strong><\/td>\n<td style=\"width: 78.0108%; height: 24px;\"><i class=\"fa fa-check icon-tick icon-tick--on\"><\/i> <span style=\"font-weight: 400;\">Desde <\/span><b>79\u20ac<\/b><\/td>\n<\/tr>\n<tr style=\"height: 24px;\">\n<td style=\"width: 21.0088%; height: 24px;\"><strong>UBICACI\u00d3N<\/strong><\/td>\n<td style=\"width: 78.0108%; height: 24px;\"><i class=\"fa fa-check icon-tick icon-tick--on\"><\/i> <span style=\"font-weight: 400;\">Castellol\u00ed<\/span><\/td>\n<\/tr>\n<tr style=\"height: 80px;\">\n<td style=\"width: 21.0088%; height: 80px;\"><strong>INCLUYE<\/strong><\/td>\n<td style=\"width: 78.0108%; height: 80px;\"><i class=\"fa fa-check icon-tick icon-tick--on\"><\/i> Transporte de ida y vuelta<\/td><\/tr><\/tbody><\/table><\/p>\n<i class=\"fa fa-check icon-tick icon-tick--on\"><\/i> Todo el equipo para la CARRERA\n<i class=\"fa fa-check icon-tick icon-tick--on\"><\/i> Karting: 2\/3 carreras de 10 minutos: Calentamiento, sesi\u00f3n de clasificaci\u00f3n, final y podio\n<i class=\"fa fa-check icon-tick icon-tick--on\"><\/i> Karting: 2 carreras de 10 minutos + carrera final estilo Gran Premio\n\n<tr style=\"height: 82px;\">\n<td style=\"width: 21.0088%; height: 10px;\"><b>BENEFICIOS<\/b><\/td>\n<td style=\"width: 78.0108%; height: 10px;\">1\ufe0f\u20e3 <strong>Evaluaci\u00f3n de habilidades diversas:<\/strong> facilita la observaci\u00f3n tanto del rendimiento individual como de la planificaci\u00f3n t\u00e1ctica del equipo\n<p>2\ufe0f\u20e3 <strong>Pr\u00e1ctica de delegaci\u00f3n de roles:<\/strong> requiere una delegaci\u00f3n inmediata y una gesti\u00f3n eficaz de recursos bajo presi\u00f3n.<\/p>\n<p>3\ufe0f\u20e3 <strong>Participaci\u00f3n amplia:<\/strong> garantiza una alta implicaci\u00f3n al activar diversas competencias f\u00edsicas y estrat\u00e9gicas<span style=\"font-weight: 400;\">. <\/span><\/p><\/td>\n<\/tr>\n\n\n[\/vc_column_text][\/vc_column][\/vc_row][vc_row][vc_column][vc_column_text css=&#8221;&#8221;]\n<h2>\u2753C\u00d3MO FUNCIONA Y PREGUNTAS FRECUENTES<\/h2>\n<p><!--more--><\/p>\n<table class=\"table table-bordered tours-tabs__table\" style=\"width: 98.6374%; height: 138px;\" width=\"99.2947%\">\n<tbody>\n<tr style=\"height: 82px;\">\n<td style=\"width: 21.0088%; height: 10px;\"><b>C\u00d3MO FUNCIONA<\/b><\/td>\n<td style=\"width: 78.0108%; height: 24px;\">1\ufe0f\u20e3 Despu\u00e9s de recibir tu consulta, te enviaremos una propuesta con las mejores soluciones para tu evento y m\u00e1s ideas a considerar.\n<p>2\ufe0f\u20e3 T\u00fa eliges la mejor solucion y responderemos a todas tus preguntas por correo electr\u00f3nico (o tel\u00e9fono) hasta que est\u00e9s completamente satisfecho y listo para reservar.<\/p>\n<p>3\ufe0f\u20e3 Una vez establecidos todos los detalles, te facilitaremos el presupuesto final y solo solicitaremos un dep\u00f3sito del 20% para asegurar la fecha de tu evento.<\/p><\/td>\n<\/tr>\n<tr>\n<td style=\"width: 21.0088%;\"><b>COMMON FAQ<\/b><\/td>\n<td style=\"width: 78.0108%;\">1\ufe0f\u20e3 <strong>Condiciones de pago:<\/strong>\u00a0Para confirmar el evento, necesitamos un dep\u00f3sito del 20% y el importe total una semana antes. Puedes pagar mediante transferencia bancaria o con tarjeta de d\u00e9bito\/cr\u00e9dito a trav\u00e9s de un enlace de pago.\n<p>2\ufe0f\u20e3 <strong>N\u00fameros finales:<\/strong>\u00a0tienes la libertad de ajustar el n\u00famero de participantes para el evento hasta una semana antes, y no habr\u00e1 penalizaciones ni cargos adicionales. Sin embargo, hay que tener en cuenta que algunas actividades pueden tener precios variables seg\u00fan el tama\u00f1o del grupo.<span style=\"font-weight: 400;\"><br \/>\n<\/span><\/p>\n<p>3\ufe0f\u20e3 <strong>Itinerario final:<\/strong>\u00a0una semana antes del evento, recibir\u00e1s un resumen detallado con toda la informaci\u00f3n \u00fatil.<\/p><\/td>\n<\/tr>\n<\/tbody>\n<\/table>\n[\/vc_column_text][\/vc_column][\/vc_row][vc_row][vc_column][vc_column_text css=&#8221;&#8221;]<em><span style=\"font-size: 18pt;\"><strong>\u23ed\ufe0f \u00bfPasamos ya a la siguiente fase?<\/strong><\/span><\/em>\n<p>&nbsp;<\/p>\n<p style=\"text-align: left;\"><em><span style=\"font-size: 14pt;\"><strong>Pide un presupuesto r\u00e1pido:\u00a0 \u00a0<\/strong><\/span><\/em><\/p>\n<ul>\n<li style=\"text-align: left;\"><em><span style=\"font-size: 14pt;\"><strong>Email <a href=\"mailto:info@barcelonatours.net\" data-cke-saved-href=\"mailto:enquiry@barcelonatours.net\">info@barcelonatours.net<\/a>\u00a0\u00a0<\/strong><\/span><\/em><\/li>\n<li><em><span style=\"font-size: 14pt;\"><strong>Tel\/W&#8217;App\u00a0 <a href=\"tel: +34658768333\">+34 658 768 333<\/a><\/strong><\/span><\/em><\/li>\n<\/ul>\n<p>&nbsp;<\/p>\n<p style=\"text-align: left;\"><em><span style=\"font-size: 14pt;\"><strong>Clientes satisfechos, lo que dicen de nosotros:\u00a0 \u2b50\ufe0f\u2b50\ufe0f\u2b50\ufe0f\u2b50\ufe0f\u2b50\ufe0f <a href=\"https:\/\/www.google.com\/maps\/place\/BarcelonaTours.net\/@41.406933,2.1567085,17z\/data=!3m1!5s0x12a4a2e9f0c7847d:0xe1ddc3cf1f5a665f!4m8!3m7!1s0x12a4a2a5c1e2257d:0xcab7dbbfc67e084a!8m2!3d41.406933!4d2.1567085!9m1!1b1!16s%2Fg%2F12lk5ddc3?hl=en-US&amp;entry=ttu&amp;g_ep=EgoyMDI1MDExNS4wIKXMDSoASAFQAw%3D%3D\">Google reviews<\/a><\/strong><\/span><\/em><\/p>\n<p style=\"text-align: left;\"><em><span style=\"font-size: 14pt;\"><strong>Alg\u00fan reportaje de los eventos hechos:<\/strong><\/span><\/em><span style=\"box-sizing: border-box; margin: 0px; padding: 0px;\"><em><strong><span style=\"font-size: 14pt;\"> <a href=\"https:\/\/www.linkedin.com\/company\/1708408\/admin\/page-posts\/published\/\">publicaciones en LinkedIn<\/a><\/span><\/strong><\/em><\/span><\/p>\n[\/vc_column_text][\/vc_column][\/vc_row]\n<\/div>","protected":false},"excerpt":{"rendered":"<p>D\u00e9jate llevar por la adrenalina en este incre\u00edble circuito de carreras al aire libre.<\/p>\n","protected":false},"featured_media":5281,"comment_status":"closed","ping_status":"closed","template":"","meta":{"footnotes":""},"product_brand":[],"product_cat":[3757],"product_tag":[],"class_list":{"0":"post-7302","1":"product","2":"type-product","3":"status-publish","4":"has-post-thumbnail","6":"product_cat-day-activities-es","7":"tour_category-activities-es","8":"tour_category-day-activity-es","10":"first","11":"instock","12":"virtual","13":"taxable","14":"purchasable","15":"product-type-tour"},"yoast_head":"<!-- This site is optimized with the Yoast SEO plugin v27.3 - https:\/\/yoast.com\/product\/yoast-seo-wordpress\/ -->\n<title>Karting en grupo y equipos cerca de Barcelona - BarcelonaTours.net<\/title>\n<meta name=\"description\" content=\"Vive la emoci\u00f3n del Karting en Barcelona y en grupo! Carreras de 10 minutos, clasificaci\u00f3n y final con podio; opci\u00f3n para actividad de team building\" \/>\n<meta name=\"robots\" content=\"index, follow, max-snippet:-1, max-image-preview:large, max-video-preview:-1\" \/>\n<link rel=\"canonical\" href=\"https:\/\/barcelonatours.net\/es\/actividades\/go-karting\" \/>\n<meta property=\"og:locale\" content=\"es_ES\" \/>\n<meta property=\"og:type\" content=\"article\" \/>\n<meta property=\"og:title\" content=\"Karting en grupo y equipos cerca de Barcelona - BarcelonaTours.net\" \/>\n<meta property=\"og:description\" content=\"Vive la emoci\u00f3n del Karting en Barcelona y en grupo! Carreras de 10 minutos, clasificaci\u00f3n y final con podio; opci\u00f3n para actividad de team building\" \/>\n<meta property=\"og:url\" content=\"https:\/\/barcelonatours.net\/es\/actividades\/go-karting\" \/>\n<meta property=\"og:site_name\" content=\"BarcelonaTours.net\" \/>\n<meta property=\"article:publisher\" content=\"https:\/\/www.facebook.com\/BarcelonaTours.net\/\" \/>\n<meta property=\"article:modified_time\" content=\"2026-02-24T15:48:47+00:00\" \/>\n<meta property=\"og:image\" content=\"https:\/\/barcelonatours.net\/wp-content\/uploads\/2019\/09\/Book-Outdoor-Karting-online.jpg\" \/>\n\t<meta property=\"og:image:width\" content=\"360\" \/>\n\t<meta property=\"og:image:height\" content=\"239\" \/>\n\t<meta property=\"og:image:type\" content=\"image\/jpeg\" \/>\n<meta name=\"twitter:card\" content=\"summary_large_image\" \/>\n<meta name=\"twitter:site\" content=\"@BarcelonaTours1\" \/>\n<meta name=\"twitter:label1\" content=\"Tiempo de lectura\" \/>\n\t<meta name=\"twitter:data1\" content=\"2 minutos\" \/>\n<script type=\"application\/ld+json\" class=\"yoast-schema-graph\">{\"@context\":\"https:\\\/\\\/schema.org\",\"@graph\":[{\"@type\":\"WebPage\",\"@id\":\"https:\\\/\\\/barcelonatours.net\\\/es\\\/actividades\\\/go-karting\",\"url\":\"https:\\\/\\\/barcelonatours.net\\\/es\\\/actividades\\\/go-karting\",\"name\":\"Karting en grupo y equipos cerca de Barcelona - BarcelonaTours.net\",\"isPartOf\":{\"@id\":\"https:\\\/\\\/barcelonatours.net\\\/es#website\"},\"primaryImageOfPage\":{\"@id\":\"https:\\\/\\\/barcelonatours.net\\\/es\\\/actividades\\\/go-karting#primaryimage\"},\"image\":{\"@id\":\"https:\\\/\\\/barcelonatours.net\\\/es\\\/actividades\\\/go-karting#primaryimage\"},\"thumbnailUrl\":\"https:\\\/\\\/barcelonatours.net\\\/wp-content\\\/uploads\\\/2019\\\/09\\\/Book-Outdoor-Karting-online.jpg\",\"datePublished\":\"2019-07-31T10:55:55+00:00\",\"dateModified\":\"2026-02-24T15:48:47+00:00\",\"description\":\"Vive la emoci\u00f3n del Karting en Barcelona y en grupo! Carreras de 10 minutos, clasificaci\u00f3n y final con podio; opci\u00f3n para actividad de team building\",\"breadcrumb\":{\"@id\":\"https:\\\/\\\/barcelonatours.net\\\/es\\\/actividades\\\/go-karting#breadcrumb\"},\"inLanguage\":\"es\",\"potentialAction\":[{\"@type\":\"ReadAction\",\"target\":[\"https:\\\/\\\/barcelonatours.net\\\/es\\\/actividades\\\/go-karting\"]}]},{\"@type\":\"ImageObject\",\"inLanguage\":\"es\",\"@id\":\"https:\\\/\\\/barcelonatours.net\\\/es\\\/actividades\\\/go-karting#primaryimage\",\"url\":\"https:\\\/\\\/barcelonatours.net\\\/wp-content\\\/uploads\\\/2019\\\/09\\\/Book-Outdoor-Karting-online.jpg\",\"contentUrl\":\"https:\\\/\\\/barcelonatours.net\\\/wp-content\\\/uploads\\\/2019\\\/09\\\/Book-Outdoor-Karting-online.jpg\",\"width\":360,\"height\":239},{\"@type\":\"BreadcrumbList\",\"@id\":\"https:\\\/\\\/barcelonatours.net\\\/es\\\/actividades\\\/go-karting#breadcrumb\",\"itemListElement\":[{\"@type\":\"ListItem\",\"position\":1,\"name\":\"Home\",\"item\":\"https:\\\/\\\/barcelonatours.net\\\/es\"},{\"@type\":\"ListItem\",\"position\":2,\"name\":\"Shop\",\"item\":\"https:\\\/\\\/barcelonatours.net\\\/shop\"},{\"@type\":\"ListItem\",\"position\":3,\"name\":\"Karting Outdoor para grupos cerca de Barcelona\"}]},{\"@type\":\"WebSite\",\"@id\":\"https:\\\/\\\/barcelonatours.net\\\/es#website\",\"url\":\"https:\\\/\\\/barcelonatours.net\\\/es\",\"name\":\"BarcelonaTours.net\",\"description\":\"The best tours and team building activities of Barcelona\",\"publisher\":{\"@id\":\"https:\\\/\\\/barcelonatours.net\\\/es#organization\"},\"potentialAction\":[{\"@type\":\"SearchAction\",\"target\":{\"@type\":\"EntryPoint\",\"urlTemplate\":\"https:\\\/\\\/barcelonatours.net\\\/es?s={search_term_string}\"},\"query-input\":{\"@type\":\"PropertyValueSpecification\",\"valueRequired\":true,\"valueName\":\"search_term_string\"}}],\"inLanguage\":\"es\"},{\"@type\":\"Organization\",\"@id\":\"https:\\\/\\\/barcelonatours.net\\\/es#organization\",\"name\":\"Barcelona Tours\",\"url\":\"https:\\\/\\\/barcelonatours.net\\\/es\",\"logo\":{\"@type\":\"ImageObject\",\"inLanguage\":\"es\",\"@id\":\"https:\\\/\\\/barcelonatours.net\\\/es#\\\/schema\\\/logo\\\/image\\\/\",\"url\":\"https:\\\/\\\/barcelonatours.net\\\/wp-content\\\/uploads\\\/2019\\\/04\\\/bcn_tours_logo-e1556215659835.png\",\"contentUrl\":\"https:\\\/\\\/barcelonatours.net\\\/wp-content\\\/uploads\\\/2019\\\/04\\\/bcn_tours_logo-e1556215659835.png\",\"width\":250,\"height\":89,\"caption\":\"Barcelona Tours\"},\"image\":{\"@id\":\"https:\\\/\\\/barcelonatours.net\\\/es#\\\/schema\\\/logo\\\/image\\\/\"},\"sameAs\":[\"https:\\\/\\\/www.facebook.com\\\/BarcelonaTours.net\\\/\",\"https:\\\/\\\/x.com\\\/BarcelonaTours1\",\"https:\\\/\\\/www.instagram.com\\\/barcelonatours\\\/\"]}]}<\/script>\n<!-- \/ Yoast SEO plugin. -->","yoast_head_json":{"title":"Karting en grupo y equipos cerca de Barcelona - BarcelonaTours.net","description":"Vive la emoci\u00f3n del Karting en Barcelona y en grupo! Carreras de 10 minutos, clasificaci\u00f3n y final con podio; opci\u00f3n para actividad de team building","robots":{"index":"index","follow":"follow","max-snippet":"max-snippet:-1","max-image-preview":"max-image-preview:large","max-video-preview":"max-video-preview:-1"},"canonical":"https:\/\/barcelonatours.net\/es\/actividades\/go-karting","og_locale":"es_ES","og_type":"article","og_title":"Karting en grupo y equipos cerca de Barcelona - BarcelonaTours.net","og_description":"Vive la emoci\u00f3n del Karting en Barcelona y en grupo! Carreras de 10 minutos, clasificaci\u00f3n y final con podio; opci\u00f3n para actividad de team building","og_url":"https:\/\/barcelonatours.net\/es\/actividades\/go-karting","og_site_name":"BarcelonaTours.net","article_publisher":"https:\/\/www.facebook.com\/BarcelonaTours.net\/","article_modified_time":"2026-02-24T15:48:47+00:00","og_image":[{"width":360,"height":239,"url":"https:\/\/barcelonatours.net\/wp-content\/uploads\/2019\/09\/Book-Outdoor-Karting-online.jpg","type":"image\/jpeg"}],"twitter_card":"summary_large_image","twitter_site":"@BarcelonaTours1","twitter_misc":{"Tiempo de lectura":"2 minutos"},"schema":{"@context":"https:\/\/schema.org","@graph":[{"@type":"WebPage","@id":"https:\/\/barcelonatours.net\/es\/actividades\/go-karting","url":"https:\/\/barcelonatours.net\/es\/actividades\/go-karting","name":"Karting en grupo y equipos cerca de Barcelona - BarcelonaTours.net","isPartOf":{"@id":"https:\/\/barcelonatours.net\/es#website"},"primaryImageOfPage":{"@id":"https:\/\/barcelonatours.net\/es\/actividades\/go-karting#primaryimage"},"image":{"@id":"https:\/\/barcelonatours.net\/es\/actividades\/go-karting#primaryimage"},"thumbnailUrl":"https:\/\/barcelonatours.net\/wp-content\/uploads\/2019\/09\/Book-Outdoor-Karting-online.jpg","datePublished":"2019-07-31T10:55:55+00:00","dateModified":"2026-02-24T15:48:47+00:00","description":"Vive la emoci\u00f3n del Karting en Barcelona y en grupo! Carreras de 10 minutos, clasificaci\u00f3n y final con podio; opci\u00f3n para actividad de team building","breadcrumb":{"@id":"https:\/\/barcelonatours.net\/es\/actividades\/go-karting#breadcrumb"},"inLanguage":"es","potentialAction":[{"@type":"ReadAction","target":["https:\/\/barcelonatours.net\/es\/actividades\/go-karting"]}]},{"@type":"ImageObject","inLanguage":"es","@id":"https:\/\/barcelonatours.net\/es\/actividades\/go-karting#primaryimage","url":"https:\/\/barcelonatours.net\/wp-content\/uploads\/2019\/09\/Book-Outdoor-Karting-online.jpg","contentUrl":"https:\/\/barcelonatours.net\/wp-content\/uploads\/2019\/09\/Book-Outdoor-Karting-online.jpg","width":360,"height":239},{"@type":"BreadcrumbList","@id":"https:\/\/barcelonatours.net\/es\/actividades\/go-karting#breadcrumb","itemListElement":[{"@type":"ListItem","position":1,"name":"Home","item":"https:\/\/barcelonatours.net\/es"},{"@type":"ListItem","position":2,"name":"Shop","item":"https:\/\/barcelonatours.net\/shop"},{"@type":"ListItem","position":3,"name":"Karting Outdoor para grupos cerca de Barcelona"}]},{"@type":"WebSite","@id":"https:\/\/barcelonatours.net\/es#website","url":"https:\/\/barcelonatours.net\/es","name":"BarcelonaTours.net","description":"The best tours and team building activities of Barcelona","publisher":{"@id":"https:\/\/barcelonatours.net\/es#organization"},"potentialAction":[{"@type":"SearchAction","target":{"@type":"EntryPoint","urlTemplate":"https:\/\/barcelonatours.net\/es?s={search_term_string}"},"query-input":{"@type":"PropertyValueSpecification","valueRequired":true,"valueName":"search_term_string"}}],"inLanguage":"es"},{"@type":"Organization","@id":"https:\/\/barcelonatours.net\/es#organization","name":"Barcelona Tours","url":"https:\/\/barcelonatours.net\/es","logo":{"@type":"ImageObject","inLanguage":"es","@id":"https:\/\/barcelonatours.net\/es#\/schema\/logo\/image\/","url":"https:\/\/barcelonatours.net\/wp-content\/uploads\/2019\/04\/bcn_tours_logo-e1556215659835.png","contentUrl":"https:\/\/barcelonatours.net\/wp-content\/uploads\/2019\/04\/bcn_tours_logo-e1556215659835.png","width":250,"height":89,"caption":"Barcelona Tours"},"image":{"@id":"https:\/\/barcelonatours.net\/es#\/schema\/logo\/image\/"},"sameAs":["https:\/\/www.facebook.com\/BarcelonaTours.net\/","https:\/\/x.com\/BarcelonaTours1","https:\/\/www.instagram.com\/barcelonatours\/"]}]}},"_links":{"self":[{"href":"https:\/\/barcelonatours.net\/es\/wp-json\/wp\/v2\/product\/7302","targetHints":{"allow":["GET"]}}],"collection":[{"href":"https:\/\/barcelonatours.net\/es\/wp-json\/wp\/v2\/product"}],"about":[{"href":"https:\/\/barcelonatours.net\/es\/wp-json\/wp\/v2\/types\/product"}],"replies":[{"embeddable":true,"href":"https:\/\/barcelonatours.net\/es\/wp-json\/wp\/v2\/comments?post=7302"}],"version-history":[{"count":2,"href":"https:\/\/barcelonatours.net\/es\/wp-json\/wp\/v2\/product\/7302\/revisions"}],"predecessor-version":[{"id":16075,"href":"https:\/\/barcelonatours.net\/es\/wp-json\/wp\/v2\/product\/7302\/revisions\/16075"}],"wp:featuredmedia":[{"embeddable":true,"href":"https:\/\/barcelonatours.net\/es\/wp-json\/wp\/v2\/media\/5281"}],"wp:attachment":[{"href":"https:\/\/barcelonatours.net\/es\/wp-json\/wp\/v2\/media?parent=7302"}],"wp:term":[{"taxonomy":"product_brand","embeddable":true,"href":"https:\/\/barcelonatours.net\/es\/wp-json\/wp\/v2\/product_brand?post=7302"},{"taxonomy":"product_cat","embeddable":true,"href":"https:\/\/barcelonatours.net\/es\/wp-json\/wp\/v2\/product_cat?post=7302"},{"taxonomy":"product_tag","embeddable":true,"href":"https:\/\/barcelonatours.net\/es\/wp-json\/wp\/v2\/product_tag?post=7302"}],"curies":[{"name":"wp","href":"https:\/\/api.w.org\/{rel}","templated":true}]}}