{"id":7139,"date":"2025-07-30T13:19:47","date_gmt":"2025-07-30T11:19:47","guid":{"rendered":"https:\/\/barcelonatours.net\/product\/transfers-for-groups"},"modified":"2025-12-09T19:09:10","modified_gmt":"2025-12-09T18:09:10","slug":"transporte-grupo","status":"publish","type":"product","link":"https:\/\/barcelonatours.net\/es\/transporte\/transporte-grupos","title":{"rendered":"Transfer en Barcelona"},"content":{"rendered":"<div class=\"wpb-content-wrapper\">[vc_row][vc_column]<div class=\"title title--big title--center title--underline title--decoration-bottom-center\">\n\t\t\t<div class=\"title__subtitle\">Actividades Team Building--Tours Privados--Salidas en Barco--Cenas de Empresa--Traslados para grupos<\/div>\n\t\t<h3 class=\"title__primary\"><\/h3>\n<\/div>\n[vc_column_text css=&#8221;&#8221;]\n<h2 style=\"text-align: left;\" align=\"center\"><\/h2>\n<p>Transitar por una nueva ciudad puede resultar complejo en el mejor de los casos; ni que decir tiene si a la hora de viajar lo hacemos en grupo. Ah\u00f3rrate el disgusto y disfruta del viaje, nosotros nos encargamos de organizar el desplazamiento privado durante tu estancia en Barcelona. Podemos organizar transporte privado para grupos corporativos, escolares o privados. Tu visita por Barcelona ir\u00e1 sobre ruedas, tanto si te desplazas desde el aeropuerto hasta la ciudad, si haces turismo en minib\u00fas privado o si prefieres un veh\u00edculo de lujo.<\/p>\n<h3>Transporte aeropuerto &#8211; Barcelona<\/h3>\n<p>Queremos que tu estancia en Barcelona sea lo m\u00e1s flexible, sencilla y relajada posible. Para grupos corporativos, nuestros <span style=\"text-decoration: none; text-underline: none;\">transportes desde el aeropuerto hasta Barcelona<\/span> son la forma m\u00e1s segura de llevar a cada miembro de la compa\u00f1\u00eda a su hotel sin problemas. Ofrecemos ch\u00f3fer o gu\u00eda biling\u00fce que os recoger\u00e1 en el aeropuerto (con un cartel identificativo) y que os acompa\u00f1ar\u00e1 hasta vuestro veh\u00edculo privado: coche, minib\u00fas o autocar con aire acondicionado.<\/p>\n<p>Los transportes de BarcelonaTours.net te aseguran un desplazamiento sin interrupciones directo desde el aeropuerto hasta la ciudad. No solo es la forma m\u00e1s r\u00e1pida y eficiente de viajar hacia Barcelona, sino que tambi\u00e9n te brinda la tranquilidad de saber que tu grupo corporativo, escolar o privado est\u00e1 siendo bien atendido.<\/p>\n<p>Para organizar eventos completos con nosotros, inf\u00f3rmate sobre nuestras <a href=\"https:\/\/barcelonatours.net\/team-building\/\"><span style=\"text-decoration: none; text-underline: none;\">actividades Team Building<\/span><\/a>\u00a0y <a href=\"https:\/\/barcelonatours.net\/es\/excursiones\"><span style=\"text-decoration: none; text-underline: none;\">tours privados en Barcelona<\/span><\/a>. Tambi\u00e9n puedes consultar nuestros <a href=\"https:\/\/barcelonatours.net\/es\/organizacion-de-eventos-empresas\"><span style=\"text-decoration: none; text-underline: none;\">servicios de organizacions de eventos<\/span><\/a>.<\/p>\n<h3>Transporte en la ciudad<\/h3>\n<p>Encargarse de un grupo grande en una ciudad que no conoces puede resultar agotador y todo requiere m\u00e1s tiempo de organizaci\u00f3n y planificaci\u00f3n. Por suerte, BarcelonaTours.net cuenta con m\u00e1s de diez a\u00f1os de experiencia a la hora de gestionar grupos por Barcelona. Ah\u00f3rrate los quebraderos de cabeza y d\u00e9janos hacer lo que mejor se nos da: preparar tu estancia en Barcelona y hacer que resulte lo m\u00e1s agradable y relajante posible.<\/p>\n<h3>Gu\u00eda biling\u00fce privado<\/h3>\n<p>Tambi\u00e9n dispondr\u00e1s de un gu\u00eda biling\u00fce que se encargar\u00e1 de que tu grupo corporativo, escolar o privado se sienta bien y disfrute de su estancia en Barcelona. Tanto si necesitas desplazarte en autocar o minib\u00fas privado, ir hacia tu hotel o llegar directamente al restaurante, nuestro gu\u00eda te facilitar\u00e1 el trayecto para que no tengas que preocuparte por nada.<br \/>\nOs acompa\u00f1ar\u00e1 a ti y a tu grupo durante el tiempo que necesit\u00e9is. Si hab\u00e9is organizado diversas actividades, nuestro gu\u00eda ser\u00e1 la mejor manera de tener bajo control los desplazamientos privados desde A hasta B o viceversa. Dado que todos nuestros gu\u00edas son biling\u00fces, el grupo contar\u00e1 con todo el apoyo que necesit\u00e9is a la hora de comunicaros, ya sea durante el desplazamiento desde\/hacia una conferencia, evento, actividad o tour privado.<\/p>\n<h3>Especialistas en log\u00edstica<\/h3>\n<p>Nos encanta preparar todos los detalles para que tu viaje en grupo est\u00e9 perfecto una vez llegu\u00e9is a Barcelona.<br \/>\nSi buscas comodidad y que todo est\u00e9 organizado para cuando tu grupo pise la ciudad; si lo \u00fanico que quieres hacer es relajarte y disfrutar de la belleza de Barcelona, BarcelonaTours.net es tu empresa. Hemos organizado eventos, desplazamientos y actividades para grupos en Barcelona desde hace mas de una d\u00e9cada, y no hay nada que nos guste m\u00e1s que velar por un grupo para que se sienta bien, relajado y con la seguridad de que todo est\u00e1 bajo control.<br \/>\nNo solo ofrecemos informaci\u00f3n local y contactos de primera durante los desplazamientos para grupos en Barcelona, sino que tambi\u00e9n garantizamos precios competitivos. Ponte en contacto con BarcelonaTours.net y expl\u00edcanos lo que te gustar\u00eda hacer con tu grupo. Planificar los desplazamientos privados, sea ad\u00f3nde sea y cuando sea, es solo uno de los diversos puntos a tener en cuenta a la hora de organizar un viaje perfecto a Barcelona y que se convierta en una experiencia maravillosa.<\/p>\n<h4>\u00bfC\u00f3mo reservar?<\/h4>\n<p><strong>Cont\u00e1ctanos hoy mismo y reserva tu transporte<\/strong>: <a href=\"mailto:info@barcelonatours.net\">info@barcelonatours.net<\/a> o ll\u00e1manos al <a href=\"tel: +34 658 76 83 33\">+34 658 76 83 33<\/a>.[\/vc_column_text][\/vc_column][\/vc_row][vc_row][vc_column][vc_column_text][\/vc_column_text][\/vc_column][\/vc_row][vc_row][vc_column][vc_column_text css=&#8221;&#8221;]\n<h2>\ud83d\ude8d Transporte\u00a0 Privado<\/h2>\n<\/p><p><!--more--><\/p>\n<table class=\"table table-bordered tours-tabs__table\" style=\"width: 98.6374%; height: 1316px;\" width=\"99.2947%\">\n<tbody>\n<tr style=\"height: 1175px;\">\n<td style=\"width: 21.0088%; height: 1175px;\"><strong>PRECIO APPROXIMADOS\u00a0<\/strong><\/td>\n<td style=\"width: 78.0108%; height: 1175px;\">\n<div id=\"model-response-message-contentr_6c83f994831bc947\" class=\"markdown markdown-main-panel enable-updated-hr-color\" dir=\"ltr\">\n<p><strong>TRASLADOS DE AEROPUERTO<\/strong><\/p>\n<p>Recogida en el aeropuerto en un minib\u00fas privado, con un gu\u00eda de Barcelona Tours esper\u00e1ndote en la zona de llegadas.<\/p>\n<i class=\"fa fa-check icon-tick icon-tick--on\"><\/i>98\u20ac en total \u2014 Coche con conductor (Mercedes Clase E)\n<i class=\"fa fa-check icon-tick icon-tick--on\"><\/i>150\u20ac en total \u2014 Minivan (7 plazas) con conductor\n<p>&nbsp;<\/p>\n<i class=\"fa fa-check icon-tick icon-tick--on\"><\/i>300\u20ac en total \u2014 Autocar de 24 plazas\n<i class=\"fa fa-check icon-tick icon-tick--on\"><\/i>320\u20ac en total \u2014 Autocar de 55 plazas\n<i class=\"fa fa-check icon-tick icon-tick--on\"><\/i>150\u20ac \u2014 Gu\u00eda de asistencia de habla inglesa\/espa\u00f1ola (Obligatorio para llegadas al aeropuerto)\n<p>&nbsp;<\/p>\n<p><strong>TRASLADOS EN LA CIUDAD<\/strong><\/p>\n<p>Recogida en el hotel\/restaurante\/lugar del evento en un autocar privado y traslado al destino.<\/p>\n<i class=\"fa fa-check icon-tick icon-tick--on\"><\/i>300\u20ac en total \u2013 Autocar de 24 plazas\n<i class=\"fa fa-check icon-tick icon-tick--on\"><\/i>320\u20ac en total \u2013 Autocar de 55 plazas\n<i class=\"fa fa-check icon-tick icon-tick--on\"><\/i>150\u20ac \u2014 Gu\u00eda de asistencia de habla inglesa\/espa\u00f1ola durante el traslado\n<p>&nbsp;<\/p>\n<p><strong>TRASLADOS DE IDA Y VUELTA PARA CENA<\/strong><\/p>\n<p>Traslados de ida y vuelta entre el hotel\/punto de partida y el restaurante.<\/p>\n<i class=\"fa fa-check icon-tick icon-tick--on\"><\/i>470\u20ac en total \u2013 Autocar de 24 plazas \u2013 hasta 4 horas de servicio\n<i class=\"fa fa-check icon-tick icon-tick--on\"><\/i>490\u20ac en total \u2013 Autocar de 55 plazas \u2013 hasta 4 horas de servicio\n<i class=\"fa fa-check icon-tick icon-tick--on\"><\/i>250\u20ac \u2014 Gu\u00eda de asistencia de habla inglesa\/espa\u00f1ola \u2013 hasta 4 horas de servicio\n<p>&nbsp;<\/p>\n<p><strong>TRASLADOS FUERA DE LA CIUDAD<\/strong><\/p>\n<p>Excursiones de un d\u00eda o traslados de solo ida fuera de la ciudad.<\/p>\n<i class=\"fa fa-check icon-tick icon-tick--on\"><\/i>Sitges \u2013 solo ida \u2013 380\u20ac \u2013 autocar de 55 plazas\n<i class=\"fa fa-check icon-tick icon-tick--on\"><\/i>Tossa del Mar\/Lloret \u2013 solo ida \u2013 480\u20ac \u2013 autocar de 55 plazas\n<i class=\"fa fa-check icon-tick icon-tick--on\"><\/i>Montserrat \u2013 hasta 5 horas de servicio \u2014 650\u20ac en total \u2014 autocar de 55 plazas\n<i class=\"fa fa-check icon-tick icon-tick--on\"><\/i>Montserrat + Vinards \u2013 hasta 8 horas de servicio \u2014 790\u20ac en total \u2014 autocar de 55 plazas\n<i class=\"fa fa-check icon-tick icon-tick--on\"><\/i>Girona + Museo Dal\u00ed \u2013 hasta 10 horas de servicio \u2014 1100\u20ac en total \u2014 autocar de 55 plazas\n<p>Costa Brava \u2014 Tossa del Mar \u2013 hasta 10 horas de servicio \u2014 1100\u20ac en total \u2014 autocar de 55 plazas<\/p>\n<\/div>\n<\/td>\n<\/tr>\n<tr style=\"height: 24px;\">\n<td style=\"width: 21.0088%; height: 24px;\"><strong>UBICACI\u00d3N<\/strong><\/td>\n<td style=\"width: 78.0108%; height: 24px;\"><i class=\"fa fa-check icon-tick icon-tick--on\"><\/i>Recogida y regreso en vuestra ubicaci\u00f3n<\/td>\n<\/tr>\n<tr style=\"height: 80px;\">\n<td style=\"width: 21.0088%; height: 80px;\"><strong>INCLUIDO<\/strong><\/td>\n<td style=\"width: 78.0108%; height: 80px;\"><i class=\"fa fa-check icon-tick icon-tick--on\"><\/i> Autocar Privado\n<i class=\"fa fa-check icon-tick icon-tick--on\"><\/i>Aire acondicionado\n<i class=\"fa fa-check icon-tick icon-tick--on\"><\/i>Posibilidad de contar con un gu\u00eda para coordinar la log\u00edstica con los conductores: atenci\u00f3n personalizada en espa\u00f1ol, ingl\u00e9s y m\u00e1s idiomas bajo petici\u00f3n.\n<i class=\"fa fa-check icon-tick icon-tick--on\"><\/i>Veh\u00edculos nuevos, limpios y en buen estado.<\/td>\n<\/tr>\n<tr style=\"height: 27px;\">\n<td style=\"width: 21.0088%; height: 27px;\"><strong><b>N. DE PERSONAS<\/b><\/strong><\/td>\n<td style=\"width: 78.0108%; height: 27px;\"><i class=\"fa fa-check icon-tick icon-tick--on\"><\/i>Desde 15 hasta 500 personas<\/td>\n<\/tr>\n<tr style=\"height: 82px;\">\n<td style=\"width: 21.0088%; height: 10px;\"><b>BENEFICIOS<\/b><\/td>\n<td style=\"width: 78.0108%; height: 10px;\">1\ufe0f\u20e3 Nosotros nos encargamos de la log\u00edstica por ti\n<p>2\ufe0f\u20e3 Autocares privados exclusivos para tu grupo<\/p>\n<p>3\ufe0f\u20e3 Desplazamientos f\u00e1ciles por la ciudad para todo el grupo con servicio personalizado<\/p><\/td>\n<\/tr>\n<\/tbody>\n<\/table>\n[\/vc_column_text][\/vc_column][\/vc_row][vc_row][vc_column][vc_column_text css=&#8221;&#8221;]\n<h2>\u00a0 \u2753C\u00d3MO FUNCIONA Y PREGUNTAS FRECUENTES<\/h2>\n<p><!--more--><\/p>\n<table class=\"table table-bordered tours-tabs__table\" style=\"width: 98.6374%; height: 138px;\" width=\"99.2947%\">\n<tbody>\n<tr style=\"height: 82px;\">\n<td style=\"width: 21.0088%; height: 10px;\"><b>C\u00d3MO FUNCIONA<\/b><\/td>\n<td style=\"width: 78.0108%; height: 24px;\">1\ufe0f\u20e3 Despu\u00e9s de recibir tu consulta, te enviaremos una propuesta con las mejores soluciones para tu evento y m\u00e1s ideas a considerar.\n<p>2\ufe0f\u20e3 T\u00fa eliges la mejor solucion y responderemos a todas tus preguntas por correo electr\u00f3nico (o tel\u00e9fono) hasta que est\u00e9s completamente satisfecho y listo para reservar.<\/p>\n<p>3\ufe0f\u20e3 Una vez establecidos todos los detalles, te facilitaremos el presupuesto final y solo solicitaremos un dep\u00f3sito del 20% para asegurar la fecha de tu evento<\/p><\/td>\n<\/tr>\n<tr>\n<td style=\"width: 21.0088%;\"><strong>PREGUNTAS FRECUENTES<\/strong><\/td>\n<td style=\"width: 78.0108%;\">1\ufe0f\u20e3 <strong>Condiciones de pago:<\/strong> Para confirmar el evento, necesitamos un dep\u00f3sito del 20% y el importe total una semana antes. Puedes pagar mediante transferencia bancaria o con tarjeta de d\u00e9bito\/cr\u00e9dito a trav\u00e9s de un enlace de pago.\n<p>2\ufe0f\u20e3<strong>N\u00fameros finales:<\/strong> tienes la libertad de ajustar el n\u00famero de participantes para el evento hasta una semana antes, y no habr\u00e1 penalizaciones ni cargos adicionales. Sin embargo, hay que tener en cuenta que algunas actividades pueden tener precios variables seg\u00fan el tama\u00f1o del grupo.<span style=\"font-weight: 400;\"><br \/>\n<\/span><\/p>\n<p>3\ufe0f\u20e3 <strong>Itinerario final:<\/strong> una semana antes del evento, recibir\u00e1s un resumen detallado con toda la informaci\u00f3n \u00fatil.<\/p><\/td>\n<\/tr>\n<\/tbody>\n<\/table>\n[\/vc_column_text][\/vc_column][\/vc_row][vc_row][vc_column][vc_column_text css=&#8221;&#8221;]<em><span style=\"font-size: 18pt;\"><strong>\u23ed\ufe0f \u00bfPasamos ya a la siguiente fase?<\/strong><\/span><\/em>\n<p>&nbsp;<\/p>\n<p style=\"text-align: left;\"><em><span style=\"font-size: 14pt;\"><strong>Pide un presupuesto r\u00e1pido:\u00a0 \u00a0\u00a0<\/strong><\/span><\/em><\/p>\n<ul>\n<li style=\"text-align: left;\"><em><span style=\"font-size: 14pt;\"><strong>Email <a href=\"mailto: info@barcelonatours.net\" data-cke-saved-href=\"mailto:enquiry@barcelonatours.net\">info@barcelonatours.net<\/a>\u00a0\u00a0<\/strong><\/span><\/em><\/li>\n<li><em><span style=\"font-size: 14pt;\"><strong>Tel\/W&#8217;App\u00a0 <a href=\"tel: +34658768333\">+34 658 768 333<\/a><\/strong><\/span><\/em><\/li>\n<\/ul>\n<p>&nbsp;<\/p>\n<p style=\"text-align: left;\"><em><span style=\"font-size: 14pt;\"><strong>Clientes satisfechos, lo que dicen de nosotros:\u00a0 \u2b50\ufe0f\u2b50\ufe0f\u2b50\ufe0f\u2b50\ufe0f\u2b50\ufe0f <a href=\"https:\/\/www.google.com\/maps\/place\/BarcelonaTours.net\/@41.406933,2.1567085,17z\/data=!3m1!5s0x12a4a2e9f0c7847d:0xe1ddc3cf1f5a665f!4m8!3m7!1s0x12a4a2a5c1e2257d:0xcab7dbbfc67e084a!8m2!3d41.406933!4d2.1567085!9m1!1b1!16s%2Fg%2F12lk5ddc3?hl=en-US&amp;entry=ttu&amp;g_ep=EgoyMDI1MDExNS4wIKXMDSoASAFQAw%3D%3D\">rese\u00f1as en Google<\/a><\/strong><\/span><\/em><\/p>\n<p style=\"text-align: left;\"><em><span style=\"font-size: 14pt;\"><strong>Alg\u00fan reportaje de los eventos hechos:\u00a0 <a href=\"https:\/\/www.linkedin.com\/company\/1708408\/admin\/page-posts\/published\/\">publicaciones en LinkedIn<\/a><\/strong><\/span><\/em><\/p>\n[\/vc_column_text][\/vc_column][\/vc_row][vc_row][vc_column][vc_empty_space height=&#8221;30px&#8221;][vc_raw_html css=&#8221;&#8221;]JTVCdHJ1c3RpbmRleCUyMG5vLXJlZ2lzdHJhdGlvbiUzRGdvb2dsZSU1RA==[\/vc_raw_html][vc_empty_space height=&#8221;30px&#8221;][\/vc_column][\/vc_row]\n<\/div>","protected":false},"excerpt":{"rendered":"<p>Nuestros transportes privados incluyen aire acondicionado: la mejor forma de viajar por Barcelona.<\/p>\n","protected":false},"featured_media":4803,"comment_status":"closed","ping_status":"closed","template":"","meta":{"footnotes":""},"product_brand":[],"product_cat":[3498,3463,3766],"product_tag":[],"class_list":{"0":"post-7139","1":"product","2":"type-product","3":"status-publish","4":"has-post-thumbnail","6":"product_cat-group-travel","7":"product_cat-team-building-es","8":"product_cat-transport-es","9":"tour_category-activities-es","10":"tour_category-day-activity-es","11":"tour_category-group-travel","12":"tour_category-night-activity-es","13":"tour_category-team-building-en-barcelona","14":"tour_category-transport-es","16":"first","17":"instock","18":"virtual","19":"taxable","20":"purchasable","21":"product-type-tour"},"yoast_head":"<!-- This site is optimized with the Yoast SEO plugin v27.3 - https:\/\/yoast.com\/product\/yoast-seo-wordpress\/ -->\n<title>Transfer en Barcelona - Aeropuerto - Ciudad - Comarca<\/title>\n<meta name=\"description\" content=\"Transporte para todo tipo de grupos en Barcelona: eventos corporativos, grupos privados o escolares. Cont\u00e1ctanos y pide un presupuesto gratis.\" \/>\n<meta name=\"robots\" content=\"index, follow, max-snippet:-1, max-image-preview:large, max-video-preview:-1\" \/>\n<link rel=\"canonical\" href=\"https:\/\/barcelonatours.net\/es\/transporte\/transporte-grupos\" \/>\n<meta property=\"og:locale\" content=\"es_ES\" \/>\n<meta property=\"og:type\" content=\"article\" \/>\n<meta property=\"og:title\" content=\"Transfer en Barcelona - Aeropuerto - Ciudad - Comarca\" \/>\n<meta property=\"og:description\" content=\"Transporte para todo tipo de grupos en Barcelona: eventos corporativos, grupos privados o escolares. Cont\u00e1ctanos y pide un presupuesto gratis.\" \/>\n<meta property=\"og:url\" content=\"https:\/\/barcelonatours.net\/es\/transporte\/transporte-grupos\" \/>\n<meta property=\"og:site_name\" content=\"BarcelonaTours.net\" \/>\n<meta property=\"article:publisher\" content=\"https:\/\/www.facebook.com\/BarcelonaTours.net\/\" \/>\n<meta property=\"article:modified_time\" content=\"2025-12-09T18:09:10+00:00\" \/>\n<meta property=\"og:image\" content=\"https:\/\/barcelonatours.net\/wp-content\/uploads\/2019\/07\/annie-spratt-tG822f1XzT4-unsplash-e1564141681860.jpg\" \/>\n\t<meta property=\"og:image:width\" content=\"2048\" \/>\n\t<meta property=\"og:image:height\" content=\"809\" \/>\n\t<meta property=\"og:image:type\" content=\"image\/jpeg\" \/>\n<meta name=\"twitter:card\" content=\"summary_large_image\" \/>\n<meta name=\"twitter:site\" content=\"@BarcelonaTours1\" \/>\n<meta name=\"twitter:label1\" content=\"Tiempo de lectura\" \/>\n\t<meta name=\"twitter:data1\" content=\"5 minutos\" \/>\n<script type=\"application\/ld+json\" class=\"yoast-schema-graph\">{\"@context\":\"https:\\\/\\\/schema.org\",\"@graph\":[{\"@type\":\"WebPage\",\"@id\":\"https:\\\/\\\/barcelonatours.net\\\/es\\\/transporte\\\/transporte-grupos\",\"url\":\"https:\\\/\\\/barcelonatours.net\\\/es\\\/transporte\\\/transporte-grupos\",\"name\":\"Transfer en Barcelona - Aeropuerto - Ciudad - Comarca\",\"isPartOf\":{\"@id\":\"https:\\\/\\\/barcelonatours.net\\\/es#website\"},\"primaryImageOfPage\":{\"@id\":\"https:\\\/\\\/barcelonatours.net\\\/es\\\/transporte\\\/transporte-grupos#primaryimage\"},\"image\":{\"@id\":\"https:\\\/\\\/barcelonatours.net\\\/es\\\/transporte\\\/transporte-grupos#primaryimage\"},\"thumbnailUrl\":\"https:\\\/\\\/barcelonatours.net\\\/wp-content\\\/uploads\\\/2019\\\/07\\\/annie-spratt-tG822f1XzT4-unsplash-e1564141681860.jpg\",\"datePublished\":\"2025-07-30T11:19:47+00:00\",\"dateModified\":\"2025-12-09T18:09:10+00:00\",\"description\":\"Transporte para todo tipo de grupos en Barcelona: eventos corporativos, grupos privados o escolares. Cont\u00e1ctanos y pide un presupuesto gratis.\",\"breadcrumb\":{\"@id\":\"https:\\\/\\\/barcelonatours.net\\\/es\\\/transporte\\\/transporte-grupos#breadcrumb\"},\"inLanguage\":\"es\",\"potentialAction\":[{\"@type\":\"ReadAction\",\"target\":[\"https:\\\/\\\/barcelonatours.net\\\/es\\\/transporte\\\/transporte-grupos\"]}]},{\"@type\":\"ImageObject\",\"inLanguage\":\"es\",\"@id\":\"https:\\\/\\\/barcelonatours.net\\\/es\\\/transporte\\\/transporte-grupos#primaryimage\",\"url\":\"https:\\\/\\\/barcelonatours.net\\\/wp-content\\\/uploads\\\/2019\\\/07\\\/annie-spratt-tG822f1XzT4-unsplash-e1564141681860.jpg\",\"contentUrl\":\"https:\\\/\\\/barcelonatours.net\\\/wp-content\\\/uploads\\\/2019\\\/07\\\/annie-spratt-tG822f1XzT4-unsplash-e1564141681860.jpg\",\"width\":2048,\"height\":809},{\"@type\":\"BreadcrumbList\",\"@id\":\"https:\\\/\\\/barcelonatours.net\\\/es\\\/transporte\\\/transporte-grupos#breadcrumb\",\"itemListElement\":[{\"@type\":\"ListItem\",\"position\":1,\"name\":\"Home\",\"item\":\"https:\\\/\\\/barcelonatours.net\\\/es\"},{\"@type\":\"ListItem\",\"position\":2,\"name\":\"Shop\",\"item\":\"https:\\\/\\\/barcelonatours.net\\\/shop\"},{\"@type\":\"ListItem\",\"position\":3,\"name\":\"Transfer en Barcelona\"}]},{\"@type\":\"WebSite\",\"@id\":\"https:\\\/\\\/barcelonatours.net\\\/es#website\",\"url\":\"https:\\\/\\\/barcelonatours.net\\\/es\",\"name\":\"BarcelonaTours.net\",\"description\":\"The best tours and team building activities of Barcelona\",\"publisher\":{\"@id\":\"https:\\\/\\\/barcelonatours.net\\\/es#organization\"},\"alternateName\":\"Corporate event agency based in Barcelona\",\"potentialAction\":[{\"@type\":\"SearchAction\",\"target\":{\"@type\":\"EntryPoint\",\"urlTemplate\":\"https:\\\/\\\/barcelonatours.net\\\/es?s={search_term_string}\"},\"query-input\":{\"@type\":\"PropertyValueSpecification\",\"valueRequired\":true,\"valueName\":\"search_term_string\"}}],\"inLanguage\":\"es\"},{\"@type\":\"Organization\",\"@id\":\"https:\\\/\\\/barcelonatours.net\\\/es#organization\",\"name\":\"Barcelona Tours\",\"url\":\"https:\\\/\\\/barcelonatours.net\\\/es\",\"logo\":{\"@type\":\"ImageObject\",\"inLanguage\":\"es\",\"@id\":\"https:\\\/\\\/barcelonatours.net\\\/es#\\\/schema\\\/logo\\\/image\\\/\",\"url\":\"https:\\\/\\\/barcelonatours.net\\\/wp-content\\\/uploads\\\/2019\\\/04\\\/bcn_tours_logo-e1556215659835.png\",\"contentUrl\":\"https:\\\/\\\/barcelonatours.net\\\/wp-content\\\/uploads\\\/2019\\\/04\\\/bcn_tours_logo-e1556215659835.png\",\"width\":250,\"height\":89,\"caption\":\"Barcelona Tours\"},\"image\":{\"@id\":\"https:\\\/\\\/barcelonatours.net\\\/es#\\\/schema\\\/logo\\\/image\\\/\"},\"sameAs\":[\"https:\\\/\\\/www.facebook.com\\\/BarcelonaTours.net\\\/\",\"https:\\\/\\\/x.com\\\/BarcelonaTours1\",\"https:\\\/\\\/www.instagram.com\\\/barcelonatours\\\/\"]}]}<\/script>\n<!-- \/ Yoast SEO plugin. -->","yoast_head_json":{"title":"Transfer en Barcelona - Aeropuerto - Ciudad - Comarca","description":"Transporte para todo tipo de grupos en Barcelona: eventos corporativos, grupos privados o escolares. Cont\u00e1ctanos y pide un presupuesto gratis.","robots":{"index":"index","follow":"follow","max-snippet":"max-snippet:-1","max-image-preview":"max-image-preview:large","max-video-preview":"max-video-preview:-1"},"canonical":"https:\/\/barcelonatours.net\/es\/transporte\/transporte-grupos","og_locale":"es_ES","og_type":"article","og_title":"Transfer en Barcelona - Aeropuerto - Ciudad - Comarca","og_description":"Transporte para todo tipo de grupos en Barcelona: eventos corporativos, grupos privados o escolares. Cont\u00e1ctanos y pide un presupuesto gratis.","og_url":"https:\/\/barcelonatours.net\/es\/transporte\/transporte-grupos","og_site_name":"BarcelonaTours.net","article_publisher":"https:\/\/www.facebook.com\/BarcelonaTours.net\/","article_modified_time":"2025-12-09T18:09:10+00:00","og_image":[{"width":2048,"height":809,"url":"https:\/\/barcelonatours.net\/wp-content\/uploads\/2019\/07\/annie-spratt-tG822f1XzT4-unsplash-e1564141681860.jpg","type":"image\/jpeg"}],"twitter_card":"summary_large_image","twitter_site":"@BarcelonaTours1","twitter_misc":{"Tiempo de lectura":"5 minutos"},"schema":{"@context":"https:\/\/schema.org","@graph":[{"@type":"WebPage","@id":"https:\/\/barcelonatours.net\/es\/transporte\/transporte-grupos","url":"https:\/\/barcelonatours.net\/es\/transporte\/transporte-grupos","name":"Transfer en Barcelona - Aeropuerto - Ciudad - Comarca","isPartOf":{"@id":"https:\/\/barcelonatours.net\/es#website"},"primaryImageOfPage":{"@id":"https:\/\/barcelonatours.net\/es\/transporte\/transporte-grupos#primaryimage"},"image":{"@id":"https:\/\/barcelonatours.net\/es\/transporte\/transporte-grupos#primaryimage"},"thumbnailUrl":"https:\/\/barcelonatours.net\/wp-content\/uploads\/2019\/07\/annie-spratt-tG822f1XzT4-unsplash-e1564141681860.jpg","datePublished":"2025-07-30T11:19:47+00:00","dateModified":"2025-12-09T18:09:10+00:00","description":"Transporte para todo tipo de grupos en Barcelona: eventos corporativos, grupos privados o escolares. Cont\u00e1ctanos y pide un presupuesto gratis.","breadcrumb":{"@id":"https:\/\/barcelonatours.net\/es\/transporte\/transporte-grupos#breadcrumb"},"inLanguage":"es","potentialAction":[{"@type":"ReadAction","target":["https:\/\/barcelonatours.net\/es\/transporte\/transporte-grupos"]}]},{"@type":"ImageObject","inLanguage":"es","@id":"https:\/\/barcelonatours.net\/es\/transporte\/transporte-grupos#primaryimage","url":"https:\/\/barcelonatours.net\/wp-content\/uploads\/2019\/07\/annie-spratt-tG822f1XzT4-unsplash-e1564141681860.jpg","contentUrl":"https:\/\/barcelonatours.net\/wp-content\/uploads\/2019\/07\/annie-spratt-tG822f1XzT4-unsplash-e1564141681860.jpg","width":2048,"height":809},{"@type":"BreadcrumbList","@id":"https:\/\/barcelonatours.net\/es\/transporte\/transporte-grupos#breadcrumb","itemListElement":[{"@type":"ListItem","position":1,"name":"Home","item":"https:\/\/barcelonatours.net\/es"},{"@type":"ListItem","position":2,"name":"Shop","item":"https:\/\/barcelonatours.net\/shop"},{"@type":"ListItem","position":3,"name":"Transfer en Barcelona"}]},{"@type":"WebSite","@id":"https:\/\/barcelonatours.net\/es#website","url":"https:\/\/barcelonatours.net\/es","name":"BarcelonaTours.net","description":"The best tours and team building activities of Barcelona","publisher":{"@id":"https:\/\/barcelonatours.net\/es#organization"},"alternateName":"Corporate event agency based in Barcelona","potentialAction":[{"@type":"SearchAction","target":{"@type":"EntryPoint","urlTemplate":"https:\/\/barcelonatours.net\/es?s={search_term_string}"},"query-input":{"@type":"PropertyValueSpecification","valueRequired":true,"valueName":"search_term_string"}}],"inLanguage":"es"},{"@type":"Organization","@id":"https:\/\/barcelonatours.net\/es#organization","name":"Barcelona Tours","url":"https:\/\/barcelonatours.net\/es","logo":{"@type":"ImageObject","inLanguage":"es","@id":"https:\/\/barcelonatours.net\/es#\/schema\/logo\/image\/","url":"https:\/\/barcelonatours.net\/wp-content\/uploads\/2019\/04\/bcn_tours_logo-e1556215659835.png","contentUrl":"https:\/\/barcelonatours.net\/wp-content\/uploads\/2019\/04\/bcn_tours_logo-e1556215659835.png","width":250,"height":89,"caption":"Barcelona Tours"},"image":{"@id":"https:\/\/barcelonatours.net\/es#\/schema\/logo\/image\/"},"sameAs":["https:\/\/www.facebook.com\/BarcelonaTours.net\/","https:\/\/x.com\/BarcelonaTours1","https:\/\/www.instagram.com\/barcelonatours\/"]}]}},"_links":{"self":[{"href":"https:\/\/barcelonatours.net\/es\/wp-json\/wp\/v2\/product\/7139","targetHints":{"allow":["GET"]}}],"collection":[{"href":"https:\/\/barcelonatours.net\/es\/wp-json\/wp\/v2\/product"}],"about":[{"href":"https:\/\/barcelonatours.net\/es\/wp-json\/wp\/v2\/types\/product"}],"replies":[{"embeddable":true,"href":"https:\/\/barcelonatours.net\/es\/wp-json\/wp\/v2\/comments?post=7139"}],"version-history":[{"count":1,"href":"https:\/\/barcelonatours.net\/es\/wp-json\/wp\/v2\/product\/7139\/revisions"}],"predecessor-version":[{"id":15636,"href":"https:\/\/barcelonatours.net\/es\/wp-json\/wp\/v2\/product\/7139\/revisions\/15636"}],"wp:featuredmedia":[{"embeddable":true,"href":"https:\/\/barcelonatours.net\/es\/wp-json\/wp\/v2\/media\/4803"}],"wp:attachment":[{"href":"https:\/\/barcelonatours.net\/es\/wp-json\/wp\/v2\/media?parent=7139"}],"wp:term":[{"taxonomy":"product_brand","embeddable":true,"href":"https:\/\/barcelonatours.net\/es\/wp-json\/wp\/v2\/product_brand?post=7139"},{"taxonomy":"product_cat","embeddable":true,"href":"https:\/\/barcelonatours.net\/es\/wp-json\/wp\/v2\/product_cat?post=7139"},{"taxonomy":"product_tag","embeddable":true,"href":"https:\/\/barcelonatours.net\/es\/wp-json\/wp\/v2\/product_tag?post=7139"}],"curies":[{"name":"wp","href":"https:\/\/api.w.org\/{rel}","templated":true}]}}