{"id":7135,"date":"2025-06-29T18:16:31","date_gmt":"2025-06-29T16:16:31","guid":{"rendered":"https:\/\/barcelonatours.net\/product\/sangria-making-class-in-barcelona"},"modified":"2026-02-16T17:59:40","modified_gmt":"2026-02-16T16:59:40","slug":"clase-sangria","status":"publish","type":"product","link":"https:\/\/barcelonatours.net\/es\/actividades\/clase-sangria","title":{"rendered":"Taller Privado de Sangr\u00eda para Grupos en Barcelona"},"content":{"rendered":"<div class=\"wpb-content-wrapper\">[vc_row][vc_column]<div class=\"title title--big title--center title--underline title--decoration-bottom-center\">\n\t\t\t<div class=\"title__subtitle\">Actividades Team Building--Tours Privados--Salidas en Barco--Cenas de Empresa--Traslados para grupos<\/div>\n\t\t<h3 class=\"title__primary\"><\/h3>\n<\/div>\n[vc_column_text css=\u00bb\u00bb]\n<h2>Clase de Sangr\u00eda en Barcelona! <b>\ud83c\udf79<\/b><\/h2>\n<p><span style=\"font-weight: 400;\">La Sangr\u00eda no es simplemente el c\u00f3ctel espa\u00f1ol m\u00e1s famoso; es una aut\u00e9ntica expresi\u00f3n de hospitalidad y alegr\u00eda veraniega. Aunque la ciudad de Barcelona ofrece innumerables oportunidades para degustarla en excelentes restaurantes, elevar la experiencia aprendiendo el arte de su preparaci\u00f3n transforma una simple bebida en una habilidad deliciosa. Esta clase de c\u00f3cteles dedicada a la Sangr\u00eda tiene el poder de evocar el verano y su esp\u00edritu festivo, independientemente del clima exterior.<\/span><\/p>\n<h2>Contexto hist\u00f3rico y cultural<\/h2>\n<p><span style=\"font-weight: 400;\">La Sangr\u00eda se asocia tradicionalmente con las fiestas de verano. Se rumorea que fue creada en el pasado para realzar o disimular el sabor de un vino de menor calidad. La h\u00e1bil adici\u00f3n de frutas frescas troceadas, especias arom\u00e1ticas y, a veces, licores transformaba con \u00e9xito un sabor ins\u00edpido en uno delicioso y vibrante.<\/span><\/p>\n<p><span style=\"font-weight: 400;\">Una vez que llegue a Barcelona, estar\u00e1 rodeado de esta bebida de color intenso, cuyo nombre, seg\u00fan algunos, deriva de la palabra espa\u00f1ola \u00absangre\u00bb. Su presencia evoca inmediatamente una sensaci\u00f3n de alegr\u00eda y celebraci\u00f3n. Aunque los lugare\u00f1os tienden a beberla predominantemente durante los meses m\u00e1s c\u00e1lidos, para quienes est\u00e1n de vacaciones, su consumo es apropiado en cualquier \u00e9poca del a\u00f1o.<\/span><\/p>\n<h3>Qu\u00e9 aprenderemos: los secretos de la Sangr\u00eda<\/h3>\n<p><span style=\"font-weight: 400;\">Vino y fruta: parece un proceso simple, pero est\u00e1 lejos de serlo.<\/span><\/p>\n<p><span style=\"font-weight: 400;\">Existen docenas de fascinantes variaciones de este extraordinario c\u00f3ctel, que van desde la sangr\u00eda espumosa de fresa hasta la sangr\u00eda rosada (siempre servida fr\u00eda con hielo). La atenci\u00f3n se centra en seleccionar y combinar ingredientes: el instructor guiar\u00e1 a los participantes a trav\u00e9s de las mejores combinaciones de sabores, sugiriendo el uso de frutas de temporada, pero tambi\u00e9n fomentando el uso creativo de lo que tengan a mano: naranjas jugosas, melocotones maduros, frutos rojos o manzanas crujientes.<\/span><\/p>\n<p><span style=\"font-weight: 400;\">En esta sesi\u00f3n de una hora, tendr\u00e1 la oportunidad de comenzar con la receta cl\u00e1sica para crear un c\u00f3ctel de sangr\u00eda de vino tinto perfecto. Luego pasar\u00e1 a una versi\u00f3n de vino blanco y, finalmente, a una de las variaciones m\u00e1s queridas de Barcelona: la <\/span><b>Sangr\u00eda de Cava<\/b><span style=\"font-weight: 400;\">. El Cava es el vino espumoso local de esta regi\u00f3n de Espa\u00f1a y es, por lo tanto, un complemento esencial para un c\u00f3ctel delicioso y profundamente arraigado en la zona.<\/span><\/p>\n<h4>\u00bfQuieres saber m\u00e1s?<\/h4>\n<p>Si te gustar\u00eda aprender a elaborar otro tipo de c\u00f3cteles, echa un vistazo a nuestras <a href=\"https:\/\/barcelonatours.net\/es\/team-building-en-barcelona\/clase-de-cocteles\">clases de c\u00f3cteles<\/a>.\u00a0Tambi\u00e9n puedes aprender a elaborar esta bebida dentro de nuestros <a href=\"https:\/\/barcelonatours.net\/es\/team-building-en-barcelona\/competicion-de-paella\">talleres de cocina espa\u00f1ola<\/a>.[\/vc_column_text][\/vc_column][\/vc_row][vc_row][vc_column][vc_column_text css=\u00bb\u00bb]\n<h2>\ud83c\udf77 Taller de Sangr\u00eda<\/h2>\n<\/p><p><!--more--><\/p>\n<table class=\"table table-bordered tours-tabs__table\" style=\"width: 98.6374%; height: 162px;\" width=\"99.2947%\">\n<tbody>\n<tr style=\"height: 24px;\">\n<td style=\"width: 21.0088%; height: 24px;\"><strong>PRECIO<\/strong><\/td>\n<td style=\"width: 78.0108%; height: 24px;\"><i class=\"fa fa-check icon-tick icon-tick--on\"><\/i>Desde 55\u20ac por persona<\/td>\n<\/tr>\n<tr style=\"height: 24px;\">\n<td style=\"width: 21.0088%; height: 24px;\"><strong>UBICACI\u00d3N<\/strong><\/td>\n<td style=\"width: 78.0108%; height: 24px;\"><i class=\"fa fa-check icon-tick icon-tick--on\"><\/i><span style=\"font-weight: 400;\">Local c\u00e9ntrico<\/span><\/td>\n<\/tr>\n<tr style=\"height: 80px;\">\n<td style=\"width: 21.0088%; height: 80px;\"><strong>INCLUIDO<\/strong><\/td>\n<td style=\"width: 78.0108%; height: 80px;\"><i class=\"fa fa-check icon-tick icon-tick--on\"><\/i> Duraci\u00f3n: 2 horas\n<p style=\"text-align: left;\"><i class=\"fa fa-check icon-tick icon-tick--on\"><\/i> Ingredientes para hacer<strong> 4 sangr\u00edas<\/strong><\/p>\n<p style=\"text-align: left;\"><i class=\"fa fa-check icon-tick icon-tick--on\"><\/i> Copas, vasos y todos los materiales necesarios<\/p>\n<p style=\"text-align: left;\"><i class=\"fa fa-check icon-tick icon-tick--on\"><\/i> Monitores profesionales<\/p>\n<p style=\"text-align: left;\"><i class=\"fa fa-check icon-tick icon-tick--on\"><\/i> Papas y chips de vegetales<\/p>\n<p style=\"text-align: left;\"><i class=\"fa fa-check icon-tick icon-tick--on\"><\/i> Aperitivo de frutos secos variados<\/p>\n<p style=\"text-align: left;\"><i class=\"fa fa-check icon-tick icon-tick--on\"><\/i> Agua mineral<\/p>\n<i class=\"fa fa-check icon-tick icon-tick--on\"><\/i> C\u00f3cteles sin alcohol disponibles\n<i class=\"fa fa-check icon-tick icon-tick--on\"><\/i> Se puede a\u00f1adir <strong>cena<\/strong> a esta actividad, por favor, consulte los men\u00fas disponibles.<\/td>\n<\/tr>\n<tr style=\"height: 24px;\">\n<td style=\"width: 21.0088%; height: 24px;\"><strong><b>N. DE PERSONAS<\/b><\/strong><\/td>\n<td style=\"width: 78.0108%; height: 24px;\"><i class=\"fa fa-check icon-tick icon-tick--on\"><\/i> Desde 12 hasta 120 personas<\/td>\n<\/tr>\n<tr style=\"height: 82px;\">\n<td style=\"width: 21.0088%; height: 10px;\"><b>BENEFICIOS<\/b><\/td>\n<td style=\"width: 78.0108%; height: 10px;\">1\ufe0f\u20e3 <b>Dominio de M\u00faltiples Recetas:<\/b><span style=\"font-weight: 400;\"> Aprende a preparar variaciones cl\u00e1sicas, con vino blanco y con el cava local (<\/span><b>Sangr\u00eda de Cava<\/b><span style=\"font-weight: 400;\">). <\/span>\n<p>2\ufe0f\u20e3 <b>Conocimiento Cultural:<\/b><span style=\"font-weight: 400;\"> Obt\u00e9n informaci\u00f3n hist\u00f3rica y local sobre el c\u00f3ctel espa\u00f1ol m\u00e1s famoso. <\/span><\/p>\n<p>3\ufe0f\u20e3 <b>Experiencia Festiva:<\/b><span style=\"font-weight: 400;\"> Disfruta de una actividad pr\u00e1ctica y divertida que crea un ambiente de celebraci\u00f3n inmediato<\/span><\/p><\/td>\n<\/tr>\n<\/tbody>\n<\/table>\n[\/vc_column_text][vc_video link=\u00bbhttps:\/\/youtube.com\/shorts\/9l3Hba8y-lw\u00bb css=\u00bb\u00bb title=\u00bbVideo de un Taller de Sangria y Cocteles para 120 pax\u00bb][\/vc_column][\/vc_row][vc_row][vc_column][vc_column_text css=\u00bb\u00bb]\n<h2>\u00a0 \u2753C\u00d3MO FUNCIONA Y PREGUNTAS FRECUENTES<\/h2>\n<p><!--more--><\/p>\n<table class=\"table table-bordered tours-tabs__table\" style=\"width: 98.6374%; height: 138px;\" width=\"99.2947%\">\n<tbody>\n<tr style=\"height: 82px;\">\n<td style=\"width: 21.0088%; height: 10px;\"><b>C\u00d3MO FUNCIONA<\/b><\/td>\n<td style=\"width: 78.0108%; height: 24px;\">1\ufe0f\u20e3 Despu\u00e9s de recibir tu consulta, te enviaremos una propuesta con las mejores soluciones para tu evento y m\u00e1s ideas a considerar.\n<p>2\ufe0f\u20e3 T\u00fa eliges la mejor solucion y responderemos a todas tus preguntas por correo electr\u00f3nico (o tel\u00e9fono) hasta que est\u00e9s completamente satisfecho y listo para reservar.<\/p>\n<p>3\ufe0f\u20e3 Una vez establecidos todos los detalles, te facilitaremos el presupuesto final y solo solicitaremos un dep\u00f3sito del 20% para asegurar la fecha de tu evento<\/p><\/td>\n<\/tr>\n<tr>\n<td style=\"width: 21.0088%;\"><strong>PREGUNTAS FRECUENTES<\/strong><\/td>\n<td style=\"width: 78.0108%;\">1\ufe0f\u20e3 <strong>Condiciones de pago:<\/strong> Para confirmar el evento, necesitamos un dep\u00f3sito del 20% y el importe total una semana antes. Puedes pagar mediante transferencia bancaria o con tarjeta de d\u00e9bito\/cr\u00e9dito a trav\u00e9s de un enlace de pago.\n<p>2\ufe0f\u20e3<strong>N\u00fameros finales:<\/strong> tienes la libertad de ajustar el n\u00famero de participantes para el evento hasta una semana antes, y no habr\u00e1 penalizaciones ni cargos adicionales. Sin embargo, hay que tener en cuenta que algunas actividades pueden tener precios variables seg\u00fan el tama\u00f1o del grupo.<span style=\"font-weight: 400;\"><br \/>\n<\/span><\/p>\n<p>3\ufe0f\u20e3 <strong>Itinerario final:<\/strong> una semana antes del evento, recibir\u00e1s un resumen detallado con toda la informaci\u00f3n \u00fatil.<\/p><\/td>\n<\/tr>\n<\/tbody>\n<\/table>\n[\/vc_column_text][\/vc_column][\/vc_row][vc_row][vc_column][vc_column_text css=\u00bb\u00bb]<em><span style=\"font-size: 18pt;\"><strong>\u23ed\ufe0f \u00bfPasamos ya a la siguiente fase?<\/strong><\/span><\/em>\n<p>&nbsp;<\/p>\n<p style=\"text-align: left;\"><em><span style=\"font-size: 14pt;\"><strong>Pide un presupuesto r\u00e1pido:\u00a0 \u00a0\u00a0<\/strong><\/span><\/em><\/p>\n<ul>\n<li style=\"text-align: left;\"><em><span style=\"font-size: 14pt;\"><strong>Email <a href=\"mailto: info@barcelonatours.net\" data-cke-saved-href=\"mailto:enquiry@barcelonatours.net\">info@barcelonatours.net<\/a>\u00a0\u00a0<\/strong><\/span><\/em><\/li>\n<li><em><span style=\"font-size: 14pt;\"><strong>Tel\/W&#8217;App\u00a0 <a href=\"tel: +34658768333\">+34 658 768 333<\/a><\/strong><\/span><\/em><\/li>\n<\/ul>\n<p>&nbsp;<\/p>\n<p style=\"text-align: left;\"><em><span style=\"font-size: 14pt;\"><strong>Clientes satisfechos, lo que dicen de nosotros:\u00a0 \u2b50\ufe0f\u2b50\ufe0f\u2b50\ufe0f\u2b50\ufe0f\u2b50\ufe0f <a href=\"https:\/\/www.google.com\/maps\/place\/BarcelonaTours.net\/@41.406933,2.1567085,17z\/data=!3m1!5s0x12a4a2e9f0c7847d:0xe1ddc3cf1f5a665f!4m8!3m7!1s0x12a4a2a5c1e2257d:0xcab7dbbfc67e084a!8m2!3d41.406933!4d2.1567085!9m1!1b1!16s%2Fg%2F12lk5ddc3?hl=en-US&amp;entry=ttu&amp;g_ep=EgoyMDI1MDExNS4wIKXMDSoASAFQAw%3D%3D\">rese\u00f1as en Google<\/a><\/strong><\/span><\/em><\/p>\n<p style=\"text-align: left;\"><em><span style=\"font-size: 14pt;\"><strong>Alg\u00fan reportaje de los eventos hechos:\u00a0 <a href=\"https:\/\/www.linkedin.com\/company\/1708408\/admin\/page-posts\/published\/\">publicaciones en LinkedIn<\/a><\/strong><\/span><\/em><\/p>\n[\/vc_column_text][\/vc_column][\/vc_row]\n<\/div>","protected":false},"excerpt":{"rendered":"<p>Aprende a elaborar la cl\u00e1sica bebida espa\u00f1ola \u00abSangr\u00eda\u00bb y prueba su sabor. \u00a1Salud!<\/p>\n","protected":false},"featured_media":4863,"comment_status":"closed","ping_status":"closed","template":"","meta":{"footnotes":""},"product_brand":[],"product_cat":[3757,3462],"product_tag":[],"class_list":{"0":"post-7135","1":"product","2":"type-product","3":"status-publish","4":"has-post-thumbnail","6":"product_cat-day-activities-es","7":"product_cat-night-activities-es","8":"tour_category-activities-es","9":"tour_category-day-activity-es","10":"tour_category-night-activity-es","11":"tour_category-team-building-en-barcelona","13":"first","14":"instock","15":"virtual","16":"taxable","17":"purchasable","18":"product-type-tour"},"yoast_head":"<!-- This site is optimized with the Yoast SEO plugin v27.4 - https:\/\/yoast.com\/product\/yoast-seo-wordpress\/ -->\n<title>Taller de Sangr\u00eda para eventos de empresa y grupos en Barcelona - BarcelonaTours.net<\/title>\n<meta name=\"description\" content=\"Exclusiva clase de sangr\u00eda en grupo que combina la diversi\u00f3n con la fruta y el vino. Aprender a elaborar una bebida cl\u00e1sica y varios estilos de mezclas\" \/>\n<meta name=\"robots\" content=\"index, follow, max-snippet:-1, max-image-preview:large, max-video-preview:-1\" \/>\n<link rel=\"canonical\" href=\"https:\/\/barcelonatours.net\/es\/actividades\/clase-sangria\" \/>\n<meta property=\"og:locale\" content=\"es_ES\" \/>\n<meta property=\"og:type\" content=\"article\" \/>\n<meta property=\"og:title\" content=\"Taller de Sangr\u00eda para eventos de empresa y grupos en Barcelona - BarcelonaTours.net\" \/>\n<meta property=\"og:description\" content=\"Exclusiva clase de sangr\u00eda en grupo que combina la diversi\u00f3n con la fruta y el vino. Aprender a elaborar una bebida cl\u00e1sica y varios estilos de mezclas\" \/>\n<meta property=\"og:url\" content=\"https:\/\/barcelonatours.net\/es\/actividades\/clase-sangria\" \/>\n<meta property=\"og:site_name\" content=\"BarcelonaTours.net\" \/>\n<meta property=\"article:publisher\" content=\"https:\/\/www.facebook.com\/BarcelonaTours.net\/\" \/>\n<meta property=\"article:modified_time\" content=\"2026-02-16T16:59:40+00:00\" \/>\n<meta property=\"og:image\" content=\"https:\/\/barcelonatours.net\/wp-content\/uploads\/2019\/07\/frank-zhang-2QvfyIkmMWE-unsplash-e1564504956301.jpg\" \/>\n\t<meta property=\"og:image:width\" content=\"2048\" \/>\n\t<meta property=\"og:image:height\" content=\"1085\" \/>\n\t<meta property=\"og:image:type\" content=\"image\/jpeg\" \/>\n<meta name=\"twitter:card\" content=\"summary_large_image\" \/>\n<meta name=\"twitter:site\" content=\"@BarcelonaTours1\" \/>\n<meta name=\"twitter:label1\" content=\"Tiempo de lectura\" \/>\n\t<meta name=\"twitter:data1\" content=\"3 minutos\" \/>\n<script type=\"application\/ld+json\" class=\"yoast-schema-graph\">{\"@context\":\"https:\\\/\\\/schema.org\",\"@graph\":[{\"@type\":\"WebPage\",\"@id\":\"https:\\\/\\\/barcelonatours.net\\\/es\\\/actividades\\\/clase-sangria\",\"url\":\"https:\\\/\\\/barcelonatours.net\\\/es\\\/actividades\\\/clase-sangria\",\"name\":\"Taller de Sangr\u00eda para eventos de empresa y grupos en Barcelona - BarcelonaTours.net\",\"isPartOf\":{\"@id\":\"https:\\\/\\\/barcelonatours.net\\\/es#website\"},\"primaryImageOfPage\":{\"@id\":\"https:\\\/\\\/barcelonatours.net\\\/es\\\/actividades\\\/clase-sangria#primaryimage\"},\"image\":{\"@id\":\"https:\\\/\\\/barcelonatours.net\\\/es\\\/actividades\\\/clase-sangria#primaryimage\"},\"thumbnailUrl\":\"https:\\\/\\\/barcelonatours.net\\\/wp-content\\\/uploads\\\/2019\\\/07\\\/frank-zhang-2QvfyIkmMWE-unsplash-e1564504956301.jpg\",\"datePublished\":\"2025-06-29T16:16:31+00:00\",\"dateModified\":\"2026-02-16T16:59:40+00:00\",\"description\":\"Exclusiva clase de sangr\u00eda en grupo que combina la diversi\u00f3n con la fruta y el vino. Aprender a elaborar una bebida cl\u00e1sica y varios estilos de mezclas\",\"breadcrumb\":{\"@id\":\"https:\\\/\\\/barcelonatours.net\\\/es\\\/actividades\\\/clase-sangria#breadcrumb\"},\"inLanguage\":\"es\",\"potentialAction\":[{\"@type\":\"ReadAction\",\"target\":[\"https:\\\/\\\/barcelonatours.net\\\/es\\\/actividades\\\/clase-sangria\"]}]},{\"@type\":\"ImageObject\",\"inLanguage\":\"es\",\"@id\":\"https:\\\/\\\/barcelonatours.net\\\/es\\\/actividades\\\/clase-sangria#primaryimage\",\"url\":\"https:\\\/\\\/barcelonatours.net\\\/wp-content\\\/uploads\\\/2019\\\/07\\\/frank-zhang-2QvfyIkmMWE-unsplash-e1564504956301.jpg\",\"contentUrl\":\"https:\\\/\\\/barcelonatours.net\\\/wp-content\\\/uploads\\\/2019\\\/07\\\/frank-zhang-2QvfyIkmMWE-unsplash-e1564504956301.jpg\",\"width\":2048,\"height\":1085,\"caption\":\"Detail of the Sangria Making class in Barcelona\"},{\"@type\":\"BreadcrumbList\",\"@id\":\"https:\\\/\\\/barcelonatours.net\\\/es\\\/actividades\\\/clase-sangria#breadcrumb\",\"itemListElement\":[{\"@type\":\"ListItem\",\"position\":1,\"name\":\"Home\",\"item\":\"https:\\\/\\\/barcelonatours.net\\\/es\"},{\"@type\":\"ListItem\",\"position\":2,\"name\":\"Shop\",\"item\":\"https:\\\/\\\/barcelonatours.net\\\/shop\"},{\"@type\":\"ListItem\",\"position\":3,\"name\":\"Taller Privado de Sangr\u00eda para Grupos en Barcelona\"}]},{\"@type\":\"WebSite\",\"@id\":\"https:\\\/\\\/barcelonatours.net\\\/es#website\",\"url\":\"https:\\\/\\\/barcelonatours.net\\\/es\",\"name\":\"BarcelonaTours.net\",\"description\":\"The best tours and team building activities of Barcelona\",\"publisher\":{\"@id\":\"https:\\\/\\\/barcelonatours.net\\\/es#organization\"},\"alternateName\":\"Corporate event agency based in Barcelona\",\"potentialAction\":[{\"@type\":\"SearchAction\",\"target\":{\"@type\":\"EntryPoint\",\"urlTemplate\":\"https:\\\/\\\/barcelonatours.net\\\/es?s={search_term_string}\"},\"query-input\":{\"@type\":\"PropertyValueSpecification\",\"valueRequired\":true,\"valueName\":\"search_term_string\"}}],\"inLanguage\":\"es\"},{\"@type\":\"Organization\",\"@id\":\"https:\\\/\\\/barcelonatours.net\\\/es#organization\",\"name\":\"Barcelona Tours\",\"url\":\"https:\\\/\\\/barcelonatours.net\\\/es\",\"logo\":{\"@type\":\"ImageObject\",\"inLanguage\":\"es\",\"@id\":\"https:\\\/\\\/barcelonatours.net\\\/es#\\\/schema\\\/logo\\\/image\\\/\",\"url\":\"https:\\\/\\\/barcelonatours.net\\\/wp-content\\\/uploads\\\/2019\\\/04\\\/bcn_tours_logo-e1556215659835.png\",\"contentUrl\":\"https:\\\/\\\/barcelonatours.net\\\/wp-content\\\/uploads\\\/2019\\\/04\\\/bcn_tours_logo-e1556215659835.png\",\"width\":250,\"height\":89,\"caption\":\"Barcelona Tours\"},\"image\":{\"@id\":\"https:\\\/\\\/barcelonatours.net\\\/es#\\\/schema\\\/logo\\\/image\\\/\"},\"sameAs\":[\"https:\\\/\\\/www.facebook.com\\\/BarcelonaTours.net\\\/\",\"https:\\\/\\\/x.com\\\/BarcelonaTours1\",\"https:\\\/\\\/www.instagram.com\\\/barcelonatours\\\/\"]}]}<\/script>\n<!-- \/ Yoast SEO plugin. -->","yoast_head_json":{"title":"Taller de Sangr\u00eda para eventos de empresa y grupos en Barcelona - BarcelonaTours.net","description":"Exclusiva clase de sangr\u00eda en grupo que combina la diversi\u00f3n con la fruta y el vino. Aprender a elaborar una bebida cl\u00e1sica y varios estilos de mezclas","robots":{"index":"index","follow":"follow","max-snippet":"max-snippet:-1","max-image-preview":"max-image-preview:large","max-video-preview":"max-video-preview:-1"},"canonical":"https:\/\/barcelonatours.net\/es\/actividades\/clase-sangria","og_locale":"es_ES","og_type":"article","og_title":"Taller de Sangr\u00eda para eventos de empresa y grupos en Barcelona - BarcelonaTours.net","og_description":"Exclusiva clase de sangr\u00eda en grupo que combina la diversi\u00f3n con la fruta y el vino. Aprender a elaborar una bebida cl\u00e1sica y varios estilos de mezclas","og_url":"https:\/\/barcelonatours.net\/es\/actividades\/clase-sangria","og_site_name":"BarcelonaTours.net","article_publisher":"https:\/\/www.facebook.com\/BarcelonaTours.net\/","article_modified_time":"2026-02-16T16:59:40+00:00","og_image":[{"width":2048,"height":1085,"url":"https:\/\/barcelonatours.net\/wp-content\/uploads\/2019\/07\/frank-zhang-2QvfyIkmMWE-unsplash-e1564504956301.jpg","type":"image\/jpeg"}],"twitter_card":"summary_large_image","twitter_site":"@BarcelonaTours1","twitter_misc":{"Tiempo de lectura":"3 minutos"},"schema":{"@context":"https:\/\/schema.org","@graph":[{"@type":"WebPage","@id":"https:\/\/barcelonatours.net\/es\/actividades\/clase-sangria","url":"https:\/\/barcelonatours.net\/es\/actividades\/clase-sangria","name":"Taller de Sangr\u00eda para eventos de empresa y grupos en Barcelona - BarcelonaTours.net","isPartOf":{"@id":"https:\/\/barcelonatours.net\/es#website"},"primaryImageOfPage":{"@id":"https:\/\/barcelonatours.net\/es\/actividades\/clase-sangria#primaryimage"},"image":{"@id":"https:\/\/barcelonatours.net\/es\/actividades\/clase-sangria#primaryimage"},"thumbnailUrl":"https:\/\/barcelonatours.net\/wp-content\/uploads\/2019\/07\/frank-zhang-2QvfyIkmMWE-unsplash-e1564504956301.jpg","datePublished":"2025-06-29T16:16:31+00:00","dateModified":"2026-02-16T16:59:40+00:00","description":"Exclusiva clase de sangr\u00eda en grupo que combina la diversi\u00f3n con la fruta y el vino. Aprender a elaborar una bebida cl\u00e1sica y varios estilos de mezclas","breadcrumb":{"@id":"https:\/\/barcelonatours.net\/es\/actividades\/clase-sangria#breadcrumb"},"inLanguage":"es","potentialAction":[{"@type":"ReadAction","target":["https:\/\/barcelonatours.net\/es\/actividades\/clase-sangria"]}]},{"@type":"ImageObject","inLanguage":"es","@id":"https:\/\/barcelonatours.net\/es\/actividades\/clase-sangria#primaryimage","url":"https:\/\/barcelonatours.net\/wp-content\/uploads\/2019\/07\/frank-zhang-2QvfyIkmMWE-unsplash-e1564504956301.jpg","contentUrl":"https:\/\/barcelonatours.net\/wp-content\/uploads\/2019\/07\/frank-zhang-2QvfyIkmMWE-unsplash-e1564504956301.jpg","width":2048,"height":1085,"caption":"Detail of the Sangria Making class in Barcelona"},{"@type":"BreadcrumbList","@id":"https:\/\/barcelonatours.net\/es\/actividades\/clase-sangria#breadcrumb","itemListElement":[{"@type":"ListItem","position":1,"name":"Home","item":"https:\/\/barcelonatours.net\/es"},{"@type":"ListItem","position":2,"name":"Shop","item":"https:\/\/barcelonatours.net\/shop"},{"@type":"ListItem","position":3,"name":"Taller Privado de Sangr\u00eda para Grupos en Barcelona"}]},{"@type":"WebSite","@id":"https:\/\/barcelonatours.net\/es#website","url":"https:\/\/barcelonatours.net\/es","name":"BarcelonaTours.net","description":"The best tours and team building activities of Barcelona","publisher":{"@id":"https:\/\/barcelonatours.net\/es#organization"},"alternateName":"Corporate event agency based in Barcelona","potentialAction":[{"@type":"SearchAction","target":{"@type":"EntryPoint","urlTemplate":"https:\/\/barcelonatours.net\/es?s={search_term_string}"},"query-input":{"@type":"PropertyValueSpecification","valueRequired":true,"valueName":"search_term_string"}}],"inLanguage":"es"},{"@type":"Organization","@id":"https:\/\/barcelonatours.net\/es#organization","name":"Barcelona Tours","url":"https:\/\/barcelonatours.net\/es","logo":{"@type":"ImageObject","inLanguage":"es","@id":"https:\/\/barcelonatours.net\/es#\/schema\/logo\/image\/","url":"https:\/\/barcelonatours.net\/wp-content\/uploads\/2019\/04\/bcn_tours_logo-e1556215659835.png","contentUrl":"https:\/\/barcelonatours.net\/wp-content\/uploads\/2019\/04\/bcn_tours_logo-e1556215659835.png","width":250,"height":89,"caption":"Barcelona Tours"},"image":{"@id":"https:\/\/barcelonatours.net\/es#\/schema\/logo\/image\/"},"sameAs":["https:\/\/www.facebook.com\/BarcelonaTours.net\/","https:\/\/x.com\/BarcelonaTours1","https:\/\/www.instagram.com\/barcelonatours\/"]}]}},"_links":{"self":[{"href":"https:\/\/barcelonatours.net\/es\/wp-json\/wp\/v2\/product\/7135","targetHints":{"allow":["GET"]}}],"collection":[{"href":"https:\/\/barcelonatours.net\/es\/wp-json\/wp\/v2\/product"}],"about":[{"href":"https:\/\/barcelonatours.net\/es\/wp-json\/wp\/v2\/types\/product"}],"replies":[{"embeddable":true,"href":"https:\/\/barcelonatours.net\/es\/wp-json\/wp\/v2\/comments?post=7135"}],"version-history":[{"count":2,"href":"https:\/\/barcelonatours.net\/es\/wp-json\/wp\/v2\/product\/7135\/revisions"}],"predecessor-version":[{"id":15975,"href":"https:\/\/barcelonatours.net\/es\/wp-json\/wp\/v2\/product\/7135\/revisions\/15975"}],"wp:featuredmedia":[{"embeddable":true,"href":"https:\/\/barcelonatours.net\/es\/wp-json\/wp\/v2\/media\/4863"}],"wp:attachment":[{"href":"https:\/\/barcelonatours.net\/es\/wp-json\/wp\/v2\/media?parent=7135"}],"wp:term":[{"taxonomy":"product_brand","embeddable":true,"href":"https:\/\/barcelonatours.net\/es\/wp-json\/wp\/v2\/product_brand?post=7135"},{"taxonomy":"product_cat","embeddable":true,"href":"https:\/\/barcelonatours.net\/es\/wp-json\/wp\/v2\/product_cat?post=7135"},{"taxonomy":"product_tag","embeddable":true,"href":"https:\/\/barcelonatours.net\/es\/wp-json\/wp\/v2\/product_tag?post=7135"}],"curies":[{"name":"wp","href":"https:\/\/api.w.org\/{rel}","templated":true}]}}