{"id":7070,"date":"2025-07-01T14:40:16","date_gmt":"2025-07-01T12:40:16","guid":{"rendered":"https:\/\/barcelonatours.net\/product\/cocktail-class"},"modified":"2025-12-22T16:42:41","modified_gmt":"2025-12-22T15:42:41","slug":"clase-coctel","status":"publish","type":"product","link":"https:\/\/barcelonatours.net\/es\/team-building-en-barcelona\/clase-de-cocteles","title":{"rendered":"Clase de C\u00f3cteles en Barcelona"},"content":{"rendered":"<div class=\"wpb-content-wrapper\">[vc_row][vc_column]<div class=\"title title--big title--center title--underline title--decoration-bottom-center\">\n\t\t\t<div class=\"title__subtitle\">Actividades Team Building--Tours Privados--Salidas en Barco--Cenas de Empresa--Traslados para grupos<\/div>\n\t\t<h3 class=\"title__primary\"><\/h3>\n<\/div>\n[vc_column_text css=&#8221;&#8221;]\n<h2 class=\"\" data-sourcepos=\"1:1-1:119\">Clase de C\u00f3cteles en el Barrio G\u00f3tico de Barcelona<\/h2>\n<p data-sourcepos=\"3:1-3:3\"><strong>\u00bfBuscas una actividad de team building \u00fanica y memorable para tu empresa?<\/strong> Nuestra clase de cocteler\u00eda en el Barrio G\u00f3tico de Barcelona es la opci\u00f3n perfecta para:<\/p>\n<ul data-sourcepos=\"5:1-5:143\">\n<li data-sourcepos=\"5:1-5:143\"><strong>Fomentar el trabajo en equipo y la colaboraci\u00f3n:<\/strong> Trabajen juntos para crear deliciosos c\u00f3cteles, aprendiendo a comunicarse, coordinarse y resolver problemas de manera efectiva.<\/li>\n<li data-sourcepos=\"6:1-6:137\"><strong>Despertar la creatividad y la innovaci\u00f3n:<\/strong> Experimenten con diferentes ingredientes y t\u00e9cnicas, creando sus propias recetas \u00fanicas y demostrando su esp\u00edritu creativo.<\/li>\n<li data-sourcepos=\"7:1-8:0\"><strong>Mejorar la comunicaci\u00f3n y el compa\u00f1erismo:<\/strong> Disfruten de un ambiente divertido y relajado donde podr\u00e1n conocerse mejor, fortalecer los lazos entre compa\u00f1eros y crear recuerdos inolvidables.<\/li>\n<\/ul>\n<p>Tambi\u00e9n ofrecemos <a href=\"https:\/\/barcelonatours.net\/es\/actividades\/clase-sangria\">clases para elaborar sangria<\/a>, pero si te gusta la variedad, \u00a1esta clase de c\u00f3cteles es para ti![\/vc_column_text][\/vc_column][\/vc_row][vc_row][vc_column][vc_column_text css=&#8221;&#8221;]\n<h2>\ud83c\udf78\u00a0 Taller de C\u00f3cteles<\/h2>\n<\/p><p><!--more--><\/p>\n<table class=\"table table-bordered tours-tabs__table\" style=\"width: 98.6374%; height: 138px;\" width=\"99.2947%\">\n<tbody>\n<tr>\n<td style=\"width: 21.0088%;\"><strong>PRECIO<\/strong><\/td>\n<td style=\"width: 78.0108%;\"><i class=\"fa fa-check icon-tick icon-tick--on\"><\/i>Desde 55\u20ac por persona<\/td>\n<\/tr>\n<tr style=\"height: 24px;\">\n<td style=\"width: 21.0088%; height: 24px;\"><strong>UBICACI\u00d3N<\/strong><\/td>\n<td style=\"width: 78.0108%; height: 24px;\"><i class=\"fa fa-check icon-tick icon-tick--on\"><\/i>Barrio G\u00f3tico<\/td>\n<\/tr>\n<tr style=\"height: 80px;\">\n<td style=\"width: 21.0088%; height: 80px;\"><strong>INCLUIDO<\/strong><\/td>\n<td style=\"width: 78.0108%; height: 80px;\"><span data-v-31468a1c=\"\"><span class=\"activity-inclusions__test activity-inclusions__test--include\" data-v-7f050b3d=\"\"><i class=\"fa fa-check icon-tick icon-tick--on\"><\/i><span style=\"font-weight: 400;\">Duraci\u00f3n: 2 horas<\/span><\/span><\/span>\n<p><span data-v-31468a1c=\"\"><span class=\"activity-inclusions__test activity-inclusions__test--include\" data-v-7f050b3d=\"\"><i class=\"fa fa-check icon-tick icon-tick--on\"><\/i><span style=\"font-weight: 400;\">Punto de encuentro: Restaurante en el barrio gotico<\/span><\/span><\/span><\/p>\n<p><span class=\"activity-inclusions__test activity-inclusions__test--include\" data-v-7f050b3d=\"\"><i class=\"fa fa-check icon-tick icon-tick--on\"><\/i>Ingredientes para hacer 4 c\u00f3cteles<br \/>\n<\/span><span class=\"activity-inclusions__test activity-inclusions__test--include\" data-v-7f050b3d=\"\"><i class=\"fa fa-check icon-tick icon-tick--on\"><\/i>Vasos , copas y todo el material<\/span><span class=\"activity-inclusions__test activity-inclusions__test--include\" data-v-7f050b3d=\"\"><i class=\"fa fa-check icon-tick icon-tick--on\"><\/i>Monirtores Proffesionales<\/span><span style=\"font-weight: 400;\"><span class=\"activity-inclusions__test activity-inclusions__test--include\" data-v-7f050b3d=\"\"><i class=\"fa fa-check icon-tick icon-tick--on\"><\/i><\/span>Chips de patatas y vegetales<br \/>\n<span class=\"activity-inclusions__test activity-inclusions__test--include\" data-v-7f050b3d=\"\"><i class=\"fa fa-check icon-tick icon-tick--on\"><\/i><\/span>Aperitivo de frutos secos<br \/>\n<span class=\"activity-inclusions__test activity-inclusions__test--include\" data-v-7f050b3d=\"\"><i class=\"fa fa-check icon-tick icon-tick--on\"><\/i><\/span>Agua mineral<\/span><\/p>\n<p><span style=\"font-weight: 400;\"><span class=\"activity-inclusions__test activity-inclusions__test--include\" data-v-7f050b3d=\"\"><i class=\"fa fa-check icon-tick icon-tick--on\"><\/i>Disponibles Cocteles sin alcol<\/span><br \/>\n<span class=\"activity-inclusions__test activity-inclusions__test--include\" data-v-7f050b3d=\"\"><i class=\"fa fa-check icon-tick icon-tick--on\"><\/i>A este actividad se le puede a\u00f1adir la cena, preguntar para los menus<\/span><\/span><\/p><\/td>\n<\/tr>\n<tr>\n<td style=\"width: 21.0088%;\"><strong><b>N. DE PERSONAS<\/b><\/strong><\/td>\n<td style=\"width: 78.0108%;\"><i class=\"fa fa-check icon-tick icon-tick--on\"><\/i>Capacidad para 75 personas: 61 en la planta superior y 25 en la planta inferior<\/td>\n<\/tr>\n<tr style=\"height: 82px;\">\n<td style=\"width: 21.0088%; height: 10px;\"><b>BENEFICIOS<\/b><\/td>\n<td style=\"width: 78.0108%; height: 24px;\">1\ufe0f\u20e3 Fomenta la Conexi\u00f3n y la Sinergia \u2013 M\u00e1s all\u00e1 de la barra, esta experiencia cultiva una genuina sinergia de equipo. Los participantes se involucran en una comunicaci\u00f3n natural y divertida, y en la creaci\u00f3n colaborativa.\n<p>2\ufe0f\u20e3 Innovaci\u00f3n y Agilidad \u2013 Una clase de c\u00f3cteles es un laboratorio din\u00e1mico para la resoluci\u00f3n creativa de problemas. Los equipos experimentan con sabores, se adaptan a nuevos ingredientes e innovan sobre la marcha.<\/p>\n<p>3\ufe0f\u20e3 M\u00e1s all\u00e1 de la barra, esta experiencia cultiva una genuina sinergia de equipo. Los participantes se involucran en una comunicaci\u00f3n natural y divertida, y en la creaci\u00f3n colaborativa, con la ayuda de la degustaci\u00f3n de 4 c\u00f3cteles.<\/p><\/td>\n<\/tr>\n<\/tbody>\n<\/table>\n[\/vc_column_text][vc_video link=&#8221;https:\/\/youtube.com\/shorts\/9l3Hba8y-lw&#8221; css=&#8221;&#8221; title=&#8221;Video de un Taller de Cocteles para 120 pax&#8221;][\/vc_column][\/vc_row][vc_row][vc_column][vc_column_text css=&#8221;&#8221;]\n<h2>\u00a0 \u2753C\u00d3MO FUNCIONA Y PREGUNTAS FRECUENTES<\/h2>\n<p><!--more--><\/p>\n<table class=\"table table-bordered tours-tabs__table\" style=\"width: 98.6374%; height: 138px;\" width=\"99.2947%\">\n<tbody>\n<tr style=\"height: 82px;\">\n<td style=\"width: 21.0088%; height: 10px;\"><b>C\u00d3MO FUNCIONA<\/b><\/td>\n<td style=\"width: 78.0108%; height: 24px;\">1\ufe0f\u20e3 Despu\u00e9s de recibir tu consulta, te enviaremos una propuesta con las mejores soluciones para tu evento y m\u00e1s ideas a considerar.\n<p>2\ufe0f\u20e3 T\u00fa eliges la mejor solucion y responderemos a todas tus preguntas por correo electr\u00f3nico (o tel\u00e9fono) hasta que est\u00e9s completamente satisfecho y listo para reservar.<\/p>\n<p>3\ufe0f\u20e3 Una vez establecidos todos los detalles, te facilitaremos el presupuesto final y solo solicitaremos un dep\u00f3sito del 20% para asegurar la fecha de tu evento<\/p><\/td>\n<\/tr>\n<tr>\n<td style=\"width: 21.0088%;\"><strong>PREGUNTAS FRECUENTES<\/strong><\/td>\n<td style=\"width: 78.0108%;\">1\ufe0f\u20e3 <strong>Condiciones de pago:<\/strong> Para confirmar el evento, necesitamos un dep\u00f3sito del 20% y el importe total una semana antes. Puedes pagar mediante transferencia bancaria o con tarjeta de d\u00e9bito\/cr\u00e9dito a trav\u00e9s de un enlace de pago.\n<p>2\ufe0f\u20e3<strong>N\u00fameros finales:<\/strong> tienes la libertad de ajustar el n\u00famero de participantes para el evento hasta una semana antes, y no habr\u00e1 penalizaciones ni cargos adicionales. Sin embargo, hay que tener en cuenta que algunas actividades pueden tener precios variables seg\u00fan el tama\u00f1o del grupo.<span style=\"font-weight: 400;\"><br \/>\n<\/span><\/p>\n<p>3\ufe0f\u20e3 <strong>Itinerario final:<\/strong> una semana antes del evento, recibir\u00e1s un resumen detallado con toda la informaci\u00f3n \u00fatil.<\/p><\/td>\n<\/tr>\n<\/tbody>\n<\/table>\n[\/vc_column_text][\/vc_column][\/vc_row][vc_row][vc_column][vc_column_text css=&#8221;&#8221;]<em><span style=\"font-size: 18pt;\"><strong>\u23ed\ufe0f \u00bfPasamos ya a la siguiente fase?<\/strong><\/span><\/em>\n<p>&nbsp;<\/p>\n<p style=\"text-align: left;\"><em><span style=\"font-size: 14pt;\"><strong>Pide un presupuesto r\u00e1pido:\u00a0 \u00a0\u00a0<\/strong><\/span><\/em><\/p>\n<ul>\n<li style=\"text-align: left;\"><em><span style=\"font-size: 14pt;\"><strong>Email <a href=\"mailto: info@barcelonatours.net\" data-cke-saved-href=\"mailto:enquiry@barcelonatours.net\">info@barcelonatours.net<\/a>\u00a0\u00a0<\/strong><\/span><\/em><\/li>\n<li><em><span style=\"font-size: 14pt;\"><strong>Tel\/W&#8217;App\u00a0 <a href=\"tel: +34658768333\">+34 658 768 333<\/a><\/strong><\/span><\/em><\/li>\n<\/ul>\n<p>&nbsp;<\/p>\n<p style=\"text-align: left;\"><em><span style=\"font-size: 14pt;\"><strong>Clientes satisfechos, lo que dicen de nosotros:\u00a0 \u2b50\ufe0f\u2b50\ufe0f\u2b50\ufe0f\u2b50\ufe0f\u2b50\ufe0f <a href=\"https:\/\/www.google.com\/maps\/place\/BarcelonaTours.net\/@41.406933,2.1567085,17z\/data=!3m1!5s0x12a4a2e9f0c7847d:0xe1ddc3cf1f5a665f!4m8!3m7!1s0x12a4a2a5c1e2257d:0xcab7dbbfc67e084a!8m2!3d41.406933!4d2.1567085!9m1!1b1!16s%2Fg%2F12lk5ddc3?hl=en-US&amp;entry=ttu&amp;g_ep=EgoyMDI1MDExNS4wIKXMDSoASAFQAw%3D%3D\">rese\u00f1as en Google<\/a><\/strong><\/span><\/em><\/p>\n<p style=\"text-align: left;\"><em><span style=\"font-size: 14pt;\"><strong>Alg\u00fan reportaje de los eventos hechos:\u00a0 <a href=\"https:\/\/www.linkedin.com\/company\/1708408\/admin\/page-posts\/published\/\">publicaciones en LinkedIn<\/a><\/strong><\/span><\/em><\/p>\n[\/vc_column_text][\/vc_column][\/vc_row][vc_row][vc_column][vc_column_text][\/vc_column_text][\/vc_column][\/vc_row]\n<\/div>","protected":false},"excerpt":{"rendered":"<p>Si te gustan los c\u00f3cteles, te encantar\u00e1 aprender a elaborar estas mezclas con un barman particular en Barcelona.<\/p>\n","protected":false},"featured_media":15227,"comment_status":"closed","ping_status":"closed","template":"","meta":{"footnotes":""},"product_brand":[],"product_cat":[3757,3462,3463,3355],"product_tag":[],"class_list":{"0":"post-7070","1":"product","2":"type-product","3":"status-publish","4":"has-post-thumbnail","6":"product_cat-day-activities-es","7":"product_cat-night-activities-es","8":"product_cat-team-building-es","9":"product_cat-team-building-en-barcelona","10":"tour_category-activities-es","11":"tour_category-day-activity-es","12":"tour_category-night-activity-es","13":"tour_category-team-building-en-barcelona","15":"first","16":"instock","17":"virtual","18":"taxable","19":"purchasable","20":"product-type-tour"},"yoast_head":"<!-- This site is optimized with the Yoast SEO plugin v27.3 - https:\/\/yoast.com\/product\/yoast-seo-wordpress\/ -->\n<title>Clase de c\u00f3cteles en Barcelona - | BarcelonaTours<\/title>\n<meta name=\"description\" content=\"Reserva una clase para elaborar c\u00f3cteles con un barman particular que te ense\u00f1ar\u00e1 los mejores trucos para preparar mezclas perfectas. \u00a1Salud!\" \/>\n<meta name=\"robots\" content=\"index, follow, max-snippet:-1, max-image-preview:large, max-video-preview:-1\" \/>\n<link rel=\"canonical\" href=\"https:\/\/barcelonatours.net\/es\/team-building-en-barcelona\/clase-de-cocteles\" \/>\n<meta property=\"og:locale\" content=\"es_ES\" \/>\n<meta property=\"og:type\" content=\"article\" \/>\n<meta property=\"og:title\" content=\"Clase de c\u00f3cteles en Barcelona - | BarcelonaTours\" \/>\n<meta property=\"og:description\" content=\"Reserva una clase para elaborar c\u00f3cteles con un barman particular que te ense\u00f1ar\u00e1 los mejores trucos para preparar mezclas perfectas. \u00a1Salud!\" \/>\n<meta property=\"og:url\" content=\"https:\/\/barcelonatours.net\/es\/team-building-en-barcelona\/clase-de-cocteles\" \/>\n<meta property=\"og:site_name\" content=\"BarcelonaTours.net\" \/>\n<meta property=\"article:publisher\" content=\"https:\/\/www.facebook.com\/BarcelonaTours.net\/\" \/>\n<meta property=\"article:modified_time\" content=\"2025-12-22T15:42:41+00:00\" \/>\n<meta property=\"og:image\" content=\"https:\/\/barcelonatours.net\/wp-content\/uploads\/2019\/08\/cocktail-class-1.jpg\" \/>\n\t<meta property=\"og:image:width\" content=\"1530\" \/>\n\t<meta property=\"og:image:height\" content=\"2040\" \/>\n\t<meta property=\"og:image:type\" content=\"image\/jpeg\" \/>\n<meta name=\"twitter:card\" content=\"summary_large_image\" \/>\n<meta name=\"twitter:site\" content=\"@BarcelonaTours1\" \/>\n<meta name=\"twitter:label1\" content=\"Tiempo de lectura\" \/>\n\t<meta name=\"twitter:data1\" content=\"1 minuto\" \/>\n<script type=\"application\/ld+json\" class=\"yoast-schema-graph\">{\"@context\":\"https:\\\/\\\/schema.org\",\"@graph\":[{\"@type\":\"WebPage\",\"@id\":\"https:\\\/\\\/barcelonatours.net\\\/es\\\/team-building-en-barcelona\\\/clase-de-cocteles\",\"url\":\"https:\\\/\\\/barcelonatours.net\\\/es\\\/team-building-en-barcelona\\\/clase-de-cocteles\",\"name\":\"Clase de c\u00f3cteles en Barcelona - | BarcelonaTours\",\"isPartOf\":{\"@id\":\"https:\\\/\\\/barcelonatours.net\\\/es#website\"},\"primaryImageOfPage\":{\"@id\":\"https:\\\/\\\/barcelonatours.net\\\/es\\\/team-building-en-barcelona\\\/clase-de-cocteles#primaryimage\"},\"image\":{\"@id\":\"https:\\\/\\\/barcelonatours.net\\\/es\\\/team-building-en-barcelona\\\/clase-de-cocteles#primaryimage\"},\"thumbnailUrl\":\"https:\\\/\\\/barcelonatours.net\\\/wp-content\\\/uploads\\\/2019\\\/08\\\/cocktail-class-1.jpg\",\"datePublished\":\"2025-07-01T12:40:16+00:00\",\"dateModified\":\"2025-12-22T15:42:41+00:00\",\"description\":\"Reserva una clase para elaborar c\u00f3cteles con un barman particular que te ense\u00f1ar\u00e1 los mejores trucos para preparar mezclas perfectas. \u00a1Salud!\",\"breadcrumb\":{\"@id\":\"https:\\\/\\\/barcelonatours.net\\\/es\\\/team-building-en-barcelona\\\/clase-de-cocteles#breadcrumb\"},\"inLanguage\":\"es\",\"potentialAction\":[{\"@type\":\"ReadAction\",\"target\":[\"https:\\\/\\\/barcelonatours.net\\\/es\\\/team-building-en-barcelona\\\/clase-de-cocteles\"]}]},{\"@type\":\"ImageObject\",\"inLanguage\":\"es\",\"@id\":\"https:\\\/\\\/barcelonatours.net\\\/es\\\/team-building-en-barcelona\\\/clase-de-cocteles#primaryimage\",\"url\":\"https:\\\/\\\/barcelonatours.net\\\/wp-content\\\/uploads\\\/2019\\\/08\\\/cocktail-class-1.jpg\",\"contentUrl\":\"https:\\\/\\\/barcelonatours.net\\\/wp-content\\\/uploads\\\/2019\\\/08\\\/cocktail-class-1.jpg\",\"width\":1530,\"height\":2040},{\"@type\":\"BreadcrumbList\",\"@id\":\"https:\\\/\\\/barcelonatours.net\\\/es\\\/team-building-en-barcelona\\\/clase-de-cocteles#breadcrumb\",\"itemListElement\":[{\"@type\":\"ListItem\",\"position\":1,\"name\":\"Home\",\"item\":\"https:\\\/\\\/barcelonatours.net\\\/es\"},{\"@type\":\"ListItem\",\"position\":2,\"name\":\"Shop\",\"item\":\"https:\\\/\\\/barcelonatours.net\\\/shop\"},{\"@type\":\"ListItem\",\"position\":3,\"name\":\"Clase de C\u00f3cteles en Barcelona\"}]},{\"@type\":\"WebSite\",\"@id\":\"https:\\\/\\\/barcelonatours.net\\\/es#website\",\"url\":\"https:\\\/\\\/barcelonatours.net\\\/es\",\"name\":\"BarcelonaTours.net\",\"description\":\"The best tours and team building activities of Barcelona\",\"publisher\":{\"@id\":\"https:\\\/\\\/barcelonatours.net\\\/es#organization\"},\"potentialAction\":[{\"@type\":\"SearchAction\",\"target\":{\"@type\":\"EntryPoint\",\"urlTemplate\":\"https:\\\/\\\/barcelonatours.net\\\/es?s={search_term_string}\"},\"query-input\":{\"@type\":\"PropertyValueSpecification\",\"valueRequired\":true,\"valueName\":\"search_term_string\"}}],\"inLanguage\":\"es\"},{\"@type\":\"Organization\",\"@id\":\"https:\\\/\\\/barcelonatours.net\\\/es#organization\",\"name\":\"Barcelona Tours\",\"url\":\"https:\\\/\\\/barcelonatours.net\\\/es\",\"logo\":{\"@type\":\"ImageObject\",\"inLanguage\":\"es\",\"@id\":\"https:\\\/\\\/barcelonatours.net\\\/es#\\\/schema\\\/logo\\\/image\\\/\",\"url\":\"https:\\\/\\\/barcelonatours.net\\\/wp-content\\\/uploads\\\/2019\\\/04\\\/bcn_tours_logo-e1556215659835.png\",\"contentUrl\":\"https:\\\/\\\/barcelonatours.net\\\/wp-content\\\/uploads\\\/2019\\\/04\\\/bcn_tours_logo-e1556215659835.png\",\"width\":250,\"height\":89,\"caption\":\"Barcelona Tours\"},\"image\":{\"@id\":\"https:\\\/\\\/barcelonatours.net\\\/es#\\\/schema\\\/logo\\\/image\\\/\"},\"sameAs\":[\"https:\\\/\\\/www.facebook.com\\\/BarcelonaTours.net\\\/\",\"https:\\\/\\\/x.com\\\/BarcelonaTours1\",\"https:\\\/\\\/www.instagram.com\\\/barcelonatours\\\/\"]}]}<\/script>\n<!-- \/ Yoast SEO plugin. -->","yoast_head_json":{"title":"Clase de c\u00f3cteles en Barcelona - | BarcelonaTours","description":"Reserva una clase para elaborar c\u00f3cteles con un barman particular que te ense\u00f1ar\u00e1 los mejores trucos para preparar mezclas perfectas. \u00a1Salud!","robots":{"index":"index","follow":"follow","max-snippet":"max-snippet:-1","max-image-preview":"max-image-preview:large","max-video-preview":"max-video-preview:-1"},"canonical":"https:\/\/barcelonatours.net\/es\/team-building-en-barcelona\/clase-de-cocteles","og_locale":"es_ES","og_type":"article","og_title":"Clase de c\u00f3cteles en Barcelona - | BarcelonaTours","og_description":"Reserva una clase para elaborar c\u00f3cteles con un barman particular que te ense\u00f1ar\u00e1 los mejores trucos para preparar mezclas perfectas. \u00a1Salud!","og_url":"https:\/\/barcelonatours.net\/es\/team-building-en-barcelona\/clase-de-cocteles","og_site_name":"BarcelonaTours.net","article_publisher":"https:\/\/www.facebook.com\/BarcelonaTours.net\/","article_modified_time":"2025-12-22T15:42:41+00:00","og_image":[{"width":1530,"height":2040,"url":"https:\/\/barcelonatours.net\/wp-content\/uploads\/2019\/08\/cocktail-class-1.jpg","type":"image\/jpeg"}],"twitter_card":"summary_large_image","twitter_site":"@BarcelonaTours1","twitter_misc":{"Tiempo de lectura":"1 minuto"},"schema":{"@context":"https:\/\/schema.org","@graph":[{"@type":"WebPage","@id":"https:\/\/barcelonatours.net\/es\/team-building-en-barcelona\/clase-de-cocteles","url":"https:\/\/barcelonatours.net\/es\/team-building-en-barcelona\/clase-de-cocteles","name":"Clase de c\u00f3cteles en Barcelona - | BarcelonaTours","isPartOf":{"@id":"https:\/\/barcelonatours.net\/es#website"},"primaryImageOfPage":{"@id":"https:\/\/barcelonatours.net\/es\/team-building-en-barcelona\/clase-de-cocteles#primaryimage"},"image":{"@id":"https:\/\/barcelonatours.net\/es\/team-building-en-barcelona\/clase-de-cocteles#primaryimage"},"thumbnailUrl":"https:\/\/barcelonatours.net\/wp-content\/uploads\/2019\/08\/cocktail-class-1.jpg","datePublished":"2025-07-01T12:40:16+00:00","dateModified":"2025-12-22T15:42:41+00:00","description":"Reserva una clase para elaborar c\u00f3cteles con un barman particular que te ense\u00f1ar\u00e1 los mejores trucos para preparar mezclas perfectas. \u00a1Salud!","breadcrumb":{"@id":"https:\/\/barcelonatours.net\/es\/team-building-en-barcelona\/clase-de-cocteles#breadcrumb"},"inLanguage":"es","potentialAction":[{"@type":"ReadAction","target":["https:\/\/barcelonatours.net\/es\/team-building-en-barcelona\/clase-de-cocteles"]}]},{"@type":"ImageObject","inLanguage":"es","@id":"https:\/\/barcelonatours.net\/es\/team-building-en-barcelona\/clase-de-cocteles#primaryimage","url":"https:\/\/barcelonatours.net\/wp-content\/uploads\/2019\/08\/cocktail-class-1.jpg","contentUrl":"https:\/\/barcelonatours.net\/wp-content\/uploads\/2019\/08\/cocktail-class-1.jpg","width":1530,"height":2040},{"@type":"BreadcrumbList","@id":"https:\/\/barcelonatours.net\/es\/team-building-en-barcelona\/clase-de-cocteles#breadcrumb","itemListElement":[{"@type":"ListItem","position":1,"name":"Home","item":"https:\/\/barcelonatours.net\/es"},{"@type":"ListItem","position":2,"name":"Shop","item":"https:\/\/barcelonatours.net\/shop"},{"@type":"ListItem","position":3,"name":"Clase de C\u00f3cteles en Barcelona"}]},{"@type":"WebSite","@id":"https:\/\/barcelonatours.net\/es#website","url":"https:\/\/barcelonatours.net\/es","name":"BarcelonaTours.net","description":"The best tours and team building activities of Barcelona","publisher":{"@id":"https:\/\/barcelonatours.net\/es#organization"},"potentialAction":[{"@type":"SearchAction","target":{"@type":"EntryPoint","urlTemplate":"https:\/\/barcelonatours.net\/es?s={search_term_string}"},"query-input":{"@type":"PropertyValueSpecification","valueRequired":true,"valueName":"search_term_string"}}],"inLanguage":"es"},{"@type":"Organization","@id":"https:\/\/barcelonatours.net\/es#organization","name":"Barcelona Tours","url":"https:\/\/barcelonatours.net\/es","logo":{"@type":"ImageObject","inLanguage":"es","@id":"https:\/\/barcelonatours.net\/es#\/schema\/logo\/image\/","url":"https:\/\/barcelonatours.net\/wp-content\/uploads\/2019\/04\/bcn_tours_logo-e1556215659835.png","contentUrl":"https:\/\/barcelonatours.net\/wp-content\/uploads\/2019\/04\/bcn_tours_logo-e1556215659835.png","width":250,"height":89,"caption":"Barcelona Tours"},"image":{"@id":"https:\/\/barcelonatours.net\/es#\/schema\/logo\/image\/"},"sameAs":["https:\/\/www.facebook.com\/BarcelonaTours.net\/","https:\/\/x.com\/BarcelonaTours1","https:\/\/www.instagram.com\/barcelonatours\/"]}]}},"_links":{"self":[{"href":"https:\/\/barcelonatours.net\/es\/wp-json\/wp\/v2\/product\/7070","targetHints":{"allow":["GET"]}}],"collection":[{"href":"https:\/\/barcelonatours.net\/es\/wp-json\/wp\/v2\/product"}],"about":[{"href":"https:\/\/barcelonatours.net\/es\/wp-json\/wp\/v2\/types\/product"}],"replies":[{"embeddable":true,"href":"https:\/\/barcelonatours.net\/es\/wp-json\/wp\/v2\/comments?post=7070"}],"version-history":[{"count":2,"href":"https:\/\/barcelonatours.net\/es\/wp-json\/wp\/v2\/product\/7070\/revisions"}],"predecessor-version":[{"id":15692,"href":"https:\/\/barcelonatours.net\/es\/wp-json\/wp\/v2\/product\/7070\/revisions\/15692"}],"wp:featuredmedia":[{"embeddable":true,"href":"https:\/\/barcelonatours.net\/es\/wp-json\/wp\/v2\/media\/15227"}],"wp:attachment":[{"href":"https:\/\/barcelonatours.net\/es\/wp-json\/wp\/v2\/media?parent=7070"}],"wp:term":[{"taxonomy":"product_brand","embeddable":true,"href":"https:\/\/barcelonatours.net\/es\/wp-json\/wp\/v2\/product_brand?post=7070"},{"taxonomy":"product_cat","embeddable":true,"href":"https:\/\/barcelonatours.net\/es\/wp-json\/wp\/v2\/product_cat?post=7070"},{"taxonomy":"product_tag","embeddable":true,"href":"https:\/\/barcelonatours.net\/es\/wp-json\/wp\/v2\/product_tag?post=7070"}],"curies":[{"name":"wp","href":"https:\/\/api.w.org\/{rel}","templated":true}]}}