{"id":6913,"date":"2025-05-30T15:59:13","date_gmt":"2025-05-30T13:59:13","guid":{"rendered":"https:\/\/barcelonatours.net\/product\/private-flamenco-class-in-barcelona"},"modified":"2025-06-09T16:13:51","modified_gmt":"2025-06-09T14:13:51","slug":"clase-flamenco-privada-en-barcelona","status":"publish","type":"product","link":"https:\/\/barcelonatours.net\/es\/actividades\/clase-privada-flamenco-barcelona","title":{"rendered":"Clase privada de Flamenco en Barcelona"},"content":{"rendered":"<div class=\"wpb-content-wrapper\">[vc_row][vc_column]<div class=\"title title--big title--center title--underline title--decoration-bottom-center\">\n\t\t\t<div class=\"title__subtitle\">Actividades Team Building--Tours Privados--Salidas en Barco--Cenas de Empresa--Traslados para grupos<\/div>\n\t\t<h3 class=\"title__primary\"><\/h3>\n<\/div>\n[vc_column_text css=&#8221;&#8221;]\n<h3><\/h3>\n<p>El flamenco es una disciplina art\u00edstica llamativa. Se trata de una combinaci\u00f3n de danza, m\u00fasica y cante. Explora y vive la pasi\u00f3n y la emoci\u00f3n de esta destreza \u00fanica con nuestros profesores expertos en flamenco. \u00a1Prep\u00e1rate para una emocionante <a href=\"https:\/\/barcelonatours.net\/activities\/flamenco-night-poble-espanyol\/\">noche flamenca en Barcelona<\/a> despu\u00e9s de esta clase!<\/p>\n<p>Aprende las t\u00e9cnicas y movimientos del flamenco con tus amigos y compa\u00f1eros. El flamenco se suele bailar de uno en uno, as\u00ed que podr\u00e1s aprender alguna coreograf\u00eda, a tocas las palmas, los pasos b\u00e1sicos, los movimientos de brazos y \u00a1sin pisar a nadie! Solo tienes que seguir a nuestros profesores profesionales, que te ayudar\u00e1n a relajarte y disfrutar de la clase.<\/p>\n<p>Otro motivo que convierte esta clase de flamenco en una actividad grupal din\u00e1mica y divertida en Barcelona es porque seguramente nadie lo haya probado antes. No te preocupes por no saber nada de flamenco, la clave de una buena actividad grupal es la diversi\u00f3n, y nosotros te aseguramos que tu grupo se lo pasar\u00e1 en grande.<\/p>\n<p>Si prefieres bailar en parejas, consulta nuestras <a href=\"https:\/\/barcelonatours.net\/team-building\/salsa-class\">clases de salsa<\/a> para grupos.<\/p>\n<h3>Actividades grupales en Barcelona<\/h3>\n<p>Nuestra clase de flamenco en Barcelona est\u00e1 dise\u00f1ada para que grupos privados aprendan las t\u00e9cnicas b\u00e1sicas del flamenco. Descubre los movimientos de las manos y los brazos, posturas, giros y coreograf\u00edas. \u00a1Seguro que impresionar\u00e1s a tus amigos cuando llegues a casa!<\/p>\n<p>No tienes que invertir demasiado tiempo en esta actividad. En tan solo una hora, aprender\u00e1s pasos b\u00e1sicos de esta disciplina. La clase se realizar\u00e1 en un espacio c\u00e9ntrico de la ciudad e incluso te ofrecemos una copa de cava para que se te vayan los nervios y disfrutes del baile.<\/p>\n<p>Esta es una actividad divertida en Barcelona que puedes hacer con tus amigos, y en la que te acompa\u00f1ar\u00e1n nuestros profesores expertos en flamenco.<\/p>\n<h3>\u00bfQui\u00e9n puede reservar esta actividad?<\/h3>\n<ul>\n<li>Grupos privados que visitan Barcelona.<\/li>\n<li>Personas que viajan en crucero y hacen escala en la ciudad.<\/li>\n<li><a href=\"https:\/\/barcelonatours.net\/team-building\/\">Equipos corporativos<\/a> que buscan una actividad din\u00e1mica y divertida.<\/li>\n<\/ul>\n<p>Consulta otras <a href=\"https:\/\/barcelonatours.net\/activities\/day\/\">actividades de d\u00eda en Barcelona<\/a>.<\/p>\n<h2>M\u00e1s sobre Flamenco en Barcelona<\/h2>\n[\/vc_column_text][\/vc_column][\/vc_row][vc_row][vc_column][vc_column_text css=&#8221;&#8221;]\n<h2>\ud83d\udc83 Clase de Flamenco<\/h2>\n<p><!--more--><\/p>\n<table class=\"table table-bordered tours-tabs__table\" style=\"width: 98.6374%; height: 138px;\" width=\"99.2947%\">\n<tbody>\n<tr>\n<td style=\"width: 21.0088%;\"><strong>PRECIO<\/strong><\/td>\n<td style=\"width: 78.0108%;\"><i class=\"fa fa-check icon-tick icon-tick--on\"><\/i>Desde 22\u20ac por persona<\/td>\n<\/tr>\n<tr style=\"height: 24px;\">\n<td style=\"width: 21.0088%; height: 24px;\"><strong>UBICACI\u00d3N<\/strong><\/td>\n<td style=\"width: 78.0108%; height: 24px;\"><i class=\"fa fa-check icon-tick icon-tick--on\"><\/i>Espacio en el centro de la ciudad<\/td>\n<\/tr>\n<tr style=\"height: 80px;\">\n<td style=\"width: 21.0088%; height: 80px;\"><strong>INCLUIDO<\/strong><\/td>\n<td style=\"width: 78.0108%; height: 80px;\"><i class=\"fa fa-check icon-tick icon-tick--on\"><\/i>Duraci\u00f3n: 1 hora de clase privada de flamenco\n<i class=\"fa fa-check icon-tick icon-tick--on\"><\/i>Profesor profesional\n<i class=\"fa fa-check icon-tick icon-tick--on\"><\/i>Local privado en el centro\n<i class=\"fa fa-check icon-tick icon-tick--on\"><\/i>Actividad disponible en ingl\u00e9s, espa\u00f1ol y catal\u00e1n<\/td>\n<\/tr>\n<tr>\n<td style=\"width: 21.0088%;\"><strong><b>N. DE PERSONAS<\/b><\/strong><\/td>\n<td style=\"width: 78.0108%;\"><i class=\"fa fa-check icon-tick icon-tick--on\"><\/i> Clases de 10 a 60 personas<\/td>\n<\/tr>\n<tr style=\"height: 82px;\">\n<td style=\"width: 21.0088%; height: 10px;\"><b>BENEFICIOS<\/b><\/td>\n<td style=\"width: 78.0108%; height: 24px;\">1\ufe0f\u20e3 Mejora la comunicaci\u00f3n no verbal: El flamenco exige gran atenci\u00f3n al ritmo y movimiento del grupo, agudizando la capacidad del equipo para entender y reaccionar a las se\u00f1ales no verbales.\n<p>2\ufe0f\u20e3 Fomenta el v\u00ednculo del equipo: Aprender juntos una forma de arte expresiva promueve experiencias positivas compartidas, reduce el estr\u00e9s y fortalece los lazos del equipo.<\/p>\n<p>3\ufe0f\u20e3 El flamenco, como forma de arte de Espa\u00f1a, es intr\u00ednsecamente apasionado y expresivo. Participar en una clase de flamenco permite a los miembros del equipo conectar con esta energ\u00eda vibrante, anim\u00e1ndolos a liberar su propia pasi\u00f3n y creatividad.<\/p><\/td>\n<\/tr>\n<\/tbody>\n<\/table>\n[\/vc_column_text][\/vc_column][\/vc_row][vc_row][vc_column][vc_column_text css=&#8221;&#8221;]\n<h2>\u00a0 \u2753C\u00d3MO FUNCIONA Y PREGUNTAS FRECUENTES<\/h2>\n<p><!--more--><\/p>\n<table class=\"table table-bordered tours-tabs__table\" style=\"width: 98.6374%; height: 138px;\" width=\"99.2947%\">\n<tbody>\n<tr style=\"height: 82px;\">\n<td style=\"width: 21.0088%; height: 10px;\"><b>C\u00d3MO FUNCIONA<\/b><\/td>\n<td style=\"width: 78.0108%; height: 24px;\">1\ufe0f\u20e3 Despu\u00e9s de recibir tu consulta, te enviaremos una propuesta con las mejores soluciones para tu evento y m\u00e1s ideas a considerar.\n<p>2\ufe0f\u20e3 T\u00fa eliges la mejor solucion y responderemos a todas tus preguntas por correo electr\u00f3nico (o tel\u00e9fono) hasta que est\u00e9s completamente satisfecho y listo para reservar.<\/p>\n<p>3\ufe0f\u20e3 Una vez establecidos todos los detalles, te facilitaremos el presupuesto final y solo solicitaremos un dep\u00f3sito del 20% para asegurar la fecha de tu evento<\/p><\/td>\n<\/tr>\n<tr>\n<td style=\"width: 21.0088%;\"><strong>PREGUNTAS FRECUENTES<\/strong><\/td>\n<td style=\"width: 78.0108%;\">1\ufe0f\u20e3 <strong>Condiciones de pago:<\/strong> Para confirmar el evento, necesitamos un dep\u00f3sito del 20% y el importe total una semana antes. Puedes pagar mediante transferencia bancaria o con tarjeta de d\u00e9bito\/cr\u00e9dito a trav\u00e9s de un enlace de pago.\n<p>2\ufe0f\u20e3<strong>N\u00fameros finales:<\/strong> tienes la libertad de ajustar el n\u00famero de participantes para el evento hasta una semana antes, y no habr\u00e1 penalizaciones ni cargos adicionales. Sin embargo, hay que tener en cuenta que algunas actividades pueden tener precios variables seg\u00fan el tama\u00f1o del grupo.<span style=\"font-weight: 400;\"><br \/>\n<\/span><\/p>\n<p>3\ufe0f\u20e3 <strong>Itinerario final:<\/strong> una semana antes del evento, recibir\u00e1s un resumen detallado con toda la informaci\u00f3n \u00fatil.<\/p><\/td>\n<\/tr>\n<\/tbody>\n<\/table>\n[\/vc_column_text][\/vc_column][\/vc_row][vc_row][vc_column][vc_column_text css=&#8221;&#8221;]<em><span style=\"font-size: 18pt;\"><strong>\u23ed\ufe0f \u00bfPasamos ya a la siguiente fase?<\/strong><\/span><\/em>\n<p>&nbsp;<\/p>\n<p style=\"text-align: left;\"><em><span style=\"font-size: 14pt;\"><strong>Pide un presupuesto r\u00e1pido:\u00a0 \u00a0\u00a0<\/strong><\/span><\/em><\/p>\n<ul>\n<li style=\"text-align: left;\"><em><span style=\"font-size: 14pt;\"><strong>Email <a href=\"mailto: info@barcelonatours.net\" data-cke-saved-href=\"mailto:enquiry@barcelonatours.net\">info@barcelonatours.net<\/a>\u00a0\u00a0<\/strong><\/span><\/em><\/li>\n<li><em><span style=\"font-size: 14pt;\"><strong>Tel\/W&#8217;App\u00a0 <a href=\"tel: +34658768333\">+34 658 768 333<\/a><\/strong><\/span><\/em><\/li>\n<\/ul>\n<p>&nbsp;<\/p>\n<p style=\"text-align: left;\"><em><span style=\"font-size: 14pt;\"><strong>Clientes satisfechos, lo que dicen de nosotros:\u00a0 \u2b50\ufe0f\u2b50\ufe0f\u2b50\ufe0f\u2b50\ufe0f\u2b50\ufe0f <a href=\"https:\/\/www.google.com\/maps\/place\/BarcelonaTours.net\/@41.406933,2.1567085,17z\/data=!3m1!5s0x12a4a2e9f0c7847d:0xe1ddc3cf1f5a665f!4m8!3m7!1s0x12a4a2a5c1e2257d:0xcab7dbbfc67e084a!8m2!3d41.406933!4d2.1567085!9m1!1b1!16s%2Fg%2F12lk5ddc3?hl=en-US&amp;entry=ttu&amp;g_ep=EgoyMDI1MDExNS4wIKXMDSoASAFQAw%3D%3D\">rese\u00f1as en Google<\/a><\/strong><\/span><\/em><\/p>\n<p style=\"text-align: left;\"><em><span style=\"font-size: 14pt;\"><strong>Alg\u00fan reportaje de los eventos hechos:\u00a0 <a href=\"https:\/\/www.linkedin.com\/company\/1708408\/admin\/page-posts\/published\/\">publicaciones en LinkedIn<\/a><\/strong><\/span><\/em><\/p>\n[\/vc_column_text][vc_basic_grid post_type=&#8221;post&#8221; max_items=&#8221;4&#8243; style=&#8221;load-more&#8221; items_per_page=&#8221;6&#8243; element_width=&#8221;6&#8243; gap=&#8221;20&#8243; item=&#8221;1435&#8243; grid_id=&#8221;vc_gid:1749477981620-eae13892-3c1a-8&#8243; taxonomies=&#8221;2924&#8243;][\/vc_column][\/vc_row]\n<\/div>","protected":false},"excerpt":{"rendered":"<p>Aprende pasos b\u00e1sicos de flamenco durante esta brillante clase de 1h con un profesor de flamenco profesional, \u00a1ol\u00e9!<\/p>\n","protected":false},"featured_media":4796,"comment_status":"closed","ping_status":"closed","template":"","meta":{"footnotes":""},"product_brand":[],"product_cat":[3757,3355],"product_tag":[],"class_list":{"0":"post-6913","1":"product","2":"type-product","3":"status-publish","4":"has-post-thumbnail","6":"product_cat-day-activities-es","7":"product_cat-team-building-en-barcelona","8":"tour_category-activities-es","9":"tour_category-day-activity-es","10":"tour_category-team-building-en-barcelona","12":"first","13":"instock","14":"virtual","15":"taxable","16":"purchasable","17":"product-type-tour"},"yoast_head":"<!-- This site is optimized with the Yoast SEO plugin v27.3 - https:\/\/yoast.com\/product\/yoast-seo-wordpress\/ -->\n<title>Clase Flamenco Barcelona - Grupo Privado - Bailarina Profesional |<\/title>\n<meta name=\"description\" content=\"Disfruta de una clase privada de flamenco en Barcelona. Explora y vive la pasi\u00f3n y la emoci\u00f3n de esta forma de arte centenario\" \/>\n<meta name=\"robots\" content=\"index, follow, max-snippet:-1, max-image-preview:large, max-video-preview:-1\" \/>\n<link rel=\"canonical\" href=\"https:\/\/barcelonatours.net\/es\/actividades\/clase-privada-flamenco-barcelona\" \/>\n<meta property=\"og:locale\" content=\"es_ES\" \/>\n<meta property=\"og:type\" content=\"article\" \/>\n<meta property=\"og:title\" content=\"Clase Flamenco Barcelona - Grupo Privado - Bailarina Profesional |\" \/>\n<meta property=\"og:description\" content=\"Disfruta de una clase privada de flamenco en Barcelona. Explora y vive la pasi\u00f3n y la emoci\u00f3n de esta forma de arte centenario\" \/>\n<meta property=\"og:url\" content=\"https:\/\/barcelonatours.net\/es\/actividades\/clase-privada-flamenco-barcelona\" \/>\n<meta property=\"og:site_name\" content=\"BarcelonaTours.net\" \/>\n<meta property=\"article:publisher\" content=\"https:\/\/www.facebook.com\/BarcelonaTours.net\/\" \/>\n<meta property=\"article:modified_time\" content=\"2025-06-09T14:13:51+00:00\" \/>\n<meta property=\"og:image\" content=\"https:\/\/barcelonatours.net\/wp-content\/uploads\/2019\/07\/book-online-test-4-e1570617586901.jpg\" \/>\n\t<meta property=\"og:image:width\" content=\"360\" \/>\n\t<meta property=\"og:image:height\" content=\"241\" \/>\n\t<meta property=\"og:image:type\" content=\"image\/jpeg\" \/>\n<meta name=\"twitter:card\" content=\"summary_large_image\" \/>\n<meta name=\"twitter:site\" content=\"@BarcelonaTours1\" \/>\n<meta name=\"twitter:label1\" content=\"Tiempo de lectura\" \/>\n\t<meta name=\"twitter:data1\" content=\"3 minutos\" \/>\n<script type=\"application\/ld+json\" class=\"yoast-schema-graph\">{\"@context\":\"https:\\\/\\\/schema.org\",\"@graph\":[{\"@type\":\"WebPage\",\"@id\":\"https:\\\/\\\/barcelonatours.net\\\/es\\\/actividades\\\/clase-privada-flamenco-barcelona\",\"url\":\"https:\\\/\\\/barcelonatours.net\\\/es\\\/actividades\\\/clase-privada-flamenco-barcelona\",\"name\":\"Clase Flamenco Barcelona - Grupo Privado - Bailarina Profesional |\",\"isPartOf\":{\"@id\":\"https:\\\/\\\/barcelonatours.net\\\/es#website\"},\"primaryImageOfPage\":{\"@id\":\"https:\\\/\\\/barcelonatours.net\\\/es\\\/actividades\\\/clase-privada-flamenco-barcelona#primaryimage\"},\"image\":{\"@id\":\"https:\\\/\\\/barcelonatours.net\\\/es\\\/actividades\\\/clase-privada-flamenco-barcelona#primaryimage\"},\"thumbnailUrl\":\"https:\\\/\\\/barcelonatours.net\\\/wp-content\\\/uploads\\\/2019\\\/07\\\/dance-3533494_1920.jpg\",\"datePublished\":\"2025-05-30T13:59:13+00:00\",\"dateModified\":\"2025-06-09T14:13:51+00:00\",\"description\":\"Disfruta de una clase privada de flamenco en Barcelona. Explora y vive la pasi\u00f3n y la emoci\u00f3n de esta forma de arte centenario\",\"breadcrumb\":{\"@id\":\"https:\\\/\\\/barcelonatours.net\\\/es\\\/actividades\\\/clase-privada-flamenco-barcelona#breadcrumb\"},\"inLanguage\":\"es\",\"potentialAction\":[{\"@type\":\"ReadAction\",\"target\":[\"https:\\\/\\\/barcelonatours.net\\\/es\\\/actividades\\\/clase-privada-flamenco-barcelona\"]}]},{\"@type\":\"ImageObject\",\"inLanguage\":\"es\",\"@id\":\"https:\\\/\\\/barcelonatours.net\\\/es\\\/actividades\\\/clase-privada-flamenco-barcelona#primaryimage\",\"url\":\"https:\\\/\\\/barcelonatours.net\\\/wp-content\\\/uploads\\\/2019\\\/07\\\/dance-3533494_1920.jpg\",\"contentUrl\":\"https:\\\/\\\/barcelonatours.net\\\/wp-content\\\/uploads\\\/2019\\\/07\\\/dance-3533494_1920.jpg\",\"width\":1920,\"height\":1080,\"caption\":\"Baile Flamenco en Barcelona\"},{\"@type\":\"BreadcrumbList\",\"@id\":\"https:\\\/\\\/barcelonatours.net\\\/es\\\/actividades\\\/clase-privada-flamenco-barcelona#breadcrumb\",\"itemListElement\":[{\"@type\":\"ListItem\",\"position\":1,\"name\":\"Home\",\"item\":\"https:\\\/\\\/barcelonatours.net\\\/es\"},{\"@type\":\"ListItem\",\"position\":2,\"name\":\"Shop\",\"item\":\"https:\\\/\\\/barcelonatours.net\\\/shop\"},{\"@type\":\"ListItem\",\"position\":3,\"name\":\"Clase privada de Flamenco en Barcelona\"}]},{\"@type\":\"WebSite\",\"@id\":\"https:\\\/\\\/barcelonatours.net\\\/es#website\",\"url\":\"https:\\\/\\\/barcelonatours.net\\\/es\",\"name\":\"BarcelonaTours.net\",\"description\":\"The best tours and team building activities of Barcelona\",\"publisher\":{\"@id\":\"https:\\\/\\\/barcelonatours.net\\\/es#organization\"},\"potentialAction\":[{\"@type\":\"SearchAction\",\"target\":{\"@type\":\"EntryPoint\",\"urlTemplate\":\"https:\\\/\\\/barcelonatours.net\\\/es?s={search_term_string}\"},\"query-input\":{\"@type\":\"PropertyValueSpecification\",\"valueRequired\":true,\"valueName\":\"search_term_string\"}}],\"inLanguage\":\"es\"},{\"@type\":\"Organization\",\"@id\":\"https:\\\/\\\/barcelonatours.net\\\/es#organization\",\"name\":\"Barcelona Tours\",\"url\":\"https:\\\/\\\/barcelonatours.net\\\/es\",\"logo\":{\"@type\":\"ImageObject\",\"inLanguage\":\"es\",\"@id\":\"https:\\\/\\\/barcelonatours.net\\\/es#\\\/schema\\\/logo\\\/image\\\/\",\"url\":\"https:\\\/\\\/barcelonatours.net\\\/wp-content\\\/uploads\\\/2019\\\/04\\\/bcn_tours_logo-e1556215659835.png\",\"contentUrl\":\"https:\\\/\\\/barcelonatours.net\\\/wp-content\\\/uploads\\\/2019\\\/04\\\/bcn_tours_logo-e1556215659835.png\",\"width\":250,\"height\":89,\"caption\":\"Barcelona Tours\"},\"image\":{\"@id\":\"https:\\\/\\\/barcelonatours.net\\\/es#\\\/schema\\\/logo\\\/image\\\/\"},\"sameAs\":[\"https:\\\/\\\/www.facebook.com\\\/BarcelonaTours.net\\\/\",\"https:\\\/\\\/x.com\\\/BarcelonaTours1\",\"https:\\\/\\\/www.instagram.com\\\/barcelonatours\\\/\"]}]}<\/script>\n<!-- \/ Yoast SEO plugin. -->","yoast_head_json":{"title":"Clase Flamenco Barcelona - Grupo Privado - Bailarina Profesional |","description":"Disfruta de una clase privada de flamenco en Barcelona. Explora y vive la pasi\u00f3n y la emoci\u00f3n de esta forma de arte centenario","robots":{"index":"index","follow":"follow","max-snippet":"max-snippet:-1","max-image-preview":"max-image-preview:large","max-video-preview":"max-video-preview:-1"},"canonical":"https:\/\/barcelonatours.net\/es\/actividades\/clase-privada-flamenco-barcelona","og_locale":"es_ES","og_type":"article","og_title":"Clase Flamenco Barcelona - Grupo Privado - Bailarina Profesional |","og_description":"Disfruta de una clase privada de flamenco en Barcelona. Explora y vive la pasi\u00f3n y la emoci\u00f3n de esta forma de arte centenario","og_url":"https:\/\/barcelonatours.net\/es\/actividades\/clase-privada-flamenco-barcelona","og_site_name":"BarcelonaTours.net","article_publisher":"https:\/\/www.facebook.com\/BarcelonaTours.net\/","article_modified_time":"2025-06-09T14:13:51+00:00","og_image":[{"width":360,"height":241,"url":"https:\/\/barcelonatours.net\/wp-content\/uploads\/2019\/07\/book-online-test-4-e1570617586901.jpg","type":"image\/jpeg"}],"twitter_card":"summary_large_image","twitter_site":"@BarcelonaTours1","twitter_misc":{"Tiempo de lectura":"3 minutos"},"schema":{"@context":"https:\/\/schema.org","@graph":[{"@type":"WebPage","@id":"https:\/\/barcelonatours.net\/es\/actividades\/clase-privada-flamenco-barcelona","url":"https:\/\/barcelonatours.net\/es\/actividades\/clase-privada-flamenco-barcelona","name":"Clase Flamenco Barcelona - Grupo Privado - Bailarina Profesional |","isPartOf":{"@id":"https:\/\/barcelonatours.net\/es#website"},"primaryImageOfPage":{"@id":"https:\/\/barcelonatours.net\/es\/actividades\/clase-privada-flamenco-barcelona#primaryimage"},"image":{"@id":"https:\/\/barcelonatours.net\/es\/actividades\/clase-privada-flamenco-barcelona#primaryimage"},"thumbnailUrl":"https:\/\/barcelonatours.net\/wp-content\/uploads\/2019\/07\/dance-3533494_1920.jpg","datePublished":"2025-05-30T13:59:13+00:00","dateModified":"2025-06-09T14:13:51+00:00","description":"Disfruta de una clase privada de flamenco en Barcelona. Explora y vive la pasi\u00f3n y la emoci\u00f3n de esta forma de arte centenario","breadcrumb":{"@id":"https:\/\/barcelonatours.net\/es\/actividades\/clase-privada-flamenco-barcelona#breadcrumb"},"inLanguage":"es","potentialAction":[{"@type":"ReadAction","target":["https:\/\/barcelonatours.net\/es\/actividades\/clase-privada-flamenco-barcelona"]}]},{"@type":"ImageObject","inLanguage":"es","@id":"https:\/\/barcelonatours.net\/es\/actividades\/clase-privada-flamenco-barcelona#primaryimage","url":"https:\/\/barcelonatours.net\/wp-content\/uploads\/2019\/07\/dance-3533494_1920.jpg","contentUrl":"https:\/\/barcelonatours.net\/wp-content\/uploads\/2019\/07\/dance-3533494_1920.jpg","width":1920,"height":1080,"caption":"Baile Flamenco en Barcelona"},{"@type":"BreadcrumbList","@id":"https:\/\/barcelonatours.net\/es\/actividades\/clase-privada-flamenco-barcelona#breadcrumb","itemListElement":[{"@type":"ListItem","position":1,"name":"Home","item":"https:\/\/barcelonatours.net\/es"},{"@type":"ListItem","position":2,"name":"Shop","item":"https:\/\/barcelonatours.net\/shop"},{"@type":"ListItem","position":3,"name":"Clase privada de Flamenco en Barcelona"}]},{"@type":"WebSite","@id":"https:\/\/barcelonatours.net\/es#website","url":"https:\/\/barcelonatours.net\/es","name":"BarcelonaTours.net","description":"The best tours and team building activities of Barcelona","publisher":{"@id":"https:\/\/barcelonatours.net\/es#organization"},"potentialAction":[{"@type":"SearchAction","target":{"@type":"EntryPoint","urlTemplate":"https:\/\/barcelonatours.net\/es?s={search_term_string}"},"query-input":{"@type":"PropertyValueSpecification","valueRequired":true,"valueName":"search_term_string"}}],"inLanguage":"es"},{"@type":"Organization","@id":"https:\/\/barcelonatours.net\/es#organization","name":"Barcelona Tours","url":"https:\/\/barcelonatours.net\/es","logo":{"@type":"ImageObject","inLanguage":"es","@id":"https:\/\/barcelonatours.net\/es#\/schema\/logo\/image\/","url":"https:\/\/barcelonatours.net\/wp-content\/uploads\/2019\/04\/bcn_tours_logo-e1556215659835.png","contentUrl":"https:\/\/barcelonatours.net\/wp-content\/uploads\/2019\/04\/bcn_tours_logo-e1556215659835.png","width":250,"height":89,"caption":"Barcelona Tours"},"image":{"@id":"https:\/\/barcelonatours.net\/es#\/schema\/logo\/image\/"},"sameAs":["https:\/\/www.facebook.com\/BarcelonaTours.net\/","https:\/\/x.com\/BarcelonaTours1","https:\/\/www.instagram.com\/barcelonatours\/"]}]}},"_links":{"self":[{"href":"https:\/\/barcelonatours.net\/es\/wp-json\/wp\/v2\/product\/6913","targetHints":{"allow":["GET"]}}],"collection":[{"href":"https:\/\/barcelonatours.net\/es\/wp-json\/wp\/v2\/product"}],"about":[{"href":"https:\/\/barcelonatours.net\/es\/wp-json\/wp\/v2\/types\/product"}],"replies":[{"embeddable":true,"href":"https:\/\/barcelonatours.net\/es\/wp-json\/wp\/v2\/comments?post=6913"}],"version-history":[{"count":0,"href":"https:\/\/barcelonatours.net\/es\/wp-json\/wp\/v2\/product\/6913\/revisions"}],"wp:featuredmedia":[{"embeddable":true,"href":"https:\/\/barcelonatours.net\/es\/wp-json\/wp\/v2\/media\/4796"}],"wp:attachment":[{"href":"https:\/\/barcelonatours.net\/es\/wp-json\/wp\/v2\/media?parent=6913"}],"wp:term":[{"taxonomy":"product_brand","embeddable":true,"href":"https:\/\/barcelonatours.net\/es\/wp-json\/wp\/v2\/product_brand?post=6913"},{"taxonomy":"product_cat","embeddable":true,"href":"https:\/\/barcelonatours.net\/es\/wp-json\/wp\/v2\/product_cat?post=6913"},{"taxonomy":"product_tag","embeddable":true,"href":"https:\/\/barcelonatours.net\/es\/wp-json\/wp\/v2\/product_tag?post=6913"}],"curies":[{"name":"wp","href":"https:\/\/api.w.org\/{rel}","templated":true}]}}