{"id":6911,"date":"2025-03-11T14:34:56","date_gmt":"2025-03-11T13:34:56","guid":{"rendered":"https:\/\/barcelonatours.net\/product\/barcelona-group-bike-tour"},"modified":"2025-03-17T17:57:50","modified_gmt":"2025-03-17T16:57:50","slug":"barcelona-group-bike-tour","status":"publish","type":"product","link":"https:\/\/barcelonatours.net\/es\/salida-grupo-bicicleta-barcelona","title":{"rendered":"Tour de Barcelona en bicicleta"},"content":{"rendered":"<div class=\"wpb-content-wrapper\">[vc_row][vc_column][vc_column_text][\/vc_column_text][\/vc_column][\/vc_row][vc_row][vc_column]<div class=\"title title--big title--center title--underline title--decoration-bottom-center\">\n\t\t\t<div class=\"title__subtitle\">Actividades Team Building--Tours Privados--Salidas en Barco--Cenas de Empresa--Traslados para grupos<\/div>\n\t\t<h3 class=\"title__primary\"><\/h3>\n<\/div>\n[vc_column_text]\n<p>Reserva una salida en grupo para visitar Barcelona en bicicleta. \u00a1Descubre Barcelona de la forma m\u00e1s sana y sostenible! Ap\u00fantate a vivir esta inolvidable experiencia en bicicleta por Barcelona.<\/p>\n<p>Tambi\u00e9n ofrecemos <a href=\"https:\/\/barcelonatours.net\/private-tours\/walking-tour\/\">salidas privadas a pie<\/a> y <a href=\"https:\/\/barcelonatours.net\/private-tours\/tour-with-transport\/\">salidas privadas en transporte p\u00fablico <\/a>por Barcelona.<\/p>\n<p>Nuestros gu\u00edas tur\u00edsticos, que hablan ingl\u00e9s y conocen la ciudad como la palma de su mano, te llevar\u00e1n por la ciudad mientras te explican su gran patrimonio hist\u00f3rico y arquitect\u00f3nico de una forma amena y rigurosa. Adem\u00e1s, te mostrar\u00e1n los lugares m\u00e1s emblem\u00e1ticos de Barcelona y te contar\u00e1n sus particularidades con todo lujo de detalles. Es una gran oportunidad para admirar la arquitectura \u00fanica y las impresionantes fotograf\u00edas de los edificios mientras disfrutas del buen tiempo y el aire fresco.<\/p>\n<p>Utilizar la bicicleta para visitar Barcelona te permite ver muchas m\u00e1s cosas que si lo haces a pie. A su vez, puedes acceder a espacios donde no llegar\u00edas en autob\u00fas.<\/p>\n<p>Aprovecha los momentos para descansar las piernas y disfruta de las explicaciones de nuestro gu\u00eda sobre la fascinante historia de esta ciudad. Tu gu\u00eda te recomendar\u00e1 qu\u00e9 ver y qu\u00e9 hacer durante tu estancia en Barcelona, y resolver\u00e1 cualquier duda que tengas sobre tu viaje.<\/p>\n<p>Esta experiencia es apta para todas las edades. Podr\u00e1s desplazarte por los carriles bici y zonas peatonales que encontrar\u00e1s por la ciudad. Barcelona tiene una extensa red de carriles bici que te permitir\u00e1n llegar donde quieras. Adem\u00e1s, nuestras bicicletas son muy c\u00f3modas y f\u00e1ciles de usar. Tanto si viajas sin compa\u00f1\u00eda como si vas con la familia o amistades, esta salida es la mejor opci\u00f3n para sumar an\u00e9cdotas a tu estancia en Barcelona[\/vc_column_text][\/vc_column][\/vc_row][vc_row][vc_column][vc_column_text css=\u00bb\u00bb]\n<h2>\ud83d\udeb4\u00a0 Tour Privado en Bicicleta<\/h2>\n<\/p><p><!--more--><\/p>\n<table class=\"table table-bordered tours-tabs__table\" style=\"width: 98.6374%; height: 138px;\" width=\"99.2947%\">\n<tbody>\n<tr>\n<td style=\"width: 21.0088%;\"><strong>PRECIO<\/strong><\/td>\n<td style=\"width: 78.0108%;\"><i class=\"fa fa-check icon-tick icon-tick--on\"><\/i>Desde 39\u20ac por persona<\/td>\n<\/tr>\n<tr style=\"height: 24px;\">\n<td style=\"width: 21.0088%; height: 24px;\"><strong>UBICACI\u00d3N<\/strong><\/td>\n<td style=\"width: 78.0108%; height: 24px;\"><i class=\"fa fa-check icon-tick icon-tick--on\"><\/i>Recogida y regreso en centro historico<\/td>\n<\/tr>\n<tr style=\"height: 80px;\">\n<td style=\"width: 21.0088%; height: 80px;\"><strong>INCLUIDO<\/strong><\/td>\n<td style=\"width: 78.0108%; height: 80px;\"><i class=\"fa fa-check icon-tick icon-tick--on\"><\/i>Ruta tur\u00edstica privada\n<i class=\"fa fa-check icon-tick icon-tick--on\"><\/i>Alquiler privado de 3 o 5 horas\n<i class=\"fa fa-check icon-tick icon-tick--on\"><\/i>Gu\u00eda profesional de bici: atenci\u00f3n personalizada en espa\u00f1ol, ingl\u00e9s y m\u00e1s idiomas bajo petici\u00f3n\n<i class=\"fa fa-check icon-tick icon-tick--on\"><\/i>Casco y agua<\/td>\n<\/tr>\n<tr>\n<td style=\"width: 21.0088%;\"><strong><b>N. DE PERSONAS<\/b><\/strong><\/td>\n<td style=\"width: 78.0108%;\"><i class=\"fa fa-check icon-tick icon-tick--on\"><\/i>desde 12 hasta 60 pax<\/td>\n<\/tr>\n<tr style=\"height: 82px;\">\n<td style=\"width: 21.0088%; height: 10px;\"><b>BENEFICIOS<\/b><\/td>\n<td style=\"width: 78.0108%; height: 24px;\">1\ufe0f\u20e3 Tour privado solo para tu grupo\n<p>2\ufe0f\u20e3 Es una buena idea para fortalecer el esp\u00edritu de equipo, ya que todos estar\u00e1n juntos haceiendo la ruta en bicicletas<\/p>\n<p>3\ufe0f\u20e3 Ves lo mejor de la ciudad en 3 horas en bici<\/p><\/td>\n<\/tr>\n<\/tbody>\n<\/table>\n[\/vc_column_text][\/vc_column][\/vc_row][vc_row][vc_column][vc_column_text css=\u00bb\u00bb]\n<h2>\u00a0 \u2753C\u00d3MO FUNCIONA Y PREGUNTAS FRECUENTES<\/h2>\n<p><!--more--><\/p>\n<table class=\"table table-bordered tours-tabs__table\" style=\"width: 98.6374%; height: 138px;\" width=\"99.2947%\">\n<tbody>\n<tr style=\"height: 82px;\">\n<td style=\"width: 21.0088%; height: 10px;\"><b>C\u00d3MO FUNCIONA<\/b><\/td>\n<td style=\"width: 78.0108%; height: 24px;\">1\ufe0f\u20e3 Despu\u00e9s de recibir tu consulta, te enviaremos una propuesta con las mejores soluciones para tu evento y m\u00e1s ideas a considerar.\n<p>2\ufe0f\u20e3 T\u00fa eliges la mejor solucion y responderemos a todas tus preguntas por correo electr\u00f3nico (o tel\u00e9fono) hasta que est\u00e9s completamente satisfecho y listo para reservar.<\/p>\n<p>3\ufe0f\u20e3 Una vez establecidos todos los detalles, te facilitaremos el presupuesto final y solo solicitaremos un dep\u00f3sito del 20% para asegurar la fecha de tu evento<\/p><\/td>\n<\/tr>\n<tr>\n<td style=\"width: 21.0088%;\"><strong>PREGUNTAS FRECUENTES<\/strong><\/td>\n<td style=\"width: 78.0108%;\">1\ufe0f\u20e3 <strong>Condiciones de pago:<\/strong> Para confirmar el evento, necesitamos un dep\u00f3sito del 20% y el importe total una semana antes. Puedes pagar mediante transferencia bancaria o con tarjeta de d\u00e9bito\/cr\u00e9dito a trav\u00e9s de un enlace de pago.\n<p>2\ufe0f\u20e3<strong>N\u00fameros finales:<\/strong> tienes la libertad de ajustar el n\u00famero de participantes para el evento hasta una semana antes, y no habr\u00e1 penalizaciones ni cargos adicionales. Sin embargo, hay que tener en cuenta que algunas actividades pueden tener precios variables seg\u00fan el tama\u00f1o del grupo.<span style=\"font-weight: 400;\"><br \/>\n<\/span><\/p>\n<p>3\ufe0f\u20e3 <strong>Itinerario final:<\/strong> una semana antes del evento, recibir\u00e1s un resumen detallado con toda la informaci\u00f3n \u00fatil.<\/p><\/td>\n<\/tr>\n<\/tbody>\n<\/table>\n[\/vc_column_text][\/vc_column][\/vc_row][vc_row][vc_column][vc_column_text css=\u00bb\u00bb]<em><span style=\"font-size: 18pt;\"><strong>\u23ed\ufe0f \u00bfPasamos ya a la siguiente fase?<\/strong><\/span><\/em>\n<p>&nbsp;<\/p>\n<p style=\"text-align: left;\"><em><span style=\"font-size: 14pt;\"><strong>Pide un presupuesto r\u00e1pido:\u00a0 \u00a0\u00a0<\/strong><\/span><\/em><\/p>\n<ul>\n<li style=\"text-align: left;\"><em><span style=\"font-size: 14pt;\"><strong>Email <a href=\"mailto: info@barcelonatours.net\" data-cke-saved-href=\"mailto:enquiry@barcelonatours.net\">info@barcelonatours.net<\/a>\u00a0\u00a0<\/strong><\/span><\/em><\/li>\n<li><em><span style=\"font-size: 14pt;\"><strong>Tel\/W&#8217;App\u00a0 <a href=\"tel: +34658768333\">+34 658 768 333<\/a><\/strong><\/span><\/em><\/li>\n<\/ul>\n<p>&nbsp;<\/p>\n<p style=\"text-align: left;\"><em><span style=\"font-size: 14pt;\"><strong>Clientes satisfechos, lo que dicen de nosotros:\u00a0 \u2b50\ufe0f\u2b50\ufe0f\u2b50\ufe0f\u2b50\ufe0f\u2b50\ufe0f <a href=\"https:\/\/www.google.com\/maps\/place\/BarcelonaTours.net\/@41.406933,2.1567085,17z\/data=!3m1!5s0x12a4a2e9f0c7847d:0xe1ddc3cf1f5a665f!4m8!3m7!1s0x12a4a2a5c1e2257d:0xcab7dbbfc67e084a!8m2!3d41.406933!4d2.1567085!9m1!1b1!16s%2Fg%2F12lk5ddc3?hl=en-US&amp;entry=ttu&amp;g_ep=EgoyMDI1MDExNS4wIKXMDSoASAFQAw%3D%3D\">rese\u00f1as en Google<\/a><\/strong><\/span><\/em><\/p>\n<p style=\"text-align: left;\"><em><span style=\"font-size: 14pt;\"><strong>Alg\u00fan reportaje de los eventos hechos:\u00a0 <a href=\"https:\/\/www.linkedin.com\/company\/1708408\/admin\/page-posts\/published\/\">publicaciones en LinkedIn<\/a><\/strong><\/span><\/em><\/p>\n[\/vc_column_text][\/vc_column][\/vc_row]\n<\/div>","protected":false},"excerpt":{"rendered":"<p>Durante las tres horas de visita, recorrer\u00e1s 2000 a\u00f1os de historia y lo podr\u00e1s ver con tus propios ojos.<\/p>\n","protected":false},"featured_media":6815,"comment_status":"closed","ping_status":"closed","template":"","meta":{"footnotes":""},"product_brand":[],"product_cat":[3757,3676],"product_tag":[],"class_list":{"0":"post-6911","1":"product","2":"type-product","3":"status-publish","4":"has-post-thumbnail","6":"product_cat-day-activities-es","7":"product_cat-sightseeing-private-tours","8":"tour_category-sightseeing-tours-es","9":"tour_category-private-tours-es","11":"first","12":"instock","13":"virtual","14":"taxable","15":"purchasable","16":"product-type-tour"},"yoast_head":"<!-- This site is optimized with the Yoast SEO plugin v27.3 - https:\/\/yoast.com\/product\/yoast-seo-wordpress\/ -->\n<title>Explora las joyas de Barcelona en una excursi\u00f3n en bicicleta<\/title>\n<meta name=\"description\" content=\"Salida en grupo para visitar Barcelona en bicicleta con gu\u00edas expertos que hablan ingl\u00e9s. \u00a1Conoce la ciudad y su gran patrimonio hist\u00f3rico!\" \/>\n<meta name=\"robots\" content=\"index, follow, max-snippet:-1, max-image-preview:large, max-video-preview:-1\" \/>\n<link rel=\"canonical\" href=\"https:\/\/barcelonatours.net\/es\/salida-grupo-bicicleta-barcelona\" \/>\n<meta property=\"og:locale\" content=\"es_ES\" \/>\n<meta property=\"og:type\" content=\"article\" \/>\n<meta property=\"og:title\" content=\"Explora las joyas de Barcelona en una excursi\u00f3n en bicicleta\" \/>\n<meta property=\"og:description\" content=\"Salida en grupo para visitar Barcelona en bicicleta con gu\u00edas expertos que hablan ingl\u00e9s. \u00a1Conoce la ciudad y su gran patrimonio hist\u00f3rico!\" \/>\n<meta property=\"og:url\" content=\"https:\/\/barcelonatours.net\/es\/salida-grupo-bicicleta-barcelona\" \/>\n<meta property=\"og:site_name\" content=\"BarcelonaTours.net\" \/>\n<meta property=\"article:publisher\" content=\"https:\/\/www.facebook.com\/BarcelonaTours.net\/\" \/>\n<meta property=\"article:modified_time\" content=\"2025-03-17T16:57:50+00:00\" \/>\n<meta property=\"og:image\" content=\"https:\/\/barcelonatours.net\/wp-content\/uploads\/2021\/10\/alex-motoc-VQW76T5RGng-unsplash-e1571836305368-1.jpg\" \/>\n\t<meta property=\"og:image:width\" content=\"1600\" \/>\n\t<meta property=\"og:image:height\" content=\"830\" \/>\n\t<meta property=\"og:image:type\" content=\"image\/jpeg\" \/>\n<meta name=\"twitter:card\" content=\"summary_large_image\" \/>\n<meta name=\"twitter:site\" content=\"@BarcelonaTours1\" \/>\n<meta name=\"twitter:label1\" content=\"Tiempo de lectura\" \/>\n\t<meta name=\"twitter:data1\" content=\"2 minutos\" \/>\n<script type=\"application\/ld+json\" class=\"yoast-schema-graph\">{\"@context\":\"https:\\\/\\\/schema.org\",\"@graph\":[{\"@type\":\"WebPage\",\"@id\":\"https:\\\/\\\/barcelonatours.net\\\/es\\\/salida-grupo-bicicleta-barcelona\",\"url\":\"https:\\\/\\\/barcelonatours.net\\\/es\\\/salida-grupo-bicicleta-barcelona\",\"name\":\"Explora las joyas de Barcelona en una excursi\u00f3n en bicicleta\",\"isPartOf\":{\"@id\":\"https:\\\/\\\/barcelonatours.net\\\/es#website\"},\"primaryImageOfPage\":{\"@id\":\"https:\\\/\\\/barcelonatours.net\\\/es\\\/salida-grupo-bicicleta-barcelona#primaryimage\"},\"image\":{\"@id\":\"https:\\\/\\\/barcelonatours.net\\\/es\\\/salida-grupo-bicicleta-barcelona#primaryimage\"},\"thumbnailUrl\":\"https:\\\/\\\/barcelonatours.net\\\/wp-content\\\/uploads\\\/2021\\\/10\\\/alex-motoc-VQW76T5RGng-unsplash-e1571836305368-1.jpg\",\"datePublished\":\"2025-03-11T13:34:56+00:00\",\"dateModified\":\"2025-03-17T16:57:50+00:00\",\"description\":\"Salida en grupo para visitar Barcelona en bicicleta con gu\u00edas expertos que hablan ingl\u00e9s. \u00a1Conoce la ciudad y su gran patrimonio hist\u00f3rico!\",\"breadcrumb\":{\"@id\":\"https:\\\/\\\/barcelonatours.net\\\/es\\\/salida-grupo-bicicleta-barcelona#breadcrumb\"},\"inLanguage\":\"es\",\"potentialAction\":[{\"@type\":\"ReadAction\",\"target\":[\"https:\\\/\\\/barcelonatours.net\\\/es\\\/salida-grupo-bicicleta-barcelona\"]}]},{\"@type\":\"ImageObject\",\"inLanguage\":\"es\",\"@id\":\"https:\\\/\\\/barcelonatours.net\\\/es\\\/salida-grupo-bicicleta-barcelona#primaryimage\",\"url\":\"https:\\\/\\\/barcelonatours.net\\\/wp-content\\\/uploads\\\/2021\\\/10\\\/alex-motoc-VQW76T5RGng-unsplash-e1571836305368-1.jpg\",\"contentUrl\":\"https:\\\/\\\/barcelonatours.net\\\/wp-content\\\/uploads\\\/2021\\\/10\\\/alex-motoc-VQW76T5RGng-unsplash-e1571836305368-1.jpg\",\"width\":1600,\"height\":830,\"caption\":\"Barcelona bike tour\"},{\"@type\":\"BreadcrumbList\",\"@id\":\"https:\\\/\\\/barcelonatours.net\\\/es\\\/salida-grupo-bicicleta-barcelona#breadcrumb\",\"itemListElement\":[{\"@type\":\"ListItem\",\"position\":1,\"name\":\"Home\",\"item\":\"https:\\\/\\\/barcelonatours.net\\\/es\"},{\"@type\":\"ListItem\",\"position\":2,\"name\":\"Shop\",\"item\":\"https:\\\/\\\/barcelonatours.net\\\/shop\"},{\"@type\":\"ListItem\",\"position\":3,\"name\":\"Tour de Barcelona en bicicleta\"}]},{\"@type\":\"WebSite\",\"@id\":\"https:\\\/\\\/barcelonatours.net\\\/es#website\",\"url\":\"https:\\\/\\\/barcelonatours.net\\\/es\",\"name\":\"BarcelonaTours.net\",\"description\":\"The best tours and team building activities of Barcelona\",\"publisher\":{\"@id\":\"https:\\\/\\\/barcelonatours.net\\\/es#organization\"},\"alternateName\":\"Corporate event agency based in Barcelona\",\"potentialAction\":[{\"@type\":\"SearchAction\",\"target\":{\"@type\":\"EntryPoint\",\"urlTemplate\":\"https:\\\/\\\/barcelonatours.net\\\/es?s={search_term_string}\"},\"query-input\":{\"@type\":\"PropertyValueSpecification\",\"valueRequired\":true,\"valueName\":\"search_term_string\"}}],\"inLanguage\":\"es\"},{\"@type\":\"Organization\",\"@id\":\"https:\\\/\\\/barcelonatours.net\\\/es#organization\",\"name\":\"Barcelona Tours\",\"url\":\"https:\\\/\\\/barcelonatours.net\\\/es\",\"logo\":{\"@type\":\"ImageObject\",\"inLanguage\":\"es\",\"@id\":\"https:\\\/\\\/barcelonatours.net\\\/es#\\\/schema\\\/logo\\\/image\\\/\",\"url\":\"https:\\\/\\\/barcelonatours.net\\\/wp-content\\\/uploads\\\/2019\\\/04\\\/bcn_tours_logo-e1556215659835.png\",\"contentUrl\":\"https:\\\/\\\/barcelonatours.net\\\/wp-content\\\/uploads\\\/2019\\\/04\\\/bcn_tours_logo-e1556215659835.png\",\"width\":250,\"height\":89,\"caption\":\"Barcelona Tours\"},\"image\":{\"@id\":\"https:\\\/\\\/barcelonatours.net\\\/es#\\\/schema\\\/logo\\\/image\\\/\"},\"sameAs\":[\"https:\\\/\\\/www.facebook.com\\\/BarcelonaTours.net\\\/\",\"https:\\\/\\\/x.com\\\/BarcelonaTours1\",\"https:\\\/\\\/www.instagram.com\\\/barcelonatours\\\/\"]}]}<\/script>\n<!-- \/ Yoast SEO plugin. -->","yoast_head_json":{"title":"Explora las joyas de Barcelona en una excursi\u00f3n en bicicleta","description":"Salida en grupo para visitar Barcelona en bicicleta con gu\u00edas expertos que hablan ingl\u00e9s. \u00a1Conoce la ciudad y su gran patrimonio hist\u00f3rico!","robots":{"index":"index","follow":"follow","max-snippet":"max-snippet:-1","max-image-preview":"max-image-preview:large","max-video-preview":"max-video-preview:-1"},"canonical":"https:\/\/barcelonatours.net\/es\/salida-grupo-bicicleta-barcelona","og_locale":"es_ES","og_type":"article","og_title":"Explora las joyas de Barcelona en una excursi\u00f3n en bicicleta","og_description":"Salida en grupo para visitar Barcelona en bicicleta con gu\u00edas expertos que hablan ingl\u00e9s. \u00a1Conoce la ciudad y su gran patrimonio hist\u00f3rico!","og_url":"https:\/\/barcelonatours.net\/es\/salida-grupo-bicicleta-barcelona","og_site_name":"BarcelonaTours.net","article_publisher":"https:\/\/www.facebook.com\/BarcelonaTours.net\/","article_modified_time":"2025-03-17T16:57:50+00:00","og_image":[{"width":1600,"height":830,"url":"https:\/\/barcelonatours.net\/wp-content\/uploads\/2021\/10\/alex-motoc-VQW76T5RGng-unsplash-e1571836305368-1.jpg","type":"image\/jpeg"}],"twitter_card":"summary_large_image","twitter_site":"@BarcelonaTours1","twitter_misc":{"Tiempo de lectura":"2 minutos"},"schema":{"@context":"https:\/\/schema.org","@graph":[{"@type":"WebPage","@id":"https:\/\/barcelonatours.net\/es\/salida-grupo-bicicleta-barcelona","url":"https:\/\/barcelonatours.net\/es\/salida-grupo-bicicleta-barcelona","name":"Explora las joyas de Barcelona en una excursi\u00f3n en bicicleta","isPartOf":{"@id":"https:\/\/barcelonatours.net\/es#website"},"primaryImageOfPage":{"@id":"https:\/\/barcelonatours.net\/es\/salida-grupo-bicicleta-barcelona#primaryimage"},"image":{"@id":"https:\/\/barcelonatours.net\/es\/salida-grupo-bicicleta-barcelona#primaryimage"},"thumbnailUrl":"https:\/\/barcelonatours.net\/wp-content\/uploads\/2021\/10\/alex-motoc-VQW76T5RGng-unsplash-e1571836305368-1.jpg","datePublished":"2025-03-11T13:34:56+00:00","dateModified":"2025-03-17T16:57:50+00:00","description":"Salida en grupo para visitar Barcelona en bicicleta con gu\u00edas expertos que hablan ingl\u00e9s. \u00a1Conoce la ciudad y su gran patrimonio hist\u00f3rico!","breadcrumb":{"@id":"https:\/\/barcelonatours.net\/es\/salida-grupo-bicicleta-barcelona#breadcrumb"},"inLanguage":"es","potentialAction":[{"@type":"ReadAction","target":["https:\/\/barcelonatours.net\/es\/salida-grupo-bicicleta-barcelona"]}]},{"@type":"ImageObject","inLanguage":"es","@id":"https:\/\/barcelonatours.net\/es\/salida-grupo-bicicleta-barcelona#primaryimage","url":"https:\/\/barcelonatours.net\/wp-content\/uploads\/2021\/10\/alex-motoc-VQW76T5RGng-unsplash-e1571836305368-1.jpg","contentUrl":"https:\/\/barcelonatours.net\/wp-content\/uploads\/2021\/10\/alex-motoc-VQW76T5RGng-unsplash-e1571836305368-1.jpg","width":1600,"height":830,"caption":"Barcelona bike tour"},{"@type":"BreadcrumbList","@id":"https:\/\/barcelonatours.net\/es\/salida-grupo-bicicleta-barcelona#breadcrumb","itemListElement":[{"@type":"ListItem","position":1,"name":"Home","item":"https:\/\/barcelonatours.net\/es"},{"@type":"ListItem","position":2,"name":"Shop","item":"https:\/\/barcelonatours.net\/shop"},{"@type":"ListItem","position":3,"name":"Tour de Barcelona en bicicleta"}]},{"@type":"WebSite","@id":"https:\/\/barcelonatours.net\/es#website","url":"https:\/\/barcelonatours.net\/es","name":"BarcelonaTours.net","description":"The best tours and team building activities of Barcelona","publisher":{"@id":"https:\/\/barcelonatours.net\/es#organization"},"alternateName":"Corporate event agency based in Barcelona","potentialAction":[{"@type":"SearchAction","target":{"@type":"EntryPoint","urlTemplate":"https:\/\/barcelonatours.net\/es?s={search_term_string}"},"query-input":{"@type":"PropertyValueSpecification","valueRequired":true,"valueName":"search_term_string"}}],"inLanguage":"es"},{"@type":"Organization","@id":"https:\/\/barcelonatours.net\/es#organization","name":"Barcelona Tours","url":"https:\/\/barcelonatours.net\/es","logo":{"@type":"ImageObject","inLanguage":"es","@id":"https:\/\/barcelonatours.net\/es#\/schema\/logo\/image\/","url":"https:\/\/barcelonatours.net\/wp-content\/uploads\/2019\/04\/bcn_tours_logo-e1556215659835.png","contentUrl":"https:\/\/barcelonatours.net\/wp-content\/uploads\/2019\/04\/bcn_tours_logo-e1556215659835.png","width":250,"height":89,"caption":"Barcelona Tours"},"image":{"@id":"https:\/\/barcelonatours.net\/es#\/schema\/logo\/image\/"},"sameAs":["https:\/\/www.facebook.com\/BarcelonaTours.net\/","https:\/\/x.com\/BarcelonaTours1","https:\/\/www.instagram.com\/barcelonatours\/"]}]}},"_links":{"self":[{"href":"https:\/\/barcelonatours.net\/es\/wp-json\/wp\/v2\/product\/6911","targetHints":{"allow":["GET"]}}],"collection":[{"href":"https:\/\/barcelonatours.net\/es\/wp-json\/wp\/v2\/product"}],"about":[{"href":"https:\/\/barcelonatours.net\/es\/wp-json\/wp\/v2\/types\/product"}],"replies":[{"embeddable":true,"href":"https:\/\/barcelonatours.net\/es\/wp-json\/wp\/v2\/comments?post=6911"}],"version-history":[{"count":0,"href":"https:\/\/barcelonatours.net\/es\/wp-json\/wp\/v2\/product\/6911\/revisions"}],"wp:featuredmedia":[{"embeddable":true,"href":"https:\/\/barcelonatours.net\/es\/wp-json\/wp\/v2\/media\/6815"}],"wp:attachment":[{"href":"https:\/\/barcelonatours.net\/es\/wp-json\/wp\/v2\/media?parent=6911"}],"wp:term":[{"taxonomy":"product_brand","embeddable":true,"href":"https:\/\/barcelonatours.net\/es\/wp-json\/wp\/v2\/product_brand?post=6911"},{"taxonomy":"product_cat","embeddable":true,"href":"https:\/\/barcelonatours.net\/es\/wp-json\/wp\/v2\/product_cat?post=6911"},{"taxonomy":"product_tag","embeddable":true,"href":"https:\/\/barcelonatours.net\/es\/wp-json\/wp\/v2\/product_tag?post=6911"}],"curies":[{"name":"wp","href":"https:\/\/api.w.org\/{rel}","templated":true}]}}