{"id":6909,"date":"2025-05-17T19:41:50","date_gmt":"2025-05-17T17:41:50","guid":{"rendered":"https:\/\/barcelonatours.net\/product\/barcelona-yacht-hire"},"modified":"2026-02-24T16:39:20","modified_gmt":"2026-02-24T15:39:20","slug":"alquiler-velero-barcelona","status":"publish","type":"product","link":"https:\/\/barcelonatours.net\/es\/alquilar-velero","title":{"rendered":"Alquiler de velero en Barcelona"},"content":{"rendered":"<div class=\"wpb-content-wrapper\">[vc_row][vc_column]<div class=\"title title--big title--center title--underline title--decoration-bottom-center\">\n\t\t\t<div class=\"title__subtitle\">Actividades Team Building--Tours Privados--Salidas en Barco--Cenas de Empresa--Traslados para grupos<\/div>\n\t\t<h3 class=\"title__primary\"><\/h3>\n<\/div>\n[vc_column_text css=\u00bb\u00bb]\n<h2 id=\"online-booking\"><b>\ud83d\udee5\ufe0f <\/b>Alquiler de yates privados: una experiencia costera en Barcelona<\/h2>\n<p><span style=\"font-weight: 400;\">La ubicaci\u00f3n costera de Barcelona ofrece un entorno ideal para explorar el mar Mediterr\u00e1neo a bordo de un yate privado exclusivo.<\/span><a href=\"https:\/\/barcelonatours.net\/es\/salida-barco\/catamaran-tour\"><span style=\"font-weight: 400;\"> Navegar <\/span><\/a><span style=\"font-weight: 400;\">a lo largo de la costa con total confort ofrece un ambiente relajado y distintivo para cualquier grupo.<\/span><\/p>\n<h3><b>La experiencia a bordo<\/b><\/h3>\n<p><span style=\"font-weight: 400;\">El alquiler de un yate privado est\u00e1 dise\u00f1ado para ofrecer un entorno especial en el mar, adecuado para diversos contextos:<\/span><\/p>\n<ul>\n<li style=\"font-weight: 400;\" aria-level=\"1\"><b>Grupos Corporativos:<\/b><span style=\"font-weight: 400;\"> Proporciona un entorno \u00fanico para tomar un descanso fuera de los espacios de conferencias o para eventos de reconocimiento de equipo.<\/span><\/li>\n<li style=\"font-weight: 400;\" aria-level=\"1\"><b>Reuniones Personales:<\/b><span style=\"font-weight: 400;\"> Es una opci\u00f3n premium para celebrar momentos importantes, cumplea\u00f1os o simplemente enriquecer unas vacaciones en Barcelona.<\/span><\/li>\n<\/ul>\n<h3><b>Elementos distintivos de un ch\u00e1rter privado<\/b><\/h3>\n<p><span style=\"font-weight: 400;\">El servicio de ch\u00e1rter se caracteriza por su enfoque en la flexibilidad y la personalizaci\u00f3n:<\/span><\/p>\n<ul>\n<li style=\"font-weight: 400;\" aria-level=\"1\"><b>Flexibilidad de horarios:<\/b><span style=\"font-weight: 400;\"> La disponibilidad de reserva se extiende durante todo el a\u00f1o, con opciones de horario flexible que incluyen salidas por la ma\u00f1ana, por la tarde o durante el atardecer.<\/span><\/li>\n<li style=\"font-weight: 400;\" aria-level=\"1\"><b>Libertad personalizada:<\/b><span style=\"font-weight: 400;\"> Los pasajeros tienen la autonom\u00eda de solicitar paradas para nadar al patr\u00f3n en el momento que deseen, permitiendo refrescarse y disfrutar plenamente del Mar Mediterr\u00e1neo.<\/span><\/li>\n<\/ul>\n<p><b>Opciones de personalizaci\u00f3n:<\/b><span style=\"font-weight: 400;\"> El viaje puede ser adaptado a las preferencias del grupo mediante la adici\u00f3n de servicios como <\/span><i><span style=\"font-weight: 400;\">catering<\/span><\/i><span style=\"font-weight: 400;\"> sustancial (tapas o comidas especializadas), bebidas adicionales, o entretenimiento espec\u00edfico, como m\u00fasica a bordo.<\/span><\/p>\n<h3>Capacidad de la embarcaci\u00f3n<\/h3>\n<ul>\n<li>Nuestros veleros tienen <strong>una capacidad para 11 personas<\/strong><\/li>\n<li>Para grupos m\u00e1s grandes, hay que alquilar m\u00e1s de una embarcaci\u00f3n o puedes <strong><a href=\"https:\/\/barcelonatours.net\/es\/salida-barco\/catamaran-tour\" target=\"_blank\" rel=\"noopener\">alquilar un catamar\u00e1n privado<\/a>, que tiene capacidad para hasta 28 pasajeros.<\/strong><\/li>\n<\/ul>\n[\/vc_column_text][\/vc_column][\/vc_row][vc_row][vc_column][vc_column_text css=\u00bb\u00bb]\n<h2>\u26f5 Salida en Velero \u2013 Charter Privado<\/h2>\n<p><!--more--><\/p>\n<table class=\"table table-bordered tours-tabs__table\" style=\"width: 98.6374%; height: 160px;\" width=\"99.2947%\">\n<tbody>\n<tr style=\"height: 23px;\">\n<td style=\"width: 21.0088%; height: 23px;\"><strong>PRECIO<\/strong><\/td>\n<td style=\"width: 78.0108%; height: 23px;\"><i class=\"fa fa-check icon-tick icon-tick--on\"><\/i>50\u20ac por persona<\/td>\n<\/tr>\n<tr style=\"height: 24px;\">\n<td style=\"width: 21.0088%; height: 24px;\"><strong>UBICACI\u00d3N<\/strong><\/td>\n<td style=\"width: 78.0108%; height: 24px;\"><i class=\"fa fa-check icon-tick icon-tick--on\"><\/i>Port Olimpic<\/td>\n<\/tr>\n<tr style=\"height: 80px;\">\n<td style=\"width: 21.0088%; height: 80px;\"><strong>INCLUIDO<\/strong><\/td>\n<td style=\"width: 78.0108%; height: 80px;\"><i class=\"fa fa-check icon-tick icon-tick--on\"><\/i> <span style=\"font-weight: 400;\">Patr\u00f3n<\/span>\n<i class=\"fa fa-check icon-tick icon-tick--on\"><\/i> <span style=\"font-weight: 400;\">Barco de vela privado<\/span>\n<i class=\"fa fa-check icon-tick icon-tick--on\"><\/i> <span style=\"font-weight: 400;\">2-3 bebidas y aperitivos ligeros<\/span>\n<i class=\"fa fa-check icon-tick icon-tick--on\"><\/i> <strong>Nota:<\/strong> <span style=\"font-weight: 400;\">Puedes traer tu comida y bebidas adicionales, o podemos gestionarlas por ti.<\/span>\n<p>&nbsp;<\/p><\/td>\n<\/tr>\n<tr style=\"height: 23px;\">\n<td style=\"width: 21.0088%; height: 23px;\"><strong><b>N. DE PERSONAS<\/b><\/strong><\/td>\n<td style=\"width: 78.0108%; height: 23px;\"><i class=\"fa fa-check icon-tick icon-tick--on\"><\/i><span style=\"font-weight: 400;\">Capacidad de hasta <\/span><b>11 personas<\/b><span style=\"font-weight: 400;\"> por barco<\/span><\/td>\n<\/tr>\n<tr style=\"height: 82px;\">\n<td style=\"width: 21.0088%; height: 10px;\"><b>BENEFICIOS<\/b><\/td>\n<td style=\"width: 78.0108%; height: 10px;\">1\ufe0f\u20e3 <b>Libertad y Personalizaci\u00f3n Total:<\/b><span style=\"font-weight: 400;\"> Disfruta de un yate privado con paradas para nadar <\/span><i><span style=\"font-weight: 400;\">in situ<\/span><\/i><span style=\"font-weight: 400;\"> y opciones de catering personalizadas.<\/span>\n<p>2\ufe0f\u20e3 <b>M\u00e1xima Flexibilidad de Horario:<\/b><span style=\"font-weight: 400;\"> Reserva durante todo el a\u00f1o, con horarios flexibles para charters matutinos, vespertinos o al atardecer.<\/span><\/p>\n<p>3\ufe0f\u20e3 <b>Recompensa de Lujo de Alto Impacto:<\/b><span style=\"font-weight: 400;\"> Ofrece una escapada memorable y c\u00f3moda con impresionantes vistas de la costa de Barcelona.<\/span><\/p><\/td>\n<\/tr>\n<\/tbody>\n<\/table>\n[\/vc_column_text][\/vc_column][\/vc_row][vc_row][vc_column][vc_column_text css=\u00bb\u00bb]\n<h2>\u00a0 \u2753C\u00d3MO FUNCIONA Y PREGUNTAS FRECUENTES<\/h2>\n<p><!--more--><\/p>\n<table class=\"table table-bordered tours-tabs__table\" style=\"width: 98.6374%; height: 138px;\" width=\"99.2947%\">\n<tbody>\n<tr style=\"height: 82px;\">\n<td style=\"width: 21.0088%; height: 10px;\"><b>C\u00d3MO FUNCIONA<\/b><\/td>\n<td style=\"width: 78.0108%; height: 24px;\">1\ufe0f\u20e3 Despu\u00e9s de recibir tu consulta, te enviaremos una propuesta con las mejores soluciones para tu evento y m\u00e1s ideas a considerar.\n<p>2\ufe0f\u20e3 T\u00fa eliges la mejor solucion y responderemos a todas tus preguntas por correo electr\u00f3nico (o tel\u00e9fono) hasta que est\u00e9s completamente satisfecho y listo para reservar.<\/p>\n<p>3\ufe0f\u20e3 Una vez establecidos todos los detalles, te facilitaremos el presupuesto final y solo solicitaremos un dep\u00f3sito del 20% para asegurar la fecha de tu evento<\/p><\/td>\n<\/tr>\n<tr>\n<td style=\"width: 21.0088%;\"><strong>PREGUNTAS FRECUENTES<\/strong><\/td>\n<td style=\"width: 78.0108%;\">1\ufe0f\u20e3 <strong>Condiciones de pago:<\/strong> Para confirmar el evento, necesitamos un dep\u00f3sito del 20% y el importe total una semana antes. Puedes pagar mediante transferencia bancaria o con tarjeta de d\u00e9bito\/cr\u00e9dito a trav\u00e9s de un enlace de pago.\n<p>2\ufe0f\u20e3<strong>N\u00fameros finales:<\/strong> tienes la libertad de ajustar el n\u00famero de participantes para el evento hasta una semana antes, y no habr\u00e1 penalizaciones ni cargos adicionales. Sin embargo, hay que tener en cuenta que algunas actividades pueden tener precios variables seg\u00fan el tama\u00f1o del grupo.<span style=\"font-weight: 400;\"><br \/>\n<\/span><\/p>\n<p>3\ufe0f\u20e3 <strong>Itinerario final:<\/strong> una semana antes del evento, recibir\u00e1s un resumen detallado con toda la informaci\u00f3n \u00fatil.<\/p><\/td>\n<\/tr>\n<\/tbody>\n<\/table>\n[\/vc_column_text][\/vc_column][\/vc_row][vc_row][vc_column][vc_column_text css=\u00bb\u00bb]<em><span style=\"font-size: 18pt;\"><strong>\u23ed\ufe0f \u00bfPasamos ya a la siguiente fase?<\/strong><\/span><\/em>\n<p>&nbsp;<\/p>\n<p style=\"text-align: left;\"><em><span style=\"font-size: 14pt;\"><strong>Pide un presupuesto r\u00e1pido:\u00a0 \u00a0\u00a0<\/strong><\/span><\/em><\/p>\n<ul>\n<li style=\"text-align: left;\"><em><span style=\"font-size: 14pt;\"><strong>Email <a href=\"mailto: info@barcelonatours.net\" data-cke-saved-href=\"mailto:enquiry@barcelonatours.net\">info@barcelonatours.net<\/a>\u00a0\u00a0<\/strong><\/span><\/em><\/li>\n<li><em><span style=\"font-size: 14pt;\"><strong>Tel\/W&#8217;App\u00a0 <a href=\"tel: +34658768333\">+34 658 768 333<\/a><\/strong><\/span><\/em><\/li>\n<\/ul>\n<p>&nbsp;<\/p>\n<p style=\"text-align: left;\"><em><span style=\"font-size: 14pt;\"><strong>Clientes satisfechos, lo que dicen de nosotros:\u00a0 \u2b50\ufe0f\u2b50\ufe0f\u2b50\ufe0f\u2b50\ufe0f\u2b50\ufe0f <a href=\"https:\/\/www.google.com\/maps\/place\/BarcelonaTours.net\/@41.406933,2.1567085,17z\/data=!3m1!5s0x12a4a2e9f0c7847d:0xe1ddc3cf1f5a665f!4m8!3m7!1s0x12a4a2a5c1e2257d:0xcab7dbbfc67e084a!8m2!3d41.406933!4d2.1567085!9m1!1b1!16s%2Fg%2F12lk5ddc3?hl=en-US&amp;entry=ttu&amp;g_ep=EgoyMDI1MDExNS4wIKXMDSoASAFQAw%3D%3D\">rese\u00f1as en Google<\/a><\/strong><\/span><\/em><\/p>\n<p style=\"text-align: left;\"><em><span style=\"font-size: 14pt;\"><strong>Alg\u00fan reportaje de los eventos hechos:\u00a0 <a href=\"https:\/\/www.linkedin.com\/company\/1708408\/admin\/page-posts\/published\/\">publicaciones en LinkedIn<\/a><\/strong><\/span><\/em><\/p>\n[\/vc_column_text][\/vc_column][\/vc_row]\n<\/div>","protected":false},"excerpt":{"rendered":"<p>Sube a bordo de nuestro velero privado y navega por la costa de Barcelona.<\/p>\n","protected":false},"featured_media":7029,"comment_status":"closed","ping_status":"closed","template":"","meta":{"footnotes":""},"product_brand":[],"product_cat":[3531,3757],"product_tag":[],"class_list":{"0":"post-6909","1":"product","2":"type-product","3":"status-publish","4":"has-post-thumbnail","6":"product_cat-boat-trips-es","7":"product_cat-day-activities-es","8":"tour_category-activities-es","9":"tour_category-boat-trips-es","10":"tour_category-day-activity-es","12":"first","13":"instock","14":"virtual","15":"taxable","16":"purchasable","17":"product-type-tour"},"yoast_head":"<!-- This site is optimized with the Yoast SEO plugin v27.4 - https:\/\/yoast.com\/product\/yoast-seo-wordpress\/ -->\n<title>El mejor alquiler de yates privados y tours en Barcelona - BarcelonaTours.net<\/title>\n<meta name=\"description\" content=\"Alquiler un velero privado en Barcelona. Barcos para grupos hasta 11 personas que quieran disfrutar de Barcelona desde el mar. Cont\u00e1ctanos para mas info\" \/>\n<meta name=\"robots\" content=\"index, follow, max-snippet:-1, max-image-preview:large, max-video-preview:-1\" \/>\n<link rel=\"canonical\" href=\"https:\/\/barcelonatours.net\/es\/alquilar-velero\" \/>\n<meta property=\"og:locale\" content=\"es_ES\" \/>\n<meta property=\"og:type\" content=\"article\" \/>\n<meta property=\"og:title\" content=\"El mejor alquiler de yates privados y tours en Barcelona - BarcelonaTours.net\" \/>\n<meta property=\"og:description\" content=\"Alquiler un velero privado en Barcelona. Barcos para grupos hasta 11 personas que quieran disfrutar de Barcelona desde el mar. Cont\u00e1ctanos para mas info\" \/>\n<meta property=\"og:url\" content=\"https:\/\/barcelonatours.net\/es\/alquilar-velero\" \/>\n<meta property=\"og:site_name\" content=\"BarcelonaTours.net\" \/>\n<meta property=\"article:publisher\" content=\"https:\/\/www.facebook.com\/BarcelonaTours.net\/\" \/>\n<meta property=\"article:modified_time\" content=\"2026-02-24T15:39:20+00:00\" \/>\n<meta property=\"og:image\" content=\"https:\/\/barcelonatours.net\/wp-content\/uploads\/2021\/12\/1-1.jpg\" \/>\n\t<meta property=\"og:image:width\" content=\"1024\" \/>\n\t<meta property=\"og:image:height\" content=\"684\" \/>\n\t<meta property=\"og:image:type\" content=\"image\/jpeg\" \/>\n<meta name=\"twitter:card\" content=\"summary_large_image\" \/>\n<meta name=\"twitter:site\" content=\"@BarcelonaTours1\" \/>\n<meta name=\"twitter:label1\" content=\"Tiempo de lectura\" \/>\n\t<meta name=\"twitter:data1\" content=\"4 minutos\" \/>\n<script type=\"application\/ld+json\" class=\"yoast-schema-graph\">{\"@context\":\"https:\\\/\\\/schema.org\",\"@graph\":[{\"@type\":\"WebPage\",\"@id\":\"https:\\\/\\\/barcelonatours.net\\\/es\\\/alquilar-velero\",\"url\":\"https:\\\/\\\/barcelonatours.net\\\/es\\\/alquilar-velero\",\"name\":\"El mejor alquiler de yates privados y tours en Barcelona - BarcelonaTours.net\",\"isPartOf\":{\"@id\":\"https:\\\/\\\/barcelonatours.net\\\/es#website\"},\"primaryImageOfPage\":{\"@id\":\"https:\\\/\\\/barcelonatours.net\\\/es\\\/alquilar-velero#primaryimage\"},\"image\":{\"@id\":\"https:\\\/\\\/barcelonatours.net\\\/es\\\/alquilar-velero#primaryimage\"},\"thumbnailUrl\":\"https:\\\/\\\/barcelonatours.net\\\/wp-content\\\/uploads\\\/2021\\\/12\\\/1-1.jpg\",\"datePublished\":\"2025-05-17T17:41:50+00:00\",\"dateModified\":\"2026-02-24T15:39:20+00:00\",\"description\":\"Alquiler un velero privado en Barcelona. Barcos para grupos hasta 11 personas que quieran disfrutar de Barcelona desde el mar. Cont\u00e1ctanos para mas info\",\"breadcrumb\":{\"@id\":\"https:\\\/\\\/barcelonatours.net\\\/es\\\/alquilar-velero#breadcrumb\"},\"inLanguage\":\"es\",\"potentialAction\":[{\"@type\":\"ReadAction\",\"target\":[\"https:\\\/\\\/barcelonatours.net\\\/es\\\/alquilar-velero\"]}]},{\"@type\":\"ImageObject\",\"inLanguage\":\"es\",\"@id\":\"https:\\\/\\\/barcelonatours.net\\\/es\\\/alquilar-velero#primaryimage\",\"url\":\"https:\\\/\\\/barcelonatours.net\\\/wp-content\\\/uploads\\\/2021\\\/12\\\/1-1.jpg\",\"contentUrl\":\"https:\\\/\\\/barcelonatours.net\\\/wp-content\\\/uploads\\\/2021\\\/12\\\/1-1.jpg\",\"width\":1024,\"height\":684,\"caption\":\"People relaxing on board a private yacht in Barcelona\"},{\"@type\":\"BreadcrumbList\",\"@id\":\"https:\\\/\\\/barcelonatours.net\\\/es\\\/alquilar-velero#breadcrumb\",\"itemListElement\":[{\"@type\":\"ListItem\",\"position\":1,\"name\":\"Home\",\"item\":\"https:\\\/\\\/barcelonatours.net\\\/es\"},{\"@type\":\"ListItem\",\"position\":2,\"name\":\"Shop\",\"item\":\"https:\\\/\\\/barcelonatours.net\\\/shop\"},{\"@type\":\"ListItem\",\"position\":3,\"name\":\"Alquiler de velero en Barcelona\"}]},{\"@type\":\"WebSite\",\"@id\":\"https:\\\/\\\/barcelonatours.net\\\/es#website\",\"url\":\"https:\\\/\\\/barcelonatours.net\\\/es\",\"name\":\"BarcelonaTours.net\",\"description\":\"The best tours and team building activities of Barcelona\",\"publisher\":{\"@id\":\"https:\\\/\\\/barcelonatours.net\\\/es#organization\"},\"alternateName\":\"Corporate event agency based in Barcelona\",\"potentialAction\":[{\"@type\":\"SearchAction\",\"target\":{\"@type\":\"EntryPoint\",\"urlTemplate\":\"https:\\\/\\\/barcelonatours.net\\\/es?s={search_term_string}\"},\"query-input\":{\"@type\":\"PropertyValueSpecification\",\"valueRequired\":true,\"valueName\":\"search_term_string\"}}],\"inLanguage\":\"es\"},{\"@type\":\"Organization\",\"@id\":\"https:\\\/\\\/barcelonatours.net\\\/es#organization\",\"name\":\"Barcelona Tours\",\"url\":\"https:\\\/\\\/barcelonatours.net\\\/es\",\"logo\":{\"@type\":\"ImageObject\",\"inLanguage\":\"es\",\"@id\":\"https:\\\/\\\/barcelonatours.net\\\/es#\\\/schema\\\/logo\\\/image\\\/\",\"url\":\"https:\\\/\\\/barcelonatours.net\\\/wp-content\\\/uploads\\\/2019\\\/04\\\/bcn_tours_logo-e1556215659835.png\",\"contentUrl\":\"https:\\\/\\\/barcelonatours.net\\\/wp-content\\\/uploads\\\/2019\\\/04\\\/bcn_tours_logo-e1556215659835.png\",\"width\":250,\"height\":89,\"caption\":\"Barcelona Tours\"},\"image\":{\"@id\":\"https:\\\/\\\/barcelonatours.net\\\/es#\\\/schema\\\/logo\\\/image\\\/\"},\"sameAs\":[\"https:\\\/\\\/www.facebook.com\\\/BarcelonaTours.net\\\/\",\"https:\\\/\\\/x.com\\\/BarcelonaTours1\",\"https:\\\/\\\/www.instagram.com\\\/barcelonatours\\\/\"]}]}<\/script>\n<!-- \/ Yoast SEO plugin. -->","yoast_head_json":{"title":"El mejor alquiler de yates privados y tours en Barcelona - BarcelonaTours.net","description":"Alquiler un velero privado en Barcelona. Barcos para grupos hasta 11 personas que quieran disfrutar de Barcelona desde el mar. Cont\u00e1ctanos para mas info","robots":{"index":"index","follow":"follow","max-snippet":"max-snippet:-1","max-image-preview":"max-image-preview:large","max-video-preview":"max-video-preview:-1"},"canonical":"https:\/\/barcelonatours.net\/es\/alquilar-velero","og_locale":"es_ES","og_type":"article","og_title":"El mejor alquiler de yates privados y tours en Barcelona - BarcelonaTours.net","og_description":"Alquiler un velero privado en Barcelona. Barcos para grupos hasta 11 personas que quieran disfrutar de Barcelona desde el mar. Cont\u00e1ctanos para mas info","og_url":"https:\/\/barcelonatours.net\/es\/alquilar-velero","og_site_name":"BarcelonaTours.net","article_publisher":"https:\/\/www.facebook.com\/BarcelonaTours.net\/","article_modified_time":"2026-02-24T15:39:20+00:00","og_image":[{"width":1024,"height":684,"url":"https:\/\/barcelonatours.net\/wp-content\/uploads\/2021\/12\/1-1.jpg","type":"image\/jpeg"}],"twitter_card":"summary_large_image","twitter_site":"@BarcelonaTours1","twitter_misc":{"Tiempo de lectura":"4 minutos"},"schema":{"@context":"https:\/\/schema.org","@graph":[{"@type":"WebPage","@id":"https:\/\/barcelonatours.net\/es\/alquilar-velero","url":"https:\/\/barcelonatours.net\/es\/alquilar-velero","name":"El mejor alquiler de yates privados y tours en Barcelona - BarcelonaTours.net","isPartOf":{"@id":"https:\/\/barcelonatours.net\/es#website"},"primaryImageOfPage":{"@id":"https:\/\/barcelonatours.net\/es\/alquilar-velero#primaryimage"},"image":{"@id":"https:\/\/barcelonatours.net\/es\/alquilar-velero#primaryimage"},"thumbnailUrl":"https:\/\/barcelonatours.net\/wp-content\/uploads\/2021\/12\/1-1.jpg","datePublished":"2025-05-17T17:41:50+00:00","dateModified":"2026-02-24T15:39:20+00:00","description":"Alquiler un velero privado en Barcelona. Barcos para grupos hasta 11 personas que quieran disfrutar de Barcelona desde el mar. Cont\u00e1ctanos para mas info","breadcrumb":{"@id":"https:\/\/barcelonatours.net\/es\/alquilar-velero#breadcrumb"},"inLanguage":"es","potentialAction":[{"@type":"ReadAction","target":["https:\/\/barcelonatours.net\/es\/alquilar-velero"]}]},{"@type":"ImageObject","inLanguage":"es","@id":"https:\/\/barcelonatours.net\/es\/alquilar-velero#primaryimage","url":"https:\/\/barcelonatours.net\/wp-content\/uploads\/2021\/12\/1-1.jpg","contentUrl":"https:\/\/barcelonatours.net\/wp-content\/uploads\/2021\/12\/1-1.jpg","width":1024,"height":684,"caption":"People relaxing on board a private yacht in Barcelona"},{"@type":"BreadcrumbList","@id":"https:\/\/barcelonatours.net\/es\/alquilar-velero#breadcrumb","itemListElement":[{"@type":"ListItem","position":1,"name":"Home","item":"https:\/\/barcelonatours.net\/es"},{"@type":"ListItem","position":2,"name":"Shop","item":"https:\/\/barcelonatours.net\/shop"},{"@type":"ListItem","position":3,"name":"Alquiler de velero en Barcelona"}]},{"@type":"WebSite","@id":"https:\/\/barcelonatours.net\/es#website","url":"https:\/\/barcelonatours.net\/es","name":"BarcelonaTours.net","description":"The best tours and team building activities of Barcelona","publisher":{"@id":"https:\/\/barcelonatours.net\/es#organization"},"alternateName":"Corporate event agency based in Barcelona","potentialAction":[{"@type":"SearchAction","target":{"@type":"EntryPoint","urlTemplate":"https:\/\/barcelonatours.net\/es?s={search_term_string}"},"query-input":{"@type":"PropertyValueSpecification","valueRequired":true,"valueName":"search_term_string"}}],"inLanguage":"es"},{"@type":"Organization","@id":"https:\/\/barcelonatours.net\/es#organization","name":"Barcelona Tours","url":"https:\/\/barcelonatours.net\/es","logo":{"@type":"ImageObject","inLanguage":"es","@id":"https:\/\/barcelonatours.net\/es#\/schema\/logo\/image\/","url":"https:\/\/barcelonatours.net\/wp-content\/uploads\/2019\/04\/bcn_tours_logo-e1556215659835.png","contentUrl":"https:\/\/barcelonatours.net\/wp-content\/uploads\/2019\/04\/bcn_tours_logo-e1556215659835.png","width":250,"height":89,"caption":"Barcelona Tours"},"image":{"@id":"https:\/\/barcelonatours.net\/es#\/schema\/logo\/image\/"},"sameAs":["https:\/\/www.facebook.com\/BarcelonaTours.net\/","https:\/\/x.com\/BarcelonaTours1","https:\/\/www.instagram.com\/barcelonatours\/"]}]}},"_links":{"self":[{"href":"https:\/\/barcelonatours.net\/es\/wp-json\/wp\/v2\/product\/6909","targetHints":{"allow":["GET"]}}],"collection":[{"href":"https:\/\/barcelonatours.net\/es\/wp-json\/wp\/v2\/product"}],"about":[{"href":"https:\/\/barcelonatours.net\/es\/wp-json\/wp\/v2\/types\/product"}],"replies":[{"embeddable":true,"href":"https:\/\/barcelonatours.net\/es\/wp-json\/wp\/v2\/comments?post=6909"}],"version-history":[{"count":4,"href":"https:\/\/barcelonatours.net\/es\/wp-json\/wp\/v2\/product\/6909\/revisions"}],"predecessor-version":[{"id":16074,"href":"https:\/\/barcelonatours.net\/es\/wp-json\/wp\/v2\/product\/6909\/revisions\/16074"}],"wp:featuredmedia":[{"embeddable":true,"href":"https:\/\/barcelonatours.net\/es\/wp-json\/wp\/v2\/media\/7029"}],"wp:attachment":[{"href":"https:\/\/barcelonatours.net\/es\/wp-json\/wp\/v2\/media?parent=6909"}],"wp:term":[{"taxonomy":"product_brand","embeddable":true,"href":"https:\/\/barcelonatours.net\/es\/wp-json\/wp\/v2\/product_brand?post=6909"},{"taxonomy":"product_cat","embeddable":true,"href":"https:\/\/barcelonatours.net\/es\/wp-json\/wp\/v2\/product_cat?post=6909"},{"taxonomy":"product_tag","embeddable":true,"href":"https:\/\/barcelonatours.net\/es\/wp-json\/wp\/v2\/product_tag?post=6909"}],"curies":[{"name":"wp","href":"https:\/\/api.w.org\/{rel}","templated":true}]}}