{"id":5674,"date":"2019-07-23T12:38:32","date_gmt":"2019-07-23T10:38:32","guid":{"rendered":"https:\/\/barcelonatours.net\/product\/team-activity-the-basics-of-mosaics\/"},"modified":"2024-06-10T17:57:33","modified_gmt":"2024-06-10T15:57:33","slug":"team-activity-the-basics-of-mosaics","status":"publish","type":"product","link":"https:\/\/barcelonatours.net\/es\/team-building-en-barcelona\/taller-de-mosaicos","title":{"rendered":"Trencad\u00eds: taller de mosaicos en Barcelona"},"content":{"rendered":"<p>Reserva Trencad\u00eds: taller de mosaicos. Barcelona es mundialmente famosa por su arquitectura modernista y los dise\u00f1os de azulejos y mosaicos de Antonio Gaud\u00ed, que decoran con sus coloridas y atractivas formas muchos de sus edificios, ayudan a atraer a nuestra fascinante ciudad gente de todo el mundo.<\/p>\n<p>Desde la Casa Vicens, su primer encargo, hasta su obra maestra inacabada, La Sagrada Familia, los azulejos siempre han jugado un papel importante en el trabajo de Gaud\u00ed, y ahora te ofrecemos la oportunidad de conocer las bases del Trencad\u00eds, su particular t\u00e9cnica decorativa y crear tu propia obra de arte.<\/p>\n<h3>Barcelona Tours &#8211; Todo el paquete corporativo<\/h3>\n<p>Junto con nuestras actividades de\u00a0<a href=\"https:\/\/barcelonatours.net\/es\/team-building-en-barcelona\/\">team building<\/a>,te ofrecemos todo lo que necesitas para un incre\u00edble evento corporativo en Barcelona.\u00a0Por favor, visita la p\u00e1gina de Servicios corporativos para obtener informaci\u00f3n sobre todos los servicios de alta calidad que ofrecemos. Desde c\u00f3modos traslados con aire acondicionado al aeropuerto, hasta espacios privados para cenar en restaurantes espectaculares, a\u00f1adimos ese algo extra que har\u00e1 que tu evento sea excepcional y memorable.<\/p>\n<p><!--more--><\/p>\n<table class=\"table table-bordered tours-tabs__table\" style=\"width: 98.6374%; height: 114px;\" width=\"99.2947%\">\n<tbody>\n<tr style=\"height: 24px;\">\n<td style=\"width: 19.4853%; height: 24px;\"><strong>LUGAR DEL EVENTO<\/strong><\/td>\n<td style=\"width: 79.5343%; height: 24px;\">Depende del tama\u00f1o del grupo.<\/td>\n<\/tr>\n<tr style=\"height: 80px;\">\n<td style=\"width: 19.4853%; height: 80px;\"><strong>INCLUIDO<\/strong><\/td>\n<td style=\"width: 79.5343%; height: 80px;\">\n<table class=\"table table-bordered alignleft\" style=\"width: 0%; height: 120px;\" width=\"0%\">\n<tbody>\n<tr style=\"height: 24px;\">\n<td style=\"height: 24px; width: 100%;\"><i class=\"fa fa-check icon-tick icon-tick--on\"><\/i>Profesor<\/td>\n<\/tr>\n<tr style=\"height: 24px;\">\n<td style=\"height: 24px; width: 100%;\"><i class=\"fa fa-check icon-tick icon-tick--on\"><\/i>Lugar del evento<\/td>\n<\/tr>\n<tr style=\"height: 24px;\">\n<td style=\"width: 100%; height: 24px;\"><i class=\"fa fa-check icon-tick icon-tick--on\"><\/i>Asistente (s)<\/td>\n<\/tr>\n<tr style=\"height: 24px;\">\n<td style=\"width: 100%; height: 24px;\"><i class=\"fa fa-check icon-tick icon-tick--on\"><\/i>Materiales y herramientas<\/td>\n<\/tr>\n<tr style=\"height: 24px;\">\n<td style=\"width: 100%; height: 24px;\"><i class=\"fa fa-check icon-tick icon-tick--on\"><\/i>Bolsa de regalo.<\/td>\n<\/tr>\n<\/tbody>\n<\/table>\n<\/td>\n<\/tr>\n<tr style=\"height: 82px;\">\n<td style=\"width: 19.4853%; height: 10px;\"><b>NO INCLUIDO<\/b><\/td>\n<td style=\"width: 79.5343%; height: 10px;\">\n<table class=\"table table-bordered\" style=\"height: 34px; width: 0%;\" width=\"300\">\n<tbody>\n<tr style=\"height: 34px;\">\n<td style=\"width: 98.8048%; height: 34px;\">\n<table class=\"table table-bordered\" style=\"height: 10px; width: 0%;\" width=\"300\">\n<tbody>\n<tr>\n<td style=\"width: 383px;\"><i class=\"fa fa-times icon-tick icon-tick--off\"><\/i>Food &amp; drinks<\/td>\n<\/tr>\n<tr>\n<td style=\"width: 383px;\"><i class=\"fa fa-times icon-tick icon-tick--off\"><\/i>Transport to\/from the venue (ask for a quote).<\/td>\n<\/tr>\n<\/tbody>\n<\/table>\n<\/td>\n<\/tr>\n<\/tbody>\n<\/table>\n<\/td>\n<\/tr>\n<\/tbody>\n<\/table>\n<p>Como novedad para el 2019, nuestra actividad Trencad\u00eds: Taller de mosaicos fomenta el trabajo en equipo, la creatividad y el aprendizaje a trav\u00e9s del dise\u00f1o, la construcci\u00f3n y la creaci\u00f3n de una o varias piezas de mosaico.<\/p>\n<p>Esta actividad combina a la perfecci\u00f3n con un recorrido por la Barcelona de Gaud\u00ed; visita nuestra p\u00e1gina de Tours privados, donde encontrar\u00e1s todo lo que podemos ofrecerte, o ponte en contacto con nosotros para crear tu propia visita con un itinerario personalizado.<\/p>\n<p>Tambi\u00e9n podemos organizar una visita privada de una hora al Park G\u00fcell, posiblemente la muestra m\u00e1s espectacular del dise\u00f1o de mosaicos ornamentales de Gaud\u00ed. En diferentes partes del parque se encuentran zonas revestidas de mosaicos, como el balc\u00f3n de la plaza central, donde los asientos tienen la forma de una gigantesca serpiente marina o en la sala Hip\u00f3stila, justo debajo de la plaza, con su espectacular techo y sus famosas columnas recubiertas de quebradizos blancos.<\/p>\n<h2>Flexibilidad<\/h2>\n<p>\u00bfQu\u00e9 imagen quieres crear con mosaico? Puedes elegir entre un dise\u00f1o del profesor, un dise\u00f1o de tu equipo o el logo de tu empresa. Si deseas crear el logotipo o algo relacionado con tu empresa en colores espec\u00edficos, \u00a1es posible! Simplemente h\u00e1znoslo saber, y nos aseguraremos que en tu presupuesto se incluyan tambi\u00e9n los detalles del coste adicional por los colores personalizados.<\/p>\n<p>Si lo que deseas es que cada equipo haga una pieza de mosaico diferente, y m\u00e1s peque\u00f1a, tambi\u00e9n es posible. Ya sea una pieza colectiva o muchas piezas individuales, todos acabar\u00e1n sintiendo que han aprendido una nueva habilidad y que realmente el arte corre por sus venas.<\/p>\n<h2>Taller de mosaicos en Barcelona: \u00bfc\u00f3mo funciona?<\/h2>\n<p>Haz clic en la pesta\u00f1a \u00abItinerario\u00bb para ver un desglose completo de la actividad.<\/p>\n<h3>\u00a1Ponte hoy en contacto!<\/h3>\n<p>Ponte en contacto con nosotros para obtener un presupuesto personalizado basado en el n\u00famero de participantes:<a href=\"mailto:info@barcelonatours.net\">info@barcelonatours.net<\/a>.<\/p>\n<h2>Reserva si est\u00e1 buscando:<\/h2>\n<ul>\n<li>Actividades grupales en Barcelona<\/li>\n<li>Team building en Barcelona<\/li>\n<li>Actividades creativas en Barcelona.<\/li>\n<\/ul>\n","protected":false},"excerpt":{"rendered":"<p>\u00a1Aprende los conceptos b\u00e1sicos de esta antigua forma de arte haciendo tus propios dise\u00f1os de mosaico!<\/p>\n","protected":false},"featured_media":4716,"comment_status":"closed","ping_status":"closed","template":"","meta":{"footnotes":""},"product_brand":[],"product_cat":[3463],"product_tag":[],"class_list":{"0":"post-5674","1":"product","2":"type-product","3":"status-publish","4":"has-post-thumbnail","6":"product_cat-team-building-es","7":"tour_category-team-building-en-barcelona","9":"first","10":"instock","11":"virtual","12":"taxable","13":"purchasable","14":"product-type-tour"},"yoast_head":"<!-- This site is optimized with the Yoast SEO plugin v27.4 - https:\/\/yoast.com\/product\/yoast-seo-wordpress\/ -->\n<title>Actividad Team Building - Taller de Mosaicos - Arte | BarcelonaTours<\/title>\n<meta name=\"description\" content=\"Taller de Mosaicos es una actividad de trabajo en equipo para la creatividad y el aprendizaje mediante el dise\u00f1o y la creaci\u00f3n de una pieza de mosaico.\" \/>\n<meta name=\"robots\" content=\"index, follow, max-snippet:-1, max-image-preview:large, max-video-preview:-1\" \/>\n<link rel=\"canonical\" href=\"https:\/\/barcelonatours.net\/es\/team-building-en-barcelona\/taller-de-mosaicos\" \/>\n<meta property=\"og:locale\" content=\"es_ES\" \/>\n<meta property=\"og:type\" content=\"article\" \/>\n<meta property=\"og:title\" content=\"Actividad Team Building - Taller de Mosaicos - Arte | BarcelonaTours\" \/>\n<meta property=\"og:description\" content=\"Taller de Mosaicos es una actividad de trabajo en equipo para la creatividad y el aprendizaje mediante el dise\u00f1o y la creaci\u00f3n de una pieza de mosaico.\" \/>\n<meta property=\"og:url\" content=\"https:\/\/barcelonatours.net\/es\/team-building-en-barcelona\/taller-de-mosaicos\" \/>\n<meta property=\"og:site_name\" content=\"BarcelonaTours.net\" \/>\n<meta property=\"article:publisher\" content=\"https:\/\/www.facebook.com\/BarcelonaTours.net\/\" \/>\n<meta property=\"article:modified_time\" content=\"2024-06-10T15:57:33+00:00\" \/>\n<meta property=\"og:image\" content=\"https:\/\/barcelonatours.net\/wp-content\/uploads\/2019\/07\/IMG_7231-e1563880787657.jpg\" \/>\n\t<meta property=\"og:image:width\" content=\"2048\" \/>\n\t<meta property=\"og:image:height\" content=\"1536\" \/>\n\t<meta property=\"og:image:type\" content=\"image\/jpeg\" \/>\n<meta name=\"twitter:card\" content=\"summary_large_image\" \/>\n<meta name=\"twitter:site\" content=\"@BarcelonaTours1\" \/>\n<meta name=\"twitter:label1\" content=\"Tiempo de lectura\" \/>\n\t<meta name=\"twitter:data1\" content=\"3 minutos\" \/>\n<script type=\"application\/ld+json\" class=\"yoast-schema-graph\">{\"@context\":\"https:\\\/\\\/schema.org\",\"@graph\":[{\"@type\":\"WebPage\",\"@id\":\"https:\\\/\\\/barcelonatours.net\\\/es\\\/team-building-en-barcelona\\\/taller-de-mosaicos\",\"url\":\"https:\\\/\\\/barcelonatours.net\\\/es\\\/team-building-en-barcelona\\\/taller-de-mosaicos\",\"name\":\"Actividad Team Building - Taller de Mosaicos - Arte | BarcelonaTours\",\"isPartOf\":{\"@id\":\"https:\\\/\\\/barcelonatours.net\\\/es#website\"},\"primaryImageOfPage\":{\"@id\":\"https:\\\/\\\/barcelonatours.net\\\/es\\\/team-building-en-barcelona\\\/taller-de-mosaicos#primaryimage\"},\"image\":{\"@id\":\"https:\\\/\\\/barcelonatours.net\\\/es\\\/team-building-en-barcelona\\\/taller-de-mosaicos#primaryimage\"},\"thumbnailUrl\":\"https:\\\/\\\/barcelonatours.net\\\/wp-content\\\/uploads\\\/2019\\\/07\\\/IMG_7231-e1563880787657.jpg\",\"datePublished\":\"2019-07-23T10:38:32+00:00\",\"dateModified\":\"2024-06-10T15:57:33+00:00\",\"description\":\"Taller de Mosaicos es una actividad de trabajo en equipo para la creatividad y el aprendizaje mediante el dise\u00f1o y la creaci\u00f3n de una pieza de mosaico.\",\"breadcrumb\":{\"@id\":\"https:\\\/\\\/barcelonatours.net\\\/es\\\/team-building-en-barcelona\\\/taller-de-mosaicos#breadcrumb\"},\"inLanguage\":\"es\",\"potentialAction\":[{\"@type\":\"ReadAction\",\"target\":[\"https:\\\/\\\/barcelonatours.net\\\/es\\\/team-building-en-barcelona\\\/taller-de-mosaicos\"]}]},{\"@type\":\"ImageObject\",\"inLanguage\":\"es\",\"@id\":\"https:\\\/\\\/barcelonatours.net\\\/es\\\/team-building-en-barcelona\\\/taller-de-mosaicos#primaryimage\",\"url\":\"https:\\\/\\\/barcelonatours.net\\\/wp-content\\\/uploads\\\/2019\\\/07\\\/IMG_7231-e1563880787657.jpg\",\"contentUrl\":\"https:\\\/\\\/barcelonatours.net\\\/wp-content\\\/uploads\\\/2019\\\/07\\\/IMG_7231-e1563880787657.jpg\",\"width\":2048,\"height\":1536,\"caption\":\"Group Mosaic Class\"},{\"@type\":\"BreadcrumbList\",\"@id\":\"https:\\\/\\\/barcelonatours.net\\\/es\\\/team-building-en-barcelona\\\/taller-de-mosaicos#breadcrumb\",\"itemListElement\":[{\"@type\":\"ListItem\",\"position\":1,\"name\":\"Home\",\"item\":\"https:\\\/\\\/barcelonatours.net\\\/es\"},{\"@type\":\"ListItem\",\"position\":2,\"name\":\"Shop\",\"item\":\"https:\\\/\\\/barcelonatours.net\\\/shop\"},{\"@type\":\"ListItem\",\"position\":3,\"name\":\"Trencad\u00eds: taller de mosaicos en Barcelona\"}]},{\"@type\":\"WebSite\",\"@id\":\"https:\\\/\\\/barcelonatours.net\\\/es#website\",\"url\":\"https:\\\/\\\/barcelonatours.net\\\/es\",\"name\":\"BarcelonaTours.net\",\"description\":\"The best tours and team building activities of Barcelona\",\"publisher\":{\"@id\":\"https:\\\/\\\/barcelonatours.net\\\/es#organization\"},\"alternateName\":\"Corporate event agency based in Barcelona\",\"potentialAction\":[{\"@type\":\"SearchAction\",\"target\":{\"@type\":\"EntryPoint\",\"urlTemplate\":\"https:\\\/\\\/barcelonatours.net\\\/es?s={search_term_string}\"},\"query-input\":{\"@type\":\"PropertyValueSpecification\",\"valueRequired\":true,\"valueName\":\"search_term_string\"}}],\"inLanguage\":\"es\"},{\"@type\":\"Organization\",\"@id\":\"https:\\\/\\\/barcelonatours.net\\\/es#organization\",\"name\":\"Barcelona Tours\",\"url\":\"https:\\\/\\\/barcelonatours.net\\\/es\",\"logo\":{\"@type\":\"ImageObject\",\"inLanguage\":\"es\",\"@id\":\"https:\\\/\\\/barcelonatours.net\\\/es#\\\/schema\\\/logo\\\/image\\\/\",\"url\":\"https:\\\/\\\/barcelonatours.net\\\/wp-content\\\/uploads\\\/2019\\\/04\\\/bcn_tours_logo-e1556215659835.png\",\"contentUrl\":\"https:\\\/\\\/barcelonatours.net\\\/wp-content\\\/uploads\\\/2019\\\/04\\\/bcn_tours_logo-e1556215659835.png\",\"width\":250,\"height\":89,\"caption\":\"Barcelona Tours\"},\"image\":{\"@id\":\"https:\\\/\\\/barcelonatours.net\\\/es#\\\/schema\\\/logo\\\/image\\\/\"},\"sameAs\":[\"https:\\\/\\\/www.facebook.com\\\/BarcelonaTours.net\\\/\",\"https:\\\/\\\/x.com\\\/BarcelonaTours1\",\"https:\\\/\\\/www.instagram.com\\\/barcelonatours\\\/\"]}]}<\/script>\n<!-- \/ Yoast SEO plugin. -->","yoast_head_json":{"title":"Actividad Team Building - Taller de Mosaicos - Arte | BarcelonaTours","description":"Taller de Mosaicos es una actividad de trabajo en equipo para la creatividad y el aprendizaje mediante el dise\u00f1o y la creaci\u00f3n de una pieza de mosaico.","robots":{"index":"index","follow":"follow","max-snippet":"max-snippet:-1","max-image-preview":"max-image-preview:large","max-video-preview":"max-video-preview:-1"},"canonical":"https:\/\/barcelonatours.net\/es\/team-building-en-barcelona\/taller-de-mosaicos","og_locale":"es_ES","og_type":"article","og_title":"Actividad Team Building - Taller de Mosaicos - Arte | BarcelonaTours","og_description":"Taller de Mosaicos es una actividad de trabajo en equipo para la creatividad y el aprendizaje mediante el dise\u00f1o y la creaci\u00f3n de una pieza de mosaico.","og_url":"https:\/\/barcelonatours.net\/es\/team-building-en-barcelona\/taller-de-mosaicos","og_site_name":"BarcelonaTours.net","article_publisher":"https:\/\/www.facebook.com\/BarcelonaTours.net\/","article_modified_time":"2024-06-10T15:57:33+00:00","og_image":[{"width":2048,"height":1536,"url":"https:\/\/barcelonatours.net\/wp-content\/uploads\/2019\/07\/IMG_7231-e1563880787657.jpg","type":"image\/jpeg"}],"twitter_card":"summary_large_image","twitter_site":"@BarcelonaTours1","twitter_misc":{"Tiempo de lectura":"3 minutos"},"schema":{"@context":"https:\/\/schema.org","@graph":[{"@type":"WebPage","@id":"https:\/\/barcelonatours.net\/es\/team-building-en-barcelona\/taller-de-mosaicos","url":"https:\/\/barcelonatours.net\/es\/team-building-en-barcelona\/taller-de-mosaicos","name":"Actividad Team Building - Taller de Mosaicos - Arte | BarcelonaTours","isPartOf":{"@id":"https:\/\/barcelonatours.net\/es#website"},"primaryImageOfPage":{"@id":"https:\/\/barcelonatours.net\/es\/team-building-en-barcelona\/taller-de-mosaicos#primaryimage"},"image":{"@id":"https:\/\/barcelonatours.net\/es\/team-building-en-barcelona\/taller-de-mosaicos#primaryimage"},"thumbnailUrl":"https:\/\/barcelonatours.net\/wp-content\/uploads\/2019\/07\/IMG_7231-e1563880787657.jpg","datePublished":"2019-07-23T10:38:32+00:00","dateModified":"2024-06-10T15:57:33+00:00","description":"Taller de Mosaicos es una actividad de trabajo en equipo para la creatividad y el aprendizaje mediante el dise\u00f1o y la creaci\u00f3n de una pieza de mosaico.","breadcrumb":{"@id":"https:\/\/barcelonatours.net\/es\/team-building-en-barcelona\/taller-de-mosaicos#breadcrumb"},"inLanguage":"es","potentialAction":[{"@type":"ReadAction","target":["https:\/\/barcelonatours.net\/es\/team-building-en-barcelona\/taller-de-mosaicos"]}]},{"@type":"ImageObject","inLanguage":"es","@id":"https:\/\/barcelonatours.net\/es\/team-building-en-barcelona\/taller-de-mosaicos#primaryimage","url":"https:\/\/barcelonatours.net\/wp-content\/uploads\/2019\/07\/IMG_7231-e1563880787657.jpg","contentUrl":"https:\/\/barcelonatours.net\/wp-content\/uploads\/2019\/07\/IMG_7231-e1563880787657.jpg","width":2048,"height":1536,"caption":"Group Mosaic Class"},{"@type":"BreadcrumbList","@id":"https:\/\/barcelonatours.net\/es\/team-building-en-barcelona\/taller-de-mosaicos#breadcrumb","itemListElement":[{"@type":"ListItem","position":1,"name":"Home","item":"https:\/\/barcelonatours.net\/es"},{"@type":"ListItem","position":2,"name":"Shop","item":"https:\/\/barcelonatours.net\/shop"},{"@type":"ListItem","position":3,"name":"Trencad\u00eds: taller de mosaicos en Barcelona"}]},{"@type":"WebSite","@id":"https:\/\/barcelonatours.net\/es#website","url":"https:\/\/barcelonatours.net\/es","name":"BarcelonaTours.net","description":"The best tours and team building activities of Barcelona","publisher":{"@id":"https:\/\/barcelonatours.net\/es#organization"},"alternateName":"Corporate event agency based in Barcelona","potentialAction":[{"@type":"SearchAction","target":{"@type":"EntryPoint","urlTemplate":"https:\/\/barcelonatours.net\/es?s={search_term_string}"},"query-input":{"@type":"PropertyValueSpecification","valueRequired":true,"valueName":"search_term_string"}}],"inLanguage":"es"},{"@type":"Organization","@id":"https:\/\/barcelonatours.net\/es#organization","name":"Barcelona Tours","url":"https:\/\/barcelonatours.net\/es","logo":{"@type":"ImageObject","inLanguage":"es","@id":"https:\/\/barcelonatours.net\/es#\/schema\/logo\/image\/","url":"https:\/\/barcelonatours.net\/wp-content\/uploads\/2019\/04\/bcn_tours_logo-e1556215659835.png","contentUrl":"https:\/\/barcelonatours.net\/wp-content\/uploads\/2019\/04\/bcn_tours_logo-e1556215659835.png","width":250,"height":89,"caption":"Barcelona Tours"},"image":{"@id":"https:\/\/barcelonatours.net\/es#\/schema\/logo\/image\/"},"sameAs":["https:\/\/www.facebook.com\/BarcelonaTours.net\/","https:\/\/x.com\/BarcelonaTours1","https:\/\/www.instagram.com\/barcelonatours\/"]}]}},"_links":{"self":[{"href":"https:\/\/barcelonatours.net\/es\/wp-json\/wp\/v2\/product\/5674","targetHints":{"allow":["GET"]}}],"collection":[{"href":"https:\/\/barcelonatours.net\/es\/wp-json\/wp\/v2\/product"}],"about":[{"href":"https:\/\/barcelonatours.net\/es\/wp-json\/wp\/v2\/types\/product"}],"replies":[{"embeddable":true,"href":"https:\/\/barcelonatours.net\/es\/wp-json\/wp\/v2\/comments?post=5674"}],"version-history":[{"count":0,"href":"https:\/\/barcelonatours.net\/es\/wp-json\/wp\/v2\/product\/5674\/revisions"}],"wp:featuredmedia":[{"embeddable":true,"href":"https:\/\/barcelonatours.net\/es\/wp-json\/wp\/v2\/media\/4716"}],"wp:attachment":[{"href":"https:\/\/barcelonatours.net\/es\/wp-json\/wp\/v2\/media?parent=5674"}],"wp:term":[{"taxonomy":"product_brand","embeddable":true,"href":"https:\/\/barcelonatours.net\/es\/wp-json\/wp\/v2\/product_brand?post=5674"},{"taxonomy":"product_cat","embeddable":true,"href":"https:\/\/barcelonatours.net\/es\/wp-json\/wp\/v2\/product_cat?post=5674"},{"taxonomy":"product_tag","embeddable":true,"href":"https:\/\/barcelonatours.net\/es\/wp-json\/wp\/v2\/product_tag?post=5674"}],"curies":[{"name":"wp","href":"https:\/\/api.w.org\/{rel}","templated":true}]}}