{"id":5673,"date":"2019-07-23T13:41:54","date_gmt":"2019-07-23T11:41:54","guid":{"rendered":"https:\/\/barcelonatours.net\/product\/barcelona-walking-and-boat-tour\/"},"modified":"2024-06-10T17:59:54","modified_gmt":"2024-06-10T15:59:54","slug":"barcelona-walking-and-boat-tour","status":"publish","type":"product","link":"https:\/\/barcelonatours.net\/es\/team-building-en-barcelona\/tour-tierra-mar","title":{"rendered":"Tour por tierra y mar en Barcelona"},"content":{"rendered":"<p><strong>Reserva un recorrido a pie por Barcelona y un paseo en barco<\/strong>: la combinaci\u00f3n perfecta de turismo y relajaci\u00f3n.<\/p>\n<p><!--more--><\/p>\n<table class=\"table table-bordered tours-tabs__table\" style=\"width: 98.6374%; height: 114px;\" width=\"99.2947%\">\n<tbody>\n<tr style=\"height: 24px;\">\n<td style=\"width: 21.0088%; height: 24px;\"><strong>PUNTO DE ENCUENTRO<\/strong><\/td>\n<td style=\"width: 78.0108%; height: 24px;\">El Born<\/td>\n<\/tr>\n<tr style=\"height: 80px;\">\n<td style=\"width: 21.0088%; height: 80px;\"><strong>INCLUIDO<\/strong><\/td>\n<td style=\"width: 78.0108%; height: 80px;\">\n<table class=\"table table-bordered alignleft\" style=\"width: 0%; height: 24px;\" width=\"0%\">\n<tbody>\n<tr style=\"height: 24px;\">\n<td style=\"height: 24px; width: 100%;\"><i class=\"fa fa-check icon-tick icon-tick--on\"><\/i>Tour privado de 90 minutos por el casco antiguo de Barcelona<\/td>\n<\/tr>\n<tr>\n<td style=\"width: 100%;\"><i class=\"fa fa-check icon-tick icon-tick--on\"><\/i>Viaje de una hora a bordo del \u201cGineta\u201d.<\/td>\n<\/tr>\n<\/tbody>\n<\/table>\n<\/td>\n<\/tr>\n<tr style=\"height: 82px;\">\n<td style=\"width: 21.0088%; height: 10px;\"><b>NO INCLUIDO<\/b><\/td>\n<td style=\"width: 78.0108%; height: 10px;\">\n<table class=\"table table-bordered\" style=\"height: 34px; width: 0%;\" width=\"300\">\n<tbody>\n<tr style=\"height: 34px;\">\n<td style=\"width: 98.8048%; height: 34px;\">\n<table class=\"table table-bordered\" style=\"height: 72px; width: 0%;\" width=\"300\">\n<tbody>\n<tr style=\"height: 24px;\">\n<td style=\"width: 383px; height: 24px;\"><i class=\"fa fa-times icon-tick icon-tick--off\"><\/i>Comida y bebidas<\/td>\n<\/tr>\n<tr style=\"height: 48px;\">\n<td style=\"width: 383px; height: 48px;\"><i class=\"fa fa-times icon-tick icon-tick--off\"><\/i>Traslados hacia\/desde el Tour (solicite un presupuesto).<\/td>\n<\/tr>\n<\/tbody>\n<\/table>\n<\/td>\n<\/tr>\n<\/tbody>\n<\/table>\n<\/td>\n<\/tr>\n<\/tbody>\n<\/table>\n<h2>Tour por tierra y mar en Barcelona: una maravilla del Mediterr\u00e1neo<\/h2>\n<p>Barcelona est\u00e1 impregnada de historia: \u00a12000 a\u00f1os de historia para ser exactos! y un tour oficial por la ciudad siempre mejora y enriquece su visita.<\/p>\n<p>Cada parte de Barcelona atesora un pedazo de historia, algo de lo que ha ocurrido en la ciudad a lo largo de los a\u00f1os, desde el barrio medieval del Born, donde las calles todav\u00eda llevan el nombre de los gremios de artesanos, hasta el maravilloso barrio del Eixample, que se convirti\u00f3 a principios del siglo XX en el emblema de la modernidad, con sus calles bien organizadas y su arquitectura modernista.<\/p>\n<p>Este tour os ofrece a tu grupo y a ti la oportunidad de ver Barcelona desde muchos puntos de vista diferentes y escuchar una gran cantidad de historias. Explorar\u00e1s tres zonas ic\u00f3nicas de Barcelona: el Born (tambi\u00e9n conocido como parte del barrio de La Ribera), el Barrio G\u00f3tico y el barrio de la Barceloneta.<\/p>\n<p>Una vez que hayas terminado de visitar estas hermosas y cautivadoras zonas de la ciudad, te dirigir\u00e1s al puerto y te embarcar\u00e1s a bordo del \u201cGineta\u201d, un gale\u00f3n de estilo tradicional, para hacerte a la mar como lo har\u00eda un marinero en la \u00e9poca medieval (\u00a1Sin incluir el escorbuto y los barriles de ron!).<\/p>\n<h2>Caminando por Barcelona: donde la historia cobra vida<\/h2>\n<p>Estos barrios tan emblem\u00e1ticos de Barcelona pueden parecer separados, pero el Barrio G\u00f3tico, el barrio medieval del Born y el distrito de La Barceloneta est\u00e1n a poca distancia el uno del otro y son tambi\u00e9n los barrios donde podr\u00e1s encontrar una mayor concentraci\u00f3n de fascinantes lugares hist\u00f3ricos.<\/p>\n<p>Si bien ahora hay una gran y moderna calle comercial y multitud de caf\u00e9s tur\u00edsticos, el Barrio G\u00f3tico todav\u00eda conserva rasgos originales de la \u00e9poca romana, incluyendo restos de la antigua muralla de la ciudad y cuatro columnas romanas que est\u00e1n \u201csecuestradas\u201d detr\u00e1s de la Catedral. A\u00f1ade a esto hermosas plazas, como la Plaza de Sant Jaume donde se encuentran el Ayuntamiento y el Parlament, impresionantes y variados estilos arquitect\u00f3nicos, dispersos por las sinuosas calles, e historias, tanto de conquistadores como de gente com\u00fan, escondidas en cada esquina\u2026<\/p>\n<p>El barrio del Born contiene gran parte de la historia mar\u00edtima de Barcelona, ya que aqu\u00ed es donde llegaban los barcos antes de que la pen\u00ednsula artificial de la Barceloneta se a\u00f1adiera a la ciudad. Puedes imaginar el ajetreo y el bullicio, los extra\u00f1os sonidos y olores que llenaban el aire. Tu gu\u00eda te llevar\u00e1 desde aqu\u00ed al barrio de la Barceloneta y luego hasta el puerto.<\/p>\n<h3>Navegando en Barcelona: relajaci\u00f3n garantizada<\/h3>\n<p>\u201cGineta\u201d es una embarcaci\u00f3n cl\u00e1sica con exterior de madera y decoraci\u00f3n tradicional. Con asientos tanto en el interior como en el exterior, puedes elegir entre sentarte dentro y mirar por la ventana el Skyline de Barcelona, o admirar la vista al aire libre desde la cubierta. Es el lugar perfecto para charlar y conocer a tus compa\u00f1eros de trabajo mientras contemplas la ciudad que acabas de explorar a pie.<\/p>\n<p>El barco tiene capacidad para 80 personas, por lo que hay mucho espacio para todos.<\/p>\n<h2>Reserva si est\u00e1s buscando:<\/h2>\n<ul>\n<li>Actividades grupales en Barcelona<\/li>\n<li>Team Building en Barcelona<\/li>\n<li>Tours privados en Barcelona.<\/li>\n<\/ul>\n<h3>Team Building en Barcelona<\/h3>\n<p>Please visit our <a href=\"https:\/\/barcelonatours.net\/es\/team-building-en-barcelona\/\">actividades Team Building<\/a> para obtener m\u00e1s ideas para tu grupo. Para conocer m\u00e1s experiencias a bordo del \u201cGineta\u201d, consulta nuestra actividad de <a href=\"https:\/\/barcelonatours.net\/es\/team-building-en-barcelona\/experiencia-gourmet-en-el-mar\">Navegaci\u00f3n y tapas<\/a> o <a href=\"https:\/\/barcelonatours.net\/es\/team-building-en-barcelona\/paseo-por-mar-tour-bodega\/\">Navegaci\u00f3n y tour por una bodega en Barcelona<\/a>.<\/p>\n<p><b>Ponte hoy en contacto con uno de los miembros de nuestro equipo para obtener m\u00e1s informaci\u00f3n:<\/b>\u00a0<a href=\"mailto:info@barcelonatours.net\">info@barcelonatours.net<\/a>\u00a0o 0034 935 008 226.<\/p>\n","protected":false},"excerpt":{"rendered":"<p>\u00a1La actividad perfecta para grupos que tienen poco tiempo y quieren experimentar Barcelona en tierra y mar!<\/p>\n","protected":false},"featured_media":14847,"comment_status":"closed","ping_status":"closed","template":"","meta":{"footnotes":""},"product_brand":[],"product_cat":[3463],"product_tag":[],"class_list":{"0":"post-5673","1":"product","2":"type-product","3":"status-publish","4":"has-post-thumbnail","6":"product_cat-team-building-es","7":"tour_category-boat-trips-es","8":"tour_category-team-building-en-barcelona","10":"first","11":"instock","12":"virtual","13":"taxable","14":"purchasable","15":"product-type-tour"},"yoast_head":"<!-- This site is optimized with the Yoast SEO plugin v27.3 - https:\/\/yoast.com\/product\/yoast-seo-wordpress\/ -->\n<title>Barcelona actividad team-building - Tour de pie | BarcelonaTours<\/title>\n<meta name=\"description\" content=\"Este recorrido a pie por Barcelona y paseo en barco le muestra los dos lados de Barcelona: camine por el Born antes de abordar un gale\u00f3n.\" \/>\n<meta name=\"robots\" content=\"index, follow, max-snippet:-1, max-image-preview:large, max-video-preview:-1\" \/>\n<link rel=\"canonical\" href=\"https:\/\/barcelonatours.net\/es\/team-building-en-barcelona\/tour-tierra-mar\" \/>\n<meta property=\"og:locale\" content=\"es_ES\" \/>\n<meta property=\"og:type\" content=\"article\" \/>\n<meta property=\"og:title\" content=\"Barcelona actividad team-building - Tour de pie | BarcelonaTours\" \/>\n<meta property=\"og:description\" content=\"Este recorrido a pie por Barcelona y paseo en barco le muestra los dos lados de Barcelona: camine por el Born antes de abordar un gale\u00f3n.\" \/>\n<meta property=\"og:url\" content=\"https:\/\/barcelonatours.net\/es\/team-building-en-barcelona\/tour-tierra-mar\" \/>\n<meta property=\"og:site_name\" content=\"BarcelonaTours.net\" \/>\n<meta property=\"article:publisher\" content=\"https:\/\/www.facebook.com\/BarcelonaTours.net\/\" \/>\n<meta property=\"article:modified_time\" content=\"2024-06-10T15:59:54+00:00\" \/>\n<meta property=\"og:image\" content=\"https:\/\/barcelonatours.net\/wp-content\/uploads\/2019\/07\/KARYA_127-e1563884544679.jpg\" \/>\n\t<meta property=\"og:image:width\" content=\"1670\" \/>\n\t<meta property=\"og:image:height\" content=\"868\" \/>\n\t<meta property=\"og:image:type\" content=\"image\/jpeg\" \/>\n<meta name=\"twitter:card\" content=\"summary_large_image\" \/>\n<meta name=\"twitter:site\" content=\"@BarcelonaTours1\" \/>\n<meta name=\"twitter:label1\" content=\"Tiempo de lectura\" \/>\n\t<meta name=\"twitter:data1\" content=\"4 minutos\" \/>\n<script type=\"application\/ld+json\" class=\"yoast-schema-graph\">{\"@context\":\"https:\\\/\\\/schema.org\",\"@graph\":[{\"@type\":\"WebPage\",\"@id\":\"https:\\\/\\\/barcelonatours.net\\\/es\\\/team-building-en-barcelona\\\/tour-tierra-mar\",\"url\":\"https:\\\/\\\/barcelonatours.net\\\/es\\\/team-building-en-barcelona\\\/tour-tierra-mar\",\"name\":\"Barcelona actividad team-building - Tour de pie | BarcelonaTours\",\"isPartOf\":{\"@id\":\"https:\\\/\\\/barcelonatours.net\\\/es#website\"},\"primaryImageOfPage\":{\"@id\":\"https:\\\/\\\/barcelonatours.net\\\/es\\\/team-building-en-barcelona\\\/tour-tierra-mar#primaryimage\"},\"image\":{\"@id\":\"https:\\\/\\\/barcelonatours.net\\\/es\\\/team-building-en-barcelona\\\/tour-tierra-mar#primaryimage\"},\"thumbnailUrl\":\"https:\\\/\\\/barcelonatours.net\\\/wp-content\\\/uploads\\\/2025\\\/05\\\/Sail-boat-1-.jpg\",\"datePublished\":\"2019-07-23T11:41:54+00:00\",\"dateModified\":\"2024-06-10T15:59:54+00:00\",\"description\":\"Este recorrido a pie por Barcelona y paseo en barco le muestra los dos lados de Barcelona: camine por el Born antes de abordar un gale\u00f3n.\",\"breadcrumb\":{\"@id\":\"https:\\\/\\\/barcelonatours.net\\\/es\\\/team-building-en-barcelona\\\/tour-tierra-mar#breadcrumb\"},\"inLanguage\":\"es\",\"potentialAction\":[{\"@type\":\"ReadAction\",\"target\":[\"https:\\\/\\\/barcelonatours.net\\\/es\\\/team-building-en-barcelona\\\/tour-tierra-mar\"]}]},{\"@type\":\"ImageObject\",\"inLanguage\":\"es\",\"@id\":\"https:\\\/\\\/barcelonatours.net\\\/es\\\/team-building-en-barcelona\\\/tour-tierra-mar#primaryimage\",\"url\":\"https:\\\/\\\/barcelonatours.net\\\/wp-content\\\/uploads\\\/2025\\\/05\\\/Sail-boat-1-.jpg\",\"contentUrl\":\"https:\\\/\\\/barcelonatours.net\\\/wp-content\\\/uploads\\\/2025\\\/05\\\/Sail-boat-1-.jpg\",\"width\":1600,\"height\":1200,\"caption\":\"Team building activity in private boat in Barcelona\"},{\"@type\":\"BreadcrumbList\",\"@id\":\"https:\\\/\\\/barcelonatours.net\\\/es\\\/team-building-en-barcelona\\\/tour-tierra-mar#breadcrumb\",\"itemListElement\":[{\"@type\":\"ListItem\",\"position\":1,\"name\":\"Home\",\"item\":\"https:\\\/\\\/barcelonatours.net\\\/es\"},{\"@type\":\"ListItem\",\"position\":2,\"name\":\"Shop\",\"item\":\"https:\\\/\\\/barcelonatours.net\\\/shop\"},{\"@type\":\"ListItem\",\"position\":3,\"name\":\"Tour por tierra y mar en Barcelona\"}]},{\"@type\":\"WebSite\",\"@id\":\"https:\\\/\\\/barcelonatours.net\\\/es#website\",\"url\":\"https:\\\/\\\/barcelonatours.net\\\/es\",\"name\":\"BarcelonaTours.net\",\"description\":\"The best tours and team building activities of Barcelona\",\"publisher\":{\"@id\":\"https:\\\/\\\/barcelonatours.net\\\/es#organization\"},\"potentialAction\":[{\"@type\":\"SearchAction\",\"target\":{\"@type\":\"EntryPoint\",\"urlTemplate\":\"https:\\\/\\\/barcelonatours.net\\\/es?s={search_term_string}\"},\"query-input\":{\"@type\":\"PropertyValueSpecification\",\"valueRequired\":true,\"valueName\":\"search_term_string\"}}],\"inLanguage\":\"es\"},{\"@type\":\"Organization\",\"@id\":\"https:\\\/\\\/barcelonatours.net\\\/es#organization\",\"name\":\"Barcelona Tours\",\"url\":\"https:\\\/\\\/barcelonatours.net\\\/es\",\"logo\":{\"@type\":\"ImageObject\",\"inLanguage\":\"es\",\"@id\":\"https:\\\/\\\/barcelonatours.net\\\/es#\\\/schema\\\/logo\\\/image\\\/\",\"url\":\"https:\\\/\\\/barcelonatours.net\\\/wp-content\\\/uploads\\\/2019\\\/04\\\/bcn_tours_logo-e1556215659835.png\",\"contentUrl\":\"https:\\\/\\\/barcelonatours.net\\\/wp-content\\\/uploads\\\/2019\\\/04\\\/bcn_tours_logo-e1556215659835.png\",\"width\":250,\"height\":89,\"caption\":\"Barcelona Tours\"},\"image\":{\"@id\":\"https:\\\/\\\/barcelonatours.net\\\/es#\\\/schema\\\/logo\\\/image\\\/\"},\"sameAs\":[\"https:\\\/\\\/www.facebook.com\\\/BarcelonaTours.net\\\/\",\"https:\\\/\\\/x.com\\\/BarcelonaTours1\",\"https:\\\/\\\/www.instagram.com\\\/barcelonatours\\\/\"]}]}<\/script>\n<!-- \/ Yoast SEO plugin. -->","yoast_head_json":{"title":"Barcelona actividad team-building - Tour de pie | BarcelonaTours","description":"Este recorrido a pie por Barcelona y paseo en barco le muestra los dos lados de Barcelona: camine por el Born antes de abordar un gale\u00f3n.","robots":{"index":"index","follow":"follow","max-snippet":"max-snippet:-1","max-image-preview":"max-image-preview:large","max-video-preview":"max-video-preview:-1"},"canonical":"https:\/\/barcelonatours.net\/es\/team-building-en-barcelona\/tour-tierra-mar","og_locale":"es_ES","og_type":"article","og_title":"Barcelona actividad team-building - Tour de pie | BarcelonaTours","og_description":"Este recorrido a pie por Barcelona y paseo en barco le muestra los dos lados de Barcelona: camine por el Born antes de abordar un gale\u00f3n.","og_url":"https:\/\/barcelonatours.net\/es\/team-building-en-barcelona\/tour-tierra-mar","og_site_name":"BarcelonaTours.net","article_publisher":"https:\/\/www.facebook.com\/BarcelonaTours.net\/","article_modified_time":"2024-06-10T15:59:54+00:00","og_image":[{"width":1670,"height":868,"url":"https:\/\/barcelonatours.net\/wp-content\/uploads\/2019\/07\/KARYA_127-e1563884544679.jpg","type":"image\/jpeg"}],"twitter_card":"summary_large_image","twitter_site":"@BarcelonaTours1","twitter_misc":{"Tiempo de lectura":"4 minutos"},"schema":{"@context":"https:\/\/schema.org","@graph":[{"@type":"WebPage","@id":"https:\/\/barcelonatours.net\/es\/team-building-en-barcelona\/tour-tierra-mar","url":"https:\/\/barcelonatours.net\/es\/team-building-en-barcelona\/tour-tierra-mar","name":"Barcelona actividad team-building - Tour de pie | BarcelonaTours","isPartOf":{"@id":"https:\/\/barcelonatours.net\/es#website"},"primaryImageOfPage":{"@id":"https:\/\/barcelonatours.net\/es\/team-building-en-barcelona\/tour-tierra-mar#primaryimage"},"image":{"@id":"https:\/\/barcelonatours.net\/es\/team-building-en-barcelona\/tour-tierra-mar#primaryimage"},"thumbnailUrl":"https:\/\/barcelonatours.net\/wp-content\/uploads\/2025\/05\/Sail-boat-1-.jpg","datePublished":"2019-07-23T11:41:54+00:00","dateModified":"2024-06-10T15:59:54+00:00","description":"Este recorrido a pie por Barcelona y paseo en barco le muestra los dos lados de Barcelona: camine por el Born antes de abordar un gale\u00f3n.","breadcrumb":{"@id":"https:\/\/barcelonatours.net\/es\/team-building-en-barcelona\/tour-tierra-mar#breadcrumb"},"inLanguage":"es","potentialAction":[{"@type":"ReadAction","target":["https:\/\/barcelonatours.net\/es\/team-building-en-barcelona\/tour-tierra-mar"]}]},{"@type":"ImageObject","inLanguage":"es","@id":"https:\/\/barcelonatours.net\/es\/team-building-en-barcelona\/tour-tierra-mar#primaryimage","url":"https:\/\/barcelonatours.net\/wp-content\/uploads\/2025\/05\/Sail-boat-1-.jpg","contentUrl":"https:\/\/barcelonatours.net\/wp-content\/uploads\/2025\/05\/Sail-boat-1-.jpg","width":1600,"height":1200,"caption":"Team building activity in private boat in Barcelona"},{"@type":"BreadcrumbList","@id":"https:\/\/barcelonatours.net\/es\/team-building-en-barcelona\/tour-tierra-mar#breadcrumb","itemListElement":[{"@type":"ListItem","position":1,"name":"Home","item":"https:\/\/barcelonatours.net\/es"},{"@type":"ListItem","position":2,"name":"Shop","item":"https:\/\/barcelonatours.net\/shop"},{"@type":"ListItem","position":3,"name":"Tour por tierra y mar en Barcelona"}]},{"@type":"WebSite","@id":"https:\/\/barcelonatours.net\/es#website","url":"https:\/\/barcelonatours.net\/es","name":"BarcelonaTours.net","description":"The best tours and team building activities of Barcelona","publisher":{"@id":"https:\/\/barcelonatours.net\/es#organization"},"potentialAction":[{"@type":"SearchAction","target":{"@type":"EntryPoint","urlTemplate":"https:\/\/barcelonatours.net\/es?s={search_term_string}"},"query-input":{"@type":"PropertyValueSpecification","valueRequired":true,"valueName":"search_term_string"}}],"inLanguage":"es"},{"@type":"Organization","@id":"https:\/\/barcelonatours.net\/es#organization","name":"Barcelona Tours","url":"https:\/\/barcelonatours.net\/es","logo":{"@type":"ImageObject","inLanguage":"es","@id":"https:\/\/barcelonatours.net\/es#\/schema\/logo\/image\/","url":"https:\/\/barcelonatours.net\/wp-content\/uploads\/2019\/04\/bcn_tours_logo-e1556215659835.png","contentUrl":"https:\/\/barcelonatours.net\/wp-content\/uploads\/2019\/04\/bcn_tours_logo-e1556215659835.png","width":250,"height":89,"caption":"Barcelona Tours"},"image":{"@id":"https:\/\/barcelonatours.net\/es#\/schema\/logo\/image\/"},"sameAs":["https:\/\/www.facebook.com\/BarcelonaTours.net\/","https:\/\/x.com\/BarcelonaTours1","https:\/\/www.instagram.com\/barcelonatours\/"]}]}},"_links":{"self":[{"href":"https:\/\/barcelonatours.net\/es\/wp-json\/wp\/v2\/product\/5673","targetHints":{"allow":["GET"]}}],"collection":[{"href":"https:\/\/barcelonatours.net\/es\/wp-json\/wp\/v2\/product"}],"about":[{"href":"https:\/\/barcelonatours.net\/es\/wp-json\/wp\/v2\/types\/product"}],"replies":[{"embeddable":true,"href":"https:\/\/barcelonatours.net\/es\/wp-json\/wp\/v2\/comments?post=5673"}],"version-history":[{"count":0,"href":"https:\/\/barcelonatours.net\/es\/wp-json\/wp\/v2\/product\/5673\/revisions"}],"wp:featuredmedia":[{"embeddable":true,"href":"https:\/\/barcelonatours.net\/es\/wp-json\/wp\/v2\/media\/14847"}],"wp:attachment":[{"href":"https:\/\/barcelonatours.net\/es\/wp-json\/wp\/v2\/media?parent=5673"}],"wp:term":[{"taxonomy":"product_brand","embeddable":true,"href":"https:\/\/barcelonatours.net\/es\/wp-json\/wp\/v2\/product_brand?post=5673"},{"taxonomy":"product_cat","embeddable":true,"href":"https:\/\/barcelonatours.net\/es\/wp-json\/wp\/v2\/product_cat?post=5673"},{"taxonomy":"product_tag","embeddable":true,"href":"https:\/\/barcelonatours.net\/es\/wp-json\/wp\/v2\/product_tag?post=5673"}],"curies":[{"name":"wp","href":"https:\/\/api.w.org\/{rel}","templated":true}]}}