{"id":5670,"date":"2024-07-16T18:39:08","date_gmt":"2024-07-16T16:39:08","guid":{"rendered":"https:\/\/barcelonatours.net\/product\/barcelona-sailing-and-winery-tour\/"},"modified":"2024-07-17T11:41:44","modified_gmt":"2024-07-17T09:41:44","slug":"barcelona-velero-y-visita-a-bodega-en-alella","status":"publish","type":"product","link":"https:\/\/barcelonatours.net\/es\/team-building-en-barcelona\/paseo-por-mar-tour-bodega","title":{"rendered":"Navegaci\u00f3n en velero desde Barcelona, y Visita de una bodega en Alella."},"content":{"rendered":"<p>Un viaje en barco y una visita a una bodega catalana es una de las mejores formas de aprovechar al m\u00e1ximo tu estancia en Barcelona. Combina dos actividades que solo aqu\u00ed se pueden disfrutar: un paseo en barco por la hermosa costa de Barcelona y una visita a una famosa regi\u00f3n vin\u00edcola de Catalu\u00f1a, Alella, para un tour y una cata de vinos.<\/p>\n<p>Esta es una excelente actividad para unir a un grupo a trav\u00e9s del intercambio de nuevas experiencias. Es ideal como actividad de Team Building, ya que la gente a bordo del \u201cGineta\u201d, un velero tradicional de madera, tendr\u00e1 tiempo de relajarse y conocerse antes de desembarcar y dirigirse a los vi\u00f1edos de la comarca de Alella, para aprender algo nuevo e interesante sobre la cultura del vino.<\/p>\n<p>Si est\u00e1s buscando una actividad m\u00e1s corta que implique tambi\u00e9n el mar y el vino, consulta nuestra actividad de Navegaci\u00f3n y tapas. Para una actividad de Team Building m\u00e1s desafiante en un barco, prueba la <a href=\"https:\/\/barcelonatours.net\/es\/team-building-en-barcelona\/escape-room-en-el-mar\">Escape Room en el mar.<\/a>.<\/p>\n<p><!--more--><\/p>\n<table class=\"table table-bordered tours-tabs__table\" style=\"width: 98.6374%; height: 114px;\" width=\"99.2947%\">\n<tbody>\n<tr style=\"height: 24px;\">\n<td style=\"width: 21.0088%; height: 24px;\"><strong>PUNTO DE ENCUENTRO<\/strong><\/td>\n<td style=\"width: 78.0108%; height: 24px;\">Port Vell<\/td>\n<\/tr>\n<tr style=\"height: 80px;\">\n<td style=\"width: 21.0088%; height: 80px;\"><strong>INCLUIDO<\/strong><\/td>\n<td style=\"width: 78.0108%; height: 80px;\">\n<table class=\"table table-bordered alignleft\" style=\"width: 0%; height: 58px;\" width=\"0%\">\n<tbody>\n<tr style=\"height: 24px;\">\n<td style=\"height: 10px; width: 100%;\"><i class=\"fa fa-check icon-tick icon-tick--on\"><\/i>Alquiler privado del \u201cGineta\u201d<\/td>\n<\/tr>\n<tr>\n<td style=\"width: 100%;\"><i class=\"fa fa-check icon-tick icon-tick--on\"><\/i>Traslados: Port del Masnou &#8211; Bodega &#8211; Centro de Barcelona<\/td>\n<\/tr>\n<tr style=\"height: 24px;\">\n<td style=\"width: 100%; height: 24px;\"><i class=\"fa fa-check icon-tick icon-tick--on\"><\/i>Cata de vinos en la bodega<\/td>\n<\/tr>\n<tr>\n<td style=\"width: 100%;\"><i class=\"fa fa-check icon-tick icon-tick--on\"><\/i>Impuestos portuarios<\/td>\n<\/tr>\n<tr style=\"height: 24px;\">\n<td style=\"width: 100%; height: 24px;\"><i class=\"fa fa-check icon-tick icon-tick--on\"><\/i>Gu\u00eda.<\/td>\n<\/tr>\n<\/tbody>\n<\/table>\n<\/td>\n<\/tr>\n<tr style=\"height: 82px;\">\n<td style=\"width: 21.0088%; height: 10px;\"><b>NO INCLUIDO<\/b><\/td>\n<td style=\"width: 78.0108%; height: 10px;\">\n<table class=\"table table-bordered\" style=\"height: 10px; width: 0%;\" width=\"300\">\n<tbody>\n<tr style=\"height: 34px;\">\n<td style=\"width: 98.8048%; height: 10px;\">\n<table class=\"table table-bordered\" style=\"height: 12px; width: 0%;\" width=\"300\">\n<tbody>\n<tr style=\"height: 48px;\">\n<td style=\"width: 383px; height: 12px;\"><i class=\"fa fa-times icon-tick icon-tick--off\"><\/i>Transporte al Port Vell.<\/td>\n<\/tr>\n<\/tbody>\n<\/table>\n<\/td>\n<\/tr>\n<\/tbody>\n<\/table>\n<\/td>\n<\/tr>\n<\/tbody>\n<\/table>\n<h2><strong>\u201cGineta\u201d &#8211; Recorrido en velero y visita a una bodega en Barcelona<\/strong><\/h2>\n<p>Si has pasado alg\u00fan tiempo en Barcelona, es posible que ya hayas visto el velero \u201cGineta\u201d navegar frente a la playa, ya que se utiliza para paseos diarios.<\/p>\n<p>\u00a1Sin embargo, tu grupo tendr\u00e1 este impresionante barco de 24 metros de eslora para su uso privado! Tu equipo subir\u00e1 al \u201cGineta\u201d en el Port Vell y partir\u00e1 bordeando la costa. Desde la comodidad de este magn\u00edfico velero, podr\u00e1 ver no solo algunos de los mejores lugares de inter\u00e9s de Barcelona, incluidas sus hermosas playas, sino tambi\u00e9n, contemplar el mar Mediterr\u00e1neo en todo su esplendor.<\/p>\n<p>El barco continuar\u00e1 por la costa hasta el puerto del Masnou, en un viaje de unos 90 minutos en el que podr\u00e1s relacionarte con tus compa\u00f1eros de traves\u00eda y disfrutar del paisaje.<\/p>\n<h3><strong>Alta Alella &#8211; Visita y cata de vinos<\/strong><\/h3>\n<p>Una vez haya desembarcado en el puerto del Masnou, tu grupo se trasladar\u00e1 en autob\u00fas privado a trav\u00e9s de una zona rural hasta una bodega ecol\u00f3gica, donde podr\u00e1 disfrutar de un incre\u00edble recorrido por los vi\u00f1edos y conocer el proceso de elaboraci\u00f3n del vino. Los propietarios de las bodegas, adem\u00e1s de sentir una gran pasi\u00f3n por su oficio, poseen un profundo conocimiento del arte de hacer vino, y seguro que sabr\u00e1n contagiar a tu equipo su entusiasmo y el valor de su trabajo.<\/p>\n<p>Tambi\u00e9n se pueden extraer algunas sabias met\u00e1foras sobre c\u00f3mo el arte de construir un gran equipo y un gran negocio se asemeja al arte de crear un buen vino, o simplemente\u2026 disfrutar todos juntos de la experiencia \u00a1esta ya es tu elecci\u00f3n!<\/p>\n<p>Por supuesto, no puedes dejar la comarca de Alella y estas magn\u00edficas bodegas sin probar sus vinos con denominaci\u00f3n de origen, as\u00ed que una cata de vinos est\u00e1 incluida en esta actividad y se llevar\u00e1 a cabo despu\u00e9s de la visita. Siempre es una gran experiencia degustar los productos de la tierra y una cata en una bodega que has recorrido, paseando entre sus vi\u00f1as y viendo las uvas de donde procede el vino de tu copa, es algo especial que vale la pena compartir.<\/p>\n<p>Despu\u00e9s de la buena conversaci\u00f3n y el buen vino, los minibuses estar\u00e1n all\u00ed para trasladar a tu grupo de regreso al centro de la ciudad de Barcelona, para que pueda continuar con su gran d\u00eda.<\/p>\n<p>\u00a1Descubre tambi\u00e9n nuestros <a href=\"https:\/\/barcelonatours.net\/es\/salida-barco\/catamaran-tour\">catamaranes para grupos<\/a> privados y m\u00e1s <a href=\"https:\/\/barcelonatours.net\/es\/team-building-en-barcelona\">actividades para empresas<\/a>!Env\u00edanos un correo electr\u00f3nico a <a href=\"mailto:info@barcelonatours.net\">info@barcelonatours.net<\/a> o ll\u00e1manos al 0034 935008226.<\/p>\n<p>&nbsp;<\/p>\n","protected":false},"excerpt":{"rendered":"<p>Suba a bordo de un gale\u00f3n tradicional y salga a lo largo de la costa a una bodega en Alta Alella para la degustaci\u00f3n de vinos. \u00a1Salut!<\/p>\n","protected":false},"featured_media":4728,"comment_status":"closed","ping_status":"closed","template":"","meta":{"footnotes":""},"product_brand":[],"product_cat":[3463],"product_tag":[],"class_list":{"0":"post-5670","1":"product","2":"type-product","3":"status-publish","4":"has-post-thumbnail","6":"product_cat-team-building-es","7":"tour_category-boat-trips-es","8":"tour_category-team-building-en-barcelona","10":"first","11":"instock","12":"virtual","13":"taxable","14":"purchasable","15":"product-type-tour"},"yoast_head":"<!-- This site is optimized with the Yoast SEO plugin v27.4 - https:\/\/yoast.com\/product\/yoast-seo-wordpress\/ -->\n<title>Navegaci\u00f3n en velero y visita a bodega en Alella - Barcelonatours<\/title>\n<meta name=\"description\" content=\"Navega en velero por la costa de Barcelona y disfruta de una visita a una bodega en Alella. Una experiencia para descubrir la belleza y la gastronom\u00eda de Catalu\u00f1a.\" \/>\n<meta name=\"robots\" content=\"index, follow, max-snippet:-1, max-image-preview:large, max-video-preview:-1\" \/>\n<link rel=\"canonical\" href=\"https:\/\/barcelonatours.net\/es\/team-building-en-barcelona\/paseo-por-mar-tour-bodega\" \/>\n<meta property=\"og:locale\" content=\"es_ES\" \/>\n<meta property=\"og:type\" content=\"article\" \/>\n<meta property=\"og:title\" content=\"Navegaci\u00f3n en velero y visita a bodega en Alella - Barcelonatours\" \/>\n<meta property=\"og:description\" content=\"Navega en velero por la costa de Barcelona y disfruta de una visita a una bodega en Alella. Una experiencia para descubrir la belleza y la gastronom\u00eda de Catalu\u00f1a.\" \/>\n<meta property=\"og:url\" content=\"https:\/\/barcelonatours.net\/es\/team-building-en-barcelona\/paseo-por-mar-tour-bodega\" \/>\n<meta property=\"og:site_name\" content=\"BarcelonaTours.net\" \/>\n<meta property=\"article:publisher\" content=\"https:\/\/www.facebook.com\/BarcelonaTours.net\/\" \/>\n<meta property=\"article:modified_time\" content=\"2024-07-17T09:41:44+00:00\" \/>\n<meta property=\"og:image\" content=\"https:\/\/barcelonatours.net\/wp-content\/uploads\/2019\/07\/6.jpg\" \/>\n\t<meta property=\"og:image:width\" content=\"600\" \/>\n\t<meta property=\"og:image:height\" content=\"400\" \/>\n\t<meta property=\"og:image:type\" content=\"image\/jpeg\" \/>\n<meta name=\"twitter:card\" content=\"summary_large_image\" \/>\n<meta name=\"twitter:site\" content=\"@BarcelonaTours1\" \/>\n<meta name=\"twitter:label1\" content=\"Tiempo de lectura\" \/>\n\t<meta name=\"twitter:data1\" content=\"3 minutos\" \/>\n<script type=\"application\/ld+json\" class=\"yoast-schema-graph\">{\"@context\":\"https:\\\/\\\/schema.org\",\"@graph\":[{\"@type\":\"WebPage\",\"@id\":\"https:\\\/\\\/barcelonatours.net\\\/es\\\/team-building-en-barcelona\\\/paseo-por-mar-tour-bodega\",\"url\":\"https:\\\/\\\/barcelonatours.net\\\/es\\\/team-building-en-barcelona\\\/paseo-por-mar-tour-bodega\",\"name\":\"Navegaci\u00f3n en velero y visita a bodega en Alella - Barcelonatours\",\"isPartOf\":{\"@id\":\"https:\\\/\\\/barcelonatours.net\\\/es#website\"},\"primaryImageOfPage\":{\"@id\":\"https:\\\/\\\/barcelonatours.net\\\/es\\\/team-building-en-barcelona\\\/paseo-por-mar-tour-bodega#primaryimage\"},\"image\":{\"@id\":\"https:\\\/\\\/barcelonatours.net\\\/es\\\/team-building-en-barcelona\\\/paseo-por-mar-tour-bodega#primaryimage\"},\"thumbnailUrl\":\"https:\\\/\\\/barcelonatours.net\\\/wp-content\\\/uploads\\\/2019\\\/07\\\/6.jpg\",\"datePublished\":\"2024-07-16T16:39:08+00:00\",\"dateModified\":\"2024-07-17T09:41:44+00:00\",\"description\":\"Navega en velero por la costa de Barcelona y disfruta de una visita a una bodega en Alella. Una experiencia para descubrir la belleza y la gastronom\u00eda de Catalu\u00f1a.\",\"breadcrumb\":{\"@id\":\"https:\\\/\\\/barcelonatours.net\\\/es\\\/team-building-en-barcelona\\\/paseo-por-mar-tour-bodega#breadcrumb\"},\"inLanguage\":\"es\",\"potentialAction\":[{\"@type\":\"ReadAction\",\"target\":[\"https:\\\/\\\/barcelonatours.net\\\/es\\\/team-building-en-barcelona\\\/paseo-por-mar-tour-bodega\"]}]},{\"@type\":\"ImageObject\",\"inLanguage\":\"es\",\"@id\":\"https:\\\/\\\/barcelonatours.net\\\/es\\\/team-building-en-barcelona\\\/paseo-por-mar-tour-bodega#primaryimage\",\"url\":\"https:\\\/\\\/barcelonatours.net\\\/wp-content\\\/uploads\\\/2019\\\/07\\\/6.jpg\",\"contentUrl\":\"https:\\\/\\\/barcelonatours.net\\\/wp-content\\\/uploads\\\/2019\\\/07\\\/6.jpg\",\"width\":600,\"height\":400,\"caption\":\"La Gineta Sailing Galleon\"},{\"@type\":\"BreadcrumbList\",\"@id\":\"https:\\\/\\\/barcelonatours.net\\\/es\\\/team-building-en-barcelona\\\/paseo-por-mar-tour-bodega#breadcrumb\",\"itemListElement\":[{\"@type\":\"ListItem\",\"position\":1,\"name\":\"Home\",\"item\":\"https:\\\/\\\/barcelonatours.net\\\/es\"},{\"@type\":\"ListItem\",\"position\":2,\"name\":\"Shop\",\"item\":\"https:\\\/\\\/barcelonatours.net\\\/shop\"},{\"@type\":\"ListItem\",\"position\":3,\"name\":\"Navegaci\u00f3n en velero desde Barcelona, y Visita de una bodega en Alella.\"}]},{\"@type\":\"WebSite\",\"@id\":\"https:\\\/\\\/barcelonatours.net\\\/es#website\",\"url\":\"https:\\\/\\\/barcelonatours.net\\\/es\",\"name\":\"BarcelonaTours.net\",\"description\":\"The best tours and team building activities of Barcelona\",\"publisher\":{\"@id\":\"https:\\\/\\\/barcelonatours.net\\\/es#organization\"},\"alternateName\":\"Corporate event agency based in Barcelona\",\"potentialAction\":[{\"@type\":\"SearchAction\",\"target\":{\"@type\":\"EntryPoint\",\"urlTemplate\":\"https:\\\/\\\/barcelonatours.net\\\/es?s={search_term_string}\"},\"query-input\":{\"@type\":\"PropertyValueSpecification\",\"valueRequired\":true,\"valueName\":\"search_term_string\"}}],\"inLanguage\":\"es\"},{\"@type\":\"Organization\",\"@id\":\"https:\\\/\\\/barcelonatours.net\\\/es#organization\",\"name\":\"Barcelona Tours\",\"url\":\"https:\\\/\\\/barcelonatours.net\\\/es\",\"logo\":{\"@type\":\"ImageObject\",\"inLanguage\":\"es\",\"@id\":\"https:\\\/\\\/barcelonatours.net\\\/es#\\\/schema\\\/logo\\\/image\\\/\",\"url\":\"https:\\\/\\\/barcelonatours.net\\\/wp-content\\\/uploads\\\/2019\\\/04\\\/bcn_tours_logo-e1556215659835.png\",\"contentUrl\":\"https:\\\/\\\/barcelonatours.net\\\/wp-content\\\/uploads\\\/2019\\\/04\\\/bcn_tours_logo-e1556215659835.png\",\"width\":250,\"height\":89,\"caption\":\"Barcelona Tours\"},\"image\":{\"@id\":\"https:\\\/\\\/barcelonatours.net\\\/es#\\\/schema\\\/logo\\\/image\\\/\"},\"sameAs\":[\"https:\\\/\\\/www.facebook.com\\\/BarcelonaTours.net\\\/\",\"https:\\\/\\\/x.com\\\/BarcelonaTours1\",\"https:\\\/\\\/www.instagram.com\\\/barcelonatours\\\/\"]}]}<\/script>\n<!-- \/ Yoast SEO plugin. -->","yoast_head_json":{"title":"Navegaci\u00f3n en velero y visita a bodega en Alella - Barcelonatours","description":"Navega en velero por la costa de Barcelona y disfruta de una visita a una bodega en Alella. Una experiencia para descubrir la belleza y la gastronom\u00eda de Catalu\u00f1a.","robots":{"index":"index","follow":"follow","max-snippet":"max-snippet:-1","max-image-preview":"max-image-preview:large","max-video-preview":"max-video-preview:-1"},"canonical":"https:\/\/barcelonatours.net\/es\/team-building-en-barcelona\/paseo-por-mar-tour-bodega","og_locale":"es_ES","og_type":"article","og_title":"Navegaci\u00f3n en velero y visita a bodega en Alella - Barcelonatours","og_description":"Navega en velero por la costa de Barcelona y disfruta de una visita a una bodega en Alella. Una experiencia para descubrir la belleza y la gastronom\u00eda de Catalu\u00f1a.","og_url":"https:\/\/barcelonatours.net\/es\/team-building-en-barcelona\/paseo-por-mar-tour-bodega","og_site_name":"BarcelonaTours.net","article_publisher":"https:\/\/www.facebook.com\/BarcelonaTours.net\/","article_modified_time":"2024-07-17T09:41:44+00:00","og_image":[{"width":600,"height":400,"url":"https:\/\/barcelonatours.net\/wp-content\/uploads\/2019\/07\/6.jpg","type":"image\/jpeg"}],"twitter_card":"summary_large_image","twitter_site":"@BarcelonaTours1","twitter_misc":{"Tiempo de lectura":"3 minutos"},"schema":{"@context":"https:\/\/schema.org","@graph":[{"@type":"WebPage","@id":"https:\/\/barcelonatours.net\/es\/team-building-en-barcelona\/paseo-por-mar-tour-bodega","url":"https:\/\/barcelonatours.net\/es\/team-building-en-barcelona\/paseo-por-mar-tour-bodega","name":"Navegaci\u00f3n en velero y visita a bodega en Alella - Barcelonatours","isPartOf":{"@id":"https:\/\/barcelonatours.net\/es#website"},"primaryImageOfPage":{"@id":"https:\/\/barcelonatours.net\/es\/team-building-en-barcelona\/paseo-por-mar-tour-bodega#primaryimage"},"image":{"@id":"https:\/\/barcelonatours.net\/es\/team-building-en-barcelona\/paseo-por-mar-tour-bodega#primaryimage"},"thumbnailUrl":"https:\/\/barcelonatours.net\/wp-content\/uploads\/2019\/07\/6.jpg","datePublished":"2024-07-16T16:39:08+00:00","dateModified":"2024-07-17T09:41:44+00:00","description":"Navega en velero por la costa de Barcelona y disfruta de una visita a una bodega en Alella. Una experiencia para descubrir la belleza y la gastronom\u00eda de Catalu\u00f1a.","breadcrumb":{"@id":"https:\/\/barcelonatours.net\/es\/team-building-en-barcelona\/paseo-por-mar-tour-bodega#breadcrumb"},"inLanguage":"es","potentialAction":[{"@type":"ReadAction","target":["https:\/\/barcelonatours.net\/es\/team-building-en-barcelona\/paseo-por-mar-tour-bodega"]}]},{"@type":"ImageObject","inLanguage":"es","@id":"https:\/\/barcelonatours.net\/es\/team-building-en-barcelona\/paseo-por-mar-tour-bodega#primaryimage","url":"https:\/\/barcelonatours.net\/wp-content\/uploads\/2019\/07\/6.jpg","contentUrl":"https:\/\/barcelonatours.net\/wp-content\/uploads\/2019\/07\/6.jpg","width":600,"height":400,"caption":"La Gineta Sailing Galleon"},{"@type":"BreadcrumbList","@id":"https:\/\/barcelonatours.net\/es\/team-building-en-barcelona\/paseo-por-mar-tour-bodega#breadcrumb","itemListElement":[{"@type":"ListItem","position":1,"name":"Home","item":"https:\/\/barcelonatours.net\/es"},{"@type":"ListItem","position":2,"name":"Shop","item":"https:\/\/barcelonatours.net\/shop"},{"@type":"ListItem","position":3,"name":"Navegaci\u00f3n en velero desde Barcelona, y Visita de una bodega en Alella."}]},{"@type":"WebSite","@id":"https:\/\/barcelonatours.net\/es#website","url":"https:\/\/barcelonatours.net\/es","name":"BarcelonaTours.net","description":"The best tours and team building activities of Barcelona","publisher":{"@id":"https:\/\/barcelonatours.net\/es#organization"},"alternateName":"Corporate event agency based in Barcelona","potentialAction":[{"@type":"SearchAction","target":{"@type":"EntryPoint","urlTemplate":"https:\/\/barcelonatours.net\/es?s={search_term_string}"},"query-input":{"@type":"PropertyValueSpecification","valueRequired":true,"valueName":"search_term_string"}}],"inLanguage":"es"},{"@type":"Organization","@id":"https:\/\/barcelonatours.net\/es#organization","name":"Barcelona Tours","url":"https:\/\/barcelonatours.net\/es","logo":{"@type":"ImageObject","inLanguage":"es","@id":"https:\/\/barcelonatours.net\/es#\/schema\/logo\/image\/","url":"https:\/\/barcelonatours.net\/wp-content\/uploads\/2019\/04\/bcn_tours_logo-e1556215659835.png","contentUrl":"https:\/\/barcelonatours.net\/wp-content\/uploads\/2019\/04\/bcn_tours_logo-e1556215659835.png","width":250,"height":89,"caption":"Barcelona Tours"},"image":{"@id":"https:\/\/barcelonatours.net\/es#\/schema\/logo\/image\/"},"sameAs":["https:\/\/www.facebook.com\/BarcelonaTours.net\/","https:\/\/x.com\/BarcelonaTours1","https:\/\/www.instagram.com\/barcelonatours\/"]}]}},"_links":{"self":[{"href":"https:\/\/barcelonatours.net\/es\/wp-json\/wp\/v2\/product\/5670","targetHints":{"allow":["GET"]}}],"collection":[{"href":"https:\/\/barcelonatours.net\/es\/wp-json\/wp\/v2\/product"}],"about":[{"href":"https:\/\/barcelonatours.net\/es\/wp-json\/wp\/v2\/types\/product"}],"replies":[{"embeddable":true,"href":"https:\/\/barcelonatours.net\/es\/wp-json\/wp\/v2\/comments?post=5670"}],"version-history":[{"count":0,"href":"https:\/\/barcelonatours.net\/es\/wp-json\/wp\/v2\/product\/5670\/revisions"}],"wp:featuredmedia":[{"embeddable":true,"href":"https:\/\/barcelonatours.net\/es\/wp-json\/wp\/v2\/media\/4728"}],"wp:attachment":[{"href":"https:\/\/barcelonatours.net\/es\/wp-json\/wp\/v2\/media?parent=5670"}],"wp:term":[{"taxonomy":"product_brand","embeddable":true,"href":"https:\/\/barcelonatours.net\/es\/wp-json\/wp\/v2\/product_brand?post=5670"},{"taxonomy":"product_cat","embeddable":true,"href":"https:\/\/barcelonatours.net\/es\/wp-json\/wp\/v2\/product_cat?post=5670"},{"taxonomy":"product_tag","embeddable":true,"href":"https:\/\/barcelonatours.net\/es\/wp-json\/wp\/v2\/product_tag?post=5670"}],"curies":[{"name":"wp","href":"https:\/\/api.w.org\/{rel}","templated":true}]}}