{"id":5668,"date":"2025-07-07T13:58:34","date_gmt":"2025-07-07T11:58:34","guid":{"rendered":"https:\/\/barcelonatours.net\/product\/graffiti-art-collective\/"},"modified":"2025-07-31T15:56:13","modified_gmt":"2025-07-31T13:56:13","slug":"graffiti-art-collective","status":"publish","type":"product","link":"https:\/\/barcelonatours.net\/es\/team-building-en-barcelona\/grafiti-arte-callejero","title":{"rendered":"Grafiti Workshop en Barcelona"},"content":{"rendered":"<div class=\"wpb-content-wrapper\">[vc_row][vc_column]<div class=\"title title--big title--center title--underline title--decoration-bottom-center\">\n\t\t\t<div class=\"title__subtitle\">Actividades Team Building--Tours Privados--Salidas en Barco--Cenas de Empresa--Traslados para grupos<\/div>\n\t\t<h3 class=\"title__primary\"><\/h3>\n<\/div>\n[vc_column_text css=\u00bb\u00bb]\u00a1Reserva el Graffiti Workshop en Barcelona! Da rienda suelta a tu Banksy interior y crea una incre\u00edble obra de grafiti con tus colegas de trabajo.\n<p>Cuando pensamos en grafitis, a veces, nos vienen a la cabeza im\u00e1genes de nombres garabateados en bancos de parques y vagones de metro, y es cierto que en Barcelona todav\u00eda hay un buen n\u00famero de garabatos desagradables en las calles.<\/p>\n<p>Sin embargo, el movimiento moderno de Street Art en Barcelona ha convertido paredes aburridas de la ciudad en verdaderas obras de arte.<\/p>\n<p>Si bien algunas obras de arte son de un solo autor, hay muchos proyectos que son colectivos, y esta es la oportunidad \u00fanica que deseamos ofrecer a tu grupo: producir una impresionante obra de arte mientras os conoc\u00e9is mejor y aprend\u00e9is unos de otros, bajo la direcci\u00f3n de un verdadero artista callejero.<\/p>\n<h2>Grafiti arte colectivo: un team building creativo<\/h2>\n<p>A Barcelona Tours le encanta ofrecer opciones emocionantes y creativas de Team Building, y el reto de crear un grafiti colectivamente no es una excepci\u00f3n. \u00a1Olv\u00eddate de hacer carteles o proyectos de marketing y consigue algo verdaderamente ingenioso y original!<\/p>\n<p>Con el reto Grafiti arte colectivo ver\u00e1s a todo tu grupo trabajar juntos para crear una obra de arte de grafiti en un lugar c\u00e9ntrico de Barcelona. No importa si no has cogido un pincel desde el colegio, seguro que podr\u00e1s participar, y sobre todo disfrutar, de esta experiencia \u00fanica.<\/p>\n<h3>\u00bfC\u00f3mo funciona?<\/h3>\n<p>En un lugar especialmente elegido, encontrar\u00e1s un pedazo de pared que ser\u00e1 tu lienzo para pintar. \u00a1Tu gu\u00eda y maestro no ser\u00e1 cualquier tipo h\u00e1bil con una lata de aerosol! Ser\u00e1 un artista callejero local, muy versado en el Street Art de Barcelona, y tambi\u00e9n un gran creador de grafitis impresionantes y atractivos.<\/p>\n<p>Primero os pondr\u00e9is de acuerdo respecto al dise\u00f1o y las ideas que tienes para tu propia obra de arte: \u00bfdeseas elegir un tema importante para tu empresa o tal vez, algo basado en vuestro logotipo? Todas estas cosas las puedes hablar con tu profesor.<\/p>\n<p>Despu\u00e9s ya podr\u00e9is comenzar. Provisto de un equipo completo de protecci\u00f3n (mono de pl\u00e1stico de cuerpo entero y una mascarilla), crear\u00e1s tu obra maestra. Una vez que finalice la actividad, puedes sentarte y maravillarte con lo que ha logrado tu grupo y, por supuesto, hacer muchas fotos para mostrar el resultado a todo el mundo.<\/p>\n<h3>\u00bfQuieres ver m\u00e1s?<\/h3>\n<p>Visita nuestra p\u00e1gina de <a href=\"https:\/\/barcelonatours.net\/es\/team-building-en-barcelona\/\">Actividades de Team Building <\/a> para obtener m\u00e1s ideas para tu grupo.<\/p>\n<p><b>Cont\u00e1ctanos ahora para verificar disponibilidad:<\/b> <a href=\"mailto:info@barcelonatours.net\">info@barcelonatours.net<\/a> o Tel\/W&#8217;App <a href=\"tel:+34658768333\">+34658768333<\/a>[\/vc_column_text][vc_video link=\u00bbhttps:\/\/www.youtube.com\/shorts\/0Mgas0Vy1oQ\u00bb align=\u00bbcenter\u00bb css=\u00bb\u00bb][\/vc_column][\/vc_row][vc_row][vc_column][vc_column_text css=\u00bb\u00bb]\n<h2>\ud83d\udd8c\ufe0f\u00a0 Graffiti Workshop y Tour<\/h2>\n<\/p><p><!--more--><\/p>\n<table class=\"table table-bordered tours-tabs__table\" style=\"width: 98.6374%; height: 138px;\" width=\"99.2947%\">\n<tbody>\n<tr>\n<td style=\"width: 21.0088%;\"><strong>PRECIO<\/strong><\/td>\n<td style=\"width: 78.0108%;\"><i class=\"fa fa-check icon-tick icon-tick--on\"><\/i>Desde 75\u20ac por persona<\/td>\n<\/tr>\n<tr style=\"height: 24px;\">\n<td style=\"width: 21.0088%; height: 24px;\"><strong>UBICACI\u00d3N<\/strong><\/td>\n<td style=\"width: 78.0108%; height: 24px;\"><i class=\"fa fa-check icon-tick icon-tick--on\"><\/i> Centro de la ciudad: Jardines de las Tres Chimeneas<\/td>\n<\/tr>\n<tr style=\"height: 80px;\">\n<td style=\"width: 21.0088%; height: 80px;\"><strong>INCLUIDO<\/strong><\/td>\n<td style=\"width: 78.0108%; height: 80px;\"><i class=\"fa fa-check icon-tick icon-tick--on\"><\/i>Duraci\u00f3n dos\/tres horas\n<i class=\"fa fa-check icon-tick icon-tick--on\"><\/i>Artista callejero como l\u00edder de actividad\n<i class=\"fa fa-check icon-tick icon-tick--on\"><\/i>Material para crear obras de arte\n<i class=\"fa fa-check icon-tick icon-tick--on\"><\/i>Opcional para a\u00f1adir: Tour privado de Graffiti en el norte del Raval<\/td>\n<\/tr>\n<tr>\n<td style=\"width: 21.0088%;\"><strong><b>N. DE PERSONAS<\/b><\/strong><\/td>\n<td style=\"width: 78.0108%;\"><i class=\"fa fa-check icon-tick icon-tick--on\"><\/i> Capacidad de 12 a 100 personas<\/td>\n<\/tr>\n<tr style=\"height: 82px;\">\n<td style=\"width: 21.0088%; height: 10px;\"><b>BENEFICIOS<\/b><\/td>\n<td style=\"width: 78.0108%; height: 24px;\">1\ufe0f\u20e3 Anima a todos a pensar de forma innovadora y a trabajar juntos para dar vida a una visi\u00f3n art\u00edstica, mejorando las habilidades de resoluci\u00f3n colaborativa de problemas.\n<p>2\ufe0f\u20e3 Participar en una actividad poco convencional ayuda a las personas a relajarse, comunicarse m\u00e1s abiertamente y construir conexiones personales m\u00e1s fuertes.<\/p>\n<p>3\ufe0f\u20e3 Al final, tendr\u00e1s una obre de Arte para recordar y de la que presumir en la oficina.<\/p><\/td>\n<\/tr>\n<\/tbody>\n<\/table>\n[\/vc_column_text][\/vc_column][\/vc_row][vc_row][vc_column][vc_column_text css=\u00bb\u00bb]\n<h2>\u00a0 \u2753C\u00d3MO FUNCIONA Y PREGUNTAS FRECUENTES<\/h2>\n<p><!--more--><\/p>\n<table class=\"table table-bordered tours-tabs__table\" style=\"width: 98.6374%; height: 138px;\" width=\"99.2947%\">\n<tbody>\n<tr style=\"height: 82px;\">\n<td style=\"width: 21.0088%; height: 10px;\"><b>C\u00d3MO FUNCIONA<\/b><\/td>\n<td style=\"width: 78.0108%; height: 24px;\">1\ufe0f\u20e3 Despu\u00e9s de recibir tu consulta, te enviaremos una propuesta con las mejores soluciones para tu evento y m\u00e1s ideas a considerar.\n<p>2\ufe0f\u20e3 T\u00fa eliges la mejor solucion y responderemos a todas tus preguntas por correo electr\u00f3nico (o tel\u00e9fono) hasta que est\u00e9s completamente satisfecho y listo para reservar.<\/p>\n<p>3\ufe0f\u20e3 Una vez establecidos todos los detalles, te facilitaremos el presupuesto final y solo solicitaremos un dep\u00f3sito del 20% para asegurar la fecha de tu evento<\/p><\/td>\n<\/tr>\n<tr>\n<td style=\"width: 21.0088%;\"><strong>PREGUNTAS FRECUENTES<\/strong><\/td>\n<td style=\"width: 78.0108%;\">1\ufe0f\u20e3 <strong>Condiciones de pago:<\/strong> Para confirmar el evento, necesitamos un dep\u00f3sito del 20% y el importe total una semana antes. Puedes pagar mediante transferencia bancaria o con tarjeta de d\u00e9bito\/cr\u00e9dito a trav\u00e9s de un enlace de pago.\n<p>2\ufe0f\u20e3<strong>N\u00fameros finales:<\/strong> tienes la libertad de ajustar el n\u00famero de participantes para el evento hasta una semana antes, y no habr\u00e1 penalizaciones ni cargos adicionales. Sin embargo, hay que tener en cuenta que algunas actividades pueden tener precios variables seg\u00fan el tama\u00f1o del grupo.<span style=\"font-weight: 400;\"><br \/>\n<\/span><\/p>\n<p>3\ufe0f\u20e3 <strong>Itinerario final:<\/strong> una semana antes del evento, recibir\u00e1s un resumen detallado con toda la informaci\u00f3n \u00fatil.<\/p><\/td>\n<\/tr>\n<\/tbody>\n<\/table>\n[\/vc_column_text][\/vc_column][\/vc_row][vc_row][vc_column][vc_column_text css=\u00bb\u00bb]<em><span style=\"font-size: 18pt;\"><strong>\u23ed\ufe0f \u00bfPasamos ya a la siguiente fase?<\/strong><\/span><\/em>\n<p>&nbsp;<\/p>\n<p style=\"text-align: left;\"><em><span style=\"font-size: 14pt;\"><strong>Pide un presupuesto r\u00e1pido:\u00a0 \u00a0\u00a0<\/strong><\/span><\/em><\/p>\n<ul>\n<li style=\"text-align: left;\"><em><span style=\"font-size: 14pt;\"><strong>Email <a href=\"mailto: info@barcelonatours.net\" data-cke-saved-href=\"mailto:enquiry@barcelonatours.net\">info@barcelonatours.net<\/a>\u00a0\u00a0<\/strong><\/span><\/em><\/li>\n<li><em><span style=\"font-size: 14pt;\"><strong>Tel\/W&#8217;App\u00a0 <a href=\"tel: +34658768333\">+34 658 768 333<\/a><\/strong><\/span><\/em><\/li>\n<\/ul>\n<p>&nbsp;<\/p>\n<p style=\"text-align: left;\"><em><span style=\"font-size: 14pt;\"><strong>Clientes satisfechos, lo que dicen de nosotros:\u00a0 \u2b50\ufe0f\u2b50\ufe0f\u2b50\ufe0f\u2b50\ufe0f\u2b50\ufe0f <a href=\"https:\/\/www.google.com\/maps\/place\/BarcelonaTours.net\/@41.406933,2.1567085,17z\/data=!3m1!5s0x12a4a2e9f0c7847d:0xe1ddc3cf1f5a665f!4m8!3m7!1s0x12a4a2a5c1e2257d:0xcab7dbbfc67e084a!8m2!3d41.406933!4d2.1567085!9m1!1b1!16s%2Fg%2F12lk5ddc3?hl=en-US&amp;entry=ttu&amp;g_ep=EgoyMDI1MDExNS4wIKXMDSoASAFQAw%3D%3D\">rese\u00f1as en Google<\/a><\/strong><\/span><\/em><\/p>\n<p style=\"text-align: left;\"><em><span style=\"font-size: 14pt;\"><strong>Alg\u00fan reportaje de los eventos hechos:\u00a0 <a href=\"https:\/\/www.linkedin.com\/company\/1708408\/admin\/page-posts\/published\/\">publicaciones en LinkedIn<\/a><\/strong><\/span><\/em><\/p>\n[\/vc_column_text][\/vc_column][\/vc_row]\n<\/div>","protected":false},"excerpt":{"rendered":"<p>Canaliza tu Banksy interior y \u00fanete a tu grupo trabajando en un proyecto colectivo de grafiti.<\/p>\n","protected":false},"featured_media":7096,"comment_status":"closed","ping_status":"closed","template":"","meta":{"footnotes":""},"product_brand":[],"product_cat":[3757,3463],"product_tag":[],"class_list":{"0":"post-5668","1":"product","2":"type-product","3":"status-publish","4":"has-post-thumbnail","6":"product_cat-day-activities-es","7":"product_cat-team-building-es","8":"tour_category-activities-es","9":"tour_category-day-activity-es","10":"tour_category-team-building-en-barcelona","12":"first","13":"instock","14":"virtual","15":"taxable","16":"purchasable","17":"product-type-tour"},"yoast_head":"<!-- This site is optimized with the Yoast SEO plugin v27.4 - https:\/\/yoast.com\/product\/yoast-seo-wordpress\/ -->\n<title>Graffiti Workshop en Barcelona - Team Building | BarcelonaTours<\/title>\n<meta name=\"description\" content=\"El Graffiti Collective ver\u00e1 al grupo trabajar juntos para crear una obra de arte de graffiti en un lugar c\u00e9ntrico de Barcelona.\" \/>\n<meta name=\"robots\" content=\"index, follow, max-snippet:-1, max-image-preview:large, max-video-preview:-1\" \/>\n<link rel=\"canonical\" href=\"https:\/\/barcelonatours.net\/es\/team-building-en-barcelona\/grafiti-arte-callejero\" \/>\n<meta property=\"og:locale\" content=\"es_ES\" \/>\n<meta property=\"og:type\" content=\"article\" \/>\n<meta property=\"og:title\" content=\"Graffiti Workshop en Barcelona - Team Building | BarcelonaTours\" \/>\n<meta property=\"og:description\" content=\"El Graffiti Collective ver\u00e1 al grupo trabajar juntos para crear una obra de arte de graffiti en un lugar c\u00e9ntrico de Barcelona.\" \/>\n<meta property=\"og:url\" content=\"https:\/\/barcelonatours.net\/es\/team-building-en-barcelona\/grafiti-arte-callejero\" \/>\n<meta property=\"og:site_name\" content=\"BarcelonaTours.net\" \/>\n<meta property=\"article:publisher\" content=\"https:\/\/www.facebook.com\/BarcelonaTours.net\/\" \/>\n<meta property=\"article:modified_time\" content=\"2025-07-31T13:56:13+00:00\" \/>\n<meta property=\"og:image\" content=\"https:\/\/barcelonatours.net\/wp-content\/uploads\/2022\/01\/fernando-valenzuela-rBADm7cyvrQ-unsplash-e1564059103715.jpg\" \/>\n\t<meta property=\"og:image:width\" content=\"1920\" \/>\n\t<meta property=\"og:image:height\" content=\"1042\" \/>\n\t<meta property=\"og:image:type\" content=\"image\/jpeg\" \/>\n<meta name=\"twitter:card\" content=\"summary_large_image\" \/>\n<meta name=\"twitter:site\" content=\"@BarcelonaTours1\" \/>\n<meta name=\"twitter:label1\" content=\"Tiempo de lectura\" \/>\n\t<meta name=\"twitter:data1\" content=\"5 minutos\" \/>\n<script type=\"application\/ld+json\" class=\"yoast-schema-graph\">{\"@context\":\"https:\\\/\\\/schema.org\",\"@graph\":[{\"@type\":\"WebPage\",\"@id\":\"https:\\\/\\\/barcelonatours.net\\\/es\\\/team-building-en-barcelona\\\/grafiti-arte-callejero\",\"url\":\"https:\\\/\\\/barcelonatours.net\\\/es\\\/team-building-en-barcelona\\\/grafiti-arte-callejero\",\"name\":\"Graffiti Workshop en Barcelona - Team Building | BarcelonaTours\",\"isPartOf\":{\"@id\":\"https:\\\/\\\/barcelonatours.net\\\/es#website\"},\"primaryImageOfPage\":{\"@id\":\"https:\\\/\\\/barcelonatours.net\\\/es\\\/team-building-en-barcelona\\\/grafiti-arte-callejero#primaryimage\"},\"image\":{\"@id\":\"https:\\\/\\\/barcelonatours.net\\\/es\\\/team-building-en-barcelona\\\/grafiti-arte-callejero#primaryimage\"},\"thumbnailUrl\":\"https:\\\/\\\/barcelonatours.net\\\/wp-content\\\/uploads\\\/2022\\\/01\\\/fernando-valenzuela-rBADm7cyvrQ-unsplash-e1564059103715.jpg\",\"datePublished\":\"2025-07-07T11:58:34+00:00\",\"dateModified\":\"2025-07-31T13:56:13+00:00\",\"description\":\"El Graffiti Collective ver\u00e1 al grupo trabajar juntos para crear una obra de arte de graffiti en un lugar c\u00e9ntrico de Barcelona.\",\"breadcrumb\":{\"@id\":\"https:\\\/\\\/barcelonatours.net\\\/es\\\/team-building-en-barcelona\\\/grafiti-arte-callejero#breadcrumb\"},\"inLanguage\":\"es\",\"potentialAction\":[{\"@type\":\"ReadAction\",\"target\":[\"https:\\\/\\\/barcelonatours.net\\\/es\\\/team-building-en-barcelona\\\/grafiti-arte-callejero\"]}]},{\"@type\":\"ImageObject\",\"inLanguage\":\"es\",\"@id\":\"https:\\\/\\\/barcelonatours.net\\\/es\\\/team-building-en-barcelona\\\/grafiti-arte-callejero#primaryimage\",\"url\":\"https:\\\/\\\/barcelonatours.net\\\/wp-content\\\/uploads\\\/2022\\\/01\\\/fernando-valenzuela-rBADm7cyvrQ-unsplash-e1564059103715.jpg\",\"contentUrl\":\"https:\\\/\\\/barcelonatours.net\\\/wp-content\\\/uploads\\\/2022\\\/01\\\/fernando-valenzuela-rBADm7cyvrQ-unsplash-e1564059103715.jpg\",\"width\":1920,\"height\":1042,\"caption\":\"Street Artists in Barcelona\"},{\"@type\":\"BreadcrumbList\",\"@id\":\"https:\\\/\\\/barcelonatours.net\\\/es\\\/team-building-en-barcelona\\\/grafiti-arte-callejero#breadcrumb\",\"itemListElement\":[{\"@type\":\"ListItem\",\"position\":1,\"name\":\"Home\",\"item\":\"https:\\\/\\\/barcelonatours.net\\\/es\"},{\"@type\":\"ListItem\",\"position\":2,\"name\":\"Shop\",\"item\":\"https:\\\/\\\/barcelonatours.net\\\/shop\"},{\"@type\":\"ListItem\",\"position\":3,\"name\":\"Grafiti Workshop en Barcelona\"}]},{\"@type\":\"WebSite\",\"@id\":\"https:\\\/\\\/barcelonatours.net\\\/es#website\",\"url\":\"https:\\\/\\\/barcelonatours.net\\\/es\",\"name\":\"BarcelonaTours.net\",\"description\":\"The best tours and team building activities of Barcelona\",\"publisher\":{\"@id\":\"https:\\\/\\\/barcelonatours.net\\\/es#organization\"},\"alternateName\":\"Corporate event agency based in Barcelona\",\"potentialAction\":[{\"@type\":\"SearchAction\",\"target\":{\"@type\":\"EntryPoint\",\"urlTemplate\":\"https:\\\/\\\/barcelonatours.net\\\/es?s={search_term_string}\"},\"query-input\":{\"@type\":\"PropertyValueSpecification\",\"valueRequired\":true,\"valueName\":\"search_term_string\"}}],\"inLanguage\":\"es\"},{\"@type\":\"Organization\",\"@id\":\"https:\\\/\\\/barcelonatours.net\\\/es#organization\",\"name\":\"Barcelona Tours\",\"url\":\"https:\\\/\\\/barcelonatours.net\\\/es\",\"logo\":{\"@type\":\"ImageObject\",\"inLanguage\":\"es\",\"@id\":\"https:\\\/\\\/barcelonatours.net\\\/es#\\\/schema\\\/logo\\\/image\\\/\",\"url\":\"https:\\\/\\\/barcelonatours.net\\\/wp-content\\\/uploads\\\/2019\\\/04\\\/bcn_tours_logo-e1556215659835.png\",\"contentUrl\":\"https:\\\/\\\/barcelonatours.net\\\/wp-content\\\/uploads\\\/2019\\\/04\\\/bcn_tours_logo-e1556215659835.png\",\"width\":250,\"height\":89,\"caption\":\"Barcelona Tours\"},\"image\":{\"@id\":\"https:\\\/\\\/barcelonatours.net\\\/es#\\\/schema\\\/logo\\\/image\\\/\"},\"sameAs\":[\"https:\\\/\\\/www.facebook.com\\\/BarcelonaTours.net\\\/\",\"https:\\\/\\\/x.com\\\/BarcelonaTours1\",\"https:\\\/\\\/www.instagram.com\\\/barcelonatours\\\/\"]}]}<\/script>\n<!-- \/ Yoast SEO plugin. -->","yoast_head_json":{"title":"Graffiti Workshop en Barcelona - Team Building | BarcelonaTours","description":"El Graffiti Collective ver\u00e1 al grupo trabajar juntos para crear una obra de arte de graffiti en un lugar c\u00e9ntrico de Barcelona.","robots":{"index":"index","follow":"follow","max-snippet":"max-snippet:-1","max-image-preview":"max-image-preview:large","max-video-preview":"max-video-preview:-1"},"canonical":"https:\/\/barcelonatours.net\/es\/team-building-en-barcelona\/grafiti-arte-callejero","og_locale":"es_ES","og_type":"article","og_title":"Graffiti Workshop en Barcelona - Team Building | BarcelonaTours","og_description":"El Graffiti Collective ver\u00e1 al grupo trabajar juntos para crear una obra de arte de graffiti en un lugar c\u00e9ntrico de Barcelona.","og_url":"https:\/\/barcelonatours.net\/es\/team-building-en-barcelona\/grafiti-arte-callejero","og_site_name":"BarcelonaTours.net","article_publisher":"https:\/\/www.facebook.com\/BarcelonaTours.net\/","article_modified_time":"2025-07-31T13:56:13+00:00","og_image":[{"width":1920,"height":1042,"url":"https:\/\/barcelonatours.net\/wp-content\/uploads\/2022\/01\/fernando-valenzuela-rBADm7cyvrQ-unsplash-e1564059103715.jpg","type":"image\/jpeg"}],"twitter_card":"summary_large_image","twitter_site":"@BarcelonaTours1","twitter_misc":{"Tiempo de lectura":"5 minutos"},"schema":{"@context":"https:\/\/schema.org","@graph":[{"@type":"WebPage","@id":"https:\/\/barcelonatours.net\/es\/team-building-en-barcelona\/grafiti-arte-callejero","url":"https:\/\/barcelonatours.net\/es\/team-building-en-barcelona\/grafiti-arte-callejero","name":"Graffiti Workshop en Barcelona - Team Building | BarcelonaTours","isPartOf":{"@id":"https:\/\/barcelonatours.net\/es#website"},"primaryImageOfPage":{"@id":"https:\/\/barcelonatours.net\/es\/team-building-en-barcelona\/grafiti-arte-callejero#primaryimage"},"image":{"@id":"https:\/\/barcelonatours.net\/es\/team-building-en-barcelona\/grafiti-arte-callejero#primaryimage"},"thumbnailUrl":"https:\/\/barcelonatours.net\/wp-content\/uploads\/2022\/01\/fernando-valenzuela-rBADm7cyvrQ-unsplash-e1564059103715.jpg","datePublished":"2025-07-07T11:58:34+00:00","dateModified":"2025-07-31T13:56:13+00:00","description":"El Graffiti Collective ver\u00e1 al grupo trabajar juntos para crear una obra de arte de graffiti en un lugar c\u00e9ntrico de Barcelona.","breadcrumb":{"@id":"https:\/\/barcelonatours.net\/es\/team-building-en-barcelona\/grafiti-arte-callejero#breadcrumb"},"inLanguage":"es","potentialAction":[{"@type":"ReadAction","target":["https:\/\/barcelonatours.net\/es\/team-building-en-barcelona\/grafiti-arte-callejero"]}]},{"@type":"ImageObject","inLanguage":"es","@id":"https:\/\/barcelonatours.net\/es\/team-building-en-barcelona\/grafiti-arte-callejero#primaryimage","url":"https:\/\/barcelonatours.net\/wp-content\/uploads\/2022\/01\/fernando-valenzuela-rBADm7cyvrQ-unsplash-e1564059103715.jpg","contentUrl":"https:\/\/barcelonatours.net\/wp-content\/uploads\/2022\/01\/fernando-valenzuela-rBADm7cyvrQ-unsplash-e1564059103715.jpg","width":1920,"height":1042,"caption":"Street Artists in Barcelona"},{"@type":"BreadcrumbList","@id":"https:\/\/barcelonatours.net\/es\/team-building-en-barcelona\/grafiti-arte-callejero#breadcrumb","itemListElement":[{"@type":"ListItem","position":1,"name":"Home","item":"https:\/\/barcelonatours.net\/es"},{"@type":"ListItem","position":2,"name":"Shop","item":"https:\/\/barcelonatours.net\/shop"},{"@type":"ListItem","position":3,"name":"Grafiti Workshop en Barcelona"}]},{"@type":"WebSite","@id":"https:\/\/barcelonatours.net\/es#website","url":"https:\/\/barcelonatours.net\/es","name":"BarcelonaTours.net","description":"The best tours and team building activities of Barcelona","publisher":{"@id":"https:\/\/barcelonatours.net\/es#organization"},"alternateName":"Corporate event agency based in Barcelona","potentialAction":[{"@type":"SearchAction","target":{"@type":"EntryPoint","urlTemplate":"https:\/\/barcelonatours.net\/es?s={search_term_string}"},"query-input":{"@type":"PropertyValueSpecification","valueRequired":true,"valueName":"search_term_string"}}],"inLanguage":"es"},{"@type":"Organization","@id":"https:\/\/barcelonatours.net\/es#organization","name":"Barcelona Tours","url":"https:\/\/barcelonatours.net\/es","logo":{"@type":"ImageObject","inLanguage":"es","@id":"https:\/\/barcelonatours.net\/es#\/schema\/logo\/image\/","url":"https:\/\/barcelonatours.net\/wp-content\/uploads\/2019\/04\/bcn_tours_logo-e1556215659835.png","contentUrl":"https:\/\/barcelonatours.net\/wp-content\/uploads\/2019\/04\/bcn_tours_logo-e1556215659835.png","width":250,"height":89,"caption":"Barcelona Tours"},"image":{"@id":"https:\/\/barcelonatours.net\/es#\/schema\/logo\/image\/"},"sameAs":["https:\/\/www.facebook.com\/BarcelonaTours.net\/","https:\/\/x.com\/BarcelonaTours1","https:\/\/www.instagram.com\/barcelonatours\/"]}]}},"_links":{"self":[{"href":"https:\/\/barcelonatours.net\/es\/wp-json\/wp\/v2\/product\/5668","targetHints":{"allow":["GET"]}}],"collection":[{"href":"https:\/\/barcelonatours.net\/es\/wp-json\/wp\/v2\/product"}],"about":[{"href":"https:\/\/barcelonatours.net\/es\/wp-json\/wp\/v2\/types\/product"}],"replies":[{"embeddable":true,"href":"https:\/\/barcelonatours.net\/es\/wp-json\/wp\/v2\/comments?post=5668"}],"version-history":[{"count":0,"href":"https:\/\/barcelonatours.net\/es\/wp-json\/wp\/v2\/product\/5668\/revisions"}],"wp:featuredmedia":[{"embeddable":true,"href":"https:\/\/barcelonatours.net\/es\/wp-json\/wp\/v2\/media\/7096"}],"wp:attachment":[{"href":"https:\/\/barcelonatours.net\/es\/wp-json\/wp\/v2\/media?parent=5668"}],"wp:term":[{"taxonomy":"product_brand","embeddable":true,"href":"https:\/\/barcelonatours.net\/es\/wp-json\/wp\/v2\/product_brand?post=5668"},{"taxonomy":"product_cat","embeddable":true,"href":"https:\/\/barcelonatours.net\/es\/wp-json\/wp\/v2\/product_cat?post=5668"},{"taxonomy":"product_tag","embeddable":true,"href":"https:\/\/barcelonatours.net\/es\/wp-json\/wp\/v2\/product_tag?post=5668"}],"curies":[{"name":"wp","href":"https:\/\/api.w.org\/{rel}","templated":true}]}}