{"id":5627,"date":"2019-07-23T14:26:15","date_gmt":"2019-07-23T12:26:15","guid":{"rendered":"https:\/\/barcelonatours.net\/product\/escape-room-on-the-sea\/"},"modified":"2025-04-22T15:17:34","modified_gmt":"2025-04-22T13:17:34","slug":"escape-room-on-the-sea","status":"publish","type":"product","link":"https:\/\/barcelonatours.net\/es\/team-building-en-barcelona\/escape-room-en-el-mar","title":{"rendered":"Escape Room en el mar en Barcelona"},"content":{"rendered":"<p><strong>\u00a1Reserva una Escape Room en el mar en Barcelona!<\/strong> Combina la resoluci\u00f3n de problemas y el trabajo en equipo de una escape room, con la diversi\u00f3n de navegar en el mar Mediterr\u00e1neo. Las escape room son una forma bien conocida de fomentar el esp\u00edritu de equipo, pero a menudo se ven limitadas porque solo puede participar un determinado n\u00famero de personas. Por otro lado, un viaje en barco carece del elemento competitivo que hace que el Team Building sea excepcional.<\/p>\n<p>\u00a1Tenemos la soluci\u00f3n! Estamos orgullosos de presentar un original juego de escape a bordo de un barco, el \u201cGineta\u201d. Esta motivadora actividad de Team Building es \u00fanica y emocionante, y aprovecha al m\u00e1ximo la ubicaci\u00f3n costera de Barcelona. \u00bfPor qu\u00e9 estar encerrado en una escape room normal, cuando puedes estar en el mar, en un hermoso barco, mientras descifras los acertijos y sigues las pistas que necesitas para resolver el caso?<\/p>\n<p><strong>Reserva esta actividad si est\u00e1s buscando: actividades grupales en Barcelona y \/ o Team Building en Barcelona.<\/strong><\/p>\n<p><!--more--><\/p>\n<table class=\"table table-bordered tours-tabs__table\" style=\"width: 98.6374%; height: 114px;\" width=\"99.2947%\">\n<tbody>\n<tr style=\"height: 24px;\">\n<td style=\"width: 21.0088%; height: 24px;\"><strong>PUNTO DE ENCUENTRO <\/strong><\/td>\n<td style=\"width: 78.0108%; height: 24px;\">Port Vell<\/td>\n<\/tr>\n<tr style=\"height: 80px;\">\n<td style=\"width: 21.0088%; height: 80px;\"><strong>INCLUIDO<\/strong><\/td>\n<td style=\"width: 78.0108%; height: 80px;\">\n<table class=\"table table-bordered alignleft\" style=\"width: 0%; height: 96px;\" width=\"0%\">\n<tbody>\n<tr style=\"height: 24px;\">\n<td style=\"height: 24px; width: 100%;\"><i class=\"fa fa-check icon-tick icon-tick--on\"><\/i>2h de alquiler del barco \u201cGineta\u201d (1h de navegaci\u00f3n y 1h en el puerto)<\/td>\n<\/tr>\n<tr>\n<td style=\"width: 100%;\"><i class=\"fa fa-check icon-tick icon-tick--on\"><\/i>Actividad \u201cEscape Boat\u201d<\/td>\n<\/tr>\n<tr>\n<td style=\"width: 100%;\"><i class=\"fa fa-check icon-tick icon-tick--on\"><\/i>Capit\u00e1n<\/td>\n<\/tr>\n<tr>\n<td style=\"width: 100%;\"><i class=\"fa fa-check icon-tick icon-tick--on\"><\/i>Combustible<\/td>\n<\/tr>\n<tr>\n<td style=\"width: 100%;\"><i class=\"fa fa-check icon-tick icon-tick--on\"><\/i>Impuestos.<\/td>\n<\/tr>\n<\/tbody>\n<\/table>\n<\/td>\n<\/tr>\n<tr style=\"height: 82px;\">\n<td style=\"width: 21.0088%; height: 10px;\"><b>NO INCLUIDO<\/b><\/td>\n<td style=\"width: 78.0108%; height: 10px;\">\n<table class=\"table table-bordered\" style=\"height: 34px; width: 0%;\" width=\"300\">\n<tbody>\n<tr style=\"height: 34px;\">\n<td style=\"width: 98.8048%; height: 34px;\">\n<table class=\"table table-bordered\" style=\"height: 44px; width: 0%;\" width=\"300\">\n<tbody>\n<tr style=\"height: 24px;\">\n<td style=\"width: 100%; height: 24px;\"><i class=\"fa fa-times icon-tick icon-tick--off\"><\/i>Comida\/bebida<\/td>\n<\/tr>\n<tr style=\"height: 24px;\">\n<td style=\"width: 100%; height: 20px;\"><i class=\"fa fa-times icon-tick icon-tick--off\"><\/i>Traslados a el puerto.<\/td>\n<\/tr>\n<\/tbody>\n<\/table>\n<\/td>\n<\/tr>\n<\/tbody>\n<\/table>\n<\/td>\n<\/tr>\n<tr>\n<td style=\"width: 21.0088%;\"><b>PRECIO<\/b><\/td>\n<td style=\"width: 78.0108%;\">El precio propuesto se basa en 80 participantes (solicita presupuesto personalizado)<\/td>\n<\/tr>\n<\/tbody>\n<\/table>\n<h2>Una actividad de Team Building que es un placer<\/h2>\n<p>Esta actividad de trabajo en equipo dar\u00e1 que hablar en los pr\u00f3ximos a\u00f1os. No solo combina una escape room con un divertido viaje en velero, sino que tambi\u00e9n combina un desaf\u00edo y una recompensa: el desaf\u00edo es vencer a los otros equipos y ser declarado ganador; la recompensa es que todos los equipos, ganen o pierdan, tienen la oportunidad de admirar el impresionante Skyline de Barcelona y contemplar el hermoso mar Mediterr\u00e1neo desde la cubierta de un gran barco.<\/p>\n<p>Para m\u00e1s opciones de viajes en barco, visita nuestra p\u00e1gina\u00a0<a href=\"https:\/\/barcelonatours.net\/boat-trips\/\">Boat Trips<\/a>.<\/p>\n<h2><strong>Escape Room en el mar: \u00bfC\u00f3mo funciona?<\/strong><\/h2>\n<p>\u00a1Sube a bordo de un barco de madera tradicional, navega por el mar con tus compa\u00f1eros y sum\u00e9rgete en los desaf\u00edos que te esperan a ti y a los miembros de tu equipo! El dise\u00f1o y el estilo del barco \u201cGineta\u201d te har\u00e1n sentir como si estuvieras a bordo de un verdadero gale\u00f3n pirata, que surca los mares para descubrir nuevos y emocionantes mundos. Pero hoy tu objetivo ser\u00e1 otro: seguir las pistas, resolver los enigmas y terminar la actividad tan r\u00e1pido como sea posible.<\/p>\n<p>No queremos darte demasiada informaci\u00f3n para no arruinarte la experiencia, pero ya te adelantamos que al comienzo de la actividad se te revelar\u00e1 todo lo que necesitas saber\u2026 \u00a1excepto la soluci\u00f3n de los enigmas! y descubrir\u00e1s una trama muy intrigante&#8230;<\/p>\n<h3><b>Doctor Alberti<\/b><\/h3>\n<p>Escucha atentamente la historia del Doctor Alberti y su elixir secreto de la eterna felicidad. El doctor ha desaparecido sin dejar rastro, pero se han podido rescatar su caja fuerte y algunos de sus papeles m\u00e1s preciados. Tu equipo debe trabajar con estos documentos para descubrir el c\u00f3digo de la caja fuerte y as\u00ed poder ganar el tesoro que contiene. Es posible que tambi\u00e9n necesites colaborar y conspirar con tus equipos rivales para descubrir el c\u00f3digo secreto, pero \u00a1cuidado!, \u00a1nunca olvides que esto es una competici\u00f3n!<\/p>\n<p>El l\u00edmite de tiempo para abrir la caja es de 60 minutos: \u00bfDescifrar\u00e1s el c\u00f3digo o, por el contrario, el secreto del Doctor Alberti se perder\u00e1 para siempre en las olas del mar?<\/p>\n<h3><b>Celebraci\u00f3n<\/b><\/h3>\n<p>Una vez hayas desembarcado, podemos ayudarte a organizar una comida o una cena, o reservar un espacio en un restaurante para tomar bebidas y un aperitivo, y para que todos puedan tener tiempo para adaptarse a la tierra firme y comentar la divertida experiencia que han tenido a bordo del \u201cGineta\u201d.<\/p>\n<h3>Barcelona Tours: todo el paquete corporativo<\/h3>\n<p>Alongside our great <a href=\"https:\/\/barcelonatours.net\/es\/team-building-en-barcelona\">actividades team building<\/a>, ofrecemos todo lo que necesitas para un incre\u00edble evento corporativo en Barcelona. Visita la p\u00e1gina de <a href=\"https:\/\/barcelonatours.net\/corporate-groups\/\">Corporate Services<\/a> para obtener m\u00e1s informaci\u00f3n, desde traslados y hoteles hasta salas de conferencias y gu\u00edas privados. \u00a1Perm\u00edtenos hacer a nosotros el trabajo, para que no tengas que preocuparte t\u00fa!<\/p>\n<p><b>Ponte en contacto con nuestro equipo hoy para obtener m\u00e1s informaci\u00f3n: <a href=\"mailto:info@barcelonatours.net\">info@barcelonatours.net<\/a> or llama ahora al 0034 935 008 226.<\/b><\/p>\n","protected":false},"excerpt":{"rendered":"<p>Nuestra sala de escape en el mar te har\u00e1 rascarte la cabeza mientras viajas por la costa de Barcelona.<\/p>\n","protected":false},"featured_media":6934,"comment_status":"closed","ping_status":"closed","template":"","meta":{"footnotes":""},"product_brand":[],"product_cat":[3463],"product_tag":[],"class_list":{"0":"post-5627","1":"product","2":"type-product","3":"status-publish","4":"has-post-thumbnail","6":"product_cat-team-building-es","7":"tour_category-boat-trips-es","8":"tour_category-team-building-en-barcelona","10":"first","11":"instock","12":"virtual","13":"taxable","14":"purchasable","15":"product-type-tour"},"yoast_head":"<!-- This site is optimized with the Yoast SEO plugin v27.4 - https:\/\/yoast.com\/product\/yoast-seo-wordpress\/ -->\n<title>Escape Room en el mar en Barcelona - Team Building | BarcelonaTours<\/title>\n<meta name=\"description\" content=\"Ofrecemos una nueva y emocionante actividad de trabajo en equipo en Barcelona. Esta actividad es \u00fanica, emocionante e inspiradora. \u00a1P\u00f3ngase en contacto hoy!\" \/>\n<meta name=\"robots\" content=\"index, follow, max-snippet:-1, max-image-preview:large, max-video-preview:-1\" \/>\n<link rel=\"canonical\" href=\"https:\/\/barcelonatours.net\/es\/team-building-en-barcelona\/escape-room-en-el-mar\" \/>\n<meta property=\"og:locale\" content=\"es_ES\" \/>\n<meta property=\"og:type\" content=\"article\" \/>\n<meta property=\"og:title\" content=\"Escape Room en el mar en Barcelona - Team Building | BarcelonaTours\" \/>\n<meta property=\"og:description\" content=\"Ofrecemos una nueva y emocionante actividad de trabajo en equipo en Barcelona. Esta actividad es \u00fanica, emocionante e inspiradora. \u00a1P\u00f3ngase en contacto hoy!\" \/>\n<meta property=\"og:url\" content=\"https:\/\/barcelonatours.net\/es\/team-building-en-barcelona\/escape-room-en-el-mar\" \/>\n<meta property=\"og:site_name\" content=\"BarcelonaTours.net\" \/>\n<meta property=\"article:publisher\" content=\"https:\/\/www.facebook.com\/BarcelonaTours.net\/\" \/>\n<meta property=\"article:modified_time\" content=\"2025-04-22T13:17:34+00:00\" \/>\n<meta property=\"og:image\" content=\"https:\/\/barcelonatours.net\/wp-content\/uploads\/2021\/11\/6.jpg\" \/>\n\t<meta property=\"og:image:width\" content=\"600\" \/>\n\t<meta property=\"og:image:height\" content=\"400\" \/>\n\t<meta property=\"og:image:type\" content=\"image\/jpeg\" \/>\n<meta name=\"twitter:card\" content=\"summary_large_image\" \/>\n<meta name=\"twitter:site\" content=\"@BarcelonaTours1\" \/>\n<meta name=\"twitter:label1\" content=\"Tiempo de lectura\" \/>\n\t<meta name=\"twitter:data1\" content=\"4 minutos\" \/>\n<script type=\"application\/ld+json\" class=\"yoast-schema-graph\">{\"@context\":\"https:\\\/\\\/schema.org\",\"@graph\":[{\"@type\":\"WebPage\",\"@id\":\"https:\\\/\\\/barcelonatours.net\\\/es\\\/team-building-en-barcelona\\\/escape-room-en-el-mar\",\"url\":\"https:\\\/\\\/barcelonatours.net\\\/es\\\/team-building-en-barcelona\\\/escape-room-en-el-mar\",\"name\":\"Escape Room en el mar en Barcelona - Team Building | BarcelonaTours\",\"isPartOf\":{\"@id\":\"https:\\\/\\\/barcelonatours.net\\\/es#website\"},\"primaryImageOfPage\":{\"@id\":\"https:\\\/\\\/barcelonatours.net\\\/es\\\/team-building-en-barcelona\\\/escape-room-en-el-mar#primaryimage\"},\"image\":{\"@id\":\"https:\\\/\\\/barcelonatours.net\\\/es\\\/team-building-en-barcelona\\\/escape-room-en-el-mar#primaryimage\"},\"thumbnailUrl\":\"https:\\\/\\\/barcelonatours.net\\\/wp-content\\\/uploads\\\/2021\\\/11\\\/6.jpg\",\"datePublished\":\"2019-07-23T12:26:15+00:00\",\"dateModified\":\"2025-04-22T13:17:34+00:00\",\"description\":\"Ofrecemos una nueva y emocionante actividad de trabajo en equipo en Barcelona. Esta actividad es \u00fanica, emocionante e inspiradora. \u00a1P\u00f3ngase en contacto hoy!\",\"breadcrumb\":{\"@id\":\"https:\\\/\\\/barcelonatours.net\\\/es\\\/team-building-en-barcelona\\\/escape-room-en-el-mar#breadcrumb\"},\"inLanguage\":\"es\",\"potentialAction\":[{\"@type\":\"ReadAction\",\"target\":[\"https:\\\/\\\/barcelonatours.net\\\/es\\\/team-building-en-barcelona\\\/escape-room-en-el-mar\"]}]},{\"@type\":\"ImageObject\",\"inLanguage\":\"es\",\"@id\":\"https:\\\/\\\/barcelonatours.net\\\/es\\\/team-building-en-barcelona\\\/escape-room-en-el-mar#primaryimage\",\"url\":\"https:\\\/\\\/barcelonatours.net\\\/wp-content\\\/uploads\\\/2021\\\/11\\\/6.jpg\",\"contentUrl\":\"https:\\\/\\\/barcelonatours.net\\\/wp-content\\\/uploads\\\/2021\\\/11\\\/6.jpg\",\"width\":600,\"height\":400,\"caption\":\"La Gineta Sailing Galleon\"},{\"@type\":\"BreadcrumbList\",\"@id\":\"https:\\\/\\\/barcelonatours.net\\\/es\\\/team-building-en-barcelona\\\/escape-room-en-el-mar#breadcrumb\",\"itemListElement\":[{\"@type\":\"ListItem\",\"position\":1,\"name\":\"Home\",\"item\":\"https:\\\/\\\/barcelonatours.net\\\/es\"},{\"@type\":\"ListItem\",\"position\":2,\"name\":\"Shop\",\"item\":\"https:\\\/\\\/barcelonatours.net\\\/shop\"},{\"@type\":\"ListItem\",\"position\":3,\"name\":\"Escape Room en el mar en Barcelona\"}]},{\"@type\":\"WebSite\",\"@id\":\"https:\\\/\\\/barcelonatours.net\\\/es#website\",\"url\":\"https:\\\/\\\/barcelonatours.net\\\/es\",\"name\":\"BarcelonaTours.net\",\"description\":\"The best tours and team building activities of Barcelona\",\"publisher\":{\"@id\":\"https:\\\/\\\/barcelonatours.net\\\/es#organization\"},\"alternateName\":\"Corporate event agency based in Barcelona\",\"potentialAction\":[{\"@type\":\"SearchAction\",\"target\":{\"@type\":\"EntryPoint\",\"urlTemplate\":\"https:\\\/\\\/barcelonatours.net\\\/es?s={search_term_string}\"},\"query-input\":{\"@type\":\"PropertyValueSpecification\",\"valueRequired\":true,\"valueName\":\"search_term_string\"}}],\"inLanguage\":\"es\"},{\"@type\":\"Organization\",\"@id\":\"https:\\\/\\\/barcelonatours.net\\\/es#organization\",\"name\":\"Barcelona Tours\",\"url\":\"https:\\\/\\\/barcelonatours.net\\\/es\",\"logo\":{\"@type\":\"ImageObject\",\"inLanguage\":\"es\",\"@id\":\"https:\\\/\\\/barcelonatours.net\\\/es#\\\/schema\\\/logo\\\/image\\\/\",\"url\":\"https:\\\/\\\/barcelonatours.net\\\/wp-content\\\/uploads\\\/2019\\\/04\\\/bcn_tours_logo-e1556215659835.png\",\"contentUrl\":\"https:\\\/\\\/barcelonatours.net\\\/wp-content\\\/uploads\\\/2019\\\/04\\\/bcn_tours_logo-e1556215659835.png\",\"width\":250,\"height\":89,\"caption\":\"Barcelona Tours\"},\"image\":{\"@id\":\"https:\\\/\\\/barcelonatours.net\\\/es#\\\/schema\\\/logo\\\/image\\\/\"},\"sameAs\":[\"https:\\\/\\\/www.facebook.com\\\/BarcelonaTours.net\\\/\",\"https:\\\/\\\/x.com\\\/BarcelonaTours1\",\"https:\\\/\\\/www.instagram.com\\\/barcelonatours\\\/\"]}]}<\/script>\n<!-- \/ Yoast SEO plugin. -->","yoast_head_json":{"title":"Escape Room en el mar en Barcelona - Team Building | BarcelonaTours","description":"Ofrecemos una nueva y emocionante actividad de trabajo en equipo en Barcelona. Esta actividad es \u00fanica, emocionante e inspiradora. \u00a1P\u00f3ngase en contacto hoy!","robots":{"index":"index","follow":"follow","max-snippet":"max-snippet:-1","max-image-preview":"max-image-preview:large","max-video-preview":"max-video-preview:-1"},"canonical":"https:\/\/barcelonatours.net\/es\/team-building-en-barcelona\/escape-room-en-el-mar","og_locale":"es_ES","og_type":"article","og_title":"Escape Room en el mar en Barcelona - Team Building | BarcelonaTours","og_description":"Ofrecemos una nueva y emocionante actividad de trabajo en equipo en Barcelona. Esta actividad es \u00fanica, emocionante e inspiradora. \u00a1P\u00f3ngase en contacto hoy!","og_url":"https:\/\/barcelonatours.net\/es\/team-building-en-barcelona\/escape-room-en-el-mar","og_site_name":"BarcelonaTours.net","article_publisher":"https:\/\/www.facebook.com\/BarcelonaTours.net\/","article_modified_time":"2025-04-22T13:17:34+00:00","og_image":[{"width":600,"height":400,"url":"https:\/\/barcelonatours.net\/wp-content\/uploads\/2021\/11\/6.jpg","type":"image\/jpeg"}],"twitter_card":"summary_large_image","twitter_site":"@BarcelonaTours1","twitter_misc":{"Tiempo de lectura":"4 minutos"},"schema":{"@context":"https:\/\/schema.org","@graph":[{"@type":"WebPage","@id":"https:\/\/barcelonatours.net\/es\/team-building-en-barcelona\/escape-room-en-el-mar","url":"https:\/\/barcelonatours.net\/es\/team-building-en-barcelona\/escape-room-en-el-mar","name":"Escape Room en el mar en Barcelona - Team Building | BarcelonaTours","isPartOf":{"@id":"https:\/\/barcelonatours.net\/es#website"},"primaryImageOfPage":{"@id":"https:\/\/barcelonatours.net\/es\/team-building-en-barcelona\/escape-room-en-el-mar#primaryimage"},"image":{"@id":"https:\/\/barcelonatours.net\/es\/team-building-en-barcelona\/escape-room-en-el-mar#primaryimage"},"thumbnailUrl":"https:\/\/barcelonatours.net\/wp-content\/uploads\/2021\/11\/6.jpg","datePublished":"2019-07-23T12:26:15+00:00","dateModified":"2025-04-22T13:17:34+00:00","description":"Ofrecemos una nueva y emocionante actividad de trabajo en equipo en Barcelona. Esta actividad es \u00fanica, emocionante e inspiradora. \u00a1P\u00f3ngase en contacto hoy!","breadcrumb":{"@id":"https:\/\/barcelonatours.net\/es\/team-building-en-barcelona\/escape-room-en-el-mar#breadcrumb"},"inLanguage":"es","potentialAction":[{"@type":"ReadAction","target":["https:\/\/barcelonatours.net\/es\/team-building-en-barcelona\/escape-room-en-el-mar"]}]},{"@type":"ImageObject","inLanguage":"es","@id":"https:\/\/barcelonatours.net\/es\/team-building-en-barcelona\/escape-room-en-el-mar#primaryimage","url":"https:\/\/barcelonatours.net\/wp-content\/uploads\/2021\/11\/6.jpg","contentUrl":"https:\/\/barcelonatours.net\/wp-content\/uploads\/2021\/11\/6.jpg","width":600,"height":400,"caption":"La Gineta Sailing Galleon"},{"@type":"BreadcrumbList","@id":"https:\/\/barcelonatours.net\/es\/team-building-en-barcelona\/escape-room-en-el-mar#breadcrumb","itemListElement":[{"@type":"ListItem","position":1,"name":"Home","item":"https:\/\/barcelonatours.net\/es"},{"@type":"ListItem","position":2,"name":"Shop","item":"https:\/\/barcelonatours.net\/shop"},{"@type":"ListItem","position":3,"name":"Escape Room en el mar en Barcelona"}]},{"@type":"WebSite","@id":"https:\/\/barcelonatours.net\/es#website","url":"https:\/\/barcelonatours.net\/es","name":"BarcelonaTours.net","description":"The best tours and team building activities of Barcelona","publisher":{"@id":"https:\/\/barcelonatours.net\/es#organization"},"alternateName":"Corporate event agency based in Barcelona","potentialAction":[{"@type":"SearchAction","target":{"@type":"EntryPoint","urlTemplate":"https:\/\/barcelonatours.net\/es?s={search_term_string}"},"query-input":{"@type":"PropertyValueSpecification","valueRequired":true,"valueName":"search_term_string"}}],"inLanguage":"es"},{"@type":"Organization","@id":"https:\/\/barcelonatours.net\/es#organization","name":"Barcelona Tours","url":"https:\/\/barcelonatours.net\/es","logo":{"@type":"ImageObject","inLanguage":"es","@id":"https:\/\/barcelonatours.net\/es#\/schema\/logo\/image\/","url":"https:\/\/barcelonatours.net\/wp-content\/uploads\/2019\/04\/bcn_tours_logo-e1556215659835.png","contentUrl":"https:\/\/barcelonatours.net\/wp-content\/uploads\/2019\/04\/bcn_tours_logo-e1556215659835.png","width":250,"height":89,"caption":"Barcelona Tours"},"image":{"@id":"https:\/\/barcelonatours.net\/es#\/schema\/logo\/image\/"},"sameAs":["https:\/\/www.facebook.com\/BarcelonaTours.net\/","https:\/\/x.com\/BarcelonaTours1","https:\/\/www.instagram.com\/barcelonatours\/"]}]}},"_links":{"self":[{"href":"https:\/\/barcelonatours.net\/es\/wp-json\/wp\/v2\/product\/5627","targetHints":{"allow":["GET"]}}],"collection":[{"href":"https:\/\/barcelonatours.net\/es\/wp-json\/wp\/v2\/product"}],"about":[{"href":"https:\/\/barcelonatours.net\/es\/wp-json\/wp\/v2\/types\/product"}],"replies":[{"embeddable":true,"href":"https:\/\/barcelonatours.net\/es\/wp-json\/wp\/v2\/comments?post=5627"}],"version-history":[{"count":0,"href":"https:\/\/barcelonatours.net\/es\/wp-json\/wp\/v2\/product\/5627\/revisions"}],"wp:featuredmedia":[{"embeddable":true,"href":"https:\/\/barcelonatours.net\/es\/wp-json\/wp\/v2\/media\/6934"}],"wp:attachment":[{"href":"https:\/\/barcelonatours.net\/es\/wp-json\/wp\/v2\/media?parent=5627"}],"wp:term":[{"taxonomy":"product_brand","embeddable":true,"href":"https:\/\/barcelonatours.net\/es\/wp-json\/wp\/v2\/product_brand?post=5627"},{"taxonomy":"product_cat","embeddable":true,"href":"https:\/\/barcelonatours.net\/es\/wp-json\/wp\/v2\/product_cat?post=5627"},{"taxonomy":"product_tag","embeddable":true,"href":"https:\/\/barcelonatours.net\/es\/wp-json\/wp\/v2\/product_tag?post=5627"}],"curies":[{"name":"wp","href":"https:\/\/api.w.org\/{rel}","templated":true}]}}