{"id":5602,"date":"2019-07-26T10:45:07","date_gmt":"2019-07-26T08:45:07","guid":{"rendered":"https:\/\/barcelonatours.net\/product\/restaurants-for-groups\/"},"modified":"2025-12-30T15:37:19","modified_gmt":"2025-12-30T14:37:19","slug":"restaurantes-para-grupos","status":"publish","type":"product","link":"https:\/\/barcelonatours.net\/es\/team-building-en-barcelona\/restaurantes-para-grupos","title":{"rendered":"Restaurantes para grupos en Barcelona"},"content":{"rendered":"<div class=\"wpb-content-wrapper\">[vc_row][vc_column][vc_column_text css=\u00bb\u00bb]\n<h2>Reserva restaurantes para grupos en Barcelona<\/h2>\n<p>Una cena corporativa es mucho m\u00e1s que una comida. Es una oportunidad para fortalecer relaciones, agradecer a tus empleados y crear recuerdos duraderos. La elecci\u00f3n del restaurante juega un papel fundamental en esta experiencia. Al seleccionar un lugar con una atm\u00f3sfera agradable y una cocina deliciosa, podr\u00e1s garantizar la satisfacci\u00f3n de tus invitados y convertir tu evento en un \u00e9xito rotundo<\/p>\n<p>\u00a1Entra en Barcelona Tours! tenemos casi una d\u00e9cada de experiencia planeando y ejecutando con \u00e9xito todo tipo de cenas grupales corporativas en Barcelona. Un \u00e1rea en la que estamos particularmente especializados es en encontrar los mejores restaurantes en Barcelona para incentivos, con el fin de proporcionarte el lugar perfecto para que entretengas a tu grupo.<\/p>\n<h2>Come como un local que se conoce su ciudad<\/h2>\n<p><img decoding=\"async\" class=\"alignright wp-image-14047 size-medium lazyload\" data-src=\"https:\/\/barcelonatours.net\/wp-content\/uploads\/2019\/07\/Pergola-sentados-1-300x225.jpg\" alt=\"Cenas de grupos en Barcelona para tu empresa. espacio privados\" width=\"300\" height=\"225\" data-srcset=\"https:\/\/barcelonatours.net\/wp-content\/uploads\/2019\/07\/Pergola-sentados-1-300x225.jpg 300w, https:\/\/barcelonatours.net\/wp-content\/uploads\/2019\/07\/Pergola-sentados-1-1024x768.jpg 1024w, https:\/\/barcelonatours.net\/wp-content\/uploads\/2019\/07\/Pergola-sentados-1-768x576.jpg 768w, https:\/\/barcelonatours.net\/wp-content\/uploads\/2019\/07\/Pergola-sentados-1-1536x1152.jpg 1536w, https:\/\/barcelonatours.net\/wp-content\/uploads\/2019\/07\/Pergola-sentados-1-scaled.jpg 2048w, https:\/\/barcelonatours.net\/wp-content\/uploads\/2019\/07\/Pergola-sentados-1-600x450.jpg 600w\" data-sizes=\"(max-width: 300px) 100vw, 300px\" src=\"data:image\/svg+xml;base64,PHN2ZyB3aWR0aD0iMSIgaGVpZ2h0PSIxIiB4bWxucz0iaHR0cDovL3d3dy53My5vcmcvMjAwMC9zdmciPjwvc3ZnPg==\" style=\"--smush-placeholder-width: 300px; --smush-placeholder-aspect-ratio: 300\/225;\" \/>Todos hemos terminado en restaurantes decepcionantes . Es incre\u00edblemente dif\u00edcil saber d\u00f3nde est\u00e1n los mejores restaurantes y, lo que es m\u00e1s importante, cu\u00e1les satisfar\u00e1n las necesidades de tu grupo corporativo. Para ello,<strong>\u00a0necesitas especialistas locales que puedan organizar los mejores restaurantes de Barcelona para tu grupo.<\/strong> Aqu\u00ed es donde entramos nosotros.<\/p>\n<p>Realmente <strong>conocemos los mejores restaurantes para grupos corporativos<\/strong> <strong>y nos consideramos expertos en gastronom\u00eda para cenas en grupo en Barcelona<\/strong>. As\u00ed que ah\u00f3rrate el estr\u00e9s de horas de investigaci\u00f3n y recomendaciones descabelladas, y conf\u00eda en nosotros.<\/p>\n<p>Te prometemos no solo los m\u00e1s adecuados, sino aquellos dise\u00f1ados especialmente para atender cenas de grupos grandes. Con un excelente servicio, nos aseguramos de trabajar solo con los restaurantes m\u00e1s \u201ctop\u201d para grupos. Puedes confiar que tu grupo se sentir\u00e1 bienvenido y atendido por completo en tu fiesta privada.<\/p>\n<h3>Barcelona: vinos y restaurantes de primer nivel<\/h3>\n<p><img decoding=\"async\" class=\"size-medium wp-image-10168 alignleft lazyload\" data-src=\"https:\/\/barcelonatours.net\/wp-content\/uploads\/2019\/07\/Restaurants-for-Groups-5.png\" alt=\"\" width=\"300\" height=\"240\" data-srcset=\"https:\/\/barcelonatours.net\/wp-content\/uploads\/2019\/07\/Restaurants-for-Groups-5.png 698w, https:\/\/barcelonatours.net\/wp-content\/uploads\/2019\/07\/Restaurants-for-Groups-5-600x480.png 600w, https:\/\/barcelonatours.net\/wp-content\/uploads\/2019\/07\/Restaurants-for-Groups-5-300x240.png 300w\" data-sizes=\"(max-width: 300px) 100vw, 300px\" src=\"data:image\/svg+xml;base64,PHN2ZyB3aWR0aD0iMSIgaGVpZ2h0PSIxIiB4bWxucz0iaHR0cDovL3d3dy53My5vcmcvMjAwMC9zdmciPjwvc3ZnPg==\" style=\"--smush-placeholder-width: 300px; --smush-placeholder-aspect-ratio: 300\/240;\" \/>\u00bfPor qu\u00e9 la gastronom\u00eda es una parte tan importante de cualquier viaje corporativo o de incentivos a Barcelona? Porque Barcelona, una y otra vez, <strong>ha sido votada como uno de los mejores destinos gastron\u00f3micos, no solo de Europa, sino de todo el mundo. <\/strong><\/p>\n<p>Barcelona es conocida, en todos los rincones del mundo, por ofrecer algunas de las cocinas m\u00e1s deliciosamente creativas y originales. Contin\u00faa liderando el camino con su creciente n\u00famero de restaurantes con estrellas Michelin, que deleitan, inspiran y satisfacen incluso a los amantes de la comida m\u00e1s dif\u00edciles de complacer.<\/p>\n<p>Con esto en mente, nos tomamos muy en serio la selecci\u00f3n de restaurantes para cenas en grupo en Barcelona. Queremos que nuestros grupos disfruten de lo mejor que Barcelona tiene para ofrecer. <strong>Tenemos opciones para cada presupuesto, grande o peque\u00f1o<\/strong>, y nada nos encantar\u00e1 m\u00e1s, que planear una gran noche de fiesta para tus empleados.<\/p>\n<h3>Restaurantes para todos los gustos<\/h3>\n<figure id=\"attachment_10157\" aria-describedby=\"caption-attachment-10157\" style=\"width: 346px\" class=\"wp-caption alignright\"><img decoding=\"async\" class=\"wp-image-10157 lazyload\" data-src=\"https:\/\/barcelonatours.net\/wp-content\/uploads\/2019\/07\/Restaurants-for-Groups.png\" alt=\"Restaurantes para grupos en Barcelona con encanto\" width=\"346\" height=\"230\" data-srcset=\"https:\/\/barcelonatours.net\/wp-content\/uploads\/2019\/07\/Restaurants-for-Groups.png 1112w, https:\/\/barcelonatours.net\/wp-content\/uploads\/2019\/07\/Restaurants-for-Groups-531x354.png 531w, https:\/\/barcelonatours.net\/wp-content\/uploads\/2019\/07\/Restaurants-for-Groups-180x120.png 180w, https:\/\/barcelonatours.net\/wp-content\/uploads\/2019\/07\/Restaurants-for-Groups-600x399.png 600w\" data-sizes=\"(max-width: 346px) 100vw, 346px\" src=\"data:image\/svg+xml;base64,PHN2ZyB3aWR0aD0iMSIgaGVpZ2h0PSIxIiB4bWxucz0iaHR0cDovL3d3dy53My5vcmcvMjAwMC9zdmciPjwvc3ZnPg==\" style=\"--smush-placeholder-width: 346px; --smush-placeholder-aspect-ratio: 346\/230;\" \/><figcaption id=\"caption-attachment-10157\" class=\"wp-caption-text\">Tenemos espacios con encanto y salas privadas para grupos en Barcelona<\/figcaption><\/figure>\n<p>Nuestro equipo ha visitado y comido personalmente en todos los restaurantes que recomendamos a nuestros grupos privados. <strong>Nos enorgullecemos de ofrecer una amplia variedad de cocinas y ambientes, para cubrir todos los gustos y necesidades<\/strong>.<\/p>\n<p>Desde la cocina tradicional espa\u00f1ola hasta la excitante fusi\u00f3n asi\u00e1tica, desde cenas con vistas a cenas con un espect\u00e1culo flamenco privado, desde probar tu mano en la cocina local, hasta la degustaci\u00f3n de vinos y quesos, nuestra extensa lista de los mejores restaurantes te garantiza una experiencia inolvidable.<\/p>\n<h4>Comedores privados y men\u00fas grupales en Barcelona<\/h4>\n<p>La mayor\u00eda de nuestros restaurantes disponen de comedores privados y men\u00fas grupales, y con tantos para elegir, te prometemos encontrar el lugar perfecto para la cena de tu grupo privado. No dejes tu cena al azar, entr\u00e9gasela a los expertos. Realmente tenemos el lugar perfecto para satisfacer gustos, tama\u00f1o y presupuestos de cada grupo.<\/p>\n<p>Ponte en contacto con nosotros para <a href=\"https:\/\/barcelonatours.net\/es\/contacto\" target=\"_blank\" rel=\"noopener\">solicitar un presupuesto<\/a>.<\/p>\n<h3>De calidad superior para tu incentivo<\/h3>\n<p>Hemos incluido en nuestra lista de restaurantes en Barcelona solo aquellos que construyen su cocina en torno a productos de calidad, una preparaci\u00f3n superior y que tienen una s\u00f3lida reputaci\u00f3n local. Buscamos lugares intensos y atmosf\u00e9ricos, que atiendan a grandes grupos privados, para garantizar que tu cena no carezca de ese important\u00edsimo ambiente.<\/p>\n<p>Hay mucho que decir sobre la tradici\u00f3n cuando nos referimos a la cocina local, pero siempre estamos buscando restaurantes de Barcelona con un peque\u00f1o giro. As\u00ed que, la mayor\u00eda de la cocina local que ofrecemos tiene una versi\u00f3n moderna o \u00fanica de los cl\u00e1sicos tradicionales. Nos gusta que nuestros grupos privados experimenten la cocina local, pero con ese algo extra especial a\u00f1adido para garantizar una experiencia gastron\u00f3mica \u00fanica.<\/p>\n<h2>Restaurantes \u00abtop\u00bb : el mejor marco para tu cena<\/h2>\n<figure id=\"attachment_10160\" aria-describedby=\"caption-attachment-10160\" style=\"width: 366px\" class=\"wp-caption alignleft\"><img decoding=\"async\" class=\"wp-image-10160 lazyload\" data-src=\"https:\/\/barcelonatours.net\/wp-content\/uploads\/2019\/07\/Restaurants-for-Groups-3.png\" alt=\"\" width=\"366\" height=\"262\" data-srcset=\"https:\/\/barcelonatours.net\/wp-content\/uploads\/2019\/07\/Restaurants-for-Groups-3.png 780w, https:\/\/barcelonatours.net\/wp-content\/uploads\/2019\/07\/Restaurants-for-Groups-3-600x429.png 600w\" data-sizes=\"(max-width: 366px) 100vw, 366px\" src=\"data:image\/svg+xml;base64,PHN2ZyB3aWR0aD0iMSIgaGVpZ2h0PSIxIiB4bWxucz0iaHR0cDovL3d3dy53My5vcmcvMjAwMC9zdmciPjwvc3ZnPg==\" style=\"--smush-placeholder-width: 366px; --smush-placeholder-aspect-ratio: 366\/262;\" \/><figcaption id=\"caption-attachment-10160\" class=\"wp-caption-text\">Nuestro equipo ha probado todos los restaurantes en la lista<\/figcaption><\/figure>\n<p>Tu grupo corporativo merece no solo la mejor cocina, sino tambi\u00e9n el mejor marco para su cena.<\/p>\n<p>Nuestros restaurantes ofrecen una selecci\u00f3n de diferentes entornos entre los que puedes elegir, para enmarcar la cena perfecta para tu grupo de incentivos. Tanto si deseas contemplar el reluciente mar Mediterr\u00e1neo, una hermosa plaza hist\u00f3rica, o encaramarte a la monta\u00f1a del Tibidabo, lo tenemos todo.<\/p>\n<p>Si quieres algo moderno, lujoso y de moda, consid\u00e9ralo hecho. Quiz\u00e1s quieras una cena m\u00e1s tradicional, no hay problema. Tal vez prefieras entretenimiento mientras cenas; bueno, en ese caso, has venido al lugar correcto. Independientemente de lo que est\u00e9s buscando, tenemos aquello que har\u00e1 feliz a tu grupo privado y que te garantizar\u00e1 que la cena sea un \u00e9xito fabuloso.<\/p>\n<h3>M\u00e1s opciones<\/h3>\n<p>\u00a1Tenemos una gran variedad de actividades deliciosas! Visita nuestra p\u00e1gina de <a href=\"https:\/\/barcelonatours.net\/es\/excursiones\">Rutas y Tours en Barcelona<\/a> para obtener m\u00e1s opciones o prueba suerte en una <a href=\"https:\/\/barcelonatours.net\/es\/team-building-en-barcelona\/concurso-de-tapas\">clase de cocina espa\u00f1ola<\/a>.<\/p>\n<p><span style=\"font-size: 14pt;\"><em><strong>Pide un presupuesto r\u00e1pido:\u00a0 Email <a href=\"mailto:enquiry@barcelonatours.net\" data-cke-saved-href=\"mailto:enquiry@barcelonatours.net\">info@barcelonatours.net<\/a> \u00a0 Tel\/W&#8217;App\u00a0\u00a0<a href=\"tel: +34658768333\">+34 658 768 333<\/a><\/strong><\/em><\/span><\/p>\n<p>&nbsp;<\/p>\n<p><span style=\"font-size: 14pt;\"><em><strong> Clientes satisfechos, lo que dicen de nosotros:\u00a0 \u00a0\u2b50\ufe0f\u2b50\ufe0f\u2b50\ufe0f\u2b50\ufe0f\u2b50\ufe0f <a href=\"https:\/\/www.google.com\/maps\/place\/BarcelonaTours.net\/@41.406933,2.1567085,17z\/data=!3m1!5s0x12a4a2e9f0c7847d:0xe1ddc3cf1f5a665f!4m8!3m7!1s0x12a4a2a5c1e2257d:0xcab7dbbfc67e084a!8m2!3d41.406933!4d2.1567085!9m1!1b1!16s%2Fg%2F12lk5ddc3?hl=en-US&amp;entry=ttu&amp;g_ep=EgoyMDI1MDExNS4wIKXMDSoASAFQAw%3D%3D\">rese\u00f1as de Google<\/a><\/strong><\/em><\/span><\/p>\n<p>&nbsp;<\/p>\n<p><span style=\"font-size: 14pt;\"><em><strong>Alg\u00fan reportaje de los eventos hechos:\u00a0 <a href=\"https:\/\/www.linkedin.com\/company\/1708408\/admin\/page-posts\/published\/\">publicaciones en Linkedin<\/a><\/strong><\/em><\/span>[\/vc_column_text][\/vc_column][\/vc_row][vc_row][vc_column][vc_empty_space height=\u00bb30px\u00bb][vc_raw_html css=\u00bb\u00bb]JTVCdHJ1c3RpbmRleCUyMG5vLXJlZ2lzdHJhdGlvbiUzRGdvb2dsZSU1RA==[\/vc_raw_html][vc_empty_space height=\u00bb30px\u00bb][\/vc_column][\/vc_row]\n<\/p><\/div>","protected":false},"excerpt":{"rendered":"<p>Desde platos de tapas compartidas hasta cenas de banquetes, BarcelonaTours encontrar\u00e1 el restaurante perfecto para su grupo.<\/p>\n","protected":false},"featured_media":4787,"comment_status":"closed","ping_status":"closed","template":"","meta":{"footnotes":""},"product_brand":[],"product_cat":[3498,3462,3463],"product_tag":[],"class_list":{"0":"post-5602","1":"product","2":"type-product","3":"status-publish","4":"has-post-thumbnail","6":"product_cat-group-travel","7":"product_cat-night-activities-es","8":"product_cat-team-building-es","9":"tour_category-activities-es","10":"tour_category-group-travel","11":"tour_category-night-activity-es","12":"tour_category-team-building-en-barcelona","14":"first","15":"instock","16":"virtual","17":"taxable","18":"purchasable","19":"product-type-tour"},"yoast_head":"<!-- This site is optimized with the Yoast SEO plugin v27.4 - https:\/\/yoast.com\/product\/yoast-seo-wordpress\/ -->\n<title>Restaurantes para Grupos empresariales en Barcelona<\/title>\n<meta name=\"description\" content=\"Barcelona tiene los mejores restaurantes para grupos y para cenas privadas. \u00a1D\u00e9janos ser vuestros gu\u00edas gastron\u00f3micos de la ciudad!\" \/>\n<meta name=\"robots\" content=\"index, follow, max-snippet:-1, max-image-preview:large, max-video-preview:-1\" \/>\n<link rel=\"canonical\" href=\"https:\/\/barcelonatours.net\/es\/team-building-en-barcelona\/restaurantes-para-grupos\" \/>\n<meta property=\"og:locale\" content=\"es_ES\" \/>\n<meta property=\"og:type\" content=\"article\" \/>\n<meta property=\"og:title\" content=\"Restaurantes para Grupos empresariales en Barcelona\" \/>\n<meta property=\"og:description\" content=\"Barcelona tiene los mejores restaurantes para grupos y para cenas privadas. \u00a1D\u00e9janos ser vuestros gu\u00edas gastron\u00f3micos de la ciudad!\" \/>\n<meta property=\"og:url\" content=\"https:\/\/barcelonatours.net\/es\/team-building-en-barcelona\/restaurantes-para-grupos\" \/>\n<meta property=\"og:site_name\" content=\"BarcelonaTours.net\" \/>\n<meta property=\"article:publisher\" content=\"https:\/\/www.facebook.com\/BarcelonaTours.net\/\" \/>\n<meta property=\"article:modified_time\" content=\"2025-12-30T14:37:19+00:00\" \/>\n<meta property=\"og:image\" content=\"https:\/\/barcelonatours.net\/wp-content\/uploads\/2019\/07\/jay-wennington-N_Y88TWmGwA-unsplash-1.jpg\" \/>\n\t<meta property=\"og:image:width\" content=\"2048\" \/>\n\t<meta property=\"og:image:height\" content=\"1365\" \/>\n\t<meta property=\"og:image:type\" content=\"image\/jpeg\" \/>\n<meta name=\"twitter:card\" content=\"summary_large_image\" \/>\n<meta name=\"twitter:site\" content=\"@BarcelonaTours1\" \/>\n<meta name=\"twitter:label1\" content=\"Tiempo de lectura\" \/>\n\t<meta name=\"twitter:data1\" content=\"5 minutos\" \/>\n<script type=\"application\/ld+json\" class=\"yoast-schema-graph\">{\"@context\":\"https:\\\/\\\/schema.org\",\"@graph\":[{\"@type\":\"WebPage\",\"@id\":\"https:\\\/\\\/barcelonatours.net\\\/es\\\/team-building-en-barcelona\\\/restaurantes-para-grupos\",\"url\":\"https:\\\/\\\/barcelonatours.net\\\/es\\\/team-building-en-barcelona\\\/restaurantes-para-grupos\",\"name\":\"Restaurantes para Grupos empresariales en Barcelona\",\"isPartOf\":{\"@id\":\"https:\\\/\\\/barcelonatours.net\\\/es#website\"},\"primaryImageOfPage\":{\"@id\":\"https:\\\/\\\/barcelonatours.net\\\/es\\\/team-building-en-barcelona\\\/restaurantes-para-grupos#primaryimage\"},\"image\":{\"@id\":\"https:\\\/\\\/barcelonatours.net\\\/es\\\/team-building-en-barcelona\\\/restaurantes-para-grupos#primaryimage\"},\"thumbnailUrl\":\"https:\\\/\\\/barcelonatours.net\\\/wp-content\\\/uploads\\\/2019\\\/07\\\/jay-wennington-N_Y88TWmGwA-unsplash-1.jpg\",\"datePublished\":\"2019-07-26T08:45:07+00:00\",\"dateModified\":\"2025-12-30T14:37:19+00:00\",\"description\":\"Barcelona tiene los mejores restaurantes para grupos y para cenas privadas. \u00a1D\u00e9janos ser vuestros gu\u00edas gastron\u00f3micos de la ciudad!\",\"breadcrumb\":{\"@id\":\"https:\\\/\\\/barcelonatours.net\\\/es\\\/team-building-en-barcelona\\\/restaurantes-para-grupos#breadcrumb\"},\"inLanguage\":\"es\",\"potentialAction\":[{\"@type\":\"ReadAction\",\"target\":[\"https:\\\/\\\/barcelonatours.net\\\/es\\\/team-building-en-barcelona\\\/restaurantes-para-grupos\"]}]},{\"@type\":\"ImageObject\",\"inLanguage\":\"es\",\"@id\":\"https:\\\/\\\/barcelonatours.net\\\/es\\\/team-building-en-barcelona\\\/restaurantes-para-grupos#primaryimage\",\"url\":\"https:\\\/\\\/barcelonatours.net\\\/wp-content\\\/uploads\\\/2019\\\/07\\\/jay-wennington-N_Y88TWmGwA-unsplash-1.jpg\",\"contentUrl\":\"https:\\\/\\\/barcelonatours.net\\\/wp-content\\\/uploads\\\/2019\\\/07\\\/jay-wennington-N_Y88TWmGwA-unsplash-1.jpg\",\"width\":2048,\"height\":1365,\"caption\":\"Restaurantes de Grupo en Barcelona\"},{\"@type\":\"BreadcrumbList\",\"@id\":\"https:\\\/\\\/barcelonatours.net\\\/es\\\/team-building-en-barcelona\\\/restaurantes-para-grupos#breadcrumb\",\"itemListElement\":[{\"@type\":\"ListItem\",\"position\":1,\"name\":\"Home\",\"item\":\"https:\\\/\\\/barcelonatours.net\\\/es\"},{\"@type\":\"ListItem\",\"position\":2,\"name\":\"Shop\",\"item\":\"https:\\\/\\\/barcelonatours.net\\\/shop\"},{\"@type\":\"ListItem\",\"position\":3,\"name\":\"Restaurantes para grupos en Barcelona\"}]},{\"@type\":\"WebSite\",\"@id\":\"https:\\\/\\\/barcelonatours.net\\\/es#website\",\"url\":\"https:\\\/\\\/barcelonatours.net\\\/es\",\"name\":\"BarcelonaTours.net\",\"description\":\"The best tours and team building activities of Barcelona\",\"publisher\":{\"@id\":\"https:\\\/\\\/barcelonatours.net\\\/es#organization\"},\"alternateName\":\"Corporate event agency based in Barcelona\",\"potentialAction\":[{\"@type\":\"SearchAction\",\"target\":{\"@type\":\"EntryPoint\",\"urlTemplate\":\"https:\\\/\\\/barcelonatours.net\\\/es?s={search_term_string}\"},\"query-input\":{\"@type\":\"PropertyValueSpecification\",\"valueRequired\":true,\"valueName\":\"search_term_string\"}}],\"inLanguage\":\"es\"},{\"@type\":\"Organization\",\"@id\":\"https:\\\/\\\/barcelonatours.net\\\/es#organization\",\"name\":\"Barcelona Tours\",\"url\":\"https:\\\/\\\/barcelonatours.net\\\/es\",\"logo\":{\"@type\":\"ImageObject\",\"inLanguage\":\"es\",\"@id\":\"https:\\\/\\\/barcelonatours.net\\\/es#\\\/schema\\\/logo\\\/image\\\/\",\"url\":\"https:\\\/\\\/barcelonatours.net\\\/wp-content\\\/uploads\\\/2019\\\/04\\\/bcn_tours_logo-e1556215659835.png\",\"contentUrl\":\"https:\\\/\\\/barcelonatours.net\\\/wp-content\\\/uploads\\\/2019\\\/04\\\/bcn_tours_logo-e1556215659835.png\",\"width\":250,\"height\":89,\"caption\":\"Barcelona Tours\"},\"image\":{\"@id\":\"https:\\\/\\\/barcelonatours.net\\\/es#\\\/schema\\\/logo\\\/image\\\/\"},\"sameAs\":[\"https:\\\/\\\/www.facebook.com\\\/BarcelonaTours.net\\\/\",\"https:\\\/\\\/x.com\\\/BarcelonaTours1\",\"https:\\\/\\\/www.instagram.com\\\/barcelonatours\\\/\"]}]}<\/script>\n<!-- \/ Yoast SEO plugin. -->","yoast_head_json":{"title":"Restaurantes para Grupos empresariales en Barcelona","description":"Barcelona tiene los mejores restaurantes para grupos y para cenas privadas. \u00a1D\u00e9janos ser vuestros gu\u00edas gastron\u00f3micos de la ciudad!","robots":{"index":"index","follow":"follow","max-snippet":"max-snippet:-1","max-image-preview":"max-image-preview:large","max-video-preview":"max-video-preview:-1"},"canonical":"https:\/\/barcelonatours.net\/es\/team-building-en-barcelona\/restaurantes-para-grupos","og_locale":"es_ES","og_type":"article","og_title":"Restaurantes para Grupos empresariales en Barcelona","og_description":"Barcelona tiene los mejores restaurantes para grupos y para cenas privadas. \u00a1D\u00e9janos ser vuestros gu\u00edas gastron\u00f3micos de la ciudad!","og_url":"https:\/\/barcelonatours.net\/es\/team-building-en-barcelona\/restaurantes-para-grupos","og_site_name":"BarcelonaTours.net","article_publisher":"https:\/\/www.facebook.com\/BarcelonaTours.net\/","article_modified_time":"2025-12-30T14:37:19+00:00","og_image":[{"width":2048,"height":1365,"url":"https:\/\/barcelonatours.net\/wp-content\/uploads\/2019\/07\/jay-wennington-N_Y88TWmGwA-unsplash-1.jpg","type":"image\/jpeg"}],"twitter_card":"summary_large_image","twitter_site":"@BarcelonaTours1","twitter_misc":{"Tiempo de lectura":"5 minutos"},"schema":{"@context":"https:\/\/schema.org","@graph":[{"@type":"WebPage","@id":"https:\/\/barcelonatours.net\/es\/team-building-en-barcelona\/restaurantes-para-grupos","url":"https:\/\/barcelonatours.net\/es\/team-building-en-barcelona\/restaurantes-para-grupos","name":"Restaurantes para Grupos empresariales en Barcelona","isPartOf":{"@id":"https:\/\/barcelonatours.net\/es#website"},"primaryImageOfPage":{"@id":"https:\/\/barcelonatours.net\/es\/team-building-en-barcelona\/restaurantes-para-grupos#primaryimage"},"image":{"@id":"https:\/\/barcelonatours.net\/es\/team-building-en-barcelona\/restaurantes-para-grupos#primaryimage"},"thumbnailUrl":"https:\/\/barcelonatours.net\/wp-content\/uploads\/2019\/07\/jay-wennington-N_Y88TWmGwA-unsplash-1.jpg","datePublished":"2019-07-26T08:45:07+00:00","dateModified":"2025-12-30T14:37:19+00:00","description":"Barcelona tiene los mejores restaurantes para grupos y para cenas privadas. \u00a1D\u00e9janos ser vuestros gu\u00edas gastron\u00f3micos de la ciudad!","breadcrumb":{"@id":"https:\/\/barcelonatours.net\/es\/team-building-en-barcelona\/restaurantes-para-grupos#breadcrumb"},"inLanguage":"es","potentialAction":[{"@type":"ReadAction","target":["https:\/\/barcelonatours.net\/es\/team-building-en-barcelona\/restaurantes-para-grupos"]}]},{"@type":"ImageObject","inLanguage":"es","@id":"https:\/\/barcelonatours.net\/es\/team-building-en-barcelona\/restaurantes-para-grupos#primaryimage","url":"https:\/\/barcelonatours.net\/wp-content\/uploads\/2019\/07\/jay-wennington-N_Y88TWmGwA-unsplash-1.jpg","contentUrl":"https:\/\/barcelonatours.net\/wp-content\/uploads\/2019\/07\/jay-wennington-N_Y88TWmGwA-unsplash-1.jpg","width":2048,"height":1365,"caption":"Restaurantes de Grupo en Barcelona"},{"@type":"BreadcrumbList","@id":"https:\/\/barcelonatours.net\/es\/team-building-en-barcelona\/restaurantes-para-grupos#breadcrumb","itemListElement":[{"@type":"ListItem","position":1,"name":"Home","item":"https:\/\/barcelonatours.net\/es"},{"@type":"ListItem","position":2,"name":"Shop","item":"https:\/\/barcelonatours.net\/shop"},{"@type":"ListItem","position":3,"name":"Restaurantes para grupos en Barcelona"}]},{"@type":"WebSite","@id":"https:\/\/barcelonatours.net\/es#website","url":"https:\/\/barcelonatours.net\/es","name":"BarcelonaTours.net","description":"The best tours and team building activities of Barcelona","publisher":{"@id":"https:\/\/barcelonatours.net\/es#organization"},"alternateName":"Corporate event agency based in Barcelona","potentialAction":[{"@type":"SearchAction","target":{"@type":"EntryPoint","urlTemplate":"https:\/\/barcelonatours.net\/es?s={search_term_string}"},"query-input":{"@type":"PropertyValueSpecification","valueRequired":true,"valueName":"search_term_string"}}],"inLanguage":"es"},{"@type":"Organization","@id":"https:\/\/barcelonatours.net\/es#organization","name":"Barcelona Tours","url":"https:\/\/barcelonatours.net\/es","logo":{"@type":"ImageObject","inLanguage":"es","@id":"https:\/\/barcelonatours.net\/es#\/schema\/logo\/image\/","url":"https:\/\/barcelonatours.net\/wp-content\/uploads\/2019\/04\/bcn_tours_logo-e1556215659835.png","contentUrl":"https:\/\/barcelonatours.net\/wp-content\/uploads\/2019\/04\/bcn_tours_logo-e1556215659835.png","width":250,"height":89,"caption":"Barcelona Tours"},"image":{"@id":"https:\/\/barcelonatours.net\/es#\/schema\/logo\/image\/"},"sameAs":["https:\/\/www.facebook.com\/BarcelonaTours.net\/","https:\/\/x.com\/BarcelonaTours1","https:\/\/www.instagram.com\/barcelonatours\/"]}]}},"_links":{"self":[{"href":"https:\/\/barcelonatours.net\/es\/wp-json\/wp\/v2\/product\/5602","targetHints":{"allow":["GET"]}}],"collection":[{"href":"https:\/\/barcelonatours.net\/es\/wp-json\/wp\/v2\/product"}],"about":[{"href":"https:\/\/barcelonatours.net\/es\/wp-json\/wp\/v2\/types\/product"}],"replies":[{"embeddable":true,"href":"https:\/\/barcelonatours.net\/es\/wp-json\/wp\/v2\/comments?post=5602"}],"version-history":[{"count":3,"href":"https:\/\/barcelonatours.net\/es\/wp-json\/wp\/v2\/product\/5602\/revisions"}],"predecessor-version":[{"id":15747,"href":"https:\/\/barcelonatours.net\/es\/wp-json\/wp\/v2\/product\/5602\/revisions\/15747"}],"wp:featuredmedia":[{"embeddable":true,"href":"https:\/\/barcelonatours.net\/es\/wp-json\/wp\/v2\/media\/4787"}],"wp:attachment":[{"href":"https:\/\/barcelonatours.net\/es\/wp-json\/wp\/v2\/media?parent=5602"}],"wp:term":[{"taxonomy":"product_brand","embeddable":true,"href":"https:\/\/barcelonatours.net\/es\/wp-json\/wp\/v2\/product_brand?post=5602"},{"taxonomy":"product_cat","embeddable":true,"href":"https:\/\/barcelonatours.net\/es\/wp-json\/wp\/v2\/product_cat?post=5602"},{"taxonomy":"product_tag","embeddable":true,"href":"https:\/\/barcelonatours.net\/es\/wp-json\/wp\/v2\/product_tag?post=5602"}],"curies":[{"name":"wp","href":"https:\/\/api.w.org\/{rel}","templated":true}]}}