{"id":5600,"date":"2019-07-25T20:49:23","date_gmt":"2019-07-25T18:49:23","guid":{"rendered":"https:\/\/barcelonatours.net\/product\/sailing-regatta\/"},"modified":"2025-12-22T16:20:13","modified_gmt":"2025-12-22T15:20:13","slug":"regata-de-vela","status":"publish","type":"product","link":"https:\/\/barcelonatours.net\/es\/team-building-en-barcelona\/regata-de-vela","title":{"rendered":"Regata de vela en Barcelona"},"content":{"rendered":"<div class=\"wpb-content-wrapper\">[vc_row][vc_column][vc_column_text css=&#8221;&#8221;]\n<h2><strong>\u00a1Reserva una regata de vela en Barcelona!<\/strong><\/h2>\n<p>\u00bfEst\u00e1s buscando una aventura en alta mar? \u00a1L\u00e1stima! no tenemos barcos piratas, pero podemos ofrecerte una fabulosa regata de vela en Barcelona.<\/p>\n<p><strong>Esta regata de vela provocar\u00e1 una sana competencia entre tus amigos o compa\u00f1eros de trabajo<\/strong>, y es ideal como actividad <a href=\"https:\/\/barcelonatours.net\/es\/team-building-en-barcelona\" target=\"_blank\" rel=\"noopener\"><strong>Team Building<\/strong> <\/a>para tu conferencia o viaje de incentivos en Barcelona. Echa un vistazo a otras actividades de Team Building a bordo, como Escape Room en El Mar o una <a href=\"https:\/\/barcelonatours.net\/es\/team-building-en-barcelona\/gincana-fotografica\" target=\"_blank\" rel=\"noopener\">Gincana Fotogr\u00e1fica<\/a> en Barcelona.<\/p>\n<p><!--more--><\/p>\n<table class=\"table table-bordered tours-tabs__table\" style=\"width: 68.886%; height: 138px;\" width=\"99.2947%\">\n<tbody>\n<tr style=\"height: 24px;\">\n<td style=\"width: 21.0088%; height: 24px;\"><strong>LUGAR DEL EVENTO<\/strong><\/td>\n<td style=\"width: 48.3124%; height: 24px;\">\u00a1El mar Mediterr\u00e1neo!<\/td>\n<\/tr>\n<tr style=\"height: 80px;\">\n<td style=\"width: 21.0088%; height: 80px;\"><strong>INCLUIDO<\/strong><\/td>\n<td style=\"width: 48.3124%; height: 80px;\">\n<table class=\"table table-bordered alignleft\" style=\"width: 0%; height: 97px;\" width=\"0%\">\n<tbody>\n<tr style=\"height: 24px;\">\n<td style=\"height: 10px; width: 100%;\"><i class=\"fa fa-check icon-tick icon-tick--on\"><\/i>Barcos (\u00a1por supuesto!)<\/td>\n<\/tr>\n<tr style=\"height: 24px;\">\n<td style=\"width: 100%; height: 24px;\"><i class=\"fa fa-check icon-tick icon-tick--on\"><\/i>Barco de motor de apoyo<\/td>\n<\/tr>\n<tr style=\"height: 24px;\">\n<td style=\"width: 100%; height: 15px;\"><i class=\"fa fa-check icon-tick icon-tick--on\"><\/i>Capitanes y asistentes para ense\u00f1arte<\/td>\n<\/tr>\n<tr style=\"height: 24px;\">\n<td style=\"width: 100%; height: 24px;\"><i class=\"fa fa-check icon-tick icon-tick--on\"><\/i>Agua y bebidas de cortes\u00eda<\/td>\n<\/tr>\n<tr style=\"height: 24px;\">\n<td style=\"width: 100%; height: 24px;\"><i class=\"fa fa-check icon-tick icon-tick--on\"><\/i>Botella de cava para los ganadores<\/td>\n<\/tr>\n<\/tbody>\n<\/table>\n<\/td>\n<\/tr>\n<tr style=\"height: 82px;\">\n<td style=\"width: 21.0088%; height: 10px;\"><b>NO INCLUIDO<\/b><\/td>\n<td style=\"width: 48.3124%; height: 10px;\">\n<table class=\"table table-bordered\" style=\"height: 10px; width: 0%;\" width=\"300\">\n<tbody>\n<tr style=\"height: 34px;\">\n<td style=\"width: 98.8048%; height: 10px;\">\n<table class=\"table table-bordered\" style=\"height: 12px; width: 0%;\" width=\"300\">\n<tbody>\n<tr style=\"height: 48px;\">\n<td style=\"width: 76.7045%; height: 12px;\"><i class=\"fa fa-times icon-tick icon-tick--off\"><\/i>Traslados hacia\/desde el puerto<\/td>\n<\/tr>\n<\/tbody>\n<\/table>\n<\/td>\n<\/tr>\n<\/tbody>\n<\/table>\n<\/td>\n<\/tr>\n<tr style=\"height: 24px;\">\n<td style=\"width: 21.0088%; height: 24px;\"><b>N\u00ba DE PERSONAS<\/b><\/td>\n<td style=\"width: 48.3124%; height: 24px;\">M\u00ednimo 21 personas<\/td>\n<\/tr>\n<\/tbody>\n<\/table>\n<p>&nbsp;<\/p>\n<h2>Actividades Team Building: una regata de vela<\/h2>\n<p><strong>Una regata de vela en Barcelona es una actividad incre\u00edble y original<\/strong>, que recomendamos a todas las empresas que quieran aprovechar al m\u00e1ximo la posici\u00f3n costera de Barcelona y fomentar el esp\u00edritu de equipo.<\/p>\n<p>En lugar de contratar un <a href=\"https:\/\/barcelonatours.net\/es\/salida-barco\/alquiler-catamaran\" target=\"_blank\" rel=\"noopener\">catamar\u00e1n privado<\/a>, para que todo el mundo se siente a tomar una copa, <strong>haz que todos los miembros de tu equipo trabajen juntos,<\/strong> aprendan colectivamente y compitan por el primer puesto de la regata.<\/p>\n<h2>\u00bfC\u00f3mo funciona?<\/h2>\n<p>El objetivo es simple :<\/p>\n<ul>\n<li>Nuestros experimentados capitanes dividir\u00e1n tu grupo en equipos y cada equipo abordar\u00e1 su propio velero con un patr\u00f3n que les va ense\u00f1ar los secretos de la navegaci\u00f3n<\/li>\n<li>Despu\u00e9s de una sesi\u00f3n informativa de seguridad, saldr\u00e1s con tu equipo a surcar las olas del mar Mediterr\u00e1neo<\/li>\n<li>La regata de vela en Barcelona consiste en una ruta preparada con boyas para navegar, y el equipo ganador ser\u00e1 aquel que termine el recorrido en el menor tiempo posible<\/li>\n<li>No solo ganar\u00e1 una botella de cava, sino tambi\u00e9n el derecho a fanfarronear de su triunfo para el resto del a\u00f1o. Qui\u00e9n sabe, puede que incluso descubras una afici\u00f3n por el mar que no sab\u00edas que exist\u00eda<\/li>\n<\/ul>\n<p>Aunque <strong>no se requiere experiencia previa<\/strong>, \u00a1seguro que ser\u00e1 una ventaja para tu equipo! y no hay peligro de perderse en el mar, ya que contar\u00e1s con el patr\u00f3n y tambi\u00e9n con una lancha motora de apoyo en todo el recorrido: el equipo de la lancha motora tambi\u00e9n ser\u00e1 el cronometrador y el juez de esta competici\u00f3n, as\u00ed que aseg\u00farate que est\u00e9n viendo tu mejor trabajo.<\/p>\n<p><strong>\u00bfEmocionado de aprender a navegar en el mar Mediterr\u00e1neo?<\/strong>\u00a0Para obtener m\u00e1s informaci\u00f3n, disponibilidad y precios, comun\u00edcate con <a href=\"mailto:info@barcelonatours.net\">info@barcelonatours.net<\/a> o llama ahora al <a href=\"tel:+34 658768333\">+34 658768333<\/a>.<\/p>\n<p>Lee m\u00e1s sobre nuestros eventos y actividades <a href=\"https:\/\/barcelonatours.net\/es\/team-building-en-barcelona\/\">Team Building<\/a> en Barcelona.[\/vc_column_text][\/vc_column][\/vc_row]\n<\/p><\/div>","protected":false},"excerpt":{"rendered":"<p>Con nuestra ayuda, ya le pillar\u00e1s el truco de navegaci\u00f3n en el Mediterr\u00e1neo<\/p>\n","protected":false},"featured_media":4783,"comment_status":"closed","ping_status":"closed","template":"","meta":{"footnotes":""},"product_brand":[],"product_cat":[3531,3757,3463],"product_tag":[],"class_list":{"0":"post-5600","1":"product","2":"type-product","3":"status-publish","4":"has-post-thumbnail","6":"product_cat-boat-trips-es","7":"product_cat-day-activities-es","8":"product_cat-team-building-es","9":"tour_category-boat-trips-es","10":"tour_category-team-building-en-barcelona","12":"first","13":"instock","14":"virtual","15":"taxable","16":"purchasable","17":"product-type-tour"},"yoast_head":"<!-- This site is optimized with the Yoast SEO plugin v27.3 - https:\/\/yoast.com\/product\/yoast-seo-wordpress\/ -->\n<title>Regata de Vela | Team Building en El Mar | BarcelonaTours<\/title>\n<meta name=\"description\" content=\"\u00a1Una Regata de Vela en Barcelona es una actividad incre\u00edble y original! Planifique un inolvidable team building en &quot;alta mar.&quot; \u00a1Cont\u00e1ctenos hoy!\" \/>\n<meta name=\"robots\" content=\"index, follow, max-snippet:-1, max-image-preview:large, max-video-preview:-1\" \/>\n<link rel=\"canonical\" href=\"https:\/\/barcelonatours.net\/es\/team-building-en-barcelona\/regata-de-vela\" \/>\n<meta property=\"og:locale\" content=\"es_ES\" \/>\n<meta property=\"og:type\" content=\"article\" \/>\n<meta property=\"og:title\" content=\"Regata de Vela | Team Building en El Mar | BarcelonaTours\" \/>\n<meta property=\"og:description\" content=\"\u00a1Una Regata de Vela en Barcelona es una actividad incre\u00edble y original! Planifique un inolvidable team building en &quot;alta mar.&quot; \u00a1Cont\u00e1ctenos hoy!\" \/>\n<meta property=\"og:url\" content=\"https:\/\/barcelonatours.net\/es\/team-building-en-barcelona\/regata-de-vela\" \/>\n<meta property=\"og:site_name\" content=\"BarcelonaTours.net\" \/>\n<meta property=\"article:publisher\" content=\"https:\/\/www.facebook.com\/BarcelonaTours.net\/\" \/>\n<meta property=\"article:modified_time\" content=\"2025-12-22T15:20:13+00:00\" \/>\n<meta property=\"og:image\" content=\"https:\/\/barcelonatours.net\/wp-content\/uploads\/2019\/07\/a2e0454b-c203-4a38-ab76-7a6773499dfd-1-e1564081816544.jpg\" \/>\n\t<meta property=\"og:image:width\" content=\"1600\" \/>\n\t<meta property=\"og:image:height\" content=\"816\" \/>\n\t<meta property=\"og:image:type\" content=\"image\/jpeg\" \/>\n<meta name=\"twitter:card\" content=\"summary_large_image\" \/>\n<meta name=\"twitter:site\" content=\"@BarcelonaTours1\" \/>\n<meta name=\"twitter:label1\" content=\"Tiempo de lectura\" \/>\n\t<meta name=\"twitter:data1\" content=\"3 minutos\" \/>\n<script type=\"application\/ld+json\" class=\"yoast-schema-graph\">{\"@context\":\"https:\\\/\\\/schema.org\",\"@graph\":[{\"@type\":\"WebPage\",\"@id\":\"https:\\\/\\\/barcelonatours.net\\\/es\\\/team-building-en-barcelona\\\/regata-de-vela\",\"url\":\"https:\\\/\\\/barcelonatours.net\\\/es\\\/team-building-en-barcelona\\\/regata-de-vela\",\"name\":\"Regata de Vela | Team Building en El Mar | BarcelonaTours\",\"isPartOf\":{\"@id\":\"https:\\\/\\\/barcelonatours.net\\\/es#website\"},\"primaryImageOfPage\":{\"@id\":\"https:\\\/\\\/barcelonatours.net\\\/es\\\/team-building-en-barcelona\\\/regata-de-vela#primaryimage\"},\"image\":{\"@id\":\"https:\\\/\\\/barcelonatours.net\\\/es\\\/team-building-en-barcelona\\\/regata-de-vela#primaryimage\"},\"thumbnailUrl\":\"https:\\\/\\\/barcelonatours.net\\\/wp-content\\\/uploads\\\/2019\\\/07\\\/a2e0454b-c203-4a38-ab76-7a6773499dfd-1-e1564081816544.jpg\",\"datePublished\":\"2019-07-25T18:49:23+00:00\",\"dateModified\":\"2025-12-22T15:20:13+00:00\",\"description\":\"\u00a1Una Regata de Vela en Barcelona es una actividad incre\u00edble y original! Planifique un inolvidable team building en \\\"alta mar.\\\" \u00a1Cont\u00e1ctenos hoy!\",\"breadcrumb\":{\"@id\":\"https:\\\/\\\/barcelonatours.net\\\/es\\\/team-building-en-barcelona\\\/regata-de-vela#breadcrumb\"},\"inLanguage\":\"es\",\"potentialAction\":[{\"@type\":\"ReadAction\",\"target\":[\"https:\\\/\\\/barcelonatours.net\\\/es\\\/team-building-en-barcelona\\\/regata-de-vela\"]}]},{\"@type\":\"ImageObject\",\"inLanguage\":\"es\",\"@id\":\"https:\\\/\\\/barcelonatours.net\\\/es\\\/team-building-en-barcelona\\\/regata-de-vela#primaryimage\",\"url\":\"https:\\\/\\\/barcelonatours.net\\\/wp-content\\\/uploads\\\/2019\\\/07\\\/a2e0454b-c203-4a38-ab76-7a6773499dfd-1-e1564081816544.jpg\",\"contentUrl\":\"https:\\\/\\\/barcelonatours.net\\\/wp-content\\\/uploads\\\/2019\\\/07\\\/a2e0454b-c203-4a38-ab76-7a6773499dfd-1-e1564081816544.jpg\",\"width\":1600,\"height\":816,\"caption\":\"Regata Team Building en Barcelona\"},{\"@type\":\"BreadcrumbList\",\"@id\":\"https:\\\/\\\/barcelonatours.net\\\/es\\\/team-building-en-barcelona\\\/regata-de-vela#breadcrumb\",\"itemListElement\":[{\"@type\":\"ListItem\",\"position\":1,\"name\":\"Home\",\"item\":\"https:\\\/\\\/barcelonatours.net\\\/es\"},{\"@type\":\"ListItem\",\"position\":2,\"name\":\"Shop\",\"item\":\"https:\\\/\\\/barcelonatours.net\\\/shop\"},{\"@type\":\"ListItem\",\"position\":3,\"name\":\"Regata de vela en Barcelona\"}]},{\"@type\":\"WebSite\",\"@id\":\"https:\\\/\\\/barcelonatours.net\\\/es#website\",\"url\":\"https:\\\/\\\/barcelonatours.net\\\/es\",\"name\":\"BarcelonaTours.net\",\"description\":\"The best tours and team building activities of Barcelona\",\"publisher\":{\"@id\":\"https:\\\/\\\/barcelonatours.net\\\/es#organization\"},\"alternateName\":\"Corporate event agency based in Barcelona\",\"potentialAction\":[{\"@type\":\"SearchAction\",\"target\":{\"@type\":\"EntryPoint\",\"urlTemplate\":\"https:\\\/\\\/barcelonatours.net\\\/es?s={search_term_string}\"},\"query-input\":{\"@type\":\"PropertyValueSpecification\",\"valueRequired\":true,\"valueName\":\"search_term_string\"}}],\"inLanguage\":\"es\"},{\"@type\":\"Organization\",\"@id\":\"https:\\\/\\\/barcelonatours.net\\\/es#organization\",\"name\":\"Barcelona Tours\",\"url\":\"https:\\\/\\\/barcelonatours.net\\\/es\",\"logo\":{\"@type\":\"ImageObject\",\"inLanguage\":\"es\",\"@id\":\"https:\\\/\\\/barcelonatours.net\\\/es#\\\/schema\\\/logo\\\/image\\\/\",\"url\":\"https:\\\/\\\/barcelonatours.net\\\/wp-content\\\/uploads\\\/2019\\\/04\\\/bcn_tours_logo-e1556215659835.png\",\"contentUrl\":\"https:\\\/\\\/barcelonatours.net\\\/wp-content\\\/uploads\\\/2019\\\/04\\\/bcn_tours_logo-e1556215659835.png\",\"width\":250,\"height\":89,\"caption\":\"Barcelona Tours\"},\"image\":{\"@id\":\"https:\\\/\\\/barcelonatours.net\\\/es#\\\/schema\\\/logo\\\/image\\\/\"},\"sameAs\":[\"https:\\\/\\\/www.facebook.com\\\/BarcelonaTours.net\\\/\",\"https:\\\/\\\/x.com\\\/BarcelonaTours1\",\"https:\\\/\\\/www.instagram.com\\\/barcelonatours\\\/\"]}]}<\/script>\n<!-- \/ Yoast SEO plugin. -->","yoast_head_json":{"title":"Regata de Vela | Team Building en El Mar | BarcelonaTours","description":"\u00a1Una Regata de Vela en Barcelona es una actividad incre\u00edble y original! Planifique un inolvidable team building en \"alta mar.\" \u00a1Cont\u00e1ctenos hoy!","robots":{"index":"index","follow":"follow","max-snippet":"max-snippet:-1","max-image-preview":"max-image-preview:large","max-video-preview":"max-video-preview:-1"},"canonical":"https:\/\/barcelonatours.net\/es\/team-building-en-barcelona\/regata-de-vela","og_locale":"es_ES","og_type":"article","og_title":"Regata de Vela | Team Building en El Mar | BarcelonaTours","og_description":"\u00a1Una Regata de Vela en Barcelona es una actividad incre\u00edble y original! Planifique un inolvidable team building en \"alta mar.\" \u00a1Cont\u00e1ctenos hoy!","og_url":"https:\/\/barcelonatours.net\/es\/team-building-en-barcelona\/regata-de-vela","og_site_name":"BarcelonaTours.net","article_publisher":"https:\/\/www.facebook.com\/BarcelonaTours.net\/","article_modified_time":"2025-12-22T15:20:13+00:00","og_image":[{"width":1600,"height":816,"url":"https:\/\/barcelonatours.net\/wp-content\/uploads\/2019\/07\/a2e0454b-c203-4a38-ab76-7a6773499dfd-1-e1564081816544.jpg","type":"image\/jpeg"}],"twitter_card":"summary_large_image","twitter_site":"@BarcelonaTours1","twitter_misc":{"Tiempo de lectura":"3 minutos"},"schema":{"@context":"https:\/\/schema.org","@graph":[{"@type":"WebPage","@id":"https:\/\/barcelonatours.net\/es\/team-building-en-barcelona\/regata-de-vela","url":"https:\/\/barcelonatours.net\/es\/team-building-en-barcelona\/regata-de-vela","name":"Regata de Vela | Team Building en El Mar | BarcelonaTours","isPartOf":{"@id":"https:\/\/barcelonatours.net\/es#website"},"primaryImageOfPage":{"@id":"https:\/\/barcelonatours.net\/es\/team-building-en-barcelona\/regata-de-vela#primaryimage"},"image":{"@id":"https:\/\/barcelonatours.net\/es\/team-building-en-barcelona\/regata-de-vela#primaryimage"},"thumbnailUrl":"https:\/\/barcelonatours.net\/wp-content\/uploads\/2019\/07\/a2e0454b-c203-4a38-ab76-7a6773499dfd-1-e1564081816544.jpg","datePublished":"2019-07-25T18:49:23+00:00","dateModified":"2025-12-22T15:20:13+00:00","description":"\u00a1Una Regata de Vela en Barcelona es una actividad incre\u00edble y original! Planifique un inolvidable team building en \"alta mar.\" \u00a1Cont\u00e1ctenos hoy!","breadcrumb":{"@id":"https:\/\/barcelonatours.net\/es\/team-building-en-barcelona\/regata-de-vela#breadcrumb"},"inLanguage":"es","potentialAction":[{"@type":"ReadAction","target":["https:\/\/barcelonatours.net\/es\/team-building-en-barcelona\/regata-de-vela"]}]},{"@type":"ImageObject","inLanguage":"es","@id":"https:\/\/barcelonatours.net\/es\/team-building-en-barcelona\/regata-de-vela#primaryimage","url":"https:\/\/barcelonatours.net\/wp-content\/uploads\/2019\/07\/a2e0454b-c203-4a38-ab76-7a6773499dfd-1-e1564081816544.jpg","contentUrl":"https:\/\/barcelonatours.net\/wp-content\/uploads\/2019\/07\/a2e0454b-c203-4a38-ab76-7a6773499dfd-1-e1564081816544.jpg","width":1600,"height":816,"caption":"Regata Team Building en Barcelona"},{"@type":"BreadcrumbList","@id":"https:\/\/barcelonatours.net\/es\/team-building-en-barcelona\/regata-de-vela#breadcrumb","itemListElement":[{"@type":"ListItem","position":1,"name":"Home","item":"https:\/\/barcelonatours.net\/es"},{"@type":"ListItem","position":2,"name":"Shop","item":"https:\/\/barcelonatours.net\/shop"},{"@type":"ListItem","position":3,"name":"Regata de vela en Barcelona"}]},{"@type":"WebSite","@id":"https:\/\/barcelonatours.net\/es#website","url":"https:\/\/barcelonatours.net\/es","name":"BarcelonaTours.net","description":"The best tours and team building activities of Barcelona","publisher":{"@id":"https:\/\/barcelonatours.net\/es#organization"},"alternateName":"Corporate event agency based in Barcelona","potentialAction":[{"@type":"SearchAction","target":{"@type":"EntryPoint","urlTemplate":"https:\/\/barcelonatours.net\/es?s={search_term_string}"},"query-input":{"@type":"PropertyValueSpecification","valueRequired":true,"valueName":"search_term_string"}}],"inLanguage":"es"},{"@type":"Organization","@id":"https:\/\/barcelonatours.net\/es#organization","name":"Barcelona Tours","url":"https:\/\/barcelonatours.net\/es","logo":{"@type":"ImageObject","inLanguage":"es","@id":"https:\/\/barcelonatours.net\/es#\/schema\/logo\/image\/","url":"https:\/\/barcelonatours.net\/wp-content\/uploads\/2019\/04\/bcn_tours_logo-e1556215659835.png","contentUrl":"https:\/\/barcelonatours.net\/wp-content\/uploads\/2019\/04\/bcn_tours_logo-e1556215659835.png","width":250,"height":89,"caption":"Barcelona Tours"},"image":{"@id":"https:\/\/barcelonatours.net\/es#\/schema\/logo\/image\/"},"sameAs":["https:\/\/www.facebook.com\/BarcelonaTours.net\/","https:\/\/x.com\/BarcelonaTours1","https:\/\/www.instagram.com\/barcelonatours\/"]}]}},"_links":{"self":[{"href":"https:\/\/barcelonatours.net\/es\/wp-json\/wp\/v2\/product\/5600","targetHints":{"allow":["GET"]}}],"collection":[{"href":"https:\/\/barcelonatours.net\/es\/wp-json\/wp\/v2\/product"}],"about":[{"href":"https:\/\/barcelonatours.net\/es\/wp-json\/wp\/v2\/types\/product"}],"replies":[{"embeddable":true,"href":"https:\/\/barcelonatours.net\/es\/wp-json\/wp\/v2\/comments?post=5600"}],"version-history":[{"count":1,"href":"https:\/\/barcelonatours.net\/es\/wp-json\/wp\/v2\/product\/5600\/revisions"}],"predecessor-version":[{"id":15689,"href":"https:\/\/barcelonatours.net\/es\/wp-json\/wp\/v2\/product\/5600\/revisions\/15689"}],"wp:featuredmedia":[{"embeddable":true,"href":"https:\/\/barcelonatours.net\/es\/wp-json\/wp\/v2\/media\/4783"}],"wp:attachment":[{"href":"https:\/\/barcelonatours.net\/es\/wp-json\/wp\/v2\/media?parent=5600"}],"wp:term":[{"taxonomy":"product_brand","embeddable":true,"href":"https:\/\/barcelonatours.net\/es\/wp-json\/wp\/v2\/product_brand?post=5600"},{"taxonomy":"product_cat","embeddable":true,"href":"https:\/\/barcelonatours.net\/es\/wp-json\/wp\/v2\/product_cat?post=5600"},{"taxonomy":"product_tag","embeddable":true,"href":"https:\/\/barcelonatours.net\/es\/wp-json\/wp\/v2\/product_tag?post=5600"}],"curies":[{"name":"wp","href":"https:\/\/api.w.org\/{rel}","templated":true}]}}