{"id":5598,"date":"2025-05-26T12:46:30","date_gmt":"2025-05-26T10:46:30","guid":{"rendered":"https:\/\/barcelonatours.net\/product\/flamenco-night-at-poble-espanyol\/"},"modified":"2025-08-07T17:35:25","modified_gmt":"2025-08-07T15:35:25","slug":"flamenco-night-at-poble-espanyol","status":"publish","type":"product","link":"https:\/\/barcelonatours.net\/es\/team-building-en-barcelona\/cena-flamenco-poble-espanyol","title":{"rendered":"Noche de Flamenco en el Poble Espanyol de Barcelona"},"content":{"rendered":"<div class=\"wpb-content-wrapper\">[vc_row][vc_column]<div class=\"title title--big title--center title--underline title--decoration-bottom-center\">\n\t\t\t<div class=\"title__subtitle\">Actividades Team Building--Tours Privados--Salidas en Barco--Cenas de Empresa--Traslados para grupos<\/div>\n\t\t<h3 class=\"title__primary\"><\/h3>\n<\/div>\n[vc_column_text css=&#8221;&#8221;]<strong>Reserva una noche de flamenco en el Poble Espanyol de Barcelona.<\/strong> \u00bfEst\u00e1s pensando en c\u00f3mo podr\u00eda pasar tu grupo privado o tu grupo de trabajo una aut\u00e9ntica y apasionante noche espa\u00f1ola en Barcelona? Pues nuestra noche de flamenco en el magn\u00edfico Poble Espanyol es justo lo que est\u00e1s buscando.\n<p>Nuestra velada de flamenco promete una noche llena de pasi\u00f3n espa\u00f1ola, de emoci\u00f3n y de arte a trav\u00e9s de la m\u00fasica y el baile flamenco. \u00a1Prep\u00e1rate para disfrutar del mejor espect\u00e1culo de flamenco de Barcelona en un lugar incre\u00edble!<\/p>\n<h2><b>Flamenco y gastronom\u00eda en el Poble Espanyol<\/b><\/h2>\n<p>La velada de flamenco en el Poble Espanyol es la mejor opci\u00f3n para aquellos que desean pasar una noche de entretenimiento mientras disfrutan de un delicioso restaurante tradicional espa\u00f1ol.<\/p>\n<p>\u00bfQu\u00e9 es lo que puedes esperar exactamente? En primer lugar, podemos proporcionarte el transporte para que tu grupo privado llegue al evento r\u00e1pida y f\u00e1cilmente. Tenemos una amplia gama de transporte privado disponible, dependiendo del tama\u00f1o y la naturaleza del grupo, para asegurarnos de que todos los grupos de Barcelona sean atendidos.<\/p>\n<p>Despu\u00e9s entrar\u00e1s en el <u><strong>Poble Espanyol<\/strong><\/u>, una de las atracciones m\u00e1s interesantes y populares de Barcelona. Este peque\u00f1o \u201cpueblo espa\u00f1ol\u201d fue creado en 1929 para parecerse a un pueblo espa\u00f1ol real, con m\u00e1s de 117 edificios replicados de todos los lugares de Espa\u00f1a. Es una instant\u00e1nea, sin coches, de la vida espa\u00f1ola en toda su diversidad.<\/p>\n<p>En el Poble Espanyol tambi\u00e9n encontrar\u00e1 galer\u00edas, tiendas de artesan\u00eda, bares, restaurantes, terrazas y, por supuesto, un teatro. Es una forma realmente preciosa de familiarizarse con la arquitectura, la cultura y la gastronom\u00eda espa\u00f1olas, en una representaci\u00f3n a medida que te permitir\u00e1 visitar las diferentes zonas de Espa\u00f1a.<\/p>\n<p>Hay dos men\u00fas diferentes para que tu grupo pueda elegir. Ambos men\u00fas ofrecen cocina mediterr\u00e1nea, acompa\u00f1ada de un delicioso vino espa\u00f1ol y postres. Qu\u00e9 mejor manera de disfrutar de un aut\u00e9ntico espect\u00e1culo de flamenco, que con una cena tradicional marinada con deliciosos vinos locales y desde los mejores asientos del restaurante.<\/p>\n<h2><b>Noche de flamenco en el Poble Espanyol: \u00bfSintiendo la llamada del flamenco?<\/b><\/h2>\n<p>Quiz\u00e1s la emocionante actuaci\u00f3n flamenca encienda algo en tu grupo que les d\u00e9 ganas de intentarlo ellos mismos. En cuyo caso, \u00bfpor qu\u00e9 no probar nuestra clase privada de flamenco?<\/p>\n<p>Dise\u00f1ada especialmente para grupos privados y corporativos, nuestra clase de flamenco en Barcelona te permitir\u00e1 probar tu destreza con los pies, brazos, postura, giros y coreograf\u00eda. Explora y experimenta la pasi\u00f3n y la emoci\u00f3n de este estilo de baile \u00fanico con nuestro experto instructor de flamenco.<\/p>\n<p>En una clase de una hora, aprender\u00e1s algunas de las t\u00e9cnicas y pasos b\u00e1sicos del flamenco. La clase se lleva a cabo en un lugar c\u00e9ntrico e incluimos una copa de cava para ayudar a relajar los nervios previos al baile.<\/p>\n<h3><b>El arte del flamenco<\/b><\/h3>\n<p>El flamenco es tan dif\u00edcil de definir como lo es su canto, ya que el estado de \u00e1nimo del que surge, y su estilo, pueden diferir de una canci\u00f3n a otra, y de una historia a otra. Pero el arte del flamenco est\u00e1 enraizado en la pasi\u00f3n y la seducci\u00f3n; a veces es atronador y furioso, a veces profundo y lleno de sentimiento, y a veces melanc\u00f3lico y triste.<\/p>\n<p>Su misterioso y conmovedor estilo, originario de Andaluc\u00eda, se documenta desde solo hace unos 200 a\u00f1os. Su origen es incierto, pero se sabe que el estilo flamenco original se interpretaba solo con la voz. Un grito o canto primitivo que se acompa\u00f1aba con el ritmo que nac\u00eda al golpear el suelo con aquello que quedaba m\u00e1s a mano.<\/p>\n<p>El flamenco moderno actualmente se compone de cuatro elementos o \u201cpalos\u201d: el \u201ccante\u201d, el \u201cbaile\u201d, el \u201ctoque\u201d y el \u201cjaleo\u201d, que consiste en zapatear, aplaudir y dar gritos de aprobaci\u00f3n y aliento.<\/p>\n<p>Hay tambien la possibilidad de a\u00f1adir la <a href=\"https:\/\/barcelonatours.net\/es\/actividades\/clase-privada-flamenco-barcelona\">clase privada de baile de\u00a0 flamenco<\/a> antes de la cena, pidenos informacion y cotizacion.<\/p>\n<h3><b>Cenas de grupos<\/b><\/h3>\n<p><span style=\"font-weight: 400;\">Con la cenas de grupo trabajamos de la siguiente forma: os mandamos los men\u00fas originales de los restaurantes y os gestionamos toda la reserva, solo cobramos un booking fee del 10% sobre el total de los men\u00fas<\/span><\/p>\n<p><span style=\"font-weight: 400;\">Con las comidas\/cenas de grupo trabajamos de la siguiente forma: os mandamos los men\u00fas originales de los restaurantes y os gestionamos toda la reserva(Pagos,admin, dietas, cambios de menu y horario, extras, ecc), solo cobramos un booking fee del 10% sobre el total de los men\u00fas<\/span><\/p>\n<p>Contactanos para reservar y para mas informacion : correo: <a href=\"mailto:info@barcelonatours.net\">info@barcelonatours.net<\/a> o Tel\/W&#8217;App <a href=\"tel: +34658768333\">+34658768333<\/a>[\/vc_column_text][\/vc_column][\/vc_row][vc_row][vc_column][vc_column_text css=&#8221;&#8221;]\n<h2>\ud83d\udc83 Cena y Espetaculo de Flamenco en Poble Espanyol<\/h2>\n<\/p><p><!--more--><\/p>\n<table class=\"table table-bordered tours-tabs__table\" style=\"width: 98.6374%; height: 138px;\" width=\"99.2947%\">\n<tbody>\n<tr>\n<td style=\"width: 21.0088%;\"><strong>PRECIO<\/strong><\/td>\n<td style=\"width: 78.0108%;\"><i class=\"fa fa-check icon-tick icon-tick--on\"><\/i>Desde 68\u20ac por persona<\/td>\n<\/tr>\n<tr style=\"height: 24px;\">\n<td style=\"width: 21.0088%; height: 24px;\"><strong>UBICACI\u00d3N<\/strong><\/td>\n<td style=\"width: 78.0108%; height: 24px;\"><i class=\"fa fa-check icon-tick icon-tick--on\"><\/i>Poble Espanyol en Montjuic<\/td>\n<\/tr>\n<tr style=\"height: 80px;\">\n<td style=\"width: 21.0088%; height: 80px;\"><strong>INCLUIDO<\/strong><\/td>\n<td style=\"width: 78.0108%; height: 80px;\"><i class=\"fa fa-check icon-tick icon-tick--on\"><\/i>Entrada gratuita al Poble Espanyol (Desde las 16:00h)<br \/>\n<i class=\"fa fa-check icon-tick icon-tick--on\"><\/i>Cena completa: 3 platos + bebidas: vino, agua y caf\u00e9<br \/>\n<i class=\"fa fa-check icon-tick icon-tick--on\"><\/i>Espect\u00e1culo de flamenco, uno de los mejores de la ciudad (Ver v\u00eddeo)<br \/>\n<i class=\"fa fa-check icon-tick icon-tick--on\"><\/i>10% de tarifa de reserva por persona<\/td>\n<\/tr>\n<tr>\n<td style=\"width: 21.0088%;\"><strong><b>N. DE PERSONAS<\/b><\/strong><\/td>\n<td style=\"width: 78.0108%;\"><i class=\"fa fa-check icon-tick icon-tick--on\"><\/i>De 12 a 120 personas<\/td>\n<\/tr>\n<tr style=\"height: 82px;\">\n<td style=\"width: 21.0088%; height: 10px;\"><b>BENEFICIOS<\/b><\/td>\n<td style=\"width: 78.0108%; height: 24px;\">1\ufe0f\u20e3 Para empresas con equipos internacionales, un espect\u00e1culo de flamenco ofrece una fant\u00e1stica manera de sumergir al grupo en la aut\u00e9ntica cultura espa\u00f1ola.\n<p>2\ufe0f\u20e3 \u00a1Puedes convertirlo en un d\u00eda de empresa! Al tener la entrada a &#8220;Poble Espanyol&#8221;, puedes hacer un recorrido por todas las regiones espa\u00f1olas y luego disfrutar de la Cena + Espect\u00e1culo en el Tablao.<\/p>\n<p>3\ufe0f\u20e3 Es una experiencia que clientes y empleados recordar\u00e1n y de la que hablar\u00e1n positivamente, diferenciando a tu empresa. Para el networking, el ambiente animado puede romper barreras y facilitar conversaciones naturales.<\/p><\/td>\n<\/tr>\n<\/tbody>\n<\/table>\n[\/vc_column_text][vc_video link=&#8221;https:\/\/youtu.be\/npykreAuoYo&#8221; css=&#8221;&#8221; title=&#8221;Video del la noche en el Tablao&#8221;][\/vc_column][\/vc_row][vc_row][vc_column][vc_column_text css=&#8221;&#8221;]\n<h2>\u00a0 \u2753C\u00d3MO FUNCIONA Y PREGUNTAS FRECUENTES<\/h2>\n<p><!--more--><\/p>\n<table class=\"table table-bordered tours-tabs__table\" style=\"width: 98.6374%; height: 138px;\" width=\"99.2947%\">\n<tbody>\n<tr style=\"height: 82px;\">\n<td style=\"width: 21.0088%; height: 10px;\"><b>C\u00d3MO FUNCIONA<\/b><\/td>\n<td style=\"width: 78.0108%; height: 24px;\">1\ufe0f\u20e3 Despu\u00e9s de recibir tu consulta, te enviaremos una propuesta con las mejores soluciones para tu evento y m\u00e1s ideas a considerar.\n<p>2\ufe0f\u20e3 T\u00fa eliges la mejor solucion y responderemos a todas tus preguntas por correo electr\u00f3nico (o tel\u00e9fono) hasta que est\u00e9s completamente satisfecho y listo para reservar.<\/p>\n<p>3\ufe0f\u20e3 Una vez establecidos todos los detalles, te facilitaremos el presupuesto final y solo solicitaremos un dep\u00f3sito del 20% para asegurar la fecha de tu evento<\/p><\/td>\n<\/tr>\n<tr>\n<td style=\"width: 21.0088%;\"><strong>PREGUNTAS FRECUENTES<\/strong><\/td>\n<td style=\"width: 78.0108%;\">1\ufe0f\u20e3 <strong>Condiciones de pago:<\/strong> Para confirmar el evento, necesitamos un dep\u00f3sito del 20% y el importe total una semana antes. Puedes pagar mediante transferencia bancaria o con tarjeta de d\u00e9bito\/cr\u00e9dito a trav\u00e9s de un enlace de pago.\n<p>2\ufe0f\u20e3<strong>N\u00fameros finales:<\/strong> tienes la libertad de ajustar el n\u00famero de participantes para el evento hasta una semana antes, y no habr\u00e1 penalizaciones ni cargos adicionales. Sin embargo, hay que tener en cuenta que algunas actividades pueden tener precios variables seg\u00fan el tama\u00f1o del grupo.<span style=\"font-weight: 400;\"><br \/>\n<\/span><\/p>\n<p>3\ufe0f\u20e3 <strong>Itinerario final:<\/strong> una semana antes del evento, recibir\u00e1s un resumen detallado con toda la informaci\u00f3n \u00fatil.<\/p><\/td>\n<\/tr>\n<\/tbody>\n<\/table>\n[\/vc_column_text][\/vc_column][\/vc_row][vc_row][vc_column][vc_column_text css=&#8221;&#8221;]<em><span style=\"font-size: 18pt;\"><strong>\u23ed\ufe0f \u00bfPasamos ya a la siguiente fase?<\/strong><\/span><\/em>\n<p>&nbsp;<\/p>\n<p style=\"text-align: left;\"><em><span style=\"font-size: 14pt;\"><strong>Pide un presupuesto r\u00e1pido:\u00a0 \u00a0\u00a0<\/strong><\/span><\/em><\/p>\n<ul>\n<li style=\"text-align: left;\"><em><span style=\"font-size: 14pt;\"><strong>Email <a href=\"mailto: info@barcelonatours.net\" data-cke-saved-href=\"mailto:enquiry@barcelonatours.net\">info@barcelonatours.net<\/a>\u00a0\u00a0<\/strong><\/span><\/em><\/li>\n<li><em><span style=\"font-size: 14pt;\"><strong>Tel\/W&#8217;App\u00a0 <a href=\"tel: +34658768333\">+34 658 768 333<\/a><\/strong><\/span><\/em><\/li>\n<\/ul>\n<p>&nbsp;<\/p>\n<p style=\"text-align: left;\"><em><span style=\"font-size: 14pt;\"><strong>Clientes satisfechos, lo que dicen de nosotros:\u00a0 \u2b50\ufe0f\u2b50\ufe0f\u2b50\ufe0f\u2b50\ufe0f\u2b50\ufe0f <a href=\"https:\/\/www.google.com\/maps\/place\/BarcelonaTours.net\/@41.406933,2.1567085,17z\/data=!3m1!5s0x12a4a2e9f0c7847d:0xe1ddc3cf1f5a665f!4m8!3m7!1s0x12a4a2a5c1e2257d:0xcab7dbbfc67e084a!8m2!3d41.406933!4d2.1567085!9m1!1b1!16s%2Fg%2F12lk5ddc3?hl=en-US&amp;entry=ttu&amp;g_ep=EgoyMDI1MDExNS4wIKXMDSoASAFQAw%3D%3D\">rese\u00f1as en Google<\/a><\/strong><\/span><\/em><\/p>\n<p style=\"text-align: left;\"><em><span style=\"font-size: 14pt;\"><strong>Alg\u00fan reportaje de los eventos hechos:\u00a0 <a href=\"https:\/\/www.linkedin.com\/company\/1708408\/admin\/page-posts\/published\/\">publicaciones en LinkedIn<\/a><\/strong><\/span><\/em><\/p>\n[\/vc_column_text][\/vc_column][\/vc_row]\n<\/div>","protected":false},"excerpt":{"rendered":"<p>Acompa\u00f1ado de deliciosos vinos y cenas, se sentir\u00e1 fren\u00e9tico por el arduo juego de pies de los bailarines.<\/p>\n","protected":false},"featured_media":4799,"comment_status":"closed","ping_status":"closed","template":"","meta":{"footnotes":""},"product_brand":[],"product_cat":[3462,3463],"product_tag":[],"class_list":{"0":"post-5598","1":"product","2":"type-product","3":"status-publish","4":"has-post-thumbnail","6":"product_cat-night-activities-es","7":"product_cat-team-building-es","8":"tour_category-activities-es","9":"tour_category-night-activity-es","10":"tour_category-team-building-en-barcelona","12":"first","13":"instock","14":"virtual","15":"taxable","16":"purchasable","17":"product-type-tour"},"yoast_head":"<!-- This site is optimized with the Yoast SEO plugin v27.3 - https:\/\/yoast.com\/product\/yoast-seo-wordpress\/ -->\n<title>Cena y Espect\u00e1culo de Flamenco en Barcelona<\/title>\n<meta name=\"description\" content=\"Esta es una velada verdaderamente espa\u00f1ola, con la emoci\u00f3n de la noche de flamenco en el Poble Espanyol. Coma una comida tradicional espa\u00f1ola en el museo.\" \/>\n<meta name=\"robots\" content=\"index, follow, max-snippet:-1, max-image-preview:large, max-video-preview:-1\" \/>\n<link rel=\"canonical\" href=\"https:\/\/barcelonatours.net\/es\/team-building-en-barcelona\/cena-flamenco-poble-espanyol\" \/>\n<meta property=\"og:locale\" content=\"es_ES\" \/>\n<meta property=\"og:type\" content=\"article\" \/>\n<meta property=\"og:title\" content=\"Cena y Espect\u00e1culo de Flamenco en Barcelona\" \/>\n<meta property=\"og:description\" content=\"Esta es una velada verdaderamente espa\u00f1ola, con la emoci\u00f3n de la noche de flamenco en el Poble Espanyol. Coma una comida tradicional espa\u00f1ola en el museo.\" \/>\n<meta property=\"og:url\" content=\"https:\/\/barcelonatours.net\/es\/team-building-en-barcelona\/cena-flamenco-poble-espanyol\" \/>\n<meta property=\"og:site_name\" content=\"BarcelonaTours.net\" \/>\n<meta property=\"article:publisher\" content=\"https:\/\/www.facebook.com\/BarcelonaTours.net\/\" \/>\n<meta property=\"article:modified_time\" content=\"2025-08-07T15:35:25+00:00\" \/>\n<meta property=\"og:image\" content=\"https:\/\/barcelonatours.net\/wp-content\/uploads\/2019\/07\/dolo-iglesias-zmtZNBqMjhQ-unsplash-1.jpg\" \/>\n\t<meta property=\"og:image:width\" content=\"2048\" \/>\n\t<meta property=\"og:image:height\" content=\"1365\" \/>\n\t<meta property=\"og:image:type\" content=\"image\/jpeg\" \/>\n<meta name=\"twitter:card\" content=\"summary_large_image\" \/>\n<meta name=\"twitter:site\" content=\"@BarcelonaTours1\" \/>\n<meta name=\"twitter:label1\" content=\"Tiempo de lectura\" \/>\n\t<meta name=\"twitter:data1\" content=\"7 minutos\" \/>\n<script type=\"application\/ld+json\" class=\"yoast-schema-graph\">{\"@context\":\"https:\\\/\\\/schema.org\",\"@graph\":[{\"@type\":\"WebPage\",\"@id\":\"https:\\\/\\\/barcelonatours.net\\\/es\\\/team-building-en-barcelona\\\/cena-flamenco-poble-espanyol\",\"url\":\"https:\\\/\\\/barcelonatours.net\\\/es\\\/team-building-en-barcelona\\\/cena-flamenco-poble-espanyol\",\"name\":\"Cena y Espect\u00e1culo de Flamenco en Barcelona\",\"isPartOf\":{\"@id\":\"https:\\\/\\\/barcelonatours.net\\\/es#website\"},\"primaryImageOfPage\":{\"@id\":\"https:\\\/\\\/barcelonatours.net\\\/es\\\/team-building-en-barcelona\\\/cena-flamenco-poble-espanyol#primaryimage\"},\"image\":{\"@id\":\"https:\\\/\\\/barcelonatours.net\\\/es\\\/team-building-en-barcelona\\\/cena-flamenco-poble-espanyol#primaryimage\"},\"thumbnailUrl\":\"https:\\\/\\\/barcelonatours.net\\\/wp-content\\\/uploads\\\/2019\\\/07\\\/dolo-iglesias-zmtZNBqMjhQ-unsplash-1.jpg\",\"datePublished\":\"2025-05-26T10:46:30+00:00\",\"dateModified\":\"2025-08-07T15:35:25+00:00\",\"description\":\"Esta es una velada verdaderamente espa\u00f1ola, con la emoci\u00f3n de la noche de flamenco en el Poble Espanyol. Coma una comida tradicional espa\u00f1ola en el museo.\",\"breadcrumb\":{\"@id\":\"https:\\\/\\\/barcelonatours.net\\\/es\\\/team-building-en-barcelona\\\/cena-flamenco-poble-espanyol#breadcrumb\"},\"inLanguage\":\"es\",\"potentialAction\":[{\"@type\":\"ReadAction\",\"target\":[\"https:\\\/\\\/barcelonatours.net\\\/es\\\/team-building-en-barcelona\\\/cena-flamenco-poble-espanyol\"]}]},{\"@type\":\"ImageObject\",\"inLanguage\":\"es\",\"@id\":\"https:\\\/\\\/barcelonatours.net\\\/es\\\/team-building-en-barcelona\\\/cena-flamenco-poble-espanyol#primaryimage\",\"url\":\"https:\\\/\\\/barcelonatours.net\\\/wp-content\\\/uploads\\\/2019\\\/07\\\/dolo-iglesias-zmtZNBqMjhQ-unsplash-1.jpg\",\"contentUrl\":\"https:\\\/\\\/barcelonatours.net\\\/wp-content\\\/uploads\\\/2019\\\/07\\\/dolo-iglesias-zmtZNBqMjhQ-unsplash-1.jpg\",\"width\":2048,\"height\":1365,\"caption\":\"Espect\u00e1culo Flamenco en Barcelona\"},{\"@type\":\"BreadcrumbList\",\"@id\":\"https:\\\/\\\/barcelonatours.net\\\/es\\\/team-building-en-barcelona\\\/cena-flamenco-poble-espanyol#breadcrumb\",\"itemListElement\":[{\"@type\":\"ListItem\",\"position\":1,\"name\":\"Home\",\"item\":\"https:\\\/\\\/barcelonatours.net\\\/es\"},{\"@type\":\"ListItem\",\"position\":2,\"name\":\"Shop\",\"item\":\"https:\\\/\\\/barcelonatours.net\\\/shop\"},{\"@type\":\"ListItem\",\"position\":3,\"name\":\"Noche de Flamenco en el Poble Espanyol de Barcelona\"}]},{\"@type\":\"WebSite\",\"@id\":\"https:\\\/\\\/barcelonatours.net\\\/es#website\",\"url\":\"https:\\\/\\\/barcelonatours.net\\\/es\",\"name\":\"BarcelonaTours.net\",\"description\":\"The best tours and team building activities of Barcelona\",\"publisher\":{\"@id\":\"https:\\\/\\\/barcelonatours.net\\\/es#organization\"},\"potentialAction\":[{\"@type\":\"SearchAction\",\"target\":{\"@type\":\"EntryPoint\",\"urlTemplate\":\"https:\\\/\\\/barcelonatours.net\\\/es?s={search_term_string}\"},\"query-input\":{\"@type\":\"PropertyValueSpecification\",\"valueRequired\":true,\"valueName\":\"search_term_string\"}}],\"inLanguage\":\"es\"},{\"@type\":\"Organization\",\"@id\":\"https:\\\/\\\/barcelonatours.net\\\/es#organization\",\"name\":\"Barcelona Tours\",\"url\":\"https:\\\/\\\/barcelonatours.net\\\/es\",\"logo\":{\"@type\":\"ImageObject\",\"inLanguage\":\"es\",\"@id\":\"https:\\\/\\\/barcelonatours.net\\\/es#\\\/schema\\\/logo\\\/image\\\/\",\"url\":\"https:\\\/\\\/barcelonatours.net\\\/wp-content\\\/uploads\\\/2019\\\/04\\\/bcn_tours_logo-e1556215659835.png\",\"contentUrl\":\"https:\\\/\\\/barcelonatours.net\\\/wp-content\\\/uploads\\\/2019\\\/04\\\/bcn_tours_logo-e1556215659835.png\",\"width\":250,\"height\":89,\"caption\":\"Barcelona Tours\"},\"image\":{\"@id\":\"https:\\\/\\\/barcelonatours.net\\\/es#\\\/schema\\\/logo\\\/image\\\/\"},\"sameAs\":[\"https:\\\/\\\/www.facebook.com\\\/BarcelonaTours.net\\\/\",\"https:\\\/\\\/x.com\\\/BarcelonaTours1\",\"https:\\\/\\\/www.instagram.com\\\/barcelonatours\\\/\"]}]}<\/script>\n<!-- \/ Yoast SEO plugin. -->","yoast_head_json":{"title":"Cena y Espect\u00e1culo de Flamenco en Barcelona","description":"Esta es una velada verdaderamente espa\u00f1ola, con la emoci\u00f3n de la noche de flamenco en el Poble Espanyol. Coma una comida tradicional espa\u00f1ola en el museo.","robots":{"index":"index","follow":"follow","max-snippet":"max-snippet:-1","max-image-preview":"max-image-preview:large","max-video-preview":"max-video-preview:-1"},"canonical":"https:\/\/barcelonatours.net\/es\/team-building-en-barcelona\/cena-flamenco-poble-espanyol","og_locale":"es_ES","og_type":"article","og_title":"Cena y Espect\u00e1culo de Flamenco en Barcelona","og_description":"Esta es una velada verdaderamente espa\u00f1ola, con la emoci\u00f3n de la noche de flamenco en el Poble Espanyol. Coma una comida tradicional espa\u00f1ola en el museo.","og_url":"https:\/\/barcelonatours.net\/es\/team-building-en-barcelona\/cena-flamenco-poble-espanyol","og_site_name":"BarcelonaTours.net","article_publisher":"https:\/\/www.facebook.com\/BarcelonaTours.net\/","article_modified_time":"2025-08-07T15:35:25+00:00","og_image":[{"width":2048,"height":1365,"url":"https:\/\/barcelonatours.net\/wp-content\/uploads\/2019\/07\/dolo-iglesias-zmtZNBqMjhQ-unsplash-1.jpg","type":"image\/jpeg"}],"twitter_card":"summary_large_image","twitter_site":"@BarcelonaTours1","twitter_misc":{"Tiempo de lectura":"7 minutos"},"schema":{"@context":"https:\/\/schema.org","@graph":[{"@type":"WebPage","@id":"https:\/\/barcelonatours.net\/es\/team-building-en-barcelona\/cena-flamenco-poble-espanyol","url":"https:\/\/barcelonatours.net\/es\/team-building-en-barcelona\/cena-flamenco-poble-espanyol","name":"Cena y Espect\u00e1culo de Flamenco en Barcelona","isPartOf":{"@id":"https:\/\/barcelonatours.net\/es#website"},"primaryImageOfPage":{"@id":"https:\/\/barcelonatours.net\/es\/team-building-en-barcelona\/cena-flamenco-poble-espanyol#primaryimage"},"image":{"@id":"https:\/\/barcelonatours.net\/es\/team-building-en-barcelona\/cena-flamenco-poble-espanyol#primaryimage"},"thumbnailUrl":"https:\/\/barcelonatours.net\/wp-content\/uploads\/2019\/07\/dolo-iglesias-zmtZNBqMjhQ-unsplash-1.jpg","datePublished":"2025-05-26T10:46:30+00:00","dateModified":"2025-08-07T15:35:25+00:00","description":"Esta es una velada verdaderamente espa\u00f1ola, con la emoci\u00f3n de la noche de flamenco en el Poble Espanyol. Coma una comida tradicional espa\u00f1ola en el museo.","breadcrumb":{"@id":"https:\/\/barcelonatours.net\/es\/team-building-en-barcelona\/cena-flamenco-poble-espanyol#breadcrumb"},"inLanguage":"es","potentialAction":[{"@type":"ReadAction","target":["https:\/\/barcelonatours.net\/es\/team-building-en-barcelona\/cena-flamenco-poble-espanyol"]}]},{"@type":"ImageObject","inLanguage":"es","@id":"https:\/\/barcelonatours.net\/es\/team-building-en-barcelona\/cena-flamenco-poble-espanyol#primaryimage","url":"https:\/\/barcelonatours.net\/wp-content\/uploads\/2019\/07\/dolo-iglesias-zmtZNBqMjhQ-unsplash-1.jpg","contentUrl":"https:\/\/barcelonatours.net\/wp-content\/uploads\/2019\/07\/dolo-iglesias-zmtZNBqMjhQ-unsplash-1.jpg","width":2048,"height":1365,"caption":"Espect\u00e1culo Flamenco en Barcelona"},{"@type":"BreadcrumbList","@id":"https:\/\/barcelonatours.net\/es\/team-building-en-barcelona\/cena-flamenco-poble-espanyol#breadcrumb","itemListElement":[{"@type":"ListItem","position":1,"name":"Home","item":"https:\/\/barcelonatours.net\/es"},{"@type":"ListItem","position":2,"name":"Shop","item":"https:\/\/barcelonatours.net\/shop"},{"@type":"ListItem","position":3,"name":"Noche de Flamenco en el Poble Espanyol de Barcelona"}]},{"@type":"WebSite","@id":"https:\/\/barcelonatours.net\/es#website","url":"https:\/\/barcelonatours.net\/es","name":"BarcelonaTours.net","description":"The best tours and team building activities of Barcelona","publisher":{"@id":"https:\/\/barcelonatours.net\/es#organization"},"potentialAction":[{"@type":"SearchAction","target":{"@type":"EntryPoint","urlTemplate":"https:\/\/barcelonatours.net\/es?s={search_term_string}"},"query-input":{"@type":"PropertyValueSpecification","valueRequired":true,"valueName":"search_term_string"}}],"inLanguage":"es"},{"@type":"Organization","@id":"https:\/\/barcelonatours.net\/es#organization","name":"Barcelona Tours","url":"https:\/\/barcelonatours.net\/es","logo":{"@type":"ImageObject","inLanguage":"es","@id":"https:\/\/barcelonatours.net\/es#\/schema\/logo\/image\/","url":"https:\/\/barcelonatours.net\/wp-content\/uploads\/2019\/04\/bcn_tours_logo-e1556215659835.png","contentUrl":"https:\/\/barcelonatours.net\/wp-content\/uploads\/2019\/04\/bcn_tours_logo-e1556215659835.png","width":250,"height":89,"caption":"Barcelona Tours"},"image":{"@id":"https:\/\/barcelonatours.net\/es#\/schema\/logo\/image\/"},"sameAs":["https:\/\/www.facebook.com\/BarcelonaTours.net\/","https:\/\/x.com\/BarcelonaTours1","https:\/\/www.instagram.com\/barcelonatours\/"]}]}},"_links":{"self":[{"href":"https:\/\/barcelonatours.net\/es\/wp-json\/wp\/v2\/product\/5598","targetHints":{"allow":["GET"]}}],"collection":[{"href":"https:\/\/barcelonatours.net\/es\/wp-json\/wp\/v2\/product"}],"about":[{"href":"https:\/\/barcelonatours.net\/es\/wp-json\/wp\/v2\/types\/product"}],"replies":[{"embeddable":true,"href":"https:\/\/barcelonatours.net\/es\/wp-json\/wp\/v2\/comments?post=5598"}],"version-history":[{"count":0,"href":"https:\/\/barcelonatours.net\/es\/wp-json\/wp\/v2\/product\/5598\/revisions"}],"wp:featuredmedia":[{"embeddable":true,"href":"https:\/\/barcelonatours.net\/es\/wp-json\/wp\/v2\/media\/4799"}],"wp:attachment":[{"href":"https:\/\/barcelonatours.net\/es\/wp-json\/wp\/v2\/media?parent=5598"}],"wp:term":[{"taxonomy":"product_brand","embeddable":true,"href":"https:\/\/barcelonatours.net\/es\/wp-json\/wp\/v2\/product_brand?post=5598"},{"taxonomy":"product_cat","embeddable":true,"href":"https:\/\/barcelonatours.net\/es\/wp-json\/wp\/v2\/product_cat?post=5598"},{"taxonomy":"product_tag","embeddable":true,"href":"https:\/\/barcelonatours.net\/es\/wp-json\/wp\/v2\/product_tag?post=5598"}],"curies":[{"name":"wp","href":"https:\/\/api.w.org\/{rel}","templated":true}]}}