{"id":5596,"date":"2025-07-31T11:32:57","date_gmt":"2025-07-31T09:32:57","guid":{"rendered":"https:\/\/barcelonatours.net\/product\/gincana-fotografica\/"},"modified":"2025-12-29T16:57:44","modified_gmt":"2025-12-29T15:57:44","slug":"gincana-fotografica","status":"publish","type":"product","link":"https:\/\/barcelonatours.net\/es\/team-building-en-barcelona\/gincana-fotografica","title":{"rendered":"Gymkhana Fotogr\u00e1fica por Barcelona"},"content":{"rendered":"<div class=\"wpb-content-wrapper\">[vc_row][vc_column]<div class=\"title title--big title--center title--underline title--decoration-bottom-center\">\n\t\t\t<div class=\"title__subtitle\">Actividades Team Building--Tours Privados--Salidas en Barco--Cenas de Empresa--Traslados para grupos<\/div>\n\t\t<h3 class=\"title__primary\"><\/h3>\n<\/div>\n[vc_column_text css=&#8221;&#8221;]<em><span style=\"font-weight: 300; font-size: 14pt;\">\u00a1Reserva una gincana fotogr\u00e1fica en Barcelona y explora la ciudad mientras resuelves pistas!<\/span><\/em>\n<p><span style=\"font-weight: 300;\">BarcelonaTours cuenta con dos actividades de team building creativas y \u00fanicas: <\/span><b>la Gincana Fotogr\u00e1fica Polaroid de Barcelona <\/b><span style=\"font-weight: 300;\">(exclusiva de BarcelonaTours) y <\/span><b>la Gymkhana RSE.<\/b><\/p>\n<p>Una cl\u00e1sica gincana (tambi\u00e9n conocido como una ginkana o gymkhana), implica resolver pistas y seguir un recorrido marcado en un mapa.<\/p>\n<p><span style=\"font-weight: 300;\">Si bien nuestras gincanas (tambi\u00e9n conocidas como b\u00fasquedas del tesoro) todav\u00eda tienen estos elementos cl\u00e1sicos, cada equipo recibe una c\u00e1mara Polaroid vintage (c\u00e1mara instant\u00e1nea) con 10 fotos para tomar fotograf\u00edas y llenar un \u00e1lbum de fotos como recuerdo. <\/span><\/p>\n<p><span style=\"font-weight: 300;\">Los asistentes anteriores nos dijeron que es uno de los mejores recuerdos de su experiencia de team building en Barcelona.<\/span><\/p>\n<p><span style=\"font-weight: 300;\">Contin\u00fae leyendo y mirando los videos tutoriales para obtener m\u00e1s informaci\u00f3n sobre ambas actividades.<\/span><\/p>\n<h3><span style=\"font-size: 18pt;\"><em><strong>Video Tutoriales Breves<\/strong><\/em><\/span><\/h3>\n<ul>\n<li><em><span style=\"font-size: 14pt;\"><a href=\"https:\/\/www.youtube.com\/shorts\/lydErN7cN-E\">\u00bfQu\u00e9 tipo de actividad es?<\/a><\/span><\/em><\/li>\n<li><em><span style=\"font-size: 14pt;\"><a href=\"https:\/\/www.youtube.com\/shorts\/grxqA-m0SAY\">\u00bfC\u00f3mo se estructurar\u00e1 la actividad?<\/a><\/span><\/em><\/li>\n<li><em><span style=\"font-size: 14pt;\"><a href=\"https:\/\/www.youtube.com\/shorts\/WsyyO0ZnMxc\">\u00bfQu\u00e9 desaf\u00edos enfrentar\u00e1n los grupos?<\/a><\/span><\/em><\/li>\n<li><em><span style=\"font-size: 14pt;\"><a href=\"https:\/\/www.youtube.com\/shorts\/kBuxlV6Mpa0\">\u00bfC\u00f3mo ganar el juego?<\/a><\/span><\/em><\/li>\n<\/ul>\n<h2><\/h2>\n<h2><b>\u00bfQu\u00e9 puedes esperar?<\/b><\/h2>\n<ul>\n<li><em><span style=\"font-size: 14pt;\"><a href=\"https:\/\/youtu.be\/z2Al0AjDELg\">Video reportaje de un evento(1.30min)<\/a><\/span><\/em><\/li>\n<\/ul>\n<p>&nbsp;<\/p>\n<h2>\u00bfPara qui\u00e9n es apropiada la gincana fotogr\u00e1fica?<\/h2>\n<p>Cualquier persona, en cualquier lugar, que quiera divertirse mientras hace <a href=\"https:\/\/barcelonatours.net\/es\/team-building-en-barcelona\">team building<\/a>. Estas actividades son perfectas para formar equipos, ya que todos trabajan juntos para resolver los acertijos. Podemos acomodar <strong>equipos tan peque\u00f1os como de 10 personas y tenemos capacidad para hasta 200 personas.<\/strong> M\u00e1s all\u00e1 de los eventos de empresa, nuestras b\u00fasquedas del tesoro tambi\u00e9n son adecuadas para familias, grupos de amigos y cualquier otra persona.<\/p>\n<h3><b>\u00bfCu\u00e1nto tiempo duran?<\/b><\/h3>\n<p><span style=\"font-weight: 300;\"><strong>Aproximadamente tres horas.<\/strong> Despu\u00e9s, la mayor\u00eda de los equipos van a comer o beber, donde normalmente tambi\u00e9n celebramos una ceremonia de entrega de premios. Por lo general, los equipos extienden la noche m\u00e1s all\u00e1 de esta ceremonia para disfrutar de la emoci\u00f3n, las risas y el buen ambiente que persisten mucho despu\u00e9s de que termina la b\u00fasqueda del tesoro.<\/span><\/p>\n<h3>Entonces, \u00bfQui\u00e9n gana?<\/h3>\n<p>El equipo ganador ser\u00e1 el que haya acumulado m\u00e1s puntos en los tres desaf\u00edos. Si bien no es una carrera, hay penalizaciones por regresar tarde.<\/p>\n<p>Una vez que hayas completado los retos, guardar\u00e1s todo en tu mochila y te dirigir\u00e1s al punto de encuentro donde la entregar\u00e1s a un miembro del equipo de BarcelonaTours. Contaremos todos los puntos, determinaremos qui\u00e9n es el equipo ganador y le entregaremos un premio.<\/p>\n<h3>Puntos de partida y de final<\/h3>\n<p><span style=\"font-weight: 300;\">Tambi\u00e9n se pueden adaptar los puntos de salida y llegada. Si tu grupo se aloja en un hotel, podemos empezar y terminar all\u00ed, por ejemplo. O quiz\u00e1s tengas reservado un restaurante despu\u00e9s del evento, en cuyo caso podremos organizar all\u00ed la entrega de premios.<\/span><\/p>\n<p><span style=\"font-weight: 300;\">Todos estos detalles se pueden hablar con nosotros con antelaci\u00f3n. Nos aseguraremos de que todo el evento se desarrolle sin problemas y de que todos sepan qui\u00e9nes son los ganadores!<\/span><\/p>\n<h2><\/h2>\n[\/vc_column_text][\/vc_column][\/vc_row][vc_row][vc_column][vc_column_text css=&#8221;&#8221;]\n<h2>\ud83d\udcf7 Gymkhana<b>\u00a0Fotogr\u00e1fica de Barcelona<\/b><\/h2>\n<p><!--more--><\/p>\n<table class=\"table table-bordered tours-tabs__table\" style=\"width: 98.6374%; height: 160px;\" width=\"99.2947%\">\n<tbody>\n<tr style=\"height: 23px;\">\n<td style=\"width: 21.0088%; height: 23px;\"><strong>PRECIO<\/strong><\/td>\n<td style=\"width: 78.0108%; height: 23px;\"><i class=\"fa fa-check icon-tick icon-tick--on\"><\/i>Desde 45\u20ac por persona<\/td>\n<\/tr>\n<tr style=\"height: 24px;\">\n<td style=\"width: 21.0088%; height: 24px;\"><strong>UBICACI\u00d3N<\/strong><\/td>\n<td style=\"width: 78.0108%; height: 24px;\"><i class=\"fa fa-check icon-tick icon-tick--on\"><\/i>Plaza Catalu\u00f1a o Recogida y entrega desde tu ubicaci\u00f3n si a\u00f1ades el transporte.<\/td>\n<\/tr>\n<tr style=\"height: 80px;\">\n<td style=\"width: 21.0088%; height: 80px;\"><strong>INCLUIDO<\/strong><\/td>\n<td style=\"width: 78.0108%; height: 80px;\"><i class=\"fa fa-check icon-tick icon-tick--on\"><\/i>Materiales para la actividad\n<i class=\"fa fa-check icon-tick icon-tick--on\"><\/i>C\u00e1maras Polaroid Vintage y Pel\u00edcula\n<i class=\"fa fa-check icon-tick icon-tick--on\"><\/i> Un \u00e1lbum de fotos para cada equipo\n<i class=\"fa fa-check icon-tick icon-tick--on\"><\/i>Premios para los ganadores<\/td>\n<\/tr>\n<tr style=\"height: 23px;\">\n<td style=\"width: 21.0088%; height: 23px;\"><strong><b>N. DE PERSONAS<\/b><\/strong><\/td>\n<td style=\"width: 78.0108%; height: 23px;\"><i class=\"fa fa-check icon-tick icon-tick--on\"><\/i>10 \u2013 300 (Consultar si tu grupo es m\u00e1s grande)<\/td>\n<\/tr>\n<tr style=\"height: 82px;\">\n<td style=\"width: 21.0088%; height: 10px;\"><b>BENEFICIOS<\/b><\/td>\n<td style=\"width: 78.0108%; height: 10px;\">1\ufe0f\u20e3 La gente tendr\u00e1 que interactuar entre s\u00ed para ganar la actividad, por lo que se recomienda altamente esta actividad si ese es el objetivo del evento.\n<p>2\ufe0f\u20e3 Puedes pre-seleccionar los equipos de antemano para mezclar a la gente como quieras.<\/p>\n<p>3\ufe0f\u20e3 Tour por el casco antiguo con una mezcla de diversi\u00f3n, esp\u00edritu de equipo y competici\u00f3n. Adem\u00e1s, cada equipo se quedar\u00e1 con un \u00e1lbum de fotos (fotos Polaroid) como recuerdo del d\u00eda.<\/p><\/td>\n<\/tr>\n<\/tbody>\n<\/table>\n[\/vc_column_text][\/vc_column][\/vc_row][vc_row][vc_column][vc_video link=&#8221;https:\/\/youtu.be\/Fywhj_8Rysk?si=G2KihqcEKimCAdcw&#8221; css=&#8221;&#8221; title=&#8221;Video Tutorial completo(2.42min)&#8221;][vc_video link=&#8221;https:\/\/youtu.be\/z2Al0AjDELg&#8221; css=&#8221;&#8221; title=&#8221;Video reportaje de un evento(1.30min)&#8221;][\/vc_column][\/vc_row][vc_row][vc_column][vc_column_text css=&#8221;&#8221;]\n<h2>\u00a0 \u2753C\u00d3MO FUNCIONA Y PREGUNTAS FRECUENTES<\/h2>\n<p><!--more--><\/p>\n<table class=\"table table-bordered tours-tabs__table\" style=\"width: 98.6374%; height: 138px;\" width=\"99.2947%\">\n<tbody>\n<tr style=\"height: 82px;\">\n<td style=\"width: 21.0088%; height: 10px;\"><b>C\u00d3MO FUNCIONA<\/b><\/td>\n<td style=\"width: 78.0108%; height: 24px;\">1\ufe0f\u20e3 Despu\u00e9s de recibir tu consulta, te enviaremos una propuesta con las mejores soluciones para tu evento y m\u00e1s ideas a considerar.\n<p>2\ufe0f\u20e3 T\u00fa eliges la mejor solucion y responderemos a todas tus preguntas por correo electr\u00f3nico (o tel\u00e9fono) hasta que est\u00e9s completamente satisfecho y listo para reservar.<\/p>\n<p>3\ufe0f\u20e3 Una vez establecidos todos los detalles, te facilitaremos el presupuesto final y solo solicitaremos un dep\u00f3sito del 20% para asegurar la fecha de tu evento<\/p><\/td>\n<\/tr>\n<tr>\n<td style=\"width: 21.0088%;\"><strong>PREGUNTAS FRECUENTES<\/strong><\/td>\n<td style=\"width: 78.0108%;\">1\ufe0f\u20e3 <strong>Condiciones de pago:<\/strong> Para confirmar el evento, necesitamos un dep\u00f3sito del 20% y el importe total una semana antes. Puedes pagar mediante transferencia bancaria o con tarjeta de d\u00e9bito\/cr\u00e9dito a trav\u00e9s de un enlace de pago.\n<p>2\ufe0f\u20e3<strong>N\u00fameros finales:<\/strong> tienes la libertad de ajustar el n\u00famero de participantes para el evento hasta una semana antes, y no habr\u00e1 penalizaciones ni cargos adicionales. Sin embargo, hay que tener en cuenta que algunas actividades pueden tener precios variables seg\u00fan el tama\u00f1o del grupo.<span style=\"font-weight: 400;\"><br \/>\n<\/span><\/p>\n<p>3\ufe0f\u20e3 <strong>Itinerario final:<\/strong> una semana antes del evento, recibir\u00e1s un resumen detallado con toda la informaci\u00f3n \u00fatil.<\/p><\/td>\n<\/tr>\n<\/tbody>\n<\/table>\n[\/vc_column_text][\/vc_column][\/vc_row][vc_row][vc_column][vc_column_text css=&#8221;&#8221;]<em><span style=\"font-size: 18pt;\"><strong>\u23ed\ufe0f \u00bfPasamos ya a la siguiente fase?<\/strong><\/span><\/em>\n<p>&nbsp;<\/p>\n<p style=\"text-align: left;\"><em><span style=\"font-size: 14pt;\"><strong>Pide un presupuesto r\u00e1pido:\u00a0 \u00a0\u00a0<\/strong><\/span><\/em><\/p>\n<ul>\n<li style=\"text-align: left;\"><em><span style=\"font-size: 14pt;\"><strong>Email <a href=\"mailto: info@barcelonatours.net\" data-cke-saved-href=\"mailto:enquiry@barcelonatours.net\">info@barcelonatours.net<\/a>\u00a0\u00a0<\/strong><\/span><\/em><\/li>\n<li><em><span style=\"font-size: 14pt;\"><strong>Tel\/W&#8217;App\u00a0 <a href=\"tel: +34658768333\">+34 658 768 333<\/a><\/strong><\/span><\/em><\/li>\n<\/ul>\n<p>&nbsp;<\/p>\n<p style=\"text-align: left;\"><em><span style=\"font-size: 14pt;\"><strong>Clientes satisfechos, lo que dicen de nosotros:\u00a0 \u2b50\ufe0f\u2b50\ufe0f\u2b50\ufe0f\u2b50\ufe0f\u2b50\ufe0f <a href=\"https:\/\/www.google.com\/maps\/place\/BarcelonaTours.net\/@41.406933,2.1567085,17z\/data=!3m1!5s0x12a4a2e9f0c7847d:0xe1ddc3cf1f5a665f!4m8!3m7!1s0x12a4a2a5c1e2257d:0xcab7dbbfc67e084a!8m2!3d41.406933!4d2.1567085!9m1!1b1!16s%2Fg%2F12lk5ddc3?hl=en-US&amp;entry=ttu&amp;g_ep=EgoyMDI1MDExNS4wIKXMDSoASAFQAw%3D%3D\">rese\u00f1as en Google<\/a><\/strong><\/span><\/em><\/p>\n<p style=\"text-align: left;\"><em><span style=\"font-size: 14pt;\"><strong>Alg\u00fan reportaje de los eventos hechos:\u00a0 <a href=\"https:\/\/www.linkedin.com\/company\/1708408\/admin\/page-posts\/published\/\">publicaciones en LinkedIn<\/a><\/strong><\/span><\/em><\/p>\n[\/vc_column_text][\/vc_column][\/vc_row][vc_row][vc_column][vc_empty_space height=&#8221;30px&#8221;][vc_raw_html css=&#8221;&#8221;]JTVCdHJ1c3RpbmRleCUyMG5vLXJlZ2lzdHJhdGlvbiUzRGdvb2dsZSU1RA==[\/vc_raw_html][vc_empty_space height=&#8221;30px&#8221;][\/vc_column][\/vc_row]\n<\/div>","protected":false},"excerpt":{"rendered":"<p>\u00a1Nuestras actividades de team building m\u00e1s popular! Una adici\u00f3n \u00fanica y atractiva a cualquier evento corporativo.<\/p>\n","protected":false},"featured_media":15049,"comment_status":"closed","ping_status":"closed","template":"","meta":{"footnotes":""},"product_brand":[],"product_cat":[3757,3770,3676,3463],"product_tag":[],"class_list":{"0":"post-5596","1":"product","2":"type-product","3":"status-publish","4":"has-post-thumbnail","6":"product_cat-day-activities-es","7":"product_cat-private-tours-es","8":"product_cat-sightseeing-private-tours","9":"product_cat-team-building-es","10":"tour_category-activities-es","11":"tour_category-day-activity-es","12":"tour_category-sightseeing-tours-es","13":"tour_category-team-building-en-barcelona","14":"tour_category-private-tours-es","16":"first","17":"instock","18":"virtual","19":"taxable","20":"purchasable","21":"product-type-tour"},"yoast_head":"<!-- This site is optimized with the Yoast SEO plugin v27.3 - https:\/\/yoast.com\/product\/yoast-seo-wordpress\/ -->\n<title>Gymkhana Fotogr\u00e1fica Polaroid en Barcelona<\/title>\n<meta name=\"description\" content=\"\u00a1Dos de las mejores Gincanas Fotogr\u00e1ficas de Barcelona! Gincana Fotogr\u00e1fica de Barcelona o una B\u00fasqueda del Tesoro Ol\u00edmpica con c\u00e1maras Polaroid vintage.\" \/>\n<meta name=\"robots\" content=\"index, follow, max-snippet:-1, max-image-preview:large, max-video-preview:-1\" \/>\n<link rel=\"canonical\" href=\"https:\/\/barcelonatours.net\/es\/team-building-en-barcelona\/gincana-fotografica\" \/>\n<meta property=\"og:locale\" content=\"es_ES\" \/>\n<meta property=\"og:type\" content=\"article\" \/>\n<meta property=\"og:title\" content=\"Gymkhana Fotogr\u00e1fica Polaroid en Barcelona\" \/>\n<meta property=\"og:description\" content=\"\u00a1Dos de las mejores Gincanas Fotogr\u00e1ficas de Barcelona! Gincana Fotogr\u00e1fica de Barcelona o una B\u00fasqueda del Tesoro Ol\u00edmpica con c\u00e1maras Polaroid vintage.\" \/>\n<meta property=\"og:url\" content=\"https:\/\/barcelonatours.net\/es\/team-building-en-barcelona\/gincana-fotografica\" \/>\n<meta property=\"og:site_name\" content=\"BarcelonaTours.net\" \/>\n<meta property=\"article:publisher\" content=\"https:\/\/www.facebook.com\/BarcelonaTours.net\/\" \/>\n<meta property=\"article:modified_time\" content=\"2025-12-29T15:57:44+00:00\" \/>\n<meta property=\"og:image\" content=\"https:\/\/barcelonatours.net\/wp-content\/uploads\/2023\/05\/Strauman_BCN_D2_391-scaled.jpg\" \/>\n\t<meta property=\"og:image:width\" content=\"2048\" \/>\n\t<meta property=\"og:image:height\" content=\"1366\" \/>\n\t<meta property=\"og:image:type\" content=\"image\/jpeg\" \/>\n<meta name=\"twitter:card\" content=\"summary_large_image\" \/>\n<meta name=\"twitter:site\" content=\"@BarcelonaTours1\" \/>\n<meta name=\"twitter:label1\" content=\"Tiempo de lectura\" \/>\n\t<meta name=\"twitter:data1\" content=\"5 minutos\" \/>\n<script type=\"application\/ld+json\" class=\"yoast-schema-graph\">{\"@context\":\"https:\\\/\\\/schema.org\",\"@graph\":[{\"@type\":\"WebPage\",\"@id\":\"https:\\\/\\\/barcelonatours.net\\\/es\\\/team-building-en-barcelona\\\/gincana-fotografica\",\"url\":\"https:\\\/\\\/barcelonatours.net\\\/es\\\/team-building-en-barcelona\\\/gincana-fotografica\",\"name\":\"Gymkhana Fotogr\u00e1fica Polaroid en Barcelona\",\"isPartOf\":{\"@id\":\"https:\\\/\\\/barcelonatours.net\\\/es#website\"},\"primaryImageOfPage\":{\"@id\":\"https:\\\/\\\/barcelonatours.net\\\/es\\\/team-building-en-barcelona\\\/gincana-fotografica#primaryimage\"},\"image\":{\"@id\":\"https:\\\/\\\/barcelonatours.net\\\/es\\\/team-building-en-barcelona\\\/gincana-fotografica#primaryimage\"},\"thumbnailUrl\":\"https:\\\/\\\/barcelonatours.net\\\/wp-content\\\/uploads\\\/2023\\\/05\\\/Strauman_BCN_D2_391-scaled.jpg\",\"datePublished\":\"2025-07-31T09:32:57+00:00\",\"dateModified\":\"2025-12-29T15:57:44+00:00\",\"description\":\"\u00a1Dos de las mejores Gincanas Fotogr\u00e1ficas de Barcelona! Gincana Fotogr\u00e1fica de Barcelona o una B\u00fasqueda del Tesoro Ol\u00edmpica con c\u00e1maras Polaroid vintage.\",\"breadcrumb\":{\"@id\":\"https:\\\/\\\/barcelonatours.net\\\/es\\\/team-building-en-barcelona\\\/gincana-fotografica#breadcrumb\"},\"inLanguage\":\"es\",\"potentialAction\":[{\"@type\":\"ReadAction\",\"target\":[\"https:\\\/\\\/barcelonatours.net\\\/es\\\/team-building-en-barcelona\\\/gincana-fotografica\"]}]},{\"@type\":\"ImageObject\",\"inLanguage\":\"es\",\"@id\":\"https:\\\/\\\/barcelonatours.net\\\/es\\\/team-building-en-barcelona\\\/gincana-fotografica#primaryimage\",\"url\":\"https:\\\/\\\/barcelonatours.net\\\/wp-content\\\/uploads\\\/2023\\\/05\\\/Strauman_BCN_D2_391-scaled.jpg\",\"contentUrl\":\"https:\\\/\\\/barcelonatours.net\\\/wp-content\\\/uploads\\\/2023\\\/05\\\/Strauman_BCN_D2_391-scaled.jpg\",\"width\":2048,\"height\":1366,\"caption\":\"Delegada de empresa haciendo una actividad de team buiding en Barcelona\"},{\"@type\":\"BreadcrumbList\",\"@id\":\"https:\\\/\\\/barcelonatours.net\\\/es\\\/team-building-en-barcelona\\\/gincana-fotografica#breadcrumb\",\"itemListElement\":[{\"@type\":\"ListItem\",\"position\":1,\"name\":\"Home\",\"item\":\"https:\\\/\\\/barcelonatours.net\\\/es\"},{\"@type\":\"ListItem\",\"position\":2,\"name\":\"Shop\",\"item\":\"https:\\\/\\\/barcelonatours.net\\\/shop\"},{\"@type\":\"ListItem\",\"position\":3,\"name\":\"Gymkhana Fotogr\u00e1fica por Barcelona\"}]},{\"@type\":\"WebSite\",\"@id\":\"https:\\\/\\\/barcelonatours.net\\\/es#website\",\"url\":\"https:\\\/\\\/barcelonatours.net\\\/es\",\"name\":\"BarcelonaTours.net\",\"description\":\"The best tours and team building activities of Barcelona\",\"publisher\":{\"@id\":\"https:\\\/\\\/barcelonatours.net\\\/es#organization\"},\"potentialAction\":[{\"@type\":\"SearchAction\",\"target\":{\"@type\":\"EntryPoint\",\"urlTemplate\":\"https:\\\/\\\/barcelonatours.net\\\/es?s={search_term_string}\"},\"query-input\":{\"@type\":\"PropertyValueSpecification\",\"valueRequired\":true,\"valueName\":\"search_term_string\"}}],\"inLanguage\":\"es\"},{\"@type\":\"Organization\",\"@id\":\"https:\\\/\\\/barcelonatours.net\\\/es#organization\",\"name\":\"Barcelona Tours\",\"url\":\"https:\\\/\\\/barcelonatours.net\\\/es\",\"logo\":{\"@type\":\"ImageObject\",\"inLanguage\":\"es\",\"@id\":\"https:\\\/\\\/barcelonatours.net\\\/es#\\\/schema\\\/logo\\\/image\\\/\",\"url\":\"https:\\\/\\\/barcelonatours.net\\\/wp-content\\\/uploads\\\/2019\\\/04\\\/bcn_tours_logo-e1556215659835.png\",\"contentUrl\":\"https:\\\/\\\/barcelonatours.net\\\/wp-content\\\/uploads\\\/2019\\\/04\\\/bcn_tours_logo-e1556215659835.png\",\"width\":250,\"height\":89,\"caption\":\"Barcelona Tours\"},\"image\":{\"@id\":\"https:\\\/\\\/barcelonatours.net\\\/es#\\\/schema\\\/logo\\\/image\\\/\"},\"sameAs\":[\"https:\\\/\\\/www.facebook.com\\\/BarcelonaTours.net\\\/\",\"https:\\\/\\\/x.com\\\/BarcelonaTours1\",\"https:\\\/\\\/www.instagram.com\\\/barcelonatours\\\/\"]}]}<\/script>\n<!-- \/ Yoast SEO plugin. -->","yoast_head_json":{"title":"Gymkhana Fotogr\u00e1fica Polaroid en Barcelona","description":"\u00a1Dos de las mejores Gincanas Fotogr\u00e1ficas de Barcelona! Gincana Fotogr\u00e1fica de Barcelona o una B\u00fasqueda del Tesoro Ol\u00edmpica con c\u00e1maras Polaroid vintage.","robots":{"index":"index","follow":"follow","max-snippet":"max-snippet:-1","max-image-preview":"max-image-preview:large","max-video-preview":"max-video-preview:-1"},"canonical":"https:\/\/barcelonatours.net\/es\/team-building-en-barcelona\/gincana-fotografica","og_locale":"es_ES","og_type":"article","og_title":"Gymkhana Fotogr\u00e1fica Polaroid en Barcelona","og_description":"\u00a1Dos de las mejores Gincanas Fotogr\u00e1ficas de Barcelona! Gincana Fotogr\u00e1fica de Barcelona o una B\u00fasqueda del Tesoro Ol\u00edmpica con c\u00e1maras Polaroid vintage.","og_url":"https:\/\/barcelonatours.net\/es\/team-building-en-barcelona\/gincana-fotografica","og_site_name":"BarcelonaTours.net","article_publisher":"https:\/\/www.facebook.com\/BarcelonaTours.net\/","article_modified_time":"2025-12-29T15:57:44+00:00","og_image":[{"width":2048,"height":1366,"url":"https:\/\/barcelonatours.net\/wp-content\/uploads\/2023\/05\/Strauman_BCN_D2_391-scaled.jpg","type":"image\/jpeg"}],"twitter_card":"summary_large_image","twitter_site":"@BarcelonaTours1","twitter_misc":{"Tiempo de lectura":"5 minutos"},"schema":{"@context":"https:\/\/schema.org","@graph":[{"@type":"WebPage","@id":"https:\/\/barcelonatours.net\/es\/team-building-en-barcelona\/gincana-fotografica","url":"https:\/\/barcelonatours.net\/es\/team-building-en-barcelona\/gincana-fotografica","name":"Gymkhana Fotogr\u00e1fica Polaroid en Barcelona","isPartOf":{"@id":"https:\/\/barcelonatours.net\/es#website"},"primaryImageOfPage":{"@id":"https:\/\/barcelonatours.net\/es\/team-building-en-barcelona\/gincana-fotografica#primaryimage"},"image":{"@id":"https:\/\/barcelonatours.net\/es\/team-building-en-barcelona\/gincana-fotografica#primaryimage"},"thumbnailUrl":"https:\/\/barcelonatours.net\/wp-content\/uploads\/2023\/05\/Strauman_BCN_D2_391-scaled.jpg","datePublished":"2025-07-31T09:32:57+00:00","dateModified":"2025-12-29T15:57:44+00:00","description":"\u00a1Dos de las mejores Gincanas Fotogr\u00e1ficas de Barcelona! Gincana Fotogr\u00e1fica de Barcelona o una B\u00fasqueda del Tesoro Ol\u00edmpica con c\u00e1maras Polaroid vintage.","breadcrumb":{"@id":"https:\/\/barcelonatours.net\/es\/team-building-en-barcelona\/gincana-fotografica#breadcrumb"},"inLanguage":"es","potentialAction":[{"@type":"ReadAction","target":["https:\/\/barcelonatours.net\/es\/team-building-en-barcelona\/gincana-fotografica"]}]},{"@type":"ImageObject","inLanguage":"es","@id":"https:\/\/barcelonatours.net\/es\/team-building-en-barcelona\/gincana-fotografica#primaryimage","url":"https:\/\/barcelonatours.net\/wp-content\/uploads\/2023\/05\/Strauman_BCN_D2_391-scaled.jpg","contentUrl":"https:\/\/barcelonatours.net\/wp-content\/uploads\/2023\/05\/Strauman_BCN_D2_391-scaled.jpg","width":2048,"height":1366,"caption":"Delegada de empresa haciendo una actividad de team buiding en Barcelona"},{"@type":"BreadcrumbList","@id":"https:\/\/barcelonatours.net\/es\/team-building-en-barcelona\/gincana-fotografica#breadcrumb","itemListElement":[{"@type":"ListItem","position":1,"name":"Home","item":"https:\/\/barcelonatours.net\/es"},{"@type":"ListItem","position":2,"name":"Shop","item":"https:\/\/barcelonatours.net\/shop"},{"@type":"ListItem","position":3,"name":"Gymkhana Fotogr\u00e1fica por Barcelona"}]},{"@type":"WebSite","@id":"https:\/\/barcelonatours.net\/es#website","url":"https:\/\/barcelonatours.net\/es","name":"BarcelonaTours.net","description":"The best tours and team building activities of Barcelona","publisher":{"@id":"https:\/\/barcelonatours.net\/es#organization"},"potentialAction":[{"@type":"SearchAction","target":{"@type":"EntryPoint","urlTemplate":"https:\/\/barcelonatours.net\/es?s={search_term_string}"},"query-input":{"@type":"PropertyValueSpecification","valueRequired":true,"valueName":"search_term_string"}}],"inLanguage":"es"},{"@type":"Organization","@id":"https:\/\/barcelonatours.net\/es#organization","name":"Barcelona Tours","url":"https:\/\/barcelonatours.net\/es","logo":{"@type":"ImageObject","inLanguage":"es","@id":"https:\/\/barcelonatours.net\/es#\/schema\/logo\/image\/","url":"https:\/\/barcelonatours.net\/wp-content\/uploads\/2019\/04\/bcn_tours_logo-e1556215659835.png","contentUrl":"https:\/\/barcelonatours.net\/wp-content\/uploads\/2019\/04\/bcn_tours_logo-e1556215659835.png","width":250,"height":89,"caption":"Barcelona Tours"},"image":{"@id":"https:\/\/barcelonatours.net\/es#\/schema\/logo\/image\/"},"sameAs":["https:\/\/www.facebook.com\/BarcelonaTours.net\/","https:\/\/x.com\/BarcelonaTours1","https:\/\/www.instagram.com\/barcelonatours\/"]}]}},"_links":{"self":[{"href":"https:\/\/barcelonatours.net\/es\/wp-json\/wp\/v2\/product\/5596","targetHints":{"allow":["GET"]}}],"collection":[{"href":"https:\/\/barcelonatours.net\/es\/wp-json\/wp\/v2\/product"}],"about":[{"href":"https:\/\/barcelonatours.net\/es\/wp-json\/wp\/v2\/types\/product"}],"replies":[{"embeddable":true,"href":"https:\/\/barcelonatours.net\/es\/wp-json\/wp\/v2\/comments?post=5596"}],"version-history":[{"count":2,"href":"https:\/\/barcelonatours.net\/es\/wp-json\/wp\/v2\/product\/5596\/revisions"}],"predecessor-version":[{"id":15735,"href":"https:\/\/barcelonatours.net\/es\/wp-json\/wp\/v2\/product\/5596\/revisions\/15735"}],"wp:featuredmedia":[{"embeddable":true,"href":"https:\/\/barcelonatours.net\/es\/wp-json\/wp\/v2\/media\/15049"}],"wp:attachment":[{"href":"https:\/\/barcelonatours.net\/es\/wp-json\/wp\/v2\/media?parent=5596"}],"wp:term":[{"taxonomy":"product_brand","embeddable":true,"href":"https:\/\/barcelonatours.net\/es\/wp-json\/wp\/v2\/product_brand?post=5596"},{"taxonomy":"product_cat","embeddable":true,"href":"https:\/\/barcelonatours.net\/es\/wp-json\/wp\/v2\/product_cat?post=5596"},{"taxonomy":"product_tag","embeddable":true,"href":"https:\/\/barcelonatours.net\/es\/wp-json\/wp\/v2\/product_tag?post=5596"}],"curies":[{"name":"wp","href":"https:\/\/api.w.org\/{rel}","templated":true}]}}