{"id":5594,"date":"2019-10-25T10:24:20","date_gmt":"2019-10-25T08:24:20","guid":{"rendered":"https:\/\/barcelonatours.net\/product\/escape-room\/"},"modified":"2024-07-23T10:47:37","modified_gmt":"2024-07-23T08:47:37","slug":"escape-room","status":"publish","type":"product","link":"https:\/\/barcelonatours.net\/es\/team-building-en-barcelona\/escape-room","title":{"rendered":"M\u00f3vil Escape Room para grupos en Barcelona"},"content":{"rendered":"<p><strong>Reserva una M\u00f3vil Escape Room para grupos en Barcelona<\/strong>. \u00a1La pr\u00f3xima generaci\u00f3n de Escape Room est\u00e1 aqu\u00ed y hay mucho espacio para todos! Esta emocionante actividad de <a href=\"https:\/\/barcelonatours.net\/es\/team-building-en-barcelona\">Team Building<\/a> puede acomodar a m\u00e1s de 200 participantes, lo que significa que los juegos de escape y las actividades de descifrado de c\u00f3digos ya no son solo para peque\u00f1as empresas.<\/p>\n<p>Las Escape Room m\u00e1s habituales en Barcelona pueden albergar de 6 a 10 participantes, lo que restringe seriamente los tipos de eventos y negocios que pueden participar. Entra en nuestra actividad \u201cMisi\u00f3n: Clasificada\u201d.<\/p>\n<p><strong>Misi\u00f3n: Clasificada<\/strong> es una actividad de Escape Room completamente m\u00f3vil, para grupos grandes, que puede realizarse en casi cualquier lugar. Cada equipo simplemente necesita acceso a una mesa en la que se puedan colocar los materiales de la actividad y \u00a1ya estar\u00e1 listo para empezar!<\/p>\n<p><!--more--><\/p>\n<table class=\"table table-bordered tours-tabs__table\" style=\"width: 98.6374%; height: 172px;\" width=\"99.2947%\">\n<tbody>\n<tr style=\"height: 80px;\">\n<td style=\"width: 21.0088%; height: 80px;\"><strong>INFORMACI\u00d3N<\/strong><\/td>\n<td style=\"width: 78.0108%; height: 80px;\">\n<table class=\"table table-bordered alignleft\" style=\"width: 0%; height: 165px;\" width=\"0%\">\n<tbody>\n<tr style=\"height: 24px;\">\n<td style=\"height: 27px; width: 100%;\"><i class=\"fa fa-check icon-tick icon-tick--on\"><\/i>Tama\u00f1o del equipo: de 3 a 8 jugadores<\/td>\n<\/tr>\n<tr style=\"height: 24px;\">\n<td style=\"width: 100%; height: 24px;\"><i class=\"fa fa-check icon-tick icon-tick--on\"><\/i>N\u00famero m\u00ednimo: 10 jugadores<\/td>\n<\/tr>\n<tr style=\"height: 24px;\">\n<td style=\"width: 100%; height: 18px;\"><i class=\"fa fa-check icon-tick icon-tick--on\"><\/i>N\u00famero m\u00e1ximo: 240 jugadores<\/td>\n<\/tr>\n<tr style=\"height: 24px;\">\n<td style=\"width: 100%; height: 24px;\"><i class=\"fa fa-check icon-tick icon-tick--on\"><\/i>Espacio necesario: 1 mesa por equipo, 8 &#8211; 10m2 por equipo<\/td>\n<\/tr>\n<tr style=\"height: 24px;\">\n<td style=\"width: 100%; height: 24px;\"><i class=\"fa fa-check icon-tick icon-tick--on\"><\/i>Duraci\u00f3n de la actividad: 80 &#8211; 90 minutos<\/td>\n<\/tr>\n<tr style=\"height: 24px;\">\n<td style=\"width: 100%; height: 24px;\"><i class=\"fa fa-check icon-tick icon-tick--on\"><\/i>Tiempo de preparaci\u00f3n: 30 minutos<\/td>\n<\/tr>\n<tr style=\"height: 24px;\">\n<td style=\"width: 100%; height: 24px;\"><i class=\"fa fa-check icon-tick icon-tick--on\"><\/i>Gamemasters y Gu\u00eda de BarcelonaTours.<\/td>\n<\/tr>\n<\/tbody>\n<\/table>\n<\/td>\n<\/tr>\n<tr style=\"height: 10px;\">\n<td style=\"width: 21.0088%; height: 10px;\"><b>NO INCLUIDO:<\/b><\/td>\n<td style=\"width: 78.0108%; height: 10px;\">\n<table class=\"table table-bordered\" style=\"height: 34px; width: 0%;\" width=\"300\">\n<tbody>\n<tr style=\"height: 34px;\">\n<td style=\"width: 100%; height: 10px;\"><i class=\"fa fa-times icon-tick icon-tick--off\"><\/i>Transporte<\/td>\n<\/tr>\n<tr style=\"height: 24px;\">\n<td style=\"width: 100%; height: 24px;\"><i class=\"fa fa-times icon-tick icon-tick--off\"><\/i>Alquiler del local.<\/td>\n<\/tr>\n<\/tbody>\n<\/table>\n<\/td>\n<\/tr>\n<tr style=\"height: 24px;\">\n<td style=\"width: 21.0088%; height: 24px;\"><strong>CAPACIDAD:<\/strong><\/td>\n<td style=\"width: 78.0108%; height: 24px;\">10 &#8211; 240 personas.<\/td>\n<\/tr>\n<tr style=\"height: 24px;\">\n<td style=\"width: 21.0088%; height: 24px;\"><strong>DURACI\u00d3N<\/strong><\/td>\n<td style=\"width: 78.0108%; height: 24px;\">Dos horas (incluyendo set-up).<\/td>\n<\/tr>\n<\/tbody>\n<\/table>\n<h2>Esc\u00e1pate de tu hotel, restaurante o sala de conferencias \u2026<\/h2>\n<p>Puede parecer extra\u00f1o tener una \u00absala de escape\u00bb sin necesidad de, bueno, escapar de una sala, pero la M\u00f3vil Escape Room tiene toda la presi\u00f3n, todo el drama y, lo m\u00e1s importante, todo el trabajo en equipo de una Escape Room tradicional. Los l\u00edmites de tiempo, las preguntas dif\u00edciles y la muerte inminente son grandes motivadores \u2026<\/p>\n<h3>\u00bfC\u00f3mo funciona la M\u00f3vil Escape Room?<\/h3>\n<p>Es f\u00e1cil montar la M\u00f3vil Escape Room para grupos en Barcelona. Todo lo que necesitamos es un lugar para colocar algunas mesas, una por equipo. Podemos buscar ese lugar o podemos organizar la actividad en tu propio espacio. Conocemos excelentes restaurantes y ubicaciones con mucho espacio para grupos grandes. Si ya tienes una sala de conferencias o reuniones en tu hotel o en tu empresa, entonces podemos organizar f\u00e1cilmente la actividad all\u00ed.<\/p>\n<p>Dondequiera que elijas celebrar el evento, nuestros Gamemasters mantendr\u00e1n la energ\u00eda y la emoci\u00f3n altas, asegur\u00e1ndose que todos los participantes se impliquen en el juego.<\/p>\n<h3>\u00bfQu\u00e9 se incluye en la M\u00f3vil Escape Room?<\/h3>\n<p>Todo el equipo necesario para el juego se llevar\u00e1 al lugar escogido y se preparar\u00e1 (el tiempo de preparaci\u00f3n es de aproximadamente 30 minutos). Tambi\u00e9n habr\u00e1 al menos un Gamemaster all\u00ed, para explicar la misi\u00f3n y animar a todos los participantes durante el juego.<\/p>\n<p>Esta actividad de Escape Room para grupos grandes dura entre 70 y 90 minutos (\u00a1dependiendo de lo r\u00e1pido que puedas completar las pruebas!). Adem\u00e1s del Gamemaster, tambi\u00e9n os acompa\u00f1ar\u00e1 un representante de Barcelona Tours.<\/p>\n<p><strong>Importante: el precio de la actividad no incluye el precio del lugar, ni del transporte.<\/strong><\/p>\n<h3>\u00bfCu\u00e1l es la misi\u00f3n?<\/h3>\n<p>Bueno, \u00a1est\u00e1 clasificada! Pero tienes la autorizaci\u00f3n necesaria.<\/p>\n<p>La humanidad sol\u00eda vivir en armon\u00eda con la naturaleza, pero despu\u00e9s de a\u00f1os de contaminaci\u00f3n, deforestaci\u00f3n, guerra y destrucci\u00f3n, estamos cerca del fin del mundo tal como lo conocemos &#8230; \u00bfo no?<\/p>\n<p>El gobierno ha estado formando un equipo secreto de expertos, lo mejor de lo mejor, que pueden ayudar a salvar el planeta. Se han reunido las mentes m\u00e1s brillantes y has sido seleccionado para la fase final de la prueba. Demuestra que los miembros de tu equipo y t\u00fa sois los mejores, y merec\u00e9is ser elegidos para ayudar a salvar el mundo.<\/p>\n<p>Hay preguntas por responder, c\u00f3digos por descifrar, y nunca llegar\u00e1s al final sin pensamiento cr\u00edtico, perseverancia y, sobre todo, trabajo en equipo.<\/p>\n<p>\u00bfTe unir\u00e1s a la \u00e9lite o te quedar\u00e1s atr\u00e1s?<\/p>\n<h3>M\u00e1s opciones<\/h3>\n<p>Para otras excelentes opciones interactivas, echa un vistazo <a href=\"https:\/\/barcelonatours.net\/es\/team-building-en-barcelona\/gincana-gps\">Gincana GPS<\/a> y el <a href=\"https:\/\/barcelonatours.net\/es\/team-building-en-barcelona\/escape-room-en-el-mar\">Escape Room en el mar<\/a>.<\/p>\n<h2>Reserva si est\u00e1s buscando:<\/h2>\n<ul>\n<li>Actividades grupales en Barcelona<\/li>\n<li>Team Building en Barcelona<\/li>\n<li>Tours privados en Barcelona.<\/li>\n<\/ul>\n<p><strong>\u00bfListo para luchar por el derecho a ayudar a salvar el mundo?<\/strong> Ponte en contacto hoy en <a href=\"mailto:info@barcelonatours.net\">info@barcelonatours.net<\/a> o llama al +34 935 00 82 26.<\/p>\n","protected":false},"excerpt":{"rendered":"<p>\u00a1M\u00e1s de 200 personas pueden participar en esta actividad de sala de escape! Descifra el c\u00f3digo para salvar el mundo.<\/p>\n","protected":false},"featured_media":5348,"comment_status":"closed","ping_status":"closed","template":"","meta":{"footnotes":""},"product_brand":[],"product_cat":[3463],"product_tag":[],"class_list":{"0":"post-5594","1":"product","2":"type-product","3":"status-publish","4":"has-post-thumbnail","6":"product_cat-team-building-es","7":"tour_category-team-building-en-barcelona","9":"first","10":"instock","11":"virtual","12":"taxable","13":"purchasable","14":"product-type-tour"},"yoast_head":"<!-- This site is optimized with the Yoast SEO plugin v27.4 - https:\/\/yoast.com\/product\/yoast-seo-wordpress\/ -->\n<title>M\u00f3vil Escape Room - Grupos en Barcelona -TeamBuilding |BarcelonaTours<\/title>\n<meta name=\"description\" content=\"\u00a1La pr\u00f3xima generaci\u00f3n de salas de escape est\u00e1 aqu\u00ed! El M\u00f3vil Escape Room para grupos en Barcelona puede alojar a m\u00e1s de 200 personas. \u00a1Reserve ahora!\" \/>\n<meta name=\"robots\" content=\"index, follow, max-snippet:-1, max-image-preview:large, max-video-preview:-1\" \/>\n<link rel=\"canonical\" href=\"https:\/\/barcelonatours.net\/es\/team-building-en-barcelona\/escape-room\" \/>\n<meta property=\"og:locale\" content=\"es_ES\" \/>\n<meta property=\"og:type\" content=\"article\" \/>\n<meta property=\"og:title\" content=\"M\u00f3vil Escape Room - Grupos en Barcelona -TeamBuilding |BarcelonaTours\" \/>\n<meta property=\"og:description\" content=\"\u00a1La pr\u00f3xima generaci\u00f3n de salas de escape est\u00e1 aqu\u00ed! El M\u00f3vil Escape Room para grupos en Barcelona puede alojar a m\u00e1s de 200 personas. \u00a1Reserve ahora!\" \/>\n<meta property=\"og:url\" content=\"https:\/\/barcelonatours.net\/es\/team-building-en-barcelona\/escape-room\" \/>\n<meta property=\"og:site_name\" content=\"BarcelonaTours.net\" \/>\n<meta property=\"article:publisher\" content=\"https:\/\/www.facebook.com\/BarcelonaTours.net\/\" \/>\n<meta property=\"article:modified_time\" content=\"2024-07-23T08:47:37+00:00\" \/>\n<meta property=\"og:image\" content=\"https:\/\/barcelonatours.net\/wp-content\/uploads\/2019\/10\/playing-the-game.jpg\" \/>\n\t<meta property=\"og:image:width\" content=\"953\" \/>\n\t<meta property=\"og:image:height\" content=\"858\" \/>\n\t<meta property=\"og:image:type\" content=\"image\/jpeg\" \/>\n<meta name=\"twitter:card\" content=\"summary_large_image\" \/>\n<meta name=\"twitter:site\" content=\"@BarcelonaTours1\" \/>\n<meta name=\"twitter:label1\" content=\"Tiempo de lectura\" \/>\n\t<meta name=\"twitter:data1\" content=\"4 minutos\" \/>\n<script type=\"application\/ld+json\" class=\"yoast-schema-graph\">{\"@context\":\"https:\\\/\\\/schema.org\",\"@graph\":[{\"@type\":\"WebPage\",\"@id\":\"https:\\\/\\\/barcelonatours.net\\\/es\\\/team-building-en-barcelona\\\/escape-room\",\"url\":\"https:\\\/\\\/barcelonatours.net\\\/es\\\/team-building-en-barcelona\\\/escape-room\",\"name\":\"M\u00f3vil Escape Room - Grupos en Barcelona -TeamBuilding |BarcelonaTours\",\"isPartOf\":{\"@id\":\"https:\\\/\\\/barcelonatours.net\\\/es#website\"},\"primaryImageOfPage\":{\"@id\":\"https:\\\/\\\/barcelonatours.net\\\/es\\\/team-building-en-barcelona\\\/escape-room#primaryimage\"},\"image\":{\"@id\":\"https:\\\/\\\/barcelonatours.net\\\/es\\\/team-building-en-barcelona\\\/escape-room#primaryimage\"},\"thumbnailUrl\":\"https:\\\/\\\/barcelonatours.net\\\/wp-content\\\/uploads\\\/2019\\\/10\\\/playing-the-game.jpg\",\"datePublished\":\"2019-10-25T08:24:20+00:00\",\"dateModified\":\"2024-07-23T08:47:37+00:00\",\"description\":\"\u00a1La pr\u00f3xima generaci\u00f3n de salas de escape est\u00e1 aqu\u00ed! El M\u00f3vil Escape Room para grupos en Barcelona puede alojar a m\u00e1s de 200 personas. \u00a1Reserve ahora!\",\"breadcrumb\":{\"@id\":\"https:\\\/\\\/barcelonatours.net\\\/es\\\/team-building-en-barcelona\\\/escape-room#breadcrumb\"},\"inLanguage\":\"es\",\"potentialAction\":[{\"@type\":\"ReadAction\",\"target\":[\"https:\\\/\\\/barcelonatours.net\\\/es\\\/team-building-en-barcelona\\\/escape-room\"]}]},{\"@type\":\"ImageObject\",\"inLanguage\":\"es\",\"@id\":\"https:\\\/\\\/barcelonatours.net\\\/es\\\/team-building-en-barcelona\\\/escape-room#primaryimage\",\"url\":\"https:\\\/\\\/barcelonatours.net\\\/wp-content\\\/uploads\\\/2019\\\/10\\\/playing-the-game.jpg\",\"contentUrl\":\"https:\\\/\\\/barcelonatours.net\\\/wp-content\\\/uploads\\\/2019\\\/10\\\/playing-the-game.jpg\",\"width\":953,\"height\":858,\"caption\":\"Actividad de sala de escape para grupos grandes\"},{\"@type\":\"BreadcrumbList\",\"@id\":\"https:\\\/\\\/barcelonatours.net\\\/es\\\/team-building-en-barcelona\\\/escape-room#breadcrumb\",\"itemListElement\":[{\"@type\":\"ListItem\",\"position\":1,\"name\":\"Home\",\"item\":\"https:\\\/\\\/barcelonatours.net\\\/es\"},{\"@type\":\"ListItem\",\"position\":2,\"name\":\"Shop\",\"item\":\"https:\\\/\\\/barcelonatours.net\\\/shop\"},{\"@type\":\"ListItem\",\"position\":3,\"name\":\"M\u00f3vil Escape Room para grupos en Barcelona\"}]},{\"@type\":\"WebSite\",\"@id\":\"https:\\\/\\\/barcelonatours.net\\\/es#website\",\"url\":\"https:\\\/\\\/barcelonatours.net\\\/es\",\"name\":\"BarcelonaTours.net\",\"description\":\"The best tours and team building activities of Barcelona\",\"publisher\":{\"@id\":\"https:\\\/\\\/barcelonatours.net\\\/es#organization\"},\"alternateName\":\"Corporate event agency based in Barcelona\",\"potentialAction\":[{\"@type\":\"SearchAction\",\"target\":{\"@type\":\"EntryPoint\",\"urlTemplate\":\"https:\\\/\\\/barcelonatours.net\\\/es?s={search_term_string}\"},\"query-input\":{\"@type\":\"PropertyValueSpecification\",\"valueRequired\":true,\"valueName\":\"search_term_string\"}}],\"inLanguage\":\"es\"},{\"@type\":\"Organization\",\"@id\":\"https:\\\/\\\/barcelonatours.net\\\/es#organization\",\"name\":\"Barcelona Tours\",\"url\":\"https:\\\/\\\/barcelonatours.net\\\/es\",\"logo\":{\"@type\":\"ImageObject\",\"inLanguage\":\"es\",\"@id\":\"https:\\\/\\\/barcelonatours.net\\\/es#\\\/schema\\\/logo\\\/image\\\/\",\"url\":\"https:\\\/\\\/barcelonatours.net\\\/wp-content\\\/uploads\\\/2019\\\/04\\\/bcn_tours_logo-e1556215659835.png\",\"contentUrl\":\"https:\\\/\\\/barcelonatours.net\\\/wp-content\\\/uploads\\\/2019\\\/04\\\/bcn_tours_logo-e1556215659835.png\",\"width\":250,\"height\":89,\"caption\":\"Barcelona Tours\"},\"image\":{\"@id\":\"https:\\\/\\\/barcelonatours.net\\\/es#\\\/schema\\\/logo\\\/image\\\/\"},\"sameAs\":[\"https:\\\/\\\/www.facebook.com\\\/BarcelonaTours.net\\\/\",\"https:\\\/\\\/x.com\\\/BarcelonaTours1\",\"https:\\\/\\\/www.instagram.com\\\/barcelonatours\\\/\"]}]}<\/script>\n<!-- \/ Yoast SEO plugin. -->","yoast_head_json":{"title":"M\u00f3vil Escape Room - Grupos en Barcelona -TeamBuilding |BarcelonaTours","description":"\u00a1La pr\u00f3xima generaci\u00f3n de salas de escape est\u00e1 aqu\u00ed! El M\u00f3vil Escape Room para grupos en Barcelona puede alojar a m\u00e1s de 200 personas. \u00a1Reserve ahora!","robots":{"index":"index","follow":"follow","max-snippet":"max-snippet:-1","max-image-preview":"max-image-preview:large","max-video-preview":"max-video-preview:-1"},"canonical":"https:\/\/barcelonatours.net\/es\/team-building-en-barcelona\/escape-room","og_locale":"es_ES","og_type":"article","og_title":"M\u00f3vil Escape Room - Grupos en Barcelona -TeamBuilding |BarcelonaTours","og_description":"\u00a1La pr\u00f3xima generaci\u00f3n de salas de escape est\u00e1 aqu\u00ed! El M\u00f3vil Escape Room para grupos en Barcelona puede alojar a m\u00e1s de 200 personas. \u00a1Reserve ahora!","og_url":"https:\/\/barcelonatours.net\/es\/team-building-en-barcelona\/escape-room","og_site_name":"BarcelonaTours.net","article_publisher":"https:\/\/www.facebook.com\/BarcelonaTours.net\/","article_modified_time":"2024-07-23T08:47:37+00:00","og_image":[{"width":953,"height":858,"url":"https:\/\/barcelonatours.net\/wp-content\/uploads\/2019\/10\/playing-the-game.jpg","type":"image\/jpeg"}],"twitter_card":"summary_large_image","twitter_site":"@BarcelonaTours1","twitter_misc":{"Tiempo de lectura":"4 minutos"},"schema":{"@context":"https:\/\/schema.org","@graph":[{"@type":"WebPage","@id":"https:\/\/barcelonatours.net\/es\/team-building-en-barcelona\/escape-room","url":"https:\/\/barcelonatours.net\/es\/team-building-en-barcelona\/escape-room","name":"M\u00f3vil Escape Room - Grupos en Barcelona -TeamBuilding |BarcelonaTours","isPartOf":{"@id":"https:\/\/barcelonatours.net\/es#website"},"primaryImageOfPage":{"@id":"https:\/\/barcelonatours.net\/es\/team-building-en-barcelona\/escape-room#primaryimage"},"image":{"@id":"https:\/\/barcelonatours.net\/es\/team-building-en-barcelona\/escape-room#primaryimage"},"thumbnailUrl":"https:\/\/barcelonatours.net\/wp-content\/uploads\/2019\/10\/playing-the-game.jpg","datePublished":"2019-10-25T08:24:20+00:00","dateModified":"2024-07-23T08:47:37+00:00","description":"\u00a1La pr\u00f3xima generaci\u00f3n de salas de escape est\u00e1 aqu\u00ed! El M\u00f3vil Escape Room para grupos en Barcelona puede alojar a m\u00e1s de 200 personas. \u00a1Reserve ahora!","breadcrumb":{"@id":"https:\/\/barcelonatours.net\/es\/team-building-en-barcelona\/escape-room#breadcrumb"},"inLanguage":"es","potentialAction":[{"@type":"ReadAction","target":["https:\/\/barcelonatours.net\/es\/team-building-en-barcelona\/escape-room"]}]},{"@type":"ImageObject","inLanguage":"es","@id":"https:\/\/barcelonatours.net\/es\/team-building-en-barcelona\/escape-room#primaryimage","url":"https:\/\/barcelonatours.net\/wp-content\/uploads\/2019\/10\/playing-the-game.jpg","contentUrl":"https:\/\/barcelonatours.net\/wp-content\/uploads\/2019\/10\/playing-the-game.jpg","width":953,"height":858,"caption":"Actividad de sala de escape para grupos grandes"},{"@type":"BreadcrumbList","@id":"https:\/\/barcelonatours.net\/es\/team-building-en-barcelona\/escape-room#breadcrumb","itemListElement":[{"@type":"ListItem","position":1,"name":"Home","item":"https:\/\/barcelonatours.net\/es"},{"@type":"ListItem","position":2,"name":"Shop","item":"https:\/\/barcelonatours.net\/shop"},{"@type":"ListItem","position":3,"name":"M\u00f3vil Escape Room para grupos en Barcelona"}]},{"@type":"WebSite","@id":"https:\/\/barcelonatours.net\/es#website","url":"https:\/\/barcelonatours.net\/es","name":"BarcelonaTours.net","description":"The best tours and team building activities of Barcelona","publisher":{"@id":"https:\/\/barcelonatours.net\/es#organization"},"alternateName":"Corporate event agency based in Barcelona","potentialAction":[{"@type":"SearchAction","target":{"@type":"EntryPoint","urlTemplate":"https:\/\/barcelonatours.net\/es?s={search_term_string}"},"query-input":{"@type":"PropertyValueSpecification","valueRequired":true,"valueName":"search_term_string"}}],"inLanguage":"es"},{"@type":"Organization","@id":"https:\/\/barcelonatours.net\/es#organization","name":"Barcelona Tours","url":"https:\/\/barcelonatours.net\/es","logo":{"@type":"ImageObject","inLanguage":"es","@id":"https:\/\/barcelonatours.net\/es#\/schema\/logo\/image\/","url":"https:\/\/barcelonatours.net\/wp-content\/uploads\/2019\/04\/bcn_tours_logo-e1556215659835.png","contentUrl":"https:\/\/barcelonatours.net\/wp-content\/uploads\/2019\/04\/bcn_tours_logo-e1556215659835.png","width":250,"height":89,"caption":"Barcelona Tours"},"image":{"@id":"https:\/\/barcelonatours.net\/es#\/schema\/logo\/image\/"},"sameAs":["https:\/\/www.facebook.com\/BarcelonaTours.net\/","https:\/\/x.com\/BarcelonaTours1","https:\/\/www.instagram.com\/barcelonatours\/"]}]}},"_links":{"self":[{"href":"https:\/\/barcelonatours.net\/es\/wp-json\/wp\/v2\/product\/5594","targetHints":{"allow":["GET"]}}],"collection":[{"href":"https:\/\/barcelonatours.net\/es\/wp-json\/wp\/v2\/product"}],"about":[{"href":"https:\/\/barcelonatours.net\/es\/wp-json\/wp\/v2\/types\/product"}],"replies":[{"embeddable":true,"href":"https:\/\/barcelonatours.net\/es\/wp-json\/wp\/v2\/comments?post=5594"}],"version-history":[{"count":0,"href":"https:\/\/barcelonatours.net\/es\/wp-json\/wp\/v2\/product\/5594\/revisions"}],"wp:featuredmedia":[{"embeddable":true,"href":"https:\/\/barcelonatours.net\/es\/wp-json\/wp\/v2\/media\/5348"}],"wp:attachment":[{"href":"https:\/\/barcelonatours.net\/es\/wp-json\/wp\/v2\/media?parent=5594"}],"wp:term":[{"taxonomy":"product_brand","embeddable":true,"href":"https:\/\/barcelonatours.net\/es\/wp-json\/wp\/v2\/product_brand?post=5594"},{"taxonomy":"product_cat","embeddable":true,"href":"https:\/\/barcelonatours.net\/es\/wp-json\/wp\/v2\/product_cat?post=5594"},{"taxonomy":"product_tag","embeddable":true,"href":"https:\/\/barcelonatours.net\/es\/wp-json\/wp\/v2\/product_tag?post=5594"}],"curies":[{"name":"wp","href":"https:\/\/api.w.org\/{rel}","templated":true}]}}