{"id":5592,"date":"2019-10-29T17:39:27","date_gmt":"2019-10-29T16:39:27","guid":{"rendered":"https:\/\/barcelonatours.net\/product\/5592\/"},"modified":"2026-02-17T11:12:37","modified_gmt":"2026-02-17T10:12:37","slug":"wipeout-humor-amarillo","status":"publish","type":"product","link":"https:\/\/barcelonatours.net\/es\/team-building-en-barcelona\/wipeout-humor-amarillo","title":{"rendered":"Barcelona Wipeout: Guerreros de la diversi\u00f3n"},"content":{"rendered":"<div class=\"wpb-content-wrapper\">[vc_row][vc_column][vc_column_text css=\u00bb\u00bb]<span style=\"font-weight: 400;\">\u00a1Reserva <\/span><b>Wipeout Guerreros<\/b><span style=\"font-weight: 400;\"> para tu pr\u00f3ximo evento de equipo! Este juego divertido, r\u00e1pido y El programa <\/span><b>Wipeout Warriors<\/b><span style=\"font-weight: 400;\"> es un desaf\u00edo de obst\u00e1culos f\u00edsico a gran escala que utiliza estructuras hinchables. La actividad se lleva a cabo dentro de un recinto <\/span><a href=\"https:\/\/barcelonatours.net\/es\/actividades\/go-karting\"><span style=\"font-weight: 400;\">outdoor<\/span><\/a><span style=\"font-weight: 400;\"> dedicado, con obst\u00e1culos hinchables de gran tama\u00f1o y varias etapas, dise\u00f1ados para poner a prueba el equilibrio y la coordinaci\u00f3n de los participantes.<\/span>\n<p><span style=\"font-weight: 400;\">La estructura del evento requiere la participaci\u00f3n activa del grupo en escenarios competitivos o colaborativos. La finalizaci\u00f3n exitosa del circuito depende del esfuerzo f\u00edsico y de la gesti\u00f3n de cambios r\u00e1pidos en el equilibrio. Observar a otros participantes intentar los desaf\u00edos es un componente est\u00e1ndar de la experiencia. Los juegos est\u00e1n estandarizados y son adecuados para una amplia gama de condiciones f\u00edsicas. Echa un vistazo a nuestra pesta\u00f1a \u00abEjemplos de actividades\u00bb para obtener una lista de opciones.<\/span><\/p>\n<p><span style=\"font-weight: 400;\">Se asigna un gu\u00eda de <\/span><b>BarcelonaTours<\/b><span style=\"font-weight: 400;\"> dedicado al grupo para gestionar todos los procedimientos log\u00edsticos, incluyendo la organizaci\u00f3n del<\/span><a href=\"https:\/\/barcelonatours.net\/es\/transporte\/transporte-grupos\"><span style=\"font-weight: 400;\"> transporte<\/span> <\/a><b>privado de ida y vuelta<\/b><span style=\"font-weight: 400;\"> desde la ubicaci\u00f3n del cliente hasta el recinto (un trayecto de aproximadamente 30 minutos).<\/span><\/p>\n<h3><b>Adaptaciones Estacionales<\/b><\/h3>\n<ul>\n<li style=\"font-weight: 400;\" aria-level=\"1\"><b>\u2744\ufe0f Eventos de Invierno (Octubre \u2013 Marzo):<\/b><span style=\"font-weight: 400;\"> Las actividades se adaptan estructuralmente para condiciones clim\u00e1ticas m\u00e1s fr\u00edas. El compromiso f\u00edsico continuo en los desaf\u00edos es el mecanismo principal para mantener la temperatura corporal de los participantes. Se aconseja a los invitados llevar ropa adecuada y abrigadora.<\/span><\/li>\n<\/ul>\n<p>&nbsp;<\/p>\n<ul>\n<li><b>\u2600\ufe0f Eventos de Verano (Abril \u2013 Septiembre):<\/b><span style=\"font-weight: 400;\"> Durante los meses c\u00e1lidos, se integra opcionalmente un <\/span><b>elemento de agua<\/b><span style=\"font-weight: 400;\"> en varias estaciones clave de la actividad, como los desaf\u00edos uno contra uno y la pista de obst\u00e1culos final. Esta caracter\u00edstica altera la dificultad del desaf\u00edo f\u00edsico y proporciona refrigeraci\u00f3n. Se aconseja a los invitados traer traje de ba\u00f1o y ropa holgada.<\/span><\/li>\n<\/ul>\n[\/vc_column_text][\/vc_column][\/vc_row][vc_row][vc_column][vc_column_text css=\u00bb\u00bb]\n<table class=\"table table-bordered tours-tabs__table\" style=\"width: 98.6374%; height: 162px;\" width=\"99.2947%\">\n<tbody>\n<tr style=\"height: 24px;\">\n<td style=\"width: 21.0088%; height: 24px;\"><strong>PRECIO<\/strong><\/td>\n<td style=\"width: 78.0108%; height: 24px;\"><i class=\"fa fa-check icon-tick icon-tick--on\"><\/i><span style=\"font-weight: 400;\">Desde <\/span><b>90\u20ac por persona<\/b><\/td>\n<\/tr>\n<tr style=\"height: 24px;\">\n<td style=\"width: 21.0088%; height: 24px;\"><strong>UBICACI\u00d3N<\/strong><\/td>\n<td style=\"width: 78.0108%; height: 24px;\"><i class=\"fa fa-check icon-tick icon-tick--on\"><\/i><span style=\"font-weight: 400;\">Castellol\u00ed<\/span><\/td>\n<\/tr>\n<tr style=\"height: 80px;\">\n<td style=\"width: 21.0088%; height: 80px;\"><strong>INCLUYE<\/strong><\/td>\n<td style=\"width: 78.0108%; height: 80px;\"><i class=\"fa fa-check icon-tick icon-tick--on\"><\/i><span style=\"font-weight: 400;\">Transporte de ida y vuelta<\/span>\n<i class=\"fa fa-check icon-tick icon-tick--on\"><\/i><span style=\"font-weight: 400;\">Gu\u00eda biling\u00fce de BarcelonaTours<\/span>\n<i class=\"fa fa-check icon-tick icon-tick--on\"><\/i><span style=\"font-weight: 400;\">Monitores de la actividad<\/span>\n<i class=\"fa fa-check icon-tick icon-tick--on\"><\/i><span style=\"font-weight: 400;\">Variedad de actividades<\/span>\n<i class=\"fa fa-check icon-tick icon-tick--on\"><\/i><span style=\"font-weight: 400;\">Vestuarios y taquillas<\/span>\n<i class=\"fa fa-check icon-tick icon-tick--on\"><\/i><span style=\"font-weight: 400;\">Agua durante la actividad<\/span><\/td>\n<\/tr>\n<tr style=\"height: 24px;\">\n<td style=\"width: 21.0088%; height: 24px;\"><strong><b>N\u00ba\u00a0 DE PERSONAS<\/b><\/strong><\/td>\n<td style=\"width: 78.0108%; height: 24px;\"><i class=\"fa fa-check icon-tick icon-tick--on\"><\/i> <span style=\"font-weight: 400;\">de <\/span><b>12 a 200 personas<\/b><\/td>\n<\/tr>\n<tr style=\"height: 82px;\">\n<td style=\"width: 21.0088%; height: 10px;\"><b>BENEFICIOS<\/b><\/td>\n<td style=\"width: 78.0108%; height: 10px;\">1\ufe0f\u20e3 <b>Viabilidad Todo el A\u00f1o:<\/b><span style=\"font-weight: 400;\"> La actividad se adapta y se garantiza que sea divertida y viable independientemente de la estaci\u00f3n.<\/span>\n<p>2\ufe0f\u20e3 <b>Calidez de Invierno: <\/b><span style=\"font-weight: 400;\">El movimiento f\u00edsico mantiene al equipo naturalmente energizado y c\u00f3modo durante los meses m\u00e1s frescos.<\/span><\/p>\n<p>3\ufe0f\u20e3 <b>Opci\u00f3n de Salpicadura de Verano:<\/b><span style=\"font-weight: 400;\"> Se pueden a\u00f1adir elementos de agua para una diversi\u00f3n \u00fanica y un enfriamiento efectivo durante el clima c\u00e1lido.<\/span><\/p><\/td>\n<\/tr>\n<\/tbody>\n<\/table>\n<p><strong>EXTRAS OPCIONALES<\/strong>: <a href=\"https:\/\/barcelonatours.net\/activities\/karting-and-paintballing-combo\/\">Paintball<\/a> y <a href=\"https:\/\/barcelonatours.net\/es\/actividades\/go-karting\">Karting<\/a> disponibles en el mismo centro por un recargo adicional. De otra forma, consulta todas las actividades de <a href=\"https:\/\/barcelonatours.net\/es\/team-building-en-barcelona\">Team Building<\/a> que tenemos para ti.<\/p>\n[\/vc_column_text][vc_empty_space height=\u00bb20px\u00bb][\/vc_column][\/vc_row][vc_row][vc_column][vc_column_text css=\u00bb\u00bb]\n<h2>\u2753C\u00d3MO FUNCIONA Y PREGUNTAS FRECUENTES<\/h2>\n<p><!--more--><\/p>\n<table class=\"table table-bordered tours-tabs__table\" style=\"width: 98.6374%; height: 138px;\" width=\"99.2947%\">\n<tbody>\n<tr style=\"height: 82px;\">\n<td style=\"width: 21.0088%; height: 10px;\"><b>C\u00d3MO FUNCIONA<\/b><\/td>\n<td style=\"width: 78.0108%; height: 24px;\">1\ufe0f\u20e3 Despu\u00e9s de recibir tu consulta, te enviaremos una propuesta con las mejores soluciones para tu evento y m\u00e1s ideas a considerar.\n<p>2\ufe0f\u20e3 T\u00fa eliges la mejor solucion y responderemos a todas tus preguntas por correo electr\u00f3nico (o tel\u00e9fono) hasta que est\u00e9s completamente satisfecho y listo para reservar.<\/p>\n<p>3\ufe0f\u20e3 Una vez establecidos todos los detalles, te facilitaremos el presupuesto final y solo solicitaremos un dep\u00f3sito del 20% para asegurar la fecha de tu evento.<\/p><\/td>\n<\/tr>\n<tr>\n<td style=\"width: 21.0088%;\"><b>PREGUNTAS FRECUENTES<\/b><\/td>\n<td style=\"width: 78.0108%;\">1\ufe0f\u20e3 <strong>Condiciones de pago:<\/strong>\u00a0Para confirmar el evento, necesitamos un dep\u00f3sito del 20% y el importe total una semana antes. Puedes pagar mediante transferencia bancaria o con tarjeta de d\u00e9bito\/cr\u00e9dito a trav\u00e9s de un enlace de pago.\n<p>2\ufe0f\u20e3 <strong>N\u00fameros finales:<\/strong>\u00a0tienes la libertad de ajustar el n\u00famero de participantes para el evento hasta una semana antes, y no habr\u00e1 penalizaciones ni cargos adicionales. Sin embargo, hay que tener en cuenta que algunas actividades pueden tener precios variables seg\u00fan el tama\u00f1o del grupo.<span style=\"font-weight: 400;\"><br \/>\n<\/span><\/p>\n<p>3\ufe0f\u20e3 <strong>Itinerario final:<\/strong>\u00a0una semana antes del evento, recibir\u00e1s un resumen detallado con toda la informaci\u00f3n \u00fatil.<\/p><\/td>\n<\/tr>\n<\/tbody>\n<\/table>\n[\/vc_column_text][\/vc_column][\/vc_row][vc_row][vc_column][vc_column_text css=\u00bb\u00bb]<em><span style=\"font-size: 18pt;\"><strong>\u23ed\ufe0f \u00bfPasamos ya a la siguiente fase?<\/strong><\/span><\/em>\n<p>&nbsp;<\/p>\n<p style=\"text-align: left;\"><em><span style=\"font-size: 14pt;\"><strong>Pide un presupuesto r\u00e1pido:\u00a0 \u00a0<\/strong><\/span><\/em><\/p>\n<ul>\n<li style=\"text-align: left;\"><em><span style=\"font-size: 14pt;\"><strong>Email <a href=\"mailto:info@barcelonatours.net\" data-cke-saved-href=\"mailto:enquiry@barcelonatours.net\">info@barcelonatours.net<\/a>\u00a0\u00a0<\/strong><\/span><\/em><\/li>\n<li><em><span style=\"font-size: 14pt;\"><strong>Tel\/W&#8217;App\u00a0 <a href=\"tel: +34658768333\">+34 658 768 333<\/a><\/strong><\/span><\/em><\/li>\n<\/ul>\n<p>&nbsp;<\/p>\n<p style=\"text-align: left;\"><em><span style=\"font-size: 14pt;\"><strong>Clientes satisfechos, lo que dicen de nosotros:\u00a0 \u2b50\ufe0f\u2b50\ufe0f\u2b50\ufe0f\u2b50\ufe0f\u2b50\ufe0f <a href=\"https:\/\/www.google.com\/maps\/place\/BarcelonaTours.net\/@41.406933,2.1567085,17z\/data=!3m1!5s0x12a4a2e9f0c7847d:0xe1ddc3cf1f5a665f!4m8!3m7!1s0x12a4a2a5c1e2257d:0xcab7dbbfc67e084a!8m2!3d41.406933!4d2.1567085!9m1!1b1!16s%2Fg%2F12lk5ddc3?hl=en-US&amp;entry=ttu&amp;g_ep=EgoyMDI1MDExNS4wIKXMDSoASAFQAw%3D%3D\">Google reviews<\/a><\/strong><\/span><\/em><\/p>\n<p style=\"text-align: left;\"><em><span style=\"font-size: 14pt;\"><strong>Alg\u00fan reportaje de los eventos hechos:<\/strong><\/span><\/em><span style=\"box-sizing: border-box; margin: 0px; padding: 0px;\"><em><strong><span style=\"font-size: 14pt;\"> <a href=\"https:\/\/www.linkedin.com\/company\/1708408\/admin\/page-posts\/published\/\">publicaciones en LinkedIn<\/a><\/span><\/strong><\/em><\/span><\/p>\n[\/vc_column_text][\/vc_column][\/vc_row]\n<\/div>","protected":false},"excerpt":{"rendered":"<p>Has pensado que podr\u00edas ganar \u00abHumor Amarillo\u00bb? \u00a1Pru\u00e9balo!<\/p>\n","protected":false},"featured_media":7241,"comment_status":"closed","ping_status":"closed","template":"","meta":{"footnotes":""},"product_brand":[],"product_cat":[3757,3463],"product_tag":[],"class_list":{"0":"post-5592","1":"product","2":"type-product","3":"status-publish","4":"has-post-thumbnail","6":"product_cat-day-activities-es","7":"product_cat-team-building-es","8":"tour_category-activities-es","9":"tour_category-day-activity-es","10":"tour_category-team-building-en-barcelona","12":"first","13":"instock","14":"virtual","15":"taxable","16":"purchasable","17":"product-type-tour"},"yoast_head":"<!-- This site is optimized with the Yoast SEO plugin v27.4 - https:\/\/yoast.com\/product\/yoast-seo-wordpress\/ -->\n<title>Barcelona Wipeout Guerreros de diversi\u00f3n - Team Building | BarcelonaTours<\/title>\n<meta name=\"description\" content=\"\u00bfBusca una actividad de trabajo en equipo de gran energ\u00eda, enormemente entretenida y tremendamente divertida? \u00a1No busques m\u00e1s que Barcelona Wipeout!\" \/>\n<meta name=\"robots\" content=\"index, follow, max-snippet:-1, max-image-preview:large, max-video-preview:-1\" \/>\n<link rel=\"canonical\" href=\"https:\/\/barcelonatours.net\/es\/team-building-en-barcelona\/wipeout-humor-amarillo\" \/>\n<meta property=\"og:locale\" content=\"es_ES\" \/>\n<meta property=\"og:type\" content=\"article\" \/>\n<meta property=\"og:title\" content=\"Barcelona Wipeout Guerreros de diversi\u00f3n - Team Building | BarcelonaTours\" \/>\n<meta property=\"og:description\" content=\"\u00bfBusca una actividad de trabajo en equipo de gran energ\u00eda, enormemente entretenida y tremendamente divertida? \u00a1No busques m\u00e1s que Barcelona Wipeout!\" \/>\n<meta property=\"og:url\" content=\"https:\/\/barcelonatours.net\/es\/team-building-en-barcelona\/wipeout-humor-amarillo\" \/>\n<meta property=\"og:site_name\" content=\"BarcelonaTours.net\" \/>\n<meta property=\"article:publisher\" content=\"https:\/\/www.facebook.com\/BarcelonaTours.net\/\" \/>\n<meta property=\"article:modified_time\" content=\"2026-02-17T10:12:37+00:00\" \/>\n<meta property=\"og:image\" content=\"https:\/\/barcelonatours.net\/wp-content\/uploads\/2022\/02\/IMG_E8152JPG.jpg\" \/>\n\t<meta property=\"og:image:width\" content=\"1200\" \/>\n\t<meta property=\"og:image:height\" content=\"788\" \/>\n\t<meta property=\"og:image:type\" content=\"image\/jpeg\" \/>\n<meta name=\"twitter:card\" content=\"summary_large_image\" \/>\n<meta name=\"twitter:site\" content=\"@BarcelonaTours1\" \/>\n<meta name=\"twitter:label1\" content=\"Tiempo de lectura\" \/>\n\t<meta name=\"twitter:data1\" content=\"4 minutos\" \/>\n<script type=\"application\/ld+json\" class=\"yoast-schema-graph\">{\"@context\":\"https:\\\/\\\/schema.org\",\"@graph\":[{\"@type\":\"WebPage\",\"@id\":\"https:\\\/\\\/barcelonatours.net\\\/es\\\/team-building-en-barcelona\\\/wipeout-humor-amarillo\",\"url\":\"https:\\\/\\\/barcelonatours.net\\\/es\\\/team-building-en-barcelona\\\/wipeout-humor-amarillo\",\"name\":\"Barcelona Wipeout Guerreros de diversi\u00f3n - Team Building | BarcelonaTours\",\"isPartOf\":{\"@id\":\"https:\\\/\\\/barcelonatours.net\\\/es#website\"},\"primaryImageOfPage\":{\"@id\":\"https:\\\/\\\/barcelonatours.net\\\/es\\\/team-building-en-barcelona\\\/wipeout-humor-amarillo#primaryimage\"},\"image\":{\"@id\":\"https:\\\/\\\/barcelonatours.net\\\/es\\\/team-building-en-barcelona\\\/wipeout-humor-amarillo#primaryimage\"},\"thumbnailUrl\":\"https:\\\/\\\/barcelonatours.net\\\/wp-content\\\/uploads\\\/2022\\\/02\\\/IMG_E8152JPG.jpg\",\"datePublished\":\"2019-10-29T16:39:27+00:00\",\"dateModified\":\"2026-02-17T10:12:37+00:00\",\"description\":\"\u00bfBusca una actividad de trabajo en equipo de gran energ\u00eda, enormemente entretenida y tremendamente divertida? \u00a1No busques m\u00e1s que Barcelona Wipeout!\",\"breadcrumb\":{\"@id\":\"https:\\\/\\\/barcelonatours.net\\\/es\\\/team-building-en-barcelona\\\/wipeout-humor-amarillo#breadcrumb\"},\"inLanguage\":\"es\",\"potentialAction\":[{\"@type\":\"ReadAction\",\"target\":[\"https:\\\/\\\/barcelonatours.net\\\/es\\\/team-building-en-barcelona\\\/wipeout-humor-amarillo\"]}]},{\"@type\":\"ImageObject\",\"inLanguage\":\"es\",\"@id\":\"https:\\\/\\\/barcelonatours.net\\\/es\\\/team-building-en-barcelona\\\/wipeout-humor-amarillo#primaryimage\",\"url\":\"https:\\\/\\\/barcelonatours.net\\\/wp-content\\\/uploads\\\/2022\\\/02\\\/IMG_E8152JPG.jpg\",\"contentUrl\":\"https:\\\/\\\/barcelonatours.net\\\/wp-content\\\/uploads\\\/2022\\\/02\\\/IMG_E8152JPG.jpg\",\"width\":1200,\"height\":788,\"caption\":\"Total wipeout team building activity in Barcelona\"},{\"@type\":\"BreadcrumbList\",\"@id\":\"https:\\\/\\\/barcelonatours.net\\\/es\\\/team-building-en-barcelona\\\/wipeout-humor-amarillo#breadcrumb\",\"itemListElement\":[{\"@type\":\"ListItem\",\"position\":1,\"name\":\"Home\",\"item\":\"https:\\\/\\\/barcelonatours.net\\\/es\"},{\"@type\":\"ListItem\",\"position\":2,\"name\":\"Shop\",\"item\":\"https:\\\/\\\/barcelonatours.net\\\/shop\"},{\"@type\":\"ListItem\",\"position\":3,\"name\":\"Barcelona Wipeout: Guerreros de la diversi\u00f3n\"}]},{\"@type\":\"WebSite\",\"@id\":\"https:\\\/\\\/barcelonatours.net\\\/es#website\",\"url\":\"https:\\\/\\\/barcelonatours.net\\\/es\",\"name\":\"BarcelonaTours.net\",\"description\":\"The best tours and team building activities of Barcelona\",\"publisher\":{\"@id\":\"https:\\\/\\\/barcelonatours.net\\\/es#organization\"},\"alternateName\":\"Corporate event agency based in Barcelona\",\"potentialAction\":[{\"@type\":\"SearchAction\",\"target\":{\"@type\":\"EntryPoint\",\"urlTemplate\":\"https:\\\/\\\/barcelonatours.net\\\/es?s={search_term_string}\"},\"query-input\":{\"@type\":\"PropertyValueSpecification\",\"valueRequired\":true,\"valueName\":\"search_term_string\"}}],\"inLanguage\":\"es\"},{\"@type\":\"Organization\",\"@id\":\"https:\\\/\\\/barcelonatours.net\\\/es#organization\",\"name\":\"Barcelona Tours\",\"url\":\"https:\\\/\\\/barcelonatours.net\\\/es\",\"logo\":{\"@type\":\"ImageObject\",\"inLanguage\":\"es\",\"@id\":\"https:\\\/\\\/barcelonatours.net\\\/es#\\\/schema\\\/logo\\\/image\\\/\",\"url\":\"https:\\\/\\\/barcelonatours.net\\\/wp-content\\\/uploads\\\/2019\\\/04\\\/bcn_tours_logo-e1556215659835.png\",\"contentUrl\":\"https:\\\/\\\/barcelonatours.net\\\/wp-content\\\/uploads\\\/2019\\\/04\\\/bcn_tours_logo-e1556215659835.png\",\"width\":250,\"height\":89,\"caption\":\"Barcelona Tours\"},\"image\":{\"@id\":\"https:\\\/\\\/barcelonatours.net\\\/es#\\\/schema\\\/logo\\\/image\\\/\"},\"sameAs\":[\"https:\\\/\\\/www.facebook.com\\\/BarcelonaTours.net\\\/\",\"https:\\\/\\\/x.com\\\/BarcelonaTours1\",\"https:\\\/\\\/www.instagram.com\\\/barcelonatours\\\/\"]}]}<\/script>\n<!-- \/ Yoast SEO plugin. -->","yoast_head_json":{"title":"Barcelona Wipeout Guerreros de diversi\u00f3n - Team Building | BarcelonaTours","description":"\u00bfBusca una actividad de trabajo en equipo de gran energ\u00eda, enormemente entretenida y tremendamente divertida? \u00a1No busques m\u00e1s que Barcelona Wipeout!","robots":{"index":"index","follow":"follow","max-snippet":"max-snippet:-1","max-image-preview":"max-image-preview:large","max-video-preview":"max-video-preview:-1"},"canonical":"https:\/\/barcelonatours.net\/es\/team-building-en-barcelona\/wipeout-humor-amarillo","og_locale":"es_ES","og_type":"article","og_title":"Barcelona Wipeout Guerreros de diversi\u00f3n - Team Building | BarcelonaTours","og_description":"\u00bfBusca una actividad de trabajo en equipo de gran energ\u00eda, enormemente entretenida y tremendamente divertida? \u00a1No busques m\u00e1s que Barcelona Wipeout!","og_url":"https:\/\/barcelonatours.net\/es\/team-building-en-barcelona\/wipeout-humor-amarillo","og_site_name":"BarcelonaTours.net","article_publisher":"https:\/\/www.facebook.com\/BarcelonaTours.net\/","article_modified_time":"2026-02-17T10:12:37+00:00","og_image":[{"width":1200,"height":788,"url":"https:\/\/barcelonatours.net\/wp-content\/uploads\/2022\/02\/IMG_E8152JPG.jpg","type":"image\/jpeg"}],"twitter_card":"summary_large_image","twitter_site":"@BarcelonaTours1","twitter_misc":{"Tiempo de lectura":"4 minutos"},"schema":{"@context":"https:\/\/schema.org","@graph":[{"@type":"WebPage","@id":"https:\/\/barcelonatours.net\/es\/team-building-en-barcelona\/wipeout-humor-amarillo","url":"https:\/\/barcelonatours.net\/es\/team-building-en-barcelona\/wipeout-humor-amarillo","name":"Barcelona Wipeout Guerreros de diversi\u00f3n - Team Building | BarcelonaTours","isPartOf":{"@id":"https:\/\/barcelonatours.net\/es#website"},"primaryImageOfPage":{"@id":"https:\/\/barcelonatours.net\/es\/team-building-en-barcelona\/wipeout-humor-amarillo#primaryimage"},"image":{"@id":"https:\/\/barcelonatours.net\/es\/team-building-en-barcelona\/wipeout-humor-amarillo#primaryimage"},"thumbnailUrl":"https:\/\/barcelonatours.net\/wp-content\/uploads\/2022\/02\/IMG_E8152JPG.jpg","datePublished":"2019-10-29T16:39:27+00:00","dateModified":"2026-02-17T10:12:37+00:00","description":"\u00bfBusca una actividad de trabajo en equipo de gran energ\u00eda, enormemente entretenida y tremendamente divertida? \u00a1No busques m\u00e1s que Barcelona Wipeout!","breadcrumb":{"@id":"https:\/\/barcelonatours.net\/es\/team-building-en-barcelona\/wipeout-humor-amarillo#breadcrumb"},"inLanguage":"es","potentialAction":[{"@type":"ReadAction","target":["https:\/\/barcelonatours.net\/es\/team-building-en-barcelona\/wipeout-humor-amarillo"]}]},{"@type":"ImageObject","inLanguage":"es","@id":"https:\/\/barcelonatours.net\/es\/team-building-en-barcelona\/wipeout-humor-amarillo#primaryimage","url":"https:\/\/barcelonatours.net\/wp-content\/uploads\/2022\/02\/IMG_E8152JPG.jpg","contentUrl":"https:\/\/barcelonatours.net\/wp-content\/uploads\/2022\/02\/IMG_E8152JPG.jpg","width":1200,"height":788,"caption":"Total wipeout team building activity in Barcelona"},{"@type":"BreadcrumbList","@id":"https:\/\/barcelonatours.net\/es\/team-building-en-barcelona\/wipeout-humor-amarillo#breadcrumb","itemListElement":[{"@type":"ListItem","position":1,"name":"Home","item":"https:\/\/barcelonatours.net\/es"},{"@type":"ListItem","position":2,"name":"Shop","item":"https:\/\/barcelonatours.net\/shop"},{"@type":"ListItem","position":3,"name":"Barcelona Wipeout: Guerreros de la diversi\u00f3n"}]},{"@type":"WebSite","@id":"https:\/\/barcelonatours.net\/es#website","url":"https:\/\/barcelonatours.net\/es","name":"BarcelonaTours.net","description":"The best tours and team building activities of Barcelona","publisher":{"@id":"https:\/\/barcelonatours.net\/es#organization"},"alternateName":"Corporate event agency based in Barcelona","potentialAction":[{"@type":"SearchAction","target":{"@type":"EntryPoint","urlTemplate":"https:\/\/barcelonatours.net\/es?s={search_term_string}"},"query-input":{"@type":"PropertyValueSpecification","valueRequired":true,"valueName":"search_term_string"}}],"inLanguage":"es"},{"@type":"Organization","@id":"https:\/\/barcelonatours.net\/es#organization","name":"Barcelona Tours","url":"https:\/\/barcelonatours.net\/es","logo":{"@type":"ImageObject","inLanguage":"es","@id":"https:\/\/barcelonatours.net\/es#\/schema\/logo\/image\/","url":"https:\/\/barcelonatours.net\/wp-content\/uploads\/2019\/04\/bcn_tours_logo-e1556215659835.png","contentUrl":"https:\/\/barcelonatours.net\/wp-content\/uploads\/2019\/04\/bcn_tours_logo-e1556215659835.png","width":250,"height":89,"caption":"Barcelona Tours"},"image":{"@id":"https:\/\/barcelonatours.net\/es#\/schema\/logo\/image\/"},"sameAs":["https:\/\/www.facebook.com\/BarcelonaTours.net\/","https:\/\/x.com\/BarcelonaTours1","https:\/\/www.instagram.com\/barcelonatours\/"]}]}},"_links":{"self":[{"href":"https:\/\/barcelonatours.net\/es\/wp-json\/wp\/v2\/product\/5592","targetHints":{"allow":["GET"]}}],"collection":[{"href":"https:\/\/barcelonatours.net\/es\/wp-json\/wp\/v2\/product"}],"about":[{"href":"https:\/\/barcelonatours.net\/es\/wp-json\/wp\/v2\/types\/product"}],"replies":[{"embeddable":true,"href":"https:\/\/barcelonatours.net\/es\/wp-json\/wp\/v2\/comments?post=5592"}],"version-history":[{"count":6,"href":"https:\/\/barcelonatours.net\/es\/wp-json\/wp\/v2\/product\/5592\/revisions"}],"predecessor-version":[{"id":15985,"href":"https:\/\/barcelonatours.net\/es\/wp-json\/wp\/v2\/product\/5592\/revisions\/15985"}],"wp:featuredmedia":[{"embeddable":true,"href":"https:\/\/barcelonatours.net\/es\/wp-json\/wp\/v2\/media\/7241"}],"wp:attachment":[{"href":"https:\/\/barcelonatours.net\/es\/wp-json\/wp\/v2\/media?parent=5592"}],"wp:term":[{"taxonomy":"product_brand","embeddable":true,"href":"https:\/\/barcelonatours.net\/es\/wp-json\/wp\/v2\/product_brand?post=5592"},{"taxonomy":"product_cat","embeddable":true,"href":"https:\/\/barcelonatours.net\/es\/wp-json\/wp\/v2\/product_cat?post=5592"},{"taxonomy":"product_tag","embeddable":true,"href":"https:\/\/barcelonatours.net\/es\/wp-json\/wp\/v2\/product_tag?post=5592"}],"curies":[{"name":"wp","href":"https:\/\/api.w.org\/{rel}","templated":true}]}}