{"id":5590,"date":"2025-07-05T17:57:42","date_gmt":"2025-07-05T15:57:42","guid":{"rendered":"https:\/\/barcelonatours.net\/product\/tour-privado-en-autobus-turistico-por-barcelona\/"},"modified":"2025-07-31T15:57:04","modified_gmt":"2025-07-31T13:57:04","slug":"tour-privado-bus-turistico-barcelona","status":"publish","type":"product","link":"https:\/\/barcelonatours.net\/es\/team-building\/bus-turistico-barcelona","title":{"rendered":"Bus Tur\u00edstico en Barcelona &#8211; Tour Privado"},"content":{"rendered":"<div class=\"wpb-content-wrapper\">[vc_row][vc_column][vc_column_text css=\u00bb\u00bb]\n<h2><\/h2>\n<p>Organiza un tour privado para tu grupo en un bus tur\u00edstico en Barcelona! Estos autobuses c\u00f3modos y llamativos se utilizan para rutas tur\u00edsticas \u00abhop-on hop-off\u00bb, pero tambi\u00e9n se pueden alquilar de forma privada para grupos grandes que visitan Barcelona.<\/p>\n<p>Organizar actividades grupales, tours privados y rutas con gu\u00eda para grupos grandes en Barcelona <strong>es una de nuestras especialidades<\/strong>. El bus tur\u00edstico privado es perfecto si lo que busc\u00e1is es ver lo mejor de la ciudad c\u00f3modamente sentados en un bus al sol disfrutando del aire libre.<\/p>\n<h2>Un tour privado en bus tur\u00edstico \u2013 a tu manera!<\/h2>\n<p>Cuando contratas el bus tur\u00edstico de Barcelona de forma privada, puedes hacer <strong>un recorrido de hasta tres horas<\/strong> <strong>y ver los lugares que realmente deseas ver desde los mejores asientos<\/strong>. \u00a1No hay que preocuparse por que otros pasajeros se pongan de pie y se interpongan en tus fotos!<\/p>\n<p><strong>Nota<\/strong>: Los precios en esta p\u00e1gina son para el recorrido de tres horas, que es el tiempo m\u00ednimo de alquiler. Para contratar los autobuses m\u00e1s tiempo, <a href=\"https:\/\/barcelonatours.net\/quote\/\">cont\u00e1ctanos<\/a> para un presupuesto personalizado.<\/p>\n<p>&nbsp;<\/p>\n<h2>El secreto para navegar por Barcelona<\/h2>\n<p>O los amas o los odias, pero los buses tur\u00edsticos son una excelente manera de moverse por una ciudad y ver los lugares m\u00e1s importantes. Una gran ventaja es que <strong>tienen acceso a carreteras y carriles por los que los autom\u00f3viles y autobuses regulares no pueden pasar<\/strong>, lo que significa que te acercar\u00e1n a\u00fan m\u00e1s a las mejores vistas con comodidad y estilo.<\/p>\n<p>&nbsp;<\/p>\n<h2>Gu\u00edas multiling\u00fces a bordo<\/h2>\n<p>Cuando el p\u00fablico coge un bus tur\u00edstico tiene auriculares a trav\u00e9s de los cuales escucha los comentarios de la ruta. Pero con un tour privado, habr\u00e1 gu\u00edas tur\u00edsticos a bordo.<\/p>\n<p>No se puede hacer preguntas a una grabaci\u00f3n sobre lo que se est\u00e1 viendo, por lo que tener gu\u00edas f\u00edsica a bordo a\u00f1ade algo muy especial a la experiencia.<\/p>\n<p>Tanto si tienes una pregunta o cien, nuestros experimentados gu\u00edas multiling\u00fces estar\u00e1n all\u00ed para ayudarte. <strong>Tambi\u00e9n puedes pedirles consejo sobre la ruta y los mejores lugares para visitar una vez que termine tu viaje.<\/strong><\/p>\n<p>Todos<strong> los gu\u00edas a bordo hablan ingl\u00e9s, espa\u00f1ol y catal\u00e1n.<\/strong> Para otros idiomas, cons\u00faltanos y podemos hacer los arreglos necesarios.<\/p>\n<h2>Team Building: Espacio para casi 100 invitados<\/h2>\n<p>Con espacio para 86 personas (61 en el piso superior, 25 en el piso inferior), esta es una actividad para grupos en Barcelona en la que todos pueden participar. <strong>Res\u00e9rvalo como parte de tu d\u00eda de Team Building o como un modo especial de moverse en grupo por Barcelona.<\/strong><\/p>\n<p>Apto para todas las estaciones del a\u00f1o, el autob\u00fas tiene un techo que se puede colocar sobre el nivel superior para los d\u00edas m\u00e1s fr\u00edos y lluviosos.<\/p>\n<p>Incluso para grupos m\u00e1s grandes, podemos organizar varios buses tur\u00edsticos en Barcelona para que ning\u00fan miembro de tu equipo tenga que perderse la diversi\u00f3n.<\/p>\n<h2>Viajar en grupo es f\u00e1cil<\/h2>\n<p>\u00a1BarcelonaTours puede planificar tu viaje de principio a fin! Desde traslados al aeropuerto y hoteles hasta actividades de <a href=\"https:\/\/barcelonatours.net\/es\/team-building-en-barcelona\" target=\"_blank\" rel=\"noopener\">Team Building<\/a> y <a href=\"https:\/\/barcelonatours.net\/es\/team-building-en-barcelona\/restaurantes-para-grupos\" target=\"_blank\" rel=\"noopener\">cenas privadas para grupos<\/a>, BarcelonaTours tiene todo lo que necesitas para planificar un incre\u00edble viaje a Barcelona.<\/p>\n<p>Echa un vistazo a nuestros otros <a href=\"https:\/\/barcelonatours.net\/es\/excursiones\" target=\"_blank\" rel=\"noopener\">recorridos tur\u00edsticos<\/a> en Barcelona y, si quieres salir del ruido de la ciudad y\u00a0 explorar mas lo que ofrece la region echa un vistazo a nuestras <a href=\"https:\/\/barcelonatours.net\/es\/rutas-desde-barcelona\">rutas desde Barcelona<\/a>.<\/p>\n<p>&nbsp;<\/p>\n<p>Env\u00edanos un correo electr\u00f3nico a <a href=\"mailto:info@barcelonatours.net\">info@barcelonatours.net<\/a> o llama al <a href=\"tel: +34658768333\">+34 658768333<\/a>.[\/vc_column_text][\/vc_column][\/vc_row][vc_row][vc_column][vc_column_text css=\u00bb\u00bb]\n<h2>\ud83d\ude8d Bus Tur\u00edstico \u2013 Tour Privado<\/h2>\n<\/p><p><!--more--><\/p>\n<table class=\"table table-bordered tours-tabs__table\" style=\"width: 98.6374%; height: 138px;\" width=\"99.2947%\">\n<tbody>\n<tr>\n<td style=\"width: 21.0088%;\"><strong>PRECIO<\/strong><\/td>\n<td style=\"width: 78.0108%;\"><i class=\"fa fa-check icon-tick icon-tick--on\"><\/i>Desde 42\u20ac por persona<\/td>\n<\/tr>\n<tr style=\"height: 24px;\">\n<td style=\"width: 21.0088%; height: 24px;\"><strong>UBICACI\u00d3N<\/strong><\/td>\n<td style=\"width: 78.0108%; height: 24px;\"><i class=\"fa fa-check icon-tick icon-tick--on\"><\/i>Recogida y regreso en vuestra ubicaci\u00f3n<\/td>\n<\/tr>\n<tr style=\"height: 80px;\">\n<td style=\"width: 21.0088%; height: 80px;\"><strong>INCLUIDO<\/strong><\/td>\n<td style=\"width: 78.0108%; height: 80px;\"><i class=\"fa fa-check icon-tick icon-tick--on\"><\/i>Ruta tur\u00edstica privada\n<i class=\"fa fa-check icon-tick icon-tick--on\"><\/i>Alquiler privado de 3 o 5 horas\n<i class=\"fa fa-check icon-tick icon-tick--on\"><\/i>Gu\u00edas a bordo del autob\u00fas: atenci\u00f3n personalizada en espa\u00f1ol, ingl\u00e9s y m\u00e1s idiomas bajo petici\u00f3n\n<i class=\"fa fa-check icon-tick icon-tick--on\"><\/i>Veh\u00edculos con techo corredizo en caso de lluvia<\/td>\n<\/tr>\n<tr>\n<td style=\"width: 21.0088%;\"><strong><b>N. DE PERSONAS<\/b><\/strong><\/td>\n<td style=\"width: 78.0108%;\"><i class=\"fa fa-check icon-tick icon-tick--on\"><\/i>Capacidad para 75 personas: 61 en la planta superior y 25 en la planta inferior<\/td>\n<\/tr>\n<tr style=\"height: 82px;\">\n<td style=\"width: 21.0088%; height: 10px;\"><b>BENEFICIOS<\/b><\/td>\n<td style=\"width: 78.0108%; height: 24px;\">1\ufe0f\u20e3 Tour privado solo para tu grupo\n<p>2\ufe0f\u20e3 Es una buena idea para fortalecer el esp\u00edritu de equipo, ya que todos estar\u00e1n juntos en el autob\u00fas durante unas horas<\/p>\n<p>3\ufe0f\u20e3 Ves lo mejor de la ciudad en 3 horas<\/p><\/td>\n<\/tr>\n<\/tbody>\n<\/table>\n[\/vc_column_text][\/vc_column][\/vc_row][vc_row][vc_column][vc_column_text css=\u00bb\u00bb]\n<h2>\u00a0 \u2753C\u00d3MO FUNCIONA Y PREGUNTAS FRECUENTES<\/h2>\n<p><!--more--><\/p>\n<table class=\"table table-bordered tours-tabs__table\" style=\"width: 98.6374%; height: 138px;\" width=\"99.2947%\">\n<tbody>\n<tr style=\"height: 82px;\">\n<td style=\"width: 21.0088%; height: 10px;\"><b>C\u00d3MO FUNCIONA<\/b><\/td>\n<td style=\"width: 78.0108%; height: 24px;\">1\ufe0f\u20e3 Despu\u00e9s de recibir tu consulta, te enviaremos una propuesta con las mejores soluciones para tu evento y m\u00e1s ideas a considerar.\n<p>2\ufe0f\u20e3 T\u00fa eliges la mejor solucion y responderemos a todas tus preguntas por correo electr\u00f3nico (o tel\u00e9fono) hasta que est\u00e9s completamente satisfecho y listo para reservar.<\/p>\n<p>3\ufe0f\u20e3 Una vez establecidos todos los detalles, te facilitaremos el presupuesto final y solo solicitaremos un dep\u00f3sito del 20% para asegurar la fecha de tu evento<\/p><\/td>\n<\/tr>\n<tr>\n<td style=\"width: 21.0088%;\"><strong>PREGUNTAS FRECUENTES<\/strong><\/td>\n<td style=\"width: 78.0108%;\">1\ufe0f\u20e3 <strong>Condiciones de pago:<\/strong> Para confirmar el evento, necesitamos un dep\u00f3sito del 20% y el importe total una semana antes. Puedes pagar mediante transferencia bancaria o con tarjeta de d\u00e9bito\/cr\u00e9dito a trav\u00e9s de un enlace de pago.\n<p>2\ufe0f\u20e3<strong>N\u00fameros finales:<\/strong> tienes la libertad de ajustar el n\u00famero de participantes para el evento hasta una semana antes, y no habr\u00e1 penalizaciones ni cargos adicionales. Sin embargo, hay que tener en cuenta que algunas actividades pueden tener precios variables seg\u00fan el tama\u00f1o del grupo.<span style=\"font-weight: 400;\"><br \/>\n<\/span><\/p>\n<p>3\ufe0f\u20e3 <strong>Itinerario final:<\/strong> una semana antes del evento, recibir\u00e1s un resumen detallado con toda la informaci\u00f3n \u00fatil.<\/p><\/td>\n<\/tr>\n<\/tbody>\n<\/table>\n[\/vc_column_text][\/vc_column][\/vc_row][vc_row][vc_column][vc_column_text css=\u00bb\u00bb]<em><span style=\"font-size: 18pt;\"><strong>\u23ed\ufe0f \u00bfPasamos ya a la siguiente fase?<\/strong><\/span><\/em>\n<p>&nbsp;<\/p>\n<p style=\"text-align: left;\"><em><span style=\"font-size: 14pt;\"><strong>Pide un presupuesto r\u00e1pido:\u00a0 \u00a0\u00a0<\/strong><\/span><\/em><\/p>\n<ul>\n<li style=\"text-align: left;\"><em><span style=\"font-size: 14pt;\"><strong>Email <a href=\"mailto: info@barcelonatours.net\" data-cke-saved-href=\"mailto:enquiry@barcelonatours.net\">info@barcelonatours.net<\/a>\u00a0\u00a0<\/strong><\/span><\/em><\/li>\n<li><em><span style=\"font-size: 14pt;\"><strong>Tel\/W&#8217;App\u00a0 <a href=\"tel: +34658768333\">+34 658 768 333<\/a><\/strong><\/span><\/em><\/li>\n<\/ul>\n<p>&nbsp;<\/p>\n<p style=\"text-align: left;\"><em><span style=\"font-size: 14pt;\"><strong>Clientes satisfechos, lo que dicen de nosotros:\u00a0 \u2b50\ufe0f\u2b50\ufe0f\u2b50\ufe0f\u2b50\ufe0f\u2b50\ufe0f <a href=\"https:\/\/www.google.com\/maps\/place\/BarcelonaTours.net\/@41.406933,2.1567085,17z\/data=!3m1!5s0x12a4a2e9f0c7847d:0xe1ddc3cf1f5a665f!4m8!3m7!1s0x12a4a2a5c1e2257d:0xcab7dbbfc67e084a!8m2!3d41.406933!4d2.1567085!9m1!1b1!16s%2Fg%2F12lk5ddc3?hl=en-US&amp;entry=ttu&amp;g_ep=EgoyMDI1MDExNS4wIKXMDSoASAFQAw%3D%3D\">rese\u00f1as en Google<\/a><\/strong><\/span><\/em><\/p>\n<p style=\"text-align: left;\"><em><span style=\"font-size: 14pt;\"><strong>Alg\u00fan reportaje de los eventos hechos:\u00a0 <a href=\"https:\/\/www.linkedin.com\/company\/1708408\/admin\/page-posts\/published\/\">publicaciones en LinkedIn<\/a><\/strong><\/span><\/em><\/p>\n[\/vc_column_text][\/vc_column][\/vc_row]\n<\/div>","protected":false},"excerpt":{"rendered":"<p>\u00a1Alquila tu bus tur\u00edstico privado en Barcelona y vive Barcelona durante tres horas con estilo!<\/p>\n","protected":false},"featured_media":7239,"comment_status":"closed","ping_status":"closed","template":"","meta":{"footnotes":""},"product_brand":[],"product_cat":[3757,3770,3676,3463],"product_tag":[],"class_list":{"0":"post-5590","1":"product","2":"type-product","3":"status-publish","4":"has-post-thumbnail","6":"product_cat-day-activities-es","7":"product_cat-private-tours-es","8":"product_cat-sightseeing-private-tours","9":"product_cat-team-building-es","10":"tour_category-sightseeing-tours-es","11":"tour_category-team-building-en-barcelona","12":"tour_category-private-tours-es","14":"first","15":"instock","16":"taxable","17":"shipping-taxable","18":"purchasable","19":"product-type-tour"},"yoast_head":"<!-- This site is optimized with the Yoast SEO plugin v27.4 - https:\/\/yoast.com\/product\/yoast-seo-wordpress\/ -->\n<title>Bus Tur\u00edstico en Barcelona l Tour Privado y Team Building<\/title>\n<meta name=\"description\" content=\"\u00a1Alquile un bus tur\u00edstico en Barcelona! Reserva un tour privado para tu grupo en un bus tur\u00edstico (estilo hop on, hop off) para aprovechar la ciudad\" \/>\n<meta name=\"robots\" content=\"index, follow, max-snippet:-1, max-image-preview:large, max-video-preview:-1\" \/>\n<link rel=\"canonical\" href=\"https:\/\/barcelonatours.net\/es\/team-building\/bus-turistico-barcelona\" \/>\n<meta property=\"og:locale\" content=\"es_ES\" \/>\n<meta property=\"og:type\" content=\"article\" \/>\n<meta property=\"og:title\" content=\"Bus Tur\u00edstico en Barcelona l Tour Privado y Team Building\" \/>\n<meta property=\"og:description\" content=\"\u00a1Alquile un bus tur\u00edstico en Barcelona! Reserva un tour privado para tu grupo en un bus tur\u00edstico (estilo hop on, hop off) para aprovechar la ciudad\" \/>\n<meta property=\"og:url\" content=\"https:\/\/barcelonatours.net\/es\/team-building\/bus-turistico-barcelona\" \/>\n<meta property=\"og:site_name\" content=\"BarcelonaTours.net\" \/>\n<meta property=\"article:publisher\" content=\"https:\/\/www.facebook.com\/BarcelonaTours.net\/\" \/>\n<meta property=\"article:modified_time\" content=\"2025-07-31T13:57:04+00:00\" \/>\n<meta property=\"og:image\" content=\"https:\/\/barcelonatours.net\/wp-content\/uploads\/2022\/02\/tour-1.jpg\" \/>\n\t<meta property=\"og:image:width\" content=\"900\" \/>\n\t<meta property=\"og:image:height\" content=\"600\" \/>\n\t<meta property=\"og:image:type\" content=\"image\/jpeg\" \/>\n<meta name=\"twitter:card\" content=\"summary_large_image\" \/>\n<meta name=\"twitter:site\" content=\"@BarcelonaTours1\" \/>\n<meta name=\"twitter:label1\" content=\"Tiempo de lectura\" \/>\n\t<meta name=\"twitter:data1\" content=\"5 minutos\" \/>\n<script type=\"application\/ld+json\" class=\"yoast-schema-graph\">{\"@context\":\"https:\\\/\\\/schema.org\",\"@graph\":[{\"@type\":\"WebPage\",\"@id\":\"https:\\\/\\\/barcelonatours.net\\\/es\\\/team-building\\\/bus-turistico-barcelona\",\"url\":\"https:\\\/\\\/barcelonatours.net\\\/es\\\/team-building\\\/bus-turistico-barcelona\",\"name\":\"Bus Tur\u00edstico en Barcelona l Tour Privado y Team Building\",\"isPartOf\":{\"@id\":\"https:\\\/\\\/barcelonatours.net\\\/es#website\"},\"primaryImageOfPage\":{\"@id\":\"https:\\\/\\\/barcelonatours.net\\\/es\\\/team-building\\\/bus-turistico-barcelona#primaryimage\"},\"image\":{\"@id\":\"https:\\\/\\\/barcelonatours.net\\\/es\\\/team-building\\\/bus-turistico-barcelona#primaryimage\"},\"thumbnailUrl\":\"https:\\\/\\\/barcelonatours.net\\\/wp-content\\\/uploads\\\/2022\\\/02\\\/tour-1.jpg\",\"datePublished\":\"2025-07-05T15:57:42+00:00\",\"dateModified\":\"2025-07-31T13:57:04+00:00\",\"description\":\"\u00a1Alquile un bus tur\u00edstico en Barcelona! Reserva un tour privado para tu grupo en un bus tur\u00edstico (estilo hop on, hop off) para aprovechar la ciudad\",\"breadcrumb\":{\"@id\":\"https:\\\/\\\/barcelonatours.net\\\/es\\\/team-building\\\/bus-turistico-barcelona#breadcrumb\"},\"inLanguage\":\"es\",\"potentialAction\":[{\"@type\":\"ReadAction\",\"target\":[\"https:\\\/\\\/barcelonatours.net\\\/es\\\/team-building\\\/bus-turistico-barcelona\"]}]},{\"@type\":\"ImageObject\",\"inLanguage\":\"es\",\"@id\":\"https:\\\/\\\/barcelonatours.net\\\/es\\\/team-building\\\/bus-turistico-barcelona#primaryimage\",\"url\":\"https:\\\/\\\/barcelonatours.net\\\/wp-content\\\/uploads\\\/2022\\\/02\\\/tour-1.jpg\",\"contentUrl\":\"https:\\\/\\\/barcelonatours.net\\\/wp-content\\\/uploads\\\/2022\\\/02\\\/tour-1.jpg\",\"width\":900,\"height\":600,\"caption\":\"Private tour bus in Barcelona\"},{\"@type\":\"BreadcrumbList\",\"@id\":\"https:\\\/\\\/barcelonatours.net\\\/es\\\/team-building\\\/bus-turistico-barcelona#breadcrumb\",\"itemListElement\":[{\"@type\":\"ListItem\",\"position\":1,\"name\":\"Home\",\"item\":\"https:\\\/\\\/barcelonatours.net\\\/es\"},{\"@type\":\"ListItem\",\"position\":2,\"name\":\"Shop\",\"item\":\"https:\\\/\\\/barcelonatours.net\\\/shop\"},{\"@type\":\"ListItem\",\"position\":3,\"name\":\"Bus Tur\u00edstico en Barcelona &#8211; Tour Privado\"}]},{\"@type\":\"WebSite\",\"@id\":\"https:\\\/\\\/barcelonatours.net\\\/es#website\",\"url\":\"https:\\\/\\\/barcelonatours.net\\\/es\",\"name\":\"BarcelonaTours.net\",\"description\":\"The best tours and team building activities of Barcelona\",\"publisher\":{\"@id\":\"https:\\\/\\\/barcelonatours.net\\\/es#organization\"},\"alternateName\":\"Corporate event agency based in Barcelona\",\"potentialAction\":[{\"@type\":\"SearchAction\",\"target\":{\"@type\":\"EntryPoint\",\"urlTemplate\":\"https:\\\/\\\/barcelonatours.net\\\/es?s={search_term_string}\"},\"query-input\":{\"@type\":\"PropertyValueSpecification\",\"valueRequired\":true,\"valueName\":\"search_term_string\"}}],\"inLanguage\":\"es\"},{\"@type\":\"Organization\",\"@id\":\"https:\\\/\\\/barcelonatours.net\\\/es#organization\",\"name\":\"Barcelona Tours\",\"url\":\"https:\\\/\\\/barcelonatours.net\\\/es\",\"logo\":{\"@type\":\"ImageObject\",\"inLanguage\":\"es\",\"@id\":\"https:\\\/\\\/barcelonatours.net\\\/es#\\\/schema\\\/logo\\\/image\\\/\",\"url\":\"https:\\\/\\\/barcelonatours.net\\\/wp-content\\\/uploads\\\/2019\\\/04\\\/bcn_tours_logo-e1556215659835.png\",\"contentUrl\":\"https:\\\/\\\/barcelonatours.net\\\/wp-content\\\/uploads\\\/2019\\\/04\\\/bcn_tours_logo-e1556215659835.png\",\"width\":250,\"height\":89,\"caption\":\"Barcelona Tours\"},\"image\":{\"@id\":\"https:\\\/\\\/barcelonatours.net\\\/es#\\\/schema\\\/logo\\\/image\\\/\"},\"sameAs\":[\"https:\\\/\\\/www.facebook.com\\\/BarcelonaTours.net\\\/\",\"https:\\\/\\\/x.com\\\/BarcelonaTours1\",\"https:\\\/\\\/www.instagram.com\\\/barcelonatours\\\/\"]}]}<\/script>\n<!-- \/ Yoast SEO plugin. -->","yoast_head_json":{"title":"Bus Tur\u00edstico en Barcelona l Tour Privado y Team Building","description":"\u00a1Alquile un bus tur\u00edstico en Barcelona! Reserva un tour privado para tu grupo en un bus tur\u00edstico (estilo hop on, hop off) para aprovechar la ciudad","robots":{"index":"index","follow":"follow","max-snippet":"max-snippet:-1","max-image-preview":"max-image-preview:large","max-video-preview":"max-video-preview:-1"},"canonical":"https:\/\/barcelonatours.net\/es\/team-building\/bus-turistico-barcelona","og_locale":"es_ES","og_type":"article","og_title":"Bus Tur\u00edstico en Barcelona l Tour Privado y Team Building","og_description":"\u00a1Alquile un bus tur\u00edstico en Barcelona! Reserva un tour privado para tu grupo en un bus tur\u00edstico (estilo hop on, hop off) para aprovechar la ciudad","og_url":"https:\/\/barcelonatours.net\/es\/team-building\/bus-turistico-barcelona","og_site_name":"BarcelonaTours.net","article_publisher":"https:\/\/www.facebook.com\/BarcelonaTours.net\/","article_modified_time":"2025-07-31T13:57:04+00:00","og_image":[{"width":900,"height":600,"url":"https:\/\/barcelonatours.net\/wp-content\/uploads\/2022\/02\/tour-1.jpg","type":"image\/jpeg"}],"twitter_card":"summary_large_image","twitter_site":"@BarcelonaTours1","twitter_misc":{"Tiempo de lectura":"5 minutos"},"schema":{"@context":"https:\/\/schema.org","@graph":[{"@type":"WebPage","@id":"https:\/\/barcelonatours.net\/es\/team-building\/bus-turistico-barcelona","url":"https:\/\/barcelonatours.net\/es\/team-building\/bus-turistico-barcelona","name":"Bus Tur\u00edstico en Barcelona l Tour Privado y Team Building","isPartOf":{"@id":"https:\/\/barcelonatours.net\/es#website"},"primaryImageOfPage":{"@id":"https:\/\/barcelonatours.net\/es\/team-building\/bus-turistico-barcelona#primaryimage"},"image":{"@id":"https:\/\/barcelonatours.net\/es\/team-building\/bus-turistico-barcelona#primaryimage"},"thumbnailUrl":"https:\/\/barcelonatours.net\/wp-content\/uploads\/2022\/02\/tour-1.jpg","datePublished":"2025-07-05T15:57:42+00:00","dateModified":"2025-07-31T13:57:04+00:00","description":"\u00a1Alquile un bus tur\u00edstico en Barcelona! Reserva un tour privado para tu grupo en un bus tur\u00edstico (estilo hop on, hop off) para aprovechar la ciudad","breadcrumb":{"@id":"https:\/\/barcelonatours.net\/es\/team-building\/bus-turistico-barcelona#breadcrumb"},"inLanguage":"es","potentialAction":[{"@type":"ReadAction","target":["https:\/\/barcelonatours.net\/es\/team-building\/bus-turistico-barcelona"]}]},{"@type":"ImageObject","inLanguage":"es","@id":"https:\/\/barcelonatours.net\/es\/team-building\/bus-turistico-barcelona#primaryimage","url":"https:\/\/barcelonatours.net\/wp-content\/uploads\/2022\/02\/tour-1.jpg","contentUrl":"https:\/\/barcelonatours.net\/wp-content\/uploads\/2022\/02\/tour-1.jpg","width":900,"height":600,"caption":"Private tour bus in Barcelona"},{"@type":"BreadcrumbList","@id":"https:\/\/barcelonatours.net\/es\/team-building\/bus-turistico-barcelona#breadcrumb","itemListElement":[{"@type":"ListItem","position":1,"name":"Home","item":"https:\/\/barcelonatours.net\/es"},{"@type":"ListItem","position":2,"name":"Shop","item":"https:\/\/barcelonatours.net\/shop"},{"@type":"ListItem","position":3,"name":"Bus Tur\u00edstico en Barcelona &#8211; Tour Privado"}]},{"@type":"WebSite","@id":"https:\/\/barcelonatours.net\/es#website","url":"https:\/\/barcelonatours.net\/es","name":"BarcelonaTours.net","description":"The best tours and team building activities of Barcelona","publisher":{"@id":"https:\/\/barcelonatours.net\/es#organization"},"alternateName":"Corporate event agency based in Barcelona","potentialAction":[{"@type":"SearchAction","target":{"@type":"EntryPoint","urlTemplate":"https:\/\/barcelonatours.net\/es?s={search_term_string}"},"query-input":{"@type":"PropertyValueSpecification","valueRequired":true,"valueName":"search_term_string"}}],"inLanguage":"es"},{"@type":"Organization","@id":"https:\/\/barcelonatours.net\/es#organization","name":"Barcelona Tours","url":"https:\/\/barcelonatours.net\/es","logo":{"@type":"ImageObject","inLanguage":"es","@id":"https:\/\/barcelonatours.net\/es#\/schema\/logo\/image\/","url":"https:\/\/barcelonatours.net\/wp-content\/uploads\/2019\/04\/bcn_tours_logo-e1556215659835.png","contentUrl":"https:\/\/barcelonatours.net\/wp-content\/uploads\/2019\/04\/bcn_tours_logo-e1556215659835.png","width":250,"height":89,"caption":"Barcelona Tours"},"image":{"@id":"https:\/\/barcelonatours.net\/es#\/schema\/logo\/image\/"},"sameAs":["https:\/\/www.facebook.com\/BarcelonaTours.net\/","https:\/\/x.com\/BarcelonaTours1","https:\/\/www.instagram.com\/barcelonatours\/"]}]}},"_links":{"self":[{"href":"https:\/\/barcelonatours.net\/es\/wp-json\/wp\/v2\/product\/5590","targetHints":{"allow":["GET"]}}],"collection":[{"href":"https:\/\/barcelonatours.net\/es\/wp-json\/wp\/v2\/product"}],"about":[{"href":"https:\/\/barcelonatours.net\/es\/wp-json\/wp\/v2\/types\/product"}],"replies":[{"embeddable":true,"href":"https:\/\/barcelonatours.net\/es\/wp-json\/wp\/v2\/comments?post=5590"}],"version-history":[{"count":0,"href":"https:\/\/barcelonatours.net\/es\/wp-json\/wp\/v2\/product\/5590\/revisions"}],"wp:featuredmedia":[{"embeddable":true,"href":"https:\/\/barcelonatours.net\/es\/wp-json\/wp\/v2\/media\/7239"}],"wp:attachment":[{"href":"https:\/\/barcelonatours.net\/es\/wp-json\/wp\/v2\/media?parent=5590"}],"wp:term":[{"taxonomy":"product_brand","embeddable":true,"href":"https:\/\/barcelonatours.net\/es\/wp-json\/wp\/v2\/product_brand?post=5590"},{"taxonomy":"product_cat","embeddable":true,"href":"https:\/\/barcelonatours.net\/es\/wp-json\/wp\/v2\/product_cat?post=5590"},{"taxonomy":"product_tag","embeddable":true,"href":"https:\/\/barcelonatours.net\/es\/wp-json\/wp\/v2\/product_tag?post=5590"}],"curies":[{"name":"wp","href":"https:\/\/api.w.org\/{rel}","templated":true}]}}