{"id":5589,"date":"2025-10-31T17:59:42","date_gmt":"2025-10-31T16:59:42","guid":{"rendered":"https:\/\/barcelonatours.net\/product\/team-building-en-barcelona-concurso-de-tapas\/"},"modified":"2026-03-20T16:50:11","modified_gmt":"2026-03-20T15:50:11","slug":"concurso-de-tapas","status":"publish","type":"product","link":"https:\/\/barcelonatours.net\/es\/team-building-en-barcelona\/concurso-de-tapas","title":{"rendered":"Concurso de Tapas: competici\u00f3n de Team Building para grupos"},"content":{"rendered":"<div class=\"wpb-content-wrapper\">[vc_row][vc_column]<div class=\"title title--big title--center title--underline title--decoration-bottom-center\">\n\t\t\t<div class=\"title__subtitle\">Actividades Team Building--Tours Privados--Salidas en Barco--Cenas de Empresa--Traslados para grupos<\/div>\n\t\t<h3 class=\"title__primary\"><\/h3>\n<\/div>\n[vc_column_text css=&#8221;&#8221;]<span style=\"font-weight: 400;\">Esta <\/span><span style=\"font-weight: 400;\">actividad culinaria<\/span><span style=\"font-weight: 400;\"> se lleva a cabo dentro de un <\/span><b>entorno de cocina profesional<\/b><span style=\"font-weight: 400;\"> donde el grupo de participantes se divide en equipos m\u00e1s peque\u00f1os. El objetivo es que cada equipo prepare una selecci\u00f3n de tapas catalanas y espa\u00f1olas aut\u00e9nticas utilizando ingredientes crudos proporcionados.<\/span>\n<p><span style=\"font-weight: 400;\">La sesi\u00f3n es supervisada por un <\/span><b>Chef Principal<\/b><span style=\"font-weight: 400;\"> que dirige el proceso. Un asistente culinario est\u00e1 presente para ofrecer orientaci\u00f3n e informaci\u00f3n sobre t\u00e9cnicas y preparaci\u00f3n de ingredientes. La finalizaci\u00f3n exitosa de los platos requiere coordinaci\u00f3n del equipo y aplicaci\u00f3n de principios culinarios. Se proporcionan aperitivos a los participantes durante todo el per\u00edodo de preparaci\u00f3n.<\/span><\/p>\n<h2>\ud83d\ude0b \u00bfQu\u00e9 tapas haremos?<\/h2>\n<p>Los platos que nuestro chef ha seleccionado para que prepares <strong>son populares en toda Catalu\u00f1a y Espa\u00f1a<\/strong>. Si cuando piensas en tapas, piensas en aceitunas, queso y jam\u00f3n, \u00a1pi\u00e9nsalo de nuevo! Si bien a\u00fan disfrutamos de estas especialidades, necesitar\u00e1s un poco m\u00e1s de habilidad e imaginaci\u00f3n para preparar lo que tenemos en el men\u00fa.<\/p>\n<p>Salchichas suculentas, mejillones jugosos y calamares frescos son ingredientes que encontrar\u00e1s en nuestra competici\u00f3n. Nuestro men\u00fa m\u00e1s habitual presenta una variedad de tapas de estilo espa\u00f1ol <strong>hechas con mariscos, carnes, verduras y quesos.\u00a0<\/strong><\/p>\n<p><em>Nota: El men\u00fa se puede ajustar para satisfacer cualquier necesidad diet\u00e9tica o por motivos de alergias o intolerancias alimenticias. Por favor, inf\u00f3rmanos con antelaci\u00f3n.<\/em><\/p>\n<p>&nbsp;<\/p>\n<h2><b>\ud83c\udfc6 Criterios de Evaluaci\u00f3n y Resoluci\u00f3n<\/b><\/h2>\n<p><span style=\"font-weight: 400;\">Los equipos son evaluados por el Chef Principal seg\u00fan cuatro criterios que eval\u00faan tanto el producto como el proceso grupal:<\/span><\/p>\n<ul>\n<li style=\"font-weight: 400;\" aria-level=\"1\"><b>Presentaci\u00f3n:<\/b><span style=\"font-weight: 400;\"> Evaluaci\u00f3n del atractivo visual y la disposici\u00f3n en el plato de las tapas finales.<\/span><\/li>\n<li style=\"font-weight: 400;\" aria-level=\"1\"><b>Sabor:<\/b><span style=\"font-weight: 400;\"> Valoraci\u00f3n de la calidad, autenticidad y gusto de la comida preparada.<\/span><\/li>\n<li style=\"font-weight: 400;\" aria-level=\"1\"><b>Velocidad:<\/b><span style=\"font-weight: 400;\"> Medici\u00f3n de la capacidad para finalizar y entregar todos los platos dentro de la duraci\u00f3n establecida de tres horas.<\/span><\/li>\n<li style=\"font-weight: 400;\" aria-level=\"1\"><b>Trabajo en Equipo (<\/b><b><i>Teamwork<\/i><\/b><b>):<\/b><span style=\"font-weight: 400;\"> Evaluaci\u00f3n de la cooperaci\u00f3n observada y la evidencia de que todos los miembros contribuyeron a la creaci\u00f3n de los platos.<\/span><\/li>\n<\/ul>\n<p><span style=\"font-weight: 400;\">Tras un riguroso proceso de cata por parte del Chef Principal, el equipo con la puntuaci\u00f3n m\u00e1s alta es designado <\/span><b>Campe\u00f3n de la Competici\u00f3n de Cocina de Tapas de Barcelona<\/b><span style=\"font-weight: 400;\">. La conclusi\u00f3n de la sesi\u00f3n incluye una porci\u00f3n de cava fr\u00edo para todos los participantes. Se puede organizar un trofeo o premio personalizado para el equipo ganador si el cliente lo solicita.<\/span><\/p>\n<p>&nbsp;<\/p>\n<h4>\ud83e\udd42 Las actividades de Team Building dan sed<\/h4>\n<p>Si est\u00e1s pensando que te gustar\u00eda un vaso de algo para ayudar a aliviar la tensi\u00f3n, \u00a1podemos ayudarte! La actividad incluye vino, cerveza, agua y refrescos, que puedes beber mientras cocinas y cuando todos se sienten al final para compartir juntos las tapas que se han preparado. No te ir\u00e1s con hambre o sed, podemos garantizarlo.<\/p>\n<h4><strong>\ud83d\udc49\u00a0<\/strong><strong>Reserva esta competici\u00f3n de tapas en equipo si est\u00e1s buscando:<\/strong><\/h4>\n<ul>\n<li>Actividades grupales en Barcelona<\/li>\n<li>Team building en Barcelona.<\/li>\n<\/ul>\n<p>Para m\u00e1s actividades centradas en la comida, echa un vistazo a nuestros rutas gastronomicas en Barcelona\u00a0y el <a href=\"https:\/\/barcelonatours.net\/es\/team-building-en-barcelona\/concurso-de-paella\" target=\"_blank\" rel=\"noopener\">Concurso de paellas en Barcelona.<\/a>[\/vc_column_text][\/vc_column][\/vc_row][vc_row][vc_column][vc_column_text css=&#8221;&#8221;]\n<h2>\ud83c\udf72\u00a0Tapas Masterchef<\/h2>\n<\/p><p><!--more--><\/p>\n<table class=\"table table-bordered tours-tabs__table\" style=\"width: 98.6374%; height: 159px;\" width=\"99.2947%\">\n<tbody>\n<tr style=\"height: 23px;\">\n<td style=\"width: 21.0088%; height: 23px;\"><strong>PRECIO<\/strong><\/td>\n<td style=\"width: 78.0108%; height: 23px;\"><i class=\"fa fa-check icon-tick icon-tick--on\"><\/i>Desde 95\u20ac por persona<\/td>\n<\/tr>\n<tr style=\"height: 24px;\">\n<td style=\"width: 21.0088%; height: 23px;\"><strong>UBICACI\u00d3N<\/strong><\/td>\n<td style=\"width: 78.0108%; height: 23px;\"><i class=\"fa fa-check icon-tick icon-tick--on\"><\/i><span style=\"font-weight: 400;\">Local c\u00e9ntrico en Barcelona<\/span><\/td>\n<\/tr>\n<tr style=\"height: 80px;\">\n<td style=\"width: 21.0088%; height: 80px;\"><strong>INCLUIDO<\/strong><\/td>\n<td style=\"width: 78.0108%; height: 80px;\"><i class=\"fa fa-check icon-tick icon-tick--on\"><\/i>Alquiler privado del espacio \u2013 3 horas\n<i class=\"fa fa-check icon-tick icon-tick--on\"><\/i>Actividad + cena con bebidas incluidas\n<i class=\"fa fa-check icon-tick icon-tick--on\"><\/i>Bebidas ilimitadas durante el evento \u2013 Vino, Cerveza, Agua y Refrescos\n<i class=\"fa fa-check icon-tick icon-tick--on\"><\/i>Chefs y asistentes (todos hablan ingl\u00e9s y espa\u00f1ol con fluidez)\n<i class=\"fa fa-check icon-tick icon-tick--on\"><\/i>Personal de limpieza y servicio<\/td>\n<\/tr>\n<tr style=\"height: 23px;\">\n<td style=\"width: 21.0088%; height: 23px;\"><strong><b>N. DE PERSONAS<\/b><\/strong><\/td>\n<td style=\"width: 78.0108%; height: 23px;\"><i class=\"fa fa-check icon-tick icon-tick--on\"><\/i>De 12 a 200 personas de capacidad<\/td>\n<\/tr>\n<tr style=\"height: 82px;\">\n<td style=\"width: 21.0088%; height: 10px;\"><b>BENEFICIOS<\/b><\/td>\n<td style=\"width: 78.0108%; height: 10px;\">1\ufe0f\u20e3 <b>Trabajo en Equipo y Delegaci\u00f3n Forzosos:<\/b><span style=\"font-weight: 400;\"> El \u00e9xito depende de la colaboraci\u00f3n obligatoria y la delegaci\u00f3n efectiva de roles bajo presi\u00f3n.<\/span>\n<p>2\ufe0f\u20e3 <b>Rendimiento bajo Presi\u00f3n:<\/b><span style=\"font-weight: 400;\"> Los equipos agudizan el enfoque y la eficiencia al equilibrar la creatividad y la velocidad bajo un plazo estricto.<\/span><\/p>\n<p>3\ufe0f\u20e3 <b>Impulso Moral de Alto Impacto:<\/b><span style=\"font-weight: 400;\"> La final competitiva y el brindis con cava proporcionan una recompensa de equipo significativa y memorable.<\/span><\/p><\/td>\n<\/tr>\n<\/tbody>\n<\/table>\n<h2><\/h2>\n[\/vc_column_text][vc_video link=&#8221;https:\/\/www.youtube.com\/watch?v=QFcN39P3W9Q&#8221; css=&#8221;&#8221; title=&#8221;Video de un Evento&#8221;][\/vc_column][\/vc_row][vc_row][vc_column][vc_column_text css=&#8221;&#8221;]\n<h2>\u00a0 \u2753C\u00d3MO FUNCIONA Y PREGUNTAS FRECUENTES<\/h2>\n<p><!--more--><\/p>\n<table class=\"table table-bordered tours-tabs__table\" style=\"width: 98.6374%; height: 138px;\" width=\"99.2947%\">\n<tbody>\n<tr style=\"height: 82px;\">\n<td style=\"width: 21.0088%; height: 10px;\"><b>C\u00d3MO FUNCIONA<\/b><\/td>\n<td style=\"width: 78.0108%; height: 24px;\">1\ufe0f\u20e3 Despu\u00e9s de recibir tu consulta, te enviaremos una propuesta con las mejores soluciones para tu evento y m\u00e1s ideas a considerar.\n<p>2\ufe0f\u20e3 T\u00fa eliges la mejor solucion y responderemos a todas tus preguntas por correo electr\u00f3nico (o tel\u00e9fono) hasta que est\u00e9s completamente satisfecho y listo para reservar.<\/p>\n<p>3\ufe0f\u20e3 Una vez establecidos todos los detalles, te facilitaremos el presupuesto final y solo solicitaremos un dep\u00f3sito del 20% para asegurar la fecha de tu evento<\/p><\/td>\n<\/tr>\n<tr>\n<td style=\"width: 21.0088%;\"><strong>PREGUNTAS FRECUENTES<\/strong><\/td>\n<td style=\"width: 78.0108%;\">1\ufe0f\u20e3 <strong>Condiciones de pago:<\/strong> Para confirmar el evento, necesitamos un dep\u00f3sito del 20% y el importe total una semana antes. Puedes pagar mediante transferencia bancaria o con tarjeta de d\u00e9bito\/cr\u00e9dito a trav\u00e9s de un enlace de pago.\n<p>2\ufe0f\u20e3<strong>N\u00fameros finales:<\/strong> tienes la libertad de ajustar el n\u00famero de participantes para el evento hasta una semana antes, y no habr\u00e1 penalizaciones ni cargos adicionales. Sin embargo, hay que tener en cuenta que algunas actividades pueden tener precios variables seg\u00fan el tama\u00f1o del grupo.<span style=\"font-weight: 400;\"><br \/>\n<\/span><\/p>\n<p>3\ufe0f\u20e3 <strong>Itinerario final:<\/strong> una semana antes del evento, recibir\u00e1s un resumen detallado con toda la informaci\u00f3n \u00fatil.<\/p><\/td>\n<\/tr>\n<\/tbody>\n<\/table>\n[\/vc_column_text][\/vc_column][\/vc_row][vc_row][vc_column][vc_column_text css=&#8221;&#8221;]<em><span style=\"font-size: 18pt;\"><strong>\u23ed\ufe0f \u00bfPasamos ya a la siguiente fase?<\/strong><\/span><\/em>\n<p>&nbsp;<\/p>\n<p style=\"text-align: left;\"><em><span style=\"font-size: 14pt;\"><strong>Pide un presupuesto r\u00e1pido:\u00a0 \u00a0\u00a0<\/strong><\/span><\/em><\/p>\n<ul>\n<li style=\"text-align: left;\"><em><span style=\"font-size: 14pt;\"><strong>Email <a href=\"mailto: info@barcelonatours.net\" data-cke-saved-href=\"mailto:enquiry@barcelonatours.net\">info@barcelonatours.net<\/a>\u00a0\u00a0<\/strong><\/span><\/em><\/li>\n<li><em><span style=\"font-size: 14pt;\"><strong>Tel\/W&#8217;App\u00a0 <a href=\"tel: +34658768333\">+34 658 768 333<\/a><\/strong><\/span><\/em><\/li>\n<\/ul>\n<p>&nbsp;<\/p>\n<p style=\"text-align: left;\"><em><span style=\"font-size: 14pt;\"><strong>Clientes satisfechos, lo que dicen de nosotros:\u00a0 \u2b50\ufe0f\u2b50\ufe0f\u2b50\ufe0f\u2b50\ufe0f\u2b50\ufe0f <a href=\"https:\/\/www.google.com\/maps\/place\/BarcelonaTours.net\/@41.406933,2.1567085,17z\/data=!3m1!5s0x12a4a2e9f0c7847d:0xe1ddc3cf1f5a665f!4m8!3m7!1s0x12a4a2a5c1e2257d:0xcab7dbbfc67e084a!8m2!3d41.406933!4d2.1567085!9m1!1b1!16s%2Fg%2F12lk5ddc3?hl=en-US&amp;entry=ttu&amp;g_ep=EgoyMDI1MDExNS4wIKXMDSoASAFQAw%3D%3D\">rese\u00f1as en Google<\/a><\/strong><\/span><\/em><\/p>\n<p style=\"text-align: left;\"><em><span style=\"font-size: 14pt;\"><strong>Alg\u00fan reportaje de los eventos hechos:\u00a0 <a href=\"https:\/\/www.linkedin.com\/company\/1708408\/admin\/page-posts\/published\/\">publicaciones en LinkedIn<\/a><\/strong><\/span><\/em><\/p>\n[\/vc_column_text][\/vc_column][\/vc_row]\n<\/div>","protected":false},"excerpt":{"rendered":"<p>Cocina deliciosas tapas e intenta ganar esta competici\u00f3n. \u00a1Reserva ahora!<\/p>\n","protected":false},"featured_media":7224,"comment_status":"closed","ping_status":"closed","template":"","meta":{"footnotes":""},"product_brand":[],"product_cat":[3757,3462,3463],"product_tag":[],"class_list":{"0":"post-5589","1":"product","2":"type-product","3":"status-publish","4":"has-post-thumbnail","6":"product_cat-day-activities-es","7":"product_cat-night-activities-es","8":"product_cat-team-building-es","9":"tour_category-activities-es","10":"tour_category-day-activity-es","11":"tour_category-night-activity-es","12":"tour_category-team-building-en-barcelona","14":"first","15":"instock","16":"virtual","17":"taxable","18":"purchasable","19":"product-type-tour"},"yoast_head":"<!-- This site is optimized with the Yoast SEO plugin v27.3 - https:\/\/yoast.com\/product\/yoast-seo-wordpress\/ -->\n<title>Concurso de tapas en equipo: evento para grupos en Barcelona - BarcelonaTours.net<\/title>\n<meta name=\"description\" content=\"Elija un concurso de cocina de tapas en Barcelona como una actividad de trabajo en equipo para su empresa. \u00a1Aprende a cocinar y trata de ganar!\" \/>\n<meta name=\"robots\" content=\"index, follow, max-snippet:-1, max-image-preview:large, max-video-preview:-1\" \/>\n<link rel=\"canonical\" href=\"https:\/\/barcelonatours.net\/es\/team-building-en-barcelona\/concurso-de-tapas\" \/>\n<meta property=\"og:locale\" content=\"es_ES\" \/>\n<meta property=\"og:type\" content=\"article\" \/>\n<meta property=\"og:title\" content=\"Concurso de tapas en equipo: evento para grupos en Barcelona - BarcelonaTours.net\" \/>\n<meta property=\"og:description\" content=\"Elija un concurso de cocina de tapas en Barcelona como una actividad de trabajo en equipo para su empresa. \u00a1Aprende a cocinar y trata de ganar!\" \/>\n<meta property=\"og:url\" content=\"https:\/\/barcelonatours.net\/es\/team-building-en-barcelona\/concurso-de-tapas\" \/>\n<meta property=\"og:site_name\" content=\"BarcelonaTours.net\" \/>\n<meta property=\"article:publisher\" content=\"https:\/\/www.facebook.com\/BarcelonaTours.net\/\" \/>\n<meta property=\"article:modified_time\" content=\"2026-03-20T15:50:11+00:00\" \/>\n<meta property=\"og:image\" content=\"https:\/\/barcelonatours.net\/wp-content\/uploads\/2022\/02\/Tapas-and-Wine-Tasting-in-Barcelona.jpg\" \/>\n\t<meta property=\"og:image:width\" content=\"1200\" \/>\n\t<meta property=\"og:image:height\" content=\"800\" \/>\n\t<meta property=\"og:image:type\" content=\"image\/jpeg\" \/>\n<meta name=\"twitter:card\" content=\"summary_large_image\" \/>\n<meta name=\"twitter:site\" content=\"@BarcelonaTours1\" \/>\n<meta name=\"twitter:label1\" content=\"Tiempo de lectura\" \/>\n\t<meta name=\"twitter:data1\" content=\"5 minutos\" \/>\n<script type=\"application\/ld+json\" class=\"yoast-schema-graph\">{\"@context\":\"https:\\\/\\\/schema.org\",\"@graph\":[{\"@type\":\"WebPage\",\"@id\":\"https:\\\/\\\/barcelonatours.net\\\/es\\\/team-building-en-barcelona\\\/concurso-de-tapas\",\"url\":\"https:\\\/\\\/barcelonatours.net\\\/es\\\/team-building-en-barcelona\\\/concurso-de-tapas\",\"name\":\"Concurso de tapas en equipo: evento para grupos en Barcelona - BarcelonaTours.net\",\"isPartOf\":{\"@id\":\"https:\\\/\\\/barcelonatours.net\\\/es#website\"},\"primaryImageOfPage\":{\"@id\":\"https:\\\/\\\/barcelonatours.net\\\/es\\\/team-building-en-barcelona\\\/concurso-de-tapas#primaryimage\"},\"image\":{\"@id\":\"https:\\\/\\\/barcelonatours.net\\\/es\\\/team-building-en-barcelona\\\/concurso-de-tapas#primaryimage\"},\"thumbnailUrl\":\"https:\\\/\\\/barcelonatours.net\\\/wp-content\\\/uploads\\\/2022\\\/02\\\/Tapas-and-Wine-Tasting-in-Barcelona.jpg\",\"datePublished\":\"2025-10-31T16:59:42+00:00\",\"dateModified\":\"2026-03-20T15:50:11+00:00\",\"description\":\"Elija un concurso de cocina de tapas en Barcelona como una actividad de trabajo en equipo para su empresa. \u00a1Aprende a cocinar y trata de ganar!\",\"breadcrumb\":{\"@id\":\"https:\\\/\\\/barcelonatours.net\\\/es\\\/team-building-en-barcelona\\\/concurso-de-tapas#breadcrumb\"},\"inLanguage\":\"es\",\"potentialAction\":[{\"@type\":\"ReadAction\",\"target\":[\"https:\\\/\\\/barcelonatours.net\\\/es\\\/team-building-en-barcelona\\\/concurso-de-tapas\"]}]},{\"@type\":\"ImageObject\",\"inLanguage\":\"es\",\"@id\":\"https:\\\/\\\/barcelonatours.net\\\/es\\\/team-building-en-barcelona\\\/concurso-de-tapas#primaryimage\",\"url\":\"https:\\\/\\\/barcelonatours.net\\\/wp-content\\\/uploads\\\/2022\\\/02\\\/Tapas-and-Wine-Tasting-in-Barcelona.jpg\",\"contentUrl\":\"https:\\\/\\\/barcelonatours.net\\\/wp-content\\\/uploads\\\/2022\\\/02\\\/Tapas-and-Wine-Tasting-in-Barcelona.jpg\",\"width\":1200,\"height\":800,\"caption\":\"Tapas and Wine Tasting in Barcelona for groups\"},{\"@type\":\"BreadcrumbList\",\"@id\":\"https:\\\/\\\/barcelonatours.net\\\/es\\\/team-building-en-barcelona\\\/concurso-de-tapas#breadcrumb\",\"itemListElement\":[{\"@type\":\"ListItem\",\"position\":1,\"name\":\"Home\",\"item\":\"https:\\\/\\\/barcelonatours.net\\\/es\"},{\"@type\":\"ListItem\",\"position\":2,\"name\":\"Shop\",\"item\":\"https:\\\/\\\/barcelonatours.net\\\/shop\"},{\"@type\":\"ListItem\",\"position\":3,\"name\":\"Concurso de Tapas: competici\u00f3n de Team Building para grupos\"}]},{\"@type\":\"WebSite\",\"@id\":\"https:\\\/\\\/barcelonatours.net\\\/es#website\",\"url\":\"https:\\\/\\\/barcelonatours.net\\\/es\",\"name\":\"BarcelonaTours.net\",\"description\":\"The best tours and team building activities of Barcelona\",\"publisher\":{\"@id\":\"https:\\\/\\\/barcelonatours.net\\\/es#organization\"},\"potentialAction\":[{\"@type\":\"SearchAction\",\"target\":{\"@type\":\"EntryPoint\",\"urlTemplate\":\"https:\\\/\\\/barcelonatours.net\\\/es?s={search_term_string}\"},\"query-input\":{\"@type\":\"PropertyValueSpecification\",\"valueRequired\":true,\"valueName\":\"search_term_string\"}}],\"inLanguage\":\"es\"},{\"@type\":\"Organization\",\"@id\":\"https:\\\/\\\/barcelonatours.net\\\/es#organization\",\"name\":\"Barcelona Tours\",\"url\":\"https:\\\/\\\/barcelonatours.net\\\/es\",\"logo\":{\"@type\":\"ImageObject\",\"inLanguage\":\"es\",\"@id\":\"https:\\\/\\\/barcelonatours.net\\\/es#\\\/schema\\\/logo\\\/image\\\/\",\"url\":\"https:\\\/\\\/barcelonatours.net\\\/wp-content\\\/uploads\\\/2019\\\/04\\\/bcn_tours_logo-e1556215659835.png\",\"contentUrl\":\"https:\\\/\\\/barcelonatours.net\\\/wp-content\\\/uploads\\\/2019\\\/04\\\/bcn_tours_logo-e1556215659835.png\",\"width\":250,\"height\":89,\"caption\":\"Barcelona Tours\"},\"image\":{\"@id\":\"https:\\\/\\\/barcelonatours.net\\\/es#\\\/schema\\\/logo\\\/image\\\/\"},\"sameAs\":[\"https:\\\/\\\/www.facebook.com\\\/BarcelonaTours.net\\\/\",\"https:\\\/\\\/x.com\\\/BarcelonaTours1\",\"https:\\\/\\\/www.instagram.com\\\/barcelonatours\\\/\"]}]}<\/script>\n<!-- \/ Yoast SEO plugin. -->","yoast_head_json":{"title":"Concurso de tapas en equipo: evento para grupos en Barcelona - BarcelonaTours.net","description":"Elija un concurso de cocina de tapas en Barcelona como una actividad de trabajo en equipo para su empresa. \u00a1Aprende a cocinar y trata de ganar!","robots":{"index":"index","follow":"follow","max-snippet":"max-snippet:-1","max-image-preview":"max-image-preview:large","max-video-preview":"max-video-preview:-1"},"canonical":"https:\/\/barcelonatours.net\/es\/team-building-en-barcelona\/concurso-de-tapas","og_locale":"es_ES","og_type":"article","og_title":"Concurso de tapas en equipo: evento para grupos en Barcelona - BarcelonaTours.net","og_description":"Elija un concurso de cocina de tapas en Barcelona como una actividad de trabajo en equipo para su empresa. \u00a1Aprende a cocinar y trata de ganar!","og_url":"https:\/\/barcelonatours.net\/es\/team-building-en-barcelona\/concurso-de-tapas","og_site_name":"BarcelonaTours.net","article_publisher":"https:\/\/www.facebook.com\/BarcelonaTours.net\/","article_modified_time":"2026-03-20T15:50:11+00:00","og_image":[{"width":1200,"height":800,"url":"https:\/\/barcelonatours.net\/wp-content\/uploads\/2022\/02\/Tapas-and-Wine-Tasting-in-Barcelona.jpg","type":"image\/jpeg"}],"twitter_card":"summary_large_image","twitter_site":"@BarcelonaTours1","twitter_misc":{"Tiempo de lectura":"5 minutos"},"schema":{"@context":"https:\/\/schema.org","@graph":[{"@type":"WebPage","@id":"https:\/\/barcelonatours.net\/es\/team-building-en-barcelona\/concurso-de-tapas","url":"https:\/\/barcelonatours.net\/es\/team-building-en-barcelona\/concurso-de-tapas","name":"Concurso de tapas en equipo: evento para grupos en Barcelona - BarcelonaTours.net","isPartOf":{"@id":"https:\/\/barcelonatours.net\/es#website"},"primaryImageOfPage":{"@id":"https:\/\/barcelonatours.net\/es\/team-building-en-barcelona\/concurso-de-tapas#primaryimage"},"image":{"@id":"https:\/\/barcelonatours.net\/es\/team-building-en-barcelona\/concurso-de-tapas#primaryimage"},"thumbnailUrl":"https:\/\/barcelonatours.net\/wp-content\/uploads\/2022\/02\/Tapas-and-Wine-Tasting-in-Barcelona.jpg","datePublished":"2025-10-31T16:59:42+00:00","dateModified":"2026-03-20T15:50:11+00:00","description":"Elija un concurso de cocina de tapas en Barcelona como una actividad de trabajo en equipo para su empresa. \u00a1Aprende a cocinar y trata de ganar!","breadcrumb":{"@id":"https:\/\/barcelonatours.net\/es\/team-building-en-barcelona\/concurso-de-tapas#breadcrumb"},"inLanguage":"es","potentialAction":[{"@type":"ReadAction","target":["https:\/\/barcelonatours.net\/es\/team-building-en-barcelona\/concurso-de-tapas"]}]},{"@type":"ImageObject","inLanguage":"es","@id":"https:\/\/barcelonatours.net\/es\/team-building-en-barcelona\/concurso-de-tapas#primaryimage","url":"https:\/\/barcelonatours.net\/wp-content\/uploads\/2022\/02\/Tapas-and-Wine-Tasting-in-Barcelona.jpg","contentUrl":"https:\/\/barcelonatours.net\/wp-content\/uploads\/2022\/02\/Tapas-and-Wine-Tasting-in-Barcelona.jpg","width":1200,"height":800,"caption":"Tapas and Wine Tasting in Barcelona for groups"},{"@type":"BreadcrumbList","@id":"https:\/\/barcelonatours.net\/es\/team-building-en-barcelona\/concurso-de-tapas#breadcrumb","itemListElement":[{"@type":"ListItem","position":1,"name":"Home","item":"https:\/\/barcelonatours.net\/es"},{"@type":"ListItem","position":2,"name":"Shop","item":"https:\/\/barcelonatours.net\/shop"},{"@type":"ListItem","position":3,"name":"Concurso de Tapas: competici\u00f3n de Team Building para grupos"}]},{"@type":"WebSite","@id":"https:\/\/barcelonatours.net\/es#website","url":"https:\/\/barcelonatours.net\/es","name":"BarcelonaTours.net","description":"The best tours and team building activities of Barcelona","publisher":{"@id":"https:\/\/barcelonatours.net\/es#organization"},"potentialAction":[{"@type":"SearchAction","target":{"@type":"EntryPoint","urlTemplate":"https:\/\/barcelonatours.net\/es?s={search_term_string}"},"query-input":{"@type":"PropertyValueSpecification","valueRequired":true,"valueName":"search_term_string"}}],"inLanguage":"es"},{"@type":"Organization","@id":"https:\/\/barcelonatours.net\/es#organization","name":"Barcelona Tours","url":"https:\/\/barcelonatours.net\/es","logo":{"@type":"ImageObject","inLanguage":"es","@id":"https:\/\/barcelonatours.net\/es#\/schema\/logo\/image\/","url":"https:\/\/barcelonatours.net\/wp-content\/uploads\/2019\/04\/bcn_tours_logo-e1556215659835.png","contentUrl":"https:\/\/barcelonatours.net\/wp-content\/uploads\/2019\/04\/bcn_tours_logo-e1556215659835.png","width":250,"height":89,"caption":"Barcelona Tours"},"image":{"@id":"https:\/\/barcelonatours.net\/es#\/schema\/logo\/image\/"},"sameAs":["https:\/\/www.facebook.com\/BarcelonaTours.net\/","https:\/\/x.com\/BarcelonaTours1","https:\/\/www.instagram.com\/barcelonatours\/"]}]}},"_links":{"self":[{"href":"https:\/\/barcelonatours.net\/es\/wp-json\/wp\/v2\/product\/5589","targetHints":{"allow":["GET"]}}],"collection":[{"href":"https:\/\/barcelonatours.net\/es\/wp-json\/wp\/v2\/product"}],"about":[{"href":"https:\/\/barcelonatours.net\/es\/wp-json\/wp\/v2\/types\/product"}],"replies":[{"embeddable":true,"href":"https:\/\/barcelonatours.net\/es\/wp-json\/wp\/v2\/comments?post=5589"}],"version-history":[{"count":5,"href":"https:\/\/barcelonatours.net\/es\/wp-json\/wp\/v2\/product\/5589\/revisions"}],"predecessor-version":[{"id":16202,"href":"https:\/\/barcelonatours.net\/es\/wp-json\/wp\/v2\/product\/5589\/revisions\/16202"}],"wp:featuredmedia":[{"embeddable":true,"href":"https:\/\/barcelonatours.net\/es\/wp-json\/wp\/v2\/media\/7224"}],"wp:attachment":[{"href":"https:\/\/barcelonatours.net\/es\/wp-json\/wp\/v2\/media?parent=5589"}],"wp:term":[{"taxonomy":"product_brand","embeddable":true,"href":"https:\/\/barcelonatours.net\/es\/wp-json\/wp\/v2\/product_brand?post=5589"},{"taxonomy":"product_cat","embeddable":true,"href":"https:\/\/barcelonatours.net\/es\/wp-json\/wp\/v2\/product_cat?post=5589"},{"taxonomy":"product_tag","embeddable":true,"href":"https:\/\/barcelonatours.net\/es\/wp-json\/wp\/v2\/product_tag?post=5589"}],"curies":[{"name":"wp","href":"https:\/\/api.w.org\/{rel}","templated":true}]}}