{"id":5586,"date":"2019-11-12T15:59:50","date_gmt":"2019-11-12T14:59:50","guid":{"rendered":"https:\/\/barcelonatours.net\/product\/actividades-de-playa-y-deportes-acuaticos-en-barcelona\/"},"modified":"2024-06-10T17:59:16","modified_gmt":"2024-06-10T15:59:16","slug":"actividades-de-playa-y-deportes-acuaticos-en-barcelona","status":"publish","type":"product","link":"https:\/\/barcelonatours.net\/es\/team-building-en-barcelona\/actividades-playa-deportes-acuaticos","title":{"rendered":"Actividades de playa y deportes acu\u00e1ticos en Barcelona"},"content":{"rendered":"<p>\u00a1Nos encantan las actividades de playa y los deportes acu\u00e1ticos en Barcelona!<\/p>\n<p>\u00a1A todos les encantar\u00e1 participar en una <strong>actividad de Team Building en las playas de Barcelona!<\/strong>! Una de las principales razones por las que Barcelona es un destino tan popular para conferencias y eventos corporativos es su fabulosa ubicaci\u00f3n junto al mar. Sus pueblos y playas circundantes tambi\u00e9n son lugares magn\u00edficos para visitar durante un viaje grupal a Barcelona.<\/p>\n<p>Si bien puedes hacer espacio en tu apretada agenda para tener tiempo libre en la playa, tambi\u00e9n puedes incorporar actividades de playa en tu itinerario de Team Building. Este paquete incluye traslados privados desde el centro de la ciudad de Barcelona y un gu\u00eda biling\u00fce, as\u00ed como incre\u00edbles actividades en la playa.<\/p>\n<p><!--more--><\/p>\n<table class=\"table table-bordered tours-tabs__table\" style=\"width: 98.6374%; height: 150px;\" width=\"99.2947%\">\n<tbody>\n<tr style=\"height: 10px;\">\n<td style=\"width: 21.0088%; height: 10px;\"><b>INCLUIDO<\/b><\/td>\n<td style=\"width: 78.0108%; height: 10px;\">\n<table class=\"table table-bordered\" style=\"height: 130px; width: 0%;\" width=\"300\">\n<tbody>\n<tr style=\"height: 24px;\">\n<td style=\"width: 100%; height: 24px;\"><i class=\"fa fa-check icon-tick icon-tick--on\"><\/i>Transporte privado<\/td>\n<\/tr>\n<tr style=\"height: 24px;\">\n<td style=\"width: 100%; height: 24px;\"><i class=\"fa fa-check icon-tick icon-tick--on\"><\/i>Gu\u00eda biling\u00fce de BarcelonaTours<\/td>\n<\/tr>\n<tr style=\"height: 24px;\">\n<td style=\"width: 100%; height: 24px;\"><i class=\"fa fa-check icon-tick icon-tick--on\"><\/i>Monitores de la actividad<\/td>\n<\/tr>\n<tr style=\"height: 24px;\">\n<td style=\"width: 100%; height: 24px;\"><i class=\"fa fa-check icon-tick icon-tick--on\"><\/i>Variedad de actividades<\/td>\n<\/tr>\n<tr style=\"height: 24px;\">\n<td style=\"width: 100%; height: 24px;\"><i class=\"fa fa-check icon-tick icon-tick--on\"><\/i>Vestuarios y taquillas<\/td>\n<\/tr>\n<tr style=\"height: 24px;\">\n<td style=\"width: 100%; height: 24px;\"><i class=\"fa fa-check icon-tick icon-tick--on\"><\/i>Agua durante toda la actividad.<\/td>\n<\/tr>\n<\/tbody>\n<\/table>\n<\/td>\n<\/tr>\n<tr style=\"height: 24px;\">\n<td style=\"width: 21.0088%; height: 24px;\"><strong>EXTRAS OPCIONALES<\/strong><\/td>\n<td style=\"width: 78.0108%; height: 24px;\">Espacio de recepci\u00f3n con bebidas y DJ, solicita m\u00e1s informaci\u00f3n.<\/td>\n<\/tr>\n<\/tbody>\n<\/table>\n<h2>Actividades de playa y deportes acu\u00e1ticos para grupos<\/h2>\n<p>Las playas de Barcelona est\u00e1n llenas desde la primavera hasta el oto\u00f1o, y su forma estrecha ofrece espacio para juegos de v\u00f3ley playa, pero no para mucho m\u00e1s. Es por ello que sugerimos salir de la ciudad y dirigirnos por la costa hasta Castelldefels.<\/p>\n<p>Castelldefels es una encantadora ciudad costera ubicada a solo 20 minutos en autob\u00fas del centro de Barcelona. Es uno de los lugares al que huyen los barceloneses cuando la ciudad se llena demasiado. La arena es blanca y la playa, al ser ancha, nos ofrece una sensaci\u00f3n de m\u00e1s amplitud que las playas de Barcelona.<\/p>\n<p>\u00a1Esto tambi\u00e9n significa que hay mucho m\u00e1s espacio para divertidas actividades de playa y que m\u00e1s personas pueden participar en ellas! Nuestras actividades de playa para Team Building garantizan mucha diversi\u00f3n, risas y, por supuesto, trabajo en equipo.<\/p>\n<h3>Actividades diurnas para grupos<\/h3>\n<p>Las actividades para grupos pueden ser dif\u00edciles de elegir ya que no a todo el mundo le gustan las mismas cosas. Elegir una actividad grupal que ofrezca una variedad de opciones diferentes en un paquete sencillo es una excelente manera de solucionar este problema.<\/p>\n<p>Con esta actividad es muy f\u00e1cil decidir los traslados del grupo dentro y alrededor de la ciudad. Un amable gu\u00eda local se reunir\u00e1 con tu grupo en su alojamiento y les mostrar\u00e1 su transporte privado con aire acondicionado. Sal de la ciudad con estilo y llega a la playa sin estr\u00e9s, y luego, cuando se terminen las actividades, sube al autob\u00fas una vez m\u00e1s.<\/p>\n<p>El grupo tambi\u00e9n tendr\u00e1 acceso a vestuarios, con duchas y taquillas para guardar objetos de valor, por lo que no hay necesidad de preocuparse por tener que regresar a la ciudad cubierto de arena. Tu grupo llegar\u00e1 a Barcelona relajado y c\u00f3modo, listo para la siguiente parte del d\u00eda.<\/p>\n<h3>\u00bfC\u00f3mo funciona?<\/h3>\n<p>\u00a1Comienza contigo! Ponte en contacto y dinos cu\u00e1ntas personas hay en tu grupo, la fecha en que deseas visitarnos y el promedio de participantes. \u00a1Usando esta informaci\u00f3n, os prepararemos unas horas de actividades que os van a acelerar el pulso!<\/p>\n<p>Las rondas r\u00e1pidas de diferentes juegos mantendr\u00e1n a todo el mundo en alerta e interesados en la actividad grupal. En los meses m\u00e1s c\u00e1lidos, los juegos implicar\u00e1n tambi\u00e9n entrar y salir del agua, dando a todos la oportunidad de refrescarse. Ya sea en tierra o en el mar, tu grupo seguro que disfrutar\u00e1 con estas opciones de Team Building en la playa.<\/p>\n<h3>Extras<\/h3>\n<p>Si est\u00e1s buscando un d\u00eda entero o algunos extras divertidos, \u00a1tambi\u00e9n podemos organizar un espacio de recepci\u00f3n con bebidas en la playa! Incluso se pueden agregar c\u00f3cteles y un DJ para convertirlo en una verdadera fiesta. Pregunta sobre esto para m\u00e1s informaci\u00f3n y precios.<\/p>\n<p>&nbsp;<\/p>\n<h2>Reserva si est\u00e1s buscando:<\/h2>\n<ul>\n<li>Actividades grupales en Barcelona<\/li>\n<li>Team Building en Barcelona<\/li>\n<li>Actividades de playa en Barcelona<\/li>\n<li>Deportes acu\u00e1ticos en Barcelona.<\/li>\n<\/ul>\n<p>Ponte en contacto hoy en <a href=\"mailto:info@barcelonatours.net\">info@barcelonatours.net<\/a> oo llama al +34 935 008 226.<\/p>\n<p>Para otra gran actividad al aire libre, de alta intensidad, echa un vistazo a nuestra actividad <a href=\"https:\/\/barcelonatours.net\/es\/team-building-en-barcelona\/wipeout-humor-amarillo\/\">Barcelona Wipeout: Guerreros de la diversi\u00f3n<\/a>. Para obtener a\u00fan m\u00e1s opciones, visita nuestra p\u00e1gina de <a href=\"https:\/\/barcelonatours.net\/es\/team-building-en-barcelona\">Team Building<\/a>.<\/p>\n","protected":false},"excerpt":{"rendered":"<p>Kayak, f\u00fatbol playa, remo de pie, voleibol y mucho m\u00e1s.<\/p>\n","protected":false},"featured_media":5535,"comment_status":"closed","ping_status":"closed","template":"","meta":{"footnotes":""},"product_brand":[],"product_cat":[3757,3463],"product_tag":[],"class_list":{"0":"post-5586","1":"product","2":"type-product","3":"status-publish","4":"has-post-thumbnail","6":"product_cat-day-activities-es","7":"product_cat-team-building-es","8":"tour_category-activities-es","9":"tour_category-day-activity-es","10":"tour_category-team-building-en-barcelona","12":"first","13":"instock","14":"virtual","15":"taxable","16":"purchasable","17":"product-type-tour"},"yoast_head":"<!-- This site is optimized with the Yoast SEO plugin v27.3 - https:\/\/yoast.com\/product\/yoast-seo-wordpress\/ -->\n<title>Actividades de playa y deportes acu\u00e1ticos en Barcelona | BarcelonaTours<\/title>\n<meta name=\"description\" content=\"Un d\u00eda en la playa siempre es un placer. Convierta esto en un trabajo en equipo con nuestros actividades de playa y deportes acu\u00e1ticos.\u00a1P\u00f3ngase en contacto!\" \/>\n<meta name=\"robots\" content=\"index, follow, max-snippet:-1, max-image-preview:large, max-video-preview:-1\" \/>\n<link rel=\"canonical\" href=\"https:\/\/barcelonatours.net\/es\/team-building-en-barcelona\/actividades-playa-deportes-acuaticos\" \/>\n<meta property=\"og:locale\" content=\"es_ES\" \/>\n<meta property=\"og:type\" content=\"article\" \/>\n<meta property=\"og:title\" content=\"Actividades de playa y deportes acu\u00e1ticos en Barcelona | BarcelonaTours\" \/>\n<meta property=\"og:description\" content=\"Un d\u00eda en la playa siempre es un placer. Convierta esto en un trabajo en equipo con nuestros actividades de playa y deportes acu\u00e1ticos.\u00a1P\u00f3ngase en contacto!\" \/>\n<meta property=\"og:url\" content=\"https:\/\/barcelonatours.net\/es\/team-building-en-barcelona\/actividades-playa-deportes-acuaticos\" \/>\n<meta property=\"og:site_name\" content=\"BarcelonaTours.net\" \/>\n<meta property=\"article:publisher\" content=\"https:\/\/www.facebook.com\/BarcelonaTours.net\/\" \/>\n<meta property=\"article:modified_time\" content=\"2024-06-10T15:59:16+00:00\" \/>\n<meta property=\"og:image\" content=\"https:\/\/barcelonatours.net\/wp-content\/uploads\/2019\/11\/Oxygen-Events-mail-oxygenevents-Beach-Sensations-2.jpg\" \/>\n\t<meta property=\"og:image:width\" content=\"500\" \/>\n\t<meta property=\"og:image:height\" content=\"333\" \/>\n\t<meta property=\"og:image:type\" content=\"image\/jpeg\" \/>\n<meta name=\"twitter:card\" content=\"summary_large_image\" \/>\n<meta name=\"twitter:site\" content=\"@BarcelonaTours1\" \/>\n<meta name=\"twitter:label1\" content=\"Tiempo de lectura\" \/>\n\t<meta name=\"twitter:data1\" content=\"4 minutos\" \/>\n<script type=\"application\/ld+json\" class=\"yoast-schema-graph\">{\"@context\":\"https:\\\/\\\/schema.org\",\"@graph\":[{\"@type\":\"WebPage\",\"@id\":\"https:\\\/\\\/barcelonatours.net\\\/es\\\/team-building-en-barcelona\\\/actividades-playa-deportes-acuaticos\",\"url\":\"https:\\\/\\\/barcelonatours.net\\\/es\\\/team-building-en-barcelona\\\/actividades-playa-deportes-acuaticos\",\"name\":\"Actividades de playa y deportes acu\u00e1ticos en Barcelona | BarcelonaTours\",\"isPartOf\":{\"@id\":\"https:\\\/\\\/barcelonatours.net\\\/es#website\"},\"primaryImageOfPage\":{\"@id\":\"https:\\\/\\\/barcelonatours.net\\\/es\\\/team-building-en-barcelona\\\/actividades-playa-deportes-acuaticos#primaryimage\"},\"image\":{\"@id\":\"https:\\\/\\\/barcelonatours.net\\\/es\\\/team-building-en-barcelona\\\/actividades-playa-deportes-acuaticos#primaryimage\"},\"thumbnailUrl\":\"https:\\\/\\\/barcelonatours.net\\\/wp-content\\\/uploads\\\/2019\\\/11\\\/Oxygen-Events-mail-oxygenevents-Beach-Sensations-2.jpg\",\"datePublished\":\"2019-11-12T14:59:50+00:00\",\"dateModified\":\"2024-06-10T15:59:16+00:00\",\"description\":\"Un d\u00eda en la playa siempre es un placer. Convierta esto en un trabajo en equipo con nuestros actividades de playa y deportes acu\u00e1ticos.\u00a1P\u00f3ngase en contacto!\",\"breadcrumb\":{\"@id\":\"https:\\\/\\\/barcelonatours.net\\\/es\\\/team-building-en-barcelona\\\/actividades-playa-deportes-acuaticos#breadcrumb\"},\"inLanguage\":\"es\",\"potentialAction\":[{\"@type\":\"ReadAction\",\"target\":[\"https:\\\/\\\/barcelonatours.net\\\/es\\\/team-building-en-barcelona\\\/actividades-playa-deportes-acuaticos\"]}]},{\"@type\":\"ImageObject\",\"inLanguage\":\"es\",\"@id\":\"https:\\\/\\\/barcelonatours.net\\\/es\\\/team-building-en-barcelona\\\/actividades-playa-deportes-acuaticos#primaryimage\",\"url\":\"https:\\\/\\\/barcelonatours.net\\\/wp-content\\\/uploads\\\/2019\\\/11\\\/Oxygen-Events-mail-oxygenevents-Beach-Sensations-2.jpg\",\"contentUrl\":\"https:\\\/\\\/barcelonatours.net\\\/wp-content\\\/uploads\\\/2019\\\/11\\\/Oxygen-Events-mail-oxygenevents-Beach-Sensations-2.jpg\",\"width\":500,\"height\":333,\"caption\":\"deportes de playa para grupos de team building\"},{\"@type\":\"BreadcrumbList\",\"@id\":\"https:\\\/\\\/barcelonatours.net\\\/es\\\/team-building-en-barcelona\\\/actividades-playa-deportes-acuaticos#breadcrumb\",\"itemListElement\":[{\"@type\":\"ListItem\",\"position\":1,\"name\":\"Home\",\"item\":\"https:\\\/\\\/barcelonatours.net\\\/es\"},{\"@type\":\"ListItem\",\"position\":2,\"name\":\"Shop\",\"item\":\"https:\\\/\\\/barcelonatours.net\\\/shop\"},{\"@type\":\"ListItem\",\"position\":3,\"name\":\"Actividades de playa y deportes acu\u00e1ticos en Barcelona\"}]},{\"@type\":\"WebSite\",\"@id\":\"https:\\\/\\\/barcelonatours.net\\\/es#website\",\"url\":\"https:\\\/\\\/barcelonatours.net\\\/es\",\"name\":\"BarcelonaTours.net\",\"description\":\"The best tours and team building activities of Barcelona\",\"publisher\":{\"@id\":\"https:\\\/\\\/barcelonatours.net\\\/es#organization\"},\"alternateName\":\"Corporate event agency based in Barcelona\",\"potentialAction\":[{\"@type\":\"SearchAction\",\"target\":{\"@type\":\"EntryPoint\",\"urlTemplate\":\"https:\\\/\\\/barcelonatours.net\\\/es?s={search_term_string}\"},\"query-input\":{\"@type\":\"PropertyValueSpecification\",\"valueRequired\":true,\"valueName\":\"search_term_string\"}}],\"inLanguage\":\"es\"},{\"@type\":\"Organization\",\"@id\":\"https:\\\/\\\/barcelonatours.net\\\/es#organization\",\"name\":\"Barcelona Tours\",\"url\":\"https:\\\/\\\/barcelonatours.net\\\/es\",\"logo\":{\"@type\":\"ImageObject\",\"inLanguage\":\"es\",\"@id\":\"https:\\\/\\\/barcelonatours.net\\\/es#\\\/schema\\\/logo\\\/image\\\/\",\"url\":\"https:\\\/\\\/barcelonatours.net\\\/wp-content\\\/uploads\\\/2019\\\/04\\\/bcn_tours_logo-e1556215659835.png\",\"contentUrl\":\"https:\\\/\\\/barcelonatours.net\\\/wp-content\\\/uploads\\\/2019\\\/04\\\/bcn_tours_logo-e1556215659835.png\",\"width\":250,\"height\":89,\"caption\":\"Barcelona Tours\"},\"image\":{\"@id\":\"https:\\\/\\\/barcelonatours.net\\\/es#\\\/schema\\\/logo\\\/image\\\/\"},\"sameAs\":[\"https:\\\/\\\/www.facebook.com\\\/BarcelonaTours.net\\\/\",\"https:\\\/\\\/x.com\\\/BarcelonaTours1\",\"https:\\\/\\\/www.instagram.com\\\/barcelonatours\\\/\"]}]}<\/script>\n<!-- \/ Yoast SEO plugin. -->","yoast_head_json":{"title":"Actividades de playa y deportes acu\u00e1ticos en Barcelona | BarcelonaTours","description":"Un d\u00eda en la playa siempre es un placer. Convierta esto en un trabajo en equipo con nuestros actividades de playa y deportes acu\u00e1ticos.\u00a1P\u00f3ngase en contacto!","robots":{"index":"index","follow":"follow","max-snippet":"max-snippet:-1","max-image-preview":"max-image-preview:large","max-video-preview":"max-video-preview:-1"},"canonical":"https:\/\/barcelonatours.net\/es\/team-building-en-barcelona\/actividades-playa-deportes-acuaticos","og_locale":"es_ES","og_type":"article","og_title":"Actividades de playa y deportes acu\u00e1ticos en Barcelona | BarcelonaTours","og_description":"Un d\u00eda en la playa siempre es un placer. Convierta esto en un trabajo en equipo con nuestros actividades de playa y deportes acu\u00e1ticos.\u00a1P\u00f3ngase en contacto!","og_url":"https:\/\/barcelonatours.net\/es\/team-building-en-barcelona\/actividades-playa-deportes-acuaticos","og_site_name":"BarcelonaTours.net","article_publisher":"https:\/\/www.facebook.com\/BarcelonaTours.net\/","article_modified_time":"2024-06-10T15:59:16+00:00","og_image":[{"width":500,"height":333,"url":"https:\/\/barcelonatours.net\/wp-content\/uploads\/2019\/11\/Oxygen-Events-mail-oxygenevents-Beach-Sensations-2.jpg","type":"image\/jpeg"}],"twitter_card":"summary_large_image","twitter_site":"@BarcelonaTours1","twitter_misc":{"Tiempo de lectura":"4 minutos"},"schema":{"@context":"https:\/\/schema.org","@graph":[{"@type":"WebPage","@id":"https:\/\/barcelonatours.net\/es\/team-building-en-barcelona\/actividades-playa-deportes-acuaticos","url":"https:\/\/barcelonatours.net\/es\/team-building-en-barcelona\/actividades-playa-deportes-acuaticos","name":"Actividades de playa y deportes acu\u00e1ticos en Barcelona | BarcelonaTours","isPartOf":{"@id":"https:\/\/barcelonatours.net\/es#website"},"primaryImageOfPage":{"@id":"https:\/\/barcelonatours.net\/es\/team-building-en-barcelona\/actividades-playa-deportes-acuaticos#primaryimage"},"image":{"@id":"https:\/\/barcelonatours.net\/es\/team-building-en-barcelona\/actividades-playa-deportes-acuaticos#primaryimage"},"thumbnailUrl":"https:\/\/barcelonatours.net\/wp-content\/uploads\/2019\/11\/Oxygen-Events-mail-oxygenevents-Beach-Sensations-2.jpg","datePublished":"2019-11-12T14:59:50+00:00","dateModified":"2024-06-10T15:59:16+00:00","description":"Un d\u00eda en la playa siempre es un placer. Convierta esto en un trabajo en equipo con nuestros actividades de playa y deportes acu\u00e1ticos.\u00a1P\u00f3ngase en contacto!","breadcrumb":{"@id":"https:\/\/barcelonatours.net\/es\/team-building-en-barcelona\/actividades-playa-deportes-acuaticos#breadcrumb"},"inLanguage":"es","potentialAction":[{"@type":"ReadAction","target":["https:\/\/barcelonatours.net\/es\/team-building-en-barcelona\/actividades-playa-deportes-acuaticos"]}]},{"@type":"ImageObject","inLanguage":"es","@id":"https:\/\/barcelonatours.net\/es\/team-building-en-barcelona\/actividades-playa-deportes-acuaticos#primaryimage","url":"https:\/\/barcelonatours.net\/wp-content\/uploads\/2019\/11\/Oxygen-Events-mail-oxygenevents-Beach-Sensations-2.jpg","contentUrl":"https:\/\/barcelonatours.net\/wp-content\/uploads\/2019\/11\/Oxygen-Events-mail-oxygenevents-Beach-Sensations-2.jpg","width":500,"height":333,"caption":"deportes de playa para grupos de team building"},{"@type":"BreadcrumbList","@id":"https:\/\/barcelonatours.net\/es\/team-building-en-barcelona\/actividades-playa-deportes-acuaticos#breadcrumb","itemListElement":[{"@type":"ListItem","position":1,"name":"Home","item":"https:\/\/barcelonatours.net\/es"},{"@type":"ListItem","position":2,"name":"Shop","item":"https:\/\/barcelonatours.net\/shop"},{"@type":"ListItem","position":3,"name":"Actividades de playa y deportes acu\u00e1ticos en Barcelona"}]},{"@type":"WebSite","@id":"https:\/\/barcelonatours.net\/es#website","url":"https:\/\/barcelonatours.net\/es","name":"BarcelonaTours.net","description":"The best tours and team building activities of Barcelona","publisher":{"@id":"https:\/\/barcelonatours.net\/es#organization"},"alternateName":"Corporate event agency based in Barcelona","potentialAction":[{"@type":"SearchAction","target":{"@type":"EntryPoint","urlTemplate":"https:\/\/barcelonatours.net\/es?s={search_term_string}"},"query-input":{"@type":"PropertyValueSpecification","valueRequired":true,"valueName":"search_term_string"}}],"inLanguage":"es"},{"@type":"Organization","@id":"https:\/\/barcelonatours.net\/es#organization","name":"Barcelona Tours","url":"https:\/\/barcelonatours.net\/es","logo":{"@type":"ImageObject","inLanguage":"es","@id":"https:\/\/barcelonatours.net\/es#\/schema\/logo\/image\/","url":"https:\/\/barcelonatours.net\/wp-content\/uploads\/2019\/04\/bcn_tours_logo-e1556215659835.png","contentUrl":"https:\/\/barcelonatours.net\/wp-content\/uploads\/2019\/04\/bcn_tours_logo-e1556215659835.png","width":250,"height":89,"caption":"Barcelona Tours"},"image":{"@id":"https:\/\/barcelonatours.net\/es#\/schema\/logo\/image\/"},"sameAs":["https:\/\/www.facebook.com\/BarcelonaTours.net\/","https:\/\/x.com\/BarcelonaTours1","https:\/\/www.instagram.com\/barcelonatours\/"]}]}},"_links":{"self":[{"href":"https:\/\/barcelonatours.net\/es\/wp-json\/wp\/v2\/product\/5586","targetHints":{"allow":["GET"]}}],"collection":[{"href":"https:\/\/barcelonatours.net\/es\/wp-json\/wp\/v2\/product"}],"about":[{"href":"https:\/\/barcelonatours.net\/es\/wp-json\/wp\/v2\/types\/product"}],"replies":[{"embeddable":true,"href":"https:\/\/barcelonatours.net\/es\/wp-json\/wp\/v2\/comments?post=5586"}],"version-history":[{"count":0,"href":"https:\/\/barcelonatours.net\/es\/wp-json\/wp\/v2\/product\/5586\/revisions"}],"wp:featuredmedia":[{"embeddable":true,"href":"https:\/\/barcelonatours.net\/es\/wp-json\/wp\/v2\/media\/5535"}],"wp:attachment":[{"href":"https:\/\/barcelonatours.net\/es\/wp-json\/wp\/v2\/media?parent=5586"}],"wp:term":[{"taxonomy":"product_brand","embeddable":true,"href":"https:\/\/barcelonatours.net\/es\/wp-json\/wp\/v2\/product_brand?post=5586"},{"taxonomy":"product_cat","embeddable":true,"href":"https:\/\/barcelonatours.net\/es\/wp-json\/wp\/v2\/product_cat?post=5586"},{"taxonomy":"product_tag","embeddable":true,"href":"https:\/\/barcelonatours.net\/es\/wp-json\/wp\/v2\/product_tag?post=5586"}],"curies":[{"name":"wp","href":"https:\/\/api.w.org\/{rel}","templated":true}]}}