{"id":16188,"date":"2026-03-20T10:03:43","date_gmt":"2026-03-20T09:03:43","guid":{"rendered":"https:\/\/barcelonatours.net\/product\/the-barcelona-csr-hunt-teamwork-with-a-purpose"},"modified":"2026-03-20T16:47:44","modified_gmt":"2026-03-20T15:47:44","slug":"gymkhana-rsc-bcn-trabajo-en-equipo-con-proposito","status":"publish","type":"product","link":"https:\/\/barcelonatours.net\/es\/team-building-en-barcelona\/gymkhana-rsc-bcn-trabajo-en-equipo-con-proposito","title":{"rendered":"Gymkhana RSC Barcelona: Trabajo en equipo con prop\u00f3sito"},"content":{"rendered":"<div class=\"wpb-content-wrapper\">[vc_row][vc_column]<div class=\"title title--big title--center title--underline title--decoration-bottom-center\">\n\t\t\t<div class=\"title__subtitle\">Actividades Team Building--Tours Privados--Salidas en Barco--Cenas de Empresa--Traslados para grupos<\/div>\n\t\t<h3 class=\"title__primary\"><\/h3>\n<\/div>\n[vc_column_text css=\u00bb\u00bb]\n<h2>Team Building con alma: un desaf\u00edo con impacto social en Barcelona<\/h2>\n<p>Lleva tu pr\u00f3xima salida corporativa a otro nivel eligiendo una actividad donde el verdadero \u201cpremio\u201d es la diferencia que gener\u00e1is. Nuestro CSR Barcelona Hunt redefine el team building al combinar una gymkana llena de energ\u00eda con una profunda misi\u00f3n social.<\/p>\n<p>Mientras vuestros equipos recorren las calles del Barrio G\u00f3tico, no solo estar\u00e1n siguiendo pistas: estar\u00e1n en una misi\u00f3n para apoyar a las personas m\u00e1s vulnerables de Barcelona. Equipados con una tarjeta prepago y una lista de necesidades esenciales, los equipos deber\u00e1n planificar su estrategia para llegar a Decathlon y comprar ropa y suministros prioritarios.<\/p>\n<p>El recorrido concluye en un momento sensible e impactante: todos los art\u00edculos reunidos se entregan a la <a href=\"https:\/\/esperancabarcelona.com\/es\/\">Asociaci\u00f3n La Esperanza<\/a>, garantizando que los esfuerzos de vuestro equipo se traduzcan directamente en ayuda inmediata para la comunidad local. Es m\u00e1s que un juego, es un compromiso con la sociedad que vuestros equipos recordar\u00e1n durante mucho tiempo.<\/p>\n<h4>Por qu\u00e9 elegir el CSR Barcelona Hunt para tu equipo<\/h4>\n<ul>\n<li style=\"font-weight: 400;\" aria-level=\"1\">Aventura, acci\u00f3n y responsabilidad social, todo en uno.<\/li>\n<li style=\"font-weight: 400;\" aria-level=\"1\">Colaboraci\u00f3n y empat\u00eda reales.<\/li>\n<li style=\"font-weight: 400;\" aria-level=\"1\">Impacto directo.<\/li>\n<li style=\"font-weight: 400;\" aria-level=\"1\">Compromiso basado en valores<\/li>\n<\/ul>\n<h4><em>Video tutoriales<\/em><\/h4>\n<ul>\n<li style=\"font-weight: 400;\" aria-level=\"1\"><em><a href=\"https:\/\/www.youtube.com\/watch?v=6yRWJ2uQq3Q\"><span style=\"font-weight: 400;\">Presentaci\u00f3n la Asociaci\u00f3n la Esperanza<\/span><\/a><\/em><\/li>\n<li style=\"font-weight: 400;\" aria-level=\"1\"><em><span style=\"font-weight: 400;\"><a href=\"https:\/\/www.youtube.com\/watch?v=Fywhj_8Rysk\">Explicaci\u00f3n de la actividad de Team Building<\/a><\/span><\/em><\/li>\n<li style=\"font-weight: 400;\" aria-level=\"1\"><em><a href=\"https:\/\/www.youtube.com\/shorts\/lydErN7cN-E\"><span style=\"font-weight: 400;\">Qu\u00e9 tipo de actividad es?<\/span><\/a><\/em><\/li>\n<li style=\"font-weight: 400;\" aria-level=\"1\"><em><a href=\"https:\/\/www.youtube.com\/shorts\/grxqA-m0SAY\"><span style=\"font-weight: 400;\">C\u00f3mo se estructurar\u00e1 la actividad?<\/span><\/a><\/em><\/li>\n<li style=\"font-weight: 400;\" aria-level=\"1\"><em><a href=\"https:\/\/www.youtube.com\/shorts\/kBuxlV6Mpa0\">C\u00f3mo se gana el juego?<\/a><\/em><\/li>\n<\/ul>\n[\/vc_column_text][\/vc_column][\/vc_row][vc_row][vc_column][vc_column_text css=\u00bb\u00bb]\n<h2>Barcelona CSR Hunt: Teamwork That Matters<\/h2>\n<table class=\"table table-bordered tours-tabs__table\" style=\"width: 98.6374%; height: 138px;\" width=\"99.2947%\">\n<tbody>\n<tr>\n<td style=\"width: 21.0088%;\"><strong>PRECIO<\/strong><\/td>\n<td style=\"width: 78.0108%;\"><i class=\"fa fa-check icon-tick icon-tick--on\"><\/i> 55<span style=\"font-weight: 400;\">\u20ac por persona (en torno de 90\u20ac en total con la cena incluida al final de la actividad, dependiendo del men\u00fa escogido)<\/span><\/td>\n<\/tr>\n<tr style=\"height: 24px;\">\n<td style=\"width: 21.0088%; height: 24px;\"><strong>LUGAR &amp; DURACI\u00d3N<\/strong><\/td>\n<td style=\"width: 78.0108%; height: 24px;\"><i class=\"fa fa-check icon-tick icon-tick--on\"><\/i> <span style=\"font-weight: 400;\">Casco antiguo de Barcelona<\/span>\n<p><span data-v-31468a1c=\"\"><span class=\"activity-inclusions__test activity-inclusions__test--include\" data-v-7f050b3d=\"\"><i class=\"fa fa-check icon-tick icon-tick--on\"><\/i> Duraci\u00f3n de <span style=\"font-weight: 400;\">2.5 horas<\/span><\/span><\/span><\/p><\/td>\n<\/tr>\n<tr style=\"height: 80px;\">\n<td style=\"width: 21.0088%; height: 80px;\"><strong>INCLUIDO<\/strong><\/td>\n<td style=\"width: 78.0108%; height: 80px;\">\n<p style=\"text-align: left;\"><i class=\"fa fa-check icon-tick icon-tick--on\"><\/i> Materiales de la b\u00fasqueda del tesoro<\/p>\n<i class=\"fa fa-check icon-tick icon-tick--on\"><\/i> Tarjeta con 10 \u20ac para la actividad\n<p style=\"text-align: left;\"><i class=\"fa fa-check icon-tick icon-tick--on\"><\/i> C\u00e1maras Polaroid vintage y carretes<\/p>\n<i class=\"fa fa-check icon-tick icon-tick--on\"><\/i> Un \u00e1lbum de fotos para cada equipo\n<i class=\"fa fa-check icon-tick icon-tick--on\"><\/i> Premios para los ganadores<\/td>\n<\/tr>\n<tr>\n<td style=\"width: 21.0088%;\"><strong>N\u00ba DE PERSONAS<\/strong><\/td>\n<td style=\"width: 78.0108%;\"><i class=\"fa fa-check icon-tick icon-tick--on\"><\/i> Capacidad de 10 a 50 personas<\/td>\n<\/tr>\n<tr style=\"height: 82px;\">\n<td style=\"width: 21.0088%; height: 10px;\"><b>BENEFICIOS<\/b><\/td>\n<td style=\"width: 78.0108%; height: 24px;\">1\ufe0f\u20e3 <strong>Turismo con alma:<\/strong><span style=\"font-weight: 400;\"> Disfruta de un recorrido lleno de energ\u00eda por el hist\u00f3rico casco antiguo de Barcelona experimentando diversi\u00f3n, competici\u00f3n y cultura. En lugar de simplemente \u201cver\u201d la ciudad, vuestro equipo la \u201cayuda\u201d, recorriendo sus antiguas calles para ofrecer ayuda real en el presente.<\/span>\n<p>2\ufe0f\u20e3 <b>M\u00e1xima cohesi\u00f3n de equipo:<\/b><span style=\"font-weight: 400;\"> formato inclusivo que garantiza diversi\u00f3n, dinamismo y una excelente interacci\u00f3n social para todas las capacidades.<\/span><\/p>\n<p>3\ufe0f\u20e3 <strong>ROI emocional inmediato:<\/strong><span style=\"font-weight: 400;\"> aqu\u00ed la recompensa es instant\u00e1nea. Ver los art\u00edculos reunidos para la Asociaci\u00f3n la Esperanza genera un profundo sentimiento de logro colectivo y orgullo, impulsando la motivaci\u00f3n de los empleados y la lealtad hacia la empresa.<\/span><\/p>\n<p>4\ufe0f\u20e3<strong> Alineaci\u00f3n con los valores corporativos:<\/strong> esta actividad transforma los objetivos de RSC, a menudo abstractos, en una experiencia real. Demuestra a tu equipo que los valores de tu empresa no son solo palabras en una p\u00e1gina web, sino acciones concretas sobre el terreno.<\/p><\/td>\n<\/tr>\n<\/tbody>\n<\/table>\n[\/vc_column_text][vc_empty_space][vc_column_text css=\u00bb\u00bb]\n<h3>\u00bfQuieres saber m\u00e1s?<\/h3>\n<p>Si te gustar\u00eda descubrir otras actividades y maravillosas <a href=\"https:\/\/barcelonatours.net\/es\/team-building-en-barcelona\">experiencias de team building<\/a>, echa un vistazo a nuestra <a href=\"https:\/\/barcelonatours.net\/es\/actividades\/clase-privada-flamenco-barcelona\">Clase de Flamenco<\/a>, nuestra <a href=\"https:\/\/barcelonatours.net\/es\/team-building-en-barcelona\/clase-de-cocteles\">Clase de Cocteler\u00eda<\/a> o nuestra <a href=\"https:\/\/barcelonatours.net\/es\/team-building-en-barcelona\/competicion-de-paella\">Clase de Cocina Espa\u00f1ola<\/a>.[\/vc_column_text][vc_empty_space height=\u00bb50px\u00bb][\/vc_column][\/vc_row][vc_row][vc_column][vc_column_text css=\u00bb\u00bb]\n<h2>\u00a0 \u2753C\u00d3MO FUNCIONA Y PREGUNTAS FRECUENTES<\/h2>\n<table class=\"table table-bordered tours-tabs__table\" style=\"width: 98.6374%; height: 138px;\" width=\"99.2947%\">\n<tbody>\n<tr style=\"height: 82px;\">\n<td style=\"width: 21.0088%; height: 10px;\"><b>C\u00d3MO FUNCIONA<\/b><\/td>\n<td style=\"width: 78.0108%; height: 24px;\">1\ufe0f\u20e3 Despu\u00e9s de recibir tu consulta, te enviaremos una propuesta con las mejores soluciones para tu evento y m\u00e1s ideas a considerar.<\/td><\/tr><\/tbody><\/table><\/p>\n<p>2\ufe0f\u20e3 T\u00fa eliges la mejor solucion y responderemos a todas tus preguntas por correo electr\u00f3nico (o tel\u00e9fono) hasta que est\u00e9s completamente satisfecho y listo para reservar.<\/p>\n<p>3\ufe0f\u20e3 Una vez establecidos todos los detalles, te facilitaremos el presupuesto final y solo solicitaremos un dep\u00f3sito del 20% para asegurar la fecha de tu evento\n\n<tr>\n<td style=\"width: 21.0088%;\"><strong>PREGUNTAS FRECUENTES<\/strong><\/td>\n<td style=\"width: 78.0108%;\">1\ufe0f\u20e3 <strong>Condiciones de pago:<\/strong> Para confirmar el evento, necesitamos un dep\u00f3sito del 20% y el importe total una semana antes. Puedes pagar mediante transferencia bancaria o con tarjeta de d\u00e9bito\/cr\u00e9dito a trav\u00e9s de un enlace de pago.<\/td><\/tr><\/p>\n<p>2\ufe0f\u20e3<strong>N\u00fameros finales:<\/strong> tienes la libertad de ajustar el n\u00famero de participantes para el evento hasta una semana antes, y no habr\u00e1 penalizaciones ni cargos adicionales. Sin embargo, hay que tener en cuenta que algunas actividades pueden tener precios variables seg\u00fan el tama\u00f1o del grupo.<span style=\"font-weight: 400;\"><br \/>\n<\/span><\/p>\n<p>3\ufe0f\u20e3 <strong>Itinerario final:<\/strong> una semana antes del evento, recibir\u00e1s un resumen detallado con toda la informaci\u00f3n \u00fatil.\n\n\n\n[\/vc_column_text][\/vc_column][\/vc_row][vc_row][vc_column][vc_column_text css=\u00bb\u00bb]<em><span style=\"font-size: 18pt;\"><strong>\u23ed\ufe0f \u00bfPasamos ya a la siguiente fase?<\/strong><\/span><\/em><\/p>\n<p>&nbsp;<\/p>\n<p style=\"text-align: left;\"><em><span style=\"font-size: 14pt;\"><strong>Pide un presupuesto r\u00e1pido:\u00a0 \u00a0\u00a0<\/strong><\/span><\/em><\/p>\n<ul>\n<li style=\"text-align: left;\"><em><span style=\"font-size: 14pt;\"><strong>Email <a href=\"mailto: info@barcelonatours.net\" data-cke-saved-href=\"mailto:enquiry@barcelonatours.net\">info@barcelonatours.net<\/a>\u00a0\u00a0<\/strong><\/span><\/em><\/li>\n<li><em><span style=\"font-size: 14pt;\"><strong>Tel\/W&#8217;App\u00a0 <a href=\"tel: +34658768333\">+34 658 768 333<\/a><\/strong><\/span><\/em><\/li>\n<\/ul>\n<p>&nbsp;<\/p>\n<p style=\"text-align: left;\"><em><span style=\"font-size: 14pt;\"><strong>Clientes satisfechos, lo que dicen de nosotros:\u00a0 \u2b50\ufe0f\u2b50\ufe0f\u2b50\ufe0f\u2b50\ufe0f\u2b50\ufe0f <a href=\"https:\/\/www.google.com\/maps\/place\/BarcelonaTours.net\/@41.406933,2.1567085,17z\/data=!3m1!5s0x12a4a2e9f0c7847d:0xe1ddc3cf1f5a665f!4m8!3m7!1s0x12a4a2a5c1e2257d:0xcab7dbbfc67e084a!8m2!3d41.406933!4d2.1567085!9m1!1b1!16s%2Fg%2F12lk5ddc3?hl=en-US&amp;entry=ttu&amp;g_ep=EgoyMDI1MDExNS4wIKXMDSoASAFQAw%3D%3D\">rese\u00f1as en Google<\/a><\/strong><\/span><\/em><\/p>\n<p style=\"text-align: left;\"><em><span style=\"font-size: 14pt;\"><strong>Alg\u00fan reportaje de los eventos hechos:\u00a0 <a href=\"https:\/\/www.linkedin.com\/company\/1708408\/admin\/page-posts\/published\/\">publicaciones en LinkedIn<\/a><\/strong><\/span><\/em><\/p>\n[\/vc_column_text][\/vc_column][\/vc_row][vc_row][vc_column][vc_raw_html css=\u00bb\u00bb]JTVCdHJ1c3RpbmRleCUyMG5vLXJlZ2lzdHJhdGlvbiUzRGdvb2dsZSU1RA==[\/vc_raw_html][\/vc_column][\/vc_row]\n<\/div>","protected":false},"excerpt":{"rendered":"<p>Transforma tu actividad de team building en una fuerza para el bien. \u00danete a nuestra Gymkhana RSC en Barcelona para ayudar a la comunidad y fortalecer los lazos de tu equipo<\/p>\n","protected":false},"featured_media":16184,"comment_status":"closed","ping_status":"closed","template":"","meta":{"footnotes":""},"product_brand":[],"product_cat":[3463],"product_tag":[],"class_list":{"0":"post-16188","1":"product","2":"type-product","3":"status-publish","4":"has-post-thumbnail","6":"product_cat-team-building-es","7":"tour_category-team-building-en-barcelona","9":"first","10":"instock","11":"virtual","12":"taxable","13":"purchasable","14":"product-type-tour"},"yoast_head":"<!-- This site is optimized with the Yoast SEO plugin v27.3 - https:\/\/yoast.com\/product\/yoast-seo-wordpress\/ -->\n<title>B\u00fasqueda del Tesoro RSC: Team Building que hace bien- BarcelonaTours.net<\/title>\n<meta name=\"description\" content=\"\u00bfBuscas una actividad de team building en Barcelona? \u00a1Prueba nuestra Gymkhana de RSC! Desaf\u00edos divertidos con impacto social. Cont\u00e1ctanos!\" \/>\n<meta name=\"robots\" content=\"index, follow, max-snippet:-1, max-image-preview:large, max-video-preview:-1\" \/>\n<link rel=\"canonical\" href=\"https:\/\/barcelonatours.net\/es\/team-building-en-barcelona\/gymkhana-rsc-bcn-trabajo-en-equipo-con-proposito\" \/>\n<meta property=\"og:locale\" content=\"es_ES\" \/>\n<meta property=\"og:type\" content=\"article\" \/>\n<meta property=\"og:title\" content=\"B\u00fasqueda del Tesoro RSC: Team Building que hace bien- BarcelonaTours.net\" \/>\n<meta property=\"og:description\" content=\"\u00bfBuscas una actividad de team building en Barcelona? \u00a1Prueba nuestra Gymkhana de RSC! Desaf\u00edos divertidos con impacto social. Cont\u00e1ctanos!\" \/>\n<meta property=\"og:url\" content=\"https:\/\/barcelonatours.net\/es\/team-building-en-barcelona\/gymkhana-rsc-bcn-trabajo-en-equipo-con-proposito\" \/>\n<meta property=\"og:site_name\" content=\"BarcelonaTours.net\" \/>\n<meta property=\"article:publisher\" content=\"https:\/\/www.facebook.com\/BarcelonaTours.net\/\" \/>\n<meta property=\"article:modified_time\" content=\"2026-03-20T15:47:44+00:00\" \/>\n<meta property=\"og:image\" content=\"https:\/\/barcelonatours.net\/wp-content\/uploads\/2026\/03\/CSR-Barcelona-Hunt-scaled.jpg\" \/>\n\t<meta property=\"og:image:width\" content=\"2048\" \/>\n\t<meta property=\"og:image:height\" content=\"1153\" \/>\n\t<meta property=\"og:image:type\" content=\"image\/jpeg\" \/>\n<meta name=\"twitter:card\" content=\"summary_large_image\" \/>\n<meta name=\"twitter:site\" content=\"@BarcelonaTours1\" \/>\n<meta name=\"twitter:label1\" content=\"Tiempo de lectura\" \/>\n\t<meta name=\"twitter:data1\" content=\"3 minutos\" \/>\n<script type=\"application\/ld+json\" class=\"yoast-schema-graph\">{\"@context\":\"https:\\\/\\\/schema.org\",\"@graph\":[{\"@type\":\"WebPage\",\"@id\":\"https:\\\/\\\/barcelonatours.net\\\/es\\\/team-building-en-barcelona\\\/gymkhana-rsc-bcn-trabajo-en-equipo-con-proposito\",\"url\":\"https:\\\/\\\/barcelonatours.net\\\/es\\\/team-building-en-barcelona\\\/gymkhana-rsc-bcn-trabajo-en-equipo-con-proposito\",\"name\":\"B\u00fasqueda del Tesoro RSC: Team Building que hace bien- BarcelonaTours.net\",\"isPartOf\":{\"@id\":\"https:\\\/\\\/barcelonatours.net\\\/es#website\"},\"primaryImageOfPage\":{\"@id\":\"https:\\\/\\\/barcelonatours.net\\\/es\\\/team-building-en-barcelona\\\/gymkhana-rsc-bcn-trabajo-en-equipo-con-proposito#primaryimage\"},\"image\":{\"@id\":\"https:\\\/\\\/barcelonatours.net\\\/es\\\/team-building-en-barcelona\\\/gymkhana-rsc-bcn-trabajo-en-equipo-con-proposito#primaryimage\"},\"thumbnailUrl\":\"https:\\\/\\\/barcelonatours.net\\\/wp-content\\\/uploads\\\/2026\\\/03\\\/CSR-Barcelona-Hunt-scaled.jpg\",\"datePublished\":\"2026-03-20T09:03:43+00:00\",\"dateModified\":\"2026-03-20T15:47:44+00:00\",\"description\":\"\u00bfBuscas una actividad de team building en Barcelona? \u00a1Prueba nuestra Gymkhana de RSC! Desaf\u00edos divertidos con impacto social. Cont\u00e1ctanos!\",\"breadcrumb\":{\"@id\":\"https:\\\/\\\/barcelonatours.net\\\/es\\\/team-building-en-barcelona\\\/gymkhana-rsc-bcn-trabajo-en-equipo-con-proposito#breadcrumb\"},\"inLanguage\":\"es\",\"potentialAction\":[{\"@type\":\"ReadAction\",\"target\":[\"https:\\\/\\\/barcelonatours.net\\\/es\\\/team-building-en-barcelona\\\/gymkhana-rsc-bcn-trabajo-en-equipo-con-proposito\"]}]},{\"@type\":\"ImageObject\",\"inLanguage\":\"es\",\"@id\":\"https:\\\/\\\/barcelonatours.net\\\/es\\\/team-building-en-barcelona\\\/gymkhana-rsc-bcn-trabajo-en-equipo-con-proposito#primaryimage\",\"url\":\"https:\\\/\\\/barcelonatours.net\\\/wp-content\\\/uploads\\\/2026\\\/03\\\/CSR-Barcelona-Hunt-scaled.jpg\",\"contentUrl\":\"https:\\\/\\\/barcelonatours.net\\\/wp-content\\\/uploads\\\/2026\\\/03\\\/CSR-Barcelona-Hunt-scaled.jpg\",\"width\":2048,\"height\":1153,\"caption\":\"CSR Barcelona Hunt: team building activity\"},{\"@type\":\"BreadcrumbList\",\"@id\":\"https:\\\/\\\/barcelonatours.net\\\/es\\\/team-building-en-barcelona\\\/gymkhana-rsc-bcn-trabajo-en-equipo-con-proposito#breadcrumb\",\"itemListElement\":[{\"@type\":\"ListItem\",\"position\":1,\"name\":\"Home\",\"item\":\"https:\\\/\\\/barcelonatours.net\\\/es\"},{\"@type\":\"ListItem\",\"position\":2,\"name\":\"Shop\",\"item\":\"https:\\\/\\\/barcelonatours.net\\\/shop\"},{\"@type\":\"ListItem\",\"position\":3,\"name\":\"Gymkhana RSC Barcelona: Trabajo en equipo con prop\u00f3sito\"}]},{\"@type\":\"WebSite\",\"@id\":\"https:\\\/\\\/barcelonatours.net\\\/es#website\",\"url\":\"https:\\\/\\\/barcelonatours.net\\\/es\",\"name\":\"BarcelonaTours.net\",\"description\":\"The best tours and team building activities of Barcelona\",\"publisher\":{\"@id\":\"https:\\\/\\\/barcelonatours.net\\\/es#organization\"},\"alternateName\":\"Corporate event agency based in Barcelona\",\"potentialAction\":[{\"@type\":\"SearchAction\",\"target\":{\"@type\":\"EntryPoint\",\"urlTemplate\":\"https:\\\/\\\/barcelonatours.net\\\/es?s={search_term_string}\"},\"query-input\":{\"@type\":\"PropertyValueSpecification\",\"valueRequired\":true,\"valueName\":\"search_term_string\"}}],\"inLanguage\":\"es\"},{\"@type\":\"Organization\",\"@id\":\"https:\\\/\\\/barcelonatours.net\\\/es#organization\",\"name\":\"Barcelona Tours\",\"url\":\"https:\\\/\\\/barcelonatours.net\\\/es\",\"logo\":{\"@type\":\"ImageObject\",\"inLanguage\":\"es\",\"@id\":\"https:\\\/\\\/barcelonatours.net\\\/es#\\\/schema\\\/logo\\\/image\\\/\",\"url\":\"https:\\\/\\\/barcelonatours.net\\\/wp-content\\\/uploads\\\/2019\\\/04\\\/bcn_tours_logo-e1556215659835.png\",\"contentUrl\":\"https:\\\/\\\/barcelonatours.net\\\/wp-content\\\/uploads\\\/2019\\\/04\\\/bcn_tours_logo-e1556215659835.png\",\"width\":250,\"height\":89,\"caption\":\"Barcelona Tours\"},\"image\":{\"@id\":\"https:\\\/\\\/barcelonatours.net\\\/es#\\\/schema\\\/logo\\\/image\\\/\"},\"sameAs\":[\"https:\\\/\\\/www.facebook.com\\\/BarcelonaTours.net\\\/\",\"https:\\\/\\\/x.com\\\/BarcelonaTours1\",\"https:\\\/\\\/www.instagram.com\\\/barcelonatours\\\/\"]}]}<\/script>\n<!-- \/ Yoast SEO plugin. -->","yoast_head_json":{"title":"B\u00fasqueda del Tesoro RSC: Team Building que hace bien- BarcelonaTours.net","description":"\u00bfBuscas una actividad de team building en Barcelona? \u00a1Prueba nuestra Gymkhana de RSC! Desaf\u00edos divertidos con impacto social. Cont\u00e1ctanos!","robots":{"index":"index","follow":"follow","max-snippet":"max-snippet:-1","max-image-preview":"max-image-preview:large","max-video-preview":"max-video-preview:-1"},"canonical":"https:\/\/barcelonatours.net\/es\/team-building-en-barcelona\/gymkhana-rsc-bcn-trabajo-en-equipo-con-proposito","og_locale":"es_ES","og_type":"article","og_title":"B\u00fasqueda del Tesoro RSC: Team Building que hace bien- BarcelonaTours.net","og_description":"\u00bfBuscas una actividad de team building en Barcelona? \u00a1Prueba nuestra Gymkhana de RSC! Desaf\u00edos divertidos con impacto social. Cont\u00e1ctanos!","og_url":"https:\/\/barcelonatours.net\/es\/team-building-en-barcelona\/gymkhana-rsc-bcn-trabajo-en-equipo-con-proposito","og_site_name":"BarcelonaTours.net","article_publisher":"https:\/\/www.facebook.com\/BarcelonaTours.net\/","article_modified_time":"2026-03-20T15:47:44+00:00","og_image":[{"width":2048,"height":1153,"url":"https:\/\/barcelonatours.net\/wp-content\/uploads\/2026\/03\/CSR-Barcelona-Hunt-scaled.jpg","type":"image\/jpeg"}],"twitter_card":"summary_large_image","twitter_site":"@BarcelonaTours1","twitter_misc":{"Tiempo de lectura":"3 minutos"},"schema":{"@context":"https:\/\/schema.org","@graph":[{"@type":"WebPage","@id":"https:\/\/barcelonatours.net\/es\/team-building-en-barcelona\/gymkhana-rsc-bcn-trabajo-en-equipo-con-proposito","url":"https:\/\/barcelonatours.net\/es\/team-building-en-barcelona\/gymkhana-rsc-bcn-trabajo-en-equipo-con-proposito","name":"B\u00fasqueda del Tesoro RSC: Team Building que hace bien- BarcelonaTours.net","isPartOf":{"@id":"https:\/\/barcelonatours.net\/es#website"},"primaryImageOfPage":{"@id":"https:\/\/barcelonatours.net\/es\/team-building-en-barcelona\/gymkhana-rsc-bcn-trabajo-en-equipo-con-proposito#primaryimage"},"image":{"@id":"https:\/\/barcelonatours.net\/es\/team-building-en-barcelona\/gymkhana-rsc-bcn-trabajo-en-equipo-con-proposito#primaryimage"},"thumbnailUrl":"https:\/\/barcelonatours.net\/wp-content\/uploads\/2026\/03\/CSR-Barcelona-Hunt-scaled.jpg","datePublished":"2026-03-20T09:03:43+00:00","dateModified":"2026-03-20T15:47:44+00:00","description":"\u00bfBuscas una actividad de team building en Barcelona? \u00a1Prueba nuestra Gymkhana de RSC! Desaf\u00edos divertidos con impacto social. Cont\u00e1ctanos!","breadcrumb":{"@id":"https:\/\/barcelonatours.net\/es\/team-building-en-barcelona\/gymkhana-rsc-bcn-trabajo-en-equipo-con-proposito#breadcrumb"},"inLanguage":"es","potentialAction":[{"@type":"ReadAction","target":["https:\/\/barcelonatours.net\/es\/team-building-en-barcelona\/gymkhana-rsc-bcn-trabajo-en-equipo-con-proposito"]}]},{"@type":"ImageObject","inLanguage":"es","@id":"https:\/\/barcelonatours.net\/es\/team-building-en-barcelona\/gymkhana-rsc-bcn-trabajo-en-equipo-con-proposito#primaryimage","url":"https:\/\/barcelonatours.net\/wp-content\/uploads\/2026\/03\/CSR-Barcelona-Hunt-scaled.jpg","contentUrl":"https:\/\/barcelonatours.net\/wp-content\/uploads\/2026\/03\/CSR-Barcelona-Hunt-scaled.jpg","width":2048,"height":1153,"caption":"CSR Barcelona Hunt: team building activity"},{"@type":"BreadcrumbList","@id":"https:\/\/barcelonatours.net\/es\/team-building-en-barcelona\/gymkhana-rsc-bcn-trabajo-en-equipo-con-proposito#breadcrumb","itemListElement":[{"@type":"ListItem","position":1,"name":"Home","item":"https:\/\/barcelonatours.net\/es"},{"@type":"ListItem","position":2,"name":"Shop","item":"https:\/\/barcelonatours.net\/shop"},{"@type":"ListItem","position":3,"name":"Gymkhana RSC Barcelona: Trabajo en equipo con prop\u00f3sito"}]},{"@type":"WebSite","@id":"https:\/\/barcelonatours.net\/es#website","url":"https:\/\/barcelonatours.net\/es","name":"BarcelonaTours.net","description":"The best tours and team building activities of Barcelona","publisher":{"@id":"https:\/\/barcelonatours.net\/es#organization"},"alternateName":"Corporate event agency based in Barcelona","potentialAction":[{"@type":"SearchAction","target":{"@type":"EntryPoint","urlTemplate":"https:\/\/barcelonatours.net\/es?s={search_term_string}"},"query-input":{"@type":"PropertyValueSpecification","valueRequired":true,"valueName":"search_term_string"}}],"inLanguage":"es"},{"@type":"Organization","@id":"https:\/\/barcelonatours.net\/es#organization","name":"Barcelona Tours","url":"https:\/\/barcelonatours.net\/es","logo":{"@type":"ImageObject","inLanguage":"es","@id":"https:\/\/barcelonatours.net\/es#\/schema\/logo\/image\/","url":"https:\/\/barcelonatours.net\/wp-content\/uploads\/2019\/04\/bcn_tours_logo-e1556215659835.png","contentUrl":"https:\/\/barcelonatours.net\/wp-content\/uploads\/2019\/04\/bcn_tours_logo-e1556215659835.png","width":250,"height":89,"caption":"Barcelona Tours"},"image":{"@id":"https:\/\/barcelonatours.net\/es#\/schema\/logo\/image\/"},"sameAs":["https:\/\/www.facebook.com\/BarcelonaTours.net\/","https:\/\/x.com\/BarcelonaTours1","https:\/\/www.instagram.com\/barcelonatours\/"]}]}},"_links":{"self":[{"href":"https:\/\/barcelonatours.net\/es\/wp-json\/wp\/v2\/product\/16188","targetHints":{"allow":["GET"]}}],"collection":[{"href":"https:\/\/barcelonatours.net\/es\/wp-json\/wp\/v2\/product"}],"about":[{"href":"https:\/\/barcelonatours.net\/es\/wp-json\/wp\/v2\/types\/product"}],"replies":[{"embeddable":true,"href":"https:\/\/barcelonatours.net\/es\/wp-json\/wp\/v2\/comments?post=16188"}],"version-history":[{"count":9,"href":"https:\/\/barcelonatours.net\/es\/wp-json\/wp\/v2\/product\/16188\/revisions"}],"predecessor-version":[{"id":16199,"href":"https:\/\/barcelonatours.net\/es\/wp-json\/wp\/v2\/product\/16188\/revisions\/16199"}],"wp:featuredmedia":[{"embeddable":true,"href":"https:\/\/barcelonatours.net\/es\/wp-json\/wp\/v2\/media\/16184"}],"wp:attachment":[{"href":"https:\/\/barcelonatours.net\/es\/wp-json\/wp\/v2\/media?parent=16188"}],"wp:term":[{"taxonomy":"product_brand","embeddable":true,"href":"https:\/\/barcelonatours.net\/es\/wp-json\/wp\/v2\/product_brand?post=16188"},{"taxonomy":"product_cat","embeddable":true,"href":"https:\/\/barcelonatours.net\/es\/wp-json\/wp\/v2\/product_cat?post=16188"},{"taxonomy":"product_tag","embeddable":true,"href":"https:\/\/barcelonatours.net\/es\/wp-json\/wp\/v2\/product_tag?post=16188"}],"curies":[{"name":"wp","href":"https:\/\/api.w.org\/{rel}","templated":true}]}}