{"id":15950,"date":"2019-08-08T16:32:12","date_gmt":"2019-08-08T14:32:12","guid":{"rendered":"https:\/\/barcelonatours.net\/product\/karting-and-paintballing-combo"},"modified":"2026-02-12T16:52:17","modified_gmt":"2026-02-12T15:52:17","slug":"karting-and-paintballing-combo","status":"publish","type":"product","link":"https:\/\/barcelonatours.net\/es\/actividades\/karting-paintball-para-grupos-barcelona","title":{"rendered":"Karting y paintball para grupos en Barcelona"},"content":{"rendered":"<div class=\"wpb-content-wrapper\">[vc_row][vc_column][vc_column_text css=\u00bb\u00bb]<span style=\"font-weight: 400;\">Este paquete de actividades se centra en combinar dos desaf\u00edos competitivos diferentes: <\/span><a href=\"https:\/\/barcelonatours.net\/es\/actividades\/go-karting\"><b>Go-Karting<\/b><\/a><span style=\"font-weight: 400;\"> en un circuito cerrado y <\/span><b>Paintball<\/b><span style=\"font-weight: 400;\"> en un campo exterior dedicado.<\/span>\n<p><span style=\"font-weight: 400;\">La actividad est\u00e1 estructurada para la participaci\u00f3n grupal y permite a los equipos involucrarse en escenarios variados, que van desde carreras de equipo coordinadas y maniobras t\u00e1cticas hasta batallas competitivas individuales. La experiencia requiere que los participantes empleen diferentes formas de cooperaci\u00f3n y tomen decisiones r\u00e1pidas.<\/span><\/p>\n<p><span style=\"font-weight: 400;\">El paquete est\u00e1 pensado para grupos de entre <\/span><b>12 y 25 personas<\/b><span style=\"font-weight: 400;\">. Para mayor flexibilidad, los componentes de Go-Karting y Paintball tambi\u00e9n se pueden reservar por separado si es necesario.<\/span><\/p>\n<h3>\u00bfQuieres ver m\u00e1s?<\/h3>\n<p>Visita nuestra p\u00e1gina de <a href=\"https:\/\/barcelonatours.net\/es\/team-building-en-barcelona\">Actividades de Team Building<\/a> para descubrir m\u00e1s ideas para tu grupo. Tambi\u00e9n puedes consultar nuestra p\u00e1gina de <a href=\"https:\/\/barcelonatours.net\/es\/organizacion-de-eventos-empresas\">Servicios Corporativos<\/a> para conocer la asistencia que podemos ofrecerte durante tu visita.[\/vc_column_text][\/vc_column][\/vc_row][vc_row][vc_column][vc_column_text css=\u00bb\u00bb]\n<h2>\ud83c\udfce\ufe0f \u00a1Karting y Paintball para tu Equipo! \ud83d\udd2b<\/h2>\n<table class=\"table table-bordered tours-tabs__table\" style=\"width: 98.6374%; height: 160px;\" width=\"99.2947%\">\n<tbody>\n<tr style=\"height: 23px;\">\n<td style=\"width: 21.0088%; height: 23px;\"><strong>PRECIO<\/strong><\/td>\n<td style=\"width: 78.0108%; height: 23px;\"><i class=\"fa fa-check icon-tick icon-tick--on\"><\/i><span style=\"font-weight: 400;\">Desde 105 euros<\/span><\/td>\n<\/tr>\n<tr style=\"height: 24px;\">\n<td style=\"width: 21.0088%; height: 24px;\"><strong>UBICACI\u00d3N<\/strong><\/td>\n<td style=\"width: 78.0108%; height: 24px;\"><i class=\"fa fa-check icon-tick icon-tick--on\"><\/i> <span style=\"font-weight: 400;\">Castellol\u00ed<\/span><\/td>\n<\/tr>\n<tr style=\"height: 80px;\">\n<td style=\"width: 21.0088%; height: 80px;\"><strong>INCLUIDO<\/strong><\/td>\n<td style=\"width: 78.0108%; height: 80px;\"><i class=\"fa fa-check icon-tick icon-tick--on\"><\/i><span class=\"activity-inclusions__test activity-inclusions__test--include\" data-v-7f050b3d=\"\"> <span style=\"font-weight: 400;\">Transporte de ida y vuelta a la ubicaci\u00f3n<\/span><\/span><\/td><\/tr><\/tbody><\/table><\/p>\n<i class=\"fa fa-check icon-tick icon-tick--on\"><\/i> <span style=\"font-weight: 400;\">Todo el equipo para ambas actividades<\/span>\n<i class=\"fa fa-check icon-tick icon-tick--on\"><\/i> <b>Paintball:<\/b><span style=\"font-weight: 400;\"> 100 bolas + equipo<\/span>\n<i class=\"fa fa-check icon-tick icon-tick--on\"><\/i> <b>Karting:<\/b><span style=\"font-weight: 400;\"> 2 carreras de 10 minutos + carrera final estilo Gran Premio<\/span>\n<i class=\"fa fa-check icon-tick icon-tick--on\"><\/i> <span style=\"font-weight: 400;\">Gu\u00eda biling\u00fce<\/span><span style=\"font-weight: 400;\">.<\/span>\n\n<tr style=\"height: 23px;\">\n<td style=\"width: 21.0088%; height: 23px;\"><strong><b>N\u00ba DE PERSONAS<\/b><\/strong><\/td>\n<td style=\"width: 78.0108%; height: 23px;\"><i class=\"fa fa-check icon-tick icon-tick--on\"><\/i>Entre 12 y 25 personas<\/td>\n<\/tr>\n<tr style=\"height: 82px;\">\n<td style=\"width: 21.0088%; height: 10px;\"><b>BENEFITS<\/b><\/td>\n<td style=\"width: 78.0108%; height: 10px;\">1\ufe0f\u20e3 <span style=\"font-weight: 400;\"><strong>Evaluaci\u00f3n de Habilidades Diversas:<\/strong> Facilita la observaci\u00f3n tanto del rendimiento individual como de la planificaci\u00f3n t\u00e1ctica del equipo.<\/span>\n<p>2\ufe0f\u20e3 <span style=\"font-weight: 400;\"><strong>Pr\u00e1ctica de Delegaci\u00f3n de Roles:<\/strong> Requiere delegaci\u00f3n inmediata y gesti\u00f3n efectiva de recursos bajo presi\u00f3n.<\/span><\/p>\n<p>3\ufe0f\u20e3 <span style=\"font-weight: 400;\"><strong>Compromiso Amplio:<\/strong> Asegura una alta participaci\u00f3n al involucrar diversas competencias f\u00edsicas y estrat\u00e9gicas.<\/span><\/p><\/td>\n<\/tr>\n\n\n[\/vc_column_text][\/vc_column][\/vc_row][vc_row][vc_column][vc_column_text css=\u00bb\u00bb]\n<h2>\u00a0 \u2753C\u00d3MO FUNCIONA Y PREGUNTAS FRECUENTES<\/h2>\n<p><!--more--><\/p>\n<table class=\"table table-bordered tours-tabs__table\" style=\"width: 98.6374%; height: 138px;\" width=\"99.2947%\">\n<tbody>\n<tr style=\"height: 82px;\">\n<td style=\"width: 21.0088%; height: 10px;\"><b>C\u00d3MO FUNCIONA<\/b><\/td>\n<td style=\"width: 78.0108%; height: 24px;\">1\ufe0f\u20e3 Despu\u00e9s de recibir tu consulta, te enviaremos una propuesta con las mejores soluciones para tu evento y m\u00e1s ideas a considerar.\n<p>2\ufe0f\u20e3 T\u00fa eliges la mejor solucion y responderemos a todas tus preguntas por correo electr\u00f3nico (o tel\u00e9fono) hasta que est\u00e9s completamente satisfecho y listo para reservar.<\/p>\n<p>3\ufe0f\u20e3 Una vez establecidos todos los detalles, te facilitaremos el presupuesto final y solo solicitaremos un dep\u00f3sito del 20% para asegurar la fecha de tu evento.<\/p><\/td>\n<\/tr>\n<tr>\n<td style=\"width: 21.0088%;\"><strong>PREGUNTAS FRECUENTES<\/strong><\/td>\n<td style=\"width: 78.0108%;\">1\ufe0f\u20e3 <strong>N\u00fameros finales:<\/strong>\u00a0tienes la libertad de ajustar el n\u00famero de participantes para el evento hasta una semana antes, y no habr\u00e1 penalizaciones ni cargos adicionales. Sin embargo, hay que tener en cuenta que algunas actividades pueden tener precios variables seg\u00fan el tama\u00f1o del grupo.\n<p>2\ufe0f\u20e3 <strong>Condiciones de pago:<\/strong>\u00a0Para confirmar el evento, necesitamos un dep\u00f3sito del 20% y el importe total una semana antes. Puedes pagar mediante transferencia bancaria o con tarjeta de d\u00e9bito\/cr\u00e9dito a trav\u00e9s de un enlace de pago.<span style=\"font-weight: 400;\"><br \/>\n<\/span><\/p>\n<p>3\ufe0f\u20e3 <strong>Itinerario final:<\/strong>\u00a0una semana antes del evento, recibir\u00e1s un resumen detallado con toda la informaci\u00f3n \u00fatil.<\/p><\/td>\n<\/tr>\n<\/tbody>\n<\/table>\n[\/vc_column_text][\/vc_column][\/vc_row][vc_row][vc_column][vc_column_text css=\u00bb\u00bb]\n<h2>\u00a0 \u2753C\u00d3MO FUNCIONA Y PREGUNTAS FRECUENTES<\/h2>\n<p><!--more--><\/p>\n<table class=\"table table-bordered tours-tabs__table\" style=\"width: 98.6374%; height: 138px;\" width=\"99.2947%\">\n<tbody>\n<tr style=\"height: 82px;\">\n<td style=\"width: 21.0088%; height: 10px;\"><b>C\u00d3MO FUNCIONA<\/b><\/td>\n<td style=\"width: 78.0108%; height: 24px;\">1\ufe0f\u20e3 Despu\u00e9s de recibir tu consulta, te enviaremos una propuesta con las mejores soluciones para tu evento y m\u00e1s ideas a considerar.\n<p>2\ufe0f\u20e3 T\u00fa eliges la mejor solucion y responderemos a todas tus preguntas por correo electr\u00f3nico (o tel\u00e9fono) hasta que est\u00e9s completamente satisfecho y listo para reservar.<\/p>\n<p>3\ufe0f\u20e3 Una vez establecidos todos los detalles, te facilitaremos el presupuesto final y solo solicitaremos un dep\u00f3sito del 20% para asegurar la fecha de tu evento.<\/p><\/td>\n<\/tr>\n<tr>\n<td style=\"width: 21.0088%;\"><strong>PREGUNTAS FRECUENTES<\/strong><\/td>\n<td style=\"width: 78.0108%;\">1\ufe0f\u20e3 <strong>N\u00fameros finales:<\/strong>\u00a0tienes la libertad de ajustar el n\u00famero de participantes para el evento hasta una semana antes, y no habr\u00e1 penalizaciones ni cargos adicionales. Sin embargo, hay que tener en cuenta que algunas actividades pueden tener precios variables seg\u00fan el tama\u00f1o del grupo.\n<p>2\ufe0f\u20e3 <strong>Condiciones de pago:<\/strong>\u00a0Para confirmar el evento, necesitamos un dep\u00f3sito del 20% y el importe total una semana antes. Puedes pagar mediante transferencia bancaria o con tarjeta de d\u00e9bito\/cr\u00e9dito a trav\u00e9s de un enlace de pago.<span style=\"font-weight: 400;\"><br \/>\n<\/span><\/p>\n<p>3\ufe0f\u20e3 <strong>Itinerario final:<\/strong>\u00a0una semana antes del evento, recibir\u00e1s un resumen detallado con toda la informaci\u00f3n \u00fatil.<\/p><\/td>\n<\/tr>\n<\/tbody>\n<\/table>\n[\/vc_column_text][\/vc_column][\/vc_row]\n<\/div>","protected":false},"excerpt":{"rendered":"<p>Two fun-filled activities in one great day out with your friends.<\/p>\n","protected":false},"featured_media":5282,"comment_status":"closed","ping_status":"closed","template":"","meta":{"footnotes":""},"product_brand":[],"product_cat":[3757],"product_tag":[],"class_list":{"0":"post-15950","1":"product","2":"type-product","3":"status-publish","4":"has-post-thumbnail","6":"product_cat-day-activities-es","7":"tour_category-activities-es","8":"tour_category-day-activity-es","10":"first","11":"instock","12":"virtual","13":"taxable","14":"purchasable","15":"product-type-tour"},"yoast_head":"<!-- This site is optimized with the Yoast SEO plugin v27.4 - https:\/\/yoast.com\/product\/yoast-seo-wordpress\/ -->\n<title>Karting y Paintball para Grupos y Equipos en Barcelona - BarcelonaTours.net<\/title>\n<meta name=\"description\" content=\"Emocionante experiencia de Team Building en Barcelona que combina karting y paintball lleno de acci\u00f3n para vivir un d\u00eda inolvidable de trabajo en equipo\" \/>\n<meta name=\"robots\" content=\"index, follow, max-snippet:-1, max-image-preview:large, max-video-preview:-1\" \/>\n<link rel=\"canonical\" href=\"https:\/\/barcelonatours.net\/es\/actividades\/karting-paintball-para-grupos-barcelona\" \/>\n<meta property=\"og:locale\" content=\"es_ES\" \/>\n<meta property=\"og:type\" content=\"article\" \/>\n<meta property=\"og:title\" content=\"Karting y Paintball para Grupos y Equipos en Barcelona - BarcelonaTours.net\" \/>\n<meta property=\"og:description\" content=\"Emocionante experiencia de Team Building en Barcelona que combina karting y paintball lleno de acci\u00f3n para vivir un d\u00eda inolvidable de trabajo en equipo\" \/>\n<meta property=\"og:url\" content=\"https:\/\/barcelonatours.net\/es\/actividades\/karting-paintball-para-grupos-barcelona\" \/>\n<meta property=\"og:site_name\" content=\"BarcelonaTours.net\" \/>\n<meta property=\"article:publisher\" content=\"https:\/\/www.facebook.com\/BarcelonaTours.net\/\" \/>\n<meta property=\"article:modified_time\" content=\"2026-02-12T15:52:17+00:00\" \/>\n<meta property=\"og:image\" content=\"https:\/\/barcelonatours.net\/wp-content\/uploads\/2019\/09\/Book-Paintball-and-Karting-online.jpg\" \/>\n\t<meta property=\"og:image:width\" content=\"359\" \/>\n\t<meta property=\"og:image:height\" content=\"239\" \/>\n\t<meta property=\"og:image:type\" content=\"image\/jpeg\" \/>\n<meta name=\"twitter:card\" content=\"summary_large_image\" \/>\n<meta name=\"twitter:site\" content=\"@BarcelonaTours1\" \/>\n<meta name=\"twitter:label1\" content=\"Tiempo de lectura\" \/>\n\t<meta name=\"twitter:data1\" content=\"4 minutos\" \/>\n<script type=\"application\/ld+json\" class=\"yoast-schema-graph\">{\"@context\":\"https:\\\/\\\/schema.org\",\"@graph\":[{\"@type\":\"WebPage\",\"@id\":\"https:\\\/\\\/barcelonatours.net\\\/es\\\/actividades\\\/karting-paintball-para-grupos-barcelona\",\"url\":\"https:\\\/\\\/barcelonatours.net\\\/es\\\/actividades\\\/karting-paintball-para-grupos-barcelona\",\"name\":\"Karting y Paintball para Grupos y Equipos en Barcelona - BarcelonaTours.net\",\"isPartOf\":{\"@id\":\"https:\\\/\\\/barcelonatours.net\\\/es#website\"},\"primaryImageOfPage\":{\"@id\":\"https:\\\/\\\/barcelonatours.net\\\/es\\\/actividades\\\/karting-paintball-para-grupos-barcelona#primaryimage\"},\"image\":{\"@id\":\"https:\\\/\\\/barcelonatours.net\\\/es\\\/actividades\\\/karting-paintball-para-grupos-barcelona#primaryimage\"},\"thumbnailUrl\":\"https:\\\/\\\/barcelonatours.net\\\/wp-content\\\/uploads\\\/2019\\\/09\\\/Book-Paintball-and-Karting-online.jpg\",\"datePublished\":\"2019-08-08T14:32:12+00:00\",\"dateModified\":\"2026-02-12T15:52:17+00:00\",\"description\":\"Emocionante experiencia de Team Building en Barcelona que combina karting y paintball lleno de acci\u00f3n para vivir un d\u00eda inolvidable de trabajo en equipo\",\"breadcrumb\":{\"@id\":\"https:\\\/\\\/barcelonatours.net\\\/es\\\/actividades\\\/karting-paintball-para-grupos-barcelona#breadcrumb\"},\"inLanguage\":\"es\",\"potentialAction\":[{\"@type\":\"ReadAction\",\"target\":[\"https:\\\/\\\/barcelonatours.net\\\/es\\\/actividades\\\/karting-paintball-para-grupos-barcelona\"]}]},{\"@type\":\"ImageObject\",\"inLanguage\":\"es\",\"@id\":\"https:\\\/\\\/barcelonatours.net\\\/es\\\/actividades\\\/karting-paintball-para-grupos-barcelona#primaryimage\",\"url\":\"https:\\\/\\\/barcelonatours.net\\\/wp-content\\\/uploads\\\/2019\\\/09\\\/Book-Paintball-and-Karting-online.jpg\",\"contentUrl\":\"https:\\\/\\\/barcelonatours.net\\\/wp-content\\\/uploads\\\/2019\\\/09\\\/Book-Paintball-and-Karting-online.jpg\",\"width\":359,\"height\":239},{\"@type\":\"BreadcrumbList\",\"@id\":\"https:\\\/\\\/barcelonatours.net\\\/es\\\/actividades\\\/karting-paintball-para-grupos-barcelona#breadcrumb\",\"itemListElement\":[{\"@type\":\"ListItem\",\"position\":1,\"name\":\"Home\",\"item\":\"https:\\\/\\\/barcelonatours.net\\\/es\"},{\"@type\":\"ListItem\",\"position\":2,\"name\":\"Shop\",\"item\":\"https:\\\/\\\/barcelonatours.net\\\/shop\"},{\"@type\":\"ListItem\",\"position\":3,\"name\":\"Karting y paintball para grupos en Barcelona\"}]},{\"@type\":\"WebSite\",\"@id\":\"https:\\\/\\\/barcelonatours.net\\\/es#website\",\"url\":\"https:\\\/\\\/barcelonatours.net\\\/es\",\"name\":\"BarcelonaTours.net\",\"description\":\"The best tours and team building activities of Barcelona\",\"publisher\":{\"@id\":\"https:\\\/\\\/barcelonatours.net\\\/es#organization\"},\"alternateName\":\"Corporate event agency based in Barcelona\",\"potentialAction\":[{\"@type\":\"SearchAction\",\"target\":{\"@type\":\"EntryPoint\",\"urlTemplate\":\"https:\\\/\\\/barcelonatours.net\\\/es?s={search_term_string}\"},\"query-input\":{\"@type\":\"PropertyValueSpecification\",\"valueRequired\":true,\"valueName\":\"search_term_string\"}}],\"inLanguage\":\"es\"},{\"@type\":\"Organization\",\"@id\":\"https:\\\/\\\/barcelonatours.net\\\/es#organization\",\"name\":\"Barcelona Tours\",\"url\":\"https:\\\/\\\/barcelonatours.net\\\/es\",\"logo\":{\"@type\":\"ImageObject\",\"inLanguage\":\"es\",\"@id\":\"https:\\\/\\\/barcelonatours.net\\\/es#\\\/schema\\\/logo\\\/image\\\/\",\"url\":\"https:\\\/\\\/barcelonatours.net\\\/wp-content\\\/uploads\\\/2019\\\/04\\\/bcn_tours_logo-e1556215659835.png\",\"contentUrl\":\"https:\\\/\\\/barcelonatours.net\\\/wp-content\\\/uploads\\\/2019\\\/04\\\/bcn_tours_logo-e1556215659835.png\",\"width\":250,\"height\":89,\"caption\":\"Barcelona Tours\"},\"image\":{\"@id\":\"https:\\\/\\\/barcelonatours.net\\\/es#\\\/schema\\\/logo\\\/image\\\/\"},\"sameAs\":[\"https:\\\/\\\/www.facebook.com\\\/BarcelonaTours.net\\\/\",\"https:\\\/\\\/x.com\\\/BarcelonaTours1\",\"https:\\\/\\\/www.instagram.com\\\/barcelonatours\\\/\"]}]}<\/script>\n<!-- \/ Yoast SEO plugin. -->","yoast_head_json":{"title":"Karting y Paintball para Grupos y Equipos en Barcelona - BarcelonaTours.net","description":"Emocionante experiencia de Team Building en Barcelona que combina karting y paintball lleno de acci\u00f3n para vivir un d\u00eda inolvidable de trabajo en equipo","robots":{"index":"index","follow":"follow","max-snippet":"max-snippet:-1","max-image-preview":"max-image-preview:large","max-video-preview":"max-video-preview:-1"},"canonical":"https:\/\/barcelonatours.net\/es\/actividades\/karting-paintball-para-grupos-barcelona","og_locale":"es_ES","og_type":"article","og_title":"Karting y Paintball para Grupos y Equipos en Barcelona - BarcelonaTours.net","og_description":"Emocionante experiencia de Team Building en Barcelona que combina karting y paintball lleno de acci\u00f3n para vivir un d\u00eda inolvidable de trabajo en equipo","og_url":"https:\/\/barcelonatours.net\/es\/actividades\/karting-paintball-para-grupos-barcelona","og_site_name":"BarcelonaTours.net","article_publisher":"https:\/\/www.facebook.com\/BarcelonaTours.net\/","article_modified_time":"2026-02-12T15:52:17+00:00","og_image":[{"width":359,"height":239,"url":"https:\/\/barcelonatours.net\/wp-content\/uploads\/2019\/09\/Book-Paintball-and-Karting-online.jpg","type":"image\/jpeg"}],"twitter_card":"summary_large_image","twitter_site":"@BarcelonaTours1","twitter_misc":{"Tiempo de lectura":"4 minutos"},"schema":{"@context":"https:\/\/schema.org","@graph":[{"@type":"WebPage","@id":"https:\/\/barcelonatours.net\/es\/actividades\/karting-paintball-para-grupos-barcelona","url":"https:\/\/barcelonatours.net\/es\/actividades\/karting-paintball-para-grupos-barcelona","name":"Karting y Paintball para Grupos y Equipos en Barcelona - BarcelonaTours.net","isPartOf":{"@id":"https:\/\/barcelonatours.net\/es#website"},"primaryImageOfPage":{"@id":"https:\/\/barcelonatours.net\/es\/actividades\/karting-paintball-para-grupos-barcelona#primaryimage"},"image":{"@id":"https:\/\/barcelonatours.net\/es\/actividades\/karting-paintball-para-grupos-barcelona#primaryimage"},"thumbnailUrl":"https:\/\/barcelonatours.net\/wp-content\/uploads\/2019\/09\/Book-Paintball-and-Karting-online.jpg","datePublished":"2019-08-08T14:32:12+00:00","dateModified":"2026-02-12T15:52:17+00:00","description":"Emocionante experiencia de Team Building en Barcelona que combina karting y paintball lleno de acci\u00f3n para vivir un d\u00eda inolvidable de trabajo en equipo","breadcrumb":{"@id":"https:\/\/barcelonatours.net\/es\/actividades\/karting-paintball-para-grupos-barcelona#breadcrumb"},"inLanguage":"es","potentialAction":[{"@type":"ReadAction","target":["https:\/\/barcelonatours.net\/es\/actividades\/karting-paintball-para-grupos-barcelona"]}]},{"@type":"ImageObject","inLanguage":"es","@id":"https:\/\/barcelonatours.net\/es\/actividades\/karting-paintball-para-grupos-barcelona#primaryimage","url":"https:\/\/barcelonatours.net\/wp-content\/uploads\/2019\/09\/Book-Paintball-and-Karting-online.jpg","contentUrl":"https:\/\/barcelonatours.net\/wp-content\/uploads\/2019\/09\/Book-Paintball-and-Karting-online.jpg","width":359,"height":239},{"@type":"BreadcrumbList","@id":"https:\/\/barcelonatours.net\/es\/actividades\/karting-paintball-para-grupos-barcelona#breadcrumb","itemListElement":[{"@type":"ListItem","position":1,"name":"Home","item":"https:\/\/barcelonatours.net\/es"},{"@type":"ListItem","position":2,"name":"Shop","item":"https:\/\/barcelonatours.net\/shop"},{"@type":"ListItem","position":3,"name":"Karting y paintball para grupos en Barcelona"}]},{"@type":"WebSite","@id":"https:\/\/barcelonatours.net\/es#website","url":"https:\/\/barcelonatours.net\/es","name":"BarcelonaTours.net","description":"The best tours and team building activities of Barcelona","publisher":{"@id":"https:\/\/barcelonatours.net\/es#organization"},"alternateName":"Corporate event agency based in Barcelona","potentialAction":[{"@type":"SearchAction","target":{"@type":"EntryPoint","urlTemplate":"https:\/\/barcelonatours.net\/es?s={search_term_string}"},"query-input":{"@type":"PropertyValueSpecification","valueRequired":true,"valueName":"search_term_string"}}],"inLanguage":"es"},{"@type":"Organization","@id":"https:\/\/barcelonatours.net\/es#organization","name":"Barcelona Tours","url":"https:\/\/barcelonatours.net\/es","logo":{"@type":"ImageObject","inLanguage":"es","@id":"https:\/\/barcelonatours.net\/es#\/schema\/logo\/image\/","url":"https:\/\/barcelonatours.net\/wp-content\/uploads\/2019\/04\/bcn_tours_logo-e1556215659835.png","contentUrl":"https:\/\/barcelonatours.net\/wp-content\/uploads\/2019\/04\/bcn_tours_logo-e1556215659835.png","width":250,"height":89,"caption":"Barcelona Tours"},"image":{"@id":"https:\/\/barcelonatours.net\/es#\/schema\/logo\/image\/"},"sameAs":["https:\/\/www.facebook.com\/BarcelonaTours.net\/","https:\/\/x.com\/BarcelonaTours1","https:\/\/www.instagram.com\/barcelonatours\/"]}]}},"_links":{"self":[{"href":"https:\/\/barcelonatours.net\/es\/wp-json\/wp\/v2\/product\/15950","targetHints":{"allow":["GET"]}}],"collection":[{"href":"https:\/\/barcelonatours.net\/es\/wp-json\/wp\/v2\/product"}],"about":[{"href":"https:\/\/barcelonatours.net\/es\/wp-json\/wp\/v2\/types\/product"}],"replies":[{"embeddable":true,"href":"https:\/\/barcelonatours.net\/es\/wp-json\/wp\/v2\/comments?post=15950"}],"version-history":[{"count":5,"href":"https:\/\/barcelonatours.net\/es\/wp-json\/wp\/v2\/product\/15950\/revisions"}],"predecessor-version":[{"id":15955,"href":"https:\/\/barcelonatours.net\/es\/wp-json\/wp\/v2\/product\/15950\/revisions\/15955"}],"wp:featuredmedia":[{"embeddable":true,"href":"https:\/\/barcelonatours.net\/es\/wp-json\/wp\/v2\/media\/5282"}],"wp:attachment":[{"href":"https:\/\/barcelonatours.net\/es\/wp-json\/wp\/v2\/media?parent=15950"}],"wp:term":[{"taxonomy":"product_brand","embeddable":true,"href":"https:\/\/barcelonatours.net\/es\/wp-json\/wp\/v2\/product_brand?post=15950"},{"taxonomy":"product_cat","embeddable":true,"href":"https:\/\/barcelonatours.net\/es\/wp-json\/wp\/v2\/product_cat?post=15950"},{"taxonomy":"product_tag","embeddable":true,"href":"https:\/\/barcelonatours.net\/es\/wp-json\/wp\/v2\/product_tag?post=15950"}],"curies":[{"name":"wp","href":"https:\/\/api.w.org\/{rel}","templated":true}]}}