{"id":15464,"date":"2025-06-20T10:53:35","date_gmt":"2025-06-20T08:53:35","guid":{"rendered":"https:\/\/barcelonatours.net\/product\/haka-team-building-experience"},"modified":"2026-03-20T16:25:19","modified_gmt":"2026-03-20T15:25:19","slug":"haka-team-building","status":"publish","type":"product","link":"https:\/\/barcelonatours.net\/es\/team-building-en-barcelona\/baile-haka-team-building","title":{"rendered":"Baile Haka Team Building"},"content":{"rendered":"<div class=\"wpb-content-wrapper\">[vc_row][vc_column]<div class=\"title title--big title--center title--underline title--decoration-bottom-center\">\n\t\t\t<div class=\"title__subtitle\">Actividades Team Building--Tours Privados--Salidas en Barco--Cenas de Empresa--Traslados para grupos<\/div>\n\t\t<h3 class=\"title__primary\"><\/h3>\n<\/div>\n[vc_column_text css=&#8221;&#8221;]<b>BarcelonaTours<\/b> ahora te ofrece una aut\u00e9ntica <b>Experiencia de Team Building con Haka<\/b>. Aprende sobre la cultura <b>Maor\u00ed<\/b> y su preciado <b>haka<\/b> de la mano de un profesor y hablante nativo.\n<p>Esta actividad \u00fanica de creaci\u00f3n de equipos elevar\u00e1 el sentido de <b>unidad<\/b>, <b>prop\u00f3sito<\/b> y <b>visi\u00f3n<\/b> de tu grupo, \u00a1y dejar\u00e1 a todos con energ\u00eda!<\/p>\n<h2>Sobre el Haka \ud83d\uddff<\/h2>\n<p>La mayor\u00eda de la gente conocer\u00e1 el haka por el famoso equipo de rugby de Nueva Zelanda, <b>Los All Blacks<\/b> \u2013 quienes usan el haka \u2018Ka Mate\u2019 \u2013, pero por supuesto, hay mucho m\u00e1s en esta danza tradicional.<\/p>\n<p>Fuera de <b>Aotearoa<\/b> (la palabra Maor\u00ed para Nueva Zelanda, que se traduce como \u201cla tierra de la larga nube blanca\u201d), las actuaciones de haka se ven m\u00e1s a menudo en deportes, donde tradicionalmente se realizan como un <b>desaf\u00edo<\/b>.<\/p>\n<p>Sin embargo, un haka tambi\u00e9n puede realizarse como una <b>bienvenida<\/b> cuando se encuentran dos partes, o para <b>honrar a los invitados<\/b> y marcar una <b>ocasi\u00f3n importante<\/b>.<\/p>\n<h2><b><img decoding=\"async\" class=\"alignright wp-image-10592 size-medium lazyload\" title=\"Haka teacher in Barcelona\" data-src=\"https:\/\/barcelonatours.net\/wp-content\/uploads\/2023\/04\/Tamar-300x300.jpeg\" alt=\"Learn the powerful art of haka with a skilled teacher in Barcelona\" width=\"300\" height=\"300\" data-srcset=\"https:\/\/barcelonatours.net\/wp-content\/uploads\/2023\/04\/Tamar-300x300.jpeg 300w, https:\/\/barcelonatours.net\/wp-content\/uploads\/2023\/04\/Tamar-600x600.jpeg 600w, https:\/\/barcelonatours.net\/wp-content\/uploads\/2023\/04\/Tamar-150x150.jpeg 150w, https:\/\/barcelonatours.net\/wp-content\/uploads\/2023\/04\/Tamar-768x768.jpeg 768w, https:\/\/barcelonatours.net\/wp-content\/uploads\/2023\/04\/Tamar.jpeg 800w\" data-sizes=\"(max-width: 300px) 100vw, 300px\" src=\"data:image\/svg+xml;base64,PHN2ZyB3aWR0aD0iMSIgaGVpZ2h0PSIxIiB4bWxucz0iaHR0cDovL3d3dy53My5vcmcvMjAwMC9zdmciPjwvc3ZnPg==\" style=\"--smush-placeholder-width: 300px; --smush-placeholder-aspect-ratio: 300\/300;\" \/><\/b><\/h2>\n<p>Existe un gran sentimiento de <b>orgullo nacional<\/b> en torno a esta apasionada y cautivadora danza, \u00a1pero nada supera la sensaci\u00f3n de experimentarla t\u00fa mismo en grupo!<\/p>\n<p>&nbsp;<\/p>\n<h2>Tu Profesor de Aotearoa, Nueva Zelanda \ud83c\uddf3\ud83c\uddff<\/h2>\n<p>Tu profesora, <b>Tamar<\/b>, es una l\u00edder inspiradora, artista, m\u00fasica y cantante dotada. Nacida en Aotearoa, las ra\u00edces ancestrales de Tamar provienen de la tribu Maor\u00ed <b>Ng\u0101i Tahu<\/b>.<\/p>\n<p>Dominando el maor\u00ed, el ingl\u00e9s y el espa\u00f1ol, ella te explicar\u00e1 el prop\u00f3sito y el significado detr\u00e1s de esta antigua danza, brind\u00e1ndote una <b>aut\u00e9ntica Experiencia de Team Building con Haka<\/b> que no encontrar\u00e1s en ning\u00fan otro lugar de Barcelona.<\/p>\n<p>&nbsp;<\/p>\n<h2>\u00bfQu\u00e9 puedes esperar? \u2728<\/h2>\n<p>Durante la Experiencia de Team Building con Haka, aprender\u00e1s sobre la <b>rica historia<\/b> y la <b>intenci\u00f3n<\/b> detr\u00e1s del poderoso y explosivo haka. Tamar te guiar\u00e1 a trav\u00e9s de los diferentes movimientos y te animar\u00e1 a <b>conectar con tu respiraci\u00f3n y tu cuerpo<\/b>.<\/p>\n<p>Mientras lo haces, sentir\u00e1s c\u00f3mo sube el calor mientras cantas esta poderosa <b>incantaci\u00f3n Maor\u00ed<\/b>. O, como ella lo expresa: <b>\u201c\u00a1Libera tu voz, siente el poder del grupo y\u2026 simplemente hazlo!\u201d<\/b><\/p>\n<p>&nbsp;<\/p>\n<h2>Reserva esta experiencia si buscas:<\/h2>\n<ul>\n<li><b>Actividades grupales en Barcelona<\/b><\/li>\n<li><b>Team building en Barcelona<\/b><\/li>\n<\/ul>\n<p>Para m\u00e1s actividades, consulta nuestra p\u00e1gina de Team Building, que incluye la popular B\u00fasqueda del Tesoro Fotogr\u00e1fica de Barcelona.<\/p>\n<p>Ponte en contacto hoy mismo en <a href=\"mailto:info@barcelonatours.net\"><b>info@barcelonatours.net<\/b><\/a> o llamando al <a href=\"http:\/\/Tel: +34658768333\"><b>+34658768333<\/b><\/a>.[\/vc_column_text][\/vc_column][\/vc_row][vc_row][vc_column][vc_column_text css=&#8221;&#8221;]\n<h2><strong>\ud83d\udcaa Haka Team Building Experience<\/strong><\/h2>\n<\/p><p><!--more--><\/p>\n<table class=\"table table-bordered tours-tabs__table\" style=\"width: 98.6374%; height: 138px;\" width=\"99.2947%\">\n<tbody>\n<tr>\n<td style=\"width: 21.0088%;\"><strong>PRECIO<\/strong><\/td>\n<td style=\"width: 78.0108%;\"><i class=\"fa fa-check icon-tick icon-tick--on\"><\/i>Desde 35 por persona<\/td>\n<\/tr>\n<tr style=\"height: 24px;\">\n<td style=\"width: 21.0088%; height: 24px;\"><strong>UBICACI\u00d3N<\/strong><\/td>\n<td style=\"width: 78.0108%; height: 24px;\"><i class=\"fa fa-check icon-tick icon-tick--on\"><\/i>Puede ser su lugar o un lugar que ofrecemos en el centro de la ciudad<\/td>\n<\/tr>\n<tr style=\"height: 80px;\">\n<td style=\"width: 21.0088%; height: 80px;\"><strong>INCLUIDO<\/strong><\/td>\n<td style=\"width: 78.0108%; height: 80px;\"><i class=\"fa fa-check icon-tick icon-tick--on\"><\/i>Profesor profesional maor\u00ed\n<i class=\"fa fa-check icon-tick icon-tick--on\"><\/i>Duraci\u00f3n: 1 hora<\/td>\n<\/tr>\n<tr>\n<td style=\"width: 21.0088%;\"><strong>N\u00ba DE PERSONAS<\/strong><\/td>\n<td style=\"width: 78.0108%;\"><i class=\"fa fa-check icon-tick icon-tick--on\"><\/i>De 12 a 200 personas<\/td>\n<\/tr>\n<tr style=\"height: 82px;\">\n<td style=\"width: 21.0088%; height: 10px;\"><strong>BENEFICIOS<\/strong><\/td>\n<td style=\"width: 78.0108%; height: 24px;\">1\ufe0f\u20e3 <strong>Construye Unidad<\/strong> &#8212; El Haka exige un esfuerzo sincronizado, fomentando la cohesi\u00f3n e interdependencia cruciales para un trabajo en equipo eficaz.\n<p>2\ufe0f\u20e3 <strong>Impulsa la Confianza y la Energ\u00eda<\/strong> &#8212; Es una experiencia empoderadora que desarrolla la autoconfianza e inyecta energ\u00eda vital al equipo.<\/p>\n<p>3\ufe0f\u20e3 <strong>Mejora la Confianza y la Comunicaci\u00f3n<\/strong> &#8212; El Haka agudiza la comunicaci\u00f3n no verbal y profundiza la confianza, esencial para una colaboraci\u00f3n fluida.<\/p><\/td>\n<\/tr>\n<\/tbody>\n<\/table>\n[\/vc_column_text][\/vc_column][\/vc_row][vc_row][vc_column][vc_video link=&#8221;https:\/\/www.youtube.com\/watch?v=aLOTaIhmD2g&#8221; css=&#8221;&#8221; title=&#8221;Bringing everyone together&#8221;][\/vc_column][\/vc_row][vc_row][vc_column][vc_column_text css=&#8221;&#8221;]\n<h2>\u00a0 \u2753C\u00d3MO FUNCIONA Y PREGUNTAS FRECUENTES<\/h2>\n<p><!--more--><\/p>\n<table class=\"table table-bordered tours-tabs__table\" style=\"width: 98.6374%; height: 138px;\" width=\"99.2947%\">\n<tbody>\n<tr style=\"height: 82px;\">\n<td style=\"width: 21.0088%; height: 10px;\"><b>C\u00d3MO FUNCIONA<\/b><\/td>\n<td style=\"width: 78.0108%; height: 24px;\">1\ufe0f\u20e3 Despu\u00e9s de recibir tu consulta, te enviaremos una propuesta con las mejores soluciones para tu evento y m\u00e1s ideas a considerar.\n<p>2\ufe0f\u20e3 T\u00fa eliges la mejor solucion y responderemos a todas tus preguntas por correo electr\u00f3nico (o tel\u00e9fono) hasta que est\u00e9s completamente satisfecho y listo para reservar.<\/p>\n<p>3\ufe0f\u20e3 Una vez establecidos todos los detalles, te facilitaremos el presupuesto final y solo solicitaremos un dep\u00f3sito del 20% para asegurar la fecha de tu evento<\/p><\/td>\n<\/tr>\n<tr>\n<td style=\"width: 21.0088%;\"><strong>PREGUNTAS FRECUENTES<\/strong><\/td>\n<td style=\"width: 78.0108%;\">1\ufe0f\u20e3 <strong>Condiciones de pago:<\/strong> Para confirmar el evento, necesitamos un dep\u00f3sito del 20% y el importe total una semana antes. Puedes pagar mediante transferencia bancaria o con tarjeta de d\u00e9bito\/cr\u00e9dito a trav\u00e9s de un enlace de pago.\n<p>2\ufe0f\u20e3<strong>N\u00fameros finales:<\/strong> tienes la libertad de ajustar el n\u00famero de participantes para el evento hasta una semana antes, y no habr\u00e1 penalizaciones ni cargos adicionales. Sin embargo, hay que tener en cuenta que algunas actividades pueden tener precios variables seg\u00fan el tama\u00f1o del grupo.<span style=\"font-weight: 400;\"><br \/>\n<\/span><\/p>\n<p>3\ufe0f\u20e3 <strong>Itinerario final:<\/strong> una semana antes del evento, recibir\u00e1s un resumen detallado con toda la informaci\u00f3n \u00fatil.<\/p><\/td>\n<\/tr>\n<\/tbody>\n<\/table>\n[\/vc_column_text][\/vc_column][\/vc_row][vc_row][vc_column][vc_column_text css=&#8221;&#8221;]<em><span style=\"font-size: 18pt;\"><strong>\u23ed\ufe0f \u00bfPasamos ya a la siguiente fase?<\/strong><\/span><\/em>\n<p>&nbsp;<\/p>\n<p style=\"text-align: left;\"><em><span style=\"font-size: 14pt;\"><strong>Pide un presupuesto r\u00e1pido:\u00a0 \u00a0\u00a0<\/strong><\/span><\/em><\/p>\n<ul>\n<li style=\"text-align: left;\"><em><span style=\"font-size: 14pt;\"><strong>Email <a href=\"mailto: info@barcelonatours.net\" data-cke-saved-href=\"mailto:enquiry@barcelonatours.net\">info@barcelonatours.net<\/a>\u00a0\u00a0<\/strong><\/span><\/em><\/li>\n<li><em><span style=\"font-size: 14pt;\"><strong>Tel\/W&#8217;App\u00a0 <a href=\"tel: +34658768333\">+34 658 768 333<\/a><\/strong><\/span><\/em><\/li>\n<\/ul>\n<p>&nbsp;<\/p>\n<p style=\"text-align: left;\"><em><span style=\"font-size: 14pt;\"><strong>Clientes satisfechos, lo que dicen de nosotros:\u00a0 \u2b50\ufe0f\u2b50\ufe0f\u2b50\ufe0f\u2b50\ufe0f\u2b50\ufe0f <a href=\"https:\/\/www.google.com\/maps\/place\/BarcelonaTours.net\/@41.406933,2.1567085,17z\/data=!3m1!5s0x12a4a2e9f0c7847d:0xe1ddc3cf1f5a665f!4m8!3m7!1s0x12a4a2a5c1e2257d:0xcab7dbbfc67e084a!8m2!3d41.406933!4d2.1567085!9m1!1b1!16s%2Fg%2F12lk5ddc3?hl=en-US&amp;entry=ttu&amp;g_ep=EgoyMDI1MDExNS4wIKXMDSoASAFQAw%3D%3D\">rese\u00f1as en Google<\/a><\/strong><\/span><\/em><\/p>\n<p style=\"text-align: left;\"><em><span style=\"font-size: 14pt;\"><strong>Alg\u00fan reportaje de los eventos hechos:\u00a0 <a href=\"https:\/\/www.linkedin.com\/company\/1708408\/admin\/page-posts\/published\/\">publicaciones en LinkedIn<\/a><\/strong><\/span><\/em><\/p>\n[\/vc_column_text][\/vc_column][\/vc_row]\n<\/div>","protected":false},"excerpt":{"rendered":"<p>Esta aut\u00e9ntica actividad de team building elevar\u00e1 el sentido de unidad, prop\u00f3sito y visi\u00f3n de tu grupo, y dejar\u00e1 a todos entusiasmados.<\/p>\n","protected":false},"featured_media":10584,"comment_status":"closed","ping_status":"closed","template":"","meta":{"footnotes":""},"product_brand":[],"product_cat":[3757,3463],"product_tag":[],"class_list":{"0":"post-15464","1":"product","2":"type-product","3":"status-publish","4":"has-post-thumbnail","6":"product_cat-day-activities-es","7":"product_cat-team-building-es","8":"tour_category-activities-es","9":"tour_category-day-activity-es","10":"tour_category-team-building-en-barcelona","12":"first","13":"instock","14":"virtual","15":"taxable","16":"purchasable","17":"product-type-tour"},"yoast_head":"<!-- This site is optimized with the Yoast SEO plugin v27.3 - https:\/\/yoast.com\/product\/yoast-seo-wordpress\/ -->\n<title>Haka Team Building \u2013 BarcelonaTours<\/title>\n<meta name=\"description\" content=\"\u00a1Reserva una aut\u00e9ntica Experiencia de Team Building para tu grupo! Aprende sobre la cultura Maor\u00ed y su preciado haka de la mano de un profesor nativo.\" \/>\n<meta name=\"robots\" content=\"index, follow, max-snippet:-1, max-image-preview:large, max-video-preview:-1\" \/>\n<link rel=\"canonical\" href=\"https:\/\/barcelonatours.net\/es\/team-building-en-barcelona\/baile-haka-team-building\" \/>\n<meta property=\"og:locale\" content=\"es_ES\" \/>\n<meta property=\"og:type\" content=\"article\" \/>\n<meta property=\"og:title\" content=\"Haka Team Building \u2013 BarcelonaTours\" \/>\n<meta property=\"og:description\" content=\"\u00a1Reserva una aut\u00e9ntica Experiencia de Team Building para tu grupo! Aprende sobre la cultura Maor\u00ed y su preciado haka de la mano de un profesor nativo.\" \/>\n<meta property=\"og:url\" content=\"https:\/\/barcelonatours.net\/es\/team-building-en-barcelona\/baile-haka-team-building\" \/>\n<meta property=\"og:site_name\" content=\"BarcelonaTours.net\" \/>\n<meta property=\"article:publisher\" content=\"https:\/\/www.facebook.com\/BarcelonaTours.net\/\" \/>\n<meta property=\"article:modified_time\" content=\"2026-03-20T15:25:19+00:00\" \/>\n<meta property=\"og:image\" content=\"https:\/\/barcelonatours.net\/wp-content\/uploads\/2023\/04\/Barcelona-Tours-Haka-Team-Building-Workshop-1024x676.jpg\" \/>\n\t<meta property=\"og:image:width\" content=\"1024\" \/>\n\t<meta property=\"og:image:height\" content=\"676\" \/>\n\t<meta property=\"og:image:type\" content=\"image\/jpeg\" \/>\n<meta name=\"twitter:card\" content=\"summary_large_image\" \/>\n<meta name=\"twitter:site\" content=\"@BarcelonaTours1\" \/>\n<meta name=\"twitter:label1\" content=\"Tiempo de lectura\" \/>\n\t<meta name=\"twitter:data1\" content=\"4 minutos\" \/>\n<script type=\"application\/ld+json\" class=\"yoast-schema-graph\">{\"@context\":\"https:\\\/\\\/schema.org\",\"@graph\":[{\"@type\":\"WebPage\",\"@id\":\"https:\\\/\\\/barcelonatours.net\\\/es\\\/team-building-en-barcelona\\\/baile-haka-team-building\",\"url\":\"https:\\\/\\\/barcelonatours.net\\\/es\\\/team-building-en-barcelona\\\/baile-haka-team-building\",\"name\":\"Haka Team Building \u2013 BarcelonaTours\",\"isPartOf\":{\"@id\":\"https:\\\/\\\/barcelonatours.net\\\/es#website\"},\"primaryImageOfPage\":{\"@id\":\"https:\\\/\\\/barcelonatours.net\\\/es\\\/team-building-en-barcelona\\\/baile-haka-team-building#primaryimage\"},\"image\":{\"@id\":\"https:\\\/\\\/barcelonatours.net\\\/es\\\/team-building-en-barcelona\\\/baile-haka-team-building#primaryimage\"},\"thumbnailUrl\":\"https:\\\/\\\/barcelonatours.net\\\/wp-content\\\/uploads\\\/2023\\\/04\\\/Barcelona-Tours-Haka-Team-Building-Workshop.jpg\",\"datePublished\":\"2025-06-20T08:53:35+00:00\",\"dateModified\":\"2026-03-20T15:25:19+00:00\",\"description\":\"\u00a1Reserva una aut\u00e9ntica Experiencia de Team Building para tu grupo! Aprende sobre la cultura Maor\u00ed y su preciado haka de la mano de un profesor nativo.\",\"breadcrumb\":{\"@id\":\"https:\\\/\\\/barcelonatours.net\\\/es\\\/team-building-en-barcelona\\\/baile-haka-team-building#breadcrumb\"},\"inLanguage\":\"es\",\"potentialAction\":[{\"@type\":\"ReadAction\",\"target\":[\"https:\\\/\\\/barcelonatours.net\\\/es\\\/team-building-en-barcelona\\\/baile-haka-team-building\"]}]},{\"@type\":\"ImageObject\",\"inLanguage\":\"es\",\"@id\":\"https:\\\/\\\/barcelonatours.net\\\/es\\\/team-building-en-barcelona\\\/baile-haka-team-building#primaryimage\",\"url\":\"https:\\\/\\\/barcelonatours.net\\\/wp-content\\\/uploads\\\/2023\\\/04\\\/Barcelona-Tours-Haka-Team-Building-Workshop.jpg\",\"contentUrl\":\"https:\\\/\\\/barcelonatours.net\\\/wp-content\\\/uploads\\\/2023\\\/04\\\/Barcelona-Tours-Haka-Team-Building-Workshop.jpg\",\"width\":2000,\"height\":1320,\"caption\":\"Maori dance at sunset\"},{\"@type\":\"BreadcrumbList\",\"@id\":\"https:\\\/\\\/barcelonatours.net\\\/es\\\/team-building-en-barcelona\\\/baile-haka-team-building#breadcrumb\",\"itemListElement\":[{\"@type\":\"ListItem\",\"position\":1,\"name\":\"Home\",\"item\":\"https:\\\/\\\/barcelonatours.net\\\/es\"},{\"@type\":\"ListItem\",\"position\":2,\"name\":\"Shop\",\"item\":\"https:\\\/\\\/barcelonatours.net\\\/shop\"},{\"@type\":\"ListItem\",\"position\":3,\"name\":\"Baile Haka Team Building\"}]},{\"@type\":\"WebSite\",\"@id\":\"https:\\\/\\\/barcelonatours.net\\\/es#website\",\"url\":\"https:\\\/\\\/barcelonatours.net\\\/es\",\"name\":\"BarcelonaTours.net\",\"description\":\"The best tours and team building activities of Barcelona\",\"publisher\":{\"@id\":\"https:\\\/\\\/barcelonatours.net\\\/es#organization\"},\"potentialAction\":[{\"@type\":\"SearchAction\",\"target\":{\"@type\":\"EntryPoint\",\"urlTemplate\":\"https:\\\/\\\/barcelonatours.net\\\/es?s={search_term_string}\"},\"query-input\":{\"@type\":\"PropertyValueSpecification\",\"valueRequired\":true,\"valueName\":\"search_term_string\"}}],\"inLanguage\":\"es\"},{\"@type\":\"Organization\",\"@id\":\"https:\\\/\\\/barcelonatours.net\\\/es#organization\",\"name\":\"Barcelona Tours\",\"url\":\"https:\\\/\\\/barcelonatours.net\\\/es\",\"logo\":{\"@type\":\"ImageObject\",\"inLanguage\":\"es\",\"@id\":\"https:\\\/\\\/barcelonatours.net\\\/es#\\\/schema\\\/logo\\\/image\\\/\",\"url\":\"https:\\\/\\\/barcelonatours.net\\\/wp-content\\\/uploads\\\/2019\\\/04\\\/bcn_tours_logo-e1556215659835.png\",\"contentUrl\":\"https:\\\/\\\/barcelonatours.net\\\/wp-content\\\/uploads\\\/2019\\\/04\\\/bcn_tours_logo-e1556215659835.png\",\"width\":250,\"height\":89,\"caption\":\"Barcelona Tours\"},\"image\":{\"@id\":\"https:\\\/\\\/barcelonatours.net\\\/es#\\\/schema\\\/logo\\\/image\\\/\"},\"sameAs\":[\"https:\\\/\\\/www.facebook.com\\\/BarcelonaTours.net\\\/\",\"https:\\\/\\\/x.com\\\/BarcelonaTours1\",\"https:\\\/\\\/www.instagram.com\\\/barcelonatours\\\/\"]}]}<\/script>\n<!-- \/ Yoast SEO plugin. -->","yoast_head_json":{"title":"Haka Team Building \u2013 BarcelonaTours","description":"\u00a1Reserva una aut\u00e9ntica Experiencia de Team Building para tu grupo! Aprende sobre la cultura Maor\u00ed y su preciado haka de la mano de un profesor nativo.","robots":{"index":"index","follow":"follow","max-snippet":"max-snippet:-1","max-image-preview":"max-image-preview:large","max-video-preview":"max-video-preview:-1"},"canonical":"https:\/\/barcelonatours.net\/es\/team-building-en-barcelona\/baile-haka-team-building","og_locale":"es_ES","og_type":"article","og_title":"Haka Team Building \u2013 BarcelonaTours","og_description":"\u00a1Reserva una aut\u00e9ntica Experiencia de Team Building para tu grupo! Aprende sobre la cultura Maor\u00ed y su preciado haka de la mano de un profesor nativo.","og_url":"https:\/\/barcelonatours.net\/es\/team-building-en-barcelona\/baile-haka-team-building","og_site_name":"BarcelonaTours.net","article_publisher":"https:\/\/www.facebook.com\/BarcelonaTours.net\/","article_modified_time":"2026-03-20T15:25:19+00:00","og_image":[{"width":1024,"height":676,"url":"https:\/\/barcelonatours.net\/wp-content\/uploads\/2023\/04\/Barcelona-Tours-Haka-Team-Building-Workshop-1024x676.jpg","type":"image\/jpeg"}],"twitter_card":"summary_large_image","twitter_site":"@BarcelonaTours1","twitter_misc":{"Tiempo de lectura":"4 minutos"},"schema":{"@context":"https:\/\/schema.org","@graph":[{"@type":"WebPage","@id":"https:\/\/barcelonatours.net\/es\/team-building-en-barcelona\/baile-haka-team-building","url":"https:\/\/barcelonatours.net\/es\/team-building-en-barcelona\/baile-haka-team-building","name":"Haka Team Building \u2013 BarcelonaTours","isPartOf":{"@id":"https:\/\/barcelonatours.net\/es#website"},"primaryImageOfPage":{"@id":"https:\/\/barcelonatours.net\/es\/team-building-en-barcelona\/baile-haka-team-building#primaryimage"},"image":{"@id":"https:\/\/barcelonatours.net\/es\/team-building-en-barcelona\/baile-haka-team-building#primaryimage"},"thumbnailUrl":"https:\/\/barcelonatours.net\/wp-content\/uploads\/2023\/04\/Barcelona-Tours-Haka-Team-Building-Workshop.jpg","datePublished":"2025-06-20T08:53:35+00:00","dateModified":"2026-03-20T15:25:19+00:00","description":"\u00a1Reserva una aut\u00e9ntica Experiencia de Team Building para tu grupo! Aprende sobre la cultura Maor\u00ed y su preciado haka de la mano de un profesor nativo.","breadcrumb":{"@id":"https:\/\/barcelonatours.net\/es\/team-building-en-barcelona\/baile-haka-team-building#breadcrumb"},"inLanguage":"es","potentialAction":[{"@type":"ReadAction","target":["https:\/\/barcelonatours.net\/es\/team-building-en-barcelona\/baile-haka-team-building"]}]},{"@type":"ImageObject","inLanguage":"es","@id":"https:\/\/barcelonatours.net\/es\/team-building-en-barcelona\/baile-haka-team-building#primaryimage","url":"https:\/\/barcelonatours.net\/wp-content\/uploads\/2023\/04\/Barcelona-Tours-Haka-Team-Building-Workshop.jpg","contentUrl":"https:\/\/barcelonatours.net\/wp-content\/uploads\/2023\/04\/Barcelona-Tours-Haka-Team-Building-Workshop.jpg","width":2000,"height":1320,"caption":"Maori dance at sunset"},{"@type":"BreadcrumbList","@id":"https:\/\/barcelonatours.net\/es\/team-building-en-barcelona\/baile-haka-team-building#breadcrumb","itemListElement":[{"@type":"ListItem","position":1,"name":"Home","item":"https:\/\/barcelonatours.net\/es"},{"@type":"ListItem","position":2,"name":"Shop","item":"https:\/\/barcelonatours.net\/shop"},{"@type":"ListItem","position":3,"name":"Baile Haka Team Building"}]},{"@type":"WebSite","@id":"https:\/\/barcelonatours.net\/es#website","url":"https:\/\/barcelonatours.net\/es","name":"BarcelonaTours.net","description":"The best tours and team building activities of Barcelona","publisher":{"@id":"https:\/\/barcelonatours.net\/es#organization"},"potentialAction":[{"@type":"SearchAction","target":{"@type":"EntryPoint","urlTemplate":"https:\/\/barcelonatours.net\/es?s={search_term_string}"},"query-input":{"@type":"PropertyValueSpecification","valueRequired":true,"valueName":"search_term_string"}}],"inLanguage":"es"},{"@type":"Organization","@id":"https:\/\/barcelonatours.net\/es#organization","name":"Barcelona Tours","url":"https:\/\/barcelonatours.net\/es","logo":{"@type":"ImageObject","inLanguage":"es","@id":"https:\/\/barcelonatours.net\/es#\/schema\/logo\/image\/","url":"https:\/\/barcelonatours.net\/wp-content\/uploads\/2019\/04\/bcn_tours_logo-e1556215659835.png","contentUrl":"https:\/\/barcelonatours.net\/wp-content\/uploads\/2019\/04\/bcn_tours_logo-e1556215659835.png","width":250,"height":89,"caption":"Barcelona Tours"},"image":{"@id":"https:\/\/barcelonatours.net\/es#\/schema\/logo\/image\/"},"sameAs":["https:\/\/www.facebook.com\/BarcelonaTours.net\/","https:\/\/x.com\/BarcelonaTours1","https:\/\/www.instagram.com\/barcelonatours\/"]}]}},"_links":{"self":[{"href":"https:\/\/barcelonatours.net\/es\/wp-json\/wp\/v2\/product\/15464","targetHints":{"allow":["GET"]}}],"collection":[{"href":"https:\/\/barcelonatours.net\/es\/wp-json\/wp\/v2\/product"}],"about":[{"href":"https:\/\/barcelonatours.net\/es\/wp-json\/wp\/v2\/types\/product"}],"replies":[{"embeddable":true,"href":"https:\/\/barcelonatours.net\/es\/wp-json\/wp\/v2\/comments?post=15464"}],"version-history":[{"count":3,"href":"https:\/\/barcelonatours.net\/es\/wp-json\/wp\/v2\/product\/15464\/revisions"}],"predecessor-version":[{"id":16198,"href":"https:\/\/barcelonatours.net\/es\/wp-json\/wp\/v2\/product\/15464\/revisions\/16198"}],"wp:featuredmedia":[{"embeddable":true,"href":"https:\/\/barcelonatours.net\/es\/wp-json\/wp\/v2\/media\/10584"}],"wp:attachment":[{"href":"https:\/\/barcelonatours.net\/es\/wp-json\/wp\/v2\/media?parent=15464"}],"wp:term":[{"taxonomy":"product_brand","embeddable":true,"href":"https:\/\/barcelonatours.net\/es\/wp-json\/wp\/v2\/product_brand?post=15464"},{"taxonomy":"product_cat","embeddable":true,"href":"https:\/\/barcelonatours.net\/es\/wp-json\/wp\/v2\/product_cat?post=15464"},{"taxonomy":"product_tag","embeddable":true,"href":"https:\/\/barcelonatours.net\/es\/wp-json\/wp\/v2\/product_tag?post=15464"}],"curies":[{"name":"wp","href":"https:\/\/api.w.org\/{rel}","templated":true}]}}