{"id":7766,"date":"2019-09-09T17:15:12","date_gmt":"2019-09-09T15:15:12","guid":{"rendered":"https:\/\/barcelonatours.net\/terms-and-conditions"},"modified":"2024-06-07T11:38:26","modified_gmt":"2024-06-07T09:38:26","slug":"terminos-y-condiciones","status":"publish","type":"page","link":"https:\/\/barcelonatours.net\/es\/terminos-y-condiciones-generales","title":{"rendered":"T\u00e9rminos y Condiciones generales"},"content":{"rendered":"<h2>T\u00c9RMINOS Y CONDICIONES<\/h2>\n<p>En esta p\u00e1gina encontrar\u00e1s los T\u00e9rminos y Condiciones sobre fianzas, cancelaciones, devoluciones, etc.<\/p>\n<h3>PAGOS<\/h3>\n<p>Como agencia de turismo registrada, solicitamos que todos los pagos se efect\u00faen por adelantado. No es posible abonar el importe el mismo d\u00eda para ninguno de los eventos que organizamos salvo en casos muy concretos en los que se establecer\u00eda un acuerdo excepcional con Barcelonatours.net.<\/p>\n<p>Solicitamos un dep\u00f3sito del 20% en el momento de la reserva y el resto del pago se efectuar\u00e1 en la fecha que se indique en el correo de confirmaci\u00f3n. El dep\u00f3sito del 20% no es reembolsable, independientemente del n\u00famero de participantes que asistan al evento. A continuaci\u00f3n se explican las condiciones de pago.<\/p>\n<ul>\n<li>Hasta 40 participantes: el importe restante se abona una semana antes del evento.<\/li>\n<li>A partir de 40 participantes: el importe restante se abona dos semanas antes del evento.<\/li>\n<\/ul>\n<p>Se puede efectuar el pago mediante transferencia bancaria o tarjeta de cr\u00e9dito\/d\u00e9bito. Se aplica un recargo del 1% en todos los pagos que se realicen con tarjeta. En caso de impago, nos reservamos el derecho a pedir que se abone el importe por separado o a cancelar la reserva.<\/p>\n<p>En caso de no pagar la cantidad restante, se cancelar\u00e1 la reserva y no se devolver\u00e1 el dep\u00f3sito del 20%.<\/p>\n<h3>CANCELACIONES<\/h3>\n<p>Dado que las cancelaciones suponen un gasto para BarcelonaTours, nuestra pol\u00edtica de cancelaci\u00f3n es firme.<\/p>\n<h4>En caso de cancelaci\u00f3n por parte del cliente&#8230;<\/h4>\n<p>Se aplicar\u00e1n los recargos siguientes:<\/p>\n<ul>\n<li>M\u00e1s de 4 semanas antes del evento &#8211; 20% del precio total (o dep\u00f3sito acordado).<\/li>\n<li>Entre 4 y 2 semanas antes del evento &#8211; 50% del precio total.<\/li>\n<li>Menos de 2 semanas antes del evento &#8211; 100% del precio total.<\/li>\n<\/ul>\n<h4>Si se reduce el n\u00famero de participantes&#8230;<\/h4>\n<p>En caso de haber participantes que no deseen realizar la actividad, debe comunicarse esta decisi\u00f3n <strong>antes<\/strong> de efectuar el \u00faltimo pago:<\/p>\n<ul>\n<li>Hasta 40 participantes: se debe informar del n\u00famero de personas definitivo una semana antes del evento.<\/li>\n<li>A partir de 40 participantes: se debe informar del n\u00famero de personas definitivo dos semanas antes del evento.<\/li>\n<\/ul>\n<p>Los cambios en cuanto a la cantidad de participantes pueden afectar al precio de la reserva (descuentos que ya no se aplicar\u00edan o cancelaciones por no cumplir con el n\u00famero m\u00ednimo de personas). A continuaci\u00f3n explicamos las condiciones de cancelaci\u00f3n por otros motivos.<\/p>\n<h3>En caso de cancelaci\u00f3n por parte de BarcelonaTours<\/h3>\n<h4>Seguridad<\/h4>\n<p>La seguridad de nuestros clientes es muy importante para nosotros. Si en alguna ocasi\u00f3n tenemos que cancelar una actividad por razones de seguridad, haremos todo lo posible para reprogramar el evento o los eventos en una fecha que se ajuste a los participantes. De no ser posible, reembolsamos el dinero total o parcialmente. Se aplicar\u00e1 un reembolso parcial en los casos en que Barcelona Tours necesite recuperar gastos que haya pagado por adelantado. Tales gastos pueden incluir pero no se limitan al transporte, reserva del espacio, tiempo dedicado a la planificaci\u00f3n del evento, etc.<\/p>\n<p>Barcelona Tours o las empresas colaboradoras ser\u00e1n quienes determinen el grado de seguridad seg\u00fan el d\u00eda y hora programados para la actividad.<\/p>\n<h3>Cancelaci\u00f3n de salidas en barco debido a las condiciones meteorol\u00f3gicas<\/h3>\n<p>En caso de que la organizaci\u00f3n considere que las condiciones meteorol\u00f3gicas no son las adecuadas para navegar, se cancelar\u00e1 la salida en barco. Se ofrecer\u00e1 la opci\u00f3n de elegir entre un reembolso total o la reprogramaci\u00f3n de la salida en otra fecha. Cuando hablamos de condiciones meteorol\u00f3gicas adversas nos referimos a tormenta, viento fuerte o gran oleaje. Si la lluvia y el viento son suaves y el capit\u00e1n considera que se puede navegar sin dificultades, no se cancelar\u00e1 la salida ni se ofrecer\u00e1 el reembolso en caso de no querer subir a bordo.<\/p>\n<p>Para aquellas salidas que se realicen en primavera u oto\u00f1o, cuando el tiempo puede ser m\u00e1s impredecible, recomendamos llevar ropa de abrigo e impermeable.<\/p>\n<h3>Cancelaci\u00f3n por otros motivos<\/h3>\n<ul>\n<li>En caso de haber efectuado el primer pago pero no el importe restante de la reserva.<\/li>\n<li>En caso de declararse insolvente o estar en bancarrota.<\/li>\n<li>En caso de pensar que ofrecer el servicio podr\u00eda da\u00f1ar nuestra imagen y reputaci\u00f3n.<\/li>\n<li>En caso de confirmar que reducir el n\u00famero de participantes acordado en la reserva podr\u00eda dificultar la realizaci\u00f3n del evento o no ser factible.<\/li>\n<\/ul>\n<p>En caso de tener que cancelar la actividad por cualquier motivo explicado anteriormente ofreceremos un reembolso total de cualquier pago hecho por avanzado y dejaremos de tener cualquier responsabilidad u obligaci\u00f3n con la persona que haya realizado la reserva.<br \/>\nTodos los pagos realizados por adelantado se depositan en una cuenta bancaria espec\u00edfica hasta finalizar la actividad o aplicar las pol\u00edticas de cancelaci\u00f3n en acuerdo con la Regulaci\u00f3n del r\u00e9gimen especial de las agencias de viajes de 1992.<\/p>\n<h4>Seguro de responsabilidad civil<\/h4>\n<p>Como agencia de viajes registrada disponemos de los seguros necesarios en cuanto a responsabilidad civil. De todas formas, recomendamos que cada grupo contrate un seguro de viajes para cubrir cualquier tipo de emergencia m\u00e9dica, p\u00e9rdida o robo de objetos personales durante su estancia en Barcelona, e incluso retraso o cancelaciones de los vuelos que puedan afectar a las actividades reservadas con Barcelona Tours.<\/p>\n<p>&nbsp;<\/p>\n<h4>Sostenibilidad<br \/>\nPara nosotros es importante ofrecer experiencias de viaje sostenibles. Barcelona es una ciudad preciosa y depende de todos nosotros que siga as\u00ed. Por lo que pedimos a los turistas que&#8230;<\/h4>\n<ul>\n<li>Compren en tiendas locales.<\/li>\n<li>Usen los contenedores y papeleras en lugar de tirar la basura el suelo.<\/li>\n<li>No dejen basura en las playas.<\/li>\n<li>Reciclen en la medida de lo posible.<\/li>\n<li>Usen botellas de agua o vasos de caf\u00e9 reutilizables.<\/li>\n<li>Respeten a residentes y locales de la ciudad (m\u00e1s informaci\u00f3n en la secci\u00f3n \u00abComportamiento\u00bb).<\/li>\n<\/ul>\n<p>&nbsp;<\/p>\n<h3><strong>Importante: si surgen problemas o dudas durante tu evento:<\/strong><\/h3>\n<p>Nuestra oficina permanece cerrada los viernes a partir de las 17h30 y los fines de semana. En caso de escribirnos por correo electr\u00f3nico, contestaremos el lunes. Rogamos se tenga en cuenta que resulta complicado cambiar los horarios y fechas de los eventos si se avisa con poca antelaci\u00f3n. Por lo que es importante ser puntual y llegar a la hora acordada para cada actividad. Tambi\u00e9n pedimos que los cambios se soliciten \u00fanicamente en caso de emergencias o causas mayores. Si debido a una mala gesti\u00f3n del tiempo no se llega a la hora acordada y no se puede realizar la actividad, no se devolver\u00e1 el dinero.<\/p>\n<h3>Acuerdo<\/h3>\n<p>Nuestros t\u00e9rminos y condiciones no afectan a los derechos estatuarios del consumidor. Al reservar un producto o servicio con Barcelonatours.net se est\u00e1n aceptando estos t\u00e9rminos y condiciones.<\/p>\n<p>Para saber m\u00e1s sobre los t\u00e9rminos y condiciones generales expuestos anteriormente, puedes contactar con nosotros, o entrar en la secci\u00f3n de <a href=\"https:\/\/barcelonatours.net\/faqs\/\">Preguntas frecuentes<\/a>.<\/p>\n","protected":false},"excerpt":{"rendered":"<p>T\u00c9RMINOS Y CONDICIONES En esta p\u00e1gina encontrar\u00e1s los T\u00e9rminos y Condiciones sobre fianzas, cancelaciones, devoluciones, etc. PAGOS Como agencia de turismo registrada, solicitamos que todos los pagos se efect\u00faen por adelantado. No es posible abonar el importe el mismo d\u00eda para ninguno de los eventos que organizamos salvo en casos muy concretos en los que<\/p>\n<div class=\"padding-top text-center\"><a href=\"https:\/\/barcelonatours.net\/es\/terminos-y-condiciones-generales\" class=\"atbtn atbtn--medium atbtn--rounded atbtn--transparent\">Read more<i class=\"atbtn__icon atbtn__icon--right fa fa-long-arrow-right\"><\/i><\/a><\/div>\n","protected":false},"author":1,"featured_media":0,"parent":0,"menu_order":0,"comment_status":"closed","ping_status":"closed","template":"","meta":{"footnotes":""},"class_list":["post-7766","page","type-page","status-publish","hentry"],"yoast_head":"<!-- This site is optimized with the Yoast SEO plugin v27.3 - https:\/\/yoast.com\/product\/yoast-seo-wordpress\/ -->\n<title>T\u00e9rminos y Condiciones - Reservas - Pagos | BarcelonaTours<\/title>\n<meta name=\"description\" content=\"T\u00e9rminos y Condiciones sobre reservas, pagos, cancelaciones y mucho m\u00e1s. No dudes en ponerte en contacto con nosotros para recibir m\u00e1s informaci\u00f3n.\" \/>\n<meta name=\"robots\" content=\"index, follow, max-snippet:-1, max-image-preview:large, max-video-preview:-1\" \/>\n<link rel=\"canonical\" href=\"https:\/\/barcelonatours.net\/es\/terminos-y-condiciones-generales\" \/>\n<meta property=\"og:locale\" content=\"es_ES\" \/>\n<meta property=\"og:type\" content=\"article\" \/>\n<meta property=\"og:title\" content=\"T\u00e9rminos y Condiciones - Reservas - Pagos | BarcelonaTours\" \/>\n<meta property=\"og:description\" content=\"T\u00e9rminos y Condiciones sobre reservas, pagos, cancelaciones y mucho m\u00e1s. No dudes en ponerte en contacto con nosotros para recibir m\u00e1s informaci\u00f3n.\" \/>\n<meta property=\"og:url\" content=\"https:\/\/barcelonatours.net\/es\/terminos-y-condiciones-generales\" \/>\n<meta property=\"og:site_name\" content=\"BarcelonaTours.net\" \/>\n<meta property=\"article:publisher\" content=\"https:\/\/www.facebook.com\/BarcelonaTours.net\/\" \/>\n<meta property=\"article:modified_time\" content=\"2024-06-07T09:38:26+00:00\" \/>\n<meta property=\"og:image\" content=\"https:\/\/barcelonatours.net\/wp-content\/uploads\/2026\/04\/BarcelonaTours-imagen-web.jpg\" \/>\n\t<meta property=\"og:image:width\" content=\"1201\" \/>\n\t<meta property=\"og:image:height\" content=\"675\" \/>\n\t<meta property=\"og:image:type\" content=\"image\/jpeg\" \/>\n<meta name=\"twitter:card\" content=\"summary_large_image\" \/>\n<meta name=\"twitter:site\" content=\"@BarcelonaTours1\" \/>\n<meta name=\"twitter:label1\" content=\"Tiempo de lectura\" \/>\n\t<meta name=\"twitter:data1\" content=\"5 minutos\" \/>\n<script type=\"application\/ld+json\" class=\"yoast-schema-graph\">{\"@context\":\"https:\\\/\\\/schema.org\",\"@graph\":[{\"@type\":\"WebPage\",\"@id\":\"https:\\\/\\\/barcelonatours.net\\\/es\\\/terminos-y-condiciones-generales\",\"url\":\"https:\\\/\\\/barcelonatours.net\\\/es\\\/terminos-y-condiciones-generales\",\"name\":\"T\u00e9rminos y Condiciones - Reservas - Pagos | BarcelonaTours\",\"isPartOf\":{\"@id\":\"https:\\\/\\\/barcelonatours.net\\\/es#website\"},\"datePublished\":\"2019-09-09T15:15:12+00:00\",\"dateModified\":\"2024-06-07T09:38:26+00:00\",\"description\":\"T\u00e9rminos y Condiciones sobre reservas, pagos, cancelaciones y mucho m\u00e1s. No dudes en ponerte en contacto con nosotros para recibir m\u00e1s informaci\u00f3n.\",\"breadcrumb\":{\"@id\":\"https:\\\/\\\/barcelonatours.net\\\/es\\\/terminos-y-condiciones-generales#breadcrumb\"},\"inLanguage\":\"es\",\"potentialAction\":[{\"@type\":\"ReadAction\",\"target\":[\"https:\\\/\\\/barcelonatours.net\\\/es\\\/terminos-y-condiciones-generales\"]}]},{\"@type\":\"BreadcrumbList\",\"@id\":\"https:\\\/\\\/barcelonatours.net\\\/es\\\/terminos-y-condiciones-generales#breadcrumb\",\"itemListElement\":[{\"@type\":\"ListItem\",\"position\":1,\"name\":\"Home\",\"item\":\"https:\\\/\\\/barcelonatours.net\\\/es\"},{\"@type\":\"ListItem\",\"position\":2,\"name\":\"T\u00e9rminos y Condiciones generales\"}]},{\"@type\":\"WebSite\",\"@id\":\"https:\\\/\\\/barcelonatours.net\\\/es#website\",\"url\":\"https:\\\/\\\/barcelonatours.net\\\/es\",\"name\":\"BarcelonaTours.net\",\"description\":\"The best tours and team building activities of Barcelona\",\"publisher\":{\"@id\":\"https:\\\/\\\/barcelonatours.net\\\/es#organization\"},\"alternateName\":\"Corporate event agency based in Barcelona\",\"potentialAction\":[{\"@type\":\"SearchAction\",\"target\":{\"@type\":\"EntryPoint\",\"urlTemplate\":\"https:\\\/\\\/barcelonatours.net\\\/es?s={search_term_string}\"},\"query-input\":{\"@type\":\"PropertyValueSpecification\",\"valueRequired\":true,\"valueName\":\"search_term_string\"}}],\"inLanguage\":\"es\"},{\"@type\":\"Organization\",\"@id\":\"https:\\\/\\\/barcelonatours.net\\\/es#organization\",\"name\":\"Barcelona Tours\",\"url\":\"https:\\\/\\\/barcelonatours.net\\\/es\",\"logo\":{\"@type\":\"ImageObject\",\"inLanguage\":\"es\",\"@id\":\"https:\\\/\\\/barcelonatours.net\\\/es#\\\/schema\\\/logo\\\/image\\\/\",\"url\":\"https:\\\/\\\/barcelonatours.net\\\/wp-content\\\/uploads\\\/2019\\\/04\\\/bcn_tours_logo-e1556215659835.png\",\"contentUrl\":\"https:\\\/\\\/barcelonatours.net\\\/wp-content\\\/uploads\\\/2019\\\/04\\\/bcn_tours_logo-e1556215659835.png\",\"width\":250,\"height\":89,\"caption\":\"Barcelona Tours\"},\"image\":{\"@id\":\"https:\\\/\\\/barcelonatours.net\\\/es#\\\/schema\\\/logo\\\/image\\\/\"},\"sameAs\":[\"https:\\\/\\\/www.facebook.com\\\/BarcelonaTours.net\\\/\",\"https:\\\/\\\/x.com\\\/BarcelonaTours1\",\"https:\\\/\\\/www.instagram.com\\\/barcelonatours\\\/\"]}]}<\/script>\n<!-- \/ Yoast SEO plugin. -->","yoast_head_json":{"title":"T\u00e9rminos y Condiciones - Reservas - Pagos | BarcelonaTours","description":"T\u00e9rminos y Condiciones sobre reservas, pagos, cancelaciones y mucho m\u00e1s. No dudes en ponerte en contacto con nosotros para recibir m\u00e1s informaci\u00f3n.","robots":{"index":"index","follow":"follow","max-snippet":"max-snippet:-1","max-image-preview":"max-image-preview:large","max-video-preview":"max-video-preview:-1"},"canonical":"https:\/\/barcelonatours.net\/es\/terminos-y-condiciones-generales","og_locale":"es_ES","og_type":"article","og_title":"T\u00e9rminos y Condiciones - Reservas - Pagos | BarcelonaTours","og_description":"T\u00e9rminos y Condiciones sobre reservas, pagos, cancelaciones y mucho m\u00e1s. No dudes en ponerte en contacto con nosotros para recibir m\u00e1s informaci\u00f3n.","og_url":"https:\/\/barcelonatours.net\/es\/terminos-y-condiciones-generales","og_site_name":"BarcelonaTours.net","article_publisher":"https:\/\/www.facebook.com\/BarcelonaTours.net\/","article_modified_time":"2024-06-07T09:38:26+00:00","og_image":[{"width":1201,"height":675,"url":"https:\/\/barcelonatours.net\/wp-content\/uploads\/2026\/04\/BarcelonaTours-imagen-web.jpg","type":"image\/jpeg"}],"twitter_card":"summary_large_image","twitter_site":"@BarcelonaTours1","twitter_misc":{"Tiempo de lectura":"5 minutos"},"schema":{"@context":"https:\/\/schema.org","@graph":[{"@type":"WebPage","@id":"https:\/\/barcelonatours.net\/es\/terminos-y-condiciones-generales","url":"https:\/\/barcelonatours.net\/es\/terminos-y-condiciones-generales","name":"T\u00e9rminos y Condiciones - Reservas - Pagos | BarcelonaTours","isPartOf":{"@id":"https:\/\/barcelonatours.net\/es#website"},"datePublished":"2019-09-09T15:15:12+00:00","dateModified":"2024-06-07T09:38:26+00:00","description":"T\u00e9rminos y Condiciones sobre reservas, pagos, cancelaciones y mucho m\u00e1s. No dudes en ponerte en contacto con nosotros para recibir m\u00e1s informaci\u00f3n.","breadcrumb":{"@id":"https:\/\/barcelonatours.net\/es\/terminos-y-condiciones-generales#breadcrumb"},"inLanguage":"es","potentialAction":[{"@type":"ReadAction","target":["https:\/\/barcelonatours.net\/es\/terminos-y-condiciones-generales"]}]},{"@type":"BreadcrumbList","@id":"https:\/\/barcelonatours.net\/es\/terminos-y-condiciones-generales#breadcrumb","itemListElement":[{"@type":"ListItem","position":1,"name":"Home","item":"https:\/\/barcelonatours.net\/es"},{"@type":"ListItem","position":2,"name":"T\u00e9rminos y Condiciones generales"}]},{"@type":"WebSite","@id":"https:\/\/barcelonatours.net\/es#website","url":"https:\/\/barcelonatours.net\/es","name":"BarcelonaTours.net","description":"The best tours and team building activities of Barcelona","publisher":{"@id":"https:\/\/barcelonatours.net\/es#organization"},"alternateName":"Corporate event agency based in Barcelona","potentialAction":[{"@type":"SearchAction","target":{"@type":"EntryPoint","urlTemplate":"https:\/\/barcelonatours.net\/es?s={search_term_string}"},"query-input":{"@type":"PropertyValueSpecification","valueRequired":true,"valueName":"search_term_string"}}],"inLanguage":"es"},{"@type":"Organization","@id":"https:\/\/barcelonatours.net\/es#organization","name":"Barcelona Tours","url":"https:\/\/barcelonatours.net\/es","logo":{"@type":"ImageObject","inLanguage":"es","@id":"https:\/\/barcelonatours.net\/es#\/schema\/logo\/image\/","url":"https:\/\/barcelonatours.net\/wp-content\/uploads\/2019\/04\/bcn_tours_logo-e1556215659835.png","contentUrl":"https:\/\/barcelonatours.net\/wp-content\/uploads\/2019\/04\/bcn_tours_logo-e1556215659835.png","width":250,"height":89,"caption":"Barcelona Tours"},"image":{"@id":"https:\/\/barcelonatours.net\/es#\/schema\/logo\/image\/"},"sameAs":["https:\/\/www.facebook.com\/BarcelonaTours.net\/","https:\/\/x.com\/BarcelonaTours1","https:\/\/www.instagram.com\/barcelonatours\/"]}]}},"_links":{"self":[{"href":"https:\/\/barcelonatours.net\/es\/wp-json\/wp\/v2\/pages\/7766","targetHints":{"allow":["GET"]}}],"collection":[{"href":"https:\/\/barcelonatours.net\/es\/wp-json\/wp\/v2\/pages"}],"about":[{"href":"https:\/\/barcelonatours.net\/es\/wp-json\/wp\/v2\/types\/page"}],"author":[{"embeddable":true,"href":"https:\/\/barcelonatours.net\/es\/wp-json\/wp\/v2\/users\/1"}],"replies":[{"embeddable":true,"href":"https:\/\/barcelonatours.net\/es\/wp-json\/wp\/v2\/comments?post=7766"}],"version-history":[{"count":0,"href":"https:\/\/barcelonatours.net\/es\/wp-json\/wp\/v2\/pages\/7766\/revisions"}],"wp:attachment":[{"href":"https:\/\/barcelonatours.net\/es\/wp-json\/wp\/v2\/media?parent=7766"}],"curies":[{"name":"wp","href":"https:\/\/api.w.org\/{rel}","templated":true}]}}