{"id":7317,"date":"2021-01-13T13:27:54","date_gmt":"2021-01-13T12:27:54","guid":{"rendered":"https:\/\/barcelonatours.net\/tickets-and-attractions"},"modified":"2025-12-29T15:28:11","modified_gmt":"2025-12-29T14:28:11","slug":"entradas-y-atracciones","status":"publish","type":"page","link":"https:\/\/barcelonatours.net\/es\/ticket-atracciones","title":{"rendered":"Entradas y Principales Atracciones en Barcelona"},"content":{"rendered":"<div class=\"wpb-content-wrapper\">[vc_row][vc_column][vc_column_text]\n<div class=\"row\">\n<div class=\"col4\"><button class=\"button button--with-icon\" style=\"background-color: #e11754;\" type=\"submit\"><a style=\"display: contents; color: white;\" href=\"\/quote\">Get a quote<\/a><\/button><\/div>\n<\/div>\n[\/vc_column_text][\/vc_column][\/vc_row][vc_row][vc_column]<div class=\"title title--big title--center title--underline title--decoration-bottom-center\">\n\t\t\t<div class=\"title__subtitle\">Actividades Team Building--Tours Privados--Salidas en Barco--Cenas de Empresa--Traslados para grupos<\/div>\n\t\t<h3 class=\"title__primary\">Entradas y atracciones en barcelona<\/h3>\n<\/div>\n[\/vc_column][\/vc_row][vc_row][vc_column][\/vc_column][vc_column_text][\/vc_column_text][\/vc_row][vc_row][vc_column][\/vc_column][\/vc_row][vc_row][vc_column][vc_column_text css=\u00bb\u00bb][vc_row][vc_column width=\u00bb1\/1&#8243;][vc_column_text]\n<h2><b>Principales Atracciones en Barcelona<\/b><\/h2>\n<p><span style=\"font-weight: 400;\">Barcelona cuenta con extraordinarios espacios de inter\u00e9s tur\u00edstico, lo que la convierten en una de las ciudades m\u00e1s visitadas de todo el mundo. Desde Barcelona Tours te ofrecemos acceso a las mejores atracciones tur\u00edsticas de Barcelona. Dado que son las m\u00e1s conocidas, las entradas suelen agotarse muy r\u00e1pido, sobre todo en temporada alta (abril &#8211; octubre). Por eso, recomendamos que planifiques tu visita con antelaci\u00f3n.<\/span><\/p>\n<p>Ofrecemos el servicio de compra de entradas para cualquier atracci\u00f3n para su grupo (a partir de 12 personas), solo cobramos una tarifa de reserva del 10% adicional por el servicio.<\/p>\n<h2><b>Entradas en Barcelona\u00a0<\/b><\/h2>\n<p><span style=\"font-weight: 400;\">Para disfrutar de una mayor experiencia a la hora de visitar lugares emblem\u00e1ticos en Barcelona, lo mejor es comprar una entrada que te permita el acceso al recinto. Dejar este tipo de cosas para el \u00faltimo momento puede traducirse en horas de espera, o incluso en cambiar el plan del d\u00eda para adaptarte a los horarios que quedan disponibles. Con nuestro sistema de reservas en l\u00ednea puedes planificar tu viaje sin contratiempos. <\/span><\/p>\n<h2><b>Lo mejor de Gaud\u00ed en Barcelona<\/b><\/h2>\n<p><span style=\"font-weight: 400;\">Barcelona no solo ofrece playas animadas, sino que tambi\u00e9n cuenta con el legado que dej\u00f3 <a href=\"https:\/\/barcelonatours.net\/es\/excursiones\/ruta-gaudi-barcelona\" target=\"_blank\" rel=\"noopener\">Antoni Gaudi<\/a>. Su arquitectura distintiva confiri\u00f3 una hermosa marca a la ciudad. <\/span><span style=\"font-weight: 400;\">Gaud\u00ed fue un arquitecto muy influenciado por el movimiento modernista. Si nos fijamos en la <strong>Sagrada Fam\u00edlia<\/strong> (la famosa bas\u00edlica inacabada) o la <strong>Casa Batll\u00f3<\/strong> (el edificio tan peculiar que se encuentra en Passeig de Gr\u00e0cia), observaremos que las dos construcciones est\u00e1n hechas por Gaud\u00ed y que ambas forman parte de las atracciones tur\u00edsticas m\u00e1s visitadas de Barcelona. \u00a1Pero no son las \u00fanicas! No te olvides de visitar tambi\u00e9n el <strong>Parc G\u00fcell y La Pedrera<\/strong>.<\/span><\/p>\n<h2><b>Transporte en Barcelona y Ofertas en museos<\/b><\/h2>\n<p><span style=\"font-weight: 400;\">Moverse por Barcelona es f\u00e1cil gracias a la gran red de transportes que conectan las principales atracciones tur\u00edsticas entre s\u00ed. <strong>Reserva tus entradas con Barcelona Tours<\/strong> y optimiza tanto tu tiempo como tu dinero. <\/span><\/p>\n<p><span style=\"font-weight: 400;\">La red de metro de Barcelona es fiable, limpia y muy f\u00e1cil de usar. Descubre nuestras propuestas para ahorrar tiempo y dinero en transporte mientras visitas la ciudad. Para aquellas personas que quieran aprovechar al m\u00e1ximo su viaje y visitar el mayor n\u00famero de atracciones tur\u00edsticas en Barcelona, recomendamos comprar la <strong>Barcelona Card<\/strong>. Se trata de una tarjeta con la que puedes acceder gratis a los diferentes transportes p\u00fablicos, m\u00e1s de 25 museos, entre otros lugares de inter\u00e9s. <\/span><\/p>\n<h2><b>Las mejores atracciones tur\u00edsticas de Barcelona<\/b><\/h2>\n<ul>\n<li>Sagrada Familia<\/li>\n<li>Park G\u00fcell<\/li>\n<li>Casa Batll\u00f3<\/li>\n<li>Casa Mil\u00e0 (La Pedrera)<\/li>\n<li>Museo y Tour del FC Barcelona (Camp Nou)<\/li>\n<li>Museo Picasso<\/li>\n<li>Fundaci\u00f3n Joan Mir\u00f3<\/li>\n<li>MACBA (Museo de Arte Contempor\u00e1neo de Barcelona)<\/li>\n<li>Museo Nacional de Arte de Catalu\u00f1a (MNAC)<\/li>\n<li>Acuario de Barcelona<\/li>\n<li>Zoo de Barcelona<\/li>\n<li>Parque de Atracciones Tibidabo<\/li>\n<li>Fuente M\u00e1gica de Montju\u00efc<\/li>\n<li>Recorrido a pie por el Barrio G\u00f3tico (aunque es un recorrido, a menudo se necesitan entradas\/reservas)<\/li>\n<li>Las Ramblas (aunque es una calle, algunas atracciones espec\u00edficas a lo largo de la misma pueden requerir entradas)<\/li>\n<li>Mercado de La Boqueria (aunque es un mercado, algunos puestos de comida o experiencias espec\u00edficas pueden requerir entradas)<\/li>\n<li>B\u00fankers del Carmel (mirador popular)<\/li>\n<li>Poble Espanyol (Pueblo Espa\u00f1ol)<\/li>\n<li>Museo Mar\u00edtimo de Barcelona<\/li>\n<li>CosmoCaixa Barcelona (Museo de la Ciencia)<\/li>\n<\/ul>\n<p>Ofrecemos el servicio de compra de entradas para cualquier atracci\u00f3n para su grupo (a partir de 12 personas), solo cobramos una tarifa de reserva del 10% adicional por el servicio.<\/p>\n<p>&nbsp;<\/p>\n<p>&nbsp;<\/p>\n<p><span style=\"font-size: 14pt;\"><em><strong>Pide un presupuesto rapido:\u00a0 Email: <a href=\"mailto:enquiry@barcelonatours.net\" data-cke-saved-href=\"mailto:enquiry@barcelonatours.net\">info@barcelonatours.net<\/a>\u00a0\u00a0 Tel\/W&#8217;App:\u00a0 <a href=\"tel: +34658768333\">+34 658 768 333<\/a><\/strong><\/em><\/span><\/p>\n<p>&nbsp;<\/p>\n<p><span style=\"font-size: 14pt;\"><em><strong> Clientes satisfechos, lo que dicen de nosotros:\u00a0 \u00a0\u2b50\ufe0f\u2b50\ufe0f\u2b50\ufe0f\u2b50\ufe0f\u2b50\ufe0f <a href=\"https:\/\/www.google.com\/maps\/place\/BarcelonaTours.net\/@41.406933,2.1567085,17z\/data=!3m1!5s0x12a4a2e9f0c7847d:0xe1ddc3cf1f5a665f!4m8!3m7!1s0x12a4a2a5c1e2257d:0xcab7dbbfc67e084a!8m2!3d41.406933!4d2.1567085!9m1!1b1!16s%2Fg%2F12lk5ddc3?hl=en-US&amp;entry=ttu&amp;g_ep=EgoyMDI1MDExNS4wIKXMDSoASAFQAw%3D%3D\">rese\u00f1as de Google<\/a><\/strong><\/em><\/span><\/p>\n<p>&nbsp;<\/p>\n<p><span style=\"font-size: 14pt;\"><em><strong>Algun reportaje de los eventos hechos:\u00a0 <a href=\"https:\/\/www.linkedin.com\/company\/1708408\/admin\/page-posts\/published\/\">publicaciones en Linkedin<\/a><\/strong><\/em><\/span>[\/vc_column_text][\/vc_column][\/vc_row][vc_row][vc_column][vc_empty_space height=\u00bb30px\u00bb][vc_raw_html css=\u00bb\u00bb]JTVCdHJ1c3RpbmRleCUyMG5vLXJlZ2lzdHJhdGlvbiUzRGdvb2dsZSU1RA==[\/vc_raw_html][vc_empty_space height=\u00bb30px\u00bb][\/vc_column][\/vc_row]\n<\/p><\/div>","protected":false},"excerpt":{"rendered":"<p>[vc_row][vc_column][vc_column_text] Get a quote [\/vc_column_text][\/vc_column][\/vc_row][vc_row][vc_column][\/vc_column][\/vc_row][vc_row][vc_column][\/vc_column][vc_column_text][\/vc_column_text][\/vc_row][vc_row][vc_column][\/vc_column][\/vc_row][vc_row][vc_column][vc_column_text css=\u00bb\u00bb][vc_row][vc_column width=\u00bb1\/1&#8243;][vc_column_text] Principales Atracciones en Barcelona Barcelona cuenta con extraordinarios espacios de inter\u00e9s tur\u00edstico, lo que la convierten en una de las ciudades m\u00e1s visitadas de todo el mundo. Desde Barcelona Tours te ofrecemos acceso a las mejores atracciones tur\u00edsticas de Barcelona. Dado que son las m\u00e1s conocidas, las entradas<\/p>\n<div class=\"padding-top text-center\"><a href=\"https:\/\/barcelonatours.net\/es\/ticket-atracciones\" class=\"atbtn atbtn--medium atbtn--rounded atbtn--transparent\">Read more<i class=\"atbtn__icon atbtn__icon--right fa fa-long-arrow-right\"><\/i><\/a><\/div>\n","protected":false},"author":1,"featured_media":0,"parent":0,"menu_order":0,"comment_status":"closed","ping_status":"closed","template":"","meta":{"footnotes":""},"class_list":["post-7317","page","type-page","status-publish","hentry"],"yoast_head":"<!-- This site is optimized with the Yoast SEO plugin v27.4 - https:\/\/yoast.com\/product\/yoast-seo-wordpress\/ -->\n<title>Principales Atracciones en Barcelona -- Compra de Entradas<\/title>\n<meta name=\"description\" content=\"Comprar tus entradas para atracciones tur\u00edsticas en Barcelona aqu\u00ed. Disfruta de lo mejor que ofrece Barcelona.\" \/>\n<meta name=\"robots\" content=\"index, follow, max-snippet:-1, max-image-preview:large, max-video-preview:-1\" \/>\n<link rel=\"canonical\" href=\"https:\/\/barcelonatours.net\/es\/ticket-atracciones\" \/>\n<meta property=\"og:locale\" content=\"es_ES\" \/>\n<meta property=\"og:type\" content=\"article\" \/>\n<meta property=\"og:title\" content=\"Principales Atracciones en Barcelona -- Compra de Entradas\" \/>\n<meta property=\"og:description\" content=\"Comprar tus entradas para atracciones tur\u00edsticas en Barcelona aqu\u00ed. Disfruta de lo mejor que ofrece Barcelona.\" \/>\n<meta property=\"og:url\" content=\"https:\/\/barcelonatours.net\/es\/ticket-atracciones\" \/>\n<meta property=\"og:site_name\" content=\"BarcelonaTours.net\" \/>\n<meta property=\"article:publisher\" content=\"https:\/\/www.facebook.com\/BarcelonaTours.net\/\" \/>\n<meta property=\"article:modified_time\" content=\"2025-12-29T14:28:11+00:00\" \/>\n<meta property=\"og:image\" content=\"https:\/\/barcelonatours.net\/wp-content\/uploads\/2026\/04\/BarcelonaTours-imagen-web.jpg\" \/>\n\t<meta property=\"og:image:width\" content=\"1201\" \/>\n\t<meta property=\"og:image:height\" content=\"675\" \/>\n\t<meta property=\"og:image:type\" content=\"image\/jpeg\" \/>\n<meta name=\"twitter:card\" content=\"summary_large_image\" \/>\n<meta name=\"twitter:site\" content=\"@BarcelonaTours1\" \/>\n<meta name=\"twitter:label1\" content=\"Tiempo de lectura\" \/>\n\t<meta name=\"twitter:data1\" content=\"11 minutos\" \/>\n<script type=\"application\/ld+json\" class=\"yoast-schema-graph\">{\"@context\":\"https:\\\/\\\/schema.org\",\"@graph\":[{\"@type\":\"WebPage\",\"@id\":\"https:\\\/\\\/barcelonatours.net\\\/es\\\/ticket-atracciones\",\"url\":\"https:\\\/\\\/barcelonatours.net\\\/es\\\/ticket-atracciones\",\"name\":\"Principales Atracciones en Barcelona -- Compra de Entradas\",\"isPartOf\":{\"@id\":\"https:\\\/\\\/barcelonatours.net\\\/es#website\"},\"datePublished\":\"2021-01-13T12:27:54+00:00\",\"dateModified\":\"2025-12-29T14:28:11+00:00\",\"description\":\"Comprar tus entradas para atracciones tur\u00edsticas en Barcelona aqu\u00ed. Disfruta de lo mejor que ofrece Barcelona.\",\"breadcrumb\":{\"@id\":\"https:\\\/\\\/barcelonatours.net\\\/es\\\/ticket-atracciones#breadcrumb\"},\"inLanguage\":\"es\",\"potentialAction\":[{\"@type\":\"ReadAction\",\"target\":[\"https:\\\/\\\/barcelonatours.net\\\/es\\\/ticket-atracciones\"]}]},{\"@type\":\"BreadcrumbList\",\"@id\":\"https:\\\/\\\/barcelonatours.net\\\/es\\\/ticket-atracciones#breadcrumb\",\"itemListElement\":[{\"@type\":\"ListItem\",\"position\":1,\"name\":\"Home\",\"item\":\"https:\\\/\\\/barcelonatours.net\\\/es\"},{\"@type\":\"ListItem\",\"position\":2,\"name\":\"Entradas y Principales Atracciones en Barcelona\"}]},{\"@type\":\"WebSite\",\"@id\":\"https:\\\/\\\/barcelonatours.net\\\/es#website\",\"url\":\"https:\\\/\\\/barcelonatours.net\\\/es\",\"name\":\"BarcelonaTours.net\",\"description\":\"The best tours and team building activities of Barcelona\",\"publisher\":{\"@id\":\"https:\\\/\\\/barcelonatours.net\\\/es#organization\"},\"alternateName\":\"Corporate event agency based in Barcelona\",\"potentialAction\":[{\"@type\":\"SearchAction\",\"target\":{\"@type\":\"EntryPoint\",\"urlTemplate\":\"https:\\\/\\\/barcelonatours.net\\\/es?s={search_term_string}\"},\"query-input\":{\"@type\":\"PropertyValueSpecification\",\"valueRequired\":true,\"valueName\":\"search_term_string\"}}],\"inLanguage\":\"es\"},{\"@type\":\"Organization\",\"@id\":\"https:\\\/\\\/barcelonatours.net\\\/es#organization\",\"name\":\"Barcelona Tours\",\"url\":\"https:\\\/\\\/barcelonatours.net\\\/es\",\"logo\":{\"@type\":\"ImageObject\",\"inLanguage\":\"es\",\"@id\":\"https:\\\/\\\/barcelonatours.net\\\/es#\\\/schema\\\/logo\\\/image\\\/\",\"url\":\"https:\\\/\\\/barcelonatours.net\\\/wp-content\\\/uploads\\\/2019\\\/04\\\/bcn_tours_logo-e1556215659835.png\",\"contentUrl\":\"https:\\\/\\\/barcelonatours.net\\\/wp-content\\\/uploads\\\/2019\\\/04\\\/bcn_tours_logo-e1556215659835.png\",\"width\":250,\"height\":89,\"caption\":\"Barcelona Tours\"},\"image\":{\"@id\":\"https:\\\/\\\/barcelonatours.net\\\/es#\\\/schema\\\/logo\\\/image\\\/\"},\"sameAs\":[\"https:\\\/\\\/www.facebook.com\\\/BarcelonaTours.net\\\/\",\"https:\\\/\\\/x.com\\\/BarcelonaTours1\",\"https:\\\/\\\/www.instagram.com\\\/barcelonatours\\\/\"]}]}<\/script>\n<!-- \/ Yoast SEO plugin. -->","yoast_head_json":{"title":"Principales Atracciones en Barcelona -- Compra de Entradas","description":"Comprar tus entradas para atracciones tur\u00edsticas en Barcelona aqu\u00ed. Disfruta de lo mejor que ofrece Barcelona.","robots":{"index":"index","follow":"follow","max-snippet":"max-snippet:-1","max-image-preview":"max-image-preview:large","max-video-preview":"max-video-preview:-1"},"canonical":"https:\/\/barcelonatours.net\/es\/ticket-atracciones","og_locale":"es_ES","og_type":"article","og_title":"Principales Atracciones en Barcelona -- Compra de Entradas","og_description":"Comprar tus entradas para atracciones tur\u00edsticas en Barcelona aqu\u00ed. Disfruta de lo mejor que ofrece Barcelona.","og_url":"https:\/\/barcelonatours.net\/es\/ticket-atracciones","og_site_name":"BarcelonaTours.net","article_publisher":"https:\/\/www.facebook.com\/BarcelonaTours.net\/","article_modified_time":"2025-12-29T14:28:11+00:00","og_image":[{"width":1201,"height":675,"url":"https:\/\/barcelonatours.net\/wp-content\/uploads\/2026\/04\/BarcelonaTours-imagen-web.jpg","type":"image\/jpeg"}],"twitter_card":"summary_large_image","twitter_site":"@BarcelonaTours1","twitter_misc":{"Tiempo de lectura":"11 minutos"},"schema":{"@context":"https:\/\/schema.org","@graph":[{"@type":"WebPage","@id":"https:\/\/barcelonatours.net\/es\/ticket-atracciones","url":"https:\/\/barcelonatours.net\/es\/ticket-atracciones","name":"Principales Atracciones en Barcelona -- Compra de Entradas","isPartOf":{"@id":"https:\/\/barcelonatours.net\/es#website"},"datePublished":"2021-01-13T12:27:54+00:00","dateModified":"2025-12-29T14:28:11+00:00","description":"Comprar tus entradas para atracciones tur\u00edsticas en Barcelona aqu\u00ed. Disfruta de lo mejor que ofrece Barcelona.","breadcrumb":{"@id":"https:\/\/barcelonatours.net\/es\/ticket-atracciones#breadcrumb"},"inLanguage":"es","potentialAction":[{"@type":"ReadAction","target":["https:\/\/barcelonatours.net\/es\/ticket-atracciones"]}]},{"@type":"BreadcrumbList","@id":"https:\/\/barcelonatours.net\/es\/ticket-atracciones#breadcrumb","itemListElement":[{"@type":"ListItem","position":1,"name":"Home","item":"https:\/\/barcelonatours.net\/es"},{"@type":"ListItem","position":2,"name":"Entradas y Principales Atracciones en Barcelona"}]},{"@type":"WebSite","@id":"https:\/\/barcelonatours.net\/es#website","url":"https:\/\/barcelonatours.net\/es","name":"BarcelonaTours.net","description":"The best tours and team building activities of Barcelona","publisher":{"@id":"https:\/\/barcelonatours.net\/es#organization"},"alternateName":"Corporate event agency based in Barcelona","potentialAction":[{"@type":"SearchAction","target":{"@type":"EntryPoint","urlTemplate":"https:\/\/barcelonatours.net\/es?s={search_term_string}"},"query-input":{"@type":"PropertyValueSpecification","valueRequired":true,"valueName":"search_term_string"}}],"inLanguage":"es"},{"@type":"Organization","@id":"https:\/\/barcelonatours.net\/es#organization","name":"Barcelona Tours","url":"https:\/\/barcelonatours.net\/es","logo":{"@type":"ImageObject","inLanguage":"es","@id":"https:\/\/barcelonatours.net\/es#\/schema\/logo\/image\/","url":"https:\/\/barcelonatours.net\/wp-content\/uploads\/2019\/04\/bcn_tours_logo-e1556215659835.png","contentUrl":"https:\/\/barcelonatours.net\/wp-content\/uploads\/2019\/04\/bcn_tours_logo-e1556215659835.png","width":250,"height":89,"caption":"Barcelona Tours"},"image":{"@id":"https:\/\/barcelonatours.net\/es#\/schema\/logo\/image\/"},"sameAs":["https:\/\/www.facebook.com\/BarcelonaTours.net\/","https:\/\/x.com\/BarcelonaTours1","https:\/\/www.instagram.com\/barcelonatours\/"]}]}},"_links":{"self":[{"href":"https:\/\/barcelonatours.net\/es\/wp-json\/wp\/v2\/pages\/7317","targetHints":{"allow":["GET"]}}],"collection":[{"href":"https:\/\/barcelonatours.net\/es\/wp-json\/wp\/v2\/pages"}],"about":[{"href":"https:\/\/barcelonatours.net\/es\/wp-json\/wp\/v2\/types\/page"}],"author":[{"embeddable":true,"href":"https:\/\/barcelonatours.net\/es\/wp-json\/wp\/v2\/users\/1"}],"replies":[{"embeddable":true,"href":"https:\/\/barcelonatours.net\/es\/wp-json\/wp\/v2\/comments?post=7317"}],"version-history":[{"count":5,"href":"https:\/\/barcelonatours.net\/es\/wp-json\/wp\/v2\/pages\/7317\/revisions"}],"predecessor-version":[{"id":15722,"href":"https:\/\/barcelonatours.net\/es\/wp-json\/wp\/v2\/pages\/7317\/revisions\/15722"}],"wp:attachment":[{"href":"https:\/\/barcelonatours.net\/es\/wp-json\/wp\/v2\/media?parent=7317"}],"curies":[{"name":"wp","href":"https:\/\/api.w.org\/{rel}","templated":true}]}}