{"id":7131,"date":"2015-07-16T16:00:39","date_gmt":"2015-07-16T16:00:39","guid":{"rendered":"https:\/\/barcelonatours.net\/quote"},"modified":"2025-12-09T19:21:55","modified_gmt":"2025-12-09T18:21:55","slug":"contacto","status":"publish","type":"page","link":"https:\/\/barcelonatours.net\/es\/contacto","title":{"rendered":"Contacto"},"content":{"rendered":"<div class=\"wpb-content-wrapper\">[vc_row el_class=&#8221;margin-bottom&#8221;][vc_column width=&#8221;1\/3&#8243; offset=&#8221;vc_col-md-4&#8243;]<div class=\"title\">\n\t\t\t<div class=\"title__subtitle\">Reserva tu actividad<\/div>\n\t\t<h3 class=\"title__primary\">Pide un presupuesto<\/h3>\n<\/div>\n[vc_column_text]Ind\u00edcanos tu nombre, direcci\u00f3n de correo electr\u00f3nico y detalles de lo que te gustar\u00eda hacer en Barcelona. Nos pondremos en contacto contigo y te enviaremos un presupuesto lo antes posible.[\/vc_column_text]<div class=\"contact-info\">\n\t\t\t<div class=\"contact-info__item\">\n\t\t\t<div class=\"contact-info__item__icon\"><i class=\"fa fa-map-marker\"><\/i><\/div>\n\t\t\t<div class=\"contact-info__item__text\">Carrer Vilafranca 7, Barcelona<\/div>\n\t\t<\/div>\n\t\n\t<div class=\"contact-info__item\"><a href=\"tel:+34658768333\"><span class=\"contact-info__item__icon\"><i class=\"fa fa-phone\"><\/i><\/span><span class=\"contact-info__item__text\">+34 658768333<\/span><\/a><\/div>\n\t<div class=\"contact-info__item\"><a href=\"tel:+34658768333\"><span class=\"contact-info__item__icon\"><i class=\"fa fa-mobile contact-info__item__icon__mobile\"><\/i><\/span><span class=\"contact-info__item__text\">+34 658768333<\/span><\/a><\/div>\n\t<div class=\"contact-info__item\"><a href=\"mailto:info@barcelonatours.net\"><span class=\"contact-info__item__icon\"><i class=\"fa fa-envelope contact-info__item__icon__email\"><\/i><\/span><span class=\"contact-info__item__text\">info@barcelonatours.net<\/span><\/a><\/div>\n\t<\/div>\n[vc_raw_html]JTNDZGl2JTIwY2xhc3MlM0QlMjJjb250YWN0LWluZm9fX2l0ZW0lMjIlMjBzdHlsZSUzRCUyMm1hcmdpbi10b3AlM0E1cHglM0IlMjIlM0UlMEElM0NhJTIwaHJlZiUzRCUyMiUyRmJjbnRvdXJzJTJGRkFRUyUyMiUzRSUwQSUzQ3NwYW4lMjBjbGFzcyUzRCUyMmNvbnRhY3QtaW5mb19faXRlbV9faWNvbiUyMiUzRSUwQSUzQ2klMjBjbGFzcyUzRCUyMmZhJTIwZmEtcGFwZXItcGxhbmUlMjBjb250YWN0LWluZm9fX2l0ZW1fX2ljb25fX2ZhcSUyMiUzRSUzQyUyRmklM0UlMEElM0MlMkZzcGFuJTNFJTBBJTNDc3BhbiUyMGNsYXNzJTNEJTIyY29udGFjdC1pbmZvX19pdGVtX190ZXh0JTIyJTNFRkFRUyUzQyUyRnNwYW4lM0UlMEElM0MlMkZhJTNFJTBBJTNDJTJGZGl2JTNFJTBBJTBBJTBB[\/vc_raw_html][vc_empty_space height=&#8221;20px&#8221;]<div class=\"social-icons social-icons--square\">\n\t<div class=\"social-icons__title\">S\u00edguenos en redes<\/div>\n\t<div class=\"social-icons__icons\">\n\t<a href=\"http:\/\/www.facebook.com\/BarcelonaTours.net\" class=\"social-icons__icon social-icons__icon--facebook\"><i class=\"fa fa-facebook\"><\/i><\/a><a href=\"http:\/\/twitter.com\/Barcelonatours1\" class=\"social-icons__icon social-icons__icon--twitter\"><i class=\"fa fa-twitter\"><\/i><\/a><a href=\"http:\/\/www.linkedin.com\/company\/barcelona-tours?trk=ppro_cprof\" class=\"social-icons__icon social-icons__icon--linkedin\"><i class=\"fa fa-linkedin\"><\/i><\/a><a href=\"http:\/\/www.instagram.com\/barcelonatours\/\" class=\"social-icons__icon social-icons__icon--instagram\"><i class=\"fa fa-instagram\"><\/i><\/a>\t<\/div>\n<\/div>\n[\/vc_column][vc_column width=&#8221;2\/3&#8243; offset=&#8221;vc_col-md-8&#8243;][vc_empty_space height=&#8221;40px&#8221; el_class=&#8221;visible-sm visible-xs&#8221;]<div class=\"title\">\n\t\t<h3 class=\"title__primary\">Detalles de contacto<\/h3>\n<\/div>\n\n<div class=\"wpcf7 no-js\" id=\"wpcf7-f1504-o1\" lang=\"en-US\" dir=\"ltr\" data-wpcf7-id=\"1504\">\n<div class=\"screen-reader-response\"><p role=\"status\" aria-live=\"polite\" aria-atomic=\"true\"><\/p> <ul><\/ul><\/div>\n<form action=\"\/es\/wp-json\/wp\/v2\/pages\/7131#wpcf7-f1504-o1\" method=\"post\" class=\"wpcf7-form init\" aria-label=\"Contact form\" novalidate=\"novalidate\" data-status=\"init\">\n<fieldset class=\"hidden-fields-container\"><input type=\"hidden\" name=\"_wpcf7\" value=\"1504\" \/><input type=\"hidden\" name=\"_wpcf7_version\" value=\"6.1.5\" \/><input type=\"hidden\" name=\"_wpcf7_locale\" value=\"en_US\" \/><input type=\"hidden\" name=\"_wpcf7_unit_tag\" value=\"wpcf7-f1504-o1\" \/><input type=\"hidden\" name=\"_wpcf7_container_post\" value=\"0\" \/><input type=\"hidden\" name=\"_wpcf7_posted_data_hash\" value=\"\" \/>\n<\/fieldset>\n<div class=\"form-contact\">\n\t<div class=\"form-contact__fields-short\">\n\t\t<div class=\"form-contact__item-short\">\n\t\t\t<p><span class=\"wpcf7-form-control-wrap\" data-name=\"nr-of-people\"><input class=\"wpcf7-form-control wpcf7-number wpcf7-validates-as-required wpcf7-validates-as-number\" aria-required=\"true\" aria-invalid=\"false\" placeholder=\"Number of people*\" value=\"\" type=\"number\" name=\"nr-of-people\" \/><\/span>\n\t\t\t<\/p>\n\t\t<\/div>\n\t\t<div class=\"form-contact__item-short\">\n\t\t\t<p><span class=\"wpcf7-form-control-wrap\" data-name=\"your-name\"><input size=\"40\" maxlength=\"400\" class=\"wpcf7-form-control wpcf7-text wpcf7-validates-as-required\" aria-required=\"true\" aria-invalid=\"false\" placeholder=\"Your name*\" value=\"\" type=\"text\" name=\"your-name\" \/><\/span>\n\t\t\t<\/p>\n\t\t<\/div>\n\t<\/div>\n\t<div class=\"form-contact__fields-short\">\n\t\t<div class=\"form-contact__item-short\">\n\t\t\t<p><span class=\"wpcf7-form-control-wrap\" data-name=\"meet\"><select class=\"wpcf7-form-control wpcf7-select select-contact\" aria-invalid=\"false\" name=\"meet\"><option value=\"\">-- How did you find us? --<\/option><option value=\"Facebook\">Facebook<\/option><option value=\"Instagram\">Instagram<\/option><option value=\"Google\/search engine\">Google\/search engine<\/option><option value=\"Word of mouth\">Word of mouth<\/option><option value=\"Other\">Other<\/option><\/select><\/span>\n\t\t\t<\/p>\n\t\t<\/div>\n\t\t<div class=\"form-contact__item-short\">\n\t\t\t<p><span class=\"wpcf7-form-control-wrap\" data-name=\"your-email\"><input size=\"40\" maxlength=\"400\" class=\"wpcf7-form-control wpcf7-email wpcf7-validates-as-required wpcf7-text wpcf7-validates-as-email\" aria-required=\"true\" aria-invalid=\"false\" placeholder=\"Email*\" value=\"\" type=\"email\" name=\"your-email\" \/><\/span>\n\t\t\t<\/p>\n\t\t<\/div>\n\t<\/div>\n\t<div class=\"form-contact__fields-short\">\n\t\t<div class=\"form-contact__item-short\">\n\t\t\t<p><span class=\"wpcf7-form-control-wrap\" data-name=\"phone\"><input size=\"40\" maxlength=\"400\" class=\"wpcf7-form-control wpcf7-tel wpcf7-text wpcf7-validates-as-tel\" aria-invalid=\"false\" placeholder=\"Phone\" value=\"\" type=\"tel\" name=\"phone\" \/><\/span>\n\t\t\t<\/p>\n\t\t<\/div>\n\t\t<div class=\"form-contact__item-short\">\n\t\t\t<p><span class=\"wpcf7-form-control-wrap idarrival-date\"><input onfocus=\"(this.type='date')\" type=\"text\" name=\"id:arrival-date\" value=\"\" class=\"wpcf7-form-control wpcf7-date wpcf7-validates-as-required wpcf7-validates-as-date form-validation-item\" aria-required=\"true\" aria-invalid=\"false\" placeholder=\"Arrival Date\" data-original-title=\"\" title=\"\" \/><\/span>\n\t\t\t<\/p>\n\t\t<\/div>\n\t<\/div>\n\t<div class=\"form-contact__fields-short\">\n\t\t<p><span class=\"wpcf7-form-control-wrap\" data-name=\"visit-purpose\"><input size=\"40\" maxlength=\"400\" class=\"wpcf7-form-control wpcf7-text wpcf7-validates-as-required\" aria-required=\"true\" aria-invalid=\"false\" placeholder=\"Purpose of your visit*\" value=\"\" type=\"text\" name=\"visit-purpose\" \/><\/span>\n\t\t<\/p>\n\t<\/div>\n\t<p><span class=\"wpcf7-form-control-wrap\" data-name=\"your-message\"><textarea cols=\"0\" rows=\"0\" maxlength=\"2000\" minlength=\"10\" class=\"wpcf7-form-control wpcf7-textarea\" aria-invalid=\"false\" placeholder=\"Required Services\" name=\"your-message\"><\/textarea><\/span><br \/>\n\t<div class=\"wpcf7-turnstile cf-turnstile\" data-sitekey=\"0x4AAAAAAB5UaamhEFsICtYz\" data-response-field-name=\"_wpcf7_turnstile_response\"><\/div><br \/>\n<button type=\"submit\" class=\"button button--style1 button--with-icon\"><i class=\"fa fa-paper-plane\"><\/i>GET A QUOTE<\/button>\n\t<\/p>\n<\/div><div class=\"wpcf7-response-output\" aria-hidden=\"true\"><\/div>\n<\/form>\n<\/div>\n[vc_empty_space height=&#8221;50px&#8221;][vc_raw_html css=&#8221;&#8221;]JTVCdHJ1c3RpbmRleCUyMG5vLXJlZ2lzdHJhdGlvbiUzRGdvb2dsZSU1RA==[\/vc_raw_html][\/vc_column][\/vc_row][vc_row disable_element=&#8221;yes&#8221;][vc_column]<div id=\"googleMapCanvas1\" class=\"google-map stick-to-bottom\"><\/div>[\/vc_column][\/vc_row][vc_row][vc_column][\/vc_column][\/vc_row][vc_row][vc_column][vc_column_text]\n<div id=\"trigger_popup\" class=\"sg-popup-id-2066\" style=\"z-index: -1999; height: 0px; width: 0px;\"><\/div>\n[\/vc_column_text][\/vc_column][\/vc_row]\n<\/div>","protected":false},"excerpt":{"rendered":"<p>[vc_row el_class=&#8221;margin-bottom&#8221;][vc_column width=&#8221;1\/3&#8243; offset=&#8221;vc_col-md-4&#8243;][vc_column_text]Ind\u00edcanos tu nombre, direcci\u00f3n de correo electr\u00f3nico y detalles de lo que te gustar\u00eda hacer en Barcelona. Nos pondremos en contacto contigo y te enviaremos un presupuesto lo antes posible.[\/vc_column_text][vc_raw_html]JTNDZGl2JTIwY2xhc3MlM0QlMjJjb250YWN0LWluZm9fX2l0ZW0lMjIlMjBzdHlsZSUzRCUyMm1hcmdpbi10b3AlM0E1cHglM0IlMjIlM0UlMEElM0NhJTIwaHJlZiUzRCUyMiUyRmJjbnRvdXJzJTJGRkFRUyUyMiUzRSUwQSUzQ3NwYW4lMjBjbGFzcyUzRCUyMmNvbnRhY3QtaW5mb19faXRlbV9faWNvbiUyMiUzRSUwQSUzQ2klMjBjbGFzcyUzRCUyMmZhJTIwZmEtcGFwZXItcGxhbmUlMjBjb250YWN0LWluZm9fX2l0ZW1fX2ljb25fX2ZhcSUyMiUzRSUzQyUyRmklM0UlMEElM0MlMkZzcGFuJTNFJTBBJTNDc3BhbiUyMGNsYXNzJTNEJTIyY29udGFjdC1pbmZvX19pdGVtX190ZXh0JTIyJTNFRkFRUyUzQyUyRnNwYW4lM0UlMEElM0MlMkZhJTNFJTBBJTNDJTJGZGl2JTNFJTBBJTBBJTBB[\/vc_raw_html][vc_empty_space height=&#8221;20px&#8221;][\/vc_column][vc_column width=&#8221;2\/3&#8243; offset=&#8221;vc_col-md-8&#8243;][vc_empty_space height=&#8221;40px&#8221; el_class=&#8221;visible-sm visible-xs&#8221;][vc_empty_space height=&#8221;50px&#8221;][vc_raw_html css=&#8221;&#8221;]JTVCdHJ1c3RpbmRleCUyMG5vLXJlZ2lzdHJhdGlvbiUzRGdvb2dsZSU1RA==[\/vc_raw_html][\/vc_column][\/vc_row][vc_row disable_element=&#8221;yes&#8221;][vc_column][\/vc_column][\/vc_row][vc_row][vc_column][\/vc_column][\/vc_row][vc_row][vc_column][vc_column_text] [\/vc_column_text][\/vc_column][\/vc_row]<\/p>\n","protected":false},"author":1,"featured_media":0,"parent":0,"menu_order":0,"comment_status":"open","ping_status":"open","template":"","meta":{"footnotes":""},"class_list":["post-7131","page","type-page","status-publish","hentry"],"yoast_head":"<!-- This site is optimized with the Yoast SEO plugin v27.3 - https:\/\/yoast.com\/product\/yoast-seo-wordpress\/ -->\n<title>Contacto - Presupuesto - Consultas | BarcelonaTours<\/title>\n<meta name=\"description\" content=\"\u00a1Escr\u00edbenos hoy mismo! Env\u00edanos tu solicitud y recibe el presupuesto de la actividades, alojamiento, transporte y mucho m\u00e1s de forma gratuita.\" \/>\n<meta name=\"robots\" content=\"index, follow, max-snippet:-1, max-image-preview:large, max-video-preview:-1\" \/>\n<link rel=\"canonical\" href=\"https:\/\/barcelonatours.net\/es\/contacto\" \/>\n<meta property=\"og:locale\" content=\"es_ES\" \/>\n<meta property=\"og:type\" content=\"article\" \/>\n<meta property=\"og:title\" content=\"Contacto - Presupuesto - Consultas | BarcelonaTours\" \/>\n<meta property=\"og:description\" content=\"\u00a1Escr\u00edbenos hoy mismo! Env\u00edanos tu solicitud y recibe el presupuesto de la actividades, alojamiento, transporte y mucho m\u00e1s de forma gratuita.\" \/>\n<meta property=\"og:url\" content=\"https:\/\/barcelonatours.net\/es\/contacto\" \/>\n<meta property=\"og:site_name\" content=\"BarcelonaTours.net\" \/>\n<meta property=\"article:publisher\" content=\"https:\/\/www.facebook.com\/BarcelonaTours.net\/\" \/>\n<meta property=\"article:modified_time\" content=\"2025-12-09T18:21:55+00:00\" \/>\n<meta name=\"twitter:card\" content=\"summary_large_image\" \/>\n<meta name=\"twitter:site\" content=\"@BarcelonaTours1\" \/>\n<meta name=\"twitter:label1\" content=\"Tiempo de lectura\" \/>\n\t<meta name=\"twitter:data1\" content=\"1 minuto\" \/>\n<script type=\"application\/ld+json\" class=\"yoast-schema-graph\">{\"@context\":\"https:\\\/\\\/schema.org\",\"@graph\":[{\"@type\":[\"WebPage\",\"ContactPage\"],\"@id\":\"https:\\\/\\\/barcelonatours.net\\\/es\\\/contacto\",\"url\":\"https:\\\/\\\/barcelonatours.net\\\/es\\\/contacto\",\"name\":\"Contacto - Presupuesto - Consultas | BarcelonaTours\",\"isPartOf\":{\"@id\":\"https:\\\/\\\/barcelonatours.net\\\/es#website\"},\"datePublished\":\"2015-07-16T16:00:39+00:00\",\"dateModified\":\"2025-12-09T18:21:55+00:00\",\"description\":\"\u00a1Escr\u00edbenos hoy mismo! Env\u00edanos tu solicitud y recibe el presupuesto de la actividades, alojamiento, transporte y mucho m\u00e1s de forma gratuita.\",\"breadcrumb\":{\"@id\":\"https:\\\/\\\/barcelonatours.net\\\/es\\\/contacto#breadcrumb\"},\"inLanguage\":\"es\",\"potentialAction\":[{\"@type\":\"ReadAction\",\"target\":[\"https:\\\/\\\/barcelonatours.net\\\/es\\\/contacto\"]}]},{\"@type\":\"BreadcrumbList\",\"@id\":\"https:\\\/\\\/barcelonatours.net\\\/es\\\/contacto#breadcrumb\",\"itemListElement\":[{\"@type\":\"ListItem\",\"position\":1,\"name\":\"Home\",\"item\":\"https:\\\/\\\/barcelonatours.net\\\/es\"},{\"@type\":\"ListItem\",\"position\":2,\"name\":\"Contacto\"}]},{\"@type\":\"WebSite\",\"@id\":\"https:\\\/\\\/barcelonatours.net\\\/es#website\",\"url\":\"https:\\\/\\\/barcelonatours.net\\\/es\",\"name\":\"BarcelonaTours.net\",\"description\":\"The best tours and team building activities of Barcelona\",\"publisher\":{\"@id\":\"https:\\\/\\\/barcelonatours.net\\\/es#organization\"},\"potentialAction\":[{\"@type\":\"SearchAction\",\"target\":{\"@type\":\"EntryPoint\",\"urlTemplate\":\"https:\\\/\\\/barcelonatours.net\\\/es?s={search_term_string}\"},\"query-input\":{\"@type\":\"PropertyValueSpecification\",\"valueRequired\":true,\"valueName\":\"search_term_string\"}}],\"inLanguage\":\"es\"},{\"@type\":\"Organization\",\"@id\":\"https:\\\/\\\/barcelonatours.net\\\/es#organization\",\"name\":\"Barcelona Tours\",\"url\":\"https:\\\/\\\/barcelonatours.net\\\/es\",\"logo\":{\"@type\":\"ImageObject\",\"inLanguage\":\"es\",\"@id\":\"https:\\\/\\\/barcelonatours.net\\\/es#\\\/schema\\\/logo\\\/image\\\/\",\"url\":\"https:\\\/\\\/barcelonatours.net\\\/wp-content\\\/uploads\\\/2019\\\/04\\\/bcn_tours_logo-e1556215659835.png\",\"contentUrl\":\"https:\\\/\\\/barcelonatours.net\\\/wp-content\\\/uploads\\\/2019\\\/04\\\/bcn_tours_logo-e1556215659835.png\",\"width\":250,\"height\":89,\"caption\":\"Barcelona Tours\"},\"image\":{\"@id\":\"https:\\\/\\\/barcelonatours.net\\\/es#\\\/schema\\\/logo\\\/image\\\/\"},\"sameAs\":[\"https:\\\/\\\/www.facebook.com\\\/BarcelonaTours.net\\\/\",\"https:\\\/\\\/x.com\\\/BarcelonaTours1\",\"https:\\\/\\\/www.instagram.com\\\/barcelonatours\\\/\"]}]}<\/script>\n<!-- \/ Yoast SEO plugin. -->","yoast_head_json":{"title":"Contacto - Presupuesto - Consultas | BarcelonaTours","description":"\u00a1Escr\u00edbenos hoy mismo! Env\u00edanos tu solicitud y recibe el presupuesto de la actividades, alojamiento, transporte y mucho m\u00e1s de forma gratuita.","robots":{"index":"index","follow":"follow","max-snippet":"max-snippet:-1","max-image-preview":"max-image-preview:large","max-video-preview":"max-video-preview:-1"},"canonical":"https:\/\/barcelonatours.net\/es\/contacto","og_locale":"es_ES","og_type":"article","og_title":"Contacto - Presupuesto - Consultas | BarcelonaTours","og_description":"\u00a1Escr\u00edbenos hoy mismo! Env\u00edanos tu solicitud y recibe el presupuesto de la actividades, alojamiento, transporte y mucho m\u00e1s de forma gratuita.","og_url":"https:\/\/barcelonatours.net\/es\/contacto","og_site_name":"BarcelonaTours.net","article_publisher":"https:\/\/www.facebook.com\/BarcelonaTours.net\/","article_modified_time":"2025-12-09T18:21:55+00:00","twitter_card":"summary_large_image","twitter_site":"@BarcelonaTours1","twitter_misc":{"Tiempo de lectura":"1 minuto"},"schema":{"@context":"https:\/\/schema.org","@graph":[{"@type":["WebPage","ContactPage"],"@id":"https:\/\/barcelonatours.net\/es\/contacto","url":"https:\/\/barcelonatours.net\/es\/contacto","name":"Contacto - Presupuesto - Consultas | BarcelonaTours","isPartOf":{"@id":"https:\/\/barcelonatours.net\/es#website"},"datePublished":"2015-07-16T16:00:39+00:00","dateModified":"2025-12-09T18:21:55+00:00","description":"\u00a1Escr\u00edbenos hoy mismo! Env\u00edanos tu solicitud y recibe el presupuesto de la actividades, alojamiento, transporte y mucho m\u00e1s de forma gratuita.","breadcrumb":{"@id":"https:\/\/barcelonatours.net\/es\/contacto#breadcrumb"},"inLanguage":"es","potentialAction":[{"@type":"ReadAction","target":["https:\/\/barcelonatours.net\/es\/contacto"]}]},{"@type":"BreadcrumbList","@id":"https:\/\/barcelonatours.net\/es\/contacto#breadcrumb","itemListElement":[{"@type":"ListItem","position":1,"name":"Home","item":"https:\/\/barcelonatours.net\/es"},{"@type":"ListItem","position":2,"name":"Contacto"}]},{"@type":"WebSite","@id":"https:\/\/barcelonatours.net\/es#website","url":"https:\/\/barcelonatours.net\/es","name":"BarcelonaTours.net","description":"The best tours and team building activities of Barcelona","publisher":{"@id":"https:\/\/barcelonatours.net\/es#organization"},"potentialAction":[{"@type":"SearchAction","target":{"@type":"EntryPoint","urlTemplate":"https:\/\/barcelonatours.net\/es?s={search_term_string}"},"query-input":{"@type":"PropertyValueSpecification","valueRequired":true,"valueName":"search_term_string"}}],"inLanguage":"es"},{"@type":"Organization","@id":"https:\/\/barcelonatours.net\/es#organization","name":"Barcelona Tours","url":"https:\/\/barcelonatours.net\/es","logo":{"@type":"ImageObject","inLanguage":"es","@id":"https:\/\/barcelonatours.net\/es#\/schema\/logo\/image\/","url":"https:\/\/barcelonatours.net\/wp-content\/uploads\/2019\/04\/bcn_tours_logo-e1556215659835.png","contentUrl":"https:\/\/barcelonatours.net\/wp-content\/uploads\/2019\/04\/bcn_tours_logo-e1556215659835.png","width":250,"height":89,"caption":"Barcelona Tours"},"image":{"@id":"https:\/\/barcelonatours.net\/es#\/schema\/logo\/image\/"},"sameAs":["https:\/\/www.facebook.com\/BarcelonaTours.net\/","https:\/\/x.com\/BarcelonaTours1","https:\/\/www.instagram.com\/barcelonatours\/"]}]}},"_links":{"self":[{"href":"https:\/\/barcelonatours.net\/es\/wp-json\/wp\/v2\/pages\/7131","targetHints":{"allow":["GET"]}}],"collection":[{"href":"https:\/\/barcelonatours.net\/es\/wp-json\/wp\/v2\/pages"}],"about":[{"href":"https:\/\/barcelonatours.net\/es\/wp-json\/wp\/v2\/types\/page"}],"author":[{"embeddable":true,"href":"https:\/\/barcelonatours.net\/es\/wp-json\/wp\/v2\/users\/1"}],"replies":[{"embeddable":true,"href":"https:\/\/barcelonatours.net\/es\/wp-json\/wp\/v2\/comments?post=7131"}],"version-history":[{"count":4,"href":"https:\/\/barcelonatours.net\/es\/wp-json\/wp\/v2\/pages\/7131\/revisions"}],"predecessor-version":[{"id":15642,"href":"https:\/\/barcelonatours.net\/es\/wp-json\/wp\/v2\/pages\/7131\/revisions\/15642"}],"wp:attachment":[{"href":"https:\/\/barcelonatours.net\/es\/wp-json\/wp\/v2\/media?parent=7131"}],"curies":[{"name":"wp","href":"https:\/\/api.w.org\/{rel}","templated":true}]}}