{"id":15826,"date":"2026-01-16T17:20:13","date_gmt":"2026-01-16T16:20:13","guid":{"rendered":"https:\/\/barcelonatours.net\/team-building-copy"},"modified":"2026-04-07T18:46:07","modified_gmt":"2026-04-07T16:46:07","slug":"team-building-copy","status":"publish","type":"page","link":"https:\/\/barcelonatours.net\/es\/acerca-de","title":{"rendered":"Acerca de"},"content":{"rendered":"<div class=\"wpb-content-wrapper\">[vc_row][vc_column][vc_empty_space height=\u00bb30px\u00bb]<div class=\"title title--big title--center title--underline title--decoration-bottom-center\">\n\t\t\t<div class=\"title__subtitle\">Somos una agencia de eventos corporativos con sede en Barcelona y m\u00e1s de una d\u00e9cada de experiencia organizando eventos memorables.<\/div>\n\t\t<h3 class=\"title__primary\">Sobre nosotros<\/h3>\n<\/div>\n[\/vc_column][\/vc_row][vc_row][vc_column][vc_column_text css=\u00bb\u00bb]En <strong>Barcelonatours<\/strong> somos mucho m\u00e1s que una agencia, somos tu contacto local de confianza. Estamos comprometidos con generar experiencias vibrantes e inolvidables en Barcelona y sus alrededores. Con a\u00f1os de experiencia y un profundo conocimiento de la regi\u00f3n, estamos especializados en el dise\u00f1o y la ejecuci\u00f3n de <strong><a href=\"https:\/\/barcelonatours.net\/es\/excursiones\">tours privados a medida<\/a><\/strong> y actividades de <a href=\"https:\/\/barcelonatours.net\/es\/team-building-en-barcelona\"><strong>Team Building corporativo<\/strong><\/a> de alto impacto.\n<p>Nos enorgullece ofrecer una planificaci\u00f3n log\u00edstica fluida, una ejecuci\u00f3n impecable sobre el terreno y una atenci\u00f3n meticulosa al detalle. Te garantizamos que tu experiencia en Barcelona ser\u00e1 completamente libre de estr\u00e9s. Cada momento ser\u00e1 aut\u00e9ntico, f\u00e1cil y perfectamente adaptado a las necesidades de tu grupo o equipo.[\/vc_column_text][vc_empty_space height=\u00bb30px\u00bb][\/vc_column][\/vc_row][vc_row][vc_column width=\u00bb1\/2&#8243;][vc_column_text css=\u00bb\u00bb]\n<h2 style=\"text-align: right;\"><b>MAURO<\/b><\/h2>\n<\/p><p style=\"text-align: right;\"><strong>El director de la agencia Barcelonatours<\/strong>, inspirado en una profunda pasi\u00f3n por la capital catalana y una visi\u00f3n clara y estrat\u00e9gica, busca transformar los eventos corporativos est\u00e1ndar y los tours urbanos en experiencias personalizadas e inigualables.<\/p>\n[\/vc_column_text][\/vc_column][vc_column width=\u00bb1\/2&#8243;][vc_single_image image=\u00bb15704&#8243; img_size=\u00bb250&#215;250&#8243; alignment=\u00bbcenter\u00bb style=\u00bbvc_box_circle_2&#8243; css_animation=\u00bbfadeInLeftBig\u00bb css=\u00bb\u00bb][\/vc_column][\/vc_row][vc_row][vc_column width=\u00bb1\/2&#8243;][vc_single_image image=\u00bb15702&#8243; img_size=\u00bb250&#215;250&#8243; alignment=\u00bbcenter\u00bb style=\u00bbvc_box_circle_2&#8243; css_animation=\u00bbfadeInLeft\u00bb css=\u00bb\u00bb][\/vc_column][vc_column width=\u00bb1\/2&#8243;][vc_column_text css=\u00bb\u00bb]\n<h2><b>PETER<\/b><\/h2>\n<p><strong>Empleado<\/strong>: Event Manager orientado a resultados, especializado en la planificaci\u00f3n integral, la log\u00edstica meticulosa y una ejecuci\u00f3n impecable sobre el terreno.[\/vc_column_text][\/vc_column][\/vc_row][vc_row][vc_column width=\u00bb1\/2&#8243;][vc_column_text css=\u00bb\u00bb]\n<h2 style=\"text-align: right;\"><b>NATALIA<\/b><\/h2>\n<\/p><p style=\"text-align: right;\"><strong>Especialista en eventos n\u00e1uticos y operaciones en Barcelona. <\/strong>Tambi\u00e9n se destaca en la log\u00edstica de grupos y como gu\u00eda y <em>On-Site<\/em> Manager.<\/p>\n[\/vc_column_text][\/vc_column][vc_column width=\u00bb1\/2&#8243;][vc_single_image image=\u00bb15774&#8243; img_size=\u00bb250&#215;250&#8243; alignment=\u00bbcenter\u00bb style=\u00bbvc_box_circle_2&#8243; css_animation=\u00bbfadeInLeft\u00bb css=\u00bb\u00bb][\/vc_column][\/vc_row][vc_row][vc_column width=\u00bb1\/2&#8243;][vc_single_image image=\u00bb16601&#8243; img_size=\u00bb250&#215;250&#8243; alignment=\u00bbcenter\u00bb style=\u00bbvc_box_circle_2&#8243; css_animation=\u00bbfadeInLeft\u00bb css=\u00bb\u00bb][\/vc_column][vc_column width=\u00bb1\/2&#8243;][vc_column_text css=\u00bb\u00bb]\n<h2><b>FRAN<\/b><\/h2>\n<p><strong> Responsable de Eventos y Redes Sociales<\/strong>. Fran es un experimentado gestor de eventos; su dominio operativo garantiza la calidad de cada detalle para crear experiencias impactantes. Sus habilidades en marketing y comunicaci\u00f3n respaldan la presencia de la empresa en LinkedIn y la estrategia de marca en redes sociales.[\/vc_column_text][\/vc_column][\/vc_row][vc_row][vc_column width=\u00bb1\/2&#8243;][vc_column_text css=\u00bb\u00bb]\n<h2 style=\"text-align: right;\"><b>JULI\u00c1N<\/b><\/h2>\n<\/p><p style=\"text-align: right;\"><b>Consultor en Marketing Digital: <\/b><span style=\"font-weight: 400;\"><a href=\"https:\/\/www.julianbueno.com\/\">Juli\u00e1n<\/a> es un profesional del marketing con un conocimiento extendido en SEO, AIO, Google Ads y UX.<\/span><\/p>\n[\/vc_column_text][\/vc_column][vc_column width=\u00bb1\/2&#8243;][vc_single_image image=\u00bb15741&#8243; img_size=\u00bb250&#215;250&#8243; alignment=\u00bbcenter\u00bb style=\u00bbvc_box_circle_2&#8243; css_animation=\u00bbfadeInLeft\u00bb css=\u00bb\u00bb][\/vc_column][\/vc_row][vc_row][vc_column][vc_empty_space height=\u00bb100px\u00bb][vc_raw_html css=\u00bb\u00bb]JTVCdHJ1c3RpbmRleCUyMG5vLXJlZ2lzdHJhdGlvbiUzRGdvb2dsZSU1RA==[\/vc_raw_html][vc_empty_space height=\u00bb30px\u00bb][\/vc_column][\/vc_row][vc_row][vc_column][vc_column_text][\/vc_column_text][\/vc_column][\/vc_row]\n<\/div>","protected":false},"excerpt":{"rendered":"<p>[vc_row][vc_column][vc_empty_space height=\u00bb30px\u00bb][\/vc_column][\/vc_row][vc_row][vc_column][vc_column_text css=\u00bb\u00bb]En Barcelonatours somos mucho m\u00e1s que una agencia, somos tu contacto local de confianza. Estamos comprometidos con generar experiencias vibrantes e inolvidables en Barcelona y sus alrededores. Con a\u00f1os de experiencia y un profundo conocimiento de la regi\u00f3n, estamos especializados en el dise\u00f1o y la ejecuci\u00f3n de tours privados a medida y actividades<\/p>\n<div class=\"padding-top text-center\"><a href=\"https:\/\/barcelonatours.net\/es\/acerca-de\" class=\"atbtn atbtn--medium atbtn--rounded atbtn--transparent\">Read more<i class=\"atbtn__icon atbtn__icon--right fa fa-long-arrow-right\"><\/i><\/a><\/div>\n","protected":false},"author":11,"featured_media":0,"parent":0,"menu_order":0,"comment_status":"closed","ping_status":"closed","template":"","meta":{"footnotes":""},"class_list":["post-15826","page","type-page","status-publish","hentry"],"yoast_head":"<!-- This site is optimized with the Yoast SEO plugin v27.4 - https:\/\/yoast.com\/product\/yoast-seo-wordpress\/ -->\n<title>Sobre nosotros | BarcelonaTours<\/title>\n<meta name=\"description\" content=\"Conoce m\u00e1s sobre nosotros, Barcelonatours.com es una agencia especializada en tour para grupos y eventos corporativos y de team building\" \/>\n<meta name=\"robots\" content=\"index, follow, max-snippet:-1, max-image-preview:large, max-video-preview:-1\" \/>\n<link rel=\"canonical\" href=\"https:\/\/barcelonatours.net\/es\/acerca-de\" \/>\n<meta property=\"og:locale\" content=\"es_ES\" \/>\n<meta property=\"og:type\" content=\"article\" \/>\n<meta property=\"og:title\" content=\"Sobre nosotros | BarcelonaTours\" \/>\n<meta property=\"og:description\" content=\"Conoce m\u00e1s sobre nosotros, Barcelonatours.com es una agencia especializada en tour para grupos y eventos corporativos y de team building\" \/>\n<meta property=\"og:url\" content=\"https:\/\/barcelonatours.net\/es\/acerca-de\" \/>\n<meta property=\"og:site_name\" content=\"BarcelonaTours.net\" \/>\n<meta property=\"article:publisher\" content=\"https:\/\/www.facebook.com\/BarcelonaTours.net\/\" \/>\n<meta property=\"article:modified_time\" content=\"2026-04-07T16:46:07+00:00\" \/>\n<meta property=\"og:image\" content=\"https:\/\/barcelonatours.net\/wp-content\/uploads\/2026\/04\/BarcelonaTours-imagen-web.jpg\" \/>\n\t<meta property=\"og:image:width\" content=\"1201\" \/>\n\t<meta property=\"og:image:height\" content=\"675\" \/>\n\t<meta property=\"og:image:type\" content=\"image\/jpeg\" \/>\n<meta name=\"twitter:card\" content=\"summary_large_image\" \/>\n<meta name=\"twitter:site\" content=\"@BarcelonaTours1\" \/>\n<meta name=\"twitter:label1\" content=\"Tiempo de lectura\" \/>\n\t<meta name=\"twitter:data1\" content=\"3 minutos\" \/>\n<script type=\"application\/ld+json\" class=\"yoast-schema-graph\">{\"@context\":\"https:\\\/\\\/schema.org\",\"@graph\":[{\"@type\":[\"WebPage\",\"AboutPage\"],\"@id\":\"https:\\\/\\\/barcelonatours.net\\\/es\\\/acerca-de\",\"url\":\"https:\\\/\\\/barcelonatours.net\\\/es\\\/acerca-de\",\"name\":\"Sobre nosotros | BarcelonaTours\",\"isPartOf\":{\"@id\":\"https:\\\/\\\/barcelonatours.net\\\/es#website\"},\"datePublished\":\"2026-01-16T16:20:13+00:00\",\"dateModified\":\"2026-04-07T16:46:07+00:00\",\"description\":\"Conoce m\u00e1s sobre nosotros, Barcelonatours.com es una agencia especializada en tour para grupos y eventos corporativos y de team building\",\"breadcrumb\":{\"@id\":\"https:\\\/\\\/barcelonatours.net\\\/es\\\/acerca-de#breadcrumb\"},\"inLanguage\":\"es\",\"potentialAction\":[{\"@type\":\"ReadAction\",\"target\":[\"https:\\\/\\\/barcelonatours.net\\\/es\\\/acerca-de\"]}]},{\"@type\":\"BreadcrumbList\",\"@id\":\"https:\\\/\\\/barcelonatours.net\\\/es\\\/acerca-de#breadcrumb\",\"itemListElement\":[{\"@type\":\"ListItem\",\"position\":1,\"name\":\"Home\",\"item\":\"https:\\\/\\\/barcelonatours.net\\\/es\"},{\"@type\":\"ListItem\",\"position\":2,\"name\":\"Acerca de\"}]},{\"@type\":\"WebSite\",\"@id\":\"https:\\\/\\\/barcelonatours.net\\\/es#website\",\"url\":\"https:\\\/\\\/barcelonatours.net\\\/es\",\"name\":\"BarcelonaTours.net\",\"description\":\"The best tours and team building activities of Barcelona\",\"publisher\":{\"@id\":\"https:\\\/\\\/barcelonatours.net\\\/es#organization\"},\"alternateName\":\"Corporate event agency based in Barcelona\",\"potentialAction\":[{\"@type\":\"SearchAction\",\"target\":{\"@type\":\"EntryPoint\",\"urlTemplate\":\"https:\\\/\\\/barcelonatours.net\\\/es?s={search_term_string}\"},\"query-input\":{\"@type\":\"PropertyValueSpecification\",\"valueRequired\":true,\"valueName\":\"search_term_string\"}}],\"inLanguage\":\"es\"},{\"@type\":\"Organization\",\"@id\":\"https:\\\/\\\/barcelonatours.net\\\/es#organization\",\"name\":\"Barcelona Tours\",\"url\":\"https:\\\/\\\/barcelonatours.net\\\/es\",\"logo\":{\"@type\":\"ImageObject\",\"inLanguage\":\"es\",\"@id\":\"https:\\\/\\\/barcelonatours.net\\\/es#\\\/schema\\\/logo\\\/image\\\/\",\"url\":\"https:\\\/\\\/barcelonatours.net\\\/wp-content\\\/uploads\\\/2019\\\/04\\\/bcn_tours_logo-e1556215659835.png\",\"contentUrl\":\"https:\\\/\\\/barcelonatours.net\\\/wp-content\\\/uploads\\\/2019\\\/04\\\/bcn_tours_logo-e1556215659835.png\",\"width\":250,\"height\":89,\"caption\":\"Barcelona Tours\"},\"image\":{\"@id\":\"https:\\\/\\\/barcelonatours.net\\\/es#\\\/schema\\\/logo\\\/image\\\/\"},\"sameAs\":[\"https:\\\/\\\/www.facebook.com\\\/BarcelonaTours.net\\\/\",\"https:\\\/\\\/x.com\\\/BarcelonaTours1\",\"https:\\\/\\\/www.instagram.com\\\/barcelonatours\\\/\"]}]}<\/script>\n<!-- \/ Yoast SEO plugin. -->","yoast_head_json":{"title":"Sobre nosotros | BarcelonaTours","description":"Conoce m\u00e1s sobre nosotros, Barcelonatours.com es una agencia especializada en tour para grupos y eventos corporativos y de team building","robots":{"index":"index","follow":"follow","max-snippet":"max-snippet:-1","max-image-preview":"max-image-preview:large","max-video-preview":"max-video-preview:-1"},"canonical":"https:\/\/barcelonatours.net\/es\/acerca-de","og_locale":"es_ES","og_type":"article","og_title":"Sobre nosotros | BarcelonaTours","og_description":"Conoce m\u00e1s sobre nosotros, Barcelonatours.com es una agencia especializada en tour para grupos y eventos corporativos y de team building","og_url":"https:\/\/barcelonatours.net\/es\/acerca-de","og_site_name":"BarcelonaTours.net","article_publisher":"https:\/\/www.facebook.com\/BarcelonaTours.net\/","article_modified_time":"2026-04-07T16:46:07+00:00","og_image":[{"width":1201,"height":675,"url":"https:\/\/barcelonatours.net\/wp-content\/uploads\/2026\/04\/BarcelonaTours-imagen-web.jpg","type":"image\/jpeg"}],"twitter_card":"summary_large_image","twitter_site":"@BarcelonaTours1","twitter_misc":{"Tiempo de lectura":"3 minutos"},"schema":{"@context":"https:\/\/schema.org","@graph":[{"@type":["WebPage","AboutPage"],"@id":"https:\/\/barcelonatours.net\/es\/acerca-de","url":"https:\/\/barcelonatours.net\/es\/acerca-de","name":"Sobre nosotros | BarcelonaTours","isPartOf":{"@id":"https:\/\/barcelonatours.net\/es#website"},"datePublished":"2026-01-16T16:20:13+00:00","dateModified":"2026-04-07T16:46:07+00:00","description":"Conoce m\u00e1s sobre nosotros, Barcelonatours.com es una agencia especializada en tour para grupos y eventos corporativos y de team building","breadcrumb":{"@id":"https:\/\/barcelonatours.net\/es\/acerca-de#breadcrumb"},"inLanguage":"es","potentialAction":[{"@type":"ReadAction","target":["https:\/\/barcelonatours.net\/es\/acerca-de"]}]},{"@type":"BreadcrumbList","@id":"https:\/\/barcelonatours.net\/es\/acerca-de#breadcrumb","itemListElement":[{"@type":"ListItem","position":1,"name":"Home","item":"https:\/\/barcelonatours.net\/es"},{"@type":"ListItem","position":2,"name":"Acerca de"}]},{"@type":"WebSite","@id":"https:\/\/barcelonatours.net\/es#website","url":"https:\/\/barcelonatours.net\/es","name":"BarcelonaTours.net","description":"The best tours and team building activities of Barcelona","publisher":{"@id":"https:\/\/barcelonatours.net\/es#organization"},"alternateName":"Corporate event agency based in Barcelona","potentialAction":[{"@type":"SearchAction","target":{"@type":"EntryPoint","urlTemplate":"https:\/\/barcelonatours.net\/es?s={search_term_string}"},"query-input":{"@type":"PropertyValueSpecification","valueRequired":true,"valueName":"search_term_string"}}],"inLanguage":"es"},{"@type":"Organization","@id":"https:\/\/barcelonatours.net\/es#organization","name":"Barcelona Tours","url":"https:\/\/barcelonatours.net\/es","logo":{"@type":"ImageObject","inLanguage":"es","@id":"https:\/\/barcelonatours.net\/es#\/schema\/logo\/image\/","url":"https:\/\/barcelonatours.net\/wp-content\/uploads\/2019\/04\/bcn_tours_logo-e1556215659835.png","contentUrl":"https:\/\/barcelonatours.net\/wp-content\/uploads\/2019\/04\/bcn_tours_logo-e1556215659835.png","width":250,"height":89,"caption":"Barcelona Tours"},"image":{"@id":"https:\/\/barcelonatours.net\/es#\/schema\/logo\/image\/"},"sameAs":["https:\/\/www.facebook.com\/BarcelonaTours.net\/","https:\/\/x.com\/BarcelonaTours1","https:\/\/www.instagram.com\/barcelonatours\/"]}]}},"_links":{"self":[{"href":"https:\/\/barcelonatours.net\/es\/wp-json\/wp\/v2\/pages\/15826","targetHints":{"allow":["GET"]}}],"collection":[{"href":"https:\/\/barcelonatours.net\/es\/wp-json\/wp\/v2\/pages"}],"about":[{"href":"https:\/\/barcelonatours.net\/es\/wp-json\/wp\/v2\/types\/page"}],"author":[{"embeddable":true,"href":"https:\/\/barcelonatours.net\/es\/wp-json\/wp\/v2\/users\/11"}],"replies":[{"embeddable":true,"href":"https:\/\/barcelonatours.net\/es\/wp-json\/wp\/v2\/comments?post=15826"}],"version-history":[{"count":6,"href":"https:\/\/barcelonatours.net\/es\/wp-json\/wp\/v2\/pages\/15826\/revisions"}],"predecessor-version":[{"id":16605,"href":"https:\/\/barcelonatours.net\/es\/wp-json\/wp\/v2\/pages\/15826\/revisions\/16605"}],"wp:attachment":[{"href":"https:\/\/barcelonatours.net\/es\/wp-json\/wp\/v2\/media?parent=15826"}],"curies":[{"name":"wp","href":"https:\/\/api.w.org\/{rel}","templated":true}]}}